{"id":243364,"date":"2021-01-04T12:04:51","date_gmt":"2021-01-04T19:04:51","guid":{"rendered":"https:\/\/www.ncrtd.org\/zona-de-taos\/"},"modified":"2026-05-05T17:53:44","modified_gmt":"2026-05-05T23:53:44","slug":"zona-de-taos","status":"publish","type":"page","link":"https:\/\/www.ncrtd.org\/es\/rutas-por-zona\/zona-de-taos\/","title":{"rendered":"Zona de Taos"},"content":{"rendered":"<p>[et_pb_section fb_built=\u00bb1&#8243; fullwidth=\u00bbon\u00bb _builder_version=\u00bb4.16&#8243; _module_preset=\u00bbcbe6949b-fe83-485f-a967-598203880f36&#8243; width_tablet=\u00bb\u00bb width_phone=\u00bb\u00bb width_last_edited=\u00bbon|desktop\u00bb custom_margin=\u00bb140px||||false|false\u00bb custom_margin_tablet=\u00bb0px||||false|false\u00bb custom_margin_phone=\u00bb\u00bb custom_margin_last_edited=\u00bbon|desktop\u00bb global_colors_info=\u00bb{}\u00bb][et_pb_fullwidth_image src=\u00bbhttps:\/\/www.ncrtd.org\/wp-content\/uploads\/2025\/03\/ncrtd-blue-bus-2023-0930.jpg\u00bb alt=\u00bbWinding Santa Fe Road\u00bb title_text=\u00bbncrtd-blue-bus-2023-0930&#8243; disabled_on=\u00bboff|off|off\u00bb admin_label=\u00bbbackground fullwidth image\u00bb _builder_version=\u00bb4.27.5&#8243; _module_preset=\u00bb2215b47f-c514-4736-8638-9febfca886f5&#8243; background_color=\u00bb#FFFFFF\u00bb min_height=\u00bb739.1px\u00bb height_phone=\u00bb723.1px\u00bb custom_margin=\u00bb||-600px||false|false\u00bb global_module=\u00bb3818&#8243; locked=\u00bboff\u00bb global_colors_info=\u00bb{}\u00bb][\/et_pb_fullwidth_image][\/et_pb_section][et_pb_section fb_built=\u00bb1&#8243; specialty=\u00bbon\u00bb padding_1_tablet=\u00bb2em|6%|2em|6%|true|true\u00bb padding_2_tablet=\u00bb2em|6%|2em|6%|true|true\u00bb padding_1_phone=\u00bb2em|8%|2em|8%|true|true\u00bb padding_2_phone=\u00bb2em|8%|2em|8%|true|true\u00bb padding_1_last_edited=\u00bbon|tablet\u00bb padding_2_last_edited=\u00bbon|phone\u00bb module_id_1=\u00bbsidebar\u00bb module_class_1=\u00bbcontent-sidebar\u00bb module_class_2=\u00bbcontent-main\u00bb _builder_version=\u00bb4.16&#8243; _module_preset=\u00bb49fa2571-fdca-4afb-b157-c44ecc3f4485&#8243; global_colors_info=\u00bb{}\u00bb][et_pb_column type=\u00bb1_4&#8243; _builder_version=\u00bb4.16&#8243; custom_padding=\u00bb|||\u00bb global_colors_info=\u00bb{}\u00bb custom_padding__hover=\u00bb|||\u00bb][et_pb_menu menu_id=\u00bb2&#8243; _builder_version=\u00bb4.16&#8243; _module_preset=\u00bbefd0ba9f-ac50-4f8b-84a6-8e44415a3403&#8243; global_colors_info=\u00bb{}\u00bb][\/et_pb_menu][et_pb_text _builder_version=\u00bb4.16&#8243; _module_preset=\u00bba5d3b840-eb6f-4446-9880-fb2e3dcbae61&#8243; saved_tabs=\u00bball\u00bb global_colors_info=\u00bb{}\u00bb][\/et_pb_text][\/et_pb_column][et_pb_column type=\u00bb3_4&#8243; specialty_columns=\u00bb3&#8243; _builder_version=\u00bb4.16&#8243; custom_padding=\u00bb|||\u00bb global_colors_info=\u00bb{}\u00bb custom_padding__hover=\u00bb|||\u00bb][et_pb_row_inner column_structure=\u00bb1_3,1_3,1_3&#8243; _builder_version=\u00bb4.16&#8243; _module_preset=\u00bb107db78a-07e7-4283-b1a5-3b1605da1bbe\u00bb global_colors_info=\u00bb{}\u00bb][et_pb_column_inner type=\u00bb1_3&#8243; _builder_version=\u00bb4.16&#8243; _module_preset=\u00bbc9bc625d-b45a-405f-ad91-6bfb28ea673f\u00bb global_colors_info=\u00bb{}\u00bb][et_pb_text _builder_version=\u00bb4.16&#8243; _module_preset=\u00bb71fa9484-c673-4c42-ad59-a2bcf1830c93&#8243; background_color=\u00bb#e7e85f\u00bb global_colors_info=\u00bb{}\u00bb]<\/p>\n<h2>200<\/h2>\n<p>[\/et_pb_text][et_pb_text _builder_version=\u00bb4.24.2&#8243; _module_preset=\u00bbff04534e-1710-46b9-ae34-61a162d17b85&#8243; global_colors_info=\u00bb{}\u00bb]<\/p>\n<h3>200 SANTA FE<\/h3>\n<p>200 Santa Fe serves Santa Fe, Tesuque, Pojoaque, and Espa\u00f1ola Transit Center.<\/p>\n<p>[\/et_pb_text][et_pb_blurb title=\u00bbLearn More\u00bb use_icon=\u00bbon\u00bb font_icon=\u00bb&#x24;||divi||400&#8243; _builder_version=\u00bb4.24.2&#8243; _module_preset=\u00bb896a7a94-1735-42a0-8bde-61ae6f6da88e\u00bb link_option_url=\u00bbhttps:\/\/www.ncrtd.org\/all-routes\/200-santa-fe\/\u00bb link_option_url_new_window=\u00bbon\u00bb global_colors_info=\u00bb{}\u00bb][\/et_pb_blurb][\/et_pb_column_inner][et_pb_column_inner type=\u00bb1_3&#8243; _builder_version=\u00bb4.16&#8243; _module_preset=\u00bbc9bc625d-b45a-405f-ad91-6bfb28ea673f\u00bb global_colors_info=\u00bb{}\u00bb][et_pb_text _builder_version=\u00bb4.16&#8243; _module_preset=\u00bb337160e1-20f2-4074-b1cd-80a53b736ba2&#8243; background_color=\u00bb#cb8a39&#8243; global_colors_info=\u00bb{}\u00bb]<\/p>\n<h2>300<\/h2>\n<p>[\/et_pb_text][et_pb_text _builder_version=\u00bb4.27.4&#8243; _module_preset=\u00bbff04534e-1710-46b9-ae34-61a162d17b85&#8243; global_colors_info=\u00bb{}\u00bb]<\/p>\n<h3>300 TAOS<\/h3>\n<p>300 Taos serves Taos, Pilar, Dixon, Velarde, Alcalde and Espa\u00f1ola Transit Center.<br \/><span style=\"font-size: 14px;\"><\/span><\/p>\n<p>[\/et_pb_text][et_pb_blurb title=\u00bbLearn More\u00bb use_icon=\u00bbon\u00bb font_icon=\u00bb&#x24;||divi||400&#8243; _builder_version=\u00bb4.24.2&#8243; _module_preset=\u00bb896a7a94-1735-42a0-8bde-61ae6f6da88e\u00bb link_option_url=\u00bbhttps:\/\/www.ncrtd.org\/all-routes\/300-taos\/\u00bb link_option_url_new_window=\u00bbon\u00bb global_colors_info=\u00bb{}\u00bb][\/et_pb_blurb][\/et_pb_column_inner][et_pb_column_inner type=\u00bb1_3&#8243; _builder_version=\u00bb4.16&#8243; _module_preset=\u00bbc9bc625d-b45a-405f-ad91-6bfb28ea673f\u00bb global_colors_info=\u00bb{}\u00bb][et_pb_text _builder_version=\u00bb4.16&#8243; _module_preset=\u00bb337160e1-20f2-4074-b1cd-80a53b736ba2&#8243; background_color=\u00bb#655c60&#8243; global_colors_info=\u00bb{}\u00bb]<\/p>\n<h2>305<\/h2>\n<p>[\/et_pb_text][et_pb_text _builder_version=\u00bb4.16&#8243; _module_preset=\u00bbff04534e-1710-46b9-ae34-61a162d17b85&#8243; global_colors_info=\u00bb{}\u00bb]<\/p>\n<h3>305 TAOS EXPRESS<\/h3>\n<p>Providing fare-free weekend express service between Taos, Espa\u00f1ola and Santa Fe.<\/p>\n<p>[\/et_pb_text][et_pb_blurb title=\u00bbLearn More\u00bb use_icon=\u00bbon\u00bb font_icon=\u00bb&#x24;||divi||400&#8243; _builder_version=\u00bb4.23.2&#8243; _module_preset=\u00bb896a7a94-1735-42a0-8bde-61ae6f6da88e\u00bb link_option_url=\u00bbhttps:\/\/www.ncrtd.org\/all-routes\/305-taos-express\/\u00bb link_option_url_new_window=\u00bbon\u00bb global_colors_info=\u00bb{}\u00bb][\/et_pb_blurb][\/et_pb_column_inner][\/et_pb_row_inner][et_pb_row_inner column_structure=\u00bb1_3,1_3,1_3&#8243; _builder_version=\u00bb4.16&#8243; _module_preset=\u00bb107db78a-07e7-4283-b1a5-3b1605da1bbe\u00bb global_colors_info=\u00bb{}\u00bb][et_pb_column_inner type=\u00bb1_3&#8243; _builder_version=\u00bb4.16&#8243; _module_preset=\u00bbc9bc625d-b45a-405f-ad91-6bfb28ea673f\u00bb global_colors_info=\u00bb{}\u00bb][et_pb_text _builder_version=\u00bb4.16&#8243; _module_preset=\u00bb337160e1-20f2-4074-b1cd-80a53b736ba2&#8243; background_color=\u00bb#931a1d\u00bb global_colors_info=\u00bb{}\u00bb]<\/p>\n<h2>310<\/h2>\n<p>[\/et_pb_text][et_pb_text _builder_version=\u00bb4.27.0&#8243; _module_preset=\u00bbff04534e-1710-46b9-ae34-61a162d17b85&#8243; link_option_url=\u00bbhttps:\/\/www.ncrtd.org\/all-routes\/310-red-river\/\u00bb global_colors_info=\u00bb{}\u00bb]<\/p>\n<h3>310 RED RIVER<\/h3>\n<h4>\u00a0<\/h4>\n<p>310 Red River serves Questa and Red River.<\/p>\n<p>[\/et_pb_text][et_pb_blurb title=\u00bbLearn More\u00bb use_icon=\u00bbon\u00bb font_icon=\u00bb&#x24;||divi||400&#8243; _builder_version=\u00bb4.27.0&#8243; _module_preset=\u00bb896a7a94-1735-42a0-8bde-61ae6f6da88e\u00bb link_option_url=\u00bbhttps:\/\/www.ncrtd.org\/all-routes\/310-red-river\/\u00bb global_colors_info=\u00bb{}\u00bb][\/et_pb_blurb][\/et_pb_column_inner][et_pb_column_inner type=\u00bb1_3&#8243; _builder_version=\u00bb4.16&#8243; _module_preset=\u00bbc9bc625d-b45a-405f-ad91-6bfb28ea673f\u00bb global_colors_info=\u00bb{}\u00bb][et_pb_text _builder_version=\u00bb4.16&#8243; _module_preset=\u00bb337160e1-20f2-4074-b1cd-80a53b736ba2&#8243; background_color=\u00bb#22428b\u00bb global_colors_info=\u00bb{}\u00bb]<\/p>\n<h2>320<\/h2>\n<p>[\/et_pb_text][et_pb_text _builder_version=\u00bb4.16&#8243; _module_preset=\u00bbff04534e-1710-46b9-ae34-61a162d17b85&#8243; global_colors_info=\u00bb{}\u00bb]<\/p>\n<h3>320 QUESTA<\/h3>\n<p><span>320 Questa serves Costilla, Cerro, Questa and Taos, with added stops along NM Highway 522. <\/span><br \/><span style=\"font-size: 14px;\"><\/span><\/p>\n<p>[\/et_pb_text][et_pb_blurb title=\u00bbLearn More\u00bb use_icon=\u00bbon\u00bb font_icon=\u00bb&#x24;||divi||400&#8243; _builder_version=\u00bb4.23.1&#8243; _module_preset=\u00bb896a7a94-1735-42a0-8bde-61ae6f6da88e\u00bb link_option_url=\u00bbhttps:\/\/www.ncrtd.org\/all-routes\/320-questa\/\u00bb global_colors_info=\u00bb{}\u00bb][\/et_pb_blurb][\/et_pb_column_inner][et_pb_column_inner type=\u00bb1_3&#8243; _builder_version=\u00bb4.16&#8243; _module_preset=\u00bbc9bc625d-b45a-405f-ad91-6bfb28ea673f\u00bb global_colors_info=\u00bb{}\u00bb][et_pb_text _builder_version=\u00bb4.16&#8243; _module_preset=\u00bb337160e1-20f2-4074-b1cd-80a53b736ba2&#8243; background_color=\u00bb#33803d\u00bb global_colors_info=\u00bb{}\u00bb]<\/p>\n<h2>330<\/h2>\n<p>[\/et_pb_text][et_pb_text _builder_version=\u00bb4.27.4&#8243; _module_preset=\u00bbff04534e-1710-46b9-ae34-61a162d17b85&#8243; global_colors_info=\u00bb{}\u00bb]<\/p>\n<h3>330 PE\u00d1ASCO<\/h3>\n<p><span>330 Pe\u00f1asco serves Taos, Las Trampas, Chamisal, Picuris Pueblo and Pe\u00f1asco.<\/span><\/p>\n<p>[\/et_pb_text][et_pb_blurb title=\u00bbLearn More\u00bb use_icon=\u00bbon\u00bb font_icon=\u00bb&#x24;||divi||400&#8243; _builder_version=\u00bb4.23.1&#8243; _module_preset=\u00bb896a7a94-1735-42a0-8bde-61ae6f6da88e\u00bb link_option_url=\u00bbhttps:\/\/www.ncrtd.org\/all-routes\/330-penasco\/\u00bb link_option_url_new_window=\u00bbon\u00bb global_colors_info=\u00bb{}\u00bb][\/et_pb_blurb][\/et_pb_column_inner][\/et_pb_row_inner][et_pb_row_inner column_structure=\u00bb1_3,1_3,1_3&#8243; _builder_version=\u00bb4.16&#8243; _module_preset=\u00bb107db78a-07e7-4283-b1a5-3b1605da1bbe\u00bb global_colors_info=\u00bb{}\u00bb][et_pb_column_inner type=\u00bb1_3&#8243; _builder_version=\u00bb4.16&#8243; _module_preset=\u00bbc9bc625d-b45a-405f-ad91-6bfb28ea673f\u00bb global_colors_info=\u00bb{}\u00bb][et_pb_text _builder_version=\u00bb4.16&#8243; _module_preset=\u00bb337160e1-20f2-4074-b1cd-80a53b736ba2&#8243; background_color=\u00bb#d22326&#8243; global_colors_info=\u00bb{}\u00bb]<\/p>\n<h2>340<\/h2>\n<p>[\/et_pb_text][et_pb_text _builder_version=\u00bb4.27.4&#8243; _module_preset=\u00bbff04534e-1710-46b9-ae34-61a162d17b85&#8243; global_colors_info=\u00bb{}\u00bb]<\/p>\n<h3>340 CHILE LINE RED<\/h3>\n<p>Providing service throughout the Town of Taos and surrounding communities.<\/p>\n<p>[\/et_pb_text][et_pb_blurb title=\u00bbLearn More\u00bb use_icon=\u00bbon\u00bb font_icon=\u00bb&#x24;||divi||400&#8243; _builder_version=\u00bb4.23.1&#8243; _module_preset=\u00bb896a7a94-1735-42a0-8bde-61ae6f6da88e\u00bb link_option_url=\u00bb\/all-routes\/340-chile-line\u00bb global_colors_info=\u00bb{}\u00bb][\/et_pb_blurb][\/et_pb_column_inner][et_pb_column_inner type=\u00bb1_3&#8243; _builder_version=\u00bb4.16&#8243; _module_preset=\u00bbc9bc625d-b45a-405f-ad91-6bfb28ea673f\u00bb global_colors_info=\u00bb{}\u00bb][et_pb_text _builder_version=\u00bb4.16&#8243; _module_preset=\u00bb337160e1-20f2-4074-b1cd-80a53b736ba2&#8243; background_color=\u00bb#50b859&#8243; global_colors_info=\u00bb{}\u00bb]<\/p>\n<h2>341<\/h2>\n<p>[\/et_pb_text][et_pb_text _builder_version=\u00bb4.24.2&#8243; _module_preset=\u00bbff04534e-1710-46b9-ae34-61a162d17b85&#8243; link_option_url=\u00bbhttps:\/\/www.ncrtd.org\/all-routes\/341-tsv-green\/\u00bb global_colors_info=\u00bb{}\u00bb]<\/p>\n<h3>341 TSV GREEN<\/h3>\n<h4>SEASONAL WINTER SERVICE DECEMBER TO MARCH<\/h4>\n<p><span>Winter service for the 2024-2025 season has ended.<\/span><\/p>\n<p>Providing fare-free service through the Town of Taos, El Prado, Arroyo Seco, Valdez and Taos Ski Valley.<span><\/span><br \/><span style=\"font-size: 14px;\"><\/span><\/p>\n<p>[\/et_pb_text][et_pb_blurb title=\u00bbLearn More\u00bb use_icon=\u00bbon\u00bb font_icon=\u00bb&#x24;||divi||400&#8243; _builder_version=\u00bb4.22.2&#8243; _module_preset=\u00bb896a7a94-1735-42a0-8bde-61ae6f6da88e\u00bb link_option_url=\u00bb\/all-routes\/341-tsv-green\u00bb global_colors_info=\u00bb{}\u00bb][\/et_pb_blurb][\/et_pb_column_inner][et_pb_column_inner type=\u00bb1_3&#8243; _builder_version=\u00bb4.16&#8243; _module_preset=\u00bbc9bc625d-b45a-405f-ad91-6bfb28ea673f\u00bb global_colors_info=\u00bb{}\u00bb][et_pb_text _builder_version=\u00bb4.16&#8243; _module_preset=\u00bb337160e1-20f2-4074-b1cd-80a53b736ba2&#8243; background_color=\u00bb#712e68&#8243; global_colors_info=\u00bb{}\u00bb]<\/p>\n<h2>360<\/h2>\n<p>[\/et_pb_text][et_pb_text _builder_version=\u00bb4.27.4&#8243; _module_preset=\u00bbff04534e-1710-46b9-ae34-61a162d17b85&#8243; global_colors_info=\u00bb{}\u00bb]<\/p>\n<h3>360 TRES PIEDRAS<\/h3>\n<p><span style=\"font-size: 14px;\">Service provided from Tres Piedras to El Prado and Taos.<\/span><\/p>\n<p>[\/et_pb_text][et_pb_blurb title=\u00bbLearn More\u00bb use_icon=\u00bbon\u00bb font_icon=\u00bb&#x24;||divi||400&#8243; _builder_version=\u00bb4.23.1&#8243; _module_preset=\u00bb896a7a94-1735-42a0-8bde-61ae6f6da88e\u00bb link_option_url=\u00bbhttps:\/\/www.ncrtd.org\/all-routes\/360-tres-piedras\/\u00bb global_colors_info=\u00bb{}\u00bb][\/et_pb_blurb][\/et_pb_column_inner][\/et_pb_row_inner][et_pb_row_inner column_structure=\u00bb1_3,1_3,1_3&#8243; _builder_version=\u00bb4.16&#8243; _module_preset=\u00bb107db78a-07e7-4283-b1a5-3b1605da1bbe\u00bb global_colors_info=\u00bb{}\u00bb][et_pb_column_inner type=\u00bb1_3&#8243; _builder_version=\u00bb4.16&#8243; _module_preset=\u00bbc9bc625d-b45a-405f-ad91-6bfb28ea673f\u00bb global_colors_info=\u00bb{}\u00bb][et_pb_text _builder_version=\u00bb4.27.4&#8243; _module_preset=\u00bb337160e1-20f2-4074-b1cd-80a53b736ba2&#8243; background_color=\u00bb#f04d5e\u00bb global_colors_info=\u00bb{}\u00bb]<\/p>\n<h2>370<\/h2>\n<p>[\/et_pb_text][et_pb_text _builder_version=\u00bb4.27.4&#8243; _module_preset=\u00bbff04534e-1710-46b9-ae34-61a162d17b85&#8243; global_colors_info=\u00bb{}\u00bb]<\/p>\n<h3>370 CARSON<\/h3>\n<p><span>The 370 Carson route provides fare-free service from Taos to Carson Tuesday and Thursday.<\/span><\/p>\n<p>[\/et_pb_text][et_pb_blurb title=\u00bbLearn More\u00bb use_icon=\u00bbon\u00bb font_icon=\u00bb&#x24;||divi||400&#8243; _builder_version=\u00bb4.27.4&#8243; _module_preset=\u00bb896a7a94-1735-42a0-8bde-61ae6f6da88e\u00bb link_option_url=\u00bb\/all-routes\/370-carson\/\u00bb global_colors_info=\u00bb{}\u00bb][\/et_pb_blurb][\/et_pb_column_inner][et_pb_column_inner type=\u00bb1_3&#8243; _builder_version=\u00bb4.16&#8243; _module_preset=\u00bbc9bc625d-b45a-405f-ad91-6bfb28ea673f\u00bb global_colors_info=\u00bb{}\u00bb][et_pb_text _builder_version=\u00bb4.27.4&#8243; _module_preset=\u00bb337160e1-20f2-4074-b1cd-80a53b736ba2&#8243; background_color=\u00bb#8395b6&#8243; global_colors_info=\u00bb{}\u00bb]<\/p>\n<h2>380<\/h2>\n<p>[\/et_pb_text][et_pb_text _builder_version=\u00bb4.27.4&#8243; _module_preset=\u00bbff04534e-1710-46b9-ae34-61a162d17b85&#8243; link_option_url=\u00bbhttps:\/\/www.ncrtd.org\/all-routes\/341-tsv-green\/\u00bb global_colors_info=\u00bb{}\u00bb]<\/p>\n<h3>380 NIGHT RIDER<\/h3>\n<h4>SUSPENDED UNTIL FURTHER NOTICE<\/h4>\n<p><span>Providing service through the Town of Taos, El Prado, Arroyo Seco, Valdez to the Taos Ski Valley.<\/span><span style=\"font-size: 14px;\"><\/span><\/p>\n<p>[\/et_pb_text][et_pb_blurb title=\u00bbLearn More\u00bb use_icon=\u00bbon\u00bb font_icon=\u00bb&#x24;||divi||400&#8243; disabled_on=\u00bbon|on|on\u00bb _builder_version=\u00bb4.27.4&#8243; _module_preset=\u00bb896a7a94-1735-42a0-8bde-61ae6f6da88e\u00bb link_option_url=\u00bb\/all-routes\/341-tsv-green\u00bb disabled=\u00bbon\u00bb global_colors_info=\u00bb{}\u00bb][\/et_pb_blurb][\/et_pb_column_inner][et_pb_column_inner type=\u00bb1_3&#8243; disabled_on=\u00bbon|on|on\u00bb _builder_version=\u00bb4.16&#8243; _module_preset=\u00bbc9bc625d-b45a-405f-ad91-6bfb28ea673f\u00bb disabled=\u00bbon\u00bb global_colors_info=\u00bb{}\u00bb][\/et_pb_column_inner][\/et_pb_row_inner][et_pb_row_inner _builder_version=\u00bb4.23.1&#8243; _module_preset=\u00bbdefault\u00bb background_color=\u00bb#00A3E3&#8243; min_height=\u00bb186px\u00bb custom_margin=\u00bb35px|376px|||false|false\u00bb custom_padding=\u00bb40px|20px|40px|20px|false|false\u00bb global_colors_info=\u00bb{}\u00bb][et_pb_column_inner saved_specialty_column_type=\u00bb3_4&#8243; _builder_version=\u00bb4.22.1&#8243; _module_preset=\u00bbdefault\u00bb global_colors_info=\u00bb{}\u00bb][et_pb_heading title=\u00bbBe a Part of MyBlue\u2122!\u00bb _builder_version=\u00bb4.22.1&#8243; _module_preset=\u00bbdefault\u00bb title_text_color=\u00bb#FFFFFF\u00bb min_height=\u00bb0px\u00bb global_colors_info=\u00bb{}\u00bb][\/et_pb_heading][et_pb_text _builder_version=\u00bb4.24.2&#8243; _module_preset=\u00bbdefault\u00bb text_text_color=\u00bb#FFFFFF\u00bb text_font_size=\u00bb26px\u00bb text_line_height=\u00bb1.9em\u00bb header_font_size=\u00bb46px\u00bb background_color=\u00bbRGBA(255,255,255,0)\u00bb border_color_all=\u00bbRGBA(255,255,255,0)\u00bb global_colors_info=\u00bb{}\u00bb]<\/p>\n<p>Are you ready to launch the future of transportation? Join us on the MyBlue\u2122 North Central RTD app and experience the convenience, affordability, and reliability of our innovative on-demand transport system.<\/p>\n<p>[\/et_pb_text][et_pb_button button_url=\u00bbhttps:\/\/www.ncrtd.org\/myblue\/\u00bb button_text=\u00bbLearn More\u00bb _builder_version=\u00bb4.24.2&#8243; _module_preset=\u00bbdefault\u00bb button_text_color=\u00bb#FFFFFF\u00bb button_bg_color=\u00bb#00A3E3&#8243; button_border_width=\u00bb3px\u00bb button_border_color=\u00bb#FFFFFF\u00bb custom_padding=\u00bb0.5em|1em|0.5em|1em|true|true\u00bb global_colors_info=\u00bb{}\u00bb][\/et_pb_button][\/et_pb_column_inner][\/et_pb_row_inner][\/et_pb_column][\/et_pb_section]<\/p>\n","protected":false},"excerpt":{"rendered":"<p>200 200 SANTA FE 200 Santa Fe serves Santa Fe, Tesuque, Pojoaque, and Espa\u00f1ola Transit Center. 300 300 TAOS 300 Taos serves Taos, Pilar, Dixon, Velarde, Alcalde and Espa\u00f1ola Transit Center. 305 305 TAOS EXPRESS Providing fare-free weekend express service between Taos, Espa\u00f1ola and Santa Fe. 310 310 RED RIVER \u00a0 310 Red River serves [&hellip;]<\/p>\n","protected":false},"author":1,"featured_media":0,"parent":243376,"menu_order":0,"comment_status":"closed","ping_status":"closed","template":"","meta":{"_et_pb_use_builder":"on","_et_pb_old_content":"","_et_gb_content_width":"","footnotes":""},"class_list":["post-243364","page","type-page","status-publish","hentry"],"_links":{"self":[{"href":"https:\/\/www.ncrtd.org\/es\/wp-json\/wp\/v2\/pages\/243364","targetHints":{"allow":["GET"]}}],"collection":[{"href":"https:\/\/www.ncrtd.org\/es\/wp-json\/wp\/v2\/pages"}],"about":[{"href":"https:\/\/www.ncrtd.org\/es\/wp-json\/wp\/v2\/types\/page"}],"author":[{"embeddable":true,"href":"https:\/\/www.ncrtd.org\/es\/wp-json\/wp\/v2\/users\/1"}],"replies":[{"embeddable":true,"href":"https:\/\/www.ncrtd.org\/es\/wp-json\/wp\/v2\/comments?post=243364"}],"version-history":[{"count":1,"href":"https:\/\/www.ncrtd.org\/es\/wp-json\/wp\/v2\/pages\/243364\/revisions"}],"predecessor-version":[{"id":243368,"href":"https:\/\/www.ncrtd.org\/es\/wp-json\/wp\/v2\/pages\/243364\/revisions\/243368"}],"up":[{"embeddable":true,"href":"https:\/\/www.ncrtd.org\/es\/wp-json\/wp\/v2\/pages\/243376"}],"wp:attachment":[{"href":"https:\/\/www.ncrtd.org\/es\/wp-json\/wp\/v2\/media?parent=243364"}],"curies":[{"name":"wp","href":"https:\/\/api.w.org\/{rel}","templated":true}]}}