{"id":243367,"date":"2021-01-04T14:54:18","date_gmt":"2021-01-04T21:54:18","guid":{"rendered":"https:\/\/www.ncrtd.org\/junta-directiva\/"},"modified":"2026-05-05T17:53:41","modified_gmt":"2026-05-05T23:53:41","slug":"junta-directiva","status":"publish","type":"page","link":"https:\/\/www.ncrtd.org\/es\/junta-directiva\/","title":{"rendered":"Junta Directiva"},"content":{"rendered":"<p>[et_pb_section fb_built=\u00bb1&#8243; fullwidth=\u00bbon\u00bb _builder_version=\u00bb4.16&#8243; _module_preset=\u00bbcbe6949b-fe83-485f-a967-598203880f36&#8243; width_tablet=\u00bb\u00bb width_phone=\u00bb\u00bb width_last_edited=\u00bbon|desktop\u00bb custom_margin=\u00bb140px||||false|false\u00bb custom_margin_tablet=\u00bb0px||||false|false\u00bb custom_margin_phone=\u00bb\u00bb custom_margin_last_edited=\u00bbon|desktop\u00bb global_colors_info=\u00bb{}\u00bb][et_pb_fullwidth_image src=\u00bbhttps:\/\/www.ncrtd.org\/wp-content\/uploads\/2025\/03\/ncrtd-blue-bus-2023-0930.jpg\u00bb alt=\u00bbWinding Santa Fe Road\u00bb title_text=\u00bbncrtd-blue-bus-2023-0930&#8243; disabled_on=\u00bboff|off|off\u00bb admin_label=\u00bbbackground fullwidth image\u00bb _builder_version=\u00bb4.27.6&#8243; _module_preset=\u00bb2215b47f-c514-4736-8638-9febfca886f5&#8243; background_color=\u00bbRGBA(255,255,255,0)\u00bb min_height=\u00bb739.1px\u00bb height_phone=\u00bb723.1px\u00bb custom_margin=\u00bb||-600px||false|false\u00bb global_module=\u00bb3818&#8243; locked=\u00bboff\u00bb global_colors_info=\u00bb{}\u00bb][\/et_pb_fullwidth_image][\/et_pb_section][et_pb_section fb_built=\u00bb1&#8243; specialty=\u00bbon\u00bb padding_1_tablet=\u00bb2em|6%|2em|6%|true|true\u00bb padding_2_tablet=\u00bb2em|6%|2em|6%|true|true\u00bb padding_1_phone=\u00bb2em|8%|2em|8%|true|true\u00bb padding_2_phone=\u00bb2em|8%|2em|8%|true|true\u00bb padding_1_last_edited=\u00bbon|desktop\u00bb padding_2_last_edited=\u00bbon|tablet\u00bb module_id_1=\u00bbsidebar\u00bb module_class_1=\u00bbcontent-sidebar\u00bb module_class_2=\u00bbcontent-main\u00bb _builder_version=\u00bb4.16&#8243; _module_preset=\u00bb49fa2571-fdca-4afb-b157-c44ecc3f4485&#8243; global_colors_info=\u00bb{}\u00bb][et_pb_column type=\u00bb1_4&#8243; _builder_version=\u00bb4.16&#8243; custom_padding=\u00bb|||\u00bb global_colors_info=\u00bb{}\u00bb custom_padding__hover=\u00bb|||\u00bb][et_pb_menu menu_id=\u00bb2&#8243; _builder_version=\u00bb4.16&#8243; _module_preset=\u00bbefd0ba9f-ac50-4f8b-84a6-8e44415a3403&#8243; global_colors_info=\u00bb{}\u00bb][\/et_pb_menu][et_pb_text _builder_version=\u00bb4.23.3&#8243; _module_preset=\u00bba5d3b840-eb6f-4446-9880-fb2e3dcbae61&#8243; global_module=\u00bb2761&#8243; saved_tabs=\u00bball\u00bb global_colors_info=\u00bb{}\u00bb][\/et_pb_text][\/et_pb_column][et_pb_column type=\u00bb3_4&#8243; specialty_columns=\u00bb3&#8243; _builder_version=\u00bb4.16&#8243; custom_padding=\u00bb|||\u00bb global_colors_info=\u00bb{}\u00bb custom_padding__hover=\u00bb|||\u00bb][et_pb_row_inner _builder_version=\u00bb4.21.0&#8243; _module_preset=\u00bbdefault\u00bb global_colors_info=\u00bb{}\u00bb][et_pb_column_inner saved_specialty_column_type=\u00bb3_4&#8243; _builder_version=\u00bb4.21.0&#8243; _module_preset=\u00bbdefault\u00bb global_colors_info=\u00bb{}\u00bb][et_pb_text _builder_version=\u00bb4.21.0&#8243; _module_preset=\u00bbdefault\u00bb global_colors_info=\u00bb{}\u00bb]<\/p>\n<p>La Junta Directiva est\u00e1 compuesta por miembros del North Central Regional Transit District, conocido popularmente como <span>el Blue Bus\u2122<\/span>. <\/p>\n<p><a href=\"https:\/\/www.ncrtd.org\/es\/junta-directiva\/miembros-de-la-junta-directiva\/\">Ver la Junta Directiva actual &gt;<\/a><\/p>\n<p>[\/et_pb_text][\/et_pb_column_inner][\/et_pb_row_inner][et_pb_row_inner _builder_version=\u00bb4.21.0&#8243; _module_preset=\u00bbdefault\u00bb global_colors_info=\u00bb{}\u00bb][et_pb_column_inner saved_specialty_column_type=\u00bb3_4&#8243; _builder_version=\u00bb4.21.0&#8243; _module_preset=\u00bbdefault\u00bb global_colors_info=\u00bb{}\u00bb][et_pb_divider _builder_version=\u00bb4.21.0&#8243; _module_preset=\u00bbdefault\u00bb global_colors_info=\u00bb{}\u00bb][\/et_pb_divider][\/et_pb_column_inner][\/et_pb_row_inner][et_pb_row_inner _builder_version=\u00bb4.21.0&#8243; _module_preset=\u00bbdefault\u00bb custom_padding=\u00bb0px||4px||false|false\u00bb global_colors_info=\u00bb{}\u00bb][et_pb_column_inner saved_specialty_column_type=\u00bb3_4&#8243; _builder_version=\u00bb4.21.0&#8243; _module_preset=\u00bbdefault\u00bb global_colors_info=\u00bb{}\u00bb][et_pb_text admin_label=\u00bbBoard Meetings\u00bb _builder_version=\u00bb4.27.6&#8243; _module_preset=\u00bbdefault\u00bb hover_enabled=\u00bb0&#8243; global_colors_info=\u00bb{}\u00bb sticky_enabled=\u00bb0&#8243;]<\/p>\n<h2>Reuniones de la Junta<\/h2>\n<p>Las reuniones de la Junta se llevan a cabo en el Jim West Regional Transit Center, 1327 North Riverside Drive, Espa\u00f1ola, Nuevo M\u00e9xico, EE. UU.<\/p>\n<p>Normalmente se celebran el primer viernes de cada mes a las 9:30.<\/p>\n<p>Ver en directo: todas las reuniones de la Junta se pueden ver en directo en YouTube: <a href=\"https:\/\/www.youtube.com\/@RideTheBlueBus\">https:\/\/www.youtube.com\/@RideTheBlueBus<\/a><\/p>\n<p><a href=\"https:\/\/www.ncrtd.org\/board-of-directors\/calendar-of-board-meetings\/\">Ver el calendario de reuniones de la Junta &gt;<\/a><\/p>\n<p><a href=\"https:\/\/www.ncrtd.org\/board-of-directors\/agendas-public\/\">Ver los \u00f3rdenes del d\u00eda publicados &gt;<\/a><\/p>\n<p>[\/et_pb_text][\/et_pb_column_inner][\/et_pb_row_inner][et_pb_row_inner _builder_version=\u00bb4.21.0&#8243; _module_preset=\u00bbdefault\u00bb global_colors_info=\u00bb{}\u00bb][et_pb_column_inner saved_specialty_column_type=\u00bb3_4&#8243; _builder_version=\u00bb4.21.0&#8243; _module_preset=\u00bbdefault\u00bb global_colors_info=\u00bb{}\u00bb][et_pb_text _builder_version=\u00bb4.27.6&#8243; _module_preset=\u00bbdefault\u00bb global_colors_info=\u00bb{}\u00bb]<\/p>\n<h3>Accesibilidad de las reuniones<\/h3>\n<p>Si eres una persona con discapacidad y necesitas un lector, amplificador, int\u00e9rprete de lengua de signos cualificado o cualquier otra forma de ayuda o servicio auxiliar para asistir o participar en la audiencia de la reuni\u00f3n, ponte en contacto con el asistente ejecutivo del NCRTD en el (505) 629-4702 al menos una semana antes de la reuni\u00f3n, o lo antes posible. Los documentos p\u00fablicos, incluidos el orden del d\u00eda y las actas, pueden proporcionarse en varios formatos accesibles. <\/p>\n<p>[\/et_pb_text][\/et_pb_column_inner][\/et_pb_row_inner][et_pb_row_inner _builder_version=\u00bb4.21.0&#8243; _module_preset=\u00bbdefault\u00bb global_colors_info=\u00bb{}\u00bb][et_pb_column_inner saved_specialty_column_type=\u00bb3_4&#8243; _builder_version=\u00bb4.21.0&#8243; _module_preset=\u00bbdefault\u00bb global_colors_info=\u00bb{}\u00bb][et_pb_text _builder_version=\u00bb4.27.6&#8243; _module_preset=\u00bbdefault\u00bb global_colors_info=\u00bb{}\u00bb]<\/p>\n<h3>Comentarios del p\u00fablico<\/h3>\n<p>Los miembros del p\u00fablico pueden aportar sus comentarios durante las reuniones de la Junta del NCRTD. Puedes hablar durante el periodo designado para comentarios p\u00fablicos o sobre un punto espec\u00edfico del orden del d\u00eda. Los comentarios individuales est\u00e1n limitados a cinco minutos.  <\/p>\n<p>Existen tres opciones para la participaci\u00f3n p\u00fablica:<\/p>\n<ol>\n<li>Asistencia en persona: por favor, reg\u00edstrate en la mesa de inscripci\u00f3n al llegar. Si deseas dirigirte a la Junta, indica al registrarte el punto espec\u00edfico del orden del d\u00eda que quieres tratar o ap\u00fantate para hablar durante el periodo de comentarios del p\u00fablico en general.<\/li>\n<li>Asistencia en l\u00ednea: si quieres hacer un comentario p\u00fablico de forma virtual, env\u00eda un correo electr\u00f3nico a community@ncrtd.org a m\u00e1s tardar a las 12:00 del d\u00eda anterior a la fecha programada para la reuni\u00f3n. Aseg\u00farate de indicar el punto espec\u00edfico del orden del d\u00eda que deseas tratar o ap\u00fantate para hablar durante el periodo de comentarios del p\u00fablico en general. Los participantes virtuales recibir\u00e1n un enlace especial para la reuni\u00f3n de Zoom. Una vez finalizada la secci\u00f3n de comentarios p\u00fablicos para los puntos registrados, podr\u00e1s seguir viendo la reuni\u00f3n a trav\u00e9s de la transmisi\u00f3n en directo de YouTube (ver m\u00e1s abajo).   <\/li>\n<li>Comentarios por escrito: si quieres hacer un comentario por escrito a la Junta Directiva del NCRTD, env\u00eda un correo electr\u00f3nico a community@ncrtd.org a m\u00e1s tardar a las 12:00 del d\u00eda anterior a la fecha programada para la reuni\u00f3n. Aseg\u00farate de indicar el punto espec\u00edfico del orden del d\u00eda que deseas tratar o de proporcionar un comentario p\u00fablico general. Todos los comentarios escritos recibidos antes de las 12:00 se incluir\u00e1n en el paquete de la Junta para su distribuci\u00f3n a todos los directores del NCRTD.  <\/li>\n<\/ol>\n<p>Ver en directo: todas las reuniones de la Junta se pueden ver en directo en YouTube: <a href=\"https:\/\/www.youtube.com\/@RideTheBlueBus\">https:\/\/www.youtube.com\/@RideTheBlueBus<\/a><\/p>\n<p>[\/et_pb_text][\/et_pb_column_inner][\/et_pb_row_inner][et_pb_row_inner _builder_version=\u00bb4.21.0&#8243; _module_preset=\u00bbdefault\u00bb global_colors_info=\u00bb{}\u00bb][et_pb_column_inner saved_specialty_column_type=\u00bb3_4&#8243; _builder_version=\u00bb4.21.0&#8243; _module_preset=\u00bbdefault\u00bb global_colors_info=\u00bb{}\u00bb][et_pb_text _builder_version=\u00bb4.21.0&#8243; _module_preset=\u00bbdefault\u00bb custom_padding=\u00bb0px|||||\u00bb global_colors_info=\u00bb{}\u00bb]<\/p>\n<h3>\u00d3rdenes del d\u00eda de las reuniones<\/h3>\n<p>Los \u00f3rdenes del d\u00eda de las reuniones de la Junta est\u00e1n disponibles en l\u00ednea.<\/p>\n<p><a href=\"https:\/\/www.ncrtd.org\/board-of-directors\/agendas-public\/\">Ver los \u00f3rdenes del d\u00eda de las reuniones de la Junta &gt;<\/a><\/p>\n<p>[\/et_pb_text][et_pb_text _builder_version=\u00bb4.21.0&#8243; _module_preset=\u00bbdefault\u00bb global_colors_info=\u00bb{}\u00bb]<\/p>\n<h3>Actas de las reuniones<\/h3>\n<p>Las actas de las reuniones de la Junta est\u00e1n disponibles en l\u00ednea.<\/p>\n<p><a href=\"https:\/\/www.ncrtd.org\/board-of-directors\/minutes\/\">Ver las actas de las reuniones de la Junta &gt;<\/a><\/p>\n<p>[\/et_pb_text][\/et_pb_column_inner][\/et_pb_row_inner][et_pb_row_inner _builder_version=\u00bb4.21.0&#8243; _module_preset=\u00bbdefault\u00bb global_colors_info=\u00bb{}\u00bb][et_pb_column_inner saved_specialty_column_type=\u00bb3_4&#8243; _builder_version=\u00bb4.21.0&#8243; _module_preset=\u00bbdefault\u00bb global_colors_info=\u00bb{}\u00bb][et_pb_text _builder_version=\u00bb4.21.0&#8243; _module_preset=\u00bbdefault\u00bb global_colors_info=\u00bb{}\u00bb]<\/p>\n<h3>Resoluciones adoptadas<\/h3>\n<p>Las resoluciones del North Central Regional Transit District est\u00e1n disponibles en l\u00ednea.<\/p>\n<p><a href=\"https:\/\/www.ncrtd.org\/board-of-directors\/resolutions-adopted\/\">Ver las resoluciones adoptadas &gt;<\/a><a href=\"https:\/\/www.ncrtd.org\/board-of-directors\/board-meeting-summaries\/\"><\/a><\/p>\n<p>[\/et_pb_text][et_pb_text _builder_version=\u00bb4.21.0&#8243; _module_preset=\u00bbdefault\u00bb global_colors_info=\u00bb{}\u00bb]<\/p>\n<h3>Res\u00famenes de las reuniones<\/h3>\n<p>Los res\u00famenes de las reuniones de la Junta ya no se proporcionan desde el 8 de septiembre de 2017.<\/p>\n<p><a href=\"https:\/\/www.ncrtd.org\/board-of-directors\/board-meeting-summaries\/\">Ver la lista de archivos de los res\u00famenes de las reuniones de la Junta &gt;<\/a><a href=\"https:\/\/www.ncrtd.org\/board-of-directors\/board-meeting-summaries\/\"><\/a><\/p>\n<p>[\/et_pb_text][\/et_pb_column_inner][\/et_pb_row_inner][et_pb_row_inner _builder_version=\u00bb4.21.0&#8243; _module_preset=\u00bbdefault\u00bb global_colors_info=\u00bb{}\u00bb][et_pb_column_inner saved_specialty_column_type=\u00bb3_4&#8243; _builder_version=\u00bb4.21.0&#8243; _module_preset=\u00bbdefault\u00bb global_colors_info=\u00bb{}\u00bb][et_pb_divider _builder_version=\u00bb4.21.0&#8243; _module_preset=\u00bbdefault\u00bb global_colors_info=\u00bb{}\u00bb][\/et_pb_divider][\/et_pb_column_inner][\/et_pb_row_inner][et_pb_row_inner _builder_version=\u00bb4.21.0&#8243; _module_preset=\u00bbdefault\u00bb global_colors_info=\u00bb{}\u00bb][et_pb_column_inner saved_specialty_column_type=\u00bb3_4&#8243; _builder_version=\u00bb4.21.0&#8243; _module_preset=\u00bbdefault\u00bb global_colors_info=\u00bb{}\u00bb][et_pb_text _builder_version=\u00bb4.21.0&#8243; _module_preset=\u00bbdefault\u00bb global_colors_info=\u00bb{}\u00bb]<\/p>\n<h2>Comit\u00e9s asesores<\/h2>\n<p>La Junta cuenta con comit\u00e9s asesores tanto permanentes como especiales, compuestos por personas designadas por la propia Junta. Las reuniones de los comit\u00e9s pueden convocarse en cualquier momento, tal como se establece en los estatutos de los comit\u00e9s asesores.<\/p>\n<p>[\/et_pb_text][\/et_pb_column_inner][\/et_pb_row_inner][et_pb_row_inner _builder_version=\u00bb4.21.0&#8243; _module_preset=\u00bbdefault\u00bb global_colors_info=\u00bb{}\u00bb][et_pb_column_inner saved_specialty_column_type=\u00bb3_4&#8243; _builder_version=\u00bb4.21.0&#8243; _module_preset=\u00bbdefault\u00bb global_colors_info=\u00bb{}\u00bb][et_pb_text _builder_version=\u00bb4.21.0&#8243; _module_preset=\u00bbdefault\u00bb global_colors_info=\u00bb{}\u00bb]<\/p>\n<h3>Subcomit\u00e9 de Finanzas<\/h3>\n<p>El Subcomit\u00e9 de Finanzas puede ocuparse de asuntos administrativos y financieros, adem\u00e1s de actuar como comit\u00e9 de entrada y salida a efectos de la auditor\u00eda anual.<\/p>\n<p><a href=\"https:\/\/www.ncrtd.org\/board-of-directors\/board-finance-subcommittee\/\">Ver los paquetes del Subcomit\u00e9 de Finanzas &gt;<\/a><\/p>\n<p>[\/et_pb_text][\/et_pb_column_inner][\/et_pb_row_inner][et_pb_row_inner _builder_version=\u00bb4.21.0&#8243; _module_preset=\u00bbdefault\u00bb global_colors_info=\u00bb{}\u00bb][et_pb_column_inner saved_specialty_column_type=\u00bb3_4&#8243; _builder_version=\u00bb4.21.0&#8243; _module_preset=\u00bbdefault\u00bb global_colors_info=\u00bb{}\u00bb][et_pb_text _builder_version=\u00bb4.21.0&#8243; _module_preset=\u00bbdefault\u00bb global_colors_info=\u00bb{}\u00bb]<\/p>\n<h3>Comit\u00e9 de Sostenibilidad<\/h3>\n<p>El Comit\u00e9 de Sostenibilidad realiza an\u00e1lisis y ofrece recomendaciones a la Junta sobre todos los temas relacionados con la sostenibilidad del NCRTD.<\/p>\n<p><a href=\"https:\/\/www.ncrtd.org\/board-of-directors\/sustainability-committee\/\">Ver el orden del d\u00eda del Comit\u00e9 de Sostenibilidad &gt;<\/a><\/p>\n<p>[\/et_pb_text][\/et_pb_column_inner][\/et_pb_row_inner][et_pb_row_inner _builder_version=\u00bb4.21.0&#8243; _module_preset=\u00bbdefault\u00bb global_colors_info=\u00bb{}\u00bb][et_pb_column_inner saved_specialty_column_type=\u00bb3_4&#8243; _builder_version=\u00bb4.21.0&#8243; _module_preset=\u00bbdefault\u00bb global_colors_info=\u00bb{}\u00bb][et_pb_text _builder_version=\u00bb4.21.0&#8243; _module_preset=\u00bbdefault\u00bb global_colors_info=\u00bb{}\u00bb]<\/p>\n<h3>Subcomit\u00e9 Tribal<\/h3>\n<p>El Subcomit\u00e9 Tribal estudiar\u00e1, debatir\u00e1 y abordar\u00e1 cuestiones relacionadas con la prestaci\u00f3n de servicios de transporte para los miembros tribales del distrito.<\/p>\n<p><a href=\"https:\/\/www.ncrtd.org\/board-of-directors\/tribal-subcommittee\/\">Ver los \u00f3rdenes del d\u00eda y las actas del Subcomit\u00e9 Tribal &gt;<\/a><\/p>\n<p>[\/et_pb_text][\/et_pb_column_inner][\/et_pb_row_inner][\/et_pb_column][\/et_pb_section]<\/p>\n","protected":false},"excerpt":{"rendered":"<p>La Junta Directiva est\u00e1 compuesta por miembros del North Central Regional Transit District, conocido popularmente como el Blue Bus\u2122. Ver la Junta Directiva actual &gt;Reuniones de la Junta Las reuniones de la Junta se llevan a cabo en el Jim West Regional Transit Center, 1327 North Riverside Drive, Espa\u00f1ola, Nuevo M\u00e9xico, EE. UU. Normalmente se [&hellip;]<\/p>\n","protected":false},"author":1,"featured_media":0,"parent":0,"menu_order":0,"comment_status":"closed","ping_status":"closed","template":"","meta":{"_et_pb_use_builder":"on","_et_pb_old_content":"","_et_gb_content_width":"","footnotes":""},"class_list":["post-243367","page","type-page","status-publish","hentry"],"_links":{"self":[{"href":"https:\/\/www.ncrtd.org\/es\/wp-json\/wp\/v2\/pages\/243367","targetHints":{"allow":["GET"]}}],"collection":[{"href":"https:\/\/www.ncrtd.org\/es\/wp-json\/wp\/v2\/pages"}],"about":[{"href":"https:\/\/www.ncrtd.org\/es\/wp-json\/wp\/v2\/types\/page"}],"author":[{"embeddable":true,"href":"https:\/\/www.ncrtd.org\/es\/wp-json\/wp\/v2\/users\/1"}],"replies":[{"embeddable":true,"href":"https:\/\/www.ncrtd.org\/es\/wp-json\/wp\/v2\/comments?post=243367"}],"version-history":[{"count":1,"href":"https:\/\/www.ncrtd.org\/es\/wp-json\/wp\/v2\/pages\/243367\/revisions"}],"predecessor-version":[{"id":243371,"href":"https:\/\/www.ncrtd.org\/es\/wp-json\/wp\/v2\/pages\/243367\/revisions\/243371"}],"wp:attachment":[{"href":"https:\/\/www.ncrtd.org\/es\/wp-json\/wp\/v2\/media?parent=243367"}],"curies":[{"name":"wp","href":"https:\/\/api.w.org\/{rel}","templated":true}]}}