{"id":243372,"date":"2021-01-04T14:04:42","date_gmt":"2021-01-04T21:04:42","guid":{"rendered":"https:\/\/www.ncrtd.org\/acerca-de-ncrtd\/"},"modified":"2026-05-05T17:53:41","modified_gmt":"2026-05-05T23:53:41","slug":"acerca-de-ncrtd","status":"publish","type":"page","link":"https:\/\/www.ncrtd.org\/es\/acerca-de-ncrtd\/","title":{"rendered":"Acerca de NCRTD"},"content":{"rendered":"<p>[et_pb_section fb_built=\u00bb1&#8243; fullwidth=\u00bbon\u00bb _builder_version=\u00bb4.16&#8243; _module_preset=\u00bbcbe6949b-fe83-485f-a967-598203880f36&#8243; width_tablet=\u00bb\u00bb width_phone=\u00bb\u00bb width_last_edited=\u00bbon|desktop\u00bb custom_margin=\u00bb140px||||false|false\u00bb custom_margin_tablet=\u00bb0px||||false|false\u00bb custom_margin_phone=\u00bb\u00bb custom_margin_last_edited=\u00bbon|desktop\u00bb global_colors_info=\u00bb{}\u00bb][et_pb_fullwidth_image src=\u00bbhttps:\/\/www.ncrtd.org\/wp-content\/uploads\/2025\/03\/ncrtd-blue-bus-2023-0930.jpg\u00bb alt=\u00bbCarretera serpenteante de Santa Fe\u00bb title_text=\u00bbncrtd-blue-bus-2023-0930&#8243; disabled_on=\u00bboff|off|off\u00bb admin_label=\u00bbbackground fullwidth image\u00bb _builder_version=\u00bb4.27.6&#8243; _module_preset=\u00bb2215b47f-c514-4736-8638-9febfca886f5&#8243; background_color=\u00bbRGBA(255,255,255,0)\u00bb min_height=\u00bb739.1px\u00bb height_phone=\u00bb100px\u00bb custom_margin=\u00bb||-600px||false|false\u00bb global_module=\u00bb3818&#8243; locked=\u00bboff\u00bb global_colors_info=\u00bb{}\u00bb][\/et_pb_fullwidth_image][\/et_pb_section][et_pb_section fb_built=\u00bb1&#8243; specialty=\u00bbon\u00bb padding_1_tablet=\u00bb2em|6%|2em|6%|true|true\u00bb padding_2_tablet=\u00bb2em|6%|2em|6%|true|true\u00bb padding_1_phone=\u00bb2em|8%|2em|8%|true|true\u00bb padding_2_phone=\u00bb2em|8%|2em|8%|true|true\u00bb padding_1_last_edited=\u00bbon|desktop\u00bb padding_2_last_edited=\u00bbon|tablet\u00bb module_id_1=\u00bbsidebar\u00bb module_class_1=\u00bbcontent-sidebar\u00bb module_class_2=\u00bbcontent-main\u00bb _builder_version=\u00bb4.16&#8243; _module_preset=\u00bb49fa2571-fdca-4afb-b157-c44ecc3f4485&#8243; global_colors_info=\u00bb{}\u00bb][et_pb_column type=\u00bb1_4&#8243; _builder_version=\u00bb4.16&#8243; custom_padding=\u00bb|||\u00bb global_colors_info=\u00bb{}\u00bb custom_padding__hover=\u00bb|||\u00bb][et_pb_menu menu_id=\u00bb2&#8243; _builder_version=\u00bb4.16&#8243; _module_preset=\u00bbefd0ba9f-ac50-4f8b-84a6-8e44415a3403&#8243; global_colors_info=\u00bb{}\u00bb][\/et_pb_menu][et_pb_text _builder_version=\u00bb4.23.3&#8243; _module_preset=\u00bba5d3b840-eb6f-4446-9880-fb2e3dcbae61&#8243; global_module=\u00bb2761&#8243; saved_tabs=\u00bball\u00bb global_colors_info=\u00bb{}\u00bb][\/et_pb_text][\/et_pb_column][et_pb_column type=\u00bb3_4&#8243; specialty_columns=\u00bb3&#8243; _builder_version=\u00bb4.16&#8243; custom_padding=\u00bb|||\u00bb global_colors_info=\u00bb{}\u00bb custom_padding__hover=\u00bb|||\u00bb][et_pb_row_inner _builder_version=\u00bb4.16&#8243; _module_preset=\u00bbdefault\u00bb global_colors_info=\u00bb{}\u00bb][et_pb_column_inner saved_specialty_column_type=\u00bb3_4&#8243; _builder_version=\u00bb4.16&#8243; _module_preset=\u00bbdefault\u00bb global_colors_info=\u00bb{}\u00bb][et_pb_text _builder_version=\u00bb4.27.6&#8243; _module_preset=\u00bbdefault\u00bb global_colors_info=\u00bb{}\u00bb]<\/p>\n<h2>Declaraci\u00f3n de la misi\u00f3n<\/h2>\n<p>La misi\u00f3n del Distrito de Tr\u00e1nsito Regional del Centro-Norte es mejorar la calidad de vida de las comunidades proporcionando un sistema de transporte p\u00fablico resiliente, equitativo y eficaz.<\/p>\n<h2>Declaraci\u00f3n de la visi\u00f3n<\/h2>\n<p>Ser un l\u00edder en movilidad que conecte a personas, comunidades y la regi\u00f3n a trav\u00e9s de opciones de movilidad fluidas, integradas e innovadoras para el mejoramiento de nuestra regi\u00f3n.<\/p>\n<h2>Sobre nosotros<\/h2>\n<p>El Blue Bus\u2122 del Distrito de Tr\u00e1nsito Regional del Centro-Norte comenz\u00f3 a operar en 2007, celebrando m\u00e1s de 20 a\u00f1os de servicio. Con sede en Espa\u00f1ola, Nuevo M\u00e9xico, el Blue Bus conecta comunidades, pueblos y tribus a lo largo de 10.000 millas cuadradas en todo el centro-norte de Nuevo M\u00e9xico, sirviendo a residentes en los condados de Santa Fe, R\u00edo Arriba, Taos y Los \u00c1lamos, as\u00ed como a ocho Pueblos del Norte y la Naci\u00f3n Apache Jicarilla. Servicios adicionales conectan comunidades en los condados de San Juan, Mora y San Miguel. El Distrito opera una combinaci\u00f3n de rutas fijas, MyBlue\u2122 bajo demanda, un servicio de coche compartido basado en aplicaciones, y servicios gratuitos de paratr\u00e1nsito\/ADA para pasajeros m\u00e9dicamente cualificados. Ampliando a\u00fan m\u00e1s su alcance, el Blue Bus proporciona a los pasajeros conexiones con New Mexico Rail Runner, Santa Fe Trails, NMDOT Park and Ride, Los Alamos Atomic City Transit, Po&#8217; Pay Messenger Service y Red River Miner\u2019s Transit. Todos los autobuses son accesibles para personas con discapacidad (ADA) y est\u00e1n equipados con portabicicletas. Los servicios de autob\u00fas son gratuitos y la tarifa de MyBlue\u2122 para viajes compartidos es de 1 $ por trayecto.      <\/p>\n<p>[\/et_pb_text][\/et_pb_column_inner][\/et_pb_row_inner][et_pb_row_inner _builder_version=\u00bb4.27.6&#8243; _module_preset=\u00bbdefault\u00bb global_colors_info=\u00bb{}\u00bb][et_pb_column_inner saved_specialty_column_type=\u00bb3_4&#8243; _builder_version=\u00bb4.27.6&#8243; _module_preset=\u00bbdefault\u00bb global_colors_info=\u00bb{}\u00bb][et_pb_text _builder_version=\u00bb4.27.6&#8243; _module_preset=\u00bbdefault\u00bb global_colors_info=\u00bb{}\u00bb]<\/p>\n<h2>Estad\u00edsticas <\/h2>\n<p>[\/et_pb_text][\/et_pb_column_inner][\/et_pb_row_inner][et_pb_row_inner column_structure=\u00bb1_3,1_3,1_3&#8243; gutter_width=\u00bb1&#8243; _builder_version=\u00bb4.16&#8243; _module_preset=\u00bbdefault\u00bb global_colors_info=\u00bb{}\u00bb][et_pb_column_inner type=\u00bb1_3&#8243; saved_specialty_column_type=\u00bb3_4&#8243; _builder_version=\u00bb4.16&#8243; _module_preset=\u00bbdefault\u00bb background_enable_color=\u00bboff\u00bb custom_padding=\u00bb1em|2em|||false|false\u00bb custom_padding_tablet=\u00bb|0em|||false|false\u00bb custom_padding_phone=\u00bb\u00bb custom_padding_last_edited=\u00bbon|desktop\u00bb global_colors_info=\u00bb{}\u00bb][et_pb_text _builder_version=\u00bb4.27.6&#8243; _module_preset=\u00bbdefault\u00bb global_colors_info=\u00bb{}\u00bb]<\/p>\n<h3>Empleados de NCRTD<\/h3>\n<p>105<\/p>\n<p>[\/et_pb_text][et_pb_text _builder_version=\u00bb4.27.6&#8243; _module_preset=\u00bbdefault\u00bb global_colors_info=\u00bb{}\u00bb]<\/p>\n<h3>Millas anuales de veh\u00edculos<\/h3>\n<p>1,21 millones de millas<\/p>\n<p>[\/et_pb_text][et_pb_text _builder_version=\u00bb4.27.6&#8243; _module_preset=\u00bbdefault\u00bb global_colors_info=\u00bb{}\u00bb]<\/p>\n<h3>Flota<\/h3>\n<p>Autobuses: 81, desde veh\u00edculos de 36 pasajeros hasta de 3 pasajeros. Flota de contingencia: 27%<\/p>\n<p>[\/et_pb_text][\/et_pb_column_inner][et_pb_column_inner type=\u00bb1_3&#8243; saved_specialty_column_type=\u00bb3_4&#8243; _builder_version=\u00bb4.16&#8243; _module_preset=\u00bbdefault\u00bb background_enable_color=\u00bboff\u00bb custom_padding=\u00bb1em|2em|||false|false\u00bb custom_padding_tablet=\u00bb|0em|||false|false\u00bb custom_padding_phone=\u00bb\u00bb custom_padding_last_edited=\u00bbon|desktop\u00bb global_colors_info=\u00bb{}\u00bb][et_pb_text _builder_version=\u00bb4.27.6&#8243; _module_preset=\u00bbdefault\u00bb global_colors_info=\u00bb{}\u00bb]<\/p>\n<h3>Equipo de administraci\u00f3n: <\/h3>\n<p>23<\/p>\n<h3>Equipo de operaciones: <\/h3>\n<p>82, incluyendo 18 trabajadores de flota e instalaciones y 48 operadores de tr\u00e1nsito<\/p>\n<p>[\/et_pb_text][et_pb_text _builder_version=\u00bb4.27.6&#8243; _module_preset=\u00bbdefault\u00bb hover_enabled=\u00bb0&#8243; global_colors_info=\u00bb{}\u00bb sticky_enabled=\u00bb0&#8243;]<\/p>\n<h3>Instalaciones<\/h3>\n<p>Paradas de autob\u00fas: 383<\/p>\n<p>Marquesinas de autob\u00fas: 64<\/p>\n<p>[\/et_pb_text][\/et_pb_column_inner][et_pb_column_inner type=\u00bb1_3&#8243; saved_specialty_column_type=\u00bb3_4&#8243; _builder_version=\u00bb4.16&#8243; _module_preset=\u00bbdefault\u00bb background_color=\u00bbrgba(61,60,60,0.1)\u00bb custom_padding=\u00bb1em|1em||1em|false|true\u00bb global_colors_info=\u00bb{}\u00bb][et_pb_text _builder_version=\u00bb4.27.6&#8243; _module_preset=\u00bbdefault\u00bb text_font_size=\u00bb1.2em\u00bb text_line_height=\u00bb1.4em\u00bb global_colors_info=\u00bb{}\u00bb]<\/p>\n<h3>\u00c1rea de servicio total:<\/h3>\n<p>10.079 millas cuadradas<\/p>\n<h3>Direcci\u00f3n:<\/h3>\n<p>1327 N. Riverside Drive<br \/>Espa\u00f1ola, NM 87532<\/p>\n<h3>Tel\u00e9fono:<\/h3>\n<p>N\u00famero principal: 505-629-4725<br \/>Fax: 505-747-6647<\/p>\n<p>[\/et_pb_text][\/et_pb_column_inner][\/et_pb_row_inner][et_pb_row_inner _builder_version=\u00bb4.27.6&#8243; _module_preset=\u00bbdefault\u00bb global_colors_info=\u00bb{}\u00bb][et_pb_column_inner saved_specialty_column_type=\u00bb3_4&#8243; _builder_version=\u00bb4.27.6&#8243; _module_preset=\u00bbdefault\u00bb global_colors_info=\u00bb{}\u00bb][et_pb_text _builder_version=\u00bb4.16&#8243; _module_preset=\u00bbdefault\u00bb global_colors_info=\u00bb{}\u00bb]<\/p>\n<div>\n<h2>Comunidades atendidas<\/h2>\n<\/div>\n<div><\/div>\n<p>[\/et_pb_text][\/et_pb_column_inner][\/et_pb_row_inner][et_pb_row_inner column_structure=\u00bb1_2,1_2&#8243; _builder_version=\u00bb4.16&#8243; _module_preset=\u00bb_initial\u00bb global_colors_info=\u00bb{}\u00bb][et_pb_column_inner type=\u00bb1_2&#8243; saved_specialty_column_type=\u00bb3_4&#8243; _builder_version=\u00bb4.16&#8243; _module_preset=\u00bbdefault\u00bb global_colors_info=\u00bb{}\u00bb][et_pb_text _builder_version=\u00bb4.16&#8243; _module_preset=\u00bbdefault\u00bb global_colors_info=\u00bb{}\u00bb]<\/p>\n<div>\n<h3>Condado de Los \u00c1lamos:<\/h3>\n<p>Los \u00c1lamos<\/p>\n<h3>Condado de Taos:<\/h3>\n<p>Ciudad de Taos, Questa, Costilla, Red River, Pe\u00f1asco, UNM Taos-Klauer, La Lama, Cerro, Arroyo Hondo, Las Trampas, Chamisal, R\u00edo Lucio, Rodarte, Vadito, Talpa, Pilar, Ranchos de Taos, Pueblo de Taos Ski Valley, Arroyo Seco, Valdez, Tres Piedras<\/p>\n<div>\n<h3> Condado de R\u00edo Arriba:<\/h3>\n<p>Espa\u00f1ola, El Rito, Ojo Caliente, Chama, Tierra Amarilla, Cebolla, Gallina, Canjilon, Abiquiu, Chimay\u00f3, Cordova, Truchas, Ojo Sarco, Dixon, Embudo, Santa Clara, El Duende, La Puebla, Hernandez, Ghost Ranch, Medanales, Velarde, Dulce<\/p>\n<\/div>\n<\/div>\n<p>[\/et_pb_text][\/et_pb_column_inner][et_pb_column_inner type=\u00bb1_2&#8243; saved_specialty_column_type=\u00bb3_4&#8243; _builder_version=\u00bb4.16&#8243; _module_preset=\u00bbdefault\u00bb global_colors_info=\u00bb{}\u00bb][et_pb_text _builder_version=\u00bb4.27.6&#8243; _module_preset=\u00bbdefault\u00bb global_colors_info=\u00bb{}\u00bb]<\/p>\n<div>\n<h3>Pueblos y Naci\u00f3n:<\/h3>\n<p>Ohkay Owingeh, Pueblo de San Ildefonso, Pueblo de Tesuque, Pueblo de Pojoaque, Santa Clara Pueblo, Namb\u00e9 Pueblo, Picuris Pueblo, Taos Pueblo y la Naci\u00f3n Apache Jicarilla<\/p>\n<h3>Condado de Santa Fe:<\/h3>\n<p>Santa Fe, Espa\u00f1ola, Eldorado, Edgewood, Lone Butte, Los Cerrillos, Moriarty, Chimayo, La Puebla, Stanley, Tesuque Village, Galisteo, Madrid, Las instalaciones del Complejo Militar de O\u00f1ate (Seguridad Nacional, Guardia Nacional, Mando de Tropas) Departamento Correccional de Nuevo M\u00e9xico, Centro de Detenci\u00f3n de Adultos del Condado de Santa Fe, Ski Santa Fe, La Ci\u00e9nega, La Cieneguilla<\/p>\n<h3>Condado de San Juan:<\/h3>\n<p>Farmington, Bloomfield<\/p>\n<\/div>\n<p>[\/et_pb_text][\/et_pb_column_inner][\/et_pb_row_inner][et_pb_row_inner _builder_version=\u00bb4.16&#8243; _module_preset=\u00bbdefault\u00bb global_colors_info=\u00bb{}\u00bb][et_pb_column_inner saved_specialty_column_type=\u00bb3_4&#8243; _builder_version=\u00bb4.16&#8243; _module_preset=\u00bbdefault\u00bb global_colors_info=\u00bb{}\u00bb][et_pb_divider _builder_version=\u00bb4.16&#8243; _module_preset=\u00bbdefault\u00bb global_colors_info=\u00bb{}\u00bb][\/et_pb_divider][et_pb_text _builder_version=\u00bb4.27.6&#8243; _module_preset=\u00bbdefault\u00bb global_colors_info=\u00bb{}\u00bb]<\/p>\n<div>\n<h2>Hitos<\/h2>\n<\/div>\n<div>\n<ul>\n<li>En 2003, se promulg\u00f3 la Ley de Distritos de Tr\u00e1nsito Regional, NMSA 1978, Cap\u00edtulo 73, Art\u00edculo 25, para permitir la formaci\u00f3n de Distritos de Tr\u00e1nsito Regional con el fin de proporcionar, entre otras cosas, redes regionales de sistemas de transporte p\u00fablico seguros y eficientes.<\/li>\n<li>La primera reuni\u00f3n del Comit\u00e9 Organizador (entonces llamado Grupo de Trabajo) fue el 5 de noviembre de 2003. Esa reuni\u00f3n estableci\u00f3 los principales principios rectores del NCRTD. <\/li>\n<li>La exitosa creaci\u00f3n del primer distrito de tr\u00e1nsito regional de Nuevo M\u00e9xico se celebr\u00f3 el 12 de noviembre de 2004, con un viaje en tren en la l\u00ednea Santa Fe Southern Railway entre Santa Fe y Lamy.<\/li>\n<li>Por d\u00e9cimo a\u00f1o consecutivo, el departamento de Finanzas de Blue Bus fue galardonado por la Government Finance Officers Association (GFOA) por su Informe Financiero Anual Completo (ACFR) y por d\u00e9cimo a\u00f1o consecutivo por su Distinguida Presentaci\u00f3n Presupuestaria. Ese a\u00f1o tambi\u00e9n marc\u00f3 la s\u00e9ptima vez que el Distrito fue reconocido por su Informe Financiero Anual Popular (PAFR). El Distrito recibi\u00f3 el premio Triple Crown de la GFOA por sexto a\u00f1o consecutivo. Estos son cuatro de los m\u00e1s altos reconocimientos en contabilidad gubernamental.   <\/li>\n<li>El Distrito de Tr\u00e1nsito Regional del Centro-Norte (NCRTD) fue galardonado dos veces por el Departamento de Transporte de Nuevo M\u00e9xico (NMDOT) en 2012 y 2009 con el premio al Sistema de Transporte del A\u00f1o para Acceso al Empleo y Viajes de Regreso al Trabajo (JARC).<\/li>\n<li>En octubre de 2014 y de nuevo en 2018, el NCRTD recibi\u00f3 el Premio del Administrador de la Administraci\u00f3n Federal de Tr\u00e1nsito (FTA) por Servicio P\u00fablico Destacado en Transporte P\u00fablico Rural.<\/li>\n<li>El Distrito de Tr\u00e1nsito Regional del Centro-Norte inform\u00f3 un r\u00e9cord de 294.313 viajes en el a\u00f1o fiscal 2019, un 1,7 por ciento m\u00e1s que el a\u00f1o anterior.<\/li>\n<\/ul>\n<\/div>\n<p>[\/et_pb_text][\/et_pb_column_inner][\/et_pb_row_inner][et_pb_row_inner _builder_version=\u00bb4.16&#8243; _module_preset=\u00bbdefault\u00bb custom_padding=\u00bb||0em||false|false\u00bb global_colors_info=\u00bb{}\u00bb][et_pb_column_inner saved_specialty_column_type=\u00bb3_4&#8243; _builder_version=\u00bb4.16&#8243; _module_preset=\u00bbdefault\u00bb global_colors_info=\u00bb{}\u00bb][et_pb_text _builder_version=\u00bb4.27.6&#8243; _module_preset=\u00bbdefault\u00bb global_colors_info=\u00bb{}\u00bb]<\/p>\n<h2>Sostenibilidad<\/h2>\n<p>Declaraci\u00f3n de visi\u00f3n y misi\u00f3n: Ser un socio sostenible y consciente del medio ambiente, mejorando la calidad de vida de las comunidades del centro-norte de Nuevo M\u00e9xico y m\u00e1s all\u00e1.<\/p>\n<blockquote>\n<p>DATO: Los pasajeros de NCRTD contribuyen a la reducci\u00f3n de aproximadamente 2.291 toneladas de emisiones de carbono o 4,6 millones de libras anualmente. <\/p>\n<\/blockquote>\n<p>[\/et_pb_text][et_pb_divider _builder_version=\u00bb4.27.6&#8243; _module_preset=\u00bbdefault\u00bb global_colors_info=\u00bb{}\u00bb][\/et_pb_divider][et_pb_text _builder_version=\u00bb4.27.6&#8243; _module_preset=\u00bb_initial\u00bb global_colors_info=\u00bb{}\u00bb]<\/p>\n<h2>Salud y Bienestar en el Blue Bus<\/h2>\n<p>El Blue Bus cree en los beneficios del ejercicio. La conclusi\u00f3n es que el ejercicio y la actividad f\u00edsica son una excelente manera de sentirse mejor, obtener beneficios para la salud y divertirse. \u00a1El Distrito se asegura de que todos los empleados sepan que estamos de su lado y queremos ayudarles a sentirse bien!  <\/p>\n<p><strong>\u00a1Actualmente ofrecemos reembolsos de salud y bienestar por 15 d\u00f3lares al mes!<\/strong><\/p>\n<p>[\/et_pb_text][et_pb_image src=\u00bbhttps:\/\/www.ncrtd.org\/wp-content\/uploads\/2021\/01\/RTD-promotes-health-and-wellness.png\u00bb alt=\u00bb\u00a1NCRTD promueve la salud y el bienestar los 365 d\u00edas del a\u00f1o!\u00bb title_text=\u00bbRTD-promueve-salud-y-bienestar\u00bb _builder_version=\u00bb4.16&#8243; _module_preset=\u00bbdefault\u00bb global_colors_info=\u00bb{}\u00bb][\/et_pb_image][et_pb_blurb title=\u00bbM\u00e1s informaci\u00f3n\u00bb use_icon=\u00bbon\u00bb font_icon=\u00bb&#xe092;||divi||400&#8243; _builder_version=\u00bb4.16&#8243; _module_preset=\u00bb44e7b246-d2bf-4d86-a6ee-605d0c2f86a1&#8243; link_option_url=\u00bb\/wp-content\/uploads\/2021\/01\/health_wellness-compressed.pdf\u00bb link_option_url_new_window=\u00bbon\u00bb global_colors_info=\u00bb{}\u00bb]<\/p>\n<p>Acerca de las membres\u00edas al Health Plex en el Hospital Presbiteriano<\/p>\n<p>[\/et_pb_blurb][\/et_pb_column_inner][\/et_pb_row_inner][\/et_pb_column][\/et_pb_section]<\/p>\n","protected":false},"excerpt":{"rendered":"<p>Declaraci\u00f3n de la misi\u00f3n La misi\u00f3n del Distrito de Tr\u00e1nsito Regional del Centro-Norte es mejorar la calidad de vida de las comunidades proporcionando un sistema de transporte p\u00fablico resiliente, equitativo y eficaz. Declaraci\u00f3n de la visi\u00f3n Ser un l\u00edder en movilidad que conecte a personas, comunidades y la regi\u00f3n a trav\u00e9s de opciones de movilidad [&hellip;]<\/p>\n","protected":false},"author":1,"featured_media":0,"parent":0,"menu_order":0,"comment_status":"closed","ping_status":"closed","template":"","meta":{"_et_pb_use_builder":"on","_et_pb_old_content":"","_et_gb_content_width":"","footnotes":""},"class_list":["post-243372","page","type-page","status-publish","hentry"],"_links":{"self":[{"href":"https:\/\/www.ncrtd.org\/es\/wp-json\/wp\/v2\/pages\/243372","targetHints":{"allow":["GET"]}}],"collection":[{"href":"https:\/\/www.ncrtd.org\/es\/wp-json\/wp\/v2\/pages"}],"about":[{"href":"https:\/\/www.ncrtd.org\/es\/wp-json\/wp\/v2\/types\/page"}],"author":[{"embeddable":true,"href":"https:\/\/www.ncrtd.org\/es\/wp-json\/wp\/v2\/users\/1"}],"replies":[{"embeddable":true,"href":"https:\/\/www.ncrtd.org\/es\/wp-json\/wp\/v2\/comments?post=243372"}],"version-history":[{"count":1,"href":"https:\/\/www.ncrtd.org\/es\/wp-json\/wp\/v2\/pages\/243372\/revisions"}],"predecessor-version":[{"id":243375,"href":"https:\/\/www.ncrtd.org\/es\/wp-json\/wp\/v2\/pages\/243372\/revisions\/243375"}],"wp:attachment":[{"href":"https:\/\/www.ncrtd.org\/es\/wp-json\/wp\/v2\/media?parent=243372"}],"curies":[{"name":"wp","href":"https:\/\/api.w.org\/{rel}","templated":true}]}}