{"id":243382,"date":"2021-01-04T14:44:58","date_gmt":"2021-01-04T21:44:58","guid":{"rendered":"https:\/\/www.ncrtd.org\/noticias\/"},"modified":"2026-05-05T17:53:55","modified_gmt":"2026-05-05T23:53:55","slug":"noticias","status":"publish","type":"page","link":"https:\/\/www.ncrtd.org\/es\/noticias\/","title":{"rendered":"Noticias"},"content":{"rendered":"<p>[et_pb_section fb_built=\u00bb1&#8243; fullwidth=\u00bbon\u00bb _builder_version=\u00bb4.16&#8243; _module_preset=\u00bbcbe6949b-fe83-485f-a967-598203880f36&#8243; width_tablet=\u00bb\u00bb width_phone=\u00bb\u00bb width_last_edited=\u00bbon|desktop\u00bb custom_margin=\u00bb140px||||false|false\u00bb custom_margin_tablet=\u00bb0px||||false|false\u00bb custom_margin_phone=\u00bb\u00bb custom_margin_last_edited=\u00bbon|desktop\u00bb global_colors_info=\u00bb{}\u00bb][et_pb_fullwidth_image src=\u00bbhttps:\/\/www.ncrtd.org\/wp-content\/uploads\/2025\/03\/ncrtd-blue-bus-2023-0930.jpg\u00bb alt=\u00bbCarretera sinuosa de Santa Fe\u00bb title_text=\u00bbncrtd-blue-bus-2023-0930&#8243; disabled_on=\u00bboff|off|off\u00bb admin_label=\u00bbbackground fullwidth image\u00bb _builder_version=\u00bb4.27.6&#8243; _module_preset=\u00bb2215b47f-c514-4736-8638-9febfca886f5&#8243; background_color=\u00bbRGBA(255,255,255,0)\u00bb min_height=\u00bb739.1px\u00bb height_phone=\u00bb723.1px\u00bb custom_margin=\u00bb||-600px||false|false\u00bb disabled=\u00bbon\u00bb global_module=\u00bb3818&#8243; locked=\u00bboff\u00bb global_colors_info=\u00bb{}\u00bb][\/et_pb_fullwidth_image][\/et_pb_section][et_pb_section fb_built=\u00bb1&#8243; specialty=\u00bbon\u00bb padding_1_tablet=\u00bb2em|6%|2em|6%|true|true\u00bb padding_2_tablet=\u00bb2em|6%|2em|6%|true|true\u00bb padding_1_phone=\u00bb2em|8%|2em|8%|true|true\u00bb padding_2_phone=\u00bb2em|8%|2em|8%|true|true\u00bb padding_1_last_edited=\u00bbon|desktop\u00bb padding_2_last_edited=\u00bbon|tablet\u00bb module_id_1=\u00bbsidebar\u00bb module_class_1=\u00bbcontent-sidebar\u00bb module_class_2=\u00bbcontent-main\u00bb _builder_version=\u00bb4.16&#8243; _module_preset=\u00bb49fa2571-fdca-4afb-b157-c44ecc3f4485&#8243; global_colors_info=\u00bb{}\u00bb][et_pb_column type=\u00bb1_4&#8243; _builder_version=\u00bb4.16&#8243; custom_padding=\u00bb|||\u00bb global_colors_info=\u00bb{}\u00bb custom_padding__hover=\u00bb|||\u00bb][et_pb_menu menu_id=\u00bb2&#8243; _builder_version=\u00bb4.16&#8243; _module_preset=\u00bbefd0ba9f-ac50-4f8b-84a6-8e44415a3403&#8243; global_colors_info=\u00bb{}\u00bb][\/et_pb_menu][\/et_pb_column][et_pb_column type=\u00bb3_4&#8243; specialty_columns=\u00bb3&#8243; _builder_version=\u00bb4.16&#8243; custom_padding=\u00bb|||\u00bb global_colors_info=\u00bb{}\u00bb custom_padding__hover=\u00bb|||\u00bb][et_pb_row_inner admin_label=\u00bbrow\u00bb _builder_version=\u00bb4.16&#8243; background_size=\u00bbinitial\u00bb background_position=\u00bbtop_left\u00bb background_repeat=\u00bbrepeat\u00bb custom_padding=\u00bb10px||4px|1px|false|false\u00bb global_colors_info=\u00bb{}\u00bb][et_pb_column_inner saved_specialty_column_type=\u00bb3_4&#8243; _builder_version=\u00bb4.16&#8243; custom_padding=\u00bb|||\u00bb global_colors_info=\u00bb{}\u00bb custom_padding__hover=\u00bb|||\u00bb][et_pb_text admin_label=\u00bbText\u00bb _builder_version=\u00bb4.27.4&#8243; background_size=\u00bbinitial\u00bb background_position=\u00bbtop_left\u00bb background_repeat=\u00bbrepeat\u00bb global_colors_info=\u00bb{}\u00bb]<\/p>\n<p>Bienvenido a la sala de prensa en l\u00ednea del NCRTD.<\/p>\n<p>Acerca de: El Distrito de Tr\u00e1nsito Regional del Centro-Norte (NCRTD) conecta comunidades y pueblos a lo largo de 25 900 kil\u00f3metros cuadrados en el centro-norte de Nuevo M\u00e9xico, incluyendo Espa\u00f1ola, Los \u00c1lamos, Santa Fe y Taos. El distintivo Blue Bus\u2122 ofrece servicio en 29 rutas fijas de autob\u00fas, viajes compartidos bajo demanda MyBlue\u2122 y servicios de paratr\u00e1nsito\/ADA. Todas las rutas operan de lunes a viernes, con la excepci\u00f3n de la ruta de fin de semana 305 Taos Express, la ruta de invierno de temporada 341 TSV Green Line y la ruta 255 Mountain Trail, que opera los 365 d\u00edas del a\u00f1o.  <\/p>\n<p>\n<\/p>\n<p>[\/et_pb_text][et_pb_text _builder_version=\u00bb4.27.6&#8243; _module_preset=\u00bbdefault\u00bb hover_enabled=\u00bb0&#8243; global_colors_info=\u00bb{}\u00bb sticky_enabled=\u00bb0&#8243;]<\/p>\n<h2>Recortes de prensa<\/h2>\n<p><a href=\"https:\/\/www.taosnews.com\/news\/business\/blue-bus-names-new-deputy-director-of-operations\/article_5f8cf925-8e4a-5fa2-ae37-d8c5f0b572bd.html\">Blue Bus nombra nuevo subdirector de operaciones<\/a> &#8211; Taos News, 4 de marzo de 2026<\/p>\n<p><a href=\"https:\/\/ladailypost.com\/north-central-regional-transit-district-blue-bus-announces-bryan-walck-as-deputy-executive-director-of-operations\/\">El Blue Bus del Distrito de Tr\u00e1nsito Regional del Centro-Norte anuncia a Bryan Walck como subdirector ejecutivo de operaciones<\/a> &#8211; Los Alamos Daily Post, 27 de febrero de 2026<\/p>\n<p><a href=\"https:\/\/www.taosnews.com\/news\/business\/blue-bus-launches-seasonal-taos-ski-valley-service\/article_791286b8-f793-5713-8e69-26646a152478.html\">Blue Bus lanza servicio de temporada al Valle de Esqu\u00ed de Taos<\/a> &#8211; Taos News, 24 de diciembre de 2025<\/p>\n<p><a href=\"https:\/\/ladailypost.com\/ncrtd-blue-bus-launches-seasonal-service-to-taos-ski-valley-tsv-green-route-341-runs-dec-20-march-22\/\">El Blue Bus del NCRTD lanza servicio de temporada al Valle de Esqu\u00ed de Taos, ruta verde TSV 341, del 20 de diciembre al 22 de marzo<\/a> &#8211; Los Alamos Daily Post, 16 de diciembre de 2025<\/p>\n<p><a href=\"https:\/\/www.krqe.com\/video\/my-blue-bus-service-offering-rides-to-new-mexico-veterans\/11267827\/\">El servicio My Blue Bus ofrece viajes a veteranos de Nuevo M\u00e9xico<\/a> &#8211; KRQE, 15 de noviembre de 2025<\/p>\n<p><a href=\"https:\/\/www.santafenewmexican.com\/news\/local_news\/blue-bus-launches-free-on-demand-rides-for-veterans-and-active-duty-military\/article_e7d895db-a7c4-493c-b98b-2d9cb50d3d65.html\">Blue Bus lanza viajes gratuitos bajo demanda para veteranos y militares en servicio activo<\/a> &#8211; Santa Fe New Mexican, 13 de noviembre de 2025<\/p>\n<p><a href=\"https:\/\/www.pressreader.com\/usa\/the-taos-news\/20251113\/281973203923506\">Blue Bus ofrecer\u00e1 tarifas gratuitas de viaje compartido a personal militar y veteranos<\/a> &#8211; Pressreader, 13 de noviembre de 2025<\/p>\n<p><a href=\"https:\/\/aptapassengertransport.com\/ncrtd-appoints-nicholas-a-sofoul-as-executive-director\/\">El NCRTD nombra a Nichola A. Sofoul como directora ejecutiva<\/a> &#8211; Passenger Transport, 11 de noviembre de 2025<\/p>\n<p><a href=\"https:\/\/ladailypost.com\/blue-bus-connects-communities-to-food-resources-amid-federal-government-shutdown\/\">Blue Bus conecta comunidades con recursos alimentarios en medio del cierre del gobierno federal<\/a> &#8211; Los Alamos Daily Post, 7 de noviembre de 2025<\/p>\n<p><a href=\"https:\/\/www.santafenewmexican.com\/opinion\/editorials\/myblue-a-better-way-to-transport-released-prisoners\/article_0608163f-0fb1-44de-9624-7e56f7d4831d.html\" target=\"_blank\" rel=\"noopener\">MyBlue: Una mejor manera de transportar a los presos liberados<\/a> &#8211; Santa Fe New Mexican, 15 de octubre de 2025<\/p>\n<p><a href=\"https:\/\/www.krqe.com\/news\/new-mexico\/santa-fe-county-jail-near-deadly-road-works-with-bus-company-to-give-released-inmates-rides\/\" target=\"_blank\" rel=\"noopener\">La c\u00e1rcel del condado de Santa Fe, cerca de una carretera peligrosa, trabaja con una compa\u00f1\u00eda de autobuses para dar viajes a los reclusos liberados<\/a> &#8211; KRQE News, 14 de octubre de 2025<\/p>\n<p><a href=\"https:\/\/www.santafenewmexican.com\/news\/local_news\/blue-bus-to-offer-free-rides-from-santa-fe-jail-in-wake-of-national-reporting\/article_25fa2a51-4a77-41d3-899e-698e2a1f917e.html\" target=\"_blank\" rel=\"noopener\">Viaje hacia un nuevo comienzo<\/a> &#8211; Santa Fe New Mexican, 8 de octubre de 2025<\/p>\n<p><a href=\"https:\/\/www.taosnews.com\/news\/business\/the-new-blue-bus-boss\/article_e48c8319-9d65-5105-a0bb-62d95f837c29.html\" target=\"_blank\" rel=\"noopener\">El nuevo jefe de Blue Bus<\/a> &#8211; Taos News, 11 de septiembre de 2025<\/p>\n<p><a href=\"https:\/\/ladailypost.com\/big-north-central-regional-transit-district-appoints-nicholas-a-sofoul-as-new-executive-director\/\" target=\"_blank\" rel=\"noopener\">El Distrito de Tr\u00e1nsito Regional del Centro-Norte nombra a Nicholas A. Sofoul como nuevo director ejecutivo<\/a> &#8211; Los Alamos Daily Post, 6 de septiembre de 2025<\/p>\n<p><a href=\"https:\/\/losalamosreporter.com\/2025\/09\/05\/nicholas-a-sofoul-appointed-new-executive-director-of-north-central-regional-transit-district\/\" target=\"_blank\" rel=\"noopener\">Nicholas A. Sofoul nombrado nuevo director ejecutivo del Distrito de Tr\u00e1nsito Regional del Centro-Norte<\/a> &#8211; Los Alamos Reporter, 5 de septiembre de 2025<\/p>\n<p><a href=\"https:\/\/www.santafenewmexican.com\/news\/local_news\/new-executive-director-to-oversee-regional-blue-blus-system\/article_9c264065-017e-4190-8996-22d388466aa3.html\" target=\"_blank\" rel=\"noopener\">Nuevo director ejecutivo supervisar\u00e1 el sistema regional Blue Bus<\/a> &#8211; Santa Fe New Mexican, 5 de septiembre de 2025<\/p>\n<p><a href=\"https:\/\/www.taosnews.com\/sponsored\/need-a-ride\/article_d94086cc-fd3e-470c-8378-84db9169722d.html\">Historia de \u00e9xito de Taos News: \u00bfNecesitas un viaje?<\/a>  &#8211; Taos News Advertorial, 4 de septiembre de 2025<\/p>\n<p><a href=\"https:\/\/www.taosnews.com\/news\/business\/blue-bus-temporary-service-cuts-due-to-driver-shortage\/article_c0a3e691-2274-556a-8fcb-5b8699f53c8e.html\" target=\"_blank\" rel=\"noopener\">Blue Bus: Recortes temporales de servicio debido a la escasez de conductores<\/a> &#8211; Taos News, 6 de agosto de 2025<\/p>\n<p><a href=\"https:\/\/www.taosnews.com\/podcast\/\" target=\"_blank\" rel=\"noopener\">Anthony Mortillaro en el Blue Bus del NCRTD<\/a> &#8211; Taos News, Voices of Taos, 1 de julio de 2025<\/p>\n<p><a href=\"https:\/\/www.santafenewmexican.com\/news\/local_news\/regional-blue-bus-system-opens-17-8m-transportation-facility-in-taos\/article_1e81f4c8-2d6e-4821-aa8a-aa5105318fa8.html\" target=\"_blank\" rel=\"noopener\">El sistema regional Blue Bus abre una instalaci\u00f3n de transporte de 17,8 millones de d\u00f3lares en Taos<\/a> &#8211; Santa Fe New Mexican, 27 de junio de 2025<\/p>\n<p><a href=\"https:\/\/www.taosnews.com\/news\/local-news\/blue-bus-opens-17-8m-transpo-facility\/article_698a1d8e-a204-5e86-8ef9-5d8935b47c49.html\" target=\"_blank\" rel=\"noopener\">Blue Bus abre una instalaci\u00f3n de transporte de 17,8 millones de d\u00f3lares<\/a> &#8211; Taos News, 25 de junio de 2025<\/p>\n<p><a href=\"https:\/\/www.taosnews.com\/public-safety\/police-arrest-third-man-in-blue-bus-homicide\/article_bd0b4510-5426-42fa-8832-b0fcce9ddbf6.html\" target=\"_blank\" rel=\"noopener\">La polic\u00eda arresta a un tercer hombre en el homicidio de Blue Bus<\/a> &#8211; Taos News, 12 de junio de 2025<\/p>\n<p><a href=\"https:\/\/www.taosnews.com\/public-safety\/police-arrest-one-suspect-in-blue-bus-murder-issue-warrant-for-another\/article_3acb6dac-197d-4ee0-8015-2a970d939000.html\" target=\"_blank\" rel=\"noopener\">La polic\u00eda arresta a un sospechoso en el asesinato de Blue Bus, emite orden de arresto para otro<\/a> &#8211; Taos News, 9 de junio de 2025<\/p>\n<p><a href=\"https:\/\/www.taosnews.com\/public-safety\/sheriff-investigating-blue-bus-homicide\/article_8db24d90-46ee-4f24-b6d8-513e74a44fb4.html\" target=\"_blank\" rel=\"noopener\">El sheriff investiga el homicidio de Blue Bus<\/a> &#8211; Taos News, 9 de junio de 2025<\/p>\n<p><a href=\"https:\/\/nm.news\/2025\/05\/20\/edgewood-commission-tackles-transparency-concerns-approves-events-and-says-goodbye\/?mc_cid=fcfb3e0a53&amp;mc_eid=49185853a5\" target=\"_blank\" rel=\"noopener\">La Comisi\u00f3n de Edgewood aborda preocupaciones de transparencia, aprueba eventos y se despide<\/a> &#8211; NM News, 20 de mayo de 2025<\/p>\n<p><a href=\"https:\/\/sourcenm.com\/briefs\/blue-bus-expects-to-restore-routes-limited-by-onset-of-covid-19\/\">Blue Bus espera restaurar rutas limitadas por el inicio de la COVID-19<\/a> &#8211; Source NM, 5 de mayo de 2025<\/p>\n<p><a href=\"https:\/\/www.santafenewmexican.com\/news\/local_news\/holy-rollers-blue-bus-makes-chimay-pilgrimage-feasible-for-limited-mobility-faithful\/article_beb45958-612c-4c2d-be88-2d089dc5e37d.html\">Peregrinos: Blue Bus hace posible la peregrinaci\u00f3n a Chimay\u00f3 para fieles con movilidad reducida<\/a> &#8211; Santa Fe New Mexican, 19 de abril de 2025<\/p>\n<p><a href=\"https:\/\/www.masstransitmag.com\/bus\/article\/55274912\/ncrtd-improving-transit-access-for-rural-communities-in-new-mexico\">El NCRTD mejora el acceso al transporte para las comunidades rurales de Nuevo M\u00e9xico<\/a> &#8211; Mass Transit Magazine, 15 de abril de 2025<\/p>\n<p><a href=\"https:\/\/ladailypost.com\/ncrtd-blue-bus-to-provide-special-express-service-from-pojoaque-for-2025-pilgrimage-to-santuario-de-chimayo\/\">El Blue Bus del NCRTD ofrecer\u00e1 un servicio expr\u00e9s especial desde Pojoaque para la peregrinaci\u00f3n de 2025 al Santuario de Chimay\u00f3<\/a> &#8211; Los Alamos Daily Post, 11 de abril de 2025<\/p>\n<p><a href=\"https:\/\/www.dot.nm.gov\/blog\/2025\/04\/08\/regional-public-safety-agencies-unite-to-ensure-safe-pilgrimage-to-santuario-de-chimayo\/\">Agencias regionales de seguridad p\u00fablica se unen para garantizar una peregrinaci\u00f3n segura al Santuario de Chimay\u00f3<\/a> &#8211; Departamento de Transporte de Nuevo M\u00e9xico, 8 de abril de 2025<\/p>\n<p><a href=\"https:\/\/www.santafenewmexican.com\/news\/local_news\/regional-transit-district-director-plans-to-retire-after-over-20-years-with-blue-bus-system\/article_f8069e2e-e4c2-11ef-843f-1b69e721229b.html\">El director del distrito de tr\u00e1nsito regional planea jubilarse despu\u00e9s de m\u00e1s de 20 a\u00f1os con el sistema Blue Bus<\/a> &#8211; Santa Fe New Mexican, 6 de febrero de 2025<\/p>\n<p><a href=\"https:\/\/www.taosnews.com\/news\/business\/ncrtd-executive-director-set-to-retire-as-taos-maintenance-facility-nears-completion\/article_452a83d4-d5b7-5524-9f63-986ca0de8e9d.html\">El director ejecutivo del NCRTD se jubilar\u00e1 a medida que la instalaci\u00f3n de mantenimiento de Taos se acerca a su finalizaci\u00f3n<\/a> &#8211; Taos News, febrero. 4 2025<\/p>\n<p><a href=\"https:\/\/www.santafenewmexican.com\/news\/local_news\/after-20-years-of-building-connections-blue-bus-system-embarks-on-expansions\/article_e356b11a-c3a9-11ef-85e3-4f93919f182c.html\">Despu\u00e9s de 20 a\u00f1os construyendo conexiones, el sistema Blue Bus se embarca en expansiones<\/a> &#8211; Santa Fe New Mexican, 4 de enero de 2025<\/p>\n<p><a href=\"https:\/\/ladailypost.com\/ncrtd-blue-bus-celebrates-20-years-with-special-event\/\">El Blue Bus\u2122 del NCRTD celebra 20 a\u00f1os con un evento especial<\/a> &#8211; 6 de septiembre de 2024<\/p>\n<p><a href=\"https:\/\/ladailypost.com\/ncrtd-debuts-new-electric-myblue-ride-share-vans\/\">El NCRTD presenta nuevas furgonetas el\u00e9ctricas de viaje compartido MYBlue<\/a> &#8211; 19 de agosto de 2024<\/p>\n<p><a href=\"https:\/\/www.santafenewmexican.com\/news\/local_news\/transit-district-plans-study-on-autonomous-vehicle-technology-in-northern-new-mexico\/article_d542b564-e552-11ee-be04-47f64d77afb4.html\">El distrito de tr\u00e1nsito planea un estudio sobre la tecnolog\u00eda de veh\u00edculos aut\u00f3nomos en el norte de Nuevo M\u00e9xico<\/a> &#8211; Santa Fe New Mexican, 26 de julio de 2024<\/p>\n<p><a href=\"NCRTD%20Blue%20Bus%20Awarded%20%249.2%20Million%20In%20Federal%20And%20State%20Grants%20For%20Headquarters%20Expansion\">El Blue Bus del NCRTD recibe 9,2 millones de d\u00f3lares en subvenciones federales y estatales para la expansi\u00f3n de la sede<\/a> &#8211; 23 de julio de 2024<\/p>\n<p><a href=\"https:\/\/ladailypost.com\/ncrtd-blue-bus-wins-2024-community-transit-system-of-the-year-award-small-system\/\">El Blue Bus\u2122 del NCRTD gana el premio al Sistema de Tr\u00e1nsito Comunitario del A\u00f1o 2024 \u2013 Sistema Peque\u00f1o<\/a> &#8211; Los Alamos Daily Post, 16 de junio de 2024<\/p>\n<p><a href=\"https:\/\/www.masstransitmag.com\/alt-mobility\/autonomous-vehicles\/press-release\/53099571\/north-central-regional-transit-district-ncrtd-to-enter-mou-with-ctaa-to-create-roadmap-for-developing-avs\">El NCRTD firmar\u00e1 un MOU con CTAA para crear una hoja de ruta para el desarrollo de veh\u00edculos aut\u00f3nomos<\/a> &#8211; Mass Transit, marzo de 2024<\/p>\n<p><a href=\"https:\/\/www.santafenewmexican.com\/news\/local_news\/transit-district-plans-study-on-autonomous-vehicle-technology-in-northern-new-mexico\/article_d542b564-e552-11ee-be04-47f64d77afb4.html\" target=\"_blank\" rel=\"noopener\">El distrito de tr\u00e1nsito planea un estudio sobre la tecnolog\u00eda de veh\u00edculos aut\u00f3nomos en el norte de Nuevo M\u00e9xico<\/a> &#8211; Santa Fe New Mexican, marzo de 2024<\/p>\n<p><a href=\"https:\/\/www.taosnews.com\/news\/local-news\/transit-district-to-study-autonomous-vehicle-technology-in-northern-new-mexico\/article_d7b94168-b53b-5878-8753-b81c79062f8a.html\">El Distrito de Tr\u00e1nsito estudiar\u00e1 la tecnolog\u00eda de veh\u00edculos aut\u00f3nomos en el norte de Nuevo M\u00e9xico<\/a> &#8211; Taos News, marzo de 2024<\/p>\n<p><a href=\"https:\/\/www.lasvegasoptic.com\/news\/community\/mora-blue-bus-route-back-in-service-with-new-driver\/article_028a78a8-c128-11ee-85cf-6f007f22802f.html\">La ruta Mora Blue Bus vuelve a estar en servicio con un nuevo conductor<\/a> &#8211; Las Vegas Optic, febrero de 2024<\/p>\n<p><a href=\"https:\/\/www.santafenewmexican.com\/news\/local_news\/transit-district-announces-sweeping-blue-bus-service-reductions\/article_e93059a2-a5e0-11ee-8ca8-fb42b39ef9b8.html\">El distrito de tr\u00e1nsito anuncia &#8216;dr\u00e1sticas&#8217; reducciones de servicio de Blue Bus<\/a> &#8211; Santa Fe New Mexican, diciembre de 2023<\/p>\n<p><a href=\"https:\/\/www.krqe.com\/news\/new-mexico\/rural-new-mexico-community-losing-vital-resource-due-to-lack-of-drivers\/\" target=\"_blank\" rel=\"noopener\">Comunidad rural de Nuevo M\u00e9xico pierde un recurso vital debido a la falta de conductores<\/a> &#8211; noviembre de 2023<\/p>\n<p><a href=\"https:\/\/www.lasvegasoptic.com\/news\/business\/little-blue-bus-has-route-suspended-after-losing-driver\/article_4dc8aac8-7f2a-11ee-8b26-67043fbf0bce.html\" target=\"_blank\" rel=\"noopener\">La ruta del &#8216;Little Blue Bus&#8217; suspendida tras perder al conductor<\/a> &#8211; Las Vegas Optic, noviembre de 2023<\/p>\n<p><a href=\"https:\/\/www.santafenewmexican.com\/news\/local_news\/blue-bus-adjusts-schedule-for-fall\/article_f90483d8-6c3a-11ee-bbd7-2f7e896ac92c.html\" target=\"_blank\" rel=\"noopener\">Blue Bus ajusta el horario para oto\u00f1o<\/a> &#8211; Santa Fe New Mexican, octubre de 2023<\/p>\n<p><a href=\"https:\/\/www.santafenewmexican.com\/news\/local_news\/blue-bus-to-build-workforce-housing-in-espa-ola-to-draw-staff\/article_bc00964c-6204-11ee-a4f5-9bf1ff122bcc.html\" target=\"_blank\" rel=\"noopener\">Blue Bus construir\u00e1 viviendas para la fuerza laboral en Espa\u00f1ola para atraer personal<\/a> &#8211; Santa Fe New Mexican, octubre de 2023<\/p>\n<p><a href=\"https:\/\/www.taosnews.com\/news\/local-news\/rtd-awarded-8m-grant\/article_1f002ead-2f32-5a48-aded-f6f028b320b7.html\" target=\"_blank\" rel=\"noopener\">El RTD recibe una subvenci\u00f3n de 8 millones de d\u00f3lares; los fondos ayudar\u00e1n a construir una nueva instalaci\u00f3n de mantenimiento de flotas en Taos<\/a> &#8211; Taos News, julio de 2023<\/p>\n<p><a href=\"https:\/\/ladailypost.com\/new-mexico-delegation-delivers-26-2m-to-modernize-bus-fleets-improve-public-transit-including-local-ncrtd\/\" target=\"_blank\" rel=\"noopener\">La Delegaci\u00f3n de Nuevo M\u00e9xico entrega 26,2 millones de d\u00f3lares para modernizar las flotas de autobuses y mejorar el transporte p\u00fablico, incluido el NCRTD local<\/a> &#8211; Los Alamos Daily Post, julio de 2023<\/p>\n<p><a href=\"https:\/\/www.santafenewmexican.com\/news\/local_news\/transit-district-aims-for-zero-emissions-in-new-20-year-plan\/article_0d71cb18-053a-11ee-9838-a360ddd661c8.html\" target=\"_blank\" rel=\"noopener\">El Distrito de Tr\u00e1nsito apunta a cero emisiones en el nuevo plan de 20 a\u00f1os<\/a> &#8211; Santa Fe New Mexican, junio de 2023<\/p>\n<p><a href=\"https:\/\/www.masstransitmag.com\/bus\/vehicles\/hybrid-hydrogen-electric-vehicles\/press-release\/53063156\/north-central-regional-transit-district-ncrtd-ncrtd-begins-transition-plan-to-zeroemission-fleet?utm_source=MASS+NewsViews+Newsletter&amp;utm_medium=email&amp;utm_campaign=CPS230612030&amp;o_eid=5685D7882312B8Z&amp;rdx.ident\" target=\"_blank\" rel=\"noopener\">El NCRTD comienza el plan de transici\u00f3n a una flota de cero emisiones<\/a> &#8211; junio de 2023<\/p>\n<p>&nbsp;<\/p>\n<p>[\/et_pb_text][\/et_pb_column_inner][\/et_pb_row_inner][et_pb_row_inner column_structure=\u00bb1_3,1_3,1_3&#8243; _builder_version=\u00bb4.23&#8243; _module_preset=\u00bbdefault\u00bb global_colors_info=\u00bb{}\u00bb][et_pb_column_inner type=\u00bb1_3&#8243; saved_specialty_column_type=\u00bb3_4&#8243; _builder_version=\u00bb4.23&#8243; _module_preset=\u00bbdefault\u00bb global_colors_info=\u00bb{}\u00bb][et_pb_button button_url=\u00bbhttps:\/\/www.ncrtd.org\/news\/press-releases\/\u00bb button_text=\u00bbComunicados de prensa\u00bb button_alignment=\u00bbcenter\u00bb _builder_version=\u00bb4.23&#8243; _module_preset=\u00bbdefault\u00bb custom_margin=\u00bb20px|20px|20px|20px|false|false\u00bb global_colors_info=\u00bb{}\u00bb][\/et_pb_button][\/et_pb_column_inner][et_pb_column_inner type=\u00bb1_3&#8243; saved_specialty_column_type=\u00bb3_4&#8243; _builder_version=\u00bb4.23&#8243; _module_preset=\u00bbdefault\u00bb global_colors_info=\u00bb{}\u00bb][et_pb_button button_url=\u00bbhttps:\/\/www.ncrtd.org\/news\/public-records-request\/\u00bb button_text=\u00bbSolicitudes de registros p\u00fablicos\u00bb button_alignment=\u00bbcenter\u00bb _builder_version=\u00bb4.23&#8243; _module_preset=\u00bbdefault\u00bb custom_margin=\u00bb20px|20px|20px|20px|false|false\u00bb global_colors_info=\u00bb{}\u00bb][\/et_pb_button][\/et_pb_column_inner][et_pb_column_inner type=\u00bb1_3&#8243; saved_specialty_column_type=\u00bb3_4&#8243; _builder_version=\u00bb4.23&#8243; _module_preset=\u00bbdefault\u00bb global_colors_info=\u00bb{}\u00bb][et_pb_button button_url=\u00bbhttps:\/\/www.ncrtd.org\/news\/legal-notices\/\u00bb button_text=\u00bbAvisos legales\u00bb button_alignment=\u00bbcenter\u00bb _builder_version=\u00bb4.23&#8243; _module_preset=\u00bbdefault\u00bb custom_margin=\u00bb20px|20px|20px|20px|false|false\u00bb global_colors_info=\u00bb{}\u00bb][\/et_pb_button][\/et_pb_column_inner][\/et_pb_row_inner][et_pb_row_inner admin_label=\u00bbrow\u00bb _builder_version=\u00bb4.23&#8243; background_size=\u00bbinitial\u00bb background_position=\u00bbtop_left\u00bb background_repeat=\u00bbrepeat\u00bb custom_margin=\u00bb10px||10px||false|false\u00bb global_colors_info=\u00bb{}\u00bb][et_pb_column_inner saved_specialty_column_type=\u00bb3_4&#8243; _builder_version=\u00bb4.16&#8243; custom_padding=\u00bb|||\u00bb global_colors_info=\u00bb{}\u00bb custom_padding__hover=\u00bb|||\u00bb][et_pb_text _builder_version=\u00bb4.23&#8243; _module_preset=\u00bbdefault\u00bb global_colors_info=\u00bb{}\u00bb]<\/p>\n<h2>Solicitudes de logotipos y medios<\/h2>\n<p>El uso de todos los logotipos y fotos de North Central RTD, Blue Bus\u2122 y MyBlue\u2122 est\u00e1 protegido y solo se permite con la aprobaci\u00f3n de North Central RTD. Ponte en contacto con el Departamento de Comunicaci\u00f3n de Marketing para solicitar el uso de nuestros archivos multimedia. Las solicitudes se supervisan durante el horario comercial habitual.   <\/p>\n<p>[\/et_pb_text][et_pb_text _builder_version=\u00bb4.23.4&#8243; _module_preset=\u00bbdefault\u00bb global_colors_info=\u00bb{}\u00bb]<\/p>\n<h2>Centro de marca<\/h2>\n<p>Obt\u00e9n informaci\u00f3n sobre la marca North Central RTD, Blue Bus\u2122 y orientaci\u00f3n para todos los elementos del Blue Bus, incluidos logotipos, colores, tipograf\u00eda y mucho m\u00e1s.<\/p>\n<p><a href=\"https:\/\/www.ncrtd.org\/news\/brand\/\"><strong>M\u00e1s informaci\u00f3n &gt;<\/strong><\/a><\/p>\n<p>[\/et_pb_text][et_pb_text _builder_version=\u00bb4.21.0&#8243; _module_preset=\u00bbdefault\u00bb custom_margin=\u00bb20px||0.4em||false|false\u00bb global_colors_info=\u00bb{}\u00bb]<\/p>\n<h2>Contacto<\/h2>\n<p>Rick L\u2019Amie <br \/>Gerente de Comunicaciones y Marketing<br \/>505-629-4707<br \/>rickl@ncrtd.org<\/p>\n<p>[\/et_pb_text][\/et_pb_column_inner][\/et_pb_row_inner][\/et_pb_column][\/et_pb_section]<\/p>\n","protected":false},"excerpt":{"rendered":"<p>Bienvenido a la sala de prensa en l\u00ednea del NCRTD. Acerca de: El Distrito de Tr\u00e1nsito Regional del Centro-Norte (NCRTD) conecta comunidades y pueblos a lo largo de 25 900 kil\u00f3metros cuadrados en el centro-norte de Nuevo M\u00e9xico, incluyendo Espa\u00f1ola, Los \u00c1lamos, Santa Fe y Taos. El distintivo Blue Bus\u2122 ofrece servicio en 29 rutas [&hellip;]<\/p>\n","protected":false},"author":1,"featured_media":0,"parent":0,"menu_order":0,"comment_status":"closed","ping_status":"closed","template":"","meta":{"_et_pb_use_builder":"on","_et_pb_old_content":"","_et_gb_content_width":"","footnotes":""},"class_list":["post-243382","page","type-page","status-publish","hentry"],"_links":{"self":[{"href":"https:\/\/www.ncrtd.org\/es\/wp-json\/wp\/v2\/pages\/243382","targetHints":{"allow":["GET"]}}],"collection":[{"href":"https:\/\/www.ncrtd.org\/es\/wp-json\/wp\/v2\/pages"}],"about":[{"href":"https:\/\/www.ncrtd.org\/es\/wp-json\/wp\/v2\/types\/page"}],"author":[{"embeddable":true,"href":"https:\/\/www.ncrtd.org\/es\/wp-json\/wp\/v2\/users\/1"}],"replies":[{"embeddable":true,"href":"https:\/\/www.ncrtd.org\/es\/wp-json\/wp\/v2\/comments?post=243382"}],"version-history":[{"count":1,"href":"https:\/\/www.ncrtd.org\/es\/wp-json\/wp\/v2\/pages\/243382\/revisions"}],"predecessor-version":[{"id":243383,"href":"https:\/\/www.ncrtd.org\/es\/wp-json\/wp\/v2\/pages\/243382\/revisions\/243383"}],"wp:attachment":[{"href":"https:\/\/www.ncrtd.org\/es\/wp-json\/wp\/v2\/media?parent=243382"}],"curies":[{"name":"wp","href":"https:\/\/api.w.org\/{rel}","templated":true}]}}