{"id":243416,"date":"2021-10-27T14:56:26","date_gmt":"2021-10-27T20:56:26","guid":{"rendered":"https:\/\/www.ncrtd.org\/programa-de-notificacion-de-seguridad-para-empleados\/"},"modified":"2026-05-05T17:54:46","modified_gmt":"2026-05-05T23:54:46","slug":"programa-de-notificacion-de-seguridad-para-empleados","status":"publish","type":"page","link":"https:\/\/www.ncrtd.org\/es\/programa-de-notificacion-de-seguridad-para-empleados-2\/programa-de-notificacion-de-seguridad-para-empleados\/","title":{"rendered":"Programa de notificaci\u00f3n de seguridad para empleados"},"content":{"rendered":"<p>[et_pb_section fb_built=\u00bb1&#8243; fullwidth=\u00bbon\u00bb _builder_version=\u00bb4.9.7&#8243; _module_preset=\u00bbcbe6949b-fe83-485f-a967-598203880f36&#8243; width_tablet=\u00bb\u00bb width_phone=\u00bb\u00bb width_last_edited=\u00bbon|desktop\u00bb custom_margin=\u00bb140px||||false|false\u00bb custom_margin_tablet=\u00bb0px||||false|false\u00bb custom_margin_phone=\u00bb\u00bb custom_margin_last_edited=\u00bbon|desktop\u00bb global_colors_info=\u00bb{}\u00bb][et_pb_fullwidth_image src=\u00bbhttps:\/\/www.ncrtd.org\/wp-content\/uploads\/2021\/09\/BusInCanyon-1.jpg\u00bb alt=\u00bbCarretera sinuosa de Santa Fe\u00bb title_text=\u00bbBusInCanyon\u00bb _builder_version=\u00bb4.10.7&#8243; _module_preset=\u00bb2215b47f-c514-4736-8638-9febfca886f5&#8243; global_module=\u00bb3818&#8243; global_colors_info=\u00bb{}\u00bb][\/et_pb_fullwidth_image][\/et_pb_section][et_pb_section fb_built=\u00bb1&#8243; specialty=\u00bbon\u00bb padding_1_tablet=\u00bb2em|6%|2em|6%|true|true\u00bb padding_2_tablet=\u00bb2em|6%|2em|6%|true|true\u00bb padding_1_phone=\u00bb2em|8%|2em|8%|true|true\u00bb padding_2_phone=\u00bb2em|8%|2em|8%|true|true\u00bb padding_1_last_edited=\u00bbon|desktop\u00bb padding_2_last_edited=\u00bbon|tablet\u00bb module_id_1=\u00bbsidebar\u00bb module_class_1=\u00bbcontent-sidebar\u00bb module_class_2=\u00bbcontent-main\u00bb _builder_version=\u00bb4.9.7&#8243; _module_preset=\u00bb49fa2571-fdca-4afb-b157-c44ecc3f4485&#8243; global_colors_info=\u00bb{}\u00bb][et_pb_column type=\u00bb1_4&#8243; _builder_version=\u00bb3.25&#8243; custom_padding=\u00bb|||\u00bb global_colors_info=\u00bb{}\u00bb custom_padding__hover=\u00bb|||\u00bb][et_pb_menu menu_id=\u00bb2&#8243; _builder_version=\u00bb4.9.7&#8243; _module_preset=\u00bbefd0ba9f-ac50-4f8b-84a6-8e44415a3403&#8243; global_colors_info=\u00bb{}\u00bb][\/et_pb_menu][et_pb_text _builder_version=\u00bb4.9.7&#8243; _module_preset=\u00bba5d3b840-eb6f-4446-9880-fb2e3dcbae61&#8243; global_module=\u00bb2761&#8243; saved_tabs=\u00bball\u00bb global_colors_info=\u00bb{}\u00bb]<\/p>\n<h2>CURRENT STATUS ON NCRTD ROUTES:<\/h2>\n<p><strong>NOTE ON DEMAND SERVICE:<\/strong><br \/>Passengers may reserve a ride from any stop on the route to any stop on the route within the service hours. Passengers must reserve a ride at least 24 hours in advance by calling 866-206-0754 ext. 2.<\/p>\n<p><strong>Please refer to route info below to determine the type of service each route is operating.<\/strong><\/p>\n<h3>NCRTD STATEMENT ON MEASURES IN RESPONSE TO COVID-19:<\/h3>\n<p>North Central Regional Transit District\u2019s RTD Blue Buses provide vital transportation services within north central New Mexico. The District respects that people may be feeling anxiety and concern about the safety of public transit in the regards to COVID-19; we take this very seriously. We continue to clean and disinfect our vehicles daily and regularly utilize a disinfecting fogger. Our top priorities are to continue service to the public, and to keep them and our employees healthy and safe. Thank you for partnering with us to help prevent the spread of any germs and flu.\u00a0The District asks that anyone experiencing flu symptoms refrain from boarding our vehicles. Thank you for partnering with us to help prevent the spread of any germs and flu.\u200b<\/p>\n<p><strong>FACE COVERINGS WILL CONTINUE TO BE MANDATORY IN ORDER TO BOARD.\u00a0<\/strong><\/p>\n<p>[\/et_pb_text][\/et_pb_column][et_pb_column type=\u00bb3_4&#8243; specialty_columns=\u00bb3&#8243; _builder_version=\u00bb3.25&#8243; custom_padding=\u00bb|||\u00bb global_colors_info=\u00bb{}\u00bb custom_padding__hover=\u00bb|||\u00bb][et_pb_row_inner _builder_version=\u00bb4.7.7&#8243; _module_preset=\u00bbdefault\u00bb global_colors_info=\u00bb{}\u00bb][et_pb_column_inner saved_specialty_column_type=\u00bb3_4&#8243; _builder_version=\u00bb4.7.7&#8243; _module_preset=\u00bbdefault\u00bb global_colors_info=\u00bb{}\u00bb][et_pb_text _builder_version=\u00bb4.11.3&#8243; _module_preset=\u00bbdefault\u00bb hover_enabled=\u00bb0&#8243; global_colors_info=\u00bb{}\u00bb sticky_enabled=\u00bb0&#8243;]<\/p>\n<h2 style=\"text-align: center;\">Programa de notificaci\u00f3n de seguridad para empleados<\/h2>\n<p>&nbsp;<\/p>\n<p>El Programa de notificaci\u00f3n de seguridad para empleados est\u00e1 disponible SOLO para los empleados de NCRTD. El NCRTD ha establecido e implementado un programa formal de notificaci\u00f3n de seguridad que permite a sus empleados informar voluntariamente, ya sea de forma an\u00f3nima o directamente a su supervisor o al departamento de Recursos Humanos, sobre cualquier problema, condici\u00f3n o preocupaci\u00f3n de seguridad que puedan observar durante la prestaci\u00f3n diaria de los servicios de transporte. Este programa de notificaci\u00f3n voluntaria de seguridad es independiente de los requisitos de notificaci\u00f3n obligatoria del NCRTD para accidentes e incidentes.<\/p>\n<p>El programa est\u00e1 dise\u00f1ado para mejorar la seguridad en los autobuses y en el lugar de trabajo mediante la recopilaci\u00f3n y el an\u00e1lisis de informes que describen condiciones <strong>inseguras<\/strong> o <strong>peligros<\/strong> y situaciones de <strong>cuasiaccidentes<\/strong> dentro del lugar de trabajo del NCRTD o en sus operaciones de autob\u00fas.<\/p>\n<p>El programa de notificaci\u00f3n de seguridad para empleados (ESRP) ofrece protecci\u00f3n a los empleados que informan sobre problemas, preocupaciones o condiciones de seguridad y garantiza que no se aplicar\u00e1n medidas disciplinarias; adem\u00e1s, los empleados est\u00e1n protegidos contra represalias o cualquier otra acci\u00f3n adversa por informar sobre un problema, preocupaci\u00f3n o condici\u00f3n de seguridad. Los empleados que informan sobre problemas, preocupaciones y condiciones de seguridad tambi\u00e9n suelen estar protegidos por las protecciones para denunciantes de la Administraci\u00f3n de Seguridad y Salud Ocupacional (OSHA).<\/p>\n<p>El ESRP tambi\u00e9n describe los comportamientos de los empleados que no est\u00e1n protegidos por el programa y que pueden dar lugar a medidas disciplinarias, como que un empleado participe en un acto ilegal, cometa una negligencia grave o ignore deliberada o intencionadamente las normativas o los procedimientos del NCRTD.<\/p>\n<p>El NCRTD se compromete a proporcionar comentarios a los empleados que informen sobre un problema, condici\u00f3n o preocupaci\u00f3n de seguridad. Estos comentarios se proporcionan directamente en una conversaci\u00f3n individual o a trav\u00e9s de la plataforma de reuniones de seguridad. Los comentarios abordan qu\u00e9 medidas, si las hubiera, se tomar\u00e1n para solucionar el problema, la condici\u00f3n o la preocupaci\u00f3n de seguridad notificados.<\/p>\n<p>El ESRP del NCRTD incluye la disponibilidad de un documento breve de notificaci\u00f3n de seguridad de una p\u00e1gina para que lo rellenen los empleados o los supervisores en caso de que un empleado informe verbalmente sobre un problema, condici\u00f3n o preocupaci\u00f3n de seguridad.<\/p>\n<p>Los despachadores mantienen un registro de peligros para anotar los problemas, condiciones o preocupaciones comunicados por radio por los conductores de autob\u00fas.<\/p>\n<p>Los empleados tambi\u00e9n tienen la opci\u00f3n de enviar preocupaciones de seguridad de forma an\u00f3nima en l\u00ednea a trav\u00e9s del componente de notificaci\u00f3n de seguridad del sitio web del NCRTD. Los empleados pueden facilitar su informaci\u00f3n de contacto si lo desean, pero no es obligatorio.<\/p>\n<p>&nbsp;<\/p>\n<p><strong>ENVIAR UNA PREOCUPACI\u00d3N DE SEGURIDAD (<a href=\"https:\/\/www.ncrtd.org\/employee-safety-reporting-program\/#safetyform\">HAZ CLIC AQU\u00cd<\/a>)<\/strong>[\/et_pb_text][\/et_pb_column_inner][\/et_pb_row_inner][\/et_pb_column][\/et_pb_section]<\/p>\n","protected":false},"excerpt":{"rendered":"<p>CURRENT STATUS ON NCRTD ROUTES: NOTE ON DEMAND SERVICE:Passengers may reserve a ride from any stop on the route to any stop on the route within the service hours. Passengers must reserve a ride at least 24 hours in advance by calling 866-206-0754 ext. 2. Please refer to route info below to determine the type [&hellip;]<\/p>\n","protected":false},"author":1,"featured_media":0,"parent":243420,"menu_order":0,"comment_status":"closed","ping_status":"closed","template":"","meta":{"_et_pb_use_builder":"on","_et_pb_old_content":"","_et_gb_content_width":"","footnotes":""},"class_list":["post-243416","page","type-page","status-publish","hentry"],"_links":{"self":[{"href":"https:\/\/www.ncrtd.org\/es\/wp-json\/wp\/v2\/pages\/243416","targetHints":{"allow":["GET"]}}],"collection":[{"href":"https:\/\/www.ncrtd.org\/es\/wp-json\/wp\/v2\/pages"}],"about":[{"href":"https:\/\/www.ncrtd.org\/es\/wp-json\/wp\/v2\/types\/page"}],"author":[{"embeddable":true,"href":"https:\/\/www.ncrtd.org\/es\/wp-json\/wp\/v2\/users\/1"}],"replies":[{"embeddable":true,"href":"https:\/\/www.ncrtd.org\/es\/wp-json\/wp\/v2\/comments?post=243416"}],"version-history":[{"count":4,"href":"https:\/\/www.ncrtd.org\/es\/wp-json\/wp\/v2\/pages\/243416\/revisions"}],"predecessor-version":[{"id":243423,"href":"https:\/\/www.ncrtd.org\/es\/wp-json\/wp\/v2\/pages\/243416\/revisions\/243423"}],"up":[{"embeddable":true,"href":"https:\/\/www.ncrtd.org\/es\/wp-json\/wp\/v2\/pages\/243420"}],"wp:attachment":[{"href":"https:\/\/www.ncrtd.org\/es\/wp-json\/wp\/v2\/media?parent=243416"}],"curies":[{"name":"wp","href":"https:\/\/api.w.org\/{rel}","templated":true}]}}