{"id":243420,"date":"2021-03-31T10:07:26","date_gmt":"2021-03-31T16:07:26","guid":{"rendered":"https:\/\/www.ncrtd.org\/programa-de-notificacion-de-seguridad-para-empleados-2\/"},"modified":"2026-05-05T17:54:46","modified_gmt":"2026-05-05T23:54:46","slug":"programa-de-notificacion-de-seguridad-para-empleados-2","status":"publish","type":"page","link":"https:\/\/www.ncrtd.org\/es\/programa-de-notificacion-de-seguridad-para-empleados-2\/","title":{"rendered":"Programa de Notificaci\u00f3n de Seguridad para Empleados"},"content":{"rendered":"<p>[et_pb_section fb_built=\u00bb1&#8243; fullwidth=\u00bbon\u00bb _builder_version=\u00bb4.16&#8243; _module_preset=\u00bbcbe6949b-fe83-485f-a967-598203880f36&#8243; width_tablet=\u00bb\u00bb width_phone=\u00bb\u00bb width_last_edited=\u00bbon|desktop\u00bb custom_margin=\u00bb140px||||false|false\u00bb custom_margin_tablet=\u00bb0px||||false|false\u00bb custom_margin_phone=\u00bb\u00bb custom_margin_last_edited=\u00bbon|desktop\u00bb global_colors_info=\u00bb{}\u00bb][et_pb_fullwidth_image src=\u00bbhttps:\/\/www.ncrtd.org\/wp-content\/uploads\/2021\/06\/winding-santa-fe-road.jpg\u00bb alt=\u00bbCarretera sinuosa de Santa Fe\u00bb title_text=\u00bbwinding-santa-fe-road\u00bb _builder_version=\u00bb4.16&#8243; _module_preset=\u00bb2215b47f-c514-4736-8638-9febfca886f5&#8243; global_colors_info=\u00bb{}\u00bb][\/et_pb_fullwidth_image][\/et_pb_section][et_pb_section fb_built=\u00bb1&#8243; specialty=\u00bbon\u00bb padding_1_tablet=\u00bb2em|6%|2em|6%|true|true\u00bb padding_2_tablet=\u00bb2em|6%|2em|6%|true|true\u00bb padding_1_phone=\u00bb2em|8%|2em|8%|true|true\u00bb padding_2_phone=\u00bb2em|8%|2em|8%|true|true\u00bb padding_1_last_edited=\u00bbon|desktop\u00bb padding_2_last_edited=\u00bbon|tablet\u00bb module_id_1=\u00bbsidebar\u00bb module_class_1=\u00bbcontent-sidebar\u00bb module_class_2=\u00bbcontent-main\u00bb _builder_version=\u00bb4.16&#8243; _module_preset=\u00bb49fa2571-fdca-4afb-b157-c44ecc3f4485&#8243; global_colors_info=\u00bb{}\u00bb][et_pb_column type=\u00bb1_4&#8243; _builder_version=\u00bb4.16&#8243; custom_padding=\u00bb|||\u00bb global_colors_info=\u00bb{}\u00bb custom_padding__hover=\u00bb|||\u00bb][et_pb_menu menu_id=\u00bb2&#8243; mobile_menu_text_color=\u00bb#0072BA\u00bb _builder_version=\u00bb4.27.4&#8243; _module_preset=\u00bbefd0ba9f-ac50-4f8b-84a6-8e44415a3403&#8243; menu_text_color=\u00bb#0072BA\u00bb global_colors_info=\u00bb{}\u00bb][\/et_pb_menu][et_pb_text _builder_version=\u00bb4.23.3&#8243; _module_preset=\u00bba5d3b840-eb6f-4446-9880-fb2e3dcbae61&#8243; global_module=\u00bb2761&#8243; saved_tabs=\u00bball\u00bb global_colors_info=\u00bb{}\u00bb][\/et_pb_text][\/et_pb_column][et_pb_column type=\u00bb3_4&#8243; specialty_columns=\u00bb3&#8243; _builder_version=\u00bb4.16&#8243; custom_padding=\u00bb|||\u00bb global_colors_info=\u00bb{}\u00bb custom_padding__hover=\u00bb|||\u00bb][et_pb_row_inner _builder_version=\u00bb4.16&#8243; _module_preset=\u00bbdefault\u00bb global_colors_info=\u00bb{}\u00bb][et_pb_column_inner saved_specialty_column_type=\u00bb3_4&#8243; _builder_version=\u00bb4.16&#8243; _module_preset=\u00bbdefault\u00bb global_colors_info=\u00bb{}\u00bb][et_pb_text _builder_version=\u00bb4.16&#8243; _module_preset=\u00bbdefault\u00bb global_colors_info=\u00bb{}\u00bb]<\/p>\n<h1>Enviar una Preocupaci\u00f3n de Seguridad<\/h1>\n<p>\u00bfExiste alg\u00fan problema o preocupaci\u00f3n de seguridad en el lugar de trabajo de NCRTD o en sus operaciones de autob\u00fas? Notifica el problema para ayudar a mantenerte seguro, as\u00ed como a tus compa\u00f1eros de trabajo y a las operaciones.  <strong>Ayuda a prevenir que ocurran incidentes de seguridad. <\/strong>\u00a1Compromet\u00e1monos todos a un lugar de trabajo seguro!<\/p>\n<p><strong>\u00a1Queremos saber de ti!<\/strong><\/p>\n<p>Hay varias formas de notificar una preocupaci\u00f3n de seguridad. Puedes optar por permanecer en el anonimato, y toda la informaci\u00f3n de identificaci\u00f3n tambi\u00e9n se mantendr\u00e1 confidencial. Los documentos o archivos de apoyo se pueden enviar por correo o depositar en el buz\u00f3n.  <\/p>\n<p><strong>NOTA: Esto es para notificar condiciones inseguras, peligros y situaciones de casi accidente dentro del lugar de trabajo de NCRTD o dentro de sus operaciones de autob\u00fas.<\/strong><\/p>\n<h4>Para leer m\u00e1s sobre el Programa de Notificaci\u00f3n de Seguridad para Empleados (<a href=\"https:\/\/www.ncrtd.org\/es\/programa-de-notificacion-de-seguridad-para-empleados-2\/programa-de-notificacion-de-seguridad-para-empleados\/\">haz clic aqu\u00ed<\/a>)<\/h4>\n<table border=\"0\" style=\"width: 100%; border-collapse: collapse;\">\n<tbody>\n<tr>\n<td style=\"width: 17.9185%;\"><img loading=\"lazy\" decoding=\"async\" src=\"https:\/\/www.ncrtd.org\/wp-content\/uploads\/2021\/03\/ElectronicForm-01-300x300.jpg\" width=\"161\" height=\"161\" alt=\"\" class=\"wp-image-2164 alignnone size-medium\"><\/td>\n<td style=\"width: 82.0815%;\">\n<h3><strong>Env\u00edo de Formulario Electr\u00f3nico<\/strong><\/h3>\n<p>Env\u00eda una preocupaci\u00f3n de seguridad confidencial a trav\u00e9s de nuestro <a href=\"#safetyform\">formulario en l\u00ednea<\/a>.<\/p>\n<\/td>\n<\/tr>\n<tr>\n<td style=\"width: 17.9185%;\"><img loading=\"lazy\" decoding=\"async\" src=\"https:\/\/www.ncrtd.org\/wp-content\/uploads\/2021\/03\/NotifyYourSupervisor-01-300x300.jpg\" width=\"161\" height=\"161\" alt=\"\" class=\"wp-image-2162 alignnone size-medium\"><\/td>\n<td style=\"width: 82.0815%;\">\n<h3><strong>Notifica a tu Supervisor<\/strong><\/h3>\n<p>Habla con tu supervisor. Tu supervisor documentar\u00e1 la conversaci\u00f3n <\/p>\n<\/td>\n<\/tr>\n<tr>\n<td style=\"width: 17.9185%;\"><img loading=\"lazy\" decoding=\"async\" src=\"https:\/\/www.ncrtd.org\/wp-content\/uploads\/2021\/03\/ShareYourConcerns-01-300x300.jpg\" width=\"161\" height=\"161\" alt=\"\" class=\"wp-image-2163 alignnone size-medium\"><\/td>\n<td style=\"width: 82.0815%;\">\n<h3><strong>Comp\u00e1rtelo<\/strong><\/h3>\n<p>Plantea tus preocupaciones durante una reuni\u00f3n de seguridad en tu divisi\u00f3n.<\/p>\n<\/td>\n<\/tr>\n<\/tbody>\n<\/table>\n<p>[\/et_pb_text][et_pb_text _builder_version=\u00bb4.16&#8243; _module_preset=\u00bbdefault\u00bb global_colors_info=\u00bb{}\u00bb]<\/p>\n<h3><strong>Condici\u00f3n Insegura o Peligro <\/strong><\/h3>\n<p>Este formulario debe ser completado por el personal cuando exista cualquier condici\u00f3n insegura o peligro que pueda causar potencialmente lesiones a personas, da\u00f1os a la propiedad del sistema de transporte o al medio ambiente.<\/p>\n<p><strong>Condici\u00f3n Insegura:<\/strong> Es una condici\u00f3n f\u00edsica insatisfactoria (antihigi\u00e9nica) que existe en el lugar de trabajo, especialmente inmediatamente antes de un accidente que tuvo un papel crucial en desencadenar el incidente.<\/p>\n<p><strong>Definici\u00f3n de Peligro:<\/strong> Es cualquier condici\u00f3n real o potencial que puede causar lesiones, enfermedades o muerte, da\u00f1os o p\u00e9rdida de las instalaciones, equipos, material rodante o infraestructura de un sistema de transporte p\u00fablico; o da\u00f1os al medio ambiente.<\/p>\n<p><strong>Definici\u00f3n de Casi Accidente:<\/strong> Es un accidente u otro incidente de seguridad que podr\u00eda haber ocurrido pero no ocurri\u00f3. Si se ignoran, los casi accidentes pueden llevar a consecuencias graves. Son una oportunidad para mejorar las pr\u00e1cticas de seguridad. Los incidentes menores est\u00e1n incluidos en esta definici\u00f3n.   <\/p>\n<p><strong>\u00bfPor qu\u00e9 debo notificar una Condici\u00f3n Insegura o Peligro?<\/strong><br \/>La informaci\u00f3n de tu notificaci\u00f3n de condici\u00f3n insegura\/peligro hace que el entorno de trabajo sea m\u00e1s seguro y saludable para ti y tus compa\u00f1eros de trabajo.<\/p>\n<p><strong>\u00bfPuedes ser sancionado por notificar?<\/strong><br \/>No se tomar\u00e1 ninguna medida contra ning\u00fan empleado que comunique una condici\u00f3n de seguridad a trav\u00e9s del programa de notificaci\u00f3n de seguridad de NCRTD, a menos que dicha divulgaci\u00f3n indique lo siguiente: un acto ilegal, mala conducta grave o negligencia, o un desprecio deliberado o intencionado de las normas, pol\u00edticas y procedimientos de NCRTD.<\/p>\n<p><strong>\u00bfC\u00f3mo notifico una Condici\u00f3n Insegura?<\/strong><br \/>Puedes completar este informe y entreg\u00e1rselo a tu supervisor inmediato. Si deseas permanecer en el anonimato, puedes completar este informe y depositarlo en el buz\u00f3n de sugerencias de tu ubicaci\u00f3n y se enviar\u00e1 al Director de Seguridad del Distrito para su revisi\u00f3n e investigaci\u00f3n. <\/p>\n<p id=\"safetyform\">El Gerente del empleado o la Persona Designada es responsable de investigar la condici\u00f3n insegura\/pr\u00e1ctica de trabajo. La gerencia tambi\u00e9n es responsable de garantizar que este formulario se documente y se haga seguimiento hasta su resoluci\u00f3n. Se proporcionar\u00e1 una copia del formulario completado al empleado que lo env\u00ede con el nombre del empleado. Para env\u00edos an\u00f3nimos, se publicar\u00e1 una copia de este formulario en el tabl\u00f3n de anuncios durante 30 d\u00edas despu\u00e9s de que la gerencia lo firme.   <\/p>\n<p>[\/et_pb_text][et_pb_text _builder_version=\u00bb4.16&#8243; _module_preset=\u00bbdefault\u00bb global_colors_info=\u00bb{}\u00bb]<\/p>\n<h3 style=\"text-align: center;\"><strong><\/strong><\/h3>\n<h3 id=\"SafetyForm\" style=\"text-align: center;\"><strong>Formulario del Programa de Notificaci\u00f3n de Seguridad para Empleados<\/strong><\/h3>\n<p>[\/et_pb_text][et_pb_code _builder_version=\u00bb4.27.4&#8243; _module_preset=\u00bbdefault\u00bb hover_enabled=\u00bb0&#8243; custom_css_free_form=\u00bb#nf-field-19 {||    background-color: #0074D9 !important; \/* Blue background *\/||    color: #ffffff !important;           \/* White text *\/||    border: none !important;             \/* Remove border *\/||    padding: 12px 20px;                   \/* Optional: make it a bit bigger *\/||    font-size: 16px;                      \/* Optional: make text larger *\/||    cursor: pointer;                      \/* Show pointer on hover *\/||}||||\/* Optional hover effect *\/||#nf-field-19:hover {||    background-color: #005fa3 !important; \/* Darker blue when hovered *\/||}\u00bb global_colors_info=\u00bb{}\u00bb sticky_enabled=\u00bb0&#8243;]<noscript class=\"ninja-forms-noscript-message\">\n\tAviso: Se requiere JavaScript para este contenido.<\/noscript>\n<div id=\"nf-form-3-cont\" class=\"nf-form-cont\" aria-live=\"polite\" aria-labelledby=\"nf-form-title-3\" aria-describedby=\"nf-form-errors-3\" role=\"form\">\n\n    <div class=\"nf-loading-spinner\"><\/div>\n\n<\/div>\n        <!-- That data is being printed as a workaround to page builders reordering the order of the scripts loaded-->\n        <script>var formDisplay=1;var nfForms=nfForms||[];var form=[];form.id='3';form.settings={\"objectType\":\"Form Setting\",\"editActive\":true,\"title\":\"Unsafe Condition or Hazard Form\",\"show_title\":0,\"allow_public_link\":0,\"public_link\":\"https:\\\/\\\/www.ncrtd.org\\\/ninja-forms\\\/3ilsk\",\"embed_form\":\"\",\"clear_complete\":1,\"hide_complete\":1,\"default_label_pos\":\"above\",\"wrapper_class\":\"\",\"element_class\":\"\",\"key\":\"\",\"add_submit\":0,\"currency\":\"\",\"repeatable_fieldsets\":\"\",\"unique_field_error\":\"A form with this value has already been submitted.\",\"logged_in\":false,\"not_logged_in_msg\":\"\",\"sub_limit_msg\":\"The form has reached its submission limit.\",\"calculations\":[],\"formContentData\":[\"name_optional_1617137583047\",\"title_optional_1617137639885\",\"phone_optional_1617137657604\",\"vehicle_no_if_applicable_1617137708168\",\"route_and_run_no_if_applicable_1617137735726\",\"location_believed_to_have_an_unsafe_condition_or_hazardous_work_practice_1617137788824\",\"description_of_unsafe_condition_or_hazardous_work_practice_1617137818542\",\"date_1617137886974\",\"recaptcha_1617139659553\",\"submit_1617138202505\"],\"public_link_key\":\"3ilsk\",\"changeEmailErrorMsg\":\"Introduce una direcci\\u00f3n de correo electr\\u00f3nico v\\u00e1lida.\",\"changeDateErrorMsg\":\"\\u00a1Introduce una fecha v\\u00e1lida!\",\"confirmFieldErrorMsg\":\"Estos campos deben coincidir.\",\"fieldNumberNumMinError\":\"Error de n\\u00famero m\\u00ednimo\",\"fieldNumberNumMaxError\":\"Error de n\\u00famero m\\u00e1ximo\",\"fieldNumberIncrementBy\":\"Increm\\u00e9ntalo por \",\"formErrorsCorrectErrors\":\"Corrige los errores antes de enviar este formulario.\",\"validateRequiredField\":\"Esto es un campo obligatorio.\",\"honeypotHoneypotError\":\"Error de Honeypot\",\"fieldsMarkedRequired\":\"Los campos marcados con <span class=\\\"ninja-forms-req-symbol\\\">*<\\\/span> son obligatorios\",\"drawerDisabled\":false,\"ninjaForms\":\"Ninja Forms\",\"fieldTextareaRTEInsertLink\":\"Insertar enlace\",\"fieldTextareaRTEInsertMedia\":\"Insertar medios\",\"fieldTextareaRTESelectAFile\":\"Seleccione un archivo\",\"tableInsertRowAbove\":\"Insert Row Above\",\"tableInsertRowBelow\":\"Insert Row Below\",\"tableInsertColumnLeft\":\"Insert Column Left\",\"tableInsertColumnRight\":\"Insert Column Right\",\"tableDeleteRow\":\"Delete Row\",\"tableDeleteColumn\":\"Delete Column\",\"tableDeleteTable\":\"Delete Table\",\"tableLegacyNotice\":\"This content has tables in the old editor format. Custom styles are preserved until converted. Editing will update to the new format.\",\"tableLegacyConvert\":\"Convert Now\",\"tableInsertTable\":\"Insert Table\",\"dismiss\":\"Descartar\",\"insertLink\":\"Insertar enlace\",\"formHoneypot\":\"Si eres un ser humano y est\\u00e1s viendo este campo, por favor d\\u00e9jalo vac\\u00edo.\",\"fileUploadOldCodeFileUploadInProgress\":\"Subida de archivo en curso.\",\"fileUploadOldCodeFileUpload\":\"SUBIDA DE ARCHIVO\",\"currencySymbol\":\"&#36;\",\"thousands_sep\":\".\",\"decimal_point\":\",\",\"siteLocale\":\"es_ES\",\"dateFormat\":\"m\\\/d\\\/Y\",\"startOfWeek\":\"1\",\"of\":\"de\",\"previousMonth\":\"Mes anterior\",\"nextMonth\":\"Pr\\u00f3ximo mes\",\"months\":[\"Enero\",\"Febrero\",\"Marzo\",\"Abril\",\"Mayo\",\"Junio\",\"Julio\",\"Agosto\",\"Septiembre\",\"Octubre\",\"Noviembre\",\"Diciembre\"],\"monthsShort\":[\"Ene\",\"Feb\",\"Mar\",\"Abr\",\"Mayo\",\"Jun\",\"Jul\",\"Ago\",\"Sep\",\"Oct\",\"Nov\",\"Dic\"],\"weekdays\":[\"Domingo\",\"Lunes\",\"Martes\",\"Mi\\u00e9rcoles\",\"Jueves\",\"Viernes\",\"S\\u00e1bado\"],\"weekdaysShort\":[\"Dom\",\"Lun\",\"Mar\",\"Mi\\u00e9\",\"Jue\",\"Vie\",\"S\\u00e1b\"],\"weekdaysMin\":[\"Do\",\"Lu\",\"Ma\",\"Mi\",\"Ju\",\"Vi\",\"S\\u00e1\"],\"recaptchaConsentMissing\":\"reCaptcha validation couldn&#039;t load.\",\"recaptchaMissingCookie\":\"reCaptcha v3 validation couldn&#039;t load the cookie needed to submit the form.\",\"recaptchaConsentEvent\":\"Accept reCaptcha cookies before sending the form.\",\"currency_symbol\":\"\",\"beforeForm\":\"\",\"beforeFields\":\"\",\"afterFields\":\"\",\"afterForm\":\"\"};form.fields=[{\"objectType\":\"Field\",\"objectDomain\":\"fields\",\"editActive\":false,\"order\":1,\"idAttribute\":\"id\",\"type\":\"firstname\",\"label\":\"Name: (optional)\",\"key\":\"name_optional_1617137583047\",\"label_pos\":\"above\",\"required\":false,\"default\":\"\",\"placeholder\":\"\",\"container_class\":\"\",\"element_class\":\"\",\"admin_label\":\"\",\"help_text\":\"\",\"custom_name_attribute\":\"fname\",\"personally_identifiable\":1,\"value\":\"\",\"drawerDisabled\":false,\"id\":11,\"beforeField\":\"\",\"afterField\":\"\",\"parentType\":\"firstname\",\"element_templates\":[\"firstname\",\"input\"],\"old_classname\":\"\",\"wrap_template\":\"wrap\"},{\"objectType\":\"Field\",\"objectDomain\":\"fields\",\"editActive\":false,\"order\":2,\"idAttribute\":\"id\",\"type\":\"lastname\",\"label\":\"Title (optional)\",\"key\":\"title_optional_1617137639885\",\"label_pos\":\"above\",\"required\":false,\"default\":\"\",\"placeholder\":\"\",\"container_class\":\"\",\"element_class\":\"\",\"admin_label\":\"\",\"help_text\":\"\",\"custom_name_attribute\":\"lname\",\"personally_identifiable\":1,\"value\":\"\",\"drawerDisabled\":false,\"id\":12,\"beforeField\":\"\",\"afterField\":\"\",\"parentType\":\"lastname\",\"element_templates\":[\"lastname\",\"input\"],\"old_classname\":\"\",\"wrap_template\":\"wrap\"},{\"objectType\":\"Field\",\"objectDomain\":\"fields\",\"editActive\":false,\"order\":3,\"idAttribute\":\"id\",\"type\":\"phone\",\"label\":\"Phone (optional)\",\"key\":\"phone_optional_1617137657604\",\"label_pos\":\"above\",\"required\":false,\"default\":\"\",\"placeholder\":\"\",\"container_class\":\"\",\"element_class\":\"\",\"input_limit\":\"\",\"input_limit_type\":\"characters\",\"input_limit_msg\":\"Character(s) left\",\"manual_key\":false,\"admin_label\":\"\",\"help_text\":\"\",\"mask\":\"\",\"custom_mask\":\"\",\"custom_name_attribute\":\"phone\",\"personally_identifiable\":1,\"value\":\"\",\"drawerDisabled\":false,\"id\":13,\"beforeField\":\"\",\"afterField\":\"\",\"parentType\":\"textbox\",\"element_templates\":[\"tel\",\"textbox\",\"input\"],\"old_classname\":\"\",\"wrap_template\":\"wrap\"},{\"objectType\":\"Field\",\"objectDomain\":\"fields\",\"editActive\":false,\"order\":4,\"idAttribute\":\"id\",\"type\":\"number\",\"label\":\"Vehicle No. (if applicable)\",\"key\":\"vehicle_no_if_applicable_1617137708168\",\"label_pos\":\"above\",\"required\":false,\"default\":\"\",\"placeholder\":\"\",\"container_class\":\"\",\"element_class\":\"\",\"manual_key\":false,\"admin_label\":\"\",\"help_text\":\"\",\"num_min\":\"\",\"num_max\":\"\",\"num_step\":1,\"value\":\"\",\"drawerDisabled\":false,\"id\":14,\"beforeField\":\"\",\"afterField\":\"\",\"parentType\":\"number\",\"element_templates\":[\"number\",\"input\"],\"old_classname\":\"\",\"wrap_template\":\"wrap\"},{\"objectType\":\"Field\",\"objectDomain\":\"fields\",\"editActive\":false,\"order\":5,\"idAttribute\":\"id\",\"type\":\"number\",\"label\":\"Route and Run No. (if applicable)\",\"key\":\"route_and_run_no_if_applicable_1617137735726\",\"label_pos\":\"above\",\"required\":false,\"default\":\"\",\"placeholder\":\"\",\"container_class\":\"\",\"element_class\":\"\",\"manual_key\":false,\"admin_label\":\"\",\"help_text\":\"\",\"num_min\":\"\",\"num_max\":\"\",\"num_step\":1,\"value\":\"\",\"drawerDisabled\":false,\"id\":15,\"beforeField\":\"\",\"afterField\":\"\",\"parentType\":\"number\",\"element_templates\":[\"number\",\"input\"],\"old_classname\":\"\",\"wrap_template\":\"wrap\"},{\"objectType\":\"Field\",\"objectDomain\":\"fields\",\"editActive\":false,\"order\":6,\"idAttribute\":\"id\",\"type\":\"address\",\"label\":\"Location believed to have an Unsafe Condition or Hazardous Work Practice:\",\"key\":\"location_believed_to_have_an_unsafe_condition_or_hazardous_work_practice_1617137788824\",\"label_pos\":\"above\",\"required\":false,\"default\":\"\",\"placeholder\":\"\",\"container_class\":\"\",\"element_class\":\"\",\"input_limit\":\"\",\"input_limit_type\":\"characters\",\"input_limit_msg\":\"Character(s) left\",\"manual_key\":false,\"admin_label\":\"\",\"help_text\":\"\",\"mask\":\"\",\"custom_mask\":\"\",\"custom_name_attribute\":\"address\",\"personally_identifiable\":1,\"value\":\"\",\"drawerDisabled\":false,\"id\":16,\"beforeField\":\"\",\"afterField\":\"\",\"parentType\":\"address\",\"element_templates\":[\"address\",\"textbox\",\"input\"],\"old_classname\":\"\",\"wrap_template\":\"wrap\"},{\"objectType\":\"Field\",\"objectDomain\":\"fields\",\"editActive\":false,\"order\":7,\"idAttribute\":\"id\",\"type\":\"textarea\",\"label\":\"Description of Unsafe Condition or Hazardous Work Practice:\",\"key\":\"description_of_unsafe_condition_or_hazardous_work_practice_1617137818542\",\"label_pos\":\"above\",\"required\":1,\"default\":\"\",\"placeholder\":\"\",\"container_class\":\"\",\"element_class\":\"\",\"input_limit\":\"\",\"input_limit_type\":\"characters\",\"input_limit_msg\":\"Character(s) left\",\"manual_key\":false,\"admin_label\":\"\",\"help_text\":\"\",\"textarea_rte\":\"\",\"disable_rte_mobile\":\"\",\"textarea_media\":\"\",\"value\":\"\",\"drawerDisabled\":false,\"id\":17,\"beforeField\":\"\",\"afterField\":\"\",\"parentType\":\"textarea\",\"element_templates\":[\"textarea\",\"input\"],\"old_classname\":\"\",\"wrap_template\":\"wrap\"},{\"objectType\":\"Field\",\"objectDomain\":\"fields\",\"editActive\":false,\"order\":8,\"idAttribute\":\"id\",\"type\":\"date\",\"label\":\"Date\",\"key\":\"date_1617137886974\",\"label_pos\":\"above\",\"required\":1,\"placeholder\":\"\",\"container_class\":\"\",\"element_class\":\"\",\"manual_key\":false,\"admin_label\":\"\",\"help_text\":\"\",\"date_format\":\"default\",\"year_range_start\":\"\",\"year_range_end\":\"\",\"drawerDisabled\":false,\"hours_options\":\"<option value=\\\"00\\\" >00<\\\/option><option value=\\\"01\\\" >01<\\\/option><option value=\\\"02\\\" >02<\\\/option><option value=\\\"03\\\" >03<\\\/option><option value=\\\"04\\\" >04<\\\/option><option value=\\\"05\\\" >05<\\\/option><option value=\\\"06\\\" >06<\\\/option><option value=\\\"07\\\" >07<\\\/option><option value=\\\"08\\\" >08<\\\/option><option value=\\\"09\\\" >09<\\\/option><option value=\\\"10\\\" >10<\\\/option><option value=\\\"11\\\" >11<\\\/option><option value=\\\"12\\\" >12<\\\/option><option value=\\\"13\\\" >13<\\\/option><option value=\\\"14\\\" >14<\\\/option><option value=\\\"15\\\" >15<\\\/option><option value=\\\"16\\\" >16<\\\/option><option value=\\\"17\\\" >17<\\\/option><option value=\\\"18\\\" >18<\\\/option><option value=\\\"19\\\" >19<\\\/option><option value=\\\"20\\\" >20<\\\/option><option value=\\\"21\\\" >21<\\\/option><option value=\\\"22\\\" >22<\\\/option><option value=\\\"23\\\" >23<\\\/option>\",\"minutes_options\":\"<option value=\\\"00\\\" >00<\\\/option><option value=\\\"01\\\" >01<\\\/option><option value=\\\"02\\\" >02<\\\/option><option value=\\\"03\\\" >03<\\\/option><option value=\\\"04\\\" >04<\\\/option><option value=\\\"05\\\" >05<\\\/option><option value=\\\"06\\\" >06<\\\/option><option value=\\\"07\\\" >07<\\\/option><option value=\\\"08\\\" >08<\\\/option><option value=\\\"09\\\" >09<\\\/option><option value=\\\"10\\\" >10<\\\/option><option value=\\\"11\\\" >11<\\\/option><option value=\\\"12\\\" >12<\\\/option><option value=\\\"13\\\" >13<\\\/option><option value=\\\"14\\\" >14<\\\/option><option value=\\\"15\\\" >15<\\\/option><option value=\\\"16\\\" >16<\\\/option><option value=\\\"17\\\" >17<\\\/option><option value=\\\"18\\\" >18<\\\/option><option value=\\\"19\\\" >19<\\\/option><option value=\\\"20\\\" >20<\\\/option><option value=\\\"21\\\" >21<\\\/option><option value=\\\"22\\\" >22<\\\/option><option value=\\\"23\\\" >23<\\\/option><option value=\\\"24\\\" >24<\\\/option><option value=\\\"25\\\" >25<\\\/option><option value=\\\"26\\\" >26<\\\/option><option value=\\\"27\\\" >27<\\\/option><option value=\\\"28\\\" >28<\\\/option><option value=\\\"29\\\" >29<\\\/option><option value=\\\"30\\\" >30<\\\/option><option value=\\\"31\\\" >31<\\\/option><option value=\\\"32\\\" >32<\\\/option><option value=\\\"33\\\" >33<\\\/option><option value=\\\"34\\\" >34<\\\/option><option value=\\\"35\\\" >35<\\\/option><option value=\\\"36\\\" >36<\\\/option><option value=\\\"37\\\" >37<\\\/option><option value=\\\"38\\\" >38<\\\/option><option value=\\\"39\\\" >39<\\\/option><option value=\\\"40\\\" >40<\\\/option><option value=\\\"41\\\" >41<\\\/option><option value=\\\"42\\\" >42<\\\/option><option value=\\\"43\\\" >43<\\\/option><option value=\\\"44\\\" >44<\\\/option><option value=\\\"45\\\" >45<\\\/option><option value=\\\"46\\\" >46<\\\/option><option value=\\\"47\\\" >47<\\\/option><option value=\\\"48\\\" >48<\\\/option><option value=\\\"49\\\" >49<\\\/option><option value=\\\"50\\\" >50<\\\/option><option value=\\\"51\\\" >51<\\\/option><option value=\\\"52\\\" >52<\\\/option><option value=\\\"53\\\" >53<\\\/option><option value=\\\"54\\\" >54<\\\/option><option value=\\\"55\\\" >55<\\\/option><option value=\\\"56\\\" >56<\\\/option><option value=\\\"57\\\" >57<\\\/option><option value=\\\"58\\\" >58<\\\/option><option value=\\\"59\\\" >59<\\\/option>\",\"id\":18,\"beforeField\":\"\",\"afterField\":\"\",\"value\":\"\",\"parentType\":\"date\",\"element_templates\":[\"date\",\"textbox\",\"input\"],\"old_classname\":\"\",\"wrap_template\":\"wrap\"},{\"objectType\":\"Field\",\"objectDomain\":\"fields\",\"editActive\":false,\"order\":9,\"idAttribute\":\"id\",\"type\":\"recaptcha\",\"label\":\"Recaptcha\",\"container_class\":\"\",\"element_class\":\"\",\"size\":\"visible\",\"key\":\"recaptcha_1617139659553\",\"drawerDisabled\":false,\"id\":20,\"beforeField\":\"\",\"afterField\":\"\",\"value\":\"\",\"label_pos\":\"above\",\"parentType\":\"textbox\",\"element_templates\":[\"recaptcha\",\"input\"],\"old_classname\":\"\",\"wrap_template\":\"wrap\",\"site_key\":\"6LeDpSgaAAAAAHt9SAyC3oMuTiUipxZXAMgMGJmr\",\"theme\":\"light\",\"lang\":\"en\"},{\"objectType\":\"Field\",\"objectDomain\":\"fields\",\"editActive\":false,\"order\":10,\"idAttribute\":\"id\",\"type\":\"submit\",\"label\":\"Submit\",\"processing_label\":\"Processing\",\"container_class\":\"\",\"element_class\":\"\",\"key\":\"submit_1617138202505\",\"drawerDisabled\":false,\"id\":19,\"beforeField\":\"\",\"afterField\":\"\",\"value\":\"\",\"label_pos\":\"above\",\"parentType\":\"textbox\",\"element_templates\":[\"submit\",\"button\",\"input\"],\"old_classname\":\"\",\"wrap_template\":\"wrap-no-label\"}];nfForms.push(form);<\/script>\n        [\/et_pb_code][\/et_pb_column_inner][\/et_pb_row_inner][\/et_pb_column][\/et_pb_section]<\/p>\n","protected":false},"excerpt":{"rendered":"<p>Enviar una Preocupaci\u00f3n de Seguridad \u00bfExiste alg\u00fan problema o preocupaci\u00f3n de seguridad en el lugar de trabajo de NCRTD o en sus operaciones de autob\u00fas? Notifica el problema para ayudar a mantenerte seguro, as\u00ed como a tus compa\u00f1eros de trabajo y a las operaciones. Ayuda a prevenir que ocurran incidentes de seguridad. \u00a1Compromet\u00e1monos todos a [&hellip;]<\/p>\n","protected":false},"author":1,"featured_media":0,"parent":0,"menu_order":0,"comment_status":"closed","ping_status":"closed","template":"","meta":{"_et_pb_use_builder":"on","_et_pb_old_content":"","_et_gb_content_width":"","footnotes":""},"class_list":["post-243420","page","type-page","status-publish","hentry"],"_links":{"self":[{"href":"https:\/\/www.ncrtd.org\/es\/wp-json\/wp\/v2\/pages\/243420","targetHints":{"allow":["GET"]}}],"collection":[{"href":"https:\/\/www.ncrtd.org\/es\/wp-json\/wp\/v2\/pages"}],"about":[{"href":"https:\/\/www.ncrtd.org\/es\/wp-json\/wp\/v2\/types\/page"}],"author":[{"embeddable":true,"href":"https:\/\/www.ncrtd.org\/es\/wp-json\/wp\/v2\/users\/1"}],"replies":[{"embeddable":true,"href":"https:\/\/www.ncrtd.org\/es\/wp-json\/wp\/v2\/comments?post=243420"}],"version-history":[{"count":1,"href":"https:\/\/www.ncrtd.org\/es\/wp-json\/wp\/v2\/pages\/243420\/revisions"}],"predecessor-version":[{"id":243424,"href":"https:\/\/www.ncrtd.org\/es\/wp-json\/wp\/v2\/pages\/243420\/revisions\/243424"}],"wp:attachment":[{"href":"https:\/\/www.ncrtd.org\/es\/wp-json\/wp\/v2\/media?parent=243420"}],"curies":[{"name":"wp","href":"https:\/\/api.w.org\/{rel}","templated":true}]}}