{"id":243425,"date":"2021-01-04T14:09:05","date_gmt":"2021-01-04T21:09:05","guid":{"rendered":"https:\/\/www.ncrtd.org\/acerca-de-ncrtd\/horario-de-apertura-y-cierres-por-festivos\/"},"modified":"2026-05-05T17:54:58","modified_gmt":"2026-05-05T23:54:58","slug":"horario-de-apertura-y-cierres-por-festivos","status":"publish","type":"page","link":"https:\/\/www.ncrtd.org\/es\/acerca-de-ncrtd\/horario-de-apertura-y-cierres-por-festivos\/","title":{"rendered":"Horario de apertura y cierres por festivos"},"content":{"rendered":"<p>[et_pb_section fb_built=\u00bb1&#8243; fullwidth=\u00bbon\u00bb _builder_version=\u00bb4.16&#8243; _module_preset=\u00bbcbe6949b-fe83-485f-a967-598203880f36&#8243; width_tablet=\u00bb\u00bb width_phone=\u00bb\u00bb width_last_edited=\u00bbon|desktop\u00bb custom_margin=\u00bb140px||||false|false\u00bb custom_margin_tablet=\u00bb0px||||false|false\u00bb custom_margin_phone=\u00bb\u00bb custom_margin_last_edited=\u00bbon|desktop\u00bb global_colors_info=\u00bb{}\u00bb][et_pb_fullwidth_image src=\u00bbhttps:\/\/www.ncrtd.org\/wp-content\/uploads\/2025\/03\/ncrtd-blue-bus-2023-0930.jpg\u00bb alt=\u00bbCarretera sinuosa de Santa Fe\u00bb title_text=\u00bbncrtd-blue-bus-2023-0930&#8243; disabled_on=\u00bbon|on|on\u00bb admin_label=\u00bbbackground fullwidth image\u00bb _builder_version=\u00bb4.27.4&#8243; _module_preset=\u00bb2215b47f-c514-4736-8638-9febfca886f5&#8243; background_color=\u00bb#FFFFFF\u00bb min_height=\u00bb739.1px\u00bb height_phone=\u00bb723.1px\u00bb custom_margin=\u00bb||-600px||false|false\u00bb disabled=\u00bbon\u00bb global_module=\u00bb3818&#8243; locked=\u00bboff\u00bb global_colors_info=\u00bb{}\u00bb][\/et_pb_fullwidth_image][\/et_pb_section][et_pb_section fb_built=\u00bb1&#8243; specialty=\u00bbon\u00bb padding_1_tablet=\u00bb2em|6%|2em|6%|true|true\u00bb padding_2_tablet=\u00bb2em|6%|2em|6%|true|true\u00bb padding_1_phone=\u00bb2em|8%|2em|8%|true|true\u00bb padding_2_phone=\u00bb2em|8%|2em|8%|true|true\u00bb padding_1_last_edited=\u00bbon|desktop\u00bb padding_2_last_edited=\u00bbon|tablet\u00bb module_id_1=\u00bbsidebar\u00bb module_class_1=\u00bbcontent-sidebar\u00bb module_class_2=\u00bbcontent-main\u00bb _builder_version=\u00bb4.16&#8243; _module_preset=\u00bb49fa2571-fdca-4afb-b157-c44ecc3f4485&#8243; global_colors_info=\u00bb{}\u00bb][et_pb_column type=\u00bb1_4&#8243; _builder_version=\u00bb4.16&#8243; custom_padding=\u00bb|||\u00bb global_colors_info=\u00bb{}\u00bb custom_padding__hover=\u00bb|||\u00bb][et_pb_menu menu_id=\u00bb2&#8243; _builder_version=\u00bb4.16&#8243; _module_preset=\u00bbefd0ba9f-ac50-4f8b-84a6-8e44415a3403&#8243; global_colors_info=\u00bb{}\u00bb][\/et_pb_menu][et_pb_text _builder_version=\u00bb4.23.3&#8243; _module_preset=\u00bba5d3b840-eb6f-4446-9880-fb2e3dcbae61&#8243; global_module=\u00bb2761&#8243; saved_tabs=\u00bball\u00bb global_colors_info=\u00bb{}\u00bb][\/et_pb_text][\/et_pb_column][et_pb_column type=\u00bb3_4&#8243; specialty_columns=\u00bb3&#8243; _builder_version=\u00bb4.16&#8243; custom_padding=\u00bb|||\u00bb global_colors_info=\u00bb{}\u00bb custom_padding__hover=\u00bb|||\u00bb][et_pb_row_inner _builder_version=\u00bb4.16&#8243; _module_preset=\u00bbdefault\u00bb global_colors_info=\u00bb{}\u00bb][et_pb_column_inner saved_specialty_column_type=\u00bb3_4&#8243; _builder_version=\u00bb4.16&#8243; _module_preset=\u00bbdefault\u00bb global_colors_info=\u00bb{}\u00bb][et_pb_text _builder_version=\u00bb4.16&#8243; _module_preset=\u00bbdefault\u00bb global_colors_info=\u00bb{}\u00bb]<\/p>\n<h2><span>HORARIO DE APERTURA<\/span><\/h2>\n<p><span><strong>Atenci\u00f3n al cliente de operaciones:<\/strong><\/span><\/p>\n<p>De lunes a viernes S\u00e1bado\/Domingo<\/p>\n<p>De 6:00 a 19:00 De 8:00 a 17:00<\/p>\n<p>&nbsp;<\/p>\n<p><strong><span>Oficinas administrativas:<\/span><\/strong><\/p>\n<p>De lunes a viernes<\/p>\n<p>De 8:00 a 17:00<\/p>\n<p>[\/et_pb_text][et_pb_text _builder_version=\u00bb4.16&#8243; _module_preset=\u00bbdefault\u00bb global_colors_info=\u00bb{}\u00bb]<\/p>\n<h2><span>CALENDARIO DE FESTIVOS de North Central RTD<\/span><\/h2>\n<p><span><strong>North Central RTD observa los siguientes festivos; NO HABR\u00c1 SERVICIO DE AUTOB\u00daS los d\u00edas indicados a continuaci\u00f3n, a menos que se especifique lo contrario.<\/strong><\/span><\/p>\n<p><strong>A\u00f1o Nuevo<span> <\/span><em>(1 de enero) &#8211;<\/em><\/strong><span> <\/span>*<em>Servicio SOLO para las rutas 255 Mountain Trail y 341 TSV Green<\/em><\/p>\n<p><strong>D\u00eda de Martin Luther King<em><span> <\/span>&#8211;<span> <\/span><\/em><\/strong> *<em>Servicio SOLO para las rutas 255 Mountain Trail y 341 TSV Green<\/em><\/p>\n<p><strong>D\u00eda de los Ca\u00eddos (Memorial Day)<em><span> <\/span>&#8211;<span> <\/span><\/em><\/strong><em>*Servicio SOLO para la ruta 255 Mountain Trail<\/em><\/p>\n<p><em><strong>Juneteenth<span> <\/span>&#8211;<span> <\/span><\/strong>*Servicio SOLO para la ruta 255 Mountain Trail<\/em><\/p>\n<p><strong>D\u00eda de la Independencia<span> <\/span><em>(4 de julio) <\/em><\/strong>*<em>Servicio SOLO para la ruta 255 Mountain Trail<\/em><\/p>\n<p><strong>D\u00eda del Trabajo (Labor Day) &#8211;<span> <\/span><\/strong> *<em>Servicio SOLO para la ruta RTD 255 Mountain Trail<\/em><\/p>\n<p><strong>D\u00eda de los Pueblos Ind\u00edgenas <\/strong>*<em>Servicio SOLO para la ruta 255 Mountain Trail<\/em><\/p>\n<p><strong>D\u00eda de los Veteranos<span> <\/span><em>(11 de noviembre)<span> <\/span><\/em><\/strong>*<em>Servicio SOLO para la ruta 255 Mountain Trail, y la 305 Taos Express cuando caiga en fin de semana (s\u00e1b-dom)<\/em><\/p>\n<p><strong>Acci\u00f3n de Gracias &#8211;<\/strong><span> <\/span>*<em>Servicio SOLO para la ruta 255 Mountain Trail si Ski Santa Fe est\u00e1 operativo<\/em><\/p>\n<p><strong>El d\u00eda despu\u00e9s de Acci\u00f3n de Gracias-<\/strong><span> <\/span>*<em>Servicio SOLO para la ruta 255 Mountain Trail si Ski Santa Fe est\u00e1 operativo<\/em><\/p>\n<p><strong>Nochebuena<span> <\/span><em>(24 de diciembre)<\/em><span> <\/span>&#8211;<\/strong><span> <\/span>*<em>Servicio SOLO para las rutas 255 Mountain Trail, 341 TSV Green y 305 Taos Express* (*cuando caiga en fin de semana)<\/em><\/p>\n<p><strong>Navidad<span> <\/span><em>(25 de diciembre)<\/em><span> <\/span>&#8211;<\/strong><span> <\/span>*<em>Servicio SOLO para las rutas 255 Mountain Trail y 341 TSV Green<\/em><\/p>\n<p>[\/et_pb_text][\/et_pb_column_inner][\/et_pb_row_inner][\/et_pb_column][\/et_pb_section]<\/p>\n","protected":false},"excerpt":{"rendered":"<p>HORARIO DE APERTURA Atenci\u00f3n al cliente de operaciones: De lunes a viernes S\u00e1bado\/Domingo De 6:00 a 19:00 De 8:00 a 17:00 &nbsp; Oficinas administrativas: De lunes a viernes De 8:00 a 17:00CALENDARIO DE FESTIVOS de North Central RTD North Central RTD observa los siguientes festivos; NO HABR\u00c1 SERVICIO DE AUTOB\u00daS los d\u00edas indicados a continuaci\u00f3n, [&hellip;]<\/p>\n","protected":false},"author":1,"featured_media":0,"parent":243372,"menu_order":0,"comment_status":"closed","ping_status":"closed","template":"","meta":{"_et_pb_use_builder":"on","_et_pb_old_content":"","_et_gb_content_width":"","footnotes":""},"class_list":["post-243425","page","type-page","status-publish","hentry"],"_links":{"self":[{"href":"https:\/\/www.ncrtd.org\/es\/wp-json\/wp\/v2\/pages\/243425","targetHints":{"allow":["GET"]}}],"collection":[{"href":"https:\/\/www.ncrtd.org\/es\/wp-json\/wp\/v2\/pages"}],"about":[{"href":"https:\/\/www.ncrtd.org\/es\/wp-json\/wp\/v2\/types\/page"}],"author":[{"embeddable":true,"href":"https:\/\/www.ncrtd.org\/es\/wp-json\/wp\/v2\/users\/1"}],"replies":[{"embeddable":true,"href":"https:\/\/www.ncrtd.org\/es\/wp-json\/wp\/v2\/comments?post=243425"}],"version-history":[{"count":6,"href":"https:\/\/www.ncrtd.org\/es\/wp-json\/wp\/v2\/pages\/243425\/revisions"}],"predecessor-version":[{"id":243434,"href":"https:\/\/www.ncrtd.org\/es\/wp-json\/wp\/v2\/pages\/243425\/revisions\/243434"}],"up":[{"embeddable":true,"href":"https:\/\/www.ncrtd.org\/es\/wp-json\/wp\/v2\/pages\/243372"}],"wp:attachment":[{"href":"https:\/\/www.ncrtd.org\/es\/wp-json\/wp\/v2\/media?parent=243425"}],"curies":[{"name":"wp","href":"https:\/\/api.w.org\/{rel}","templated":true}]}}