{"id":243428,"date":"2021-01-04T14:14:45","date_gmt":"2021-01-04T21:14:45","guid":{"rendered":"https:\/\/www.ncrtd.org\/contacto\/registrate-para-recibir-alertas\/"},"modified":"2026-05-05T17:54:58","modified_gmt":"2026-05-05T23:54:58","slug":"registrate-para-recibir-alertas","status":"publish","type":"page","link":"https:\/\/www.ncrtd.org\/es\/contacto\/registrate-para-recibir-alertas\/","title":{"rendered":"Reg\u00edstrate para recibir alertas"},"content":{"rendered":"<p>[et_pb_section fb_built=\u00bb1&#8243; fullwidth=\u00bbon\u00bb _builder_version=\u00bb4.16&#8243; _module_preset=\u00bbcbe6949b-fe83-485f-a967-598203880f36&#8243; width_tablet=\u00bb\u00bb width_phone=\u00bb\u00bb width_last_edited=\u00bbon|desktop\u00bb custom_margin=\u00bb140px||||false|false\u00bb custom_margin_tablet=\u00bb0px||||false|false\u00bb custom_margin_phone=\u00bb\u00bb custom_margin_last_edited=\u00bbon|desktop\u00bb global_colors_info=\u00bb{}\u00bb][et_pb_fullwidth_image src=\u00bbhttps:\/\/www.ncrtd.org\/wp-content\/uploads\/2025\/03\/ncrtd-blue-bus-2023-0930.jpg\u00bb alt=\u00bbCarretera sinuosa de Santa Fe\u00bb title_text=\u00bbncrtd-blue-bus-2023-0930&#8243; admin_label=\u00bbbackground fullwidth image\u00bb _builder_version=\u00bb4.27.4&#8243; _module_preset=\u00bb2215b47f-c514-4736-8638-9febfca886f5&#8243; background_color=\u00bb#FFFFFF\u00bb min_height=\u00bb739.1px\u00bb height_phone=\u00bb723.1px\u00bb custom_margin=\u00bb||-600px||false|false\u00bb global_module=\u00bb3818&#8243; locked=\u00bboff\u00bb global_colors_info=\u00bb{}\u00bb][\/et_pb_fullwidth_image][\/et_pb_section][et_pb_section fb_built=\u00bb1&#8243; specialty=\u00bbon\u00bb padding_1_tablet=\u00bb2em|6%|2em|6%|true|true\u00bb padding_2_tablet=\u00bb2em|6%|2em|6%|true|true\u00bb padding_1_phone=\u00bb2em|8%|2em|8%|true|true\u00bb padding_2_phone=\u00bb2em|8%|2em|8%|true|true\u00bb padding_1_last_edited=\u00bbon|desktop\u00bb padding_2_last_edited=\u00bbon|tablet\u00bb module_id_1=\u00bbsidebar\u00bb module_class_1=\u00bbcontent-sidebar\u00bb module_class_2=\u00bbcontent-main\u00bb _builder_version=\u00bb4.16&#8243; _module_preset=\u00bb49fa2571-fdca-4afb-b157-c44ecc3f4485&#8243; global_colors_info=\u00bb{}\u00bb][et_pb_column type=\u00bb1_4&#8243; _builder_version=\u00bb4.16&#8243; custom_padding=\u00bb|||\u00bb global_colors_info=\u00bb{}\u00bb custom_padding__hover=\u00bb|||\u00bb][et_pb_menu menu_id=\u00bb2&#8243; _builder_version=\u00bb4.16&#8243; _module_preset=\u00bbefd0ba9f-ac50-4f8b-84a6-8e44415a3403&#8243; global_colors_info=\u00bb{}\u00bb][\/et_pb_menu][et_pb_text _builder_version=\u00bb4.23.3&#8243; _module_preset=\u00bba5d3b840-eb6f-4446-9880-fb2e3dcbae61&#8243; global_module=\u00bb2761&#8243; saved_tabs=\u00bball\u00bb global_colors_info=\u00bb{}\u00bb][\/et_pb_text][\/et_pb_column][et_pb_column type=\u00bb3_4&#8243; specialty_columns=\u00bb3&#8243; _builder_version=\u00bb4.16&#8243; custom_padding=\u00bb|||\u00bb global_colors_info=\u00bb{}\u00bb custom_padding__hover=\u00bb|||\u00bb][et_pb_row_inner _builder_version=\u00bb4.16&#8243; _module_preset=\u00bbdefault\u00bb global_colors_info=\u00bb{}\u00bb][et_pb_column_inner saved_specialty_column_type=\u00bb3_4&#8243; _builder_version=\u00bb4.16&#8243; _module_preset=\u00bbdefault\u00bb global_colors_info=\u00bb{}\u00bb][et_pb_text _builder_version=\u00bb4.16&#8243; _module_preset=\u00bbdefault\u00bb global_colors_info=\u00bb{}\u00bb]<\/p>\n<div class=\"padding\">\n<div id=\"_7be489c429154467a3051bef90752db5\" class=\"hidden rts_cms_data_region\">\n<div id=\"_b40939c75cd04928b15fceecb1838837\">\n<div id=\"_b40939c75cd04928b15fceecb1838837_pnl7be489c429154467a3051bef90752db5Content\">\n<h2>NOTIFICACIONES POR CORREO ELECTR\u00d3NICO Y TEXTO (SMS)<\/h2>\n<\/div>\n<\/div>\n<\/div>\n<\/div>\n<div class=\"padding\">\n<div id=\"_db303b6bb0064bdd879a2aab49709037\" class=\"hidden rts_cms_data_region\">\n<div id=\"_0bbac9b23e214cd7a18225d0ace5b668\">\n<div id=\"_0bbac9b23e214cd7a18225d0ace5b668_pnldb303b6bb0064bdd879a2aab49709037Content\">\n<p>Considera esto como tu l\u00ednea directa para noticias y actualizaciones de servicio de RTD. Al <span> <\/span><a href=\"http:\/\/bluebustracker.availtec.com\/infopoint\" target=\"_blank\" rel=\"noopener noreferrer\"><strong>registrarte<\/strong><\/a><span> <\/span>en nuestras alertas gratuitas por correo electr\u00f3nico o mensaje de texto (SMS), recibir\u00e1s avisos para pasajeros, junto con otra informaci\u00f3n pertinente directamente en tu bandeja de entrada. Reg\u00edstrate en los temas que te interesen, incluyendo: <\/p>\n<ul>\n<li>Alertas para pasajeros (cambios en rutas\/horarios y otros avisos importantes)<\/li>\n<li>Anuncios p\u00fablicos (reuniones de la junta, oportunidades de licitaci\u00f3n para proveedores, etc.)<\/li>\n<\/ul>\n<h3>C\u00d3MO REGISTRARSE<\/h3>\n<p><span>Para registrarte y recibir alertas, necesitar\u00e1s una direcci\u00f3n de correo electr\u00f3nico v\u00e1lida y\/o un n\u00famero de tel\u00e9fono m\u00f3vil. Comienza visitando el Blue Bus Tracker y eligiendo <\/span><strong><a id=\"ext-link-190\" class=\"external\" href=\"http:\/\/bluebustracker.availtec.com\/infopoint\" target=\"_blank\" rel=\"noopener noreferrer\">Registrarse para obtener una cuenta.<\/a><\/strong><span> Una vez que hayas verificado tu cuenta, completa tu informaci\u00f3n personal y comienza a elegir entre la variedad de opciones de alerta disponibles. Ahora podr\u00e1s recibir notificaciones sobre anuncios p\u00fablicos e informaci\u00f3n espec\u00edfica de las rutas. Tambi\u00e9n puedes cambiar tus suscripciones de alerta o eliminar tu cuenta en cualquier momento.<\/span><\/p>\n<\/div>\n<\/div>\n<\/div>\n<\/div>\n<p>[\/et_pb_text][et_pb_image src=\u00bbhttps:\/\/www.ncrtd.org\/wp-content\/uploads\/2021\/01\/blue-bus-tracker-alert-guide-CL-10-21-16_Page_1.png\u00bb title_text=\u00bbgu\u00eda-de-alertas-blue-bus-tracker &#8211; CL 10-21-16_P\u00e1gina_1&#8243; _builder_version=\u00bb4.16&#8243; _module_preset=\u00bbdefault\u00bb global_colors_info=\u00bb{}\u00bb][\/et_pb_image][et_pb_image src=\u00bbhttps:\/\/www.ncrtd.org\/wp-content\/uploads\/2021\/01\/blue-bus-tracker-alert-guide-CL-10-21-16_Page_2.png\u00bb title_text=\u00bbgu\u00eda-de-alertas-blue-bus-tracker &#8211; CL 10-21-16_P\u00e1gina_2&#8243; _builder_version=\u00bb4.16&#8243; _module_preset=\u00bbdefault\u00bb global_colors_info=\u00bb{}\u00bb][\/et_pb_image][et_pb_image src=\u00bbhttps:\/\/www.ncrtd.org\/wp-content\/uploads\/2021\/01\/blue-bus-tracker-alert-guide-CL-10-21-16_Page_3.png\u00bb title_text=\u00bbgu\u00eda-de-alertas-blue-bus-tracker &#8211; CL 10-21-16_P\u00e1gina_3&#8243; _builder_version=\u00bb4.16&#8243; _module_preset=\u00bbdefault\u00bb global_colors_info=\u00bb{}\u00bb][\/et_pb_image][et_pb_video src=\u00bbhttps:\/\/youtu.be\/E2OobApD-n0?si=4QXco-Ng_9iJ9ug-\u00bb _builder_version=\u00bb4.27.4&#8243; _module_preset=\u00bbdefault\u00bb hover_enabled=\u00bb0&#8243; sticky_enabled=\u00bb0&#8243;][\/et_pb_video][et_pb_text _builder_version=\u00bb4.16&#8243; _module_preset=\u00bbdefault\u00bb global_colors_info=\u00bb{}\u00bb]<\/p>\n<h3>RESPETAMOS TU PRIVACIDAD<\/h3>\n<p><em>NCRTD no vender\u00e1, alquilar\u00e1 ni distribuir\u00e1 o divulgar\u00e1 de otro modo tu direcci\u00f3n de correo electr\u00f3nico a terceros, a menos que lo exija la ley.<\/em><\/p>\n<p><em>Los clientes que se suscriben a este servicio aceptan que su uso es bajo el \u00fanico riesgo y gasto del cliente y sin responsabilidad por parte de NCRTD.<\/em><\/p>\n<p><em>El cliente es responsable de cualquier cargo por datos de servicio de telefon\u00eda m\u00f3vil para el servicio de correo electr\u00f3nico. Ten en cuenta que es posible que los clientes de telefon\u00eda m\u00f3vil no puedan recibir correos electr\u00f3nicos en algunas \u00e1reas geogr\u00e1ficas o con algunos proveedores de servicios. Para conocer de forma fiable el estado del servicio de NCRTD, llama al 866.206.0754  <\/em><\/p>\n<p>[\/et_pb_text][\/et_pb_column_inner][\/et_pb_row_inner][\/et_pb_column][\/et_pb_section]<\/p>\n","protected":false},"excerpt":{"rendered":"<p>NOTIFICACIONES POR CORREO ELECTR\u00d3NICO Y TEXTO (SMS) Considera esto como tu l\u00ednea directa para noticias y actualizaciones de servicio de RTD. Al registrarte en nuestras alertas gratuitas por correo electr\u00f3nico o mensaje de texto (SMS), recibir\u00e1s avisos para pasajeros, junto con otra informaci\u00f3n pertinente directamente en tu bandeja de entrada. Reg\u00edstrate en los temas que [&hellip;]<\/p>\n","protected":false},"author":1,"featured_media":0,"parent":243380,"menu_order":0,"comment_status":"closed","ping_status":"closed","template":"","meta":{"_et_pb_use_builder":"on","_et_pb_old_content":"","_et_gb_content_width":"","footnotes":""},"class_list":["post-243428","page","type-page","status-publish","hentry"],"_links":{"self":[{"href":"https:\/\/www.ncrtd.org\/es\/wp-json\/wp\/v2\/pages\/243428","targetHints":{"allow":["GET"]}}],"collection":[{"href":"https:\/\/www.ncrtd.org\/es\/wp-json\/wp\/v2\/pages"}],"about":[{"href":"https:\/\/www.ncrtd.org\/es\/wp-json\/wp\/v2\/types\/page"}],"author":[{"embeddable":true,"href":"https:\/\/www.ncrtd.org\/es\/wp-json\/wp\/v2\/users\/1"}],"replies":[{"embeddable":true,"href":"https:\/\/www.ncrtd.org\/es\/wp-json\/wp\/v2\/comments?post=243428"}],"version-history":[{"count":1,"href":"https:\/\/www.ncrtd.org\/es\/wp-json\/wp\/v2\/pages\/243428\/revisions"}],"predecessor-version":[{"id":243431,"href":"https:\/\/www.ncrtd.org\/es\/wp-json\/wp\/v2\/pages\/243428\/revisions\/243431"}],"up":[{"embeddable":true,"href":"https:\/\/www.ncrtd.org\/es\/wp-json\/wp\/v2\/pages\/243380"}],"wp:attachment":[{"href":"https:\/\/www.ncrtd.org\/es\/wp-json\/wp\/v2\/media?parent=243428"}],"curies":[{"name":"wp","href":"https:\/\/api.w.org\/{rel}","templated":true}]}}