{"id":243436,"date":"2021-01-04T12:04:24","date_gmt":"2021-01-04T19:04:24","guid":{"rendered":"https:\/\/www.ncrtd.org\/rutas-por-zona\/zona-de-los-pueblos-del-norte\/"},"modified":"2026-05-05T17:55:12","modified_gmt":"2026-05-05T23:55:12","slug":"zona-de-los-pueblos-del-norte","status":"publish","type":"page","link":"https:\/\/www.ncrtd.org\/es\/rutas-por-zona\/zona-de-los-pueblos-del-norte\/","title":{"rendered":"Zona de los Pueblos del Norte"},"content":{"rendered":"<p>[et_pb_section fb_built=\u00bb1&#8243; fullwidth=\u00bbon\u00bb _builder_version=\u00bb4.16&#8243; _module_preset=\u00bbcbe6949b-fe83-485f-a967-598203880f36&#8243; width_tablet=\u00bb\u00bb width_phone=\u00bb\u00bb width_last_edited=\u00bbon|desktop\u00bb custom_margin=\u00bb140px||||false|false\u00bb custom_margin_tablet=\u00bb0px||||false|false\u00bb custom_margin_phone=\u00bb\u00bb custom_margin_last_edited=\u00bbon|desktop\u00bb global_colors_info=\u00bb{}\u00bb][et_pb_fullwidth_image src=\u00bbhttps:\/\/www.ncrtd.org\/wp-content\/uploads\/2025\/03\/ncrtd-blue-bus-2023-0930.jpg\u00bb alt=\u00bbWinding Santa Fe Road\u00bb title_text=\u00bbncrtd-blue-bus-2023-0930&#8243; disabled_on=\u00bboff|off|off\u00bb admin_label=\u00bbbackground fullwidth image\u00bb _builder_version=\u00bb4.27.5&#8243; _module_preset=\u00bb2215b47f-c514-4736-8638-9febfca886f5&#8243; background_color=\u00bb#FFFFFF\u00bb min_height=\u00bb739.1px\u00bb height_phone=\u00bb723.1px\u00bb custom_margin=\u00bb||-600px||false|false\u00bb global_module=\u00bb3818&#8243; locked=\u00bboff\u00bb global_colors_info=\u00bb{}\u00bb][\/et_pb_fullwidth_image][\/et_pb_section][et_pb_section fb_built=\u00bb1&#8243; specialty=\u00bbon\u00bb padding_1_tablet=\u00bb2em|6%|2em|6%|true|true\u00bb padding_2_tablet=\u00bb2em|6%|2em|6%|true|true\u00bb padding_1_phone=\u00bb2em|8%|2em|8%|true|true\u00bb padding_2_phone=\u00bb2em|8%|2em|8%|true|true\u00bb padding_1_last_edited=\u00bbon|tablet\u00bb padding_2_last_edited=\u00bbon|phone\u00bb module_id_1=\u00bbsidebar\u00bb module_class_1=\u00bbcontent-sidebar\u00bb module_class_2=\u00bbcontent-main\u00bb _builder_version=\u00bb4.16&#8243; _module_preset=\u00bb49fa2571-fdca-4afb-b157-c44ecc3f4485&#8243; global_colors_info=\u00bb{}\u00bb][et_pb_column type=\u00bb1_4&#8243; _builder_version=\u00bb4.16&#8243; custom_padding=\u00bb|||\u00bb global_colors_info=\u00bb{}\u00bb custom_padding__hover=\u00bb|||\u00bb][et_pb_menu menu_id=\u00bb2&#8243; _builder_version=\u00bb4.16&#8243; _module_preset=\u00bbefd0ba9f-ac50-4f8b-84a6-8e44415a3403&#8243; global_colors_info=\u00bb{}\u00bb][\/et_pb_menu][et_pb_text _builder_version=\u00bb4.16&#8243; _module_preset=\u00bba5d3b840-eb6f-4446-9880-fb2e3dcbae61&#8243; saved_tabs=\u00bball\u00bb global_colors_info=\u00bb{}\u00bb][\/et_pb_text][\/et_pb_column][et_pb_column type=\u00bb3_4&#8243; specialty_columns=\u00bb3&#8243; _builder_version=\u00bb4.16&#8243; custom_padding=\u00bb|||\u00bb global_colors_info=\u00bb{}\u00bb custom_padding__hover=\u00bb|||\u00bb][et_pb_row_inner column_structure=\u00bb1_3,1_3,1_3&#8243; _builder_version=\u00bb4.16&#8243; _module_preset=\u00bb107db78a-07e7-4283-b1a5-3b1605da1bbe\u00bb global_colors_info=\u00bb{}\u00bb][et_pb_column_inner type=\u00bb1_3&#8243; _builder_version=\u00bb4.16&#8243; _module_preset=\u00bbc9bc625d-b45a-405f-ad91-6bfb28ea673f\u00bb global_colors_info=\u00bb{}\u00bb][et_pb_text _builder_version=\u00bb4.16&#8243; _module_preset=\u00bb337160e1-20f2-4074-b1cd-80a53b736ba2&#8243; background_color=\u00bb#633a91&#8243; global_colors_info=\u00bb{}\u00bb]<\/p>\n<h2>160<\/h2>\n<p>[\/et_pb_text][et_pb_text _builder_version=\u00bb4.27.4&#8243; _module_preset=\u00bbff04534e-1710-46b9-ae34-61a162d17b85&#8243; global_colors_info=\u00bb{}\u00bb]<\/p>\n<h3>160 SANTA CLARA<\/h3>\n<p><span>La ruta 160 Santa Clara presta servicio al Pueblo de Santa Clara, al Centro de Tr\u00e1nsito de Espa\u00f1ola y a Santa Fe<\/span><\/p>\n<p>[\/et_pb_text][et_pb_blurb title=\u00bbM\u00e1s informaci\u00f3n\u00bb use_icon=\u00bbon\u00bb font_icon=\u00bb&#x24;||divi||400&#8243; _builder_version=\u00bb4.27.4&#8243; _module_preset=\u00bb896a7a94-1735-42a0-8bde-61ae6f6da88e\u00bb link_option_url=\u00bbhttps:\/\/www.ncrtd.org\/all-routes\/160-santa-clara\/\u00bb link_option_url_new_window=\u00bbon\u00bb global_colors_info=\u00bb{}\u00bb][\/et_pb_blurb][\/et_pb_column_inner][et_pb_column_inner type=\u00bb1_3&#8243; _builder_version=\u00bb4.16&#8243; _module_preset=\u00bbc9bc625d-b45a-405f-ad91-6bfb28ea673f\u00bb global_colors_info=\u00bb{}\u00bb][et_pb_text _builder_version=\u00bb4.16&#8243; _module_preset=\u00bb337160e1-20f2-4074-b1cd-80a53b736ba2&#8243; background_color=\u00bb#e85025&#8243; global_colors_info=\u00bb{}\u00bb]<\/p>\n<h2>170<\/h2>\n<p>[\/et_pb_text][et_pb_text _builder_version=\u00bb4.27.4&#8243; _module_preset=\u00bbff04534e-1710-46b9-ae34-61a162d17b85&#8243; global_colors_info=\u00bb{}\u00bb]<\/p>\n<h3>170 JICARILLA<\/h3>\n<p>Presta servicio a la Naci\u00f3n Apache Jicarilla con trayectos entre Chama, Dulce, Bloomfield y Farmington<\/p>\n<p>&nbsp;<\/p>\n<p>[\/et_pb_text][et_pb_blurb title=\u00bbM\u00e1s informaci\u00f3n\u00bb use_icon=\u00bbon\u00bb font_icon=\u00bb&#x24;||divi||400&#8243; _builder_version=\u00bb4.23.4&#8243; _module_preset=\u00bb896a7a94-1735-42a0-8bde-61ae6f6da88e\u00bb link_option_url=\u00bbhttps:\/\/www.ncrtd.org\/all-routes\/170-jicarilla\/\u00bb link_option_url_new_window=\u00bbon\u00bb global_colors_info=\u00bb{}\u00bb][\/et_pb_blurb][\/et_pb_column_inner][et_pb_column_inner type=\u00bb1_3&#8243; _builder_version=\u00bb4.16&#8243; _module_preset=\u00bbc9bc625d-b45a-405f-ad91-6bfb28ea673f\u00bb global_colors_info=\u00bb{}\u00bb][et_pb_text _builder_version=\u00bb4.16&#8243; _module_preset=\u00bb337160e1-20f2-4074-b1cd-80a53b736ba2&#8243; background_color=\u00bb#a3cc38&#8243; global_colors_info=\u00bb{}\u00bb]<\/p>\n<h2>220<\/h2>\n<p>[\/et_pb_text][et_pb_text _builder_version=\u00bb4.27.4&#8243; _module_preset=\u00bbff04534e-1710-46b9-ae34-61a162d17b85&#8243; global_colors_info=\u00bb{}\u00bb]<\/p>\n<h3>220 TESUQUE<\/h3>\n<h4 tabindex=\"-1\"><\/h4>\n<p>La ruta 220 Tesuque presta servicio a Santa Fe, al Pueblo de Tesuque y al Pueblo de Pojoaque.<\/p>\n<p>[\/et_pb_text][et_pb_blurb title=\u00bbM\u00e1s informaci\u00f3n\u00bb use_icon=\u00bbon\u00bb font_icon=\u00bb&#x24;||divi||400&#8243; _builder_version=\u00bb4.27.4&#8243; _module_preset=\u00bb896a7a94-1735-42a0-8bde-61ae6f6da88e\u00bb link_option_url=\u00bbhttps:\/\/www.ncrtd.org\/all-routes\/220-tesuque\/\u00bb link_option_url_new_window=\u00bbon\u00bb global_colors_info=\u00bb{}\u00bb][\/et_pb_blurb][\/et_pb_column_inner][\/et_pb_row_inner][et_pb_row_inner column_structure=\u00bb1_3,1_3,1_3&#8243; disabled_on=\u00bboff|off|off\u00bb _builder_version=\u00bb4.27.0&#8243; _module_preset=\u00bb107db78a-07e7-4283-b1a5-3b1605da1bbe\u00bb global_colors_info=\u00bb{}\u00bb][et_pb_column_inner type=\u00bb1_3&#8243; _builder_version=\u00bb4.16&#8243; _module_preset=\u00bbc9bc625d-b45a-405f-ad91-6bfb28ea673f\u00bb global_colors_info=\u00bb{}\u00bb][et_pb_text _builder_version=\u00bb4.16&#8243; _module_preset=\u00bb337160e1-20f2-4074-b1cd-80a53b736ba2&#8243; background_color=\u00bb#3183a3&#8243; global_colors_info=\u00bb{}\u00bb]<\/p>\n<h2>230<\/h2>\n<p>[\/et_pb_text][et_pb_text _builder_version=\u00bb4.27.4&#8243; _module_preset=\u00bbff04534e-1710-46b9-ae34-61a162d17b85&#8243; global_colors_info=\u00bb{}\u00bb]<\/p>\n<h3>230 SAN ILDEFONSO<\/h3>\n<h4 tabindex=\"-1\">Desv\u00edo de ruta<\/h4>\n<p>La ruta 230 San Ildefonso presta servicio al Pueblo de Pojoaque, al Pueblo de San Ildefonso y al condado de Los \u00c1lamos.<\/p>\n<p><span style=\"font-size: 14px;\"><\/span><\/p>\n<p>[\/et_pb_text][et_pb_blurb title=\u00bbM\u00e1s informaci\u00f3n\u00bb use_icon=\u00bbon\u00bb font_icon=\u00bb&#x24;||divi||400&#8243; _builder_version=\u00bb4.27.4&#8243; _module_preset=\u00bb896a7a94-1735-42a0-8bde-61ae6f6da88e\u00bb link_option_url=\u00bbhttps:\/\/www.ncrtd.org\/all-routes\/230-san-ildefonso\/\u00bb link_option_url_new_window=\u00bbon\u00bb global_colors_info=\u00bb{}\u00bb][\/et_pb_blurb][\/et_pb_column_inner][et_pb_column_inner type=\u00bb1_3&#8243; _builder_version=\u00bb4.16&#8243; _module_preset=\u00bbc9bc625d-b45a-405f-ad91-6bfb28ea673f\u00bb global_colors_info=\u00bb{}\u00bb][et_pb_text _builder_version=\u00bb4.16&#8243; _module_preset=\u00bb71fa9484-c673-4c42-ad59-a2bcf1830c93&#8243; background_color=\u00bb#feca44&#8243; global_colors_info=\u00bb{}\u00bb]<\/p>\n<h2>400<\/h2>\n<p>[\/et_pb_text][et_pb_text _builder_version=\u00bb4.27.4&#8243; _module_preset=\u00bbff04534e-1710-46b9-ae34-61a162d17b85&#8243; global_colors_info=\u00bb{}\u00bb]<\/p>\n<h3>400 LOS \u00c1LAMOS<\/h3>\n<h4>SUSPENDIDO HASTA NUEVO AVISO<\/h4>\n<p>La ruta 400 Los \u00c1lamos presta servicio a Los \u00c1lamos, al Pueblo de Pojoaque, al Pueblo de Santa Clara, al Pueblo de San Ildefonso y al Centro de Tr\u00e1nsito de Espa\u00f1ola.<\/p>\n<p>[\/et_pb_text][\/et_pb_column_inner][et_pb_column_inner type=\u00bb1_3&#8243; _builder_version=\u00bb4.16&#8243; _module_preset=\u00bbc9bc625d-b45a-405f-ad91-6bfb28ea673f\u00bb global_colors_info=\u00bb{}\u00bb][et_pb_text disabled_on=\u00bbon|on|on\u00bb _builder_version=\u00bb4.27.0&#8243; _module_preset=\u00bb71fa9484-c673-4c42-ad59-a2bcf1830c93&#8243; text_text_color=\u00bb#FFFFFF\u00bb header_text_color=\u00bb#FFFFFF\u00bb background_color=\u00bb#632b7d\u00bb disabled=\u00bbon\u00bb global_colors_info=\u00bb{}\u00bb]<\/p>\n<h2><span style=\"color: #ffffff;\">400<\/span><\/h2>\n<p>[\/et_pb_text][et_pb_blurb title=\u00bbM\u00e1s informaci\u00f3n\u00bb use_icon=\u00bbon\u00bb font_icon=\u00bb&#x24;||divi||400&#8243; disabled_on=\u00bbon|on|on\u00bb _builder_version=\u00bb4.27.4&#8243; _module_preset=\u00bb896a7a94-1735-42a0-8bde-61ae6f6da88e\u00bb link_option_url=\u00bbhttps:\/\/www.ncrtd.org\/all-routes\/500-tribal-combined\/\u00bb link_option_url_new_window=\u00bbon\u00bb disabled=\u00bbon\u00bb global_colors_info=\u00bb{}\u00bb][\/et_pb_blurb][\/et_pb_column_inner][\/et_pb_row_inner][et_pb_row_inner column_structure=\u00bb1_3,1_3,1_3&#8243; _builder_version=\u00bb4.22.2&#8243; _module_preset=\u00bb107db78a-07e7-4283-b1a5-3b1605da1bbe\u00bb global_colors_info=\u00bb{}\u00bb][et_pb_column_inner type=\u00bb1_3&#8243; _builder_version=\u00bb4.17.6&#8243; _module_preset=\u00bbc9bc625d-b45a-405f-ad91-6bfb28ea673f\u00bb global_colors_info=\u00bb{}\u00bb][et_pb_text _builder_version=\u00bb4.24.2&#8243; _module_preset=\u00bb337160e1-20f2-4074-b1cd-80a53b736ba2&#8243; background_color=\u00bb#00A3E3&#8243; background_image=\u00bbhttps:\/\/www.ncrtd.org\/wp-content\/uploads\/2024\/03\/liftango-MyBlue-icon2.png\u00bb background_size=\u00bbcontain\u00bb global_colors_info=\u00bb{}\u00bb][\/et_pb_text][et_pb_text _builder_version=\u00bb4.24.2&#8243; _module_preset=\u00bbff04534e-1710-46b9-ae34-61a162d17b85&#8243; global_colors_info=\u00bb{}\u00bb]<\/p>\n<h3 id=\"350\">Zona de Espa\u00f1ola<\/h3>\n<h4>Transporte compartido a la carta<br \/>De 6:00 a 18:00<br \/>Lunes &#8211; Viernes<\/h4>\n<p>Presta servicio a Espa\u00f1ola y a las comunidades circundantes en un radio de 15 millas del Centro de Tr\u00e1nsito de Espa\u00f1ola en los condados de R\u00edo Arriba y Santa Fe.<\/p>\n<p>[\/et_pb_text][et_pb_blurb title=\u00bbReserva un viaje con MyBlue\u2122  \u00bb use_icon=\u00bbon\u00bb font_icon=\u00bb&#x24;||divi||400&#8243; _builder_version=\u00bb4.24.0&#8243; _module_preset=\u00bb896a7a94-1735-42a0-8bde-61ae6f6da88e\u00bb link_option_url=\u00bbhttps:\/\/www.ncrtd.org\/es\/myblue-viajes-compartidos-de-north-central-rtd\/\u00bb global_colors_info=\u00bb{}\u00bb][\/et_pb_blurb][\/et_pb_column_inner][et_pb_column_inner type=\u00bb1_3&#8243; _builder_version=\u00bb4.16&#8243; _module_preset=\u00bbc9bc625d-b45a-405f-ad91-6bfb28ea673f\u00bb global_colors_info=\u00bb{}\u00bb][et_pb_text _builder_version=\u00bb4.24.2&#8243; _module_preset=\u00bb337160e1-20f2-4074-b1cd-80a53b736ba2&#8243; background_color=\u00bb#00A3E3&#8243; background_image=\u00bbhttps:\/\/www.ncrtd.org\/wp-content\/uploads\/2024\/03\/liftango-MyBlue-icon2.png\u00bb background_size=\u00bbcontain\u00bb global_colors_info=\u00bb{}\u00bb][\/et_pb_text][et_pb_text _builder_version=\u00bb4.24.2&#8243; _module_preset=\u00bbff04534e-1710-46b9-ae34-61a162d17b85&#8243; global_colors_info=\u00bb{}\u00bb]<\/p>\n<h3 id=\"350\">Zona de Taos<\/h3>\n<h4>Transporte compartido a la carta<br \/>De 6:00 a 18:00<br \/>Lunes &#8211; Viernes<\/h4>\n<p>Presta servicio a Taos y a las comunidades circundantes en un radio de 2 millas de 340 Chile Line en el condado de Taos.<\/p>\n<p>[\/et_pb_text][et_pb_blurb title=\u00bbReserva un viaje con MyBlue\u2122  \u00bb use_icon=\u00bbon\u00bb font_icon=\u00bb&#x24;||divi||400&#8243; _builder_version=\u00bb4.24.0&#8243; _module_preset=\u00bb896a7a94-1735-42a0-8bde-61ae6f6da88e\u00bb link_option_url=\u00bbhttps:\/\/www.ncrtd.org\/es\/myblue-viajes-compartidos-de-north-central-rtd\/\u00bb global_colors_info=\u00bb{}\u00bb][\/et_pb_blurb][\/et_pb_column_inner][et_pb_column_inner type=\u00bb1_3&#8243; _builder_version=\u00bb4.16&#8243; _module_preset=\u00bbc9bc625d-b45a-405f-ad91-6bfb28ea673f\u00bb global_colors_info=\u00bb{}\u00bb][et_pb_text _builder_version=\u00bb4.24.2&#8243; _module_preset=\u00bb337160e1-20f2-4074-b1cd-80a53b736ba2&#8243; background_color=\u00bb#00A3E3&#8243; background_image=\u00bbhttps:\/\/www.ncrtd.org\/wp-content\/uploads\/2024\/03\/liftango-MyBlue-icon2.png\u00bb background_size=\u00bbcontain\u00bb global_colors_info=\u00bb{}\u00bb][\/et_pb_text][et_pb_text _builder_version=\u00bb4.24.2&#8243; _module_preset=\u00bbff04534e-1710-46b9-ae34-61a162d17b85&#8243; global_colors_info=\u00bb{}\u00bb]<\/p>\n<h3 id=\"350\">Zona de Pojoaque-Namb\u00e9<\/h3>\n<h4>Transporte compartido a la carta<br \/>De 6:00 a 18:00 <br \/>Lunes &#8211; Viernes<\/h4>\n<p>Presta servicio al Pueblo de Namb\u00e9, al Pueblo de Pojoaque y al campus de Jacona de las escuelas del valle de Pojoaque<\/p>\n<p>[\/et_pb_text][et_pb_blurb title=\u00bbReserva un viaje con MyBlue\u2122  \u00bb use_icon=\u00bbon\u00bb font_icon=\u00bb&#x24;||divi||400&#8243; _builder_version=\u00bb4.24.0&#8243; _module_preset=\u00bb896a7a94-1735-42a0-8bde-61ae6f6da88e\u00bb link_option_url=\u00bbhttps:\/\/www.ncrtd.org\/es\/myblue-viajes-compartidos-de-north-central-rtd\/\u00bb global_colors_info=\u00bb{}\u00bb][\/et_pb_blurb][\/et_pb_column_inner][\/et_pb_row_inner][\/et_pb_column][\/et_pb_section]<\/p>\n","protected":false},"excerpt":{"rendered":"<p>160160 SANTA CLARA La ruta 160 Santa Clara presta servicio al Pueblo de Santa Clara, al Centro de Tr\u00e1nsito de Espa\u00f1ola y a Santa Fe170170 JICARILLA Presta servicio a la Naci\u00f3n Apache Jicarilla con trayectos entre Chama, Dulce, Bloomfield y Farmington &nbsp;220220 TESUQUE La ruta 220 Tesuque presta servicio a Santa Fe, al Pueblo de [&hellip;]<\/p>\n","protected":false},"author":1,"featured_media":0,"parent":243376,"menu_order":0,"comment_status":"closed","ping_status":"closed","template":"","meta":{"_et_pb_use_builder":"on","_et_pb_old_content":"","_et_gb_content_width":"","footnotes":""},"class_list":["post-243436","page","type-page","status-publish","hentry"],"_links":{"self":[{"href":"https:\/\/www.ncrtd.org\/es\/wp-json\/wp\/v2\/pages\/243436","targetHints":{"allow":["GET"]}}],"collection":[{"href":"https:\/\/www.ncrtd.org\/es\/wp-json\/wp\/v2\/pages"}],"about":[{"href":"https:\/\/www.ncrtd.org\/es\/wp-json\/wp\/v2\/types\/page"}],"author":[{"embeddable":true,"href":"https:\/\/www.ncrtd.org\/es\/wp-json\/wp\/v2\/users\/1"}],"replies":[{"embeddable":true,"href":"https:\/\/www.ncrtd.org\/es\/wp-json\/wp\/v2\/comments?post=243436"}],"version-history":[{"count":4,"href":"https:\/\/www.ncrtd.org\/es\/wp-json\/wp\/v2\/pages\/243436\/revisions"}],"predecessor-version":[{"id":243441,"href":"https:\/\/www.ncrtd.org\/es\/wp-json\/wp\/v2\/pages\/243436\/revisions\/243441"}],"up":[{"embeddable":true,"href":"https:\/\/www.ncrtd.org\/es\/wp-json\/wp\/v2\/pages\/243376"}],"wp:attachment":[{"href":"https:\/\/www.ncrtd.org\/es\/wp-json\/wp\/v2\/media?parent=243436"}],"curies":[{"name":"wp","href":"https:\/\/api.w.org\/{rel}","templated":true}]}}