{"id":243439,"date":"2021-01-04T12:04:38","date_gmt":"2021-01-04T19:04:38","guid":{"rendered":"https:\/\/www.ncrtd.org\/rutas-por-zona\/zona-de-santa-fe\/"},"modified":"2026-05-05T17:55:12","modified_gmt":"2026-05-05T23:55:12","slug":"zona-de-santa-fe","status":"publish","type":"page","link":"https:\/\/www.ncrtd.org\/es\/rutas-por-zona\/zona-de-santa-fe\/","title":{"rendered":"Zona de Santa Fe"},"content":{"rendered":"<p>[et_pb_section fb_built=\u00bb1&#8243; fullwidth=\u00bbon\u00bb _builder_version=\u00bb4.16&#8243; _module_preset=\u00bbcbe6949b-fe83-485f-a967-598203880f36&#8243; width_tablet=\u00bb\u00bb width_phone=\u00bb\u00bb width_last_edited=\u00bbon|desktop\u00bb custom_margin=\u00bb140px||||false|false\u00bb custom_margin_tablet=\u00bb0px||||false|false\u00bb custom_margin_phone=\u00bb\u00bb custom_margin_last_edited=\u00bbon|desktop\u00bb global_colors_info=\u00bb{}\u00bb][et_pb_fullwidth_image src=\u00bbhttps:\/\/www.ncrtd.org\/wp-content\/uploads\/2025\/03\/ncrtd-blue-bus-2023-0930.jpg\u00bb alt=\u00bbCarretera sinuosa de Santa Fe\u00bb title_text=\u00bbncrtd-blue-bus-2023-0930&#8243; disabled_on=\u00bboff|off|off\u00bb admin_label=\u00bbbackground fullwidth image\u00bb _builder_version=\u00bb4.27.5&#8243; _module_preset=\u00bb2215b47f-c514-4736-8638-9febfca886f5&#8243; background_color=\u00bb#FFFFFF\u00bb min_height=\u00bb739.1px\u00bb height_phone=\u00bb723.1px\u00bb custom_margin=\u00bb||-600px||false|false\u00bb global_module=\u00bb3818&#8243; locked=\u00bboff\u00bb global_colors_info=\u00bb{}\u00bb][\/et_pb_fullwidth_image][\/et_pb_section][et_pb_section fb_built=\u00bb1&#8243; specialty=\u00bbon\u00bb module_id_1=\u00bbsidebar\u00bb module_class_1=\u00bbcontent-sidebar\u00bb module_class_2=\u00bbcontent-main\u00bb _builder_version=\u00bb4.16&#8243; _module_preset=\u00bb49fa2571-fdca-4afb-b157-c44ecc3f4485&#8243; saved_tabs=\u00bball\u00bb global_colors_info=\u00bb{}\u00bb][et_pb_column type=\u00bb1_4&#8243; _builder_version=\u00bb4.16&#8243; custom_padding=\u00bb|||\u00bb global_colors_info=\u00bb{}\u00bb custom_padding__hover=\u00bb|||\u00bb][et_pb_menu menu_id=\u00bb2&#8243; _builder_version=\u00bb4.16&#8243; _module_preset=\u00bbefd0ba9f-ac50-4f8b-84a6-8e44415a3403&#8243; global_colors_info=\u00bb{}\u00bb][\/et_pb_menu][et_pb_text _builder_version=\u00bb4.23.3&#8243; _module_preset=\u00bba5d3b840-eb6f-4446-9880-fb2e3dcbae61&#8243; global_module=\u00bb2761&#8243; saved_tabs=\u00bball\u00bb global_colors_info=\u00bb{}\u00bb][\/et_pb_text][\/et_pb_column][et_pb_column type=\u00bb3_4&#8243; specialty_columns=\u00bb3&#8243; _builder_version=\u00bb4.16&#8243; custom_padding=\u00bb|||\u00bb global_colors_info=\u00bb{}\u00bb custom_padding__hover=\u00bb|||\u00bb][et_pb_row_inner column_structure=\u00bb1_3,1_3,1_3&#8243; _builder_version=\u00bb4.27.4&#8243; _module_preset=\u00bb107db78a-07e7-4283-b1a5-3b1605da1bbe\u00bb custom_margin_tablet=\u00bb30px||10px||false|false\u00bb custom_margin_phone=\u00bb30px||10px||false|false\u00bb custom_margin_last_edited=\u00bbon|tablet\u00bb global_colors_info=\u00bb{}\u00bb][et_pb_column_inner type=\u00bb1_3&#8243; _builder_version=\u00bb4.16&#8243; _module_preset=\u00bbc9bc625d-b45a-405f-ad91-6bfb28ea673f\u00bb global_colors_info=\u00bb{}\u00bb][et_pb_text _builder_version=\u00bb4.27.4&#8243; _module_preset=\u00bb337160e1-20f2-4074-b1cd-80a53b736ba2&#8243; background_color=\u00bb#633b91&#8243; custom_margin_phone=\u00bb10px||10px||false|false\u00bb global_colors_info=\u00bb{}\u00bb]<\/p>\n<h2>160<\/h2>\n<p>[\/et_pb_text][et_pb_text _builder_version=\u00bb4.27.4&#8243; _module_preset=\u00bbff04534e-1710-46b9-ae34-61a162d17b85&#8243; link_option_url=\u00bbhttps:\/\/www.ncrtd.org\/all-routes\/160-santa-clara\/\u00bb global_colors_info=\u00bb{}\u00bb]<\/p>\n<h3>160 SANTA CLARA<\/h3>\n<p>La l\u00ednea 160 Santa Clara da servicio a Santa Clara Pueblo, al Centro de Tr\u00e1nsito de Espa\u00f1ola y a Santa Fe.<\/p>\n<p>[\/et_pb_text][et_pb_blurb title=\u00bbM\u00e1s informaci\u00f3n\u00bb use_icon=\u00bbon\u00bb font_icon=\u00bb&#x24;||divi||400&#8243; _builder_version=\u00bb4.27.4&#8243; _module_preset=\u00bb896a7a94-1735-42a0-8bde-61ae6f6da88e\u00bb custom_padding=\u00bb10px|0px|10px|12px|true|false\u00bb link_option_url=\u00bbhttps:\/\/www.ncrtd.org\/all-routes\/160-santa-clara\/\u00bb link_option_url_new_window=\u00bbon\u00bb global_colors_info=\u00bb{}\u00bb][\/et_pb_blurb][\/et_pb_column_inner][et_pb_column_inner type=\u00bb1_3&#8243; _builder_version=\u00bb4.16&#8243; _module_preset=\u00bbc9bc625d-b45a-405f-ad91-6bfb28ea673f\u00bb global_colors_info=\u00bb{}\u00bb][et_pb_text _builder_version=\u00bb4.27.4&#8243; _module_preset=\u00bb71fa9484-c673-4c42-ad59-a2bcf1830c93&#8243; custom_margin_tablet=\u00bb10px||||false|false\u00bb custom_margin_phone=\u00bb10px||||false|false\u00bb global_colors_info=\u00bb{}\u00bb]<\/p>\n<h2>200<\/h2>\n<p>[\/et_pb_text][et_pb_text _builder_version=\u00bb4.16&#8243; _module_preset=\u00bbff04534e-1710-46b9-ae34-61a162d17b85&#8243; global_colors_info=\u00bb{}\u00bb]<\/p>\n<h3>200 SANTA FE<\/h3>\n<p>La l\u00ednea 200 Santa Fe da servicio a Santa Fe, Tesuque, Pojoaque y al Centro de Tr\u00e1nsito de Espa\u00f1ola.<\/p>\n<p>[\/et_pb_text][et_pb_blurb title=\u00bbM\u00e1s informaci\u00f3n\u00bb use_icon=\u00bbon\u00bb font_icon=\u00bb&#x24;||divi||400&#8243; _builder_version=\u00bb4.24.2&#8243; _module_preset=\u00bb896a7a94-1735-42a0-8bde-61ae6f6da88e\u00bb link_option_url=\u00bbhttps:\/\/www.ncrtd.org\/all-routes\/200-santa-fe\/\u00bb link_option_url_new_window=\u00bbon\u00bb global_colors_info=\u00bb{}\u00bb][\/et_pb_blurb][\/et_pb_column_inner][et_pb_column_inner type=\u00bb1_3&#8243; _builder_version=\u00bb4.16&#8243; _module_preset=\u00bbc9bc625d-b45a-405f-ad91-6bfb28ea673f\u00bb global_colors_info=\u00bb{}\u00bb][et_pb_text _builder_version=\u00bb4.27.4&#8243; _module_preset=\u00bb337160e1-20f2-4074-b1cd-80a53b736ba2&#8243; background_color=\u00bb#a3cc38&#8243; custom_margin_tablet=\u00bb10px||||false|false\u00bb global_colors_info=\u00bb{}\u00bb]<\/p>\n<h2>220<\/h2>\n<p>[\/et_pb_text][et_pb_text _builder_version=\u00bb4.27.4&#8243; _module_preset=\u00bbff04534e-1710-46b9-ae34-61a162d17b85&#8243; global_colors_info=\u00bb{}\u00bb]<\/p>\n<h3>220 TESUQUE<\/h3>\n<h4 tabindex=\"-1\"><\/h4>\n<p>La l\u00ednea 220 Tesuque da servicio a Santa Fe, al Pueblo de Tesuque y al Pueblo de Pojoaque.<\/p>\n<p>[\/et_pb_text][et_pb_blurb title=\u00bbM\u00e1s informaci\u00f3n\u00bb use_icon=\u00bbon\u00bb font_icon=\u00bb&#x24;||divi||400&#8243; _builder_version=\u00bb4.27.4&#8243; _module_preset=\u00bb896a7a94-1735-42a0-8bde-61ae6f6da88e\u00bb link_option_url=\u00bbhttps:\/\/www.ncrtd.org\/all-routes\/220-tesuque\/\u00bb link_option_url_new_window=\u00bbon\u00bb global_colors_info=\u00bb{}\u00bb][\/et_pb_blurb][\/et_pb_column_inner][\/et_pb_row_inner][et_pb_row_inner column_structure=\u00bb1_3,1_3,1_3&#8243; _builder_version=\u00bb4.27.4&#8243; _module_preset=\u00bb107db78a-07e7-4283-b1a5-3b1605da1bbe\u00bb global_colors_info=\u00bb{}\u00bb][et_pb_column_inner type=\u00bb1_3&#8243; _builder_version=\u00bb4.16&#8243; _module_preset=\u00bbc9bc625d-b45a-405f-ad91-6bfb28ea673f\u00bb global_colors_info=\u00bb{}\u00bb][et_pb_text _builder_version=\u00bb4.27.4&#8243; _module_preset=\u00bb337160e1-20f2-4074-b1cd-80a53b736ba2&#8243; background_color=\u00bb#2d7539&#8243; custom_margin_phone=\u00bb10px||||false|false\u00bb global_colors_info=\u00bb{}\u00bb]<\/p>\n<h2>255<\/h2>\n<p>[\/et_pb_text][et_pb_text _builder_version=\u00bb4.19.4&#8243; _module_preset=\u00bbff04534e-1710-46b9-ae34-61a162d17b85&#8243; global_colors_info=\u00bb{}\u00bb]<\/p>\n<h3>255 RUTA MOUNTAIN TRAIL<\/h3>\n<p>Presta servicio desde la estaci\u00f3n South Capitol de Rail Runner a zonas de todo el centro de Santa Fe, subiendo por Hyde Park Road, con parada en Ten Thousand Waves, en los accesos a senderos del Bosque Nacional de Santa Fe y hasta Ski Santa Fe.  <\/p>\n<p>[\/et_pb_text][et_pb_blurb title=\u00bbM\u00e1s informaci\u00f3n\u00bb use_icon=\u00bbon\u00bb font_icon=\u00bb&#x24;||divi||400&#8243; _builder_version=\u00bb4.22.2&#8243; _module_preset=\u00bb896a7a94-1735-42a0-8bde-61ae6f6da88e\u00bb link_option_url=\u00bbhttps:\/\/www.ncrtd.org\/255-mountain-trail-route\/\u00bb global_colors_info=\u00bb{}\u00bb][\/et_pb_blurb][\/et_pb_column_inner][et_pb_column_inner type=\u00bb1_3&#8243; disabled_on=\u00bbon|on|on\u00bb _builder_version=\u00bb4.27.4&#8243; _module_preset=\u00bbc9bc625d-b45a-405f-ad91-6bfb28ea673f\u00bb disabled=\u00bbon\u00bb global_colors_info=\u00bb{}\u00bb][et_pb_text _builder_version=\u00bb4.27.4&#8243; _module_preset=\u00bb337160e1-20f2-4074-b1cd-80a53b736ba2&#8243; background_color=\u00bb#c37a29&#8243; custom_margin_tablet=\u00bb10px||||false|false\u00bb global_colors_info=\u00bb{}\u00bb]<\/p>\n<h2>260<\/h2>\n<p>[\/et_pb_text][et_pb_text _builder_version=\u00bb4.27.4&#8243; _module_preset=\u00bbff04534e-1710-46b9-ae34-61a162d17b85&#8243; global_colors_info=\u00bb{}\u00bb]<\/p>\n<h3>260 LA CIENEGA<\/h3>\n<h4 tabindex=\"-1\"><span>RUTA SUSPENDIDA PERMANENTEMENTE A PARTIR DEL 14 DE OCTUBRE DE 2025<\/span><\/h4>\n<p>Presta servicio por todo el valle de La Cienega y ofrece conexiones con la estaci\u00f3n 599 de Rail Runner y con Santa Fe.<\/p>\n<p>[\/et_pb_text][\/et_pb_column_inner][et_pb_column_inner type=\u00bb1_3&#8243; disabled_on=\u00bbon|on|on\u00bb _builder_version=\u00bb4.27.4&#8243; _module_preset=\u00bbc9bc625d-b45a-405f-ad91-6bfb28ea673f\u00bb disabled=\u00bbon\u00bb global_colors_info=\u00bb{}\u00bb][et_pb_text _builder_version=\u00bb4.16&#8243; _module_preset=\u00bb71fa9484-c673-4c42-ad59-a2bcf1830c93&#8243; background_color=\u00bb#b4deca\u00bb global_colors_info=\u00bb{}\u00bb]<\/p>\n<h2>275<\/h2>\n<p>[\/et_pb_text][et_pb_text _builder_version=\u00bb4.27.4&#8243; _module_preset=\u00bbff04534e-1710-46b9-ae34-61a162d17b85&#8243; global_colors_info=\u00bb{}\u00bb]<\/p>\n<h3>275 TURQUOISE TRAIL<\/h3>\n<h4 tabindex=\"-1\"><span>CAMBIO DE RUTA A PARTIR DEL<\/span><\/h4>\n<h4 tabindex=\"-1\"><span>14 DE OCTUBRE DE 2025<\/span><\/h4>\n<p><span>La l\u00ednea 275 Turquoise Trail da servicio a Madrid, Los Cerrillos, la estaci\u00f3n NM-599 de Rail Runner, Santa Fe Outlets y el centro comercial Santa Fe Place Mall.<\/span><\/p>\n<p>[\/et_pb_text][et_pb_blurb title=\u00bbM\u00e1s informaci\u00f3n\u00bb use_icon=\u00bbon\u00bb font_icon=\u00bb&#x24;||divi||400&#8243; _builder_version=\u00bb4.22.2&#8243; _module_preset=\u00bb896a7a94-1735-42a0-8bde-61ae6f6da88e\u00bb link_option_url=\u00bbhttps:\/\/www.ncrtd.org\/all-routes\/275-turquoise-trail\/\u00bb link_option_url_new_window=\u00bbon\u00bb global_colors_info=\u00bb{}\u00bb][\/et_pb_blurb][\/et_pb_column_inner][\/et_pb_row_inner][et_pb_row_inner column_structure=\u00bb1_3,1_3,1_3&#8243; _builder_version=\u00bb4.27.4&#8243; _module_preset=\u00bb107db78a-07e7-4283-b1a5-3b1605da1bbe\u00bb global_colors_info=\u00bb{}\u00bb][et_pb_column_inner type=\u00bb1_3&#8243; _builder_version=\u00bb4.16&#8243; _module_preset=\u00bbc9bc625d-b45a-405f-ad91-6bfb28ea673f\u00bb global_colors_info=\u00bb{}\u00bb][et_pb_text _builder_version=\u00bb4.27.4&#8243; _module_preset=\u00bb337160e1-20f2-4074-b1cd-80a53b736ba2&#8243; background_color=\u00bb#598cca\u00bb custom_margin_phone=\u00bb10px||||false|false\u00bb global_colors_info=\u00bb{}\u00bb]<\/p>\n<h2>280<\/h2>\n<p>[\/et_pb_text][et_pb_text _builder_version=\u00bb4.27.4&#8243; _module_preset=\u00bbff04534e-1710-46b9-ae34-61a162d17b85&#8243; global_colors_info=\u00bb{}\u00bb]<\/p>\n<h3>280 ELDORADO<\/h3>\n<p>La l\u00ednea 280 Eldorado da servicio a Santa Fe y Eldorado.<\/p>\n<p>[\/et_pb_text][et_pb_blurb title=\u00bbM\u00e1s informaci\u00f3n\u00bb use_icon=\u00bbon\u00bb font_icon=\u00bb&#x24;||divi||400&#8243; _builder_version=\u00bb4.23.4&#8243; _module_preset=\u00bb896a7a94-1735-42a0-8bde-61ae6f6da88e\u00bb link_option_url=\u00bbhttps:\/\/www.ncrtd.org\/all-routes\/280-eldorado\/\u00bb global_colors_info=\u00bb{}\u00bb][\/et_pb_blurb][\/et_pb_column_inner][et_pb_column_inner type=\u00bb1_3&#8243; _builder_version=\u00bb4.16&#8243; _module_preset=\u00bbc9bc625d-b45a-405f-ad91-6bfb28ea673f\u00bb global_colors_info=\u00bb{}\u00bb][et_pb_text _builder_version=\u00bb4.27.4&#8243; _module_preset=\u00bb337160e1-20f2-4074-b1cd-80a53b736ba2&#8243; background_color=\u00bb#e70d89&#8243; custom_margin_tablet=\u00bb10px||||false|false\u00bb global_colors_info=\u00bb{}\u00bb]<\/p>\n<h2>290<\/h2>\n<p>[\/et_pb_text][et_pb_text _builder_version=\u00bb4.24.2&#8243; _module_preset=\u00bbff04534e-1710-46b9-ae34-61a162d17b85&#8243; global_colors_info=\u00bb{}\u00bb]<\/p>\n<h3>290 EDGEWOOD<\/h3>\n<p>La l\u00ednea 290 Edgewood da servicio a Santa Fe, Eldorado, Galisteo, Stanley, Moriarty y Edgewood.<\/p>\n<p>[\/et_pb_text][et_pb_blurb title=\u00bbM\u00e1s informaci\u00f3n\u00bb use_icon=\u00bbon\u00bb font_icon=\u00bb&#x24;||divi||400&#8243; _builder_version=\u00bb4.23.4&#8243; _module_preset=\u00bb896a7a94-1735-42a0-8bde-61ae6f6da88e\u00bb link_option_url=\u00bbhttps:\/\/www.ncrtd.org\/all-routes\/290-edgewood\/\u00bb global_colors_info=\u00bb{}\u00bb][\/et_pb_blurb][\/et_pb_column_inner][et_pb_column_inner type=\u00bb1_3&#8243; _builder_version=\u00bb4.16&#8243; _module_preset=\u00bbc9bc625d-b45a-405f-ad91-6bfb28ea673f\u00bb global_colors_info=\u00bb{}\u00bb][et_pb_text _builder_version=\u00bb4.27.4&#8243; _module_preset=\u00bb337160e1-20f2-4074-b1cd-80a53b736ba2&#8243; background_color=\u00bb#cb8a39&#8243; custom_margin_tablet=\u00bb10px||||false|false\u00bb global_colors_info=\u00bb{}\u00bb]<\/p>\n<h2>300<\/h2>\n<p>[\/et_pb_text][et_pb_text _builder_version=\u00bb4.27.4&#8243; _module_preset=\u00bbff04534e-1710-46b9-ae34-61a162d17b85&#8243; global_colors_info=\u00bb{}\u00bb]<\/p>\n<h3>300 TAOS<\/h3>\n<p>La l\u00ednea 300 Taos da servicio a Taos, Pilar, Dixon, Velarde, Alcalde y al Centro de Tr\u00e1nsito de Espa\u00f1ola, de lunes a viernes.<\/p>\n<p>[\/et_pb_text][et_pb_blurb title=\u00bbM\u00e1s informaci\u00f3n\u00bb use_icon=\u00bbon\u00bb font_icon=\u00bb&#x24;||divi||400&#8243; _builder_version=\u00bb4.24.2&#8243; _module_preset=\u00bb896a7a94-1735-42a0-8bde-61ae6f6da88e\u00bb link_option_url=\u00bbhttps:\/\/www.ncrtd.org\/all-routes\/300-taos\/\u00bb link_option_url_new_window=\u00bbon\u00bb global_colors_info=\u00bb{}\u00bb][\/et_pb_blurb][\/et_pb_column_inner][\/et_pb_row_inner][et_pb_row_inner column_structure=\u00bb1_3,1_3,1_3&#8243; _builder_version=\u00bb4.27.0&#8243; _module_preset=\u00bb107db78a-07e7-4283-b1a5-3b1605da1bbe\u00bb global_colors_info=\u00bb{}\u00bb][et_pb_column_inner type=\u00bb1_3&#8243; _builder_version=\u00bb4.16&#8243; _module_preset=\u00bbc9bc625d-b45a-405f-ad91-6bfb28ea673f\u00bb global_colors_info=\u00bb{}\u00bb][et_pb_text _builder_version=\u00bb4.27.4&#8243; _module_preset=\u00bb337160e1-20f2-4074-b1cd-80a53b736ba2&#8243; background_color=\u00bb#655d5f\u00bb custom_margin_phone=\u00bb10px||||false|false\u00bb global_colors_info=\u00bb{}\u00bb]<\/p>\n<h2>305<\/h2>\n<p>[\/et_pb_text][et_pb_text _builder_version=\u00bb4.16&#8243; _module_preset=\u00bbff04534e-1710-46b9-ae34-61a162d17b85&#8243; global_colors_info=\u00bb{}\u00bb]<\/p>\n<h3>305 TAOS EXPRESS<\/h3>\n<p>Presta servicio expr\u00e9s entre Taos, Espa\u00f1ola y Santa Fe los s\u00e1bados y domingos.<\/p>\n<p>[\/et_pb_text][et_pb_blurb title=\u00bbM\u00e1s informaci\u00f3n\u00bb use_icon=\u00bbon\u00bb font_icon=\u00bb&#x24;||divi||400&#8243; _builder_version=\u00bb4.23.4&#8243; _module_preset=\u00bb896a7a94-1735-42a0-8bde-61ae6f6da88e\u00bb link_option_url=\u00bbhttps:\/\/www.ncrtd.org\/all-routes\/305-taos-express\/\u00bb global_colors_info=\u00bb{}\u00bb][\/et_pb_blurb][\/et_pb_column_inner][et_pb_column_inner type=\u00bb1_3&#8243; _builder_version=\u00bb4.16&#8243; _module_preset=\u00bbc9bc625d-b45a-405f-ad91-6bfb28ea673f\u00bb global_colors_info=\u00bb{}\u00bb][et_pb_text _builder_version=\u00bb4.27.4&#8243; _module_preset=\u00bb71fa9484-c673-4c42-ad59-a2bcf1830c93&#8243; background_color=\u00bb#e7e75e\u00bb custom_margin_tablet=\u00bb10px||||false|false\u00bb global_colors_info=\u00bb{}\u00bb]<\/p>\n<h2>200<\/h2>\n<p>[\/et_pb_text][et_pb_text _builder_version=\u00bb4.16&#8243; _module_preset=\u00bbff04534e-1710-46b9-ae34-61a162d17b85&#8243; global_colors_info=\u00bb{}\u00bb]<\/p>\n<h3>200\/300 SANTA FE A TAOS<\/h3>\n<p>Presta un servicio gratuito, \u00e1gil y sin cambio de autob\u00fas de Santa Fe a Taos, de lunes a viernes.<\/p>\n<p>[\/et_pb_text][et_pb_blurb title=\u00bbM\u00e1s informaci\u00f3n\u00bb use_icon=\u00bbon\u00bb font_icon=\u00bb&#x24;||divi||400&#8243; _builder_version=\u00bb4.23.4&#8243; _module_preset=\u00bb896a7a94-1735-42a0-8bde-61ae6f6da88e\u00bb link_option_url=\u00bbhttps:\/\/www.ncrtd.org\/all-routes\/305-taos-express\/\u00bb global_colors_info=\u00bb{}\u00bb][\/et_pb_blurb][\/et_pb_column_inner][et_pb_column_inner type=\u00bb1_3&#8243; saved_specialty_column_type=\u00bb3_4&#8243; _builder_version=\u00bb4.27.0&#8243; _module_preset=\u00bbdefault\u00bb global_colors_info=\u00bb{}\u00bb][\/et_pb_column_inner][\/et_pb_row_inner][\/et_pb_column][\/et_pb_section]<\/p>\n","protected":false},"excerpt":{"rendered":"<p>160160 SANTA CLARA La l\u00ednea 160 Santa Clara da servicio a Santa Clara Pueblo, al Centro de Tr\u00e1nsito de Espa\u00f1ola y a Santa Fe.200200 SANTA FE La l\u00ednea 200 Santa Fe da servicio a Santa Fe, Tesuque, Pojoaque y al Centro de Tr\u00e1nsito de Espa\u00f1ola.220220 TESUQUE La l\u00ednea 220 Tesuque da servicio a Santa Fe, [&hellip;]<\/p>\n","protected":false},"author":1,"featured_media":0,"parent":243376,"menu_order":0,"comment_status":"closed","ping_status":"closed","template":"","meta":{"_et_pb_use_builder":"on","_et_pb_old_content":"","_et_gb_content_width":"","footnotes":""},"class_list":["post-243439","page","type-page","status-publish","hentry"],"_links":{"self":[{"href":"https:\/\/www.ncrtd.org\/es\/wp-json\/wp\/v2\/pages\/243439","targetHints":{"allow":["GET"]}}],"collection":[{"href":"https:\/\/www.ncrtd.org\/es\/wp-json\/wp\/v2\/pages"}],"about":[{"href":"https:\/\/www.ncrtd.org\/es\/wp-json\/wp\/v2\/types\/page"}],"author":[{"embeddable":true,"href":"https:\/\/www.ncrtd.org\/es\/wp-json\/wp\/v2\/users\/1"}],"replies":[{"embeddable":true,"href":"https:\/\/www.ncrtd.org\/es\/wp-json\/wp\/v2\/comments?post=243439"}],"version-history":[{"count":1,"href":"https:\/\/www.ncrtd.org\/es\/wp-json\/wp\/v2\/pages\/243439\/revisions"}],"predecessor-version":[{"id":243442,"href":"https:\/\/www.ncrtd.org\/es\/wp-json\/wp\/v2\/pages\/243439\/revisions\/243442"}],"up":[{"embeddable":true,"href":"https:\/\/www.ncrtd.org\/es\/wp-json\/wp\/v2\/pages\/243376"}],"wp:attachment":[{"href":"https:\/\/www.ncrtd.org\/es\/wp-json\/wp\/v2\/media?parent=243439"}],"curies":[{"name":"wp","href":"https:\/\/api.w.org\/{rel}","templated":true}]}}