{"id":243458,"date":"2021-01-04T12:03:45","date_gmt":"2021-01-04T19:03:45","guid":{"rendered":"https:\/\/www.ncrtd.org\/rutas-por-zona\/area-de-rio-arriba-espanola\/"},"modified":"2026-05-05T17:55:32","modified_gmt":"2026-05-05T23:55:32","slug":"area-de-rio-arriba-espanola","status":"publish","type":"page","link":"https:\/\/www.ncrtd.org\/es\/rutas-por-zona\/area-de-rio-arriba-espanola\/","title":{"rendered":"\u00c1rea de Rio Arriba \/ Espa\u00f1ola"},"content":{"rendered":"<p>[et_pb_section fb_built=\u00bb1&#8243; fullwidth=\u00bbon\u00bb _builder_version=\u00bb4.16&#8243; _module_preset=\u00bbcbe6949b-fe83-485f-a967-598203880f36&#8243; width_tablet=\u00bb\u00bb width_phone=\u00bb\u00bb width_last_edited=\u00bbon|desktop\u00bb custom_margin=\u00bb140px||||false|false\u00bb custom_margin_tablet=\u00bb0px||||false|false\u00bb custom_margin_phone=\u00bb\u00bb custom_margin_last_edited=\u00bbon|desktop\u00bb global_colors_info=\u00bb{}\u00bb][et_pb_fullwidth_image src=\u00bbhttps:\/\/www.ncrtd.org\/wp-content\/uploads\/2025\/03\/ncrtd-blue-bus-2023-0930.jpg\u00bb alt=\u00bbCarretera Sinuosa de Santa Fe\u00bb title_text=\u00bbncrtd-blue-bus-2023-0930&#8243; disabled_on=\u00bboff|off|off\u00bb admin_label=\u00bbbackground fullwidth image\u00bb _builder_version=\u00bb4.27.5&#8243; _module_preset=\u00bb2215b47f-c514-4736-8638-9febfca886f5&#8243; background_color=\u00bb#FFFFFF\u00bb min_height=\u00bb739.1px\u00bb height_phone=\u00bb723.1px\u00bb custom_margin=\u00bb||-600px||false|false\u00bb global_module=\u00bb3818&#8243; locked=\u00bboff\u00bb global_colors_info=\u00bb{}\u00bb][\/et_pb_fullwidth_image][\/et_pb_section][et_pb_section fb_built=\u00bb1&#8243; specialty=\u00bbon\u00bb padding_1_tablet=\u00bb2em|6%|2em|6%|true|true\u00bb padding_2_tablet=\u00bb2em|6%|2em|6%|true|true\u00bb padding_1_phone=\u00bb2em|8%|2em|8%|true|true\u00bb padding_2_phone=\u00bb2em|8%|2em|8%|true|true\u00bb padding_1_last_edited=\u00bbon|tablet\u00bb padding_2_last_edited=\u00bbon|phone\u00bb module_id_1=\u00bbsidebar\u00bb module_class_1=\u00bbcontent-sidebar\u00bb module_class_2=\u00bbcontent-main\u00bb _builder_version=\u00bb4.16&#8243; _module_preset=\u00bb49fa2571-fdca-4afb-b157-c44ecc3f4485&#8243; global_colors_info=\u00bb{}\u00bb][et_pb_column type=\u00bb1_4&#8243; _builder_version=\u00bb4.16&#8243; custom_padding=\u00bb|||\u00bb global_colors_info=\u00bb{}\u00bb custom_padding__hover=\u00bb|||\u00bb][et_pb_menu menu_id=\u00bb2&#8243; _builder_version=\u00bb4.16&#8243; _module_preset=\u00bbefd0ba9f-ac50-4f8b-84a6-8e44415a3403&#8243; global_colors_info=\u00bb{}\u00bb][\/et_pb_menu][et_pb_text _builder_version=\u00bb4.16&#8243; _module_preset=\u00bba5d3b840-eb6f-4446-9880-fb2e3dcbae61&#8243; saved_tabs=\u00bball\u00bb global_colors_info=\u00bb{}\u00bb][\/et_pb_text][\/et_pb_column][et_pb_column type=\u00bb3_4&#8243; specialty_columns=\u00bb3&#8243; _builder_version=\u00bb4.16&#8243; custom_padding=\u00bb|||\u00bb global_colors_info=\u00bb{}\u00bb custom_padding__hover=\u00bb|||\u00bb][et_pb_row_inner column_structure=\u00bb1_3,1_3,1_3&#8243; _builder_version=\u00bb4.16&#8243; _module_preset=\u00bb107db78a-07e7-4283-b1a5-3b1605da1bbe\u00bb global_colors_info=\u00bb{}\u00bb][et_pb_column_inner type=\u00bb1_3&#8243; _builder_version=\u00bb4.16&#8243; _module_preset=\u00bbc9bc625d-b45a-405f-ad91-6bfb28ea673f\u00bb global_colors_info=\u00bb{}\u00bb][et_pb_text _builder_version=\u00bb4.16&#8243; _module_preset=\u00bb337160e1-20f2-4074-b1cd-80a53b736ba2&#8243; background_color=\u00bb#f38371&#8243; global_colors_info=\u00bb{}\u00bb]<\/p>\n<h2>100<\/h2>\n<p>[\/et_pb_text][et_pb_text _builder_version=\u00bb4.27.0&#8243; _module_preset=\u00bbff04534e-1710-46b9-ae34-61a162d17b85&#8243; global_colors_info=\u00bb{}\u00bb]<\/p>\n<h3>100 RIVERSIDE<\/h3>\n<h4><span><strong>RUTA TEMPORALMENTE MODIFICADA<\/strong><\/span><\/h4>\n<p>La ruta 100 Riverside da servicio a Ohkay Owingeh y Espa\u00f1ola.<span style=\"font-size: 14px;\"><\/span><\/p>\n<p>[\/et_pb_text][et_pb_blurb title=\u00bbM\u00e1s informaci\u00f3n\u00bb use_icon=\u00bbon\u00bb font_icon=\u00bb&#x24;||divi||400&#8243; _builder_version=\u00bb4.24.2&#8243; _module_preset=\u00bb896a7a94-1735-42a0-8bde-61ae6f6da88e\u00bb custom_margin=\u00bb-6px||40px||false|false\u00bb link_option_url=\u00bbhttps:\/\/www.ncrtd.org\/all-routes\/100-riverside\/\u00bb link_option_url_new_window=\u00bbon\u00bb global_colors_info=\u00bb{}\u00bb][\/et_pb_blurb][\/et_pb_column_inner][et_pb_column_inner type=\u00bb1_3&#8243; _builder_version=\u00bb4.16&#8243; _module_preset=\u00bbc9bc625d-b45a-405f-ad91-6bfb28ea673f\u00bb global_colors_info=\u00bb{}\u00bb][et_pb_text _builder_version=\u00bb4.16&#8243; _module_preset=\u00bb337160e1-20f2-4074-b1cd-80a53b736ba2&#8243; background_color=\u00bb#00a6bf\u00bb global_colors_info=\u00bb{}\u00bb]<\/p>\n<h2>110<\/h2>\n<p>[\/et_pb_text][et_pb_text _builder_version=\u00bb4.27.4&#8243; _module_preset=\u00bbff04534e-1710-46b9-ae34-61a162d17b85&#8243; global_colors_info=\u00bb{}\u00bb]<\/p>\n<h3>110 WESTSIDE \/ CROSSTOWN<\/h3>\n<p>Con servicio al Centro de Tr\u00e1nsito de Espa\u00f1ola, Hospital Presbiteriano de Espa\u00f1ola, Northern New Mexico College, Rio Arriba Health Commons y Espa\u00f1ola Valley High School.<\/p>\n<p>[\/et_pb_text][et_pb_blurb title=\u00bbM\u00e1s informaci\u00f3n\u00bb use_icon=\u00bbon\u00bb font_icon=\u00bb&#x24;||divi||400&#8243; _builder_version=\u00bb4.27.0&#8243; _module_preset=\u00bb896a7a94-1735-42a0-8bde-61ae6f6da88e\u00bb custom_margin=\u00bb-6px||40px||false|false\u00bb link_option_url=\u00bbhttps:\/\/www.ncrtd.org\/es\/110-westside-crosstown\/\u00bb link_option_url_new_window=\u00bbon\u00bb global_colors_info=\u00bb{}\u00bb][\/et_pb_blurb][\/et_pb_column_inner][et_pb_column_inner type=\u00bb1_3&#8243; _builder_version=\u00bb4.16&#8243; _module_preset=\u00bbc9bc625d-b45a-405f-ad91-6bfb28ea673f\u00bb global_colors_info=\u00bb{}\u00bb][et_pb_text _builder_version=\u00bb4.16&#8243; _module_preset=\u00bb337160e1-20f2-4074-b1cd-80a53b736ba2&#8243; background_color=\u00bb#9880ad\u00bb global_colors_info=\u00bb{}\u00bb]<\/p>\n<h2>150<\/h2>\n<p>[\/et_pb_text][et_pb_text _builder_version=\u00bb4.27.4&#8243; _module_preset=\u00bbff04534e-1710-46b9-ae34-61a162d17b85&#8243; global_colors_info=\u00bb{}\u00bb]<\/p>\n<h3>150 CHIMAY\u00d3<\/h3>\n<p>La ruta 150 Chimay\u00f3 da servicio a Las Trampas, Truchas, Cordova, Chimay\u00f3, La Puebla, Santa Cruz y Espa\u00f1ola.<\/p>\n<p>[\/et_pb_text][et_pb_blurb title=\u00bbM\u00e1s informaci\u00f3n\u00bb use_icon=\u00bbon\u00bb font_icon=\u00bb&#x24;||divi||400&#8243; _builder_version=\u00bb4.24.2&#8243; _module_preset=\u00bb896a7a94-1735-42a0-8bde-61ae6f6da88e\u00bb custom_margin=\u00bb-6px||40px||false|false\u00bb link_option_url=\u00bbhttps:\/\/www.ncrtd.org\/all-routes\/150-chimayo\/\u00bb link_option_url_new_window=\u00bbon\u00bb global_colors_info=\u00bb{}\u00bb][\/et_pb_blurb][\/et_pb_column_inner][\/et_pb_row_inner][et_pb_row_inner column_structure=\u00bb1_3,1_3,1_3&#8243; _builder_version=\u00bb4.16&#8243; _module_preset=\u00bb107db78a-07e7-4283-b1a5-3b1605da1bbe\u00bb global_colors_info=\u00bb{}\u00bb][et_pb_column_inner type=\u00bb1_3&#8243; _builder_version=\u00bb4.16&#8243; _module_preset=\u00bbc9bc625d-b45a-405f-ad91-6bfb28ea673f\u00bb global_colors_info=\u00bb{}\u00bb][et_pb_text _builder_version=\u00bb4.16&#8243; _module_preset=\u00bb337160e1-20f2-4074-b1cd-80a53b736ba2&#8243; background_color=\u00bb#633a91&#8243; global_colors_info=\u00bb{}\u00bb]<\/p>\n<h2>160<\/h2>\n<p>[\/et_pb_text][et_pb_text _builder_version=\u00bb4.27.4&#8243; _module_preset=\u00bbff04534e-1710-46b9-ae34-61a162d17b85&#8243; global_colors_info=\u00bb{}\u00bb]<\/p>\n<h3>160 SANTA CLARA<\/h3>\n<p>La ruta 160 Santa Clara da servicio al Pueblo de Santa Clara, al Centro de Tr\u00e1nsito de Espa\u00f1ola y a Santa Fe.<\/p>\n<p>[\/et_pb_text][et_pb_blurb title=\u00bbM\u00e1s informaci\u00f3n\u00bb use_icon=\u00bbon\u00bb font_icon=\u00bb&#x24;||divi||400&#8243; _builder_version=\u00bb4.27.4&#8243; _module_preset=\u00bb896a7a94-1735-42a0-8bde-61ae6f6da88e\u00bb custom_margin=\u00bb-6px||40px||false|false\u00bb link_option_url=\u00bbhttps:\/\/www.ncrtd.org\/all-routes\/160-santa-clara\/\u00bb link_option_url_new_window=\u00bbon\u00bb global_colors_info=\u00bb{}\u00bb][\/et_pb_blurb][\/et_pb_column_inner][et_pb_column_inner type=\u00bb1_3&#8243; _builder_version=\u00bb4.16&#8243; _module_preset=\u00bbc9bc625d-b45a-405f-ad91-6bfb28ea673f\u00bb global_colors_info=\u00bb{}\u00bb][et_pb_text _builder_version=\u00bb4.16&#8243; _module_preset=\u00bb337160e1-20f2-4074-b1cd-80a53b736ba2&#8243; background_color=\u00bb#e85025&#8243; global_colors_info=\u00bb{}\u00bb]<\/p>\n<h2>170<\/h2>\n<p>[\/et_pb_text][et_pb_text _builder_version=\u00bb4.27.4&#8243; _module_preset=\u00bbff04534e-1710-46b9-ae34-61a162d17b85&#8243; global_colors_info=\u00bb{}\u00bb]<\/p>\n<h3>170 JICARILLA<\/h3>\n<p>Con servicio a la Naci\u00f3n Apache Jicarilla, con conexi\u00f3n entre Chama, Dulce, Bloomfield y Farmington<\/p>\n<p><strong>Lunes y Mi\u00e9rcoles<\/strong><u><br \/><\/u>Servicio entre Chama y Dulce<\/p>\n<p><strong>Martes y Jueves<\/strong><u><br \/><\/u>Servicio entre Chama, Dulce, Bloomfield y Farmington<\/p>\n<p>[\/et_pb_text][et_pb_blurb title=\u00bbImprimir Ruta y Horario\u00bb use_icon=\u00bbon\u00bb font_icon=\u00bb&#xe092;||divi||400&#8243; _builder_version=\u00bb4.24.2&#8243; _module_preset=\u00bb896a7a94-1735-42a0-8bde-61ae6f6da88e\u00bb custom_margin=\u00bb-6px||40px||false|false\u00bb link_option_url=\u00bbhttps:\/\/www.ncrtd.org\/wp-content\/uploads\/2023\/05\/170-Jicarilla-2023-05.pdf\u00bb link_option_url_new_window=\u00bbon\u00bb global_colors_info=\u00bb{}\u00bb][\/et_pb_blurb][\/et_pb_column_inner][et_pb_column_inner type=\u00bb1_3&#8243; _builder_version=\u00bb4.16&#8243; _module_preset=\u00bbc9bc625d-b45a-405f-ad91-6bfb28ea673f\u00bb global_colors_info=\u00bb{}\u00bb][et_pb_text _builder_version=\u00bb4.16&#8243; _module_preset=\u00bb71fa9484-c673-4c42-ad59-a2bcf1830c93&#8243; background_color=\u00bb#f5a6c8&#8243; global_colors_info=\u00bb{}\u00bb]<\/p>\n<h2>180<\/h2>\n<p>[\/et_pb_text][et_pb_text _builder_version=\u00bb4.24.2&#8243; _module_preset=\u00bbff04534e-1710-46b9-ae34-61a162d17b85&#8243; custom_margin=\u00bb||40px||false|false\u00bb global_colors_info=\u00bb{}\u00bb]<\/p>\n<h3>180 EL RITO<\/h3>\n<h4>SUSPENDIDO HASTA NUEVO AVISO<\/h4>\n<p>Con servicio a El Rito, Ojo Caliente y Espa\u00f1ola.<\/p>\n<p>[\/et_pb_text][\/et_pb_column_inner][\/et_pb_row_inner][et_pb_row_inner column_structure=\u00bb1_3,1_3,1_3&#8243; _builder_version=\u00bb4.16&#8243; _module_preset=\u00bb107db78a-07e7-4283-b1a5-3b1605da1bbe\u00bb global_colors_info=\u00bb{}\u00bb][et_pb_column_inner type=\u00bb1_3&#8243; _builder_version=\u00bb4.16&#8243; _module_preset=\u00bbc9bc625d-b45a-405f-ad91-6bfb28ea673f\u00bb global_colors_info=\u00bb{}\u00bb][et_pb_text _builder_version=\u00bb4.16&#8243; _module_preset=\u00bb337160e1-20f2-4074-b1cd-80a53b736ba2&#8243; background_color=\u00bb#7bc35b\u00bb global_colors_info=\u00bb{}\u00bb]<\/p>\n<h2>190<\/h2>\n<p>[\/et_pb_text][et_pb_text _builder_version=\u00bb4.27.4&#8243; _module_preset=\u00bbff04534e-1710-46b9-ae34-61a162d17b85&#8243; global_colors_info=\u00bb{}\u00bb]<\/p>\n<h3>190 CHAMA<\/h3>\n<p><span style=\"font-size: 14px;\">La ruta 190 Chama da servicio a Chama, Tierra Amarilla, Canjilon, Ghost Ranch, Abiquiu y al Centro de Tr\u00e1nsito de Espa\u00f1ola.<\/span><\/p>\n<p>[\/et_pb_text][et_pb_blurb title=\u00bbM\u00e1s informaci\u00f3n\u00bb use_icon=\u00bbon\u00bb font_icon=\u00bb&#x24;||divi||400&#8243; _builder_version=\u00bb4.24.2&#8243; _module_preset=\u00bb896a7a94-1735-42a0-8bde-61ae6f6da88e\u00bb custom_margin=\u00bb-6px||40px||false|false\u00bb link_option_url=\u00bbhttps:\/\/www.ncrtd.org\/all-routes\/190-chama\/\u00bb link_option_url_new_window=\u00bbon\u00bb global_colors_info=\u00bb{}\u00bb][\/et_pb_blurb][\/et_pb_column_inner][et_pb_column_inner type=\u00bb1_3&#8243; _builder_version=\u00bb4.16&#8243; _module_preset=\u00bbc9bc625d-b45a-405f-ad91-6bfb28ea673f\u00bb global_colors_info=\u00bb{}\u00bb][et_pb_text _builder_version=\u00bb4.16&#8243; _module_preset=\u00bb71fa9484-c673-4c42-ad59-a2bcf1830c93&#8243; background_color=\u00bb#e7e85f\u00bb global_colors_info=\u00bb{}\u00bb]<\/p>\n<h2>200<\/h2>\n<p>[\/et_pb_text][et_pb_text _builder_version=\u00bb4.16&#8243; _module_preset=\u00bbff04534e-1710-46b9-ae34-61a162d17b85&#8243; global_colors_info=\u00bb{}\u00bb]<\/p>\n<h3>200 SANTA FE<\/h3>\n<p>La ruta 200 Santa Fe da servicio a Santa Fe, Pueblo de Tesuque, Pueblo de Pojoaque y al Centro de Tr\u00e1nsito de Espa\u00f1ola.<\/p>\n<p>[\/et_pb_text][et_pb_blurb title=\u00bbM\u00e1s informaci\u00f3n\u00bb use_icon=\u00bbon\u00bb font_icon=\u00bb&#x24;||divi||400&#8243; _builder_version=\u00bb4.24.2&#8243; _module_preset=\u00bb896a7a94-1735-42a0-8bde-61ae6f6da88e\u00bb custom_margin=\u00bb-6px||40px||false|false\u00bb link_option_url=\u00bbhttps:\/\/www.ncrtd.org\/all-routes\/200-santa-fe\/\u00bb link_option_url_new_window=\u00bbon\u00bb global_colors_info=\u00bb{}\u00bb][\/et_pb_blurb][\/et_pb_column_inner][et_pb_column_inner type=\u00bb1_3&#8243; _builder_version=\u00bb4.16&#8243; _module_preset=\u00bbc9bc625d-b45a-405f-ad91-6bfb28ea673f\u00bb global_colors_info=\u00bb{}\u00bb][et_pb_text _builder_version=\u00bb4.16&#8243; _module_preset=\u00bb337160e1-20f2-4074-b1cd-80a53b736ba2&#8243; background_color=\u00bb#cb8a39&#8243; global_colors_info=\u00bb{}\u00bb]<\/p>\n<h2>300<\/h2>\n<p>[\/et_pb_text][et_pb_text _builder_version=\u00bb4.27.4&#8243; _module_preset=\u00bbff04534e-1710-46b9-ae34-61a162d17b85&#8243; global_colors_info=\u00bb{}\u00bb]<\/p>\n<h3>300 TAOS<\/h3>\n<p>La ruta 300 Taos da servicio a Taos, Pilar, Dixon, Velarde, Alcalde y al Centro de Tr\u00e1nsito de Espa\u00f1ola.<br \/><span style=\"font-size: 14px;\"><\/span><\/p>\n<p>[\/et_pb_text][et_pb_blurb title=\u00bbM\u00e1s informaci\u00f3n\u00bb use_icon=\u00bbon\u00bb font_icon=\u00bb&#x24;||divi||400&#8243; _builder_version=\u00bb4.24.2&#8243; _module_preset=\u00bb896a7a94-1735-42a0-8bde-61ae6f6da88e\u00bb custom_margin=\u00bb-6px||40px||false|false\u00bb link_option_url=\u00bbhttps:\/\/www.ncrtd.org\/all-routes\/300-taos\/\u00bb link_option_url_new_window=\u00bbon\u00bb global_colors_info=\u00bb{}\u00bb][\/et_pb_blurb][\/et_pb_column_inner][\/et_pb_row_inner][et_pb_row_inner column_structure=\u00bb1_3,1_3,1_3&#8243; _builder_version=\u00bb4.27.0&#8243; _module_preset=\u00bb107db78a-07e7-4283-b1a5-3b1605da1bbe\u00bb global_colors_info=\u00bb{}\u00bb][et_pb_column_inner type=\u00bb1_3&#8243; _builder_version=\u00bb4.16&#8243; _module_preset=\u00bbc9bc625d-b45a-405f-ad91-6bfb28ea673f\u00bb global_colors_info=\u00bb{}\u00bb][et_pb_text _builder_version=\u00bb4.16&#8243; _module_preset=\u00bb71fa9484-c673-4c42-ad59-a2bcf1830c93&#8243; background_color=\u00bb#feca44&#8243; global_colors_info=\u00bb{}\u00bb]<\/p>\n<h2>400<\/h2>\n<p>[\/et_pb_text][et_pb_text _builder_version=\u00bb4.24.2&#8243; _module_preset=\u00bbff04534e-1710-46b9-ae34-61a162d17b85&#8243; custom_margin=\u00bb||40px||false|false\u00bb global_colors_info=\u00bb{}\u00bb]<\/p>\n<h3>400 LOS ALAMOS<\/h3>\n<h4>SUSPENDIDO HASTA NUEVO AVISO<\/h4>\n<p>La ruta 400 Los Alamos da servicio a Los Alamos, Pueblo de Pojoaque, Pueblo de Santa Clara, Pueblo de San Ildefonso y al Centro de Tr\u00e1nsito de Espa\u00f1ola.<\/p>\n<p>[\/et_pb_text][\/et_pb_column_inner][et_pb_column_inner type=\u00bb1_3&#8243; _builder_version=\u00bb4.16&#8243; _module_preset=\u00bbc9bc625d-b45a-405f-ad91-6bfb28ea673f\u00bb global_colors_info=\u00bb{}\u00bb][et_pb_text _builder_version=\u00bb4.24.2&#8243; _module_preset=\u00bb337160e1-20f2-4074-b1cd-80a53b736ba2&#8243; background_color=\u00bb#00A3E3&#8243; background_image=\u00bbhttps:\/\/www.ncrtd.org\/wp-content\/uploads\/2024\/03\/liftango-MyBlue-icon2.png\u00bb background_size=\u00bbcontain\u00bb global_colors_info=\u00bb{}\u00bb][\/et_pb_text][et_pb_text _builder_version=\u00bb4.24.2&#8243; _module_preset=\u00bbff04534e-1710-46b9-ae34-61a162d17b85&#8243; global_colors_info=\u00bb{}\u00bb]<\/p>\n<h3 id=\"350\">Zona de Espa\u00f1ola<\/h3>\n<h4>Viajes bajo demanda<br \/>De 6:00 a 18:00<br \/>De lunes a viernes<\/h4>\n<p>Con servicio a Espa\u00f1ola y las comunidades circundantes en un radio de 15 millas del Centro de Tr\u00e1nsito de Espa\u00f1ola en los condados de Rio Arriba y Santa Fe.<\/p>\n<p>[\/et_pb_text][et_pb_blurb title=\u00bbReserva un viaje con MyBlue\u2122 \u00bb use_icon=\u00bbon\u00bb font_icon=\u00bb&#x24;||divi||400&#8243; _builder_version=\u00bb4.24.2&#8243; _module_preset=\u00bb896a7a94-1735-42a0-8bde-61ae6f6da88e\u00bb custom_margin=\u00bb-6px||40px||false|false\u00bb link_option_url=\u00bbhttps:\/\/www.ncrtd.org\/es\/myblue-viajes-compartidos-de-north-central-rtd\/\u00bb global_colors_info=\u00bb{}\u00bb][\/et_pb_blurb][\/et_pb_column_inner][et_pb_column_inner type=\u00bb1_3&#8243; saved_specialty_column_type=\u00bb3_4&#8243; _builder_version=\u00bb4.27.0&#8243; _module_preset=\u00bbdefault\u00bb global_colors_info=\u00bb{}\u00bb][\/et_pb_column_inner][\/et_pb_row_inner][\/et_pb_column][\/et_pb_section]<\/p>\n","protected":false},"excerpt":{"rendered":"<p>100100 RIVERSIDE RUTA TEMPORALMENTE MODIFICADA La ruta 100 Riverside da servicio a Ohkay Owingeh y Espa\u00f1ola.110110 WESTSIDE \/ CROSSTOWN Con servicio al Centro de Tr\u00e1nsito de Espa\u00f1ola, Hospital Presbiteriano de Espa\u00f1ola, Northern New Mexico College, Rio Arriba Health Commons y Espa\u00f1ola Valley High School.150150 CHIMAY\u00d3 La ruta 150 Chimay\u00f3 da servicio a Las Trampas, Truchas, [&hellip;]<\/p>\n","protected":false},"author":1,"featured_media":0,"parent":243376,"menu_order":0,"comment_status":"closed","ping_status":"closed","template":"","meta":{"_et_pb_use_builder":"on","_et_pb_old_content":"","_et_gb_content_width":"","footnotes":""},"class_list":["post-243458","page","type-page","status-publish","hentry"],"_links":{"self":[{"href":"https:\/\/www.ncrtd.org\/es\/wp-json\/wp\/v2\/pages\/243458","targetHints":{"allow":["GET"]}}],"collection":[{"href":"https:\/\/www.ncrtd.org\/es\/wp-json\/wp\/v2\/pages"}],"about":[{"href":"https:\/\/www.ncrtd.org\/es\/wp-json\/wp\/v2\/types\/page"}],"author":[{"embeddable":true,"href":"https:\/\/www.ncrtd.org\/es\/wp-json\/wp\/v2\/users\/1"}],"replies":[{"embeddable":true,"href":"https:\/\/www.ncrtd.org\/es\/wp-json\/wp\/v2\/comments?post=243458"}],"version-history":[{"count":1,"href":"https:\/\/www.ncrtd.org\/es\/wp-json\/wp\/v2\/pages\/243458\/revisions"}],"predecessor-version":[{"id":243461,"href":"https:\/\/www.ncrtd.org\/es\/wp-json\/wp\/v2\/pages\/243458\/revisions\/243461"}],"up":[{"embeddable":true,"href":"https:\/\/www.ncrtd.org\/es\/wp-json\/wp\/v2\/pages\/243376"}],"wp:attachment":[{"href":"https:\/\/www.ncrtd.org\/es\/wp-json\/wp\/v2\/media?parent=243458"}],"curies":[{"name":"wp","href":"https:\/\/api.w.org\/{rel}","templated":true}]}}