{"id":243520,"date":"2023-09-21T15:00:30","date_gmt":"2023-09-21T21:00:30","guid":{"rendered":"https:\/\/www.ncrtd.org\/todas-las-rutas\/341-tsv-verde\/"},"modified":"2026-05-05T17:56:33","modified_gmt":"2026-05-05T23:56:33","slug":"341-tsv-verde","status":"publish","type":"page","link":"https:\/\/www.ncrtd.org\/es\/todas-las-rutas\/341-tsv-verde\/","title":{"rendered":"341 TSV Verde"},"content":{"rendered":"<p>[et_pb_section fb_built=\u00bb1&#8243; fullwidth=\u00bbon\u00bb _builder_version=\u00bb4.16&#8243; _module_preset=\u00bbcbe6949b-fe83-485f-a967-598203880f36&#8243; width_tablet=\u00bb\u00bb width_phone=\u00bb\u00bb width_last_edited=\u00bbon|desktop\u00bb custom_margin=\u00bb140px||||false|false\u00bb custom_margin_tablet=\u00bb0px||||false|false\u00bb custom_margin_phone=\u00bb\u00bb custom_margin_last_edited=\u00bbon|desktop\u00bb global_colors_info=\u00bb{}\u00bb][et_pb_fullwidth_image src=\u00bbhttps:\/\/www.ncrtd.org\/wp-content\/uploads\/2025\/03\/ncrtd-blue-bus-2023-0930.jpg\u00bb alt=\u00bbCarretera serpenteante de Santa Fe\u00bb title_text=\u00bbncrtd-blue-bus-2023-0930&#8243; disabled_on=\u00bboff|off|off\u00bb admin_label=\u00bbbackground fullwidth image\u00bb _builder_version=\u00bb4.27.6&#8243; _module_preset=\u00bb2215b47f-c514-4736-8638-9febfca886f5&#8243; background_color=\u00bbRGBA(255,255,255,0)\u00bb min_height=\u00bb739.1px\u00bb height_phone=\u00bb723.1px\u00bb custom_margin=\u00bb||-600px||false|false\u00bb disabled=\u00bbon\u00bb global_module=\u00bb3818&#8243; locked=\u00bboff\u00bb global_colors_info=\u00bb{}\u00bb][\/et_pb_fullwidth_image][\/et_pb_section][et_pb_section fb_built=\u00bb1&#8243; specialty=\u00bbon\u00bb padding_1_tablet=\u00bb2em|6%|2em|6%|true|true\u00bb padding_2_tablet=\u00bb2em|6%|2em|6%|true|true\u00bb padding_1_phone=\u00bb2em|8%|2em|8%|true|true\u00bb padding_2_phone=\u00bb2em|8%|2em|8%|true|true\u00bb padding_1_last_edited=\u00bbon|desktop\u00bb padding_2_last_edited=\u00bbon|tablet\u00bb module_id_1=\u00bbsidebar\u00bb module_class_1=\u00bbcontent-sidebar\u00bb module_class_2=\u00bbcontent-main\u00bb _builder_version=\u00bb4.16&#8243; _module_preset=\u00bb49fa2571-fdca-4afb-b157-c44ecc3f4485&#8243; global_colors_info=\u00bb{}\u00bb][et_pb_column type=\u00bb1_4&#8243; _builder_version=\u00bb4.16&#8243; custom_padding=\u00bb|||\u00bb global_colors_info=\u00bb{}\u00bb custom_padding__hover=\u00bb|||\u00bb][et_pb_menu menu_id=\u00bb2&#8243; _builder_version=\u00bb4.16&#8243; _module_preset=\u00bbefd0ba9f-ac50-4f8b-84a6-8e44415a3403&#8243; global_colors_info=\u00bb{}\u00bb][\/et_pb_menu][\/et_pb_column][et_pb_column type=\u00bb3_4&#8243; specialty_columns=\u00bb3&#8243; _builder_version=\u00bb4.16&#8243; custom_padding=\u00bb|||\u00bb global_colors_info=\u00bb{}\u00bb custom_padding__hover=\u00bb|||\u00bb][et_pb_row_inner admin_label=\u00bbOpening\/Closing Day Blurb\u00bb _builder_version=\u00bb4.27.5&#8243; _module_preset=\u00bbdefault\u00bb global_colors_info=\u00bb{}\u00bb][et_pb_column_inner saved_specialty_column_type=\u00bb3_4&#8243; _builder_version=\u00bb4.21.0&#8243; _module_preset=\u00bbdefault\u00bb global_colors_info=\u00bb{}\u00bb][et_pb_text _builder_version=\u00bb4.27.6&#8243; _module_preset=\u00bbdefault\u00bb hover_enabled=\u00bb0&#8243; global_colors_info=\u00bb{}\u00bb sticky_enabled=\u00bb0&#8243;]<\/p>\n<p><strong>El servicio para la temporada de invierno 2025-2026 ha finalizado. <\/strong><strong><\/strong><\/p>\n<p>[\/et_pb_text][\/et_pb_column_inner][\/et_pb_row_inner][et_pb_row_inner admin_label=\u00bbRoute Snapshot\u00bb _builder_version=\u00bb4.27.5&#8243; _module_preset=\u00bbdefault\u00bb global_colors_info=\u00bb{}\u00bb][et_pb_column_inner saved_specialty_column_type=\u00bb3_4&#8243; _builder_version=\u00bb4.21.0&#8243; _module_preset=\u00bbdefault\u00bb global_colors_info=\u00bb{}\u00bb][et_pb_text _builder_version=\u00bb4.27.5&#8243; _module_preset=\u00bbdefault\u00bb global_colors_info=\u00bb{}\u00bb]<\/p>\n<p>La ruta 341 TSV Verde opera por temporadas de mi\u00e9rcoles a domingo durante la temporada de invierno en Taos Ski Valley; el servicio de invierno suele funcionar de diciembre a marzo.<br \/><strong><\/strong><\/p>\n<p>[\/et_pb_text][\/et_pb_column_inner][\/et_pb_row_inner][et_pb_row_inner admin_label=\u00bbAlerts\u00bb _builder_version=\u00bb4.27.5&#8243; _module_preset=\u00bbdefault\u00bb global_colors_info=\u00bb{}\u00bb][et_pb_column_inner saved_specialty_column_type=\u00bb3_4&#8243; _builder_version=\u00bb4.27.5&#8243; _module_preset=\u00bbdefault\u00bb global_colors_info=\u00bb{}\u00bb][et_pb_text disabled_on=\u00bbon|on|on\u00bb admin_label=\u00bbStatic Service Message\u00bb _builder_version=\u00bb4.27.5&#8243; _module_preset=\u00bbdefault\u00bb disabled=\u00bbon\u00bb global_colors_info=\u00bb{}\u00bb]<\/p>\n<h4><span style=\"color: #ff0000;\"><strong>RUTA MODIFICADA TEMPORALMENTE<\/strong><\/span><\/h4>\n<p>La parada de autob\u00fas X de North Central RTD en X permanecer\u00e1 cerrada temporalmente hasta nuevo aviso.<\/p>\n<p>[\/et_pb_text][et_pb_code admin_label=\u00bbAlertas de servicio din\u00e1micas (automatizadas)\u00bb _builder_version=\u00bb4.27.5&#8243; _module_preset=\u00bbdefault\u00bb custom_margin=\u00bb10px||10px||false|false\u00bb global_colors_info=\u00bb{}\u00bb]<\/p>\n<div id=\"bus-messages\" style=\"padding: 15px; border: 1px solid #ccc; border-radius: 8px; background: #f9f9f9; font-family: Arial, sans-serif;\"><!-- [et_pb_line_break_holder] -->    <strong>Alertas de servicio:<\/strong><!-- [et_pb_line_break_holder] -->    <\/p>\n<div id=\"bus-messages-list\" style=\"margin-top: 10px;\"><!-- [et_pb_line_break_holder] --><\/div>\n<p><!-- [et_pb_line_break_holder] --><\/div>\n<p><!-- [et_pb_line_break_holder] --><!-- [et_pb_line_break_holder] --><!-- [et_pb_line_break_holder] --><script><!-- [et_pb_line_break_holder] -->(async function () {<!-- [et_pb_line_break_holder] -->    const wrapper = document.getElementById('bus-messages');<!-- [et_pb_line_break_holder] -->    const container = document.getElementById('bus-messages-list');<!-- [et_pb_line_break_holder] -->    const ROUTE_ID = 341;<!-- [et_pb_line_break_holder] --><!-- [et_pb_line_break_holder] -->    async function updateMessages() {<!-- [et_pb_line_break_holder] -->        try {<!-- [et_pb_line_break_holder] -->            const response = await fetch(<!-- [et_pb_line_break_holder] -->                'https:\/\/bluebustracker.availtec.com\/InfoPoint\/rest\/PublicMessages\/GetCurrentMessages',<!-- [et_pb_line_break_holder] -->                { headers: { Accept: 'application\/json' } }<!-- [et_pb_line_break_holder] -->            );<!-- [et_pb_line_break_holder] --><!-- [et_pb_line_break_holder] -->            const data = await response.json();<!-- [et_pb_line_break_holder] --><!-- [et_pb_line_break_holder] -->            \/\/ Filter messages for this route<!-- [et_pb_line_break_holder] -->            const routeMessages = Array.isArray(data)<!-- [et_pb_line_break_holder] -->                ? data.filter(msg => Array.isArray(msg.Routes) && msg.Routes.includes(ROUTE_ID))<!-- [et_pb_line_break_holder] -->                : [];<!-- [et_pb_line_break_holder] --><!-- [et_pb_line_break_holder] -->            \/\/ If no alerts, hide entire section<!-- [et_pb_line_break_holder] -->            if (routeMessages.length === 0) {<!-- [et_pb_line_break_holder] -->                wrapper.style.display = 'none';<!-- [et_pb_line_break_holder] -->                return;<!-- [et_pb_line_break_holder] -->            }<!-- [et_pb_line_break_holder] --><!-- [et_pb_line_break_holder] -->            \/\/ Show alerts<!-- [et_pb_line_break_holder] -->            wrapper.style.display = 'block';<!-- [et_pb_line_break_holder] -->            container.innerHTML = routeMessages<!-- [et_pb_line_break_holder] -->                .map(msg => `<!-- [et_pb_line_break_holder] -->                    <pee style=\"margin:5px 0; padding:5px 0; border-bottom:1px solid #eee;\"><!-- [et_pb_line_break_holder] -->                        ${msg.Message}<!-- [et_pb_line_break_holder] -->                    <\/pee><!-- [et_pb_line_break_holder] -->                `)<!-- [et_pb_line_break_holder] -->                .join('');<!-- [et_pb_line_break_holder] --><!-- [et_pb_line_break_holder] -->        } catch (error) {<!-- [et_pb_line_break_holder] -->            console.error('Bus messages fetch error:', error);<!-- [et_pb_line_break_holder] -->            wrapper.style.display = 'block';<!-- [et_pb_line_break_holder] -->            container.innerHTML = '<pee>Service alerts are temporarily unavailable.<\/pee>';<!-- [et_pb_line_break_holder] -->        }<!-- [et_pb_line_break_holder] -->    }<!-- [et_pb_line_break_holder] --><!-- [et_pb_line_break_holder] -->    \/\/ Initial load<!-- [et_pb_line_break_holder] -->    await updateMessages();<!-- [et_pb_line_break_holder] --><!-- [et_pb_line_break_holder] -->    \/\/ Refresh every 60 seconds<!-- [et_pb_line_break_holder] -->    setInterval(updateMessages, 60000);<!-- [et_pb_line_break_holder] -->})();<!-- [et_pb_line_break_holder] --><\/script>[\/et_pb_code][\/et_pb_column_inner][\/et_pb_row_inner][et_pb_row_inner column_structure=\u00bb1_2,1_2&#8243; admin_label=\u00bbRoute Info\u00bb _builder_version=\u00bb4.27.5&#8243; _module_preset=\u00bbdefault\u00bb custom_margin=\u00bb10px||10px||false|false\u00bb global_colors_info=\u00bb{}\u00bb][et_pb_column_inner type=\u00bb1_2&#8243; saved_specialty_column_type=\u00bb3_4&#8243; _builder_version=\u00bb4.21.0&#8243; _module_preset=\u00bbdefault\u00bb global_colors_info=\u00bb{}\u00bb][et_pb_text _builder_version=\u00bb4.22.2&#8243; _module_preset=\u00bbdefault\u00bb global_colors_info=\u00bb{}\u00bb]<\/p>\n<h3>Paradas principales<\/h3>\n<p>Taos Ski Valley<br \/>Arroyo Seco<br \/>El Prado<br \/>Kit Carson Park<\/p>\n<p>[\/et_pb_text][\/et_pb_column_inner][et_pb_column_inner type=\u00bb1_2&#8243; saved_specialty_column_type=\u00bb3_4&#8243; _builder_version=\u00bb4.21.0&#8243; _module_preset=\u00bbdefault\u00bb global_colors_info=\u00bb{}\u00bb][et_pb_text _builder_version=\u00bb4.27.4&#8243; _module_preset=\u00bbdefault\u00bb global_colors_info=\u00bb{}\u00bb]<\/p>\n<h3>Tarifa gratuita<\/h3>\n<p>La ruta 341 TSV Verde ofrece un servicio gratuito de mi\u00e9rcoles a domingo; el servicio de invierno suele funcionar de diciembre a marzo. <\/p>\n<p>[\/et_pb_text][\/et_pb_column_inner][\/et_pb_row_inner][et_pb_row_inner admin_label=\u00bbTimetable header\u00bb _builder_version=\u00bb4.27.5&#8243; _module_preset=\u00bbdefault\u00bb global_colors_info=\u00bb{}\u00bb][et_pb_column_inner saved_specialty_column_type=\u00bb3_4&#8243; _builder_version=\u00bb4.27.4&#8243; _module_preset=\u00bbdefault\u00bb global_colors_info=\u00bb{}\u00bb][et_pb_text _builder_version=\u00bb4.27.4&#8243; _module_preset=\u00bbdefault\u00bb global_colors_info=\u00bb{}\u00bb]<\/p>\n<h3>Horario de la ruta<\/h3>\n<p>[\/et_pb_text][\/et_pb_column_inner][\/et_pb_row_inner][et_pb_row_inner column_structure=\u00bb1_3,1_3,1_3&#8243; disabled_on=\u00bboff|off|off\u00bb admin_label=\u00bbpdf schedules and bus tracker links\u00bb _builder_version=\u00bb4.27.5&#8243; _module_preset=\u00bbdefault\u00bb custom_padding=\u00bb20px||20px||false|false\u00bb global_colors_info=\u00bb{}\u00bb][et_pb_column_inner type=\u00bb1_3&#8243; saved_specialty_column_type=\u00bb3_4&#8243; _builder_version=\u00bb4.27.3&#8243; _module_preset=\u00bbdefault\u00bb global_colors_info=\u00bb{}\u00bb][et_pb_button button_url=\u00bbhttps:\/\/www.ncrtd.org\/wp-content\/uploads\/2025\/12\/341-TSV-Green_2025_timetable.pdf\u00bb button_text=\u00bbVer horario (PDF)\u00bb button_alignment=\u00bbcenter\u00bb _builder_version=\u00bb4.27.5&#8243; _module_preset=\u00bbdefault\u00bb custom_margin=\u00bb10px||10px||false|false\u00bb global_colors_info=\u00bb{}\u00bb][\/et_pb_button][\/et_pb_column_inner][et_pb_column_inner type=\u00bb1_3&#8243; saved_specialty_column_type=\u00bb3_4&#8243; _builder_version=\u00bb4.21.0&#8243; _module_preset=\u00bbdefault\u00bb global_colors_info=\u00bb{}\u00bb][et_pb_button button_url=\u00bbhttps:\/\/www.ncrtd.org\/wp-content\/uploads\/2025\/12\/341-TSV-Green_2025.pdf\u00bb url_new_window=\u00bbon\u00bb button_text=\u00bbImprimir folleto de la ruta (PDF)\u00bb button_alignment=\u00bbcenter\u00bb _builder_version=\u00bb4.27.5&#8243; _module_preset=\u00bbdefault\u00bb custom_margin=\u00bb10px||10px||false|false\u00bb global_colors_info=\u00bb{}\u00bb][\/et_pb_button][\/et_pb_column_inner][et_pb_column_inner type=\u00bb1_3&#8243; saved_specialty_column_type=\u00bb3_4&#8243; _builder_version=\u00bb4.21.0&#8243; _module_preset=\u00bbdefault\u00bb global_colors_info=\u00bb{}\u00bb][et_pb_button button_url=\u00bbhttps:\/\/bluebustracker.availtec.com\/infopoint?fullscreen=false&amp;map%5Bfilter%5D%5Broutes%5D=true&amp;map%5Bfilter%5D%5Bstops%5D=true&amp;map%5Bfilter%5D%5Bbuses%5D=true&amp;messages%5Bactive%5D=false&amp;messages%5Bfilter%5D=false&amp;routes%5Bselected%5D=&amp;routes%5Bsearch%5D=&amp;stops%5Bactive%5D=false&amp;stops%5Bsearch%5D=\u00bb url_new_window=\u00bbon\u00bb button_text=\u00bbRastrea el Blue Bus\u00bb button_alignment=\u00bbcenter\u00bb _builder_version=\u00bb4.27.3&#8243; _module_preset=\u00bbdefault\u00bb custom_margin=\u00bb10px||10px||false|false\u00bb global_colors_info=\u00bb{}\u00bb][\/et_pb_button][\/et_pb_column_inner][\/et_pb_row_inner][et_pb_row_inner admin_label=\u00bbTimetable code\u00bb _builder_version=\u00bb4.27.5&#8243; _module_preset=\u00bbdefault\u00bb global_colors_info=\u00bb{}\u00bb][et_pb_column_inner saved_specialty_column_type=\u00bb3_4&#8243; _builder_version=\u00bb4.27.4&#8243; _module_preset=\u00bbdefault\u00bb global_colors_info=\u00bb{}\u00bb][et_pb_code disabled_on=\u00bboff|off|off\u00bb _builder_version=\u00bb4.27.5&#8243; _module_preset=\u00bbdefault\u00bb global_colors_info=\u00bb{}\u00bb]<iframetitle timetable=\"\"><!-- [et_pb_line_break_holder] --><!-- [et_pb_line_break_holder] --><scriptsrc><!-- [et_pb_line_break_holder] --><\/scriptsrc><\/iframetitle>[\/et_pb_code][\/et_pb_column_inner][\/et_pb_row_inner][et_pb_row_inner disabled_on=\u00bboff|off|off\u00bb admin_label=\u00bbRoute Map\u00bb _builder_version=\u00bb4.27.5&#8243; _module_preset=\u00bbdefault\u00bb custom_margin=\u00bb20px||10px||false|false\u00bb global_colors_info=\u00bb{}\u00bb][et_pb_column_inner saved_specialty_column_type=\u00bb3_4&#8243; _builder_version=\u00bb4.27.4&#8243; _module_preset=\u00bbdefault\u00bb global_colors_info=\u00bb{}\u00bb][et_pb_text _builder_version=\u00bb4.27.5&#8243; _module_preset=\u00bbdefault\u00bb global_colors_info=\u00bb{}\u00bb]<\/p>\n<h3>Mapa de la ruta<\/h3>\n<p>[\/et_pb_text][et_pb_code _builder_version=\u00bb4.27.5&#8243; _module_preset=\u00bbdefault\u00bb global_colors_info=\u00bb{}\u00bb]<center><!-- [et_pb_line_break_holder] --><iframetitle=\"Route Map\"src=\"https:\/\/app.ride.guide\/map\/bluebus-nm-us?routeId=341\"style=\"border:0;width:100%;height:800px\"referrerpolicy=\"no-referrer-when-downgrade\"allowfullscreen=\"true\"allow=\"geolocation\"><!-- [et_pb_line_break_holder] --><\/iframe><!-- [et_pb_line_break_holder] --><!-- [et_pb_line_break_holder] --><\/center>[\/et_pb_code][\/et_pb_column_inner][\/et_pb_row_inner][et_pb_row_inner admin_label=\u00bbski bus ad\u00bb _builder_version=\u00bb4.27.5&#8243; _module_preset=\u00bbdefault\u00bb background_color=\u00bb#0072BA\u00bb custom_margin=\u00bb20px||20px||false|false\u00bb box_shadow_style=\u00bbpreset2&#8243; global_colors_info=\u00bb{}\u00bb][et_pb_column_inner saved_specialty_column_type=\u00bb3_4&#8243; _builder_version=\u00bb4.21.0&#8243; _module_preset=\u00bbdefault\u00bb global_colors_info=\u00bb{}\u00bb][et_pb_heading title=\u00bb\u00a1Tu ruta al para\u00edso del esqu\u00ed comienza aqu\u00ed!\u00bb _builder_version=\u00bb4.22.2&#8243; _module_preset=\u00bbdefault\u00bb title_level=\u00bbh2&#8243; title_text_color=\u00bb#FFFFFF\u00bb custom_padding=\u00bb10px|10px||10px|false|false\u00bb global_colors_info=\u00bb{}\u00bb][\/et_pb_heading][et_pb_text _builder_version=\u00bb4.22.2&#8243; _module_preset=\u00bbdefault\u00bb text_text_color=\u00bb#FFFFFF\u00bb custom_padding=\u00bb|10px|10px|10px|false|false\u00bb global_colors_info=\u00bb{}\u00bb]\u00bfTodo listo para ir a las pistas? Explora nuestro servicio gratuito de autob\u00fas para esquiadores que te conecta con las mejores estaciones de esqu\u00ed de Nuevo M\u00e9xico. \u00a1Descubre hoy mismo la comodidad y el confort del Blue Bus![\/et_pb_text][et_pb_button button_url=\u00bbhttps:\/\/www.ncrtd.org\/ski-bus\/\u00bb button_text=\u00bbM\u00e1s informaci\u00f3n\u00bb _builder_version=\u00bb4.22.2&#8243; _module_preset=\u00bbdefault\u00bb button_text_color=\u00bb#0072BA\u00bb button_bg_color=\u00bb#FFFFFF\u00bb custom_margin=\u00bb|10px|10px|10px|false|false\u00bb custom_padding=\u00bb|1em||1em|true|true\u00bb global_colors_info=\u00bb{}\u00bb][\/et_pb_button][\/et_pb_column_inner][\/et_pb_row_inner][et_pb_row_inner _builder_version=\u00bb4.23.4&#8243; _module_preset=\u00bbdefault\u00bb custom_margin=\u00bb10px||||false|false\u00bb global_colors_info=\u00bb{}\u00bb][et_pb_column_inner saved_specialty_column_type=\u00bb3_4&#8243; _builder_version=\u00bb4.21.0&#8243; _module_preset=\u00bbdefault\u00bb global_colors_info=\u00bb{}\u00bb][et_pb_text _builder_version=\u00bb4.27.5&#8243; _module_preset=\u00bbdefault\u00bb custom_margin=\u00bb10px||0.4em||false|false\u00bb global_colors_info=\u00bb{}\u00bb]<\/p>\n<h4>Informaci\u00f3n del servicio de invierno<\/h4>\n<p>El servicio de invierno suele funcionar desde la apertura de la temporada de esqu\u00ed en Taos Ski Valley hasta el cierre de la misma. Ll\u00e1manos para confirmar el servicio. <\/p>\n<p>Habr\u00e1 opciones de Park and Ride para quienes utilicen el Blue Bus en Kit Carson Park, Loretto, KTAOS y otros lugares. <span>Visita el sitio web de la ciudad de Taos para obtener m\u00e1s informaci\u00f3n sobre las <a href=\"https:\/\/www.taosnm.gov\/319\/Parking\" target=\"_blank\" rel=\"noopener\">zonas de aparcamiento en Taos.<\/a><\/span> Mant\u00e9n tu veh\u00edculo y tus pertenencias a salvo cerrando las puertas con llave y no dejando objetos de valor a la vista.<\/p>\n<p>[\/et_pb_text][\/et_pb_column_inner][\/et_pb_row_inner][et_pb_row_inner admin_label=\u00bbConnections\u00bb _builder_version=\u00bb4.27.4&#8243; _module_preset=\u00bbdefault\u00bb custom_margin=\u00bb10px||10px||false|false\u00bb global_colors_info=\u00bb{}\u00bb][et_pb_column_inner saved_specialty_column_type=\u00bb3_4&#8243; _builder_version=\u00bb4.27.4&#8243; _module_preset=\u00bbdefault\u00bb global_colors_info=\u00bb{}\u00bb][et_pb_text admin_label=\u00bbtitle\u00bb _builder_version=\u00bb4.27.4&#8243; _module_preset=\u00bbdefault\u00bb global_colors_info=\u00bb{}\u00bb]<\/p>\n<h3>\u00bfNecesitas servicio m\u00e1s all\u00e1 de esta ruta?<\/h3>\n<p>[\/et_pb_text][et_pb_text admin_label=\u00bblist of connections\u00bb _builder_version=\u00bb4.27.5&#8243; _module_preset=\u00bbdefault\u00bb global_colors_info=\u00bb{}\u00bb]<\/p>\n<p>Puedes acceder a las zonas que no cuentan con servicio directo de esta ruta conectando con otras rutas del Blue Bus que dan servicio al <a href=\"https:\/\/www.ncrtd.org\/es\/rutas-por-zona\/zona-de-taos\/\">\u00e1rea de Taos<\/a>.<\/p>\n<p>[\/et_pb_text][\/et_pb_column_inner][\/et_pb_row_inner][et_pb_row_inner column_structure=\u00bb1_3,1_3,1_3&#8243; admin_label=\u00bbctas\u00bb _builder_version=\u00bb4.27.5&#8243; _module_preset=\u00bbdefault\u00bb custom_margin=\u00bb10px||10px||false|false\u00bb global_colors_info=\u00bb{}\u00bb][et_pb_column_inner type=\u00bb1_3&#8243; saved_specialty_column_type=\u00bb3_4&#8243; _builder_version=\u00bb4.27.4&#8243; _module_preset=\u00bbdefault\u00bb global_colors_info=\u00bb{}\u00bb][et_pb_button button_url=\u00bbhttps:\/\/www.ncrtd.org\/es\/contacto\/\u00bb button_text=\u00bbContacta con nosotros para recibir asistencia en tu viaje\u00bb button_alignment=\u00bbcenter\u00bb admin_label=\u00bbtrip planning\u00bb _builder_version=\u00bb4.27.4&#8243; _module_preset=\u00bbdefault\u00bb custom_margin=\u00bb10px|10px|10px|10px|false|false\u00bb global_colors_info=\u00bb{}\u00bb][\/et_pb_button][\/et_pb_column_inner][et_pb_column_inner type=\u00bb1_3&#8243; saved_specialty_column_type=\u00bb3_4&#8243; _builder_version=\u00bb4.27.4&#8243; _module_preset=\u00bbdefault\u00bb global_colors_info=\u00bb{}\u00bb][et_pb_button button_url=\u00bbhttps:\/\/www.ncrtd.org\/services\/how-do-i\/\u00bb button_text=\u00bb\u00bfEs tu primera vez? Empieza aqu\u00ed\u00bb button_alignment=\u00bbcenter\u00bb admin_label=\u00bbhow to ride\u00bb _builder_version=\u00bb4.27.4&#8243; _module_preset=\u00bbdefault\u00bb custom_margin=\u00bb10px|10px|10px|10px|false|false\u00bb global_colors_info=\u00bb{}\u00bb][\/et_pb_button][\/et_pb_column_inner][et_pb_column_inner type=\u00bb1_3&#8243; saved_specialty_column_type=\u00bb3_4&#8243; _builder_version=\u00bb4.27.4&#8243; _module_preset=\u00bbdefault\u00bb global_colors_info=\u00bb{}\u00bb][et_pb_button button_url=\u00bbhttps:\/\/bluebustracker.availtec.com\/infopoint?fullscreen=false&amp;map%5Bfilter%5D%5Broutes%5D=true&amp;map%5Bfilter%5D%5Bstops%5D=true&amp;map%5Bfilter%5D%5Bbuses%5D=true&amp;messages%5Bactive%5D=false&amp;messages%5Bfilter%5D=false&amp;routes%5Bselected%5D=&amp;routes%5Bsearch%5D=&amp;stops%5Bactive%5D=false&amp;stops%5Bsearch%5D=\u00bb url_new_window=\u00bbon\u00bb button_text=\u00bbRastrea el Blue Bus en tiempo real\u00bb admin_label=\u00bbreal time tracking\u00bb _builder_version=\u00bb4.27.4&#8243; _module_preset=\u00bbdefault\u00bb custom_margin=\u00bb10px||10px||false|false\u00bb global_colors_info=\u00bb{}\u00bb][\/et_pb_button][\/et_pb_column_inner][\/et_pb_row_inner][\/et_pb_column][\/et_pb_section]<\/p>\n","protected":false},"excerpt":{"rendered":"<p>El servicio para la temporada de invierno 2025-2026 ha finalizado. La ruta 341 TSV Verde opera por temporadas de mi\u00e9rcoles a domingo durante la temporada de invierno en Taos Ski Valley; el servicio de invierno suele funcionar de diciembre a marzo.RUTA MODIFICADA TEMPORALMENTE La parada de autob\u00fas X de North Central RTD en X permanecer\u00e1 [&hellip;]<\/p>\n","protected":false},"author":7,"featured_media":0,"parent":243495,"menu_order":0,"comment_status":"closed","ping_status":"closed","template":"","meta":{"_et_pb_use_builder":"on","_et_pb_old_content":"","_et_gb_content_width":"","footnotes":""},"class_list":["post-243520","page","type-page","status-publish","hentry"],"_links":{"self":[{"href":"https:\/\/www.ncrtd.org\/es\/wp-json\/wp\/v2\/pages\/243520","targetHints":{"allow":["GET"]}}],"collection":[{"href":"https:\/\/www.ncrtd.org\/es\/wp-json\/wp\/v2\/pages"}],"about":[{"href":"https:\/\/www.ncrtd.org\/es\/wp-json\/wp\/v2\/types\/page"}],"author":[{"embeddable":true,"href":"https:\/\/www.ncrtd.org\/es\/wp-json\/wp\/v2\/users\/7"}],"replies":[{"embeddable":true,"href":"https:\/\/www.ncrtd.org\/es\/wp-json\/wp\/v2\/comments?post=243520"}],"version-history":[{"count":1,"href":"https:\/\/www.ncrtd.org\/es\/wp-json\/wp\/v2\/pages\/243520\/revisions"}],"predecessor-version":[{"id":243529,"href":"https:\/\/www.ncrtd.org\/es\/wp-json\/wp\/v2\/pages\/243520\/revisions\/243529"}],"up":[{"embeddable":true,"href":"https:\/\/www.ncrtd.org\/es\/wp-json\/wp\/v2\/pages\/243495"}],"wp:attachment":[{"href":"https:\/\/www.ncrtd.org\/es\/wp-json\/wp\/v2\/media?parent=243520"}],"curies":[{"name":"wp","href":"https:\/\/api.w.org\/{rel}","templated":true}]}}