{"id":243541,"date":"2024-02-01T14:50:56","date_gmt":"2024-02-01T21:50:56","guid":{"rendered":"https:\/\/www.ncrtd.org\/politica-de-conducta-de-pasajeros\/"},"modified":"2026-05-05T17:57:19","modified_gmt":"2026-05-05T23:57:19","slug":"politica-de-conducta-de-pasajeros","status":"publish","type":"page","link":"https:\/\/www.ncrtd.org\/es\/politica-de-conducta-de-pasajeros\/","title":{"rendered":"Pol\u00edtica de conducta de pasajeros"},"content":{"rendered":"<p>[et_pb_section fb_built=\u00bb1&#8243; fullwidth=\u00bbon\u00bb _builder_version=\u00bb4.16&#8243; _module_preset=\u00bbcbe6949b-fe83-485f-a967-598203880f36&#8243; width_tablet=\u00bb\u00bb width_phone=\u00bb\u00bb width_last_edited=\u00bbon|desktop\u00bb custom_margin=\u00bb140px||||false|false\u00bb custom_margin_tablet=\u00bb0px||||false|false\u00bb custom_margin_phone=\u00bb\u00bb custom_margin_last_edited=\u00bbon|desktop\u00bb global_colors_info=\u00bb{}\u00bb][et_pb_fullwidth_image src=\u00bbhttps:\/\/www.ncrtd.org\/wp-content\/uploads\/2025\/03\/ncrtd-blue-bus-2023-0930.jpg\u00bb alt=\u00bbCarretera serpenteante de Santa Fe\u00bb title_text=\u00bbncrtd-blue-bus-2023-0930&#8243; admin_label=\u00bbbackground fullwidth image\u00bb _builder_version=\u00bb4.27.4&#8243; _module_preset=\u00bb2215b47f-c514-4736-8638-9febfca886f5&#8243; background_color=\u00bb#FFFFFF\u00bb min_height=\u00bb739.1px\u00bb height_phone=\u00bb723.1px\u00bb custom_margin=\u00bb||-600px||false|false\u00bb global_module=\u00bb3818&#8243; locked=\u00bboff\u00bb global_colors_info=\u00bb{}\u00bb][\/et_pb_fullwidth_image][\/et_pb_section][et_pb_section fb_built=\u00bb1&#8243; specialty=\u00bbon\u00bb padding_1_tablet=\u00bb2em|6%|2em|6%|true|true\u00bb padding_2_tablet=\u00bb2em|6%|2em|6%|true|true\u00bb padding_1_phone=\u00bb2em|8%|2em|8%|true|true\u00bb padding_2_phone=\u00bb2em|8%|2em|8%|true|true\u00bb padding_1_last_edited=\u00bbon|desktop\u00bb padding_2_last_edited=\u00bbon|tablet\u00bb module_id_1=\u00bbsidebar\u00bb module_class_1=\u00bbcontent-sidebar\u00bb module_class_2=\u00bbcontent-main\u00bb _builder_version=\u00bb4.16&#8243; _module_preset=\u00bb49fa2571-fdca-4afb-b157-c44ecc3f4485&#8243; global_colors_info=\u00bb{}\u00bb][et_pb_column type=\u00bb1_4&#8243; _builder_version=\u00bb4.16&#8243; custom_padding=\u00bb|||\u00bb global_colors_info=\u00bb{}\u00bb custom_padding__hover=\u00bb|||\u00bb][et_pb_menu menu_id=\u00bb2&#8243; _builder_version=\u00bb4.16&#8243; _module_preset=\u00bbefd0ba9f-ac50-4f8b-84a6-8e44415a3403&#8243; global_colors_info=\u00bb{}\u00bb][\/et_pb_menu][et_pb_text _builder_version=\u00bb4.23.3&#8243; _module_preset=\u00bba5d3b840-eb6f-4446-9880-fb2e3dcbae61&#8243; global_module=\u00bb2761&#8243; saved_tabs=\u00bball\u00bb global_colors_info=\u00bb{}\u00bb][\/et_pb_text][\/et_pb_column][et_pb_column type=\u00bb3_4&#8243; specialty_columns=\u00bb3&#8243; _builder_version=\u00bb4.16&#8243; custom_padding=\u00bb|||\u00bb global_colors_info=\u00bb{}\u00bb custom_padding__hover=\u00bb|||\u00bb][et_pb_row_inner _builder_version=\u00bb4.16&#8243; _module_preset=\u00bbdefault\u00bb global_colors_info=\u00bb{}\u00bb][et_pb_column_inner saved_specialty_column_type=\u00bb3_4&#8243; _builder_version=\u00bb4.16&#8243; _module_preset=\u00bbdefault\u00bb global_colors_info=\u00bb{}\u00bb][et_pb_text _builder_version=\u00bb4.24.3&#8243; _module_preset=\u00bbdefault\u00bb global_colors_info=\u00bb{}\u00bb]<\/p>\n<h2>Mejorando la experiencia del viajero<\/h2>\n<div class=\"elementor-element elementor-element-8cf7f41 elementor-widget elementor-widget-heading\" data-id=\"8cf7f41\" data-element_type=\"widget\" data-widget_type=\"heading.default\">\n<div class=\"elementor-widget-container\">Promoviendo la seguridad, comodidad y respeto para todos los pasajeros. Por favor, respeta las normas sobre asientos, vestimenta y mascotas, y abstente de fumar, comer, poner m\u00fasica alta y comportamientos disruptivos. Juntos, garantizamos un viaje agradable para todos, respaldado por vigilancia, asistencia del conductor y responsabilidad comunitaria.  <span style=\"color: #000000;\"><\/span><\/div>\n<\/div>\n<p>[\/et_pb_text][et_pb_text _builder_version=\u00bb4.24.3&#8243; _module_preset=\u00bbdefault\u00bb global_colors_info=\u00bb{}\u00bb]<\/p>\n<div class=\"elementor-element elementor-element-8cf7f41 elementor-widget elementor-widget-heading\" data-id=\"8cf7f41\" data-element_type=\"widget\" data-widget_type=\"heading.default\">\n<div class=\"elementor-widget-container\"><\/div>\n<div class=\"elementor-widget-container\"><\/div>\n<blockquote>\n<div class=\"elementor-widget-container\"><span style=\"color: #000000;\">Los operadores de tr\u00e1nsito tienen la autoridad para denegar el servicio a pasajeros que violen la pol\u00edtica de conducta de pasajeros de North Central RTD. El personal y la direcci\u00f3n de North Central RTD pueden suspender temporal o permanentemente a pasajeros por mala conducta.  <\/span><\/div>\n<\/blockquote>\n<\/div>\n<p>[\/et_pb_text][\/et_pb_column_inner][\/et_pb_row_inner][et_pb_row_inner _builder_version=\u00bb4.16&#8243; _module_preset=\u00bbdefault\u00bb global_colors_info=\u00bb{}\u00bb][et_pb_column_inner saved_specialty_column_type=\u00bb3_4&#8243; _builder_version=\u00bb4.16&#8243; _module_preset=\u00bbdefault\u00bb global_colors_info=\u00bb{}\u00bb][et_pb_text _builder_version=\u00bb4.27.4&#8243; _module_preset=\u00bbdefault\u00bb global_colors_info=\u00bb{}\u00bb]<\/p>\n<div class=\"elementor-element elementor-element-8cf7f41 elementor-widget elementor-widget-heading\" data-id=\"8cf7f41\" data-element_type=\"widget\" data-widget_type=\"heading.default\">\n<div class=\"elementor-widget-container\">\n<h4><\/h4>\n<h4>Para un viaje seguro y agradable, por favor<\/h4>\n<\/div>\n<\/div>\n<div class=\"elementor-element elementor-element-6ecc348 elementor-widget elementor-widget-text-editor\" data-id=\"6ecc348\" data-element_type=\"widget\" data-widget_type=\"text-editor.default\">\n<div class=\"elementor-widget-container\">\n<ul>\n<li>Permanece sentado<\/li>\n<li>Viste ropa apropiada (camisa, pantalones\/pantalones cortos, zapatos)<\/li>\n<\/ul>\n<h4>Permitido en el autob\u00fas<\/h4>\n<ul>\n<li>Animales de servicio<\/li>\n<li>Bebidas no alcoh\u00f3licas en un recipiente sellado<\/li>\n<\/ul>\n<p>Aunque nos encantan las mascotas, los animales que no sean de servicio deben ir en un transport\u00edn. Las bebidas no alcoh\u00f3licas y la comida deben ir en un recipiente sellado. <\/p>\n<h4><span>NO permitido en el autob\u00fas<\/span><\/h4>\n<ul>\n<li>No fumar\/vapear<\/li>\n<li>No comer<\/li>\n<li>No m\u00fasica alta<\/li>\n<li>No bebidas alcoh\u00f3licas<\/li>\n<li>No drogas ilegales<\/li>\n<li>No lenguaje ofensivo<\/li>\n<li>No armas<\/li>\n<li>No hablar alto por tel\u00e9fono<\/li>\n<li>No uso excesivo del servicio <\/li>\n<\/ul>\n<h4>Para la seguridad y comodidad de todos<\/h4>\n<ul>\n<li><span style=\"font-size: 14px;\">Los veh\u00edculos est\u00e1n equipados con vigilancia de v\u00eddeo y audio.<\/span><\/li>\n<li>Los conductores ayudar\u00e1n a pasajeros con discapacidades visuales o mentales.<\/li>\n<li>Los ni\u00f1os menores de 10 a\u00f1os deben ir acompa\u00f1ados de un adulto.<\/li>\n<li>Hay portabicicletas de 3 posiciones por orden de llegada.<\/li>\n<li>Usa las papeleras. Puedes ayudar a mantener nuestros veh\u00edculos limpios. <\/li>\n<li>No pongas los pies en tu asiento ni en el respaldo del asiento de delante.<\/li>\n<li>No merodear en la propiedad del distrito. Las instalaciones y equipos del distrito est\u00e1n reservados para pasajeros de tr\u00e1nsito y operaciones de tr\u00e1nsito. <\/li>\n<\/ul>\n<\/div>\n<\/div>\n<p>[\/et_pb_text][\/et_pb_column_inner][\/et_pb_row_inner][et_pb_row_inner _builder_version=\u00bb4.24.3&#8243; _module_preset=\u00bbdefault\u00bb custom_margin=\u00bb||10px||false|false\u00bb global_colors_info=\u00bb{}\u00bb][et_pb_column_inner saved_specialty_column_type=\u00bb3_4&#8243; _builder_version=\u00bb4.24.3&#8243; _module_preset=\u00bbdefault\u00bb global_colors_info=\u00bb{}\u00bb][et_pb_button button_url=\u00bbhttps:\/\/api.realfile.rtsclients.com\/PublicFiles\/26276a15be2143298dd3563ef85d442c\/604d6cb2-369f-40b5-a5ff-a57d7329defa\/enhancing-your-ride_rider-rules.pdf\u00bb url_new_window=\u00bbon\u00bb button_text=\u00bbMejorando tu viaje (PDF)\u00bb button_alignment=\u00bbcenter\u00bb _builder_version=\u00bb4.27.4&#8243; _module_preset=\u00bbdefault\u00bb custom_margin=\u00bb10px||10px||false|false\u00bb global_colors_info=\u00bb{}\u00bb][\/et_pb_button][\/et_pb_column_inner][\/et_pb_row_inner][et_pb_row_inner _builder_version=\u00bb4.16&#8243; _module_preset=\u00bbdefault\u00bb global_colors_info=\u00bb{}\u00bb][et_pb_column_inner saved_specialty_column_type=\u00bb3_4&#8243; _builder_version=\u00bb4.16&#8243; _module_preset=\u00bbdefault\u00bb global_colors_info=\u00bb{}\u00bb][et_pb_text _builder_version=\u00bb4.24.3&#8243; _module_preset=\u00bbdefault\u00bb global_colors_info=\u00bb{}\u00bb]<\/p>\n<h3>Pol\u00edtica de suspensi\u00f3n de viajeros de North Central RTD<\/h3>\n<p>El North Central Regional Transit District (NCRTD) est\u00e1 comprometido a proporcionar transporte p\u00fablico de calidad para los pasajeros y un entorno de trabajo seguro para los empleados. Hay ocasiones en que el comportamiento de un cliente de tr\u00e1nsito interrumpe o pone en peligro la salud y seguridad de sus empleados o miembros del p\u00fablico. El prop\u00f3sito de esta pol\u00edtica es proporcionar orientaci\u00f3n al personal de NCRTD al considerar si suspender, retirar o denegar el servicio de tr\u00e1nsito a pasajeros que participan en diversas formas de conducta disruptiva. El director ejecutivo puede promulgar y emitir procedimientos administrativos y operativos para la implementaci\u00f3n de esta pol\u00edtica. Los t\u00e9rminos viajero, pasajero y cliente se usan de manera variada para describir a personas que no son empleados de NCRTD que pueden tener ocasi\u00f3n de usar veh\u00edculos, propiedades o servicios de NCRTD.    <\/p>\n<p>[\/et_pb_text][\/et_pb_column_inner][\/et_pb_row_inner][et_pb_row_inner _builder_version=\u00bb4.27.0&#8243; _module_preset=\u00bbdefault\u00bb global_colors_info=\u00bb{}\u00bb][et_pb_column_inner saved_specialty_column_type=\u00bb3_4&#8243; _builder_version=\u00bb4.27.0&#8243; _module_preset=\u00bbdefault\u00bb global_colors_info=\u00bb{}\u00bb][et_pb_code _builder_version=\u00bb4.27.4&#8243; _module_preset=\u00bbdefault\u00bb global_colors_info=\u00bb{}\u00bb]<center><object class=\"pdf\" data=\"https:\/\/api.realfile.rtsclients.com\/PublicFiles\/26276a15be2143298dd3563ef85d442c\/c8fadcae-1f86-4d38-b5b0-28757b110636\/2025%20North%20Central%20RTD%20Blue%20Bus%20RiderSuspension%20Policy.pdf\" width=\"800\" height=\"500\"><!-- [et_pb_line_break_holder] --><\/object>&gt;<\/center>[\/et_pb_code][\/et_pb_column_inner][\/et_pb_row_inner][et_pb_row_inner _builder_version=\u00bb4.24.3&#8243; _module_preset=\u00bbdefault\u00bb global_colors_info=\u00bb{}\u00bb][et_pb_column_inner saved_specialty_column_type=\u00bb3_4&#8243; _builder_version=\u00bb4.24.3&#8243; _module_preset=\u00bbdefault\u00bb global_colors_info=\u00bb{}\u00bb][et_pb_button button_url=\u00bbhttps:\/\/api.realfile.rtsclients.com\/PublicFiles\/26276a15be2143298dd3563ef85d442c\/c8fadcae-1f86-4d38-b5b0-28757b110636\/2025%20North%20Central%20RTD%20Blue%20Bus%20RiderSuspension%20Policy.pdf\u00bb url_new_window=\u00bbon\u00bb button_text=\u00bbVer la pol\u00edtica de suspensi\u00f3n de viajeros (PDF)\u00bb button_alignment=\u00bbcenter\u00bb admin_label=\u00bbPolicy PDF\u00bb _builder_version=\u00bb4.27.4&#8243; _module_preset=\u00bbdefault\u00bb custom_margin=\u00bb10px||10px||false|false\u00bb global_colors_info=\u00bb{}\u00bb][\/et_pb_button][\/et_pb_column_inner][\/et_pb_row_inner][et_pb_row_inner _builder_version=\u00bb4.24.3&#8243; _module_preset=\u00bbdefault\u00bb global_colors_info=\u00bb{}\u00bb][et_pb_column_inner saved_specialty_column_type=\u00bb3_4&#8243; _builder_version=\u00bb4.24.3&#8243; _module_preset=\u00bbdefault\u00bb global_colors_info=\u00bb{}\u00bb][et_pb_button button_url=\u00bbhttps:\/\/api.realfile.rtsclients.com\/PublicFiles\/26276a15be2143298dd3563ef85d442c\/73666795-39a7-4b9a-9cfd-28a0515764a0\/2025%20Pol%C3%ADtica%20de%20suspensi%C3%B3n%20de%20pasajeros%20del%20North%20Central%20RTD%20Blue%20Bus.pdf\u00bb url_new_window=\u00bbon\u00bb button_text=\u00bbVer la Pol\u00edtica de Suspensi\u00f3n de Conductores (PDF)\u00bb button_alignment=\u00bbcenter\u00bb admin_label=\u00bbPolicy PDF Espa\u00f1ol\u00bb _builder_version=\u00bb4.27.4&#8243; _module_preset=\u00bbdefault\u00bb custom_margin=\u00bb10px||10px||false|false\u00bb global_colors_info=\u00bb{}\u00bb][\/et_pb_button][\/et_pb_column_inner][\/et_pb_row_inner][et_pb_row_inner _builder_version=\u00bb4.24.3&#8243; _module_preset=\u00bbdefault\u00bb global_colors_info=\u00bb{}\u00bb][et_pb_column_inner saved_specialty_column_type=\u00bb3_4&#8243; _builder_version=\u00bb4.24.3&#8243; _module_preset=\u00bbdefault\u00bb global_colors_info=\u00bb{}\u00bb][et_pb_button button_url=\u00bbhttps:\/\/www.ncrtd.org\/es\/comentarios\/\u00bb button_text=\u00bbMantengamos nuestros viajes respetuosos: informa de problemas aqu\u00ed\u00bb button_alignment=\u00bbcenter\u00bb _builder_version=\u00bb4.27.4&#8243; _module_preset=\u00bbdefault\u00bb custom_margin=\u00bb10px||10px||false|false\u00bb global_colors_info=\u00bb{}\u00bb][\/et_pb_button][\/et_pb_column_inner][\/et_pb_row_inner][\/et_pb_column][\/et_pb_section]<\/p>\n","protected":false},"excerpt":{"rendered":"<p>Mejorando la experiencia del viajero Promoviendo la seguridad, comodidad y respeto para todos los pasajeros. Por favor, respeta las normas sobre asientos, vestimenta y mascotas, y abstente de fumar, comer, poner m\u00fasica alta y comportamientos disruptivos. Juntos, garantizamos un viaje agradable para todos, respaldado por vigilancia, asistencia del conductor y responsabilidad comunitaria. Los operadores de [&hellip;]<\/p>\n","protected":false},"author":7,"featured_media":0,"parent":0,"menu_order":0,"comment_status":"closed","ping_status":"closed","template":"","meta":{"_et_pb_use_builder":"on","_et_pb_old_content":"","_et_gb_content_width":"","footnotes":""},"class_list":["post-243541","page","type-page","status-publish","hentry"],"_links":{"self":[{"href":"https:\/\/www.ncrtd.org\/es\/wp-json\/wp\/v2\/pages\/243541","targetHints":{"allow":["GET"]}}],"collection":[{"href":"https:\/\/www.ncrtd.org\/es\/wp-json\/wp\/v2\/pages"}],"about":[{"href":"https:\/\/www.ncrtd.org\/es\/wp-json\/wp\/v2\/types\/page"}],"author":[{"embeddable":true,"href":"https:\/\/www.ncrtd.org\/es\/wp-json\/wp\/v2\/users\/7"}],"replies":[{"embeddable":true,"href":"https:\/\/www.ncrtd.org\/es\/wp-json\/wp\/v2\/comments?post=243541"}],"version-history":[{"count":8,"href":"https:\/\/www.ncrtd.org\/es\/wp-json\/wp\/v2\/pages\/243541\/revisions"}],"predecessor-version":[{"id":243555,"href":"https:\/\/www.ncrtd.org\/es\/wp-json\/wp\/v2\/pages\/243541\/revisions\/243555"}],"wp:attachment":[{"href":"https:\/\/www.ncrtd.org\/es\/wp-json\/wp\/v2\/media?parent=243541"}],"curies":[{"name":"wp","href":"https:\/\/api.w.org\/{rel}","templated":true}]}}