{"id":243548,"date":"2021-01-04T13:52:17","date_gmt":"2021-01-04T20:52:17","guid":{"rendered":"https:\/\/www.ncrtd.org\/accesibilidad\/"},"modified":"2026-05-05T17:57:20","modified_gmt":"2026-05-05T23:57:20","slug":"accesibilidad","status":"publish","type":"page","link":"https:\/\/www.ncrtd.org\/es\/accesibilidad\/","title":{"rendered":"Accesibilidad"},"content":{"rendered":"<p>[et_pb_section fb_built=\u00bb1&#8243; fullwidth=\u00bbon\u00bb _builder_version=\u00bb4.16&#8243; _module_preset=\u00bbcbe6949b-fe83-485f-a967-598203880f36&#8243; width_tablet=\u00bb\u00bb width_phone=\u00bb\u00bb width_last_edited=\u00bbon|desktop\u00bb custom_margin=\u00bb140px||||false|false\u00bb custom_margin_tablet=\u00bb0px||||false|false\u00bb custom_margin_phone=\u00bb\u00bb custom_margin_last_edited=\u00bbon|desktop\u00bb global_colors_info=\u00bb{}\u00bb][et_pb_fullwidth_image src=\u00bbhttps:\/\/www.ncrtd.org\/wp-content\/uploads\/2025\/01\/ncrtd-blue-bus-2023-0936.jpg\u00bb alt=\u00bbCarretera serpenteante de Santa Fe\u00bb title_text=\u00bbncrtd-blue-bus-2023-0936&#8243; admin_label=\u00bbbackground fullwidth image\u00bb _builder_version=\u00bb4.27.4&#8243; _module_preset=\u00bb2215b47f-c514-4736-8638-9febfca886f5&#8243; background_color=\u00bb#FFFFFF\u00bb min_height=\u00bb739.1px\u00bb height_phone=\u00bb723.1px\u00bb custom_margin=\u00bb||-600px||false|false\u00bb global_module=\u00bb3818&#8243; locked=\u00bboff\u00bb global_colors_info=\u00bb{}\u00bb][\/et_pb_fullwidth_image][\/et_pb_section][et_pb_section fb_built=\u00bb1&#8243; specialty=\u00bbon\u00bb padding_1_tablet=\u00bb2em|6%|2em|6%|true|true\u00bb padding_2_tablet=\u00bb2em|6%|2em|6%|true|true\u00bb padding_1_phone=\u00bb2em|8%|2em|8%|true|true\u00bb padding_2_phone=\u00bb2em|8%|2em|8%|true|true\u00bb padding_1_last_edited=\u00bbon|desktop\u00bb padding_2_last_edited=\u00bbon|tablet\u00bb module_id_1=\u00bbsidebar\u00bb module_class_1=\u00bbcontent-sidebar\u00bb module_class_2=\u00bbcontent-main\u00bb _builder_version=\u00bb4.27.4&#8243; _module_preset=\u00bb49fa2571-fdca-4afb-b157-c44ecc3f4485&#8243; global_colors_info=\u00bb{}\u00bb][et_pb_column type=\u00bb1_4&#8243; _builder_version=\u00bb4.16&#8243; custom_padding=\u00bb|||\u00bb global_colors_info=\u00bb{}\u00bb custom_padding__hover=\u00bb|||\u00bb][et_pb_menu menu_id=\u00bb2&#8243; _builder_version=\u00bb4.16&#8243; _module_preset=\u00bbefd0ba9f-ac50-4f8b-84a6-8e44415a3403&#8243; global_colors_info=\u00bb{}\u00bb][\/et_pb_menu][et_pb_text _builder_version=\u00bb4.23.3&#8243; _module_preset=\u00bba5d3b840-eb6f-4446-9880-fb2e3dcbae61&#8243; global_module=\u00bb2761&#8243; saved_tabs=\u00bball\u00bb global_colors_info=\u00bb{}\u00bb][\/et_pb_text][\/et_pb_column][et_pb_column type=\u00bb3_4&#8243; specialty_columns=\u00bb3&#8243; _builder_version=\u00bb4.16&#8243; custom_padding=\u00bb|||\u00bb global_colors_info=\u00bb{}\u00bb custom_padding__hover=\u00bb|||\u00bb][et_pb_row_inner _builder_version=\u00bb4.16&#8243; _module_preset=\u00bbdefault\u00bb global_colors_info=\u00bb{}\u00bb][et_pb_column_inner saved_specialty_column_type=\u00bb3_4&#8243; _builder_version=\u00bb4.16&#8243; _module_preset=\u00bbdefault\u00bb global_colors_info=\u00bb{}\u00bb][et_pb_text _builder_version=\u00bb4.27.4&#8243; _module_preset=\u00bbdefault\u00bb hover_enabled=\u00bb0&#8243; global_colors_info=\u00bb{}\u00bb sticky_enabled=\u00bb0&#8243;]<\/p>\n<h3><strong>Servicio de autob\u00fas<\/strong><\/h3>\n<p>NCRTD es accesible para personas con discapacidad. Los autobuses est\u00e1n equipados con elevadores o rampas que permiten viajar a personas en silla de ruedas o que no pueden subir al autob\u00fas, cuentan con asientos prioritarios para personas con discapacidad y utilizan anuncios autom\u00e1ticos para paradas y destinos. Los conductores est\u00e1n capacitados para ayudar a los pasajeros a usar los elevadores y rampas, asegurar las sillas de ruedas, proporcionar informaci\u00f3n sobre los destinos servidos y anunciar cualquier parada que solicites.  <\/p>\n<h3><strong>Servicio de paratr\u00e1nsito ADA<\/strong><\/h3>\n<p>El servicio de paratr\u00e1nsito ADA es un servicio para personas cuya discapacidad les<span> <\/span><em>impide<\/em><span> <\/span>utilizar los autobuses de ruta fija en Espa\u00f1ola y Taos. El servicio opera los mismos d\u00edas y horarios dentro de un radio de 1,2 km de nuestras rutas.  <a href=\"https:\/\/www.ncrtd.org\/services\/ncrtd-paratransit-services-ada\/\">M\u00e1s informaci\u00f3n &gt;<\/a><\/p>\n<h3><strong>Otras caracter\u00edsticas de accesibilidad<\/strong><\/h3>\n<p>Puedes viajar con tu respirador, concentrador y ox\u00edgeno port\u00e1til. Los animales de servicio son bienvenidos a bordo de los autobuses y furgonetas y en nuestras instalaciones. Deben permanecer bajo el control del pasajero en todo momento. Por tu seguridad y la de los dem\u00e1s pasajeros, aseguraremos tu silla de ruedas u otro dispositivo de movilidad. La informaci\u00f3n p\u00fablica est\u00e1 disponible en formatos alternativos previa solicitud.    <\/p>\n<h3><strong>Modificaci\u00f3n razonable<\/strong><\/h3>\n<p>Los pasajeros con discapacidad pueden solicitar modificaciones a los procedimientos de servicio actuales para acceder al servicio. Para hacer una solicitud, ll\u00e1manos al 866-206-0754 o env\u00edanos un correo electr\u00f3nico <span> <\/span><a href=\"mailto:anthonym@ncrtd.org?subject=Reasonable%20Modification%20\" target=\"_blank\" rel=\"noopener noreferrer\">AQU\u00cd<\/a>. Env\u00eda las solicitudes al menos el d\u00eda antes del viaje. NCRTD no cobrar\u00e1 tarifas adicionales a los pasajeros que requieran modificaciones razonables.  <\/p>\n<h3><strong>Quejas ADA<\/strong><\/h3>\n<p>Si tienes una queja sobre la accesibilidad de nuestro servicio o crees que has sido discriminado debido a tu discapacidad, puedes presentar una queja. Haz clic <span> <\/span><a href=\"https:\/\/www.ncrtd.org\/services\/ncrtd-paratransit-services-ada\/\" target=\"_blank\" rel=\"noopener noreferrer\"><u>AQU\u00cd<\/u><\/a><span> <\/span>para conocer los procedimientos de quejas y el formulario. Proporciona todos los hechos y circunstancias relacionados con tu problema o queja para que podamos investigar completamente el incidente. Si no puedes completar una queja por escrito debido a una discapacidad o si necesitas informaci\u00f3n en otro idioma, podemos ayudarte. Cont\u00e1ctanos al 866-206-0754 o env\u00edanos un correo electr\u00f3nico   <span> <\/span><a href=\"mailto:anthonym@ncrtd.org?subject=ADA%20Complaint\" target=\"_blank\" rel=\"noopener noreferrer\">AQU\u00cd<\/a>.<\/p>\n<div>Si tiene una queja sobre la accesibilidad de nuestro servicio o cree que ha sido discriminado debido a su discapacidad, puede presentar una queja. Haga clic <span> <\/span><a href=\"\/wp-content\/uploads\/2021\/01\/NCRTD-Discrimination-Complaint-Form_En-Espanol.pdf\" target=\"_blank\" rel=\"noopener noreferrer\">aqu\u00ed<\/a><span> <\/span>para conocer los procedimientos de quejas y el formulario. Proporcione todos los hechos y circunstancias que rodean su problema o queja para que podamos investigar completamente el incidente. Si no puede completar una queja por escrito debido a una discapacidad o si se necesita informaci\u00f3n en otro idioma, podemos ayudarle. Comun\u00edquese con nosotros al 866-206-0754 o env\u00edenos un correo electr\u00f3nico<a href=\"mailto:anthonym@ncrtd.org?subject=ADA%20Complaint\" target=\"_blank\" rel=\"noopener noreferrer\"><span> <\/span>AQU\u00cd.<\/a>   <\/div>\n<p>[\/et_pb_text][\/et_pb_column_inner][\/et_pb_row_inner][\/et_pb_column][\/et_pb_section]<\/p>\n","protected":false},"excerpt":{"rendered":"<p>Servicio de autob\u00fas NCRTD es accesible para personas con discapacidad. Los autobuses est\u00e1n equipados con elevadores o rampas que permiten viajar a personas en silla de ruedas o que no pueden subir al autob\u00fas, cuentan con asientos prioritarios para personas con discapacidad y utilizan anuncios autom\u00e1ticos para paradas y destinos. Los conductores est\u00e1n capacitados para [&hellip;]<\/p>\n","protected":false},"author":1,"featured_media":0,"parent":0,"menu_order":0,"comment_status":"closed","ping_status":"closed","template":"","meta":{"_et_pb_use_builder":"on","_et_pb_old_content":"","_et_gb_content_width":"","footnotes":""},"class_list":["post-243548","page","type-page","status-publish","hentry"],"_links":{"self":[{"href":"https:\/\/www.ncrtd.org\/es\/wp-json\/wp\/v2\/pages\/243548","targetHints":{"allow":["GET"]}}],"collection":[{"href":"https:\/\/www.ncrtd.org\/es\/wp-json\/wp\/v2\/pages"}],"about":[{"href":"https:\/\/www.ncrtd.org\/es\/wp-json\/wp\/v2\/types\/page"}],"author":[{"embeddable":true,"href":"https:\/\/www.ncrtd.org\/es\/wp-json\/wp\/v2\/users\/1"}],"replies":[{"embeddable":true,"href":"https:\/\/www.ncrtd.org\/es\/wp-json\/wp\/v2\/comments?post=243548"}],"version-history":[{"count":1,"href":"https:\/\/www.ncrtd.org\/es\/wp-json\/wp\/v2\/pages\/243548\/revisions"}],"predecessor-version":[{"id":243552,"href":"https:\/\/www.ncrtd.org\/es\/wp-json\/wp\/v2\/pages\/243548\/revisions\/243552"}],"wp:attachment":[{"href":"https:\/\/www.ncrtd.org\/es\/wp-json\/wp\/v2\/media?parent=243548"}],"curies":[{"name":"wp","href":"https:\/\/api.w.org\/{rel}","templated":true}]}}