{"id":243557,"date":"2021-01-04T13:50:50","date_gmt":"2021-01-04T20:50:50","guid":{"rendered":"https:\/\/www.ncrtd.org\/enlaces-utiles\/"},"modified":"2026-05-05T17:57:32","modified_gmt":"2026-05-05T23:57:32","slug":"enlaces-utiles","status":"publish","type":"page","link":"https:\/\/www.ncrtd.org\/es\/enlaces-utiles\/","title":{"rendered":"Enlaces \u00fatiles"},"content":{"rendered":"<p>[et_pb_section fb_built=\u00bb1&#8243; fullwidth=\u00bbon\u00bb _builder_version=\u00bb4.16&#8243; _module_preset=\u00bbcbe6949b-fe83-485f-a967-598203880f36&#8243; width_tablet=\u00bb\u00bb width_phone=\u00bb\u00bb width_last_edited=\u00bbon|desktop\u00bb custom_margin=\u00bb140px||||false|false\u00bb custom_margin_tablet=\u00bb0px||||false|false\u00bb custom_margin_phone=\u00bb\u00bb custom_margin_last_edited=\u00bbon|desktop\u00bb global_colors_info=\u00bb{}\u00bb][et_pb_fullwidth_image src=\u00bbhttps:\/\/www.ncrtd.org\/wp-content\/uploads\/2025\/03\/ncrtd-blue-bus-2023-0930.jpg\u00bb alt=\u00bbCarretera serpenteante de Santa Fe\u00bb title_text=\u00bbncrtd-blue-bus-2023-0930&#8243; disabled_on=\u00bboff|off|off\u00bb admin_label=\u00bbbackground fullwidth image\u00bb _builder_version=\u00bb4.27.5&#8243; _module_preset=\u00bb2215b47f-c514-4736-8638-9febfca886f5&#8243; background_color=\u00bb#FFFFFF\u00bb min_height=\u00bb739.1px\u00bb height_phone=\u00bb723.1px\u00bb custom_margin=\u00bb||-600px||false|false\u00bb disabled=\u00bbon\u00bb global_module=\u00bb3818&#8243; locked=\u00bboff\u00bb global_colors_info=\u00bb{}\u00bb][\/et_pb_fullwidth_image][\/et_pb_section][et_pb_section fb_built=\u00bb1&#8243; specialty=\u00bbon\u00bb padding_1_tablet=\u00bb2em|6%|2em|6%|true|true\u00bb padding_2_tablet=\u00bb2em|6%|2em|6%|true|true\u00bb padding_1_phone=\u00bb2em|8%|2em|8%|true|true\u00bb padding_2_phone=\u00bb2em|8%|2em|8%|true|true\u00bb padding_1_last_edited=\u00bbon|desktop\u00bb padding_2_last_edited=\u00bbon|tablet\u00bb module_id_1=\u00bbsidebar\u00bb module_class_1=\u00bbcontent-sidebar\u00bb module_class_2=\u00bbcontent-main\u00bb _builder_version=\u00bb4.16&#8243; _module_preset=\u00bb49fa2571-fdca-4afb-b157-c44ecc3f4485&#8243; global_colors_info=\u00bb{}\u00bb][et_pb_column type=\u00bb1_4&#8243; _builder_version=\u00bb4.16&#8243; custom_padding=\u00bb|||\u00bb global_colors_info=\u00bb{}\u00bb custom_padding__hover=\u00bb|||\u00bb][et_pb_menu menu_id=\u00bb2&#8243; _builder_version=\u00bb4.16&#8243; _module_preset=\u00bbefd0ba9f-ac50-4f8b-84a6-8e44415a3403&#8243; global_colors_info=\u00bb{}\u00bb][\/et_pb_menu][et_pb_text _builder_version=\u00bb4.23.3&#8243; _module_preset=\u00bba5d3b840-eb6f-4446-9880-fb2e3dcbae61&#8243; global_module=\u00bb2761&#8243; saved_tabs=\u00bball\u00bb global_colors_info=\u00bb{}\u00bb][\/et_pb_text][\/et_pb_column][et_pb_column type=\u00bb3_4&#8243; specialty_columns=\u00bb3&#8243; _builder_version=\u00bb4.16&#8243; custom_padding=\u00bb|||\u00bb global_colors_info=\u00bb{}\u00bb custom_padding__hover=\u00bb|||\u00bb][et_pb_row_inner _builder_version=\u00bb4.16&#8243; _module_preset=\u00bbdefault\u00bb global_colors_info=\u00bb{}\u00bb][et_pb_column_inner saved_specialty_column_type=\u00bb3_4&#8243; _builder_version=\u00bb4.16&#8243; _module_preset=\u00bbdefault\u00bb global_colors_info=\u00bb{}\u00bb][et_pb_text _builder_version=\u00bb4.16&#8243; _module_preset=\u00bbdefault\u00bb global_colors_info=\u00bb{}\u00bb]<\/p>\n<h3>MIEMBROS DE NCRTD<\/h3>\n<table cellspacing=\"1\" cellpadding=\"1\" border=\"0\" style=\"border-color: #ffffff;\">\n<tbody>\n<tr>\n<td style=\"border-color: #ffffff;\">\n<p><a href=\"http:\/\/www.cityofespanola.org\/\" target=\"_blank\" rel=\"noopener\" tabindex=\"0\">Ciudad de Espa\u00f1ola<\/a><\/p>\n<\/td>\n<\/tr>\n<tr>\n<td style=\"border-color: #ffffff;\">\n<p><a href=\"http:\/\/www.santafenm.gov\/\" target=\"_blank\" rel=\"noopener\" tabindex=\"0\">Ciudad de Santa Fe<\/a><\/p>\n<\/td>\n<\/tr>\n<tr>\n<td style=\"border-color: #ffffff;\">\n<p><a href=\"http:\/\/www.edgewood-nm.gov\/\" target=\"_blank\" rel=\"noopener\">Ciudad de Edgewood<\/a><\/p>\n<\/td>\n<\/tr>\n<tr>\n<td style=\"border-color: #ffffff;\">\n<p><a href=\"http:\/\/www.rio-arriba.org\/\" target=\"_blank\" rel=\"noopener\" tabindex=\"0\">Condado de Rio Arriba<\/a><\/p>\n<\/td>\n<\/tr>\n<tr>\n<td style=\"border-color: #ffffff;\">\n<p><a href=\"http:\/\/www.co.santa-fe.nm.us\/\" target=\"_blank\" rel=\"noopener\" tabindex=\"0\">Condado de Santa Fe<\/a><\/p>\n<\/td>\n<\/tr>\n<tr>\n<td style=\"border-color: #ffffff;\">\n<p><a href=\"http:\/\/www.taoscounty.org\/\" target=\"_blank\" rel=\"noopener\" tabindex=\"0\">Condado de Taos<\/a><\/p>\n<\/td>\n<\/tr>\n<tr>\n<td style=\"border-color: #ffffff;\">\n<p><a href=\"https:\/\/www.losalamosnm.us\/\" target=\"_blank\" rel=\"noopener\">Condado de Los Alamos<\/a><\/p>\n<\/td>\n<\/tr>\n<tr>\n<td style=\"border-color: #ffffff;\">\n<p><a href=\"http:\/\/www.taosgov.com\/\" target=\"_blank\" rel=\"noopener\">Ciudad de Taos<\/a><\/p>\n<p><a href=\"http:\/\/www.chamavillage.com\/\" target=\"_blank\" rel=\"noopener\">Villa de Chama<\/a><\/p>\n<p><a href=\"http:\/\/questa-nm.com\/\" target=\"_blank\" rel=\"noopener\">Villa de Questa<\/a><\/p>\n<p><a href=\"https:\/\/www.vtsv.org\/\" target=\"_blank\" rel=\"noopener\">Villa de Taos Ski Valley<\/a><\/p>\n<\/td>\n<\/tr>\n<\/tbody>\n<\/table>\n<p>[\/et_pb_text][et_pb_text _builder_version=\u00bb4.16&#8243; _module_preset=\u00bbdefault\u00bb global_colors_info=\u00bb{}\u00bb]<\/p>\n<h3>NM RAIL RUNNER<\/h3>\n<table style=\"border-color: #ffffff;\">\n<tbody>\n<tr>\n<td style=\"border-color: #ffffff;\">\n<p><a href=\"http:\/\/www.mrcog-nm.gov\/\" target=\"_blank\" rel=\"noopener\" tabindex=\"0\">Consejo de Gobiernos de la Regi\u00f3n Central de NM<\/a><\/p>\n<p><a href=\"http:\/\/riometro.org\/\" target=\"_blank\" rel=\"noopener noreferrer\">Rio Metro<\/a><\/p>\n<\/td>\n<td style=\"border-color: #ffffff;\"><img loading=\"lazy\" decoding=\"async\" src=\"https:\/\/www.ncrtd.org\/wp-content\/uploads\/2021\/01\/Rio-Metro-300x60.jpg\" width=\"300\" height=\"60\" alt=\"Rio Metro\" class=\"wp-image-941 alignnone size-medium\"><\/td>\n<\/tr>\n<\/tbody>\n<\/table>\n<p>&nbsp;<\/p>\n<p>[\/et_pb_text][et_pb_text _builder_version=\u00bb4.27.5&#8243; _module_preset=\u00bbdefault\u00bb hover_enabled=\u00bb0&#8243; global_colors_info=\u00bb{}\u00bb sticky_enabled=\u00bb0&#8243;]<\/p>\n<h3>PROVEEDORES DE TRANSPORTE P\u00daBLICO CONECTADOS CON NCRTD<\/h3>\n<table style=\"border-color: #ffffff;\">\n<tbody>\n<tr>\n<td style=\"border-color: #ffffff;\"><a href=\"https:\/\/www.losalamosnm.us\/government\/departments\/public_works\/atomic_city_transit\/\" target=\"_blank\" rel=\"noopener\">Atomic City Transit \u2013 Los Alamos<\/a><\/td>\n<td style=\"border-color: #ffffff;\"><img loading=\"lazy\" decoding=\"async\" src=\"https:\/\/www.ncrtd.org\/wp-content\/uploads\/2021\/01\/AtomicCityTransitMED.gif\" width=\"150\" height=\"165\" alt=\"AtomicCityTransitMED\" class=\"wp-image-947 alignnone size-full\" style=\"display: block; margin-left: auto; margin-right: auto;\"><\/td>\n<\/tr>\n<tr>\n<td style=\"border-color: #ffffff;\"><a href=\"http:\/\/dot.state.nm.us\/content\/nmdot\/en\/Park_and_Ride.html\" target=\"_blank\" rel=\"noopener\" tabindex=\"0\">Aparcamiento y viaje compartido de Nuevo M\u00e9xico<\/a><\/td>\n<td style=\"border-color: #ffffff;\"><img loading=\"lazy\" decoding=\"async\" src=\"https:\/\/www.ncrtd.org\/wp-content\/uploads\/2021\/01\/NMPNRlogoFIN2.gif\" width=\"262\" height=\"262\" alt=\"Aparcamiento y viaje compartido de NMDOT\" class=\"wp-image-948 alignnone size-full\" style=\"display: block; margin-left: auto; margin-right: auto;\"><\/td>\n<\/tr>\n<tr>\n<td style=\"border-color: #ffffff;\"><a href=\"http:\/\/www.santafenm.gov\/index.aspx?NID=498\" target=\"_blank\" rel=\"noopener\" tabindex=\"0\">Santa Fe Trails<\/a><\/td>\n<td style=\"border-color: #ffffff;\"><img loading=\"lazy\" decoding=\"async\" src=\"https:\/\/www.ncrtd.org\/wp-content\/uploads\/2021\/01\/final-SFT-logo-jpg-300x157.jpg\" width=\"300\" height=\"157\" alt=\"Santa Fe Trails\" class=\"wp-image-949 alignnone size-medium\" style=\"display: block; margin-left: auto; margin-right: auto;\"><\/td>\n<\/tr>\n<tr>\n<td style=\"border-color: #ffffff;\"><a href=\"http:\/\/www.redriver.org\/public-transit\" target=\"_blank\" rel=\"noopener\">Red River Miner&#8217;s Transit<\/a><\/td>\n<td style=\"border-color: #ffffff;\"><img loading=\"lazy\" decoding=\"async\" src=\"https:\/\/www.ncrtd.org\/wp-content\/uploads\/2021\/01\/public-transit-300x196.jpg\" width=\"300\" height=\"196\" alt=\"Transporte p\u00fablico\" class=\"wp-image-950 alignnone size-medium\" style=\"display: block; margin-left: auto; margin-right: auto;\" srcset=\"https:\/\/www.ncrtd.org\/wp-content\/uploads\/2021\/01\/public-transit-300x196.jpg 300w, https:\/\/www.ncrtd.org\/wp-content\/uploads\/2021\/01\/public-transit.jpg 342w\" sizes=\"(max-width: 300px) 100vw, 300px\" \/><\/td>\n<\/tr>\n<tr>\n<td style=\"border-color: #ffffff;\"><a href=\"http:\/\/www.lasvegasnm.gov\/community\/meadow_city_express\/index.php\" target=\"_blank\" rel=\"noopener\">Las Vegas Meadow City Express<\/a><\/td>\n<td style=\"border-color: #ffffff;\"><img loading=\"lazy\" decoding=\"async\" src=\"https:\/\/www.ncrtd.org\/wp-content\/uploads\/2021\/01\/download.png\" width=\"238\" height=\"212\" alt=\"Ciudad de Las Vegas MCE\" class=\"wp-image-951 alignnone size-full\" style=\"display: block; margin-left: auto; margin-right: auto;\"><\/td>\n<\/tr>\n<\/tbody>\n<\/table>\n<p><a href=\"https:\/\/www.nmdvs.org\/rural-veterans-transportation-program\/\">Departamento de Servicios para Veteranos de Nuevo M\u00e9xico<\/a>                                                                                                                               <img decoding=\"async\" src=\"https:\/\/www.nmdvs.org\/wp-content\/uploads\/2018\/06\/NM-Department-of-Veteran-Services-logo.png\"><\/p>\n<p>[\/et_pb_text][et_pb_text _builder_version=\u00bb4.24.0&#8243; _module_preset=\u00bbdefault\u00bb global_colors_info=\u00bb{}\u00bb]<\/p>\n<h3>SERVICIOS PARA VIAJEROS<\/h3>\n<table cellspacing=\"1\" cellpadding=\"1\" border=\"0\" style=\"border-color: #ffffff;\">\n<tbody>\n<tr>\n<td style=\"border-color: #ffffff;\"><a href=\"http:\/\/www.santafechamber.com\/\" target=\"_blank\" rel=\"noopener\">C\u00e1mara de Comercio de Santa Fe<\/a><\/td>\n<\/tr>\n<tr>\n<td style=\"border-color: #ffffff;\"><a href=\"http:\/\/santafe.org\/\" target=\"_blank\" rel=\"noopener\">Oficina de Convenciones y Visitantes de Santa Fe<\/a><\/td>\n<\/tr>\n<tr>\n<td style=\"border-color: #ffffff;\"><a href=\"http:\/\/www.taoschamber.com\/Visitor-Info\" target=\"_blank\" rel=\"noopener\">C\u00e1mara de Comercio de Taos<\/a><\/td>\n<\/tr>\n<tr>\n<td style=\"border-color: #ffffff;\"><a href=\"http:\/\/taos.org\/visitor-center\" target=\"_blank\" rel=\"noopener\">Centro de Visitantes de Taos<\/a><\/td>\n<\/tr>\n<tr>\n<td style=\"border-color: #ffffff;\"><a href=\"http:\/\/www.losalamoschamber.com\/\" target=\"_blank\" rel=\"noopener\">C\u00e1mara de Comercio de Los Alamos<\/a><\/td>\n<\/tr>\n<tr>\n<td style=\"border-color: #ffffff;\"><a href=\"http:\/\/www.espanolanmchamber.com\/\" target=\"_blank\" rel=\"noopener\">C\u00e1mara de Comercio de Espa\u00f1ola<\/a><\/td>\n<\/tr>\n<tr>\n<td style=\"border-color: #ffffff;\"><a href=\"http:\/\/edgewoodchambernm.com\/\" target=\"_blank\" rel=\"noopener\">C\u00e1mara de Comercio de Edgewood<\/a><\/td>\n<\/tr>\n<tr>\n<td style=\"border-color: #ffffff;\"><a href=\"http:\/\/www.chamavalley.com\/\" target=\"_blank\" rel=\"noopener\">C\u00e1mara de Comercio de Chama<\/a><\/td>\n<\/tr>\n<tr>\n<td style=\"border-color: #ffffff;\">\n<p><a title=\"Enlace permanente a 8 viajeros en silla de ruedas comparten c\u00f3mo hacen las maletas y viajan por todo el mundo\" href=\"https:\/\/mightygoods.com\/wheelchair-travelers\/\" rel=\"bookmark noopener\" target=\"_blank\">8 viajeros en silla de ruedas comparten c\u00f3mo hacen las maletas y viajan por todo el mundo<\/a><\/p>\n<p><a href=\"https:\/\/www.ncoa.org\/adviser\/medical-alert-systems\/mobility-friendly-travel-guide\/\" target=\"_blank\" rel=\"noopener\">Gu\u00eda de viajes accesibles del Consejo Nacional sobre el Envejecimiento<\/a><\/p>\n<\/td>\n<\/tr>\n<\/tbody>\n<\/table>\n<table style=\"border-color: #ffffff;\">\n<tbody>\n<tr>\n<td style=\"border-color: #ffffff;\">\n<p><a href=\"http:\/\/santafeselection.com\/home.php\" target=\"_blank\" rel=\"noopener\">Gu\u00eda de viajes y conserjer\u00eda Santa Fe Selection<\/a><\/p>\n<p>Santa Fe Selection es la conexi\u00f3n local de los viajeros con el aut\u00e9ntico Santa Fe. Asistencia y asesoramiento gratuitos para planificar tu viaje. Adem\u00e1s, un sitio web f\u00e1cil de usar y compatible con dispositivos m\u00f3viles con mapas e informaci\u00f3n \u00fatil para visitantes.  <\/p>\n<\/td>\n<td style=\"border-color: #ffffff;\"><img loading=\"lazy\" decoding=\"async\" src=\"https:\/\/www.ncrtd.org\/wp-content\/uploads\/2021\/01\/logo.png\" width=\"253\" height=\"186\" alt=\"Santa Fe Selection\" class=\"wp-image-954 alignnone size-full\"><\/td>\n<\/tr>\n<\/tbody>\n<\/table>\n<p>[\/et_pb_text][et_pb_text _builder_version=\u00bb4.16&#8243; _module_preset=\u00bbdefault\u00bb global_colors_info=\u00bb{}\u00bb]<\/p>\n<h3>ASOCIACIONES DE TRANSPORTE<\/h3>\n<table cellspacing=\"1\" cellpadding=\"1\" border=\"0\" style=\"border-color: #ffffff;\">\n<tbody>\n<tr>\n<td style=\"border-color: #ffffff;\"><a href=\"http:\/\/www.apta.com\/Pages\/default.aspx\" target=\"_blank\" rel=\"noopener\" tabindex=\"0\">Asociaci\u00f3n Estadounidense de Transporte P\u00fablico<\/a><\/td>\n<\/tr>\n<tr>\n<td style=\"border-color: #ffffff;\"><a href=\"http:\/\/web1.ctaa.org\/webmodules\/webarticles\/anmviewer.asp?a=23&amp;z=2\" target=\"_blank\" rel=\"noopener\" tabindex=\"0\">Asociaci\u00f3n de Transporte Comunitario de Am\u00e9rica<\/a><\/td>\n<\/tr>\n<tr>\n<td style=\"border-color: #ffffff;\"><a href=\"http:\/\/www.nmpta.com\/\" target=\"_blank\" rel=\"noopener\" tabindex=\"0\">Asociaci\u00f3n de Transporte P\u00fablico de NM<\/a><\/td>\n<\/tr>\n<tr>\n<td style=\"border-color: #ffffff;\"><a href=\"http:\/\/www.transact.org\/\" target=\"_blank\" rel=\"noopener\" tabindex=\"0\">Alianza de Pol\u00edticas de Transporte Terrestre<\/a><\/td>\n<\/tr>\n<tr>\n<td style=\"border-color: #ffffff;\"><a href=\"http:\/\/www.swta.org\/\" target=\"_blank\" rel=\"noopener\">Asociaci\u00f3n de Transporte del Suroeste<\/a><\/td>\n<\/tr>\n<\/tbody>\n<\/table>\n<p>[\/et_pb_text][\/et_pb_column_inner][\/et_pb_row_inner][\/et_pb_column][\/et_pb_section]<\/p>\n","protected":false},"excerpt":{"rendered":"<p>MIEMBROS DE NCRTD Ciudad de Espa\u00f1ola Ciudad de Santa Fe Ciudad de Edgewood Condado de Rio Arriba Condado de Santa Fe Condado de Taos Condado de Los Alamos Ciudad de Taos Villa de Chama Villa de Questa Villa de Taos Ski Valley NM RAIL RUNNER Consejo de Gobiernos de la Regi\u00f3n Central de NM Rio [&hellip;]<\/p>\n","protected":false},"author":1,"featured_media":0,"parent":0,"menu_order":0,"comment_status":"closed","ping_status":"closed","template":"","meta":{"_et_pb_use_builder":"on","_et_pb_old_content":"","_et_gb_content_width":"","footnotes":""},"class_list":["post-243557","page","type-page","status-publish","hentry"],"_links":{"self":[{"href":"https:\/\/www.ncrtd.org\/es\/wp-json\/wp\/v2\/pages\/243557","targetHints":{"allow":["GET"]}}],"collection":[{"href":"https:\/\/www.ncrtd.org\/es\/wp-json\/wp\/v2\/pages"}],"about":[{"href":"https:\/\/www.ncrtd.org\/es\/wp-json\/wp\/v2\/types\/page"}],"author":[{"embeddable":true,"href":"https:\/\/www.ncrtd.org\/es\/wp-json\/wp\/v2\/users\/1"}],"replies":[{"embeddable":true,"href":"https:\/\/www.ncrtd.org\/es\/wp-json\/wp\/v2\/comments?post=243557"}],"version-history":[{"count":6,"href":"https:\/\/www.ncrtd.org\/es\/wp-json\/wp\/v2\/pages\/243557\/revisions"}],"predecessor-version":[{"id":243578,"href":"https:\/\/www.ncrtd.org\/es\/wp-json\/wp\/v2\/pages\/243557\/revisions\/243578"}],"wp:attachment":[{"href":"https:\/\/www.ncrtd.org\/es\/wp-json\/wp\/v2\/media?parent=243557"}],"curies":[{"name":"wp","href":"https:\/\/api.w.org\/{rel}","templated":true}]}}