{"id":243607,"date":"2024-01-19T11:30:17","date_gmt":"2024-01-19T18:30:17","guid":{"rendered":"https:\/\/www.ncrtd.org\/todas-las-rutas\/200-santa-fe\/"},"modified":"2026-05-05T17:58:00","modified_gmt":"2026-05-05T23:58:00","slug":"200-santa-fe","status":"publish","type":"page","link":"https:\/\/www.ncrtd.org\/es\/todas-las-rutas\/200-santa-fe\/","title":{"rendered":"200 Santa Fe"},"content":{"rendered":"<p>[et_pb_section fb_built=\u00bb1&#8243; fullwidth=\u00bbon\u00bb _builder_version=\u00bb4.16&#8243; _module_preset=\u00bbcbe6949b-fe83-485f-a967-598203880f36&#8243; width_tablet=\u00bb\u00bb width_phone=\u00bb\u00bb width_last_edited=\u00bbon|desktop\u00bb custom_margin=\u00bb140px||||false|false\u00bb custom_margin_tablet=\u00bb0px||||false|false\u00bb custom_margin_phone=\u00bb\u00bb custom_margin_last_edited=\u00bbon|desktop\u00bb global_colors_info=\u00bb{}\u00bb][et_pb_fullwidth_image src=\u00bbhttps:\/\/www.ncrtd.org\/wp-content\/uploads\/2025\/03\/ncrtd-blue-bus-2023-0930.jpg\u00bb alt=\u00bbCarretera sinuosa de Santa Fe\u00bb title_text=\u00bbncrtd-blue-bus-2023-0930&#8243; disabled_on=\u00bboff|off|off\u00bb admin_label=\u00bbbackground fullwidth image\u00bb _builder_version=\u00bb4.27.6&#8243; _module_preset=\u00bb2215b47f-c514-4736-8638-9febfca886f5&#8243; background_color=\u00bbRGBA(255,255,255,0)\u00bb min_height=\u00bb739.1px\u00bb height_phone=\u00bb723.1px\u00bb custom_margin=\u00bb||-600px||false|false\u00bb global_module=\u00bb3818&#8243; locked=\u00bboff\u00bb global_colors_info=\u00bb{}\u00bb][\/et_pb_fullwidth_image][\/et_pb_section][et_pb_section fb_built=\u00bb1&#8243; specialty=\u00bbon\u00bb padding_1_tablet=\u00bb2em|6%|2em|6%|true|true\u00bb padding_2_tablet=\u00bb2em|6%|2em|6%|true|true\u00bb padding_1_phone=\u00bb2em|8%|2em|8%|true|true\u00bb padding_2_phone=\u00bb2em|8%|2em|8%|true|true\u00bb padding_1_last_edited=\u00bbon|desktop\u00bb padding_2_last_edited=\u00bbon|tablet\u00bb module_id_1=\u00bbsidebar\u00bb module_class_1=\u00bbcontent-sidebar\u00bb module_class_2=\u00bbcontent-main\u00bb _builder_version=\u00bb4.16&#8243; _module_preset=\u00bb49fa2571-fdca-4afb-b157-c44ecc3f4485&#8243; global_colors_info=\u00bb{}\u00bb][et_pb_column type=\u00bb1_4&#8243; _builder_version=\u00bb4.16&#8243; custom_padding=\u00bb|||\u00bb global_colors_info=\u00bb{}\u00bb custom_padding__hover=\u00bb|||\u00bb][et_pb_menu menu_id=\u00bb2&#8243; _builder_version=\u00bb4.16&#8243; _module_preset=\u00bbefd0ba9f-ac50-4f8b-84a6-8e44415a3403&#8243; global_colors_info=\u00bb{}\u00bb][\/et_pb_menu][\/et_pb_column][et_pb_column type=\u00bb3_4&#8243; specialty_columns=\u00bb3&#8243; _builder_version=\u00bb4.16&#8243; custom_padding=\u00bb|||\u00bb global_colors_info=\u00bb{}\u00bb custom_padding__hover=\u00bb|||\u00bb][et_pb_row_inner admin_label=\u00bbRoute Snapshot\u00bb _builder_version=\u00bb4.27.5&#8243; _module_preset=\u00bbdefault\u00bb global_colors_info=\u00bb{}\u00bb][et_pb_column_inner saved_specialty_column_type=\u00bb3_4&#8243; _builder_version=\u00bb4.21.0&#8243; _module_preset=\u00bbdefault\u00bb global_colors_info=\u00bb{}\u00bb][et_pb_text _builder_version=\u00bb4.27.4&#8243; _module_preset=\u00bbdefault\u00bb global_colors_info=\u00bb{}\u00bb]<\/p>\n<p><span>La ruta 200 Santa Fe ofrece un servicio gratuito de lunes a viernes entre Santa Fe y Espa\u00f1ola.<\/span><\/p>\n<p><span><br \/>Conecta con la 300 Taos por la ma\u00f1ana y por la tarde sin cambiar de autob\u00fas.<\/span><\/p>\n<p>[\/et_pb_text][\/et_pb_column_inner][\/et_pb_row_inner][et_pb_row_inner admin_label=\u00bbAlerts\u00bb _builder_version=\u00bb4.27.5&#8243; _module_preset=\u00bbdefault\u00bb global_colors_info=\u00bb{}\u00bb][et_pb_column_inner saved_specialty_column_type=\u00bb3_4&#8243; _builder_version=\u00bb4.27.5&#8243; _module_preset=\u00bbdefault\u00bb global_colors_info=\u00bb{}\u00bb][et_pb_text disabled_on=\u00bbon|on|on\u00bb _builder_version=\u00bb4.27.4&#8243; _module_preset=\u00bbdefault\u00bb disabled=\u00bbon\u00bb global_colors_info=\u00bb{}\u00bb]<\/p>\n<p><span style=\"color: #ff0000;\">En vigor el lunes 24 de marzo de 2025:<\/span><span><span style=\"color: #ff0000;\"> <\/span>Debido al Proyecto de Reconstrucci\u00f3n de Guadalupe Street, el centro de tr\u00e1nsito temporal en Alameda permanecer\u00e1 cerrado temporalmente a partir del 24 de marzo y hasta nuevo aviso. Utiliza la parada del Capitolio Estatal (antiguo edificio de PERA) para las recogidas y las bajadas. El uso de esta parada no afectar\u00e1 a los horarios de llegada ni de salida.<\/span><\/p>\n<p><span><img loading=\"lazy\" decoding=\"async\" src=\"https:\/\/www.ncrtd.org\/wp-content\/uploads\/2025\/03\/Guadalupe-St-Reconstruction_Directions-to-Capitol-Lot-300x194.png\" width=\"300\" height=\"194\" alt=\"\" class=\"wp-image-240905 aligncenter size-medium\"><\/span><\/p>\n<p>[\/et_pb_text][et_pb_text _builder_version=\u00bb4.27.4&#8243; _module_preset=\u00bbdefault\u00bb global_colors_info=\u00bb{}\u00bb]<\/p>\n<p><strong>Aviso:<\/strong> La parada de autob\u00fas de North Central RTD situada en el Downtown Transit Center de Sheridan Ave, parada 130, se ha trasladado temporalmente desde el jueves 22 de agosto y hasta nuevo aviso debido a las obras.<\/p>\n<p>Ten en cuenta que la parada de autob\u00fas de Sheridan Ave se ha trasladado a West Alameda St., entre Guadalupe St. y Sandoval St., hasta nuevo aviso.<\/p>\n<p><img loading=\"lazy\" decoding=\"async\" src=\"https:\/\/www.ncrtd.org\/wp-content\/uploads\/2024\/09\/Sheridan-Ave-Closure-Week-of-Aug-26-2024-300x232.png\" width=\"300\" height=\"232\" alt=\"\" class=\"wp-image-240175 alignnone size-medium\" style=\"display: block; margin-left: auto; margin-right: auto;\"><\/p>\n<p>[\/et_pb_text][\/et_pb_column_inner][\/et_pb_row_inner][et_pb_row_inner column_structure=\u00bb1_2,1_2&#8243; admin_label=\u00bbRoute Description\u00bb _builder_version=\u00bb4.27.5&#8243; _module_preset=\u00bbdefault\u00bb global_colors_info=\u00bb{}\u00bb][et_pb_column_inner type=\u00bb1_2&#8243; saved_specialty_column_type=\u00bb3_4&#8243; _builder_version=\u00bb4.21.0&#8243; _module_preset=\u00bbdefault\u00bb global_colors_info=\u00bb{}\u00bb][et_pb_text _builder_version=\u00bb4.24.0&#8243; _module_preset=\u00bbdefault\u00bb global_colors_info=\u00bb{}\u00bb]<\/p>\n<h3>Paradas principales<\/h3>\n<p>Santa Fe<br \/>Pueblo de Tesuque<br \/>Pojoaque Pueblo<br \/>Espa\u00f1ola<\/p>\n<p>[\/et_pb_text][\/et_pb_column_inner][et_pb_column_inner type=\u00bb1_2&#8243; saved_specialty_column_type=\u00bb3_4&#8243; _builder_version=\u00bb4.21.0&#8243; _module_preset=\u00bbdefault\u00bb global_colors_info=\u00bb{}\u00bb][et_pb_text _builder_version=\u00bb4.24.0&#8243; _module_preset=\u00bbdefault\u00bb global_colors_info=\u00bb{}\u00bb]<\/p>\n<h3>Gratuito<\/h3>\n<p>La ruta 200 Santa Fe ofrece un servicio gratuito de lunes a viernes, excepto festivos.<\/p>\n<p>[\/et_pb_text][\/et_pb_column_inner][\/et_pb_row_inner][et_pb_row_inner admin_label=\u00bbTimetable header\u00bb _builder_version=\u00bb4.27.5&#8243; _module_preset=\u00bbdefault\u00bb global_colors_info=\u00bb{}\u00bb][et_pb_column_inner saved_specialty_column_type=\u00bb3_4&#8243; _builder_version=\u00bb4.27.4&#8243; _module_preset=\u00bbdefault\u00bb global_colors_info=\u00bb{}\u00bb][et_pb_text _builder_version=\u00bb4.27.5&#8243; _module_preset=\u00bbdefault\u00bb global_colors_info=\u00bb{}\u00bb]<\/p>\n<h3>Horario de la ruta<\/h3>\n<p>[\/et_pb_text][et_pb_text disabled_on=\u00bbon|on|on\u00bb admin_label=\u00bbSchedule Error Notice\u00bb _builder_version=\u00bb4.27.6&#8243; _module_preset=\u00bbdefault\u00bb text_text_color=\u00bb#FFFFFF\u00bb background_color=\u00bb#00A3E3&#8243; custom_margin=\u00bb10px|10px|10px|10px|false|false\u00bb custom_padding=\u00bb10px|10px|10px|10px|false|false\u00bb box_shadow_style=\u00bbpreset1&#8243; disabled=\u00bbon\u00bb global_colors_info=\u00bb{}\u00bb]<\/p>\n<p>\u26a0\ufe0f Estamos teniendo un error con nuestro horario digital. Consulta el horario impreso para ver la hora de salida correcta. Estamos trabajando activamente para corregirlo. Gracias por tu paciencia.   <\/p>\n<p>[\/et_pb_text][\/et_pb_column_inner][\/et_pb_row_inner][et_pb_row_inner admin_label=\u00bbTimetable code\u00bb _builder_version=\u00bb4.27.5&#8243; _module_preset=\u00bbdefault\u00bb global_colors_info=\u00bb{}\u00bb][et_pb_column_inner saved_specialty_column_type=\u00bb3_4&#8243; _builder_version=\u00bb4.27.4&#8243; _module_preset=\u00bbdefault\u00bb global_colors_info=\u00bb{}\u00bb][et_pb_code disabled_on=\u00bboff|off|off\u00bb _builder_version=\u00bb4.27.5&#8243; _module_preset=\u00bbdefault\u00bb global_colors_info=\u00bb{}\u00bb]<iframetitle timetable=\"\"><!-- [et_pb_line_break_holder] --><!-- [et_pb_line_break_holder] --><scriptsrc><!-- [et_pb_line_break_holder] --><\/scriptsrc><\/iframetitle>[\/et_pb_code][\/et_pb_column_inner][\/et_pb_row_inner][et_pb_row_inner column_structure=\u00bb1_2,1_2&#8243; admin_label=\u00bbLinks to pdf and bus tracking\u00bb _builder_version=\u00bb4.27.6&#8243; _module_preset=\u00bbdefault\u00bb custom_padding=\u00bb20px||20px||false|false\u00bb global_colors_info=\u00bb{}\u00bb][et_pb_column_inner type=\u00bb1_2&#8243; saved_specialty_column_type=\u00bb3_4&#8243; _builder_version=\u00bb4.23.4&#8243; _module_preset=\u00bbdefault\u00bb global_colors_info=\u00bb{}\u00bb][et_pb_button button_url=\u00bbhttps:\/\/www.ncrtd.org\/wp-content\/uploads\/2026\/04\/300-200_Santa-Fe-to-Taos_2026-04-27.pdf\u00bb button_text=\u00bbImprimir folleto de la ruta (PDF)\u00bb button_alignment=\u00bbcenter\u00bb _builder_version=\u00bb4.27.6&#8243; _module_preset=\u00bbdefault\u00bb custom_margin=\u00bb10px||10px||false|false\u00bb global_colors_info=\u00bb{}\u00bb][\/et_pb_button][\/et_pb_column_inner][et_pb_column_inner type=\u00bb1_2&#8243; saved_specialty_column_type=\u00bb3_4&#8243; _builder_version=\u00bb4.21.0&#8243; _module_preset=\u00bbdefault\u00bb global_colors_info=\u00bb{}\u00bb][et_pb_button button_url=\u00bbhttps:\/\/bluebustracker.availtec.com\/infopoint?fullscreen=false&amp;map%5Bfilter%5D%5Broutes%5D=true&amp;map%5Bfilter%5D%5Bstops%5D=true&amp;map%5Bfilter%5D%5Bbuses%5D=true&amp;messages%5Bactive%5D=false&amp;messages%5Bfilter%5D=false&amp;routes%5Bselected%5D=200&amp;routes%5Bsearch%5D=&amp;stops%5Bactive%5D=false&amp;stops%5Bsearch%5D=\u00bb url_new_window=\u00bbon\u00bb button_text=\u00bbSigue el Blue Bus\u00bb button_alignment=\u00bbcenter\u00bb _builder_version=\u00bb4.24.0&#8243; _module_preset=\u00bbdefault\u00bb custom_margin=\u00bb10px||10px||false|false\u00bb global_colors_info=\u00bb{}\u00bb][\/et_pb_button][\/et_pb_column_inner][\/et_pb_row_inner][et_pb_row_inner admin_label=\u00bbRoute Map\u00bb _builder_version=\u00bb4.27.5&#8243; _module_preset=\u00bbdefault\u00bb custom_margin=\u00bb20px||20px||false|false\u00bb global_colors_info=\u00bb{}\u00bb][et_pb_column_inner saved_specialty_column_type=\u00bb3_4&#8243; _builder_version=\u00bb4.27.4&#8243; _module_preset=\u00bbdefault\u00bb global_colors_info=\u00bb{}\u00bb][et_pb_text _builder_version=\u00bb4.27.4&#8243; _module_preset=\u00bbdefault\u00bb global_colors_info=\u00bb{}\u00bb]<\/p>\n<h3>Mapa de la ruta<\/h3>\n<p>[\/et_pb_text][et_pb_code _builder_version=\u00bb4.27.5&#8243; _module_preset=\u00bbdefault\u00bb global_colors_info=\u00bb{}\u00bb]<iframetitle=\"Route Map\"src=\"https:\/\/app.ride.guide\/map\/bluebus-nm-us?routeId=200\"style=\"border:0;width:100%;height:800px\"referrerpolicy=\"no-referrer-when-downgrade\"allowfullscreen=\"true\"allow=\"geolocation\"><!-- [et_pb_line_break_holder] --><\/iframe>[\/et_pb_code][\/et_pb_column_inner][\/et_pb_row_inner][et_pb_row_inner admin_label=\u00bbConnections\u00bb _builder_version=\u00bb4.27.4&#8243; _module_preset=\u00bbdefault\u00bb custom_margin=\u00bb10px||10px||false|false\u00bb global_colors_info=\u00bb{}\u00bb][et_pb_column_inner saved_specialty_column_type=\u00bb3_4&#8243; _builder_version=\u00bb4.27.4&#8243; _module_preset=\u00bbdefault\u00bb global_colors_info=\u00bb{}\u00bb][et_pb_text admin_label=\u00bbtitle\u00bb _builder_version=\u00bb4.27.4&#8243; _module_preset=\u00bbdefault\u00bb global_colors_info=\u00bb{}\u00bb]<\/p>\n<h3>\u00bfNecesitas servicio m\u00e1s all\u00e1 de esta ruta?<\/h3>\n<p>[\/et_pb_text][et_pb_text admin_label=\u00bblist of connections\u00bb _builder_version=\u00bb4.27.6&#8243; _module_preset=\u00bbdefault\u00bb global_colors_info=\u00bb{}\u00bb]<\/p>\n<p>A las zonas no atendidas directamente por esta ruta se puede acceder mediante nuestro servicio <a href=\"https:\/\/www.ncrtd.org\/es\/myblue-viajes-compartidos-de-north-central-rtd\/\">MyBlue\u2122 On-Demand<\/a> en la Zona de Espa\u00f1ola.<\/p>\n<p>Conecta con socios de transporte regional:<\/p>\n<ul>\n<li><a href=\"https:\/\/santafenm.gov\/public-works\/transit\/santa-fe-trails\" target=\"_blank\" rel=\"noopener\" role=\"link\" aria-label=\"City of Santa Fe \u2013 Santa Fe Trails (opens in a new tab)\">Ciudad de Santa Fe \u2013 Santa Fe Trails<\/a><\/li>\n<li><a href=\"https:\/\/santafenm.gov\/public-works\/transit\/santa-fe-ride-programs\" target=\"_blank\" rel=\"noopener\" role=\"link\" aria-label=\"City of Santa Fe \u2013 Santa Fe Ride (opens in a new tab)\">Ciudad de Santa Fe \u2013 Santa Fe Ride<\/a><\/li>\n<li><span data-contrast=\"auto\" xml:lang=\"EN-US\" lang=\"EN-US\" class=\"TextRun SCXW248368739 BCX8\"><span class=\"NormalTextRun SCXW248368739 BCX8\"><a href=\"https:\/\/www.dot.nm.gov\/travel-information\/park-and-ride-bus-shuttle-service\/\" target=\"_blank\" rel=\"noopener\">NMDOT &#8211; Park and Ride<\/a><\/span><\/span><\/li>\n<li><a href=\"https:\/\/www.riometro.org\/184\/Train\" target=\"_blank\" rel=\"noopener\"><span data-contrast=\"auto\" xml:lang=\"EN-US\" lang=\"EN-US\" class=\"TextRun SCXW248368739 BCX8\"><span class=\"NormalTextRun SCXW248368739 BCX8\">Rio Metro &#8211; New Mexico Rail Runner Express<\/span><\/span><\/a><\/li>\n<\/ul>\n<p>[\/et_pb_text][et_pb_text _builder_version=\u00bb4.27.6&#8243; _module_preset=\u00bbdefault\u00bb global_colors_info=\u00bb{}\u00bb]<\/p>\n<p><span data-contrast=\"auto\" xml:lang=\"EN-US\" lang=\"EN-US\" class=\"TextRun SCXW248368739 BCX8\"><span class=\"NormalTextRun SCXW248368739 BCX8\">Viaja entre Santa Fe y el <a href=\"https:\/\/www.abqsunport.com\/ground-transportation\/\" target=\"_blank\" rel=\"noopener\">Albuquerque International Sunport<\/a> tomando el Blue Bus hasta una estaci\u00f3n de Rail Runner en Santa Fe, viajando en tren hasta Albuquerque\/Bernalillo y, despu\u00e9s, haciendo transbordo a <a href=\"https:\/\/www.cabq.gov\/transit\/routes-and-schedules\" target=\"_blank\" rel=\"noopener\">ABQ Ride<\/a> o al <a href=\"https:\/\/www.riometro.org\/475\/Rio-Metro-Dial-a-Ride-Commuter-222\" target=\"_blank\" rel=\"noopener\">Dial-a-Ride de Rio Metro<\/a>. Consulta los horarios para planificar los tiempos.<\/span><\/span><\/p>\n<p>[\/et_pb_text][\/et_pb_column_inner][\/et_pb_row_inner][et_pb_row_inner column_structure=\u00bb1_3,1_3,1_3&#8243; _builder_version=\u00bb4.27.4&#8243; _module_preset=\u00bbdefault\u00bb custom_margin=\u00bb10px||10px||false|false\u00bb global_colors_info=\u00bb{}\u00bb][et_pb_column_inner type=\u00bb1_3&#8243; saved_specialty_column_type=\u00bb3_4&#8243; _builder_version=\u00bb4.27.4&#8243; _module_preset=\u00bbdefault\u00bb global_colors_info=\u00bb{}\u00bb][et_pb_button button_url=\u00bbhttps:\/\/www.ncrtd.org\/es\/contacto\/\u00bb button_text=\u00bbContacta con nosotros para ayudarte con tu viaje\u00bb button_alignment=\u00bbcenter\u00bb admin_label=\u00bbtrip planning\u00bb _builder_version=\u00bb4.27.4&#8243; _module_preset=\u00bbdefault\u00bb custom_margin=\u00bb10px|10px|10px|10px|false|false\u00bb global_colors_info=\u00bb{}\u00bb][\/et_pb_button][\/et_pb_column_inner][et_pb_column_inner type=\u00bb1_3&#8243; saved_specialty_column_type=\u00bb3_4&#8243; _builder_version=\u00bb4.27.4&#8243; _module_preset=\u00bbdefault\u00bb global_colors_info=\u00bb{}\u00bb][et_pb_button button_url=\u00bbhttps:\/\/www.ncrtd.org\/services\/how-do-i\/\u00bb button_text=\u00bb\u00bfEs tu primera vez en el autob\u00fas? Empieza aqu\u00ed\u00bb button_alignment=\u00bbcenter\u00bb admin_label=\u00bbhow to ride\u00bb _builder_version=\u00bb4.27.4&#8243; _module_preset=\u00bbdefault\u00bb custom_margin=\u00bb10px|10px|10px|10px|false|false\u00bb global_colors_info=\u00bb{}\u00bb][\/et_pb_button][\/et_pb_column_inner][et_pb_column_inner type=\u00bb1_3&#8243; saved_specialty_column_type=\u00bb3_4&#8243; _builder_version=\u00bb4.27.4&#8243; _module_preset=\u00bbdefault\u00bb global_colors_info=\u00bb{}\u00bb][et_pb_button button_url=\u00bbhttps:\/\/bluebustracker.availtec.com\/infopoint?fullscreen=false&amp;map%5Bfilter%5D%5Broutes%5D=true&amp;map%5Bfilter%5D%5Bstops%5D=true&amp;map%5Bfilter%5D%5Bbuses%5D=true&amp;messages%5Bactive%5D=false&amp;messages%5Bfilter%5D=false&amp;routes%5Bselected%5D=&amp;routes%5Bsearch%5D=&amp;stops%5Bactive%5D=false&amp;stops%5Bsearch%5D=\u00bb url_new_window=\u00bbon\u00bb button_text=\u00bbSigue el Blue Bus en tiempo real\u00bb button_alignment=\u00bbcenter\u00bb admin_label=\u00bbreal time tracking\u00bb _builder_version=\u00bb4.27.5&#8243; _module_preset=\u00bbdefault\u00bb custom_margin=\u00bb10px||10px||false|false\u00bb global_colors_info=\u00bb{}\u00bb][\/et_pb_button][\/et_pb_column_inner][\/et_pb_row_inner][\/et_pb_column][\/et_pb_section]<\/p>\n","protected":false},"excerpt":{"rendered":"<p>La ruta 200 Santa Fe ofrece un servicio gratuito de lunes a viernes entre Santa Fe y Espa\u00f1ola. Conecta con la 300 Taos por la ma\u00f1ana y por la tarde sin cambiar de autob\u00fas.En vigor el lunes 24 de marzo de 2025: Debido al Proyecto de Reconstrucci\u00f3n de Guadalupe Street, el centro de tr\u00e1nsito temporal [&hellip;]<\/p>\n","protected":false},"author":7,"featured_media":0,"parent":243495,"menu_order":0,"comment_status":"closed","ping_status":"closed","template":"","meta":{"_et_pb_use_builder":"on","_et_pb_old_content":"","_et_gb_content_width":"","footnotes":""},"class_list":["post-243607","page","type-page","status-publish","hentry"],"_links":{"self":[{"href":"https:\/\/www.ncrtd.org\/es\/wp-json\/wp\/v2\/pages\/243607","targetHints":{"allow":["GET"]}}],"collection":[{"href":"https:\/\/www.ncrtd.org\/es\/wp-json\/wp\/v2\/pages"}],"about":[{"href":"https:\/\/www.ncrtd.org\/es\/wp-json\/wp\/v2\/types\/page"}],"author":[{"embeddable":true,"href":"https:\/\/www.ncrtd.org\/es\/wp-json\/wp\/v2\/users\/7"}],"replies":[{"embeddable":true,"href":"https:\/\/www.ncrtd.org\/es\/wp-json\/wp\/v2\/comments?post=243607"}],"version-history":[{"count":1,"href":"https:\/\/www.ncrtd.org\/es\/wp-json\/wp\/v2\/pages\/243607\/revisions"}],"predecessor-version":[{"id":243612,"href":"https:\/\/www.ncrtd.org\/es\/wp-json\/wp\/v2\/pages\/243607\/revisions\/243612"}],"up":[{"embeddable":true,"href":"https:\/\/www.ncrtd.org\/es\/wp-json\/wp\/v2\/pages\/243495"}],"wp:attachment":[{"href":"https:\/\/www.ncrtd.org\/es\/wp-json\/wp\/v2\/media?parent=243607"}],"curies":[{"name":"wp","href":"https:\/\/api.w.org\/{rel}","templated":true}]}}