{"id":243626,"date":"2023-10-13T17:07:21","date_gmt":"2023-10-13T23:07:21","guid":{"rendered":"https:\/\/www.ncrtd.org\/todas-las-rutas\/estacion-270-nm-599\/"},"modified":"2026-05-05T17:58:28","modified_gmt":"2026-05-05T23:58:28","slug":"estacion-270-nm-599","status":"publish","type":"page","link":"https:\/\/www.ncrtd.org\/es\/todas-las-rutas\/estacion-270-nm-599\/","title":{"rendered":"Estaci\u00f3n 270 NM-599"},"content":{"rendered":"<p>[et_pb_section fb_built=\u00bb1&#8243; fullwidth=\u00bbon\u00bb _builder_version=\u00bb4.16&#8243; _module_preset=\u00bbcbe6949b-fe83-485f-a967-598203880f36&#8243; width_tablet=\u00bb\u00bb width_phone=\u00bb\u00bb width_last_edited=\u00bbon|desktop\u00bb custom_margin=\u00bb140px||||false|false\u00bb custom_margin_tablet=\u00bb0px||||false|false\u00bb custom_margin_phone=\u00bb\u00bb custom_margin_last_edited=\u00bbon|desktop\u00bb global_colors_info=\u00bb{}\u00bb][et_pb_fullwidth_image src=\u00bbhttps:\/\/www.ncrtd.org\/wp-content\/uploads\/2025\/03\/ncrtd-blue-bus-2023-0930.jpg\u00bb alt=\u00bbCarretera serpenteante de Santa Fe\u00bb title_text=\u00bbncrtd-blue-bus-2023-0930&#8243; disabled_on=\u00bbon|on|on\u00bb admin_label=\u00bbbackground fullwidth image\u00bb _builder_version=\u00bb4.27.4&#8243; _module_preset=\u00bb2215b47f-c514-4736-8638-9febfca886f5&#8243; background_color=\u00bb#FFFFFF\u00bb min_height=\u00bb739.1px\u00bb height_phone=\u00bb100px\u00bb custom_margin=\u00bb||-600px||false|false\u00bb disabled=\u00bbon\u00bb global_module=\u00bb3818&#8243; locked=\u00bboff\u00bb global_colors_info=\u00bb{}\u00bb][\/et_pb_fullwidth_image][\/et_pb_section][et_pb_section fb_built=\u00bb1&#8243; specialty=\u00bbon\u00bb padding_1_tablet=\u00bb2em|6%|2em|6%|true|true\u00bb padding_2_tablet=\u00bb2em|6%|2em|6%|true|true\u00bb padding_1_phone=\u00bb2em|8%|2em|8%|true|true\u00bb padding_2_phone=\u00bb2em|8%|2em|8%|true|true\u00bb padding_1_last_edited=\u00bbon|desktop\u00bb padding_2_last_edited=\u00bbon|tablet\u00bb module_id_1=\u00bbsidebar\u00bb module_class_1=\u00bbcontent-sidebar\u00bb module_class_2=\u00bbcontent-main\u00bb _builder_version=\u00bb4.16&#8243; _module_preset=\u00bb49fa2571-fdca-4afb-b157-c44ecc3f4485&#8243; global_colors_info=\u00bb{}\u00bb][et_pb_column type=\u00bb1_4&#8243; _builder_version=\u00bb4.16&#8243; custom_padding=\u00bb|||\u00bb global_colors_info=\u00bb{}\u00bb custom_padding__hover=\u00bb|||\u00bb][et_pb_menu menu_id=\u00bb2&#8243; _builder_version=\u00bb4.16&#8243; _module_preset=\u00bbefd0ba9f-ac50-4f8b-84a6-8e44415a3403&#8243; global_colors_info=\u00bb{}\u00bb][\/et_pb_menu][\/et_pb_column][et_pb_column type=\u00bb3_4&#8243; specialty_columns=\u00bb3&#8243; _builder_version=\u00bb4.16&#8243; custom_padding=\u00bb|||\u00bb global_colors_info=\u00bb{}\u00bb custom_padding__hover=\u00bb|||\u00bb][et_pb_row_inner _builder_version=\u00bb4.21.0&#8243; _module_preset=\u00bbdefault\u00bb global_colors_info=\u00bb{}\u00bb][et_pb_column_inner saved_specialty_column_type=\u00bb3_4&#8243; _builder_version=\u00bb4.21.0&#8243; _module_preset=\u00bbdefault\u00bb global_colors_info=\u00bb{}\u00bb][et_pb_text _builder_version=\u00bb4.27.4&#8243; _module_preset=\u00bbdefault\u00bb global_colors_info=\u00bb{}\u00bb]<\/p>\n<p><span>La ruta Estaci\u00f3n 270 NM-599 ofrece servicio gratuito de lunes a viernes.<\/span><\/p>\n<h4 tabindex=\"-1\"><span style=\"color: #ff0000;\">RUTA SUSPENDIDA PERMANENTEMENTE A PARTIR DEL 14 DE OCTUBRE<\/span><\/h4>\n<p><span style=\"color: #ff0000;\">Actualizaci\u00f3n del servicio: 14 de octubre de 2025<\/span><\/p>\n<p><span style=\"color: #000000;\">A partir del 14 de octubre, la ruta Estaci\u00f3n 270 NM-599 <span>quedar\u00e1 suspendida permanentemente. El servicio en esta zona est\u00e1 disponible a trav\u00e9s de la Zona MyBlue\u2122 La Cienega.<\/span><\/span><\/p>\n<p><span style=\"color: #000000;\">M\u00e1s informaci\u00f3n sobre MyBlue<span>\u2122 <a href=\"http:\/\/www.ridemyblue.com\" target=\"_blank\" rel=\"noopener\">AQU\u00cd<\/a>.<\/span><\/span><\/p>\n<p>[\/et_pb_text][\/et_pb_column_inner][\/et_pb_row_inner][et_pb_row_inner column_structure=\u00bb1_3,1_3,1_3&#8243; _builder_version=\u00bb4.27.4&#8243; _module_preset=\u00bbdefault\u00bb custom_padding=\u00bb20px||20px||false|false\u00bb global_colors_info=\u00bb{}\u00bb][et_pb_column_inner type=\u00bb1_3&#8243; saved_specialty_column_type=\u00bb3_4&#8243; _builder_version=\u00bb4.21.0&#8243; _module_preset=\u00bbdefault\u00bb global_colors_info=\u00bb{}\u00bb][et_pb_button button_url=\u00bbhttps:\/\/www.ncrtd.org\/wp-content\/uploads\/2025\/04\/270-599-Station_2025-04_timetable.pdf\u00bb url_new_window=\u00bbon\u00bb button_text=\u00bbVer horario (PDF) \u00bb button_alignment=\u00bbcenter\u00bb _builder_version=\u00bb4.27.4&#8243; _module_preset=\u00bbdefault\u00bb custom_margin=\u00bb||10px||false|false\u00bb global_colors_info=\u00bb{}\u00bb][\/et_pb_button][\/et_pb_column_inner][et_pb_column_inner type=\u00bb1_3&#8243; saved_specialty_column_type=\u00bb3_4&#8243; _builder_version=\u00bb4.21.0&#8243; _module_preset=\u00bbdefault\u00bb global_colors_info=\u00bb{}\u00bb][et_pb_button button_url=\u00bbhttps:\/\/www.ncrtd.org\/wp-content\/uploads\/2025\/04\/270-599-Station_2025-04.pdf\u00bb url_new_window=\u00bbon\u00bb button_text=\u00bbVer folleto de la ruta (PDF)\u00bb button_alignment=\u00bbcenter\u00bb _builder_version=\u00bb4.27.4&#8243; _module_preset=\u00bbdefault\u00bb custom_margin=\u00bb||10px||false|false\u00bb global_colors_info=\u00bb{}\u00bb][\/et_pb_button][\/et_pb_column_inner][et_pb_column_inner type=\u00bb1_3&#8243; saved_specialty_column_type=\u00bb3_4&#8243; _builder_version=\u00bb4.21.0&#8243; _module_preset=\u00bbdefault\u00bb global_colors_info=\u00bb{}\u00bb][et_pb_button button_url=\u00bbhttp:\/\/bluebustracker.availtec.com\/infopoint?fullscreen=false&amp;map%5Bfilter%5D%5Broutes%5D=true&amp;map%5Bfilter%5D%5Bstops%5D=true&amp;map%5Bfilter%5D%5Bbuses%5D=true&amp;messages%5Bactive%5D=false&amp;messages%5Bfilter%5D=false&amp;routes%5Bselected%5D=&amp;routes%5Bsearch%5D=&amp;stops%5Bactive%5D=false&amp;stops%5Bsearch%5D=\u00bb url_new_window=\u00bbon\u00bb button_text=\u00bbSeguir el Blue Bus\u00bb button_alignment=\u00bbcenter\u00bb _builder_version=\u00bb4.27.4&#8243; _module_preset=\u00bbdefault\u00bb global_colors_info=\u00bb{}\u00bb][\/et_pb_button][\/et_pb_column_inner][\/et_pb_row_inner][et_pb_row_inner column_structure=\u00bb1_2,1_2&#8243; _builder_version=\u00bb4.21.0&#8243; _module_preset=\u00bbdefault\u00bb global_colors_info=\u00bb{}\u00bb][et_pb_column_inner type=\u00bb1_2&#8243; saved_specialty_column_type=\u00bb3_4&#8243; _builder_version=\u00bb4.21.0&#8243; _module_preset=\u00bbdefault\u00bb global_colors_info=\u00bb{}\u00bb][et_pb_text _builder_version=\u00bb4.27.4&#8243; _module_preset=\u00bbdefault\u00bb global_colors_info=\u00bb{}\u00bb]<\/p>\n<h3>Paradas principales<\/h3>\n<p>Estaci\u00f3n de tren NM-599<br \/><span>Complejo militar Bataan Blvd<br \/><\/span><span>Departamento de Correccionales de NM<br \/><\/span><span>Penitenciar\u00eda de NM<br \/>Centro Correccional para Adultos del Condado de Santa Fe<\/span><\/p>\n<p>[\/et_pb_text][\/et_pb_column_inner][et_pb_column_inner type=\u00bb1_2&#8243; saved_specialty_column_type=\u00bb3_4&#8243; _builder_version=\u00bb4.21.0&#8243; _module_preset=\u00bbdefault\u00bb global_colors_info=\u00bb{}\u00bb][et_pb_text _builder_version=\u00bb4.27.4&#8243; _module_preset=\u00bbdefault\u00bb global_colors_info=\u00bb{}\u00bb]<\/p>\n<h3>Gratuito<\/h3>\n<p><span>La ruta Estaci\u00f3n 270 NM-599 ofrece servicio gratuito de lunes a viernes.<\/span><\/p>\n<p>[\/et_pb_text][\/et_pb_column_inner][\/et_pb_row_inner][et_pb_row_inner admin_label=\u00bbRoute Map\u00bb _builder_version=\u00bb4.27.5&#8243; _module_preset=\u00bbdefault\u00bb hover_enabled=\u00bb0&#8243; global_colors_info=\u00bb{}\u00bb disabled_on=\u00bbon|on|on\u00bb disabled=\u00bbon\u00bb sticky_enabled=\u00bb0&#8243;][et_pb_column_inner saved_specialty_column_type=\u00bb3_4&#8243; _builder_version=\u00bb4.27.4&#8243; _module_preset=\u00bbdefault\u00bb global_colors_info=\u00bb{}\u00bb][et_pb_text _builder_version=\u00bb4.27.4&#8243; _module_preset=\u00bbdefault\u00bb global_colors_info=\u00bb{}\u00bb]<\/p>\n<h3>Mapa de la ruta<\/h3>\n<p>[\/et_pb_text][et_pb_code _builder_version=\u00bb4.27.5&#8243; _module_preset=\u00bbdefault\u00bb hover_enabled=\u00bb0&#8243; global_colors_info=\u00bb{}\u00bb sticky_enabled=\u00bb0&#8243;]<iframetitle=\"Route Map\"src=\"https:\/\/app.ride.guide\/map\/bluebus-nm-us?routeId=270\"style=\"border:0;width:100%;height:800px\"referrerpolicy=\"no-referrer-when-downgrade\"allowfullscreen=\"true\"allow=\"geolocation\"><!-- [et_pb_line_break_holder] --><\/iframe>[\/et_pb_code][\/et_pb_column_inner][\/et_pb_row_inner][\/et_pb_column][\/et_pb_section]<\/p>\n","protected":false},"excerpt":{"rendered":"<p>La ruta Estaci\u00f3n 270 NM-599 ofrece servicio gratuito de lunes a viernes. RUTA SUSPENDIDA PERMANENTEMENTE A PARTIR DEL 14 DE OCTUBRE Actualizaci\u00f3n del servicio: 14 de octubre de 2025 A partir del 14 de octubre, la ruta Estaci\u00f3n 270 NM-599 quedar\u00e1 suspendida permanentemente. El servicio en esta zona est\u00e1 disponible a trav\u00e9s de la Zona [&hellip;]<\/p>\n","protected":false},"author":7,"featured_media":0,"parent":243495,"menu_order":0,"comment_status":"closed","ping_status":"closed","template":"","meta":{"_et_pb_use_builder":"on","_et_pb_old_content":"","_et_gb_content_width":"","footnotes":""},"class_list":["post-243626","page","type-page","status-publish","hentry"],"_links":{"self":[{"href":"https:\/\/www.ncrtd.org\/es\/wp-json\/wp\/v2\/pages\/243626","targetHints":{"allow":["GET"]}}],"collection":[{"href":"https:\/\/www.ncrtd.org\/es\/wp-json\/wp\/v2\/pages"}],"about":[{"href":"https:\/\/www.ncrtd.org\/es\/wp-json\/wp\/v2\/types\/page"}],"author":[{"embeddable":true,"href":"https:\/\/www.ncrtd.org\/es\/wp-json\/wp\/v2\/users\/7"}],"replies":[{"embeddable":true,"href":"https:\/\/www.ncrtd.org\/es\/wp-json\/wp\/v2\/comments?post=243626"}],"version-history":[{"count":4,"href":"https:\/\/www.ncrtd.org\/es\/wp-json\/wp\/v2\/pages\/243626\/revisions"}],"predecessor-version":[{"id":243639,"href":"https:\/\/www.ncrtd.org\/es\/wp-json\/wp\/v2\/pages\/243626\/revisions\/243639"}],"up":[{"embeddable":true,"href":"https:\/\/www.ncrtd.org\/es\/wp-json\/wp\/v2\/pages\/243495"}],"wp:attachment":[{"href":"https:\/\/www.ncrtd.org\/es\/wp-json\/wp\/v2\/media?parent=243626"}],"curies":[{"name":"wp","href":"https:\/\/api.w.org\/{rel}","templated":true}]}}