{"id":243643,"date":"2025-05-19T13:24:54","date_gmt":"2025-05-19T19:24:54","guid":{"rendered":"https:\/\/www.ncrtd.org\/noticias\/boletin\/"},"modified":"2026-05-06T08:49:41","modified_gmt":"2026-05-06T14:49:41","slug":"boletin","status":"publish","type":"page","link":"https:\/\/www.ncrtd.org\/es\/noticias\/boletin\/","title":{"rendered":"Bolet\u00edn"},"content":{"rendered":"<p>[et_pb_section fb_built=\u00bb1&#8243; _builder_version=\u00bb4.27.4&#8243; _module_preset=\u00bbdefault\u00bb global_colors_info=\u00bb{}\u00bb][et_pb_row _builder_version=\u00bb4.27.4&#8243; _module_preset=\u00bbdefault\u00bb module_alignment=\u00bbleft\u00bb custom_padding=\u00bb1px||0px|57px|false|false\u00bb global_colors_info=\u00bb{}\u00bb][et_pb_column type=\u00bb4_4&#8243; _builder_version=\u00bb4.27.4&#8243; _module_preset=\u00bbdefault\u00bb global_colors_info=\u00bb{}\u00bb][et_pb_blurb title=\u00bbBolet\u00edn de Blue Bus\u00bb _builder_version=\u00bb4.27.4&#8243; _module_preset=\u00bbdefault\u00bb module_alignment=\u00bbleft\u00bb global_colors_info=\u00bb{}\u00bb]<\/p>\n<p>\u00a1Bienvenido al Bolet\u00edn de Blue Bus!<\/p>\n<p align=\"left\"> <span> En cada bolet\u00edn encontrar\u00e1s informaci\u00f3n \u00fatil sobre c\u00f3mo viajar en Blue Bus o reservar viajes a trav\u00e9s de MyBlue<\/span><span>\u2122,<\/span><span> nuestro revolucionario sistema de viajes compartidos bajo demanda que presta servicio en Espa\u00f1ola, Edgewood, Pojoaque-Namb\u00e9 y Taos (Nuevo M\u00e9xico), adem\u00e1s de importantes novedades y avisos del servicio.<\/span><\/p>\n<p align=\"left\"><span><span class=\"ql-cursor\"><\/span><\/span><\/p>\n<p align=\"left\"><span>Tambi\u00e9n compartiremos detalles sobre rutas espec\u00edficas y pr\u00f3ximos eventos, as\u00ed como noticias y novedades sobre el Distrito de Transporte y nuestro personal.<\/span><\/p>\n<p align=\"left\">\u00a1Echa un vistazo a nuestras publicaciones recientes!<\/p>\n<p>[\/et_pb_blurb][\/et_pb_column][\/et_pb_row][\/et_pb_section][et_pb_section fb_built=\u00bb1&#8243; _builder_version=\u00bb4.27.4&#8243; _module_preset=\u00bbdefault\u00bb custom_padding=\u00bb1px|||||\u00bb global_colors_info=\u00bb{}\u00bb][et_pb_row _builder_version=\u00bb4.27.4&#8243; _module_preset=\u00bbdefault\u00bb module_alignment=\u00bbleft\u00bb custom_padding=\u00bb3px|||58px|false|false\u00bb global_colors_info=\u00bb{}\u00bb][et_pb_column type=\u00bb4_4&#8243; _builder_version=\u00bb4.27.4&#8243; _module_preset=\u00bbdefault\u00bb global_colors_info=\u00bb{}\u00bb][et_pb_accordion open_toggle_text_color=\u00bb#0072BA\u00bb open_toggle_background_color=\u00bb#FFFFFF\u00bb closed_toggle_background_color=\u00bb#0072BA\u00bb icon_color=\u00bb#0072BA\u00bb _builder_version=\u00bb4.27.6&#8243; _module_preset=\u00bbdefault\u00bb toggle_text_color=\u00bb#FFFFFF\u00bb toggle_font=\u00bb|800|||||||\u00bb toggle_font_size=\u00bb3em\u00bb closed_toggle_font=\u00bb|800|||||||\u00bb closed_toggle_font_size=\u00bb3em\u00bb body_text_color=\u00bb#0072BA\u00bb hover_enabled=\u00bb0&#8243; global_colors_info=\u00bb{}\u00bb sticky_enabled=\u00bb0&#8243;][et_pb_accordion_item title=\u00bbAbril de 2026&#8243; _builder_version=\u00bb4.27.6&#8243; _module_preset=\u00bbdefault\u00bb hover_enabled=\u00bb0&#8243; global_colors_info=\u00bb{}\u00bb open=\u00bbon\u00bb sticky_enabled=\u00bb0&#8243;]<\/p>\n<p><span style=\"text-decoration: underline;\"><a href=\"https:\/\/www.ncrtd.org\/wp-content\/uploads\/2026\/04\/April-2026-Blue-Bus-Bulletin.pdf\" target=\"_blank\" rel=\"noopener\">Bolet\u00edn de Blue Bus de abril de 2026 &#8211; Ingl\u00e9s<\/a><\/span><\/p>\n<p><a href=\"https:\/\/www.ncrtd.org\/wp-content\/uploads\/2026\/04\/2026-04_Blue-Bus-Bulletin-April_Spanish.pdf\">Bolet\u00edn de Blue Bus de abril de 2025 &#8211; Espa\u00f1ol<\/a><\/p>\n<p>[\/et_pb_accordion_item][et_pb_accordion_item title=\u00bbMarzo de 2026&#8243; open=\u00bboff\u00bb _builder_version=\u00bb4.27.6&#8243; _module_preset=\u00bbdefault\u00bb global_colors_info=\u00bb{}\u00bb]<\/p>\n<p><a href=\"https:\/\/www.ncrtd.org\/wp-content\/uploads\/2026\/03\/March-2026-Blue-Bus-Bulletin.pdf\" target=\"_blank\" rel=\"noopener\">Bolet\u00edn de Blue Bus de marzo de 2026 &#8211; Ingl\u00e9s<\/a><\/p>\n<p><a href=\"https:\/\/www.ncrtd.org\/wp-content\/uploads\/2026\/03\/March-2026-Blue-Bus-Bulletin-Spanish-1.pdf\">Bolet\u00edn de Blue Bus de marzo de 2026 &#8211; Espa\u00f1ol<\/a><\/p>\n<p>[\/et_pb_accordion_item][et_pb_accordion_item title=\u00bbFebrero de 2026&#8243; _builder_version=\u00bb4.27.5&#8243; _module_preset=\u00bbdefault\u00bb global_colors_info=\u00bb{}\u00bb open=\u00bboff\u00bb]<\/p>\n<p><a href=\"https:\/\/www.ncrtd.org\/wp-content\/uploads\/2026\/01\/February-2026-Blue-Bus-Bulletin.pdf\" target=\"_blank\" rel=\"noopener\">Bolet\u00edn de Blue Bus de febrero de 2026 &#8211; Ingl\u00e9s<\/a><\/p>\n<p><a href=\"https:\/\/www.ncrtd.org\/wp-content\/uploads\/2026\/01\/February-2026-Blue-Bus-Bulletin-Spanish.pdf\" target=\"_blank\" rel=\"noopener\">Bolet\u00edn de Blue Bus de febrero de 2026 &#8211; Espa\u00f1ol<\/a><\/p>\n<p>[\/et_pb_accordion_item][et_pb_accordion_item title=\u00bbEnero de 2026&#8243; _builder_version=\u00bb4.27.5&#8243; _module_preset=\u00bbdefault\u00bb global_colors_info=\u00bb{}\u00bb open=\u00bboff\u00bb]<\/p>\n<p><a href=\"https:\/\/www.ncrtd.org\/wp-content\/uploads\/2026\/01\/January-2026-Blue-Bus-Bulletin.pdf\" target=\"_blank\" rel=\"noopener\">Bolet\u00edn de Blue Bus de enero de 2026 &#8211; Ingl\u00e9s<\/a><\/p>\n<p><a href=\"https:\/\/www.ncrtd.org\/wp-content\/uploads\/2026\/01\/January-2026-Blue-Bus-Bulletin-Spanish-1.pdf\" target=\"_blank\" rel=\"noopener\">Bolet\u00edn de Blue Bus de enero de 2026 &#8211; Espa\u00f1ol<\/a><\/p>\n<p>[\/et_pb_accordion_item][et_pb_accordion_item title=\u00bbDiciembre de 2025&#8243; _builder_version=\u00bb4.27.5&#8243; _module_preset=\u00bbdefault\u00bb global_colors_info=\u00bb{}\u00bb open=\u00bboff\u00bb]<\/p>\n<p><a href=\"https:\/\/www.ncrtd.org\/wp-content\/uploads\/2025\/12\/December-2025-Blue-Bus-Bulletin.pdf\" target=\"_blank\" rel=\"noopener\">Bolet\u00edn de Blue Bus de diciembre de 2025 &#8211; Ingl\u00e9s<\/a><\/p>\n<p><a href=\"https:\/\/www.ncrtd.org\/wp-content\/uploads\/2025\/12\/December-2025-Blue-Bus-Bulletin-Spanish-1.pdf\" target=\"_blank\" rel=\"noopener\">Bolet\u00edn de Blue Bus de diciembre de 2025 &#8211; Espa\u00f1ol<\/a><\/p>\n<p>[\/et_pb_accordion_item][et_pb_accordion_item title=\u00bbNoviembre de 2025&#8243; _builder_version=\u00bb4.27.5&#8243; _module_preset=\u00bbdefault\u00bb global_colors_info=\u00bb{}\u00bb open=\u00bboff\u00bb]<\/p>\n<p><a href=\"https:\/\/www.ncrtd.org\/wp-content\/uploads\/2025\/12\/November-2025-Veterans-Ride-Free-Program-1.pdf\" target=\"_blank\" rel=\"noopener\">Bolet\u00edn de Blue Bus de noviembre de 2025 &#8211; Ingl\u00e9s<\/a><\/p>\n<p>Bolet\u00edn de Blue Bus de noviembre de 2025 &#8211; Espa\u00f1ol &#8211; PR\u00d3XIMAMENTE<\/p>\n<p>[\/et_pb_accordion_item][et_pb_accordion_item title=\u00bbOctubre de 2025&#8243; _builder_version=\u00bb4.27.4&#8243; _module_preset=\u00bbdefault\u00bb global_colors_info=\u00bb{}\u00bb open=\u00bboff\u00bb]<\/p>\n<p><a href=\"https:\/\/www.ncrtd.org\/wp-content\/uploads\/2025\/10\/October-2025-Blue-Bus-Bulletin.pdf\" target=\"_blank\" rel=\"noopener\">Bolet\u00edn de Blue Bus de octubre de 2025 &#8211; Ingl\u00e9s<\/a><\/p>\n<p><a href=\"https:\/\/www.ncrtd.org\/wp-content\/uploads\/2025\/10\/October-2025-Blue-Bus-Bulletin-Spanish-1.pdf\" target=\"_blank\" rel=\"noopener\">Bolet\u00edn de Blue Bus de octubre de 2025 &#8211; Espa\u00f1ol<\/a><\/p>\n<p>[\/et_pb_accordion_item][et_pb_accordion_item title=\u00bbSeptiembre de 2025&#8243; _builder_version=\u00bb4.27.4&#8243; _module_preset=\u00bbdefault\u00bb global_colors_info=\u00bb{}\u00bb open=\u00bboff\u00bb]<\/p>\n<p><a href=\"https:\/\/www.ncrtd.org\/wp-content\/uploads\/2025\/09\/September-2025-Blue-Bus-Bulletin-1.pdf\" target=\"_blank\" rel=\"noopener\">Bolet\u00edn de Blue Bus de septiembre de 2025 &#8211; Ingl\u00e9s<\/a><\/p>\n<p><a href=\"https:\/\/www.ncrtd.org\/wp-content\/uploads\/2025\/09\/September-2025-Blue-Bus-Bulletin-Spanish-1.pdf\" target=\"_blank\" rel=\"noopener\">Bolet\u00edn de Blue Bus de septiembre de 2025 &#8211; Espa\u00f1ol<\/a><\/p>\n<p>[\/et_pb_accordion_item][et_pb_accordion_item title=\u00bbAgosto de 2025&#8243; _builder_version=\u00bb4.27.4&#8243; _module_preset=\u00bbdefault\u00bb global_colors_info=\u00bb{}\u00bb open=\u00bboff\u00bb]<\/p>\n<p><a href=\"https:\/\/www.ncrtd.org\/wp-content\/uploads\/2025\/08\/2025-07_Blue-Bus-Bulletin-August.pdf\" target=\"_blank\" rel=\"noopener\">Bolet\u00edn de Blue Bus de agosto de 2025 &#8211; Ingl\u00e9s<\/a><\/p>\n<p><a href=\"https:\/\/www.ncrtd.org\/wp-content\/uploads\/2025\/08\/2025-07_Blue-Bus-Bulletin-August-Spanish.pdf\" target=\"_blank\" rel=\"noopener\">Bolet\u00edn de Blue Bus de agosto de 2025 &#8211; Espa\u00f1ol<\/a><\/p>\n<p>[\/et_pb_accordion_item][et_pb_accordion_item title=\u00bbJulio de 2025&#8243; _builder_version=\u00bb4.27.4&#8243; _module_preset=\u00bbdefault\u00bb global_colors_info=\u00bb{}\u00bb open=\u00bboff\u00bb]<\/p>\n<p><a href=\"https:\/\/www.ncrtd.org\/wp-content\/uploads\/2025\/07\/2025-07_Blue-Bus-Bulletin-July.pdf\" target=\"_blank\" rel=\"noopener\">Bolet\u00edn de Blue Bus de julio de 2025 &#8211; Ingl\u00e9s<\/a><\/p>\n<p><a href=\"https:\/\/www.ncrtd.org\/wp-content\/uploads\/2025\/07\/2025-07_Blue-Bus-Bulletin-July-Spanish.pdf\" target=\"_blank\" rel=\"noopener\">Bolet\u00edn de Blue Bus de julio de 2025 &#8211; Espa\u00f1ol<\/a><\/p>\n<p>[\/et_pb_accordion_item][et_pb_accordion_item title=\u00bbJunio de 2025&#8243; _builder_version=\u00bb4.27.4&#8243; _module_preset=\u00bbdefault\u00bb global_colors_info=\u00bb{}\u00bb open=\u00bboff\u00bb]<\/p>\n<p><a href=\"https:\/\/www.ncrtd.org\/wp-content\/uploads\/2025\/06\/2025-06_Blue-Bus-Bulletin-June.pdf\" target=\"_blank\" rel=\"noopener\">Bolet\u00edn de Blue Bus de junio de 2025 &#8211; Ingl\u00e9s<\/a><\/p>\n<p><a href=\"https:\/\/www.ncrtd.org\/wp-content\/uploads\/2025\/06\/2025-06_Blue-Bus-Bulletin-June-Spanish.pdf\" target=\"_blank\" rel=\"noopener\">Horarios de Blue Bus de junio de 2025 &#8211; Espa\u00f1ol<\/a><\/p>\n<p>[\/et_pb_accordion_item][et_pb_accordion_item title=\u00bbMayo de 2025&#8243; _builder_version=\u00bb4.27.4&#8243; _module_preset=\u00bbdefault\u00bb global_colors_info=\u00bb{}\u00bb open=\u00bboff\u00bb]<\/p>\n<p><span style=\"text-decoration: underline;\"><a href=\"https:\/\/www.ncrtd.org\/wp-content\/uploads\/2025\/05\/2025-05_Blue-Bus-Bulletin-May.pdf\" target=\"_blank\" rel=\"noopener\">Bolet\u00edn de Blue Bus de mayo de 2025 &#8211; Ingl\u00e9s<\/a><\/span><\/p>\n<p><span style=\"text-decoration: underline;\"><a href=\"https:\/\/www.ncrtd.org\/wp-content\/uploads\/2025\/05\/2025-05_Blue-Bus-Bulletin-May-Spanish.pdf\" target=\"_blank\" rel=\"noopener\">Bolet\u00edn de Blue Bus de mayo de 2025 &#8211; Espa\u00f1ol<\/a><\/span><\/p>\n<p>[\/et_pb_accordion_item][et_pb_accordion_item title=\u00bbAbril de 2025&#8243; _builder_version=\u00bb4.27.4&#8243; _module_preset=\u00bbdefault\u00bb global_colors_info=\u00bb{}\u00bb open=\u00bboff\u00bb]<\/p>\n<p><span style=\"text-decoration: underline;\"><a href=\"https:\/\/www.ncrtd.org\/wp-content\/uploads\/2025\/05\/2025-04_Blue-Bus-Bulletin-April.pdf\" target=\"_blank\" rel=\"noopener\">Bolet\u00edn de Blue Bus de abril de 2025 &#8211; Ingl\u00e9s<\/a><\/span><\/p>\n<p><a href=\"https:\/\/www.ncrtd.org\/wp-content\/uploads\/2025\/05\/2025-04_Blue-Bus-Bulletin-April-Spanish.pdf\" target=\"_blank\" rel=\"noopener\"><span style=\"text-decoration: underline;\">Bolet\u00edn de Blue Bus de abril de 2025 &#8211; Espa\u00f1ol<\/span><\/a><\/p>\n<p>[\/et_pb_accordion_item][\/et_pb_accordion][\/et_pb_column][\/et_pb_row][\/et_pb_section]<\/p>\n","protected":false},"excerpt":{"rendered":"<p>\u00a1Bienvenido al Bolet\u00edn de Blue Bus! En cada bolet\u00edn encontrar\u00e1s informaci\u00f3n \u00fatil sobre c\u00f3mo viajar en Blue Bus o reservar viajes a trav\u00e9s de MyBlue\u2122, nuestro revolucionario sistema de viajes compartidos bajo demanda que presta servicio en Espa\u00f1ola, Edgewood, Pojoaque-Namb\u00e9 y Taos (Nuevo M\u00e9xico), adem\u00e1s de importantes novedades y avisos del servicio. Tambi\u00e9n compartiremos detalles [&hellip;]<\/p>\n","protected":false},"author":13,"featured_media":0,"parent":243382,"menu_order":0,"comment_status":"closed","ping_status":"closed","template":"","meta":{"_et_pb_use_builder":"on","_et_pb_old_content":"","_et_gb_content_width":"","footnotes":""},"class_list":["post-243643","page","type-page","status-publish","hentry"],"_links":{"self":[{"href":"https:\/\/www.ncrtd.org\/es\/wp-json\/wp\/v2\/pages\/243643","targetHints":{"allow":["GET"]}}],"collection":[{"href":"https:\/\/www.ncrtd.org\/es\/wp-json\/wp\/v2\/pages"}],"about":[{"href":"https:\/\/www.ncrtd.org\/es\/wp-json\/wp\/v2\/types\/page"}],"author":[{"embeddable":true,"href":"https:\/\/www.ncrtd.org\/es\/wp-json\/wp\/v2\/users\/13"}],"replies":[{"embeddable":true,"href":"https:\/\/www.ncrtd.org\/es\/wp-json\/wp\/v2\/comments?post=243643"}],"version-history":[{"count":6,"href":"https:\/\/www.ncrtd.org\/es\/wp-json\/wp\/v2\/pages\/243643\/revisions"}],"predecessor-version":[{"id":243674,"href":"https:\/\/www.ncrtd.org\/es\/wp-json\/wp\/v2\/pages\/243643\/revisions\/243674"}],"up":[{"embeddable":true,"href":"https:\/\/www.ncrtd.org\/es\/wp-json\/wp\/v2\/pages\/243382"}],"wp:attachment":[{"href":"https:\/\/www.ncrtd.org\/es\/wp-json\/wp\/v2\/media?parent=243643"}],"curies":[{"name":"wp","href":"https:\/\/api.w.org\/{rel}","templated":true}]}}