{"id":243652,"date":"2024-01-17T11:23:13","date_gmt":"2024-01-17T18:23:13","guid":{"rendered":"https:\/\/www.ncrtd.org\/noticias\/marca\/"},"modified":"2026-05-06T08:49:41","modified_gmt":"2026-05-06T14:49:41","slug":"marca","status":"publish","type":"page","link":"https:\/\/www.ncrtd.org\/es\/noticias\/marca\/","title":{"rendered":"Marca"},"content":{"rendered":"<p>[et_pb_section fb_built=\u00bb1&#8243; fullwidth=\u00bbon\u00bb _builder_version=\u00bb4.16&#8243; _module_preset=\u00bbcbe6949b-fe83-485f-a967-598203880f36&#8243; width_tablet=\u00bb\u00bb width_phone=\u00bb\u00bb width_last_edited=\u00bbon|desktop\u00bb custom_margin=\u00bb140px||||false|false\u00bb custom_margin_tablet=\u00bb0px||||false|false\u00bb custom_margin_phone=\u00bb\u00bb custom_margin_last_edited=\u00bbon|desktop\u00bb global_colors_info=\u00bb{}\u00bb][et_pb_fullwidth_image src=\u00bbhttps:\/\/www.ncrtd.org\/wp-content\/uploads\/2021\/09\/Screenshot-2021-09-01-103202.png\u00bb alt=\u00bbCarretera sinuosa de Santa Fe\u00bb title_text=\u00bbCaptura de pantalla 2021-09-01 103202&#8243; admin_label=\u00bbbackground fullwidth image\u00bb _builder_version=\u00bb4.23.1&#8243; _module_preset=\u00bb2215b47f-c514-4736-8638-9febfca886f5&#8243; background_color=\u00bb#FFFFFF\u00bb min_height=\u00bb739.1px\u00bb height_phone=\u00bb723.1px\u00bb global_module=\u00bb3818&#8243; locked=\u00bboff\u00bb global_colors_info=\u00bb{}\u00bb][\/et_pb_fullwidth_image][\/et_pb_section][et_pb_section fb_built=\u00bb1&#8243; specialty=\u00bbon\u00bb padding_1_tablet=\u00bb2em|6%|2em|6%|true|true\u00bb padding_2_tablet=\u00bb2em|6%|2em|6%|true|true\u00bb padding_1_phone=\u00bb2em|8%|2em|8%|true|true\u00bb padding_2_phone=\u00bb2em|8%|2em|8%|true|true\u00bb padding_1_last_edited=\u00bbon|desktop\u00bb padding_2_last_edited=\u00bbon|tablet\u00bb module_id_1=\u00bbsidebar\u00bb module_class_1=\u00bbcontent-sidebar\u00bb module_class_2=\u00bbcontent-main\u00bb _builder_version=\u00bb4.16&#8243; _module_preset=\u00bb49fa2571-fdca-4afb-b157-c44ecc3f4485&#8243; global_colors_info=\u00bb{}\u00bb][et_pb_column type=\u00bb1_4&#8243; _builder_version=\u00bb4.16&#8243; custom_padding=\u00bb|||\u00bb global_colors_info=\u00bb{}\u00bb custom_padding__hover=\u00bb|||\u00bb][et_pb_menu menu_id=\u00bb2&#8243; _builder_version=\u00bb4.16&#8243; _module_preset=\u00bbefd0ba9f-ac50-4f8b-84a6-8e44415a3403&#8243; global_colors_info=\u00bb{}\u00bb][\/et_pb_menu][\/et_pb_column][et_pb_column type=\u00bb3_4&#8243; specialty_columns=\u00bb3&#8243; _builder_version=\u00bb4.16&#8243; custom_padding=\u00bb|||\u00bb global_colors_info=\u00bb{}\u00bb custom_padding__hover=\u00bb|||\u00bb][et_pb_row_inner _builder_version=\u00bb4.21.0&#8243; _module_preset=\u00bbdefault\u00bb global_colors_info=\u00bb{}\u00bb][et_pb_column_inner saved_specialty_column_type=\u00bb3_4&#8243; _builder_version=\u00bb4.21.0&#8243; _module_preset=\u00bbdefault\u00bb global_colors_info=\u00bb{}\u00bb][et_pb_text _builder_version=\u00bb4.24.3&#8243; _module_preset=\u00bbdefault\u00bb hover_enabled=\u00bb0&#8243; global_colors_info=\u00bb{}\u00bb sticky_enabled=\u00bb0&#8243;]<\/p>\n<h2>North Central RTD | Blue Bus<\/h2>\n<h3>\u00bfQui\u00e9nes somos?<\/h3>\n<p>El Distrito de Tr\u00e1nsito Regional del Centro-Norte (North Central RTD) comenz\u00f3 a operar en 2007. La organizaci\u00f3n ofrece un servicio de transporte gratuito y de pago que conecta comunidades y pueblos a lo largo de los condados del centro-norte de Nuevo M\u00e9xico, incluyendo Los \u00c1lamos, R\u00edo Arriba, Santa Fe y Taos. Ampliando a\u00fan m\u00e1s su alcance, los distintivos autobuses azules de North Central RTD ofrecen a los pasajeros conexiones con New Mexico Rail Runner Express, Santa Fe Trails, NMDOT Park and Ride, Los Alamos Atomic City Transit y Red River Miner\u2019s Transit. Todos sus autobuses son accesibles seg\u00fan la normativa ADA y est\u00e1n equipados con portabicicletas.   <\/p>\n<p><strong>Misi\u00f3n de North Central RTD<\/strong><\/p>\n<p>La misi\u00f3n del Distrito de Tr\u00e1nsito Regional del Centro-Norte es mejorar la calidad de vida de las comunidades proporcionando un sistema de transporte p\u00fablico resiliente, equitativo y eficaz.<\/p>\n<p><strong>Visi\u00f3n de North Central RTD<\/strong><\/p>\n<p>Ser un l\u00edder en movilidad que conecte a personas, comunidades y la regi\u00f3n a trav\u00e9s de opciones de movilidad fluidas, integradas e innovadoras para el mejoramiento de nuestra regi\u00f3n.<\/p>\n<h3>\u00bfQu\u00e9 es una marca?<\/h3>\n<p>La marca Blue Bus es lo que distingue nuestros servicios de otros servicios de transporte y da forma a la percepci\u00f3n de la organizaci\u00f3n. Una marca Blue Bus s\u00f3lida influye en la preferencia y lealtad de los clientes, clave para retener y aumentar el n\u00famero de pasajeros. Al gestionar nuestra identidad de marca de forma consistente, protegeremos y aumentaremos nuestra capacidad para fidelizar a los pasajeros.  <\/p>\n<p><strong>C\u00f3mo usar la marca Blue Bus<\/strong><\/p>\n<p>Para ayudar a proteger y mantener la marca Blue Bus, por favor, observe las siguientes directrices en la literatura publicitaria, expositores, uniformes, letreros, art\u00edculos promocionales, documentos comerciales, correspondencia y art\u00edculos promocionales.<\/p>\n<h2>Uso del logotipo<\/h2>\n<h3>Logotipos de marca compartida<\/h3>\n<p>Despu\u00e9s de la flota de tr\u00e1nsito, el nombre y el logotipo de la organizaci\u00f3n son los elementos m\u00e1s f\u00e1cilmente identificables de la marca. Distinguen a la organizaci\u00f3n de la competencia y deben usarse de forma consistente para asegurar un reconocimiento instant\u00e1neo. <\/p>\n<p><strong>Uso combinado del logotipo <\/strong><\/p>\n<p>Dado que el dise\u00f1o de la flota es siempre el elemento m\u00e1s importante de cualquier marca de transporte, el ic\u00f3nico nombre Blue Bus se ha convertido en sin\u00f3nimo del nombre de la organizaci\u00f3n. F\u00e1cil de decir y recordar, el ic\u00f3nico \u201cBlue Bus\u201d es como los residentes de la regi\u00f3n identifican a la organizaci\u00f3n. El logotipo de Blue Bus siempre debe usarse como el logotipo dominante y North Central RTD es un logotipo secundario de marca compartida con una estrategia de marca paraguas. La relaci\u00f3n de tama\u00f1o entre los dos logotipos requiere que el logotipo de North Central RTD sea el 50% o menos del ancho del logotipo de Blue Bus en todo el material. Los dos logotipos deben usarse juntos, pero no adyacentes entre s\u00ed.    <\/p>\n<p><strong>Estrategia del logotipo<\/strong><\/p>\n<p>El logotipo de North Central RTD est\u00e1 dise\u00f1ado con el mismo estilo de fuente personalizada que el de Blue Bus para una familia de logotipos cohesiva.<\/p>\n<p><strong>Uso del logotipo <\/strong><\/p>\n<p>Las dimensiones del logotipo pueden variar seg\u00fan los materiales particulares (por ejemplo, veh\u00edculos, membretes, folletos, postales, etc.). Sin embargo, una vez que se ha establecido una relaci\u00f3n para los logotipos en ese formato particular, la ubicaci\u00f3n y el tama\u00f1o de los logotipos deben permanecer consistentes. <\/p>\n<h3>El logotipo de Blue Bus<\/h3>\n<p>El logotipo de Blue Bus es una fuente personalizada dise\u00f1ada espec\u00edficamente para diferenciar esta marca de otros sistemas de transporte a nivel nacional, al tiempo que captura la est\u00e9tica \u00fanica del norte de Nuevo M\u00e9xico.<\/p>\n<p>Los remates de las letras est\u00e1n curvados para imitar las curvas del motivo de pluma de Blue Bus, ic\u00f3nico de la marca y simb\u00f3lico de la regi\u00f3n. Sirviendo a una regi\u00f3n arraigada en las culturas nativa americana y espa\u00f1ola, Blue Bus y North Central RTD celebran la diversidad cultural de los residentes regionales. La marca Blue Bus se esfuerza por capturar visualmente lo que hace que esta regi\u00f3n sea tan aut\u00e9ntica y \u00fanica: su vasto y majestuoso paisaje, su cielo siempre cambiante y las cualidades org\u00e1nicas y texturales que se ven en todo, desde la tierra, la arquitectura de estilo pueblo y las artes artesanales.  <\/p>\n<p>Con un aspecto tanto progresivo como atemporal, este logotipo y la marca Blue Bus est\u00e1n dise\u00f1ados para resonar con las comunidades a las que sirve North Central RTD.<\/p>\n<h3>Variaciones del logotipo<\/h3>\n<ol>\n<li><strong> <\/strong><strong>El logotipo principal<br \/><\/strong>se utilizar\u00e1 en la mayor\u00eda de los materiales de marketing, incluidos mapas, se\u00f1alizaci\u00f3n y publicidad, cuando se destaque el servicio de tr\u00e1nsito en autob\u00fas.<\/li>\n<li><strong> <\/strong><strong>El logotipo horizontal<br \/><\/strong>se utilizar\u00e1 en espacios horizontales.<\/li>\n<li><strong> <\/strong><strong>El logotipo para bordado<br \/><\/strong>se utilizar\u00e1 para fines de bordado, o cuando el logotipo sea de 0,75 pulgadas o m\u00e1s peque\u00f1o.<\/li>\n<\/ol>\n<p>&nbsp;<\/p>\n<h3>Espacio libre del logotipo<\/h3>\n<p>Cuando se utilice el logotipo de Blue Bus, debe estar rodeado de un espacio libre adecuado para garantizar su visibilidad e impacto. Ning\u00fan elemento gr\u00e1fico debe aglomerar el logotipo ni invadir esta zona. <\/p>\n<p>El espacio libre m\u00ednimo es igual al ancho de la palabra \u201cbus\u201d en los cuatro lados del logotipo.<\/p>\n<h3>Uso del logotipo<\/h3>\n<p>El logotipo de Blue Bus nunca debe alterarse y nunca debe verse en los siguientes formatos:<\/p>\n<p><strong>NO DEBE:<\/strong><strong> <\/strong><\/p>\n<ol>\n<li><strong><\/strong>Cambiar los colores del logotipo<\/li>\n<li>Rotar el logotipo<\/li>\n<li>Distorsionar o alterar el logotipo o cambiar la escala horizontal<\/li>\n<li><strong> <\/strong>Distorsionar o alterar el logotipo o cambiar la escala vertical <strong> <\/strong><\/li>\n<li>Usar efectos de Photoshop excesivos o sombras paralelas<\/li>\n<li>Tramar el logotipo<\/li>\n<\/ol>\n<p>El logotipo de Blue Bus solo debe verse sobre un fondo blanco o invertido sobre un fondo de color.<\/p>\n<p><strong>NO DEBE:<\/strong><\/p>\n<ol>\n<li><strong> <\/strong>Colocar sobre una fotograf\u00eda con muchos elementos si el logotipo es ilegible<\/li>\n<li>Colocar sobre un fondo de color con muy poco contraste<\/li>\n<li>Colocar sobre un fondo oscuro que ofrezca muy poco contraste e impida la legibilidad a distancia<\/li>\n<\/ol>\n<p>&nbsp;<\/p>\n<h3>Colores de Blue Bus<\/h3>\n<p>El color azul es sin\u00f3nimo del norte de Nuevo M\u00e9xico. El cielo azul siempre cambiante se cierne pac\u00edficamente sobre el majestuoso paisaje del norte de Nuevo M\u00e9xico, mientras que las aguas del R\u00edo Grande dan vida a la regi\u00f3n. El azul es el color de acento distintivo en la arquitectura de estilo pueblo regional, mientras que los artesanos ind\u00edgenas son conocidos por sus joyas de turquesa. Un azul b\u00edgaro intenso es el color distintivo de North Central RTD.   <\/p>\n<h3>Contacto<\/h3>\n<p>Para consultas legales, por favor, contacte con legal-notices@ncrtd.org<\/p>\n<p>Para todo lo dem\u00e1s, incluyendo la solicitud de permiso para usar nuestros logotipos, preguntas sobre estas directrices, o si sus comunicaciones van m\u00e1s all\u00e1 de los casos descritos anteriormente, por favor, contacte con marketing@ncrtd.org<\/p>\n<p><span style=\"font-size: 14px;\">Los logotipos, marcas comerciales y\/o materiales con derechos de autor de NCRTD, incluyendo cualquier variante similar, no podr\u00e1n utilizarse en asociaci\u00f3n con datos sin la aprobaci\u00f3n previa por escrito de NCRTD. <\/span><\/p>\n<p>[\/et_pb_text][et_pb_text _builder_version=\u00bb4.23.4&#8243; _module_preset=\u00bbdefault\u00bb global_colors_info=\u00bb{}\u00bb]<\/p>\n<p><a href=\"https:\/\/www.ncrtd.org\/wp-content\/uploads\/2024\/01\/NCRTD-Blue-Bus_Design-Guidelines.pdf\" target=\"_blank\" rel=\"noopener\">Ver nuestras Directrices de Marca (PDF)<\/a><\/p>\n<p><a href=\"https:\/\/www.ncrtd.org\/wp-content\/uploads\/2024\/01\/NCRTD-Blue-Bus_Apparel-Merchandise-graphic-standards.pdf\" target=\"_blank\" rel=\"noopener\"><span style=\"font-size: 14px;\">Ver nuestros Est\u00e1ndares Gr\u00e1ficos de Merchandising de Ropa (PDF).<\/span><\/a><\/p>\n<p>[\/et_pb_text][\/et_pb_column_inner][\/et_pb_row_inner][\/et_pb_column][\/et_pb_section]<\/p>\n","protected":false},"excerpt":{"rendered":"<p>North Central RTD | Blue Bus \u00bfQui\u00e9nes somos? El Distrito de Tr\u00e1nsito Regional del Centro-Norte (North Central RTD) comenz\u00f3 a operar en 2007. La organizaci\u00f3n ofrece un servicio de transporte gratuito y de pago que conecta comunidades y pueblos a lo largo de los condados del centro-norte de Nuevo M\u00e9xico, incluyendo Los \u00c1lamos, R\u00edo Arriba, [&hellip;]<\/p>\n","protected":false},"author":7,"featured_media":0,"parent":243382,"menu_order":0,"comment_status":"closed","ping_status":"closed","template":"","meta":{"_et_pb_use_builder":"on","_et_pb_old_content":"","_et_gb_content_width":"","footnotes":""},"class_list":["post-243652","page","type-page","status-publish","hentry"],"_links":{"self":[{"href":"https:\/\/www.ncrtd.org\/es\/wp-json\/wp\/v2\/pages\/243652","targetHints":{"allow":["GET"]}}],"collection":[{"href":"https:\/\/www.ncrtd.org\/es\/wp-json\/wp\/v2\/pages"}],"about":[{"href":"https:\/\/www.ncrtd.org\/es\/wp-json\/wp\/v2\/types\/page"}],"author":[{"embeddable":true,"href":"https:\/\/www.ncrtd.org\/es\/wp-json\/wp\/v2\/users\/7"}],"replies":[{"embeddable":true,"href":"https:\/\/www.ncrtd.org\/es\/wp-json\/wp\/v2\/comments?post=243652"}],"version-history":[{"count":1,"href":"https:\/\/www.ncrtd.org\/es\/wp-json\/wp\/v2\/pages\/243652\/revisions"}],"predecessor-version":[{"id":243661,"href":"https:\/\/www.ncrtd.org\/es\/wp-json\/wp\/v2\/pages\/243652\/revisions\/243661"}],"up":[{"embeddable":true,"href":"https:\/\/www.ncrtd.org\/es\/wp-json\/wp\/v2\/pages\/243382"}],"wp:attachment":[{"href":"https:\/\/www.ncrtd.org\/es\/wp-json\/wp\/v2\/media?parent=243652"}],"curies":[{"name":"wp","href":"https:\/\/api.w.org\/{rel}","templated":true}]}}