{"id":243670,"date":"2025-03-11T07:43:15","date_gmt":"2025-03-11T13:43:15","guid":{"rendered":"https:\/\/www.ncrtd.org\/donde-esta-mi-autobus\/"},"modified":"2026-05-06T09:17:31","modified_gmt":"2026-05-06T15:17:31","slug":"donde-esta-mi-autobus","status":"publish","type":"page","link":"https:\/\/www.ncrtd.org\/es\/servicios\/donde-esta-mi-autobus\/","title":{"rendered":"\u00bfD\u00f3nde est\u00e1 mi autob\u00fas?"},"content":{"rendered":"<p>[et_pb_section fb_built=\u00bb1&#8243; _builder_version=\u00bb4.27.4&#8243; _module_preset=\u00bbdefault\u00bb custom_padding=\u00bb||0px|||\u00bb global_colors_info=\u00bb{}\u00bb][et_pb_row _builder_version=\u00bb4.27.4&#8243; _module_preset=\u00bbdefault\u00bb custom_padding=\u00bb1px|||||\u00bb global_colors_info=\u00bb{}\u00bb][et_pb_column type=\u00bb4_4&#8243; _builder_version=\u00bb4.27.4&#8243; _module_preset=\u00bbdefault\u00bb global_colors_info=\u00bb{}\u00bb][et_pb_blurb _builder_version=\u00bb4.27.4&#8243; _module_preset=\u00bbdefault\u00bb global_colors_info=\u00bb{}\u00bb]<\/p>\n<h2><strong>Rastreo del Blue Bus<\/strong><\/h2>\n<p>Saber d\u00f3nde est\u00e1 tu autob\u00fas y cu\u00e1ndo llegar\u00e1 te ayuda a planificar tu viaje, cumplir con tu horario y viajar de forma segura. Ya sea que te desplaces al trabajo, vayas a una cita o explores el norte de Nuevo M\u00e9xico, el rastreo de autobuses en tiempo real te da la confianza necesaria para viajar con tranquilidad. <\/p>\n<p><strong>Hay tres formas sencillas de rastrear tu autob\u00fas en tiempo real.<\/strong><\/p>\n<p><strong><\/strong><\/p>\n<p>[\/et_pb_blurb][\/et_pb_column][\/et_pb_row][\/et_pb_section][et_pb_section fb_built=\u00bb1&#8243; _builder_version=\u00bb4.27.4&#8243; _module_preset=\u00bbdefault\u00bb min_height=\u00bb430.8px\u00bb custom_margin=\u00bb-31px||-4px|||\u00bb custom_padding=\u00bb0px||0px|||\u00bb global_colors_info=\u00bb{}\u00bb][et_pb_row column_structure=\u00bb1_3,1_3,1_3&#8243; _builder_version=\u00bb4.27.4&#8243; _module_preset=\u00bbdefault\u00bb custom_margin=\u00bb3px|auto||auto||\u00bb custom_padding=\u00bb2px||0px|||\u00bb global_colors_info=\u00bb{}\u00bb][et_pb_column type=\u00bb1_3&#8243; _builder_version=\u00bb4.27.4&#8243; _module_preset=\u00bbdefault\u00bb global_colors_info=\u00bb{}\u00bb][et_pb_blurb _builder_version=\u00bb4.27.4&#8243; _module_preset=\u00bbdefault\u00bb global_colors_info=\u00bb{}\u00bb]<\/p>\n<h2 class=\"et_pb_module_header\" tabindex=\"-1\"><strong>Blue Bus Tracker<\/strong><\/h2>\n<p class=\"et_pb_module_header\" tabindex=\"-1\"><span style=\"text-decoration: underline; color: #000080;\"><a href=\"http:\/\/bluebustracker.availtec.com\/infopoint\" target=\"_blank\" role=\"link\" rel=\"noopener\" style=\"color: #000080; text-decoration: underline;\">\u00a1Reg\u00edstrate en el Blue Bus Tracker para usar funciones pr\u00e1cticas que te ayudar\u00e1n a llegar a donde necesites!<\/a><\/span><\/p>\n<div class=\"et_pb_blurb_description\">\n<ul>\n<li>\n<div><strong>Suscr\u00edbete<\/strong> a los mensajes de texto\/correo electr\u00f3nico y alertas para saber d\u00f3nde est\u00e1 tu autob\u00fas y cu\u00e1ndo llegar\u00e1.<\/div>\n<\/li>\n<li>\n<div><strong>Personaliza<\/strong> tus alertas para que muestren solo tus rutas preferidas y las categor\u00edas en las que viajas.<\/div>\n<\/li>\n<li>\n<div>\u00a1<strong>Usa myStop\u00ae<\/strong> para reducir el tiempo de espera en la parada, de modo que puedas dedicar tu tiempo a lo que es importante para ti!<\/div>\n<\/li>\n<li>\u00a1<strong>Escanea el c\u00f3digo QR<\/strong> que se encuentra en tu parada para acceder r\u00e1pidamente al rastreador del Blue Bus en tu dispositivo y planificar tu viaje sobre la marcha!<\/li>\n<\/ul>\n<\/div>\n<p>[\/et_pb_blurb][et_pb_video src=\u00bbhttps:\/\/youtu.be\/E2OobApD-n0?si=dy8dJq47fFj5Iygf\u00bb _builder_version=\u00bb4.27.4&#8243; _module_preset=\u00bbdefault\u00bb global_colors_info=\u00bb{}\u00bb][\/et_pb_video][\/et_pb_column][et_pb_column type=\u00bb1_3&#8243; _builder_version=\u00bb4.27.4&#8243; _module_preset=\u00bbdefault\u00bb global_colors_info=\u00bb{}\u00bb][et_pb_blurb _builder_version=\u00bb4.27.4&#8243; _module_preset=\u00bbdefault\u00bb global_colors_info=\u00bb{}\u00bb]<\/p>\n<h2 tabindex=\"-1\"><strong>Env\u00eda un mensaje de texto a tu autob\u00fas<\/strong><\/h2>\n<p tabindex=\"-1\"><strong>Recibe alertas de salida de autobuses en tiempo real<\/strong><\/p>\n<p data-start=\"117\" data-end=\"204\">\u00a1Mantente informado sobre las pr\u00f3ximas salidas del Blue Bus con nuestro servicio de mensajes de texto de c\u00f3digo corto!<\/p>\n<p><strong data-start=\"208\" data-end=\"228\">Env\u00eda la palabra clave<\/strong><span> <\/span>que aparece en tu parada al<span> <\/span><strong data-start=\"255\" data-end=\"265\">321123<\/strong><span> <\/span>para recibir informaci\u00f3n en tiempo real sobre esa ruta.<\/p>\n<ul>\n<li>La mayor\u00eda de las paradas de autob\u00fas tienen publicado un c\u00f3digo de parada \u00fanico.<\/li>\n<li>Si no hay ning\u00fan c\u00f3digo disponible, usa<span> <\/span><strong data-start=\"392\" data-end=\"406\">BBstop#<\/strong> (p. ej.,<span> <\/span><strong data-start=\"414\" data-end=\"423\">BB100<\/strong>).<\/li>\n<\/ul>\n<p><strong data-start=\"323\" data-end=\"360\">Pueden aplicarse tarifas de mensajes y datos.<\/strong><\/p>\n<p data-start=\"364\" data-end=\"486\">\u00bfNecesitas ayuda? Env\u00eda <span> <\/span><strong data-start=\"380\" data-end=\"388\">HELP<\/strong><span> <\/span>al<span> <\/span><strong data-start=\"392\" data-end=\"402\">321123<\/strong><span> <\/span>para m\u00e1s informaci\u00f3n.<br data-start=\"424\" data-end=\"427\">\u00bfQuieres darte de baja? Env\u00eda <span> <\/span><strong data-start=\"449\" data-end=\"457\">STOP<\/strong><span> <\/span>al<span> <\/span><strong data-start=\"461\" data-end=\"471\">321123<\/strong><span> <\/span>en cualquier momento.<\/p>\n<p data-start=\"488\" data-end=\"555\">Para asistencia adicional, ll\u00e1manos gratis al<span> <\/span><strong data-start=\"536\" data-end=\"553\">866-206-0754.<\/strong><\/p>\n<p>[\/et_pb_blurb][et_pb_video src=\u00bbhttps:\/\/youtu.be\/qPRBnzmdglk?si=-esYJyetBbJWxcT8&#8243; _builder_version=\u00bb4.27.4&#8243; _module_preset=\u00bbdefault\u00bb hover_enabled=\u00bb0&#8243; sticky_enabled=\u00bb0&#8243;][\/et_pb_video][\/et_pb_column][et_pb_column type=\u00bb1_3&#8243; _builder_version=\u00bb4.27.4&#8243; _module_preset=\u00bbdefault\u00bb global_colors_info=\u00bb{}\u00bb][et_pb_blurb _builder_version=\u00bb4.27.4&#8243; _module_preset=\u00bbdefault\u00bb global_colors_info=\u00bb{}\u00bb]<\/p>\n<h2><strong>Ll\u00e1manos<\/strong><\/h2>\n<p>\u00bfPrefieres hablar con alguien? Llama a nuestros amables representantes de atenci\u00f3n al cliente al n\u00famero gratuito <strong data-start=\"617\" data-end=\"635\">1-866-206-0754<\/strong> y te ayudaremos a encontrar tu pr\u00f3ximo transporte, programar tu viaje o responder a cualquier pregunta que tengas. <\/p>\n<p>[\/et_pb_blurb][et_pb_image src=\u00bbhttps:\/\/www.ncrtd.org\/wp-content\/uploads\/2025\/06\/2025-06-03_michele-video-2-scaled.jpg\u00bb title_text=\u00bb2025-06-03_michele-video (2)\u00bb _builder_version=\u00bb4.27.4&#8243; _module_preset=\u00bbdefault\u00bb global_colors_info=\u00bb{}\u00bb][\/et_pb_image][\/et_pb_column][\/et_pb_row][\/et_pb_section][et_pb_section fb_built=\u00bb1&#8243; _builder_version=\u00bb4.27.4&#8243; _module_preset=\u00bbdefault\u00bb custom_padding=\u00bb0px|||||\u00bb global_colors_info=\u00bb{}\u00bb][et_pb_row _builder_version=\u00bb4.27.4&#8243; _module_preset=\u00bbdefault\u00bb custom_padding=\u00bb0px|||||\u00bb global_colors_info=\u00bb{}\u00bb][et_pb_column type=\u00bb4_4&#8243; _builder_version=\u00bb4.27.4&#8243; _module_preset=\u00bbdefault\u00bb global_colors_info=\u00bb{}\u00bb][et_pb_blurb _builder_version=\u00bb4.27.4&#8243; _module_preset=\u00bbdefault\u00bb custom_padding=\u00bb40px|||||\u00bb global_colors_info=\u00bb{}\u00bb]<\/p>\n<h4 tabindex=\"-1\">El<span> <\/span><span style=\"text-decoration: underline; color: #000080;\"><a href=\"http:\/\/bluebustracker.availtec.com\/infopoint\" target=\"_blank\" rel=\"noopener noreferrer\" role=\"link\" style=\"color: #000080; text-decoration: underline;\">Blue Bus Tracker<\/a><\/span><span> <\/span>sabe d\u00f3nde est\u00e1 tu autob\u00fas en todo momento.<\/h4>\n<p>Sean cuales sean tus necesidades de viaje en el norte de Nuevo M\u00e9xico, el Blue Bus te tiene cubierto y el Blue Bus Tracker es una forma sencilla y gratuita de eliminar el estr\u00e9s de tus desplazamientos. El Blue Bus Tracker est\u00e1 al d\u00eda con la \u00faltima tecnolog\u00eda y ha a\u00f1adido nuevas rutas, paradas adicionales y cuenta con horarios de recogida y llegada m\u00e1s f\u00e1ciles de usar, as\u00ed como opciones de conexi\u00f3n. Reg\u00edstrate en el Blue Bus Tracker y haz que tus viajes o desplazamientos diarios sean m\u00e1s f\u00e1ciles que nunca.  <\/p>\n<ul>\n<li>Obt\u00e9n toda la informaci\u00f3n de tr\u00e1nsito o planifica tu viaje sobre la marcha desde tu tel\u00e9fono, tableta o computadora<\/li>\n<li>Averigua cu\u00e1nto tardar\u00e1 en llegar un autob\u00fas a una parada cercana con la ubicaci\u00f3n en tiempo real de cada Blue Bus en la carretera<\/li>\n<li>Encuentra la parada del Blue Bus m\u00e1s cercana<\/li>\n<li>Reg\u00edstrate para recibir alertas por correo electr\u00f3nico o mensaje de texto espec\u00edficas de cada ruta sobre actualizaciones del servicio y retrasos meteorol\u00f3gicos para asegurarte de no perder tu autob\u00fas<\/li>\n<li>Actualizaciones en tiempo real mediante GPS sobre la ubicaci\u00f3n de los autobuses, rutas y horarios<\/li>\n<\/ul>\n<h4><span style=\"text-decoration: underline;\"><span style=\"color: #000080;\"><a href=\"https:\/\/www.ncrtd.org\/es\/mapa-interactivo\/\" role=\"link\" style=\"color: #000080; text-decoration: underline;\"> Ver el mapa interactivo<\/a><\/span><\/span><\/h4>\n<p><span style=\"text-decoration: underline;\"><span style=\"color: #000080;\"><\/span><\/span><\/p>\n<div class=\"et_pb_row_inner et_pb_row_inner_2 et_pb_gutters2\">\n<div class=\"et_pb_column et_pb_column_4_4 et_pb_column_inner et_pb_column_inner_2 et-last-child\">\n<div class=\"et_pb_module et_pb_text et_pb_text_3 et_pb_text_align_left et_pb_bg_layout_light\">\n<div class=\"et_pb_text_inner\">\n<h5 style=\"text-align: center;\" tabindex=\"-1\"><strong>\u00bfQuieres llevarte el Blue Bus Tracker contigo?<\/strong><\/h5>\n<p style=\"text-align: center;\">Descarga la aplicaci\u00f3n myStop siguiendo los enlaces de abajo<\/p>\n<\/div>\n<\/div>\n<\/div>\n<\/div>\n<div class=\"et_pb_row_inner et_pb_row_inner_3 et_pb_gutters1\">\n<div class=\"et_pb_column et_pb_column_4_4 et_pb_column_inner et_pb_column_inner_3 module-lineup desktop tablet phone et-last-child\">\n<div class=\"et_pb_module et_pb_image et_pb_image_0\" style=\"text-align: left;\"><a href=\"https:\/\/apps.apple.com\/us\/app\/mystop-mobile\/id591959423\" target=\"_blank\" role=\"link\" aria-label=\"Apple App Store\" rel=\"noopener\"><span class=\"et_pb_image_wrap \"><img loading=\"lazy\" decoding=\"async\" width=\"206\" height=\"61\" src=\"https:\/\/www.ncrtd.org\/wp-content\/uploads\/2021\/01\/1024px-Download_on_the_App_Store_Badge_svg.png\" alt=\"Apple App Store\" title=\"1024px-Download_on_the_App_Store_Badge_svg\" srcset=\"https:\/\/www.ncrtd.org\/wp-content\/uploads\/2021\/01\/1024px-Download_on_the_App_Store_Badge_svg.png 1024w, https:\/\/www.ncrtd.org\/wp-content\/uploads\/2021\/01\/1024px-Download_on_the_App_Store_Badge_svg-980x290.png 980w, https:\/\/www.ncrtd.org\/wp-content\/uploads\/2021\/01\/1024px-Download_on_the_App_Store_Badge_svg-480x142.png 480w\" sizes=\"(min-width: 0px) and (max-width: 480px) 480px, (min-width: 481px) and (max-width: 980px) 980px, (min-width: 981px) 1024px, 100vw\" class=\"wp-image-1454\"><\/span><\/a><a href=\"https:\/\/play.google.com\/store\/apps\/details?id=com.AvailTec.MyStop\" target=\"_blank\" role=\"link\" aria-label=\"Google Play\" rel=\"noopener\"><span class=\"et_pb_image_wrap \"><img loading=\"lazy\" decoding=\"async\" width=\"213\" height=\"63\" src=\"https:\/\/www.ncrtd.org\/wp-content\/uploads\/2021\/01\/download1.png\" alt=\"Google Play\" title=\"download(1)\" srcset=\"https:\/\/www.ncrtd.org\/wp-content\/uploads\/2021\/01\/download1.png 413w, https:\/\/www.ncrtd.org\/wp-content\/uploads\/2021\/01\/download1-300x89.png 300w\" sizes=\"(max-width: 413px) 100vw, 413px\" class=\"wp-image-1455\"><\/span><\/a><\/div>\n<\/div>\n<\/div>\n<p>[\/et_pb_blurb][\/et_pb_column][\/et_pb_row][\/et_pb_section]<\/p>\n","protected":false},"excerpt":{"rendered":"<p>Rastreo del Blue Bus Saber d\u00f3nde est\u00e1 tu autob\u00fas y cu\u00e1ndo llegar\u00e1 te ayuda a planificar tu viaje, cumplir con tu horario y viajar de forma segura. Ya sea que te desplaces al trabajo, vayas a una cita o explores el norte de Nuevo M\u00e9xico, el rastreo de autobuses en tiempo real te da la [&hellip;]<\/p>\n","protected":false},"author":13,"featured_media":0,"parent":243912,"menu_order":0,"comment_status":"closed","ping_status":"closed","template":"","meta":{"_et_pb_use_builder":"on","_et_pb_old_content":"","_et_gb_content_width":"","footnotes":""},"class_list":["post-243670","page","type-page","status-publish","hentry"],"_links":{"self":[{"href":"https:\/\/www.ncrtd.org\/es\/wp-json\/wp\/v2\/pages\/243670","targetHints":{"allow":["GET"]}}],"collection":[{"href":"https:\/\/www.ncrtd.org\/es\/wp-json\/wp\/v2\/pages"}],"about":[{"href":"https:\/\/www.ncrtd.org\/es\/wp-json\/wp\/v2\/types\/page"}],"author":[{"embeddable":true,"href":"https:\/\/www.ncrtd.org\/es\/wp-json\/wp\/v2\/users\/13"}],"replies":[{"embeddable":true,"href":"https:\/\/www.ncrtd.org\/es\/wp-json\/wp\/v2\/comments?post=243670"}],"version-history":[{"count":1,"href":"https:\/\/www.ncrtd.org\/es\/wp-json\/wp\/v2\/pages\/243670\/revisions"}],"predecessor-version":[{"id":243676,"href":"https:\/\/www.ncrtd.org\/es\/wp-json\/wp\/v2\/pages\/243670\/revisions\/243676"}],"up":[{"embeddable":true,"href":"https:\/\/www.ncrtd.org\/es\/wp-json\/wp\/v2\/pages\/243912"}],"wp:attachment":[{"href":"https:\/\/www.ncrtd.org\/es\/wp-json\/wp\/v2\/media?parent=243670"}],"curies":[{"name":"wp","href":"https:\/\/api.w.org\/{rel}","templated":true}]}}