{"id":243723,"date":"2021-01-04T14:43:50","date_gmt":"2021-01-04T21:43:50","guid":{"rendered":"https:\/\/www.ncrtd.org\/ofertas-de-empleo\/"},"modified":"2026-05-06T09:19:23","modified_gmt":"2026-05-06T15:19:23","slug":"ofertas-de-empleo","status":"publish","type":"page","link":"https:\/\/www.ncrtd.org\/es\/empleo-2\/ofertas-de-empleo\/","title":{"rendered":"Ofertas de empleo"},"content":{"rendered":"<p>[et_pb_section fb_built=\u00bb1&#8243; fullwidth=\u00bbon\u00bb _builder_version=\u00bb4.16&#8243; _module_preset=\u00bbcbe6949b-fe83-485f-a967-598203880f36&#8243; width_tablet=\u00bb\u00bb width_phone=\u00bb\u00bb width_last_edited=\u00bbon|desktop\u00bb custom_margin=\u00bb140px||||false|false\u00bb custom_margin_tablet=\u00bb0px||||false|false\u00bb custom_margin_phone=\u00bb\u00bb custom_margin_last_edited=\u00bbon|desktop\u00bb global_colors_info=\u00bb{}\u00bb][et_pb_fullwidth_image src=\u00bbhttps:\/\/www.ncrtd.org\/wp-content\/uploads\/2025\/03\/ncrtd-blue-bus-2023-0930.jpg\u00bb alt=\u00bbCarretera sinuosa de Santa Fe\u00bb title_text=\u00bbncrtd-blue-bus-2023-0930&#8243; disabled_on=\u00bboff|off|off\u00bb admin_label=\u00bbbackground fullwidth image\u00bb _builder_version=\u00bb4.27.6&#8243; _module_preset=\u00bb2215b47f-c514-4736-8638-9febfca886f5&#8243; background_color=\u00bbRGBA(255,255,255,0)\u00bb min_height=\u00bb739.1px\u00bb height_phone=\u00bb723.1px\u00bb custom_margin=\u00bb||-600px||false|false\u00bb hover_enabled=\u00bb0&#8243; global_module=\u00bb3818&#8243; locked=\u00bboff\u00bb global_colors_info=\u00bb{}\u00bb sticky_enabled=\u00bb0&#8243;][\/et_pb_fullwidth_image][\/et_pb_section][et_pb_section fb_built=\u00bb1&#8243; specialty=\u00bbon\u00bb padding_1_tablet=\u00bb2em|6%|2em|6%|true|true\u00bb padding_2_tablet=\u00bb2em|6%|2em|6%|true|true\u00bb padding_1_phone=\u00bb2em|8%|2em|8%|true|true\u00bb padding_2_phone=\u00bb2em|8%|2em|8%|true|true\u00bb padding_1_last_edited=\u00bbon|desktop\u00bb padding_2_last_edited=\u00bbon|tablet\u00bb module_id_1=\u00bbsidebar\u00bb module_class_1=\u00bbcontent-sidebar\u00bb module_class_2=\u00bbcontent-main\u00bb _builder_version=\u00bb4.16&#8243; _module_preset=\u00bb49fa2571-fdca-4afb-b157-c44ecc3f4485&#8243; global_colors_info=\u00bb{}\u00bb][et_pb_column type=\u00bb1_4&#8243; _builder_version=\u00bb4.16&#8243; custom_padding=\u00bb|||\u00bb global_colors_info=\u00bb{}\u00bb custom_padding__hover=\u00bb|||\u00bb][et_pb_menu menu_id=\u00bb2&#8243; _builder_version=\u00bb4.16&#8243; _module_preset=\u00bbefd0ba9f-ac50-4f8b-84a6-8e44415a3403&#8243; global_colors_info=\u00bb{}\u00bb][\/et_pb_menu][et_pb_text _builder_version=\u00bb4.23.3&#8243; _module_preset=\u00bba5d3b840-eb6f-4446-9880-fb2e3dcbae61&#8243; global_module=\u00bb2761&#8243; saved_tabs=\u00bball\u00bb global_colors_info=\u00bb{}\u00bb][\/et_pb_text][\/et_pb_column][et_pb_column type=\u00bb3_4&#8243; specialty_columns=\u00bb3&#8243; _builder_version=\u00bb4.16&#8243; custom_padding=\u00bb|||\u00bb global_colors_info=\u00bb{}\u00bb custom_padding__hover=\u00bb|||\u00bb][et_pb_row_inner _builder_version=\u00bb4.16&#8243; _module_preset=\u00bbdefault\u00bb global_colors_info=\u00bb{}\u00bb][et_pb_column_inner saved_specialty_column_type=\u00bb3_4&#8243; _builder_version=\u00bb4.16&#8243; _module_preset=\u00bbdefault\u00bb global_colors_info=\u00bb{}\u00bb][et_pb_text _builder_version=\u00bb4.22.0&#8243; _module_preset=\u00bbdefault\u00bb global_colors_info=\u00bb{}\u00bb]<\/p>\n<p><span>El portal de empleo en l\u00ednea de NCRTD se actualiza a medida que surgen nuevas vacantes. Para solicitar un puesto, env\u00eda tu solicitud a trav\u00e9s de nuestro portal en l\u00ednea. Si tienes alguna pregunta sobre el puesto o el proceso de solicitud, no dudes en <a href=\"https:\/\/www.ncrtd.org\/es\/empleo-2\/\">contactarnos.<\/a> \u00a1Esperamos hablar contigo sobre nuestro equipo de Blue Bus!  <\/span><\/p>\n<p>[\/et_pb_text][et_pb_text _builder_version=\u00bb4.27.4&#8243; _module_preset=\u00bbdefault\u00bb global_colors_info=\u00bb{}\u00bb]<\/p>\n<h4 data-start=\"398\" data-end=\"428\"><strong data-start=\"403\" data-end=\"428\">Oportunidades de empleo destacadas<\/strong><\/h4>\n<p data-start=\"429\" data-end=\"499\">\u00a1Estamos contratando! Ya sea que te interese ayudar entre bastidores o conducir uno de nuestros ic\u00f3nicos Blue Buses, hay un puesto para ti. Haz clic a continuaci\u00f3n para obtener m\u00e1s informaci\u00f3n y solicitar.  <a data-start=\"591\" data-end=\"607\" href=\"https:\/\/www.governmentjobs.com\/careers\/ncrtd?category%5B0%5D=Drivers&amp;sort=PostingDate%7CDescending\" target=\"_blank\" rel=\"noopener\"><\/a><\/p>\n<p>[\/et_pb_text][et_pb_text disabled_on=\u00bbon|on|on\u00bb _builder_version=\u00bb4.27.6&#8243; _module_preset=\u00bbdefault\u00bb disabled=\u00bbon\u00bb global_colors_info=\u00bb{}\u00bb]<\/p>\n<ul>\n<li><strong data-start=\"503\" data-end=\"513\">Conductor de tr\u00e1nsito de temporada (se requiere CDL) Taos, NM<\/strong><br data-start=\"513\" data-end=\"516\">Transporta pasajeros en rutas fijas y bajo demanda. Empleo de temporada desde finales de diciembre hasta finales de marzo. <br data-start=\"586\" data-end=\"589\"><a data-start=\"591\" data-end=\"607\" href=\"https:\/\/www.governmentjobs.com\/careers\/ncrtd?category%5B0%5D=Drivers&amp;sort=PostingDate%7CDescending\" target=\"_blank\" rel=\"noopener\">Solicitar ahora \u00bb<\/a><\/li>\n<\/ul>\n<p>[\/et_pb_text][et_pb_text _builder_version=\u00bb4.27.4&#8243; _module_preset=\u00bbdefault\u00bb global_colors_info=\u00bb{}\u00bb]<\/p>\n<ul data-start=\"896\" data-end=\"1100\">\n<li data-start=\"501\" data-end=\"607\">\n<p data-start=\"503\" data-end=\"607\"><strong data-start=\"503\" data-end=\"513\">Conductor de tr\u00e1nsito<\/strong><br data-start=\"513\" data-end=\"516\">Transporta pasajeros de forma segura en rutas programadas. Puede requerirse CDL. <br data-start=\"586\" data-end=\"589\"><a data-start=\"591\" data-end=\"607\" href=\"https:\/\/www.governmentjobs.com\/careers\/ncrtd?category%5B0%5D=Drivers&amp;sort=PostingDate%7CDescending\" target=\"_blank\" rel=\"noopener\">Solicitar ahora \u00bb<\/a><a data-start=\"1073\" data-end=\"1100\" rel=\"noopener\" href=\"https:\/\/www.governmentjobs.com\/careers\/ncrtd\/jobs\/4035578\/transit-operations-manager\" target=\"_blank\"><\/a><\/p>\n<\/li>\n<\/ul>\n<p>[\/et_pb_text][et_pb_text disabled_on=\u00bbon|on|on\u00bb _builder_version=\u00bb4.27.4&#8243; _module_preset=\u00bbdefault\u00bb disabled=\u00bbon\u00bb global_colors_info=\u00bb{}\u00bb]<\/p>\n<ul data-start=\"896\" data-end=\"1100\">\n<li data-start=\"896\" data-end=\"1100\">\n<p data-start=\"898\" data-end=\"1100\"><strong data-start=\"898\" data-end=\"972\">Director ejecutivo<\/strong><br data-start=\"972\" data-end=\"975\">Supervisa las operaciones, las finanzas y la direcci\u00f3n estrat\u00e9gica mientras trabajas estrechamente con la Junta y los socios comunitarios.<br data-start=\"1068\" data-end=\"1071\"><a data-start=\"1073\" data-end=\"1100\" rel=\"noopener\" href=\"https:\/\/recruiterflow.com\/transproconsulting\/jobs\/104?source=transpro_website&amp;medium=open_positions\" target=\"_blank\">Ver detalles y solicitar \u00bb<\/a><\/p>\n<\/li>\n<\/ul>\n<p>[\/et_pb_text][et_pb_button button_url=\u00bbhttps:\/\/www.governmentjobs.com\/careers\/ncrtd\u00bb url_new_window=\u00bbon\u00bb button_text=\u00bbPortal de empleo de North Central RTD\u00bb button_alignment=\u00bbcenter\u00bb _builder_version=\u00bb4.27.4&#8243; _module_preset=\u00bbdefault\u00bb global_colors_info=\u00bb{}\u00bb][\/et_pb_button][et_pb_text _builder_version=\u00bb4.21.0&#8243; _module_preset=\u00bbdefault\u00bb custom_padding=\u00bb30px||||false|false\u00bb global_colors_info=\u00bb{}\u00bb]<\/p>\n<h2><span>\u00bfPor qu\u00e9 trabajar con nosotros?<\/span><\/h2>\n<p>[\/et_pb_text][et_pb_text _builder_version=\u00bb4.21.0&#8243; _module_preset=\u00bbdefault\u00bb global_colors_info=\u00bb{}\u00bb]<\/p>\n<p>Unirte al equipo de Blue Bus significa convertirte en un miembro valioso de un entorno de trabajo diverso e inclusivo. Priorizamos la seguridad, la profesionalidad y la prestaci\u00f3n de un servicio de alta calidad a nuestros pasajeros y a la comunidad. A medida que adquieras experiencia, tendr\u00e1s la oportunidad de crecer profesionalmente y asumir responsabilidades m\u00e1s desafiantes.   <\/p>\n<p>Ay\u00fadanos a tener un impacto positivo en las necesidades de transporte de nuestra comunidad mientras disfrutas de una carrera gratificante en Blue Bus. \u00a1No pierdas esta oportunidad de formar parte de nuestro equipo! <\/p>\n<p>[\/et_pb_text][et_pb_button button_url=\u00bbhttps:\/\/www.governmentjobs.com\/careers\/ncrtd\u00bb url_new_window=\u00bbon\u00bb button_text=\u00bbSolicita hoy\u00bb button_alignment=\u00bbcenter\u00bb _builder_version=\u00bb4.21.0&#8243; _module_preset=\u00bbdefault\u00bb global_colors_info=\u00bb{}\u00bb][\/et_pb_button][et_pb_image src=\u00bbhttps:\/\/www.ncrtd.org\/wp-content\/uploads\/2023\/07\/bus-river-belen-1920.png\u00bb title_text=\u00bbbus-river-belen-1920&#8243; _builder_version=\u00bb4.21.0&#8243; _module_preset=\u00bbdefault\u00bb custom_padding=\u00bb20px||20px||false|false\u00bb global_colors_info=\u00bb{}\u00bb][\/et_pb_image][et_pb_text _builder_version=\u00bb4.21.0&#8243; _module_preset=\u00bbdefault\u00bb global_colors_info=\u00bb{}\u00bb]<\/p>\n<h2>\u00a1Convi\u00e9rtete en conductor de tr\u00e1nsito de Blue Bus en el centro-norte de Nuevo M\u00e9xico!<\/h2>\n<p>[\/et_pb_text][et_pb_text _builder_version=\u00bb4.27.4&#8243; _module_preset=\u00bbdefault\u00bb global_colors_info=\u00bb{}\u00bb]<\/p>\n<p><span>\u00bfBuscas una carrera emocionante y gratificante como conductor en Taos o Espa\u00f1ola? \u00a1\u00danete al equipo de Blue Bus como conductor de tr\u00e1nsito! Como conductor de nivel inicial, comenzar\u00e1s con supervisi\u00f3n cercana, aprendiendo y realizando tareas rutinarias en la operaci\u00f3n de nuestros veh\u00edculos de transporte y pasajeros del distrito en rutas fijas y de servicio bajo demanda. Con la experiencia, tus asignaciones se volver\u00e1n m\u00e1s variadas, complejas y desafiantes, lo que te permitir\u00e1 demostrar tus habilidades y trabajar de forma independiente. Ofrecemos un salario por hora competitivo de 20,82 $ y empleo a tiempo completo para proporcionar estabilidad y una carrera gratificante.    <\/span><\/p>\n<p><span>Si eres un conductor responsable y capacitado con pasi\u00f3n por brindar un excelente servicio, \u00a1te animamos a solicitar el puesto de conductor de tr\u00e1nsito I hoy! Ay\u00fadanos a tener un impacto positivo en las necesidades de transporte de nuestra comunidad mientras disfrutas de una carrera gratificante en Blue Bus. \u00a1No pierdas esta oportunidad de formar parte de nuestro equipo!  <\/span><\/p>\n<p><span><\/span><\/p>\n<p>[\/et_pb_text][et_pb_button button_url=\u00bbhttps:\/\/www.governmentjobs.com\/careers\/ncrtd?category%910%93=Drivers&amp;sort=PostingDate%7CDescending\u00bb url_new_window=\u00bbon\u00bb button_text=\u00bbVer puestos de conductor disponibles\u00bb button_alignment=\u00bbcenter\u00bb _builder_version=\u00bb4.21.0&#8243; _module_preset=\u00bbdefault\u00bb global_colors_info=\u00bb{}\u00bb][\/et_pb_button][\/et_pb_column_inner][\/et_pb_row_inner][\/et_pb_column][\/et_pb_section]<\/p>\n","protected":false},"excerpt":{"rendered":"<p>El portal de empleo en l\u00ednea de NCRTD se actualiza a medida que surgen nuevas vacantes. Para solicitar un puesto, env\u00eda tu solicitud a trav\u00e9s de nuestro portal en l\u00ednea. Si tienes alguna pregunta sobre el puesto o el proceso de solicitud, no dudes en contactarnos. \u00a1Esperamos hablar contigo sobre nuestro equipo de Blue Bus! [&hellip;]<\/p>\n","protected":false},"author":1,"featured_media":0,"parent":243982,"menu_order":0,"comment_status":"closed","ping_status":"closed","template":"","meta":{"_et_pb_use_builder":"on","_et_pb_old_content":"","_et_gb_content_width":"","footnotes":""},"class_list":["post-243723","page","type-page","status-publish","hentry"],"_links":{"self":[{"href":"https:\/\/www.ncrtd.org\/es\/wp-json\/wp\/v2\/pages\/243723","targetHints":{"allow":["GET"]}}],"collection":[{"href":"https:\/\/www.ncrtd.org\/es\/wp-json\/wp\/v2\/pages"}],"about":[{"href":"https:\/\/www.ncrtd.org\/es\/wp-json\/wp\/v2\/types\/page"}],"author":[{"embeddable":true,"href":"https:\/\/www.ncrtd.org\/es\/wp-json\/wp\/v2\/users\/1"}],"replies":[{"embeddable":true,"href":"https:\/\/www.ncrtd.org\/es\/wp-json\/wp\/v2\/comments?post=243723"}],"version-history":[{"count":2,"href":"https:\/\/www.ncrtd.org\/es\/wp-json\/wp\/v2\/pages\/243723\/revisions"}],"predecessor-version":[{"id":243725,"href":"https:\/\/www.ncrtd.org\/es\/wp-json\/wp\/v2\/pages\/243723\/revisions\/243725"}],"up":[{"embeddable":true,"href":"https:\/\/www.ncrtd.org\/es\/wp-json\/wp\/v2\/pages\/243982"}],"wp:attachment":[{"href":"https:\/\/www.ncrtd.org\/es\/wp-json\/wp\/v2\/media?parent=243723"}],"curies":[{"name":"wp","href":"https:\/\/api.w.org\/{rel}","templated":true}]}}