{"id":243740,"date":"2021-01-04T15:38:59","date_gmt":"2021-01-04T22:38:59","guid":{"rendered":"https:\/\/www.ncrtd.org\/junta-directiva\/comite-tribal\/"},"modified":"2026-05-06T08:52:28","modified_gmt":"2026-05-06T14:52:28","slug":"comite-tribal","status":"publish","type":"page","link":"https:\/\/www.ncrtd.org\/es\/junta-directiva\/comite-tribal\/","title":{"rendered":"Comit\u00e9 Tribal"},"content":{"rendered":"<p>[et_pb_section fb_built=\u00bb1&#8243; fullwidth=\u00bbon\u00bb _builder_version=\u00bb4.16&#8243; _module_preset=\u00bbcbe6949b-fe83-485f-a967-598203880f36&#8243; width_tablet=\u00bb\u00bb width_phone=\u00bb\u00bb width_last_edited=\u00bbon|desktop\u00bb custom_margin=\u00bb140px||||false|false\u00bb custom_margin_tablet=\u00bb0px||||false|false\u00bb custom_margin_phone=\u00bb\u00bb custom_margin_last_edited=\u00bbon|desktop\u00bb global_colors_info=\u00bb{}\u00bb][et_pb_fullwidth_image src=\u00bbhttps:\/\/www.ncrtd.org\/wp-content\/uploads\/2021\/06\/winding-santa-fe-road.jpg\u00bb alt=\u00bbCarretera sinuosa de Santa Fe\u00bb title_text=\u00bbwinding-santa-fe-road\u00bb _builder_version=\u00bb4.16&#8243; _module_preset=\u00bb2215b47f-c514-4736-8638-9febfca886f5&#8243; global_colors_info=\u00bb{}\u00bb][\/et_pb_fullwidth_image][\/et_pb_section][et_pb_section fb_built=\u00bb1&#8243; specialty=\u00bbon\u00bb padding_1_tablet=\u00bb2em|6%|2em|6%|true|true\u00bb padding_2_tablet=\u00bb2em|6%|2em|6%|true|true\u00bb padding_1_phone=\u00bb2em|8%|2em|8%|true|true\u00bb padding_2_phone=\u00bb2em|8%|2em|8%|true|true\u00bb padding_1_last_edited=\u00bbon|desktop\u00bb padding_2_last_edited=\u00bbon|tablet\u00bb module_id_1=\u00bbsidebar\u00bb module_class_1=\u00bbcontent-sidebar\u00bb module_class_2=\u00bbcontent-main\u00bb _builder_version=\u00bb4.16&#8243; _module_preset=\u00bb49fa2571-fdca-4afb-b157-c44ecc3f4485&#8243; global_colors_info=\u00bb{}\u00bb][et_pb_column type=\u00bb1_4&#8243; _builder_version=\u00bb4.16&#8243; custom_padding=\u00bb|||\u00bb global_colors_info=\u00bb{}\u00bb custom_padding__hover=\u00bb|||\u00bb][et_pb_menu menu_id=\u00bb2&#8243; _builder_version=\u00bb4.16&#8243; _module_preset=\u00bbefd0ba9f-ac50-4f8b-84a6-8e44415a3403&#8243; global_colors_info=\u00bb{}\u00bb][\/et_pb_menu][et_pb_text _builder_version=\u00bb4.23.3&#8243; _module_preset=\u00bba5d3b840-eb6f-4446-9880-fb2e3dcbae61&#8243; global_module=\u00bb2761&#8243; saved_tabs=\u00bball\u00bb global_colors_info=\u00bb{}\u00bb][\/et_pb_text][\/et_pb_column][et_pb_column type=\u00bb3_4&#8243; specialty_columns=\u00bb3&#8243; _builder_version=\u00bb4.16&#8243; custom_padding=\u00bb|||\u00bb global_colors_info=\u00bb{}\u00bb custom_padding__hover=\u00bb|||\u00bb][et_pb_row_inner _builder_version=\u00bb4.21.0&#8243; _module_preset=\u00bbdefault\u00bb global_colors_info=\u00bb{}\u00bb][et_pb_column_inner saved_specialty_column_type=\u00bb3_4&#8243; _builder_version=\u00bb4.21.0&#8243; _module_preset=\u00bbdefault\u00bb global_colors_info=\u00bb{}\u00bb][et_pb_text _builder_version=\u00bb4.27.5&#8243; _module_preset=\u00bbdefault\u00bb hover_enabled=\u00bb0&#8243; global_colors_info=\u00bb{}\u00bb sticky_enabled=\u00bb0&#8243;]<\/p>\n<p>Los paquetes del Subcomit\u00e9 Tribal de la Junta del North Central Regional Transit District est\u00e1n disponibles a continuaci\u00f3n:<\/p>\n<ul>\n<li><a href=\"https:\/\/www.ncrtd.org\/board-of-directors\/tribal-subcommittee\/2026-agendas\/\">2026<\/a><\/li>\n<li><a href=\"https:\/\/www.ncrtd.org\/board-of-directors\/tribal-subcommittee\/2025-agendas\/\">2025<\/a><\/li>\n<li><a href=\"https:\/\/www.ncrtd.org\/board-of-directors\/tribal-subcommittee\/2024-agendas\/\">2024<\/a><\/li>\n<li><a href=\"https:\/\/www.ncrtd.org\/board-of-directors\/tribal-subcommittee\/2023-agendas\/\">2023<\/a><\/li>\n<li><a href=\"https:\/\/www.ncrtd.org\/board-of-directors\/tribal-subcommittee\/2022-agendas\/\">2022<\/a><\/li>\n<li><a href=\"https:\/\/www.ncrtd.org\/board-of-directors\/tribal-subcommittee\/2021-agendas\/\">2021<\/a><\/li>\n<li><a href=\"https:\/\/www.ncrtd.org\/board-of-directors\/tribal-subcommittee\/2020-agendas\/\">2020<\/a><\/li>\n<li><a href=\"https:\/\/www.ncrtd.org\/board-of-directors\/tribal-subcommittee\/2019-agendas\/\">2019<\/a><\/li>\n<li><a href=\"https:\/\/www.ncrtd.org\/board-of-directors\/tribal-subcommittee\/2018-agendas\/\">2018<\/a><\/li>\n<li><a href=\"https:\/\/www.ncrtd.org\/board-of-directors\/tribal-subcommittee\/2017-agendas\/\">2017<\/a><\/li>\n<li><a href=\"https:\/\/www.ncrtd.org\/board-of-directors\/tribal-subcommittee\/2016-agendas\/\">2016<\/a><\/li>\n<\/ul>\n<p>&nbsp;<\/p>\n<p><a href=\"https:\/\/www.ncrtd.org\/board-of-directors\/calendar-of-board-meetings\/\">Ver el calendario de reuniones de la Junta &gt;<\/a><\/p>\n<p>[\/et_pb_text][\/et_pb_column_inner][\/et_pb_row_inner][\/et_pb_column][\/et_pb_section]<\/p>\n","protected":false},"excerpt":{"rendered":"<p>Los paquetes del Subcomit\u00e9 Tribal de la Junta del North Central Regional Transit District est\u00e1n disponibles a continuaci\u00f3n: 2026 2025 2024 2023 2022 2021 2020 2019 2018 2017 2016 &nbsp; Ver el calendario de reuniones de la Junta &gt;<\/p>\n","protected":false},"author":1,"featured_media":0,"parent":243367,"menu_order":0,"comment_status":"closed","ping_status":"closed","template":"","meta":{"_et_pb_use_builder":"on","_et_pb_old_content":"","_et_gb_content_width":"","footnotes":""},"class_list":["post-243740","page","type-page","status-publish","hentry"],"_links":{"self":[{"href":"https:\/\/www.ncrtd.org\/es\/wp-json\/wp\/v2\/pages\/243740","targetHints":{"allow":["GET"]}}],"collection":[{"href":"https:\/\/www.ncrtd.org\/es\/wp-json\/wp\/v2\/pages"}],"about":[{"href":"https:\/\/www.ncrtd.org\/es\/wp-json\/wp\/v2\/types\/page"}],"author":[{"embeddable":true,"href":"https:\/\/www.ncrtd.org\/es\/wp-json\/wp\/v2\/users\/1"}],"replies":[{"embeddable":true,"href":"https:\/\/www.ncrtd.org\/es\/wp-json\/wp\/v2\/comments?post=243740"}],"version-history":[{"count":1,"href":"https:\/\/www.ncrtd.org\/es\/wp-json\/wp\/v2\/pages\/243740\/revisions"}],"predecessor-version":[{"id":243743,"href":"https:\/\/www.ncrtd.org\/es\/wp-json\/wp\/v2\/pages\/243740\/revisions\/243743"}],"up":[{"embeddable":true,"href":"https:\/\/www.ncrtd.org\/es\/wp-json\/wp\/v2\/pages\/243367"}],"wp:attachment":[{"href":"https:\/\/www.ncrtd.org\/es\/wp-json\/wp\/v2\/media?parent=243740"}],"curies":[{"name":"wp","href":"https:\/\/api.w.org\/{rel}","templated":true}]}}