{"id":243747,"date":"2021-01-04T15:37:44","date_gmt":"2021-01-04T22:37:44","guid":{"rendered":"https:\/\/www.ncrtd.org\/junta-directiva\/calendario-de-reuniones-de-la-junta-directiva\/"},"modified":"2026-05-06T08:53:02","modified_gmt":"2026-05-06T14:53:02","slug":"calendario-de-reuniones-de-la-junta-directiva","status":"publish","type":"page","link":"https:\/\/www.ncrtd.org\/es\/junta-directiva\/calendario-de-reuniones-de-la-junta-directiva\/","title":{"rendered":"Calendario de reuniones de la Junta Directiva"},"content":{"rendered":"<p>[et_pb_section fb_built=\u00bb1&#8243; fullwidth=\u00bbon\u00bb _builder_version=\u00bb4.16&#8243; _module_preset=\u00bbcbe6949b-fe83-485f-a967-598203880f36&#8243; width_tablet=\u00bb\u00bb width_phone=\u00bb\u00bb width_last_edited=\u00bbon|desktop\u00bb custom_margin=\u00bb140px||||false|false\u00bb custom_margin_tablet=\u00bb0px||||false|false\u00bb custom_margin_phone=\u00bb\u00bb custom_margin_last_edited=\u00bbon|desktop\u00bb global_colors_info=\u00bb{}\u00bb][et_pb_fullwidth_image src=\u00bbhttps:\/\/www.ncrtd.org\/wp-content\/uploads\/2025\/03\/ncrtd-blue-bus-2023-0930.jpg\u00bb alt=\u00bbCarretera sinuosa de Santa Fe\u00bb title_text=\u00bbncrtd-blue-bus-2023-0930&#8243; disabled_on=\u00bboff|off|off\u00bb admin_label=\u00bbbackground fullwidth image\u00bb _builder_version=\u00bb4.27.6&#8243; _module_preset=\u00bb2215b47f-c514-4736-8638-9febfca886f5&#8243; background_color=\u00bbRGBA(255,255,255,0)\u00bb min_height=\u00bb739.1px\u00bb height_phone=\u00bb100px\u00bb custom_margin=\u00bb||-600px||false|false\u00bb global_module=\u00bb3818&#8243; locked=\u00bboff\u00bb global_colors_info=\u00bb{}\u00bb][\/et_pb_fullwidth_image][\/et_pb_section][et_pb_section fb_built=\u00bb1&#8243; specialty=\u00bbon\u00bb padding_1_tablet=\u00bb2em|6%|2em|6%|true|true\u00bb padding_2_tablet=\u00bb2em|6%|2em|6%|true|true\u00bb padding_1_phone=\u00bb2em|8%|2em|8%|true|true\u00bb padding_2_phone=\u00bb2em|8%|2em|8%|true|true\u00bb padding_1_last_edited=\u00bbon|desktop\u00bb padding_2_last_edited=\u00bbon|tablet\u00bb module_id_1=\u00bbsidebar\u00bb module_class_1=\u00bbcontent-sidebar\u00bb module_class_2=\u00bbcontent-main\u00bb _builder_version=\u00bb4.16&#8243; _module_preset=\u00bb49fa2571-fdca-4afb-b157-c44ecc3f4485&#8243; global_colors_info=\u00bb{}\u00bb][et_pb_column type=\u00bb1_4&#8243; _builder_version=\u00bb4.16&#8243; custom_padding=\u00bb|||\u00bb global_colors_info=\u00bb{}\u00bb custom_padding__hover=\u00bb|||\u00bb][et_pb_menu menu_id=\u00bb2&#8243; _builder_version=\u00bb4.16&#8243; _module_preset=\u00bbefd0ba9f-ac50-4f8b-84a6-8e44415a3403&#8243; global_colors_info=\u00bb{}\u00bb][\/et_pb_menu][et_pb_text _builder_version=\u00bb4.23.3&#8243; _module_preset=\u00bba5d3b840-eb6f-4446-9880-fb2e3dcbae61&#8243; global_module=\u00bb2761&#8243; saved_tabs=\u00bball\u00bb global_colors_info=\u00bb{}\u00bb][\/et_pb_text][\/et_pb_column][et_pb_column type=\u00bb3_4&#8243; specialty_columns=\u00bb3&#8243; _builder_version=\u00bb4.16&#8243; custom_padding=\u00bb|||\u00bb global_colors_info=\u00bb{}\u00bb custom_padding__hover=\u00bb|||\u00bb][et_pb_row_inner _builder_version=\u00bb4.21.0&#8243; _module_preset=\u00bbdefault\u00bb global_colors_info=\u00bb{}\u00bb][et_pb_column_inner saved_specialty_column_type=\u00bb3_4&#8243; _builder_version=\u00bb4.21.0&#8243; _module_preset=\u00bbdefault\u00bb global_colors_info=\u00bb{}\u00bb][et_pb_text _builder_version=\u00bb4.27.6&#8243; _module_preset=\u00bbdefault\u00bb global_colors_info=\u00bb{}\u00bb]<\/p>\n<p>A continuaci\u00f3n se indican las fechas de las reuniones ordinarias del a\u00f1o natural 2026:<\/p>\n<ul>\n<li>Enero: sin reuni\u00f3n<\/li>\n<li>6 de febrero<\/li>\n<li>6 de marzo<\/li>\n<li>10 de abril: retiro de liderazgo de la Junta Directiva fuera de sede, sin asistencia virtual<\/li>\n<li>1 de mayo<\/li>\n<li>5 de junio<\/li>\n<li>Julio: sin reuni\u00f3n<\/li>\n<li>7 de agosto<\/li>\n<li>4 de septiembre<\/li>\n<li>2 de octubre<\/li>\n<li>6 de noviembre<\/li>\n<li>4 de diciembre<\/li>\n<\/ul>\n<p>[\/et_pb_text][\/et_pb_column_inner][\/et_pb_row_inner][et_pb_row_inner _builder_version=\u00bb4.21.0&#8243; _module_preset=\u00bbdefault\u00bb global_colors_info=\u00bb{}\u00bb][et_pb_column_inner saved_specialty_column_type=\u00bb3_4&#8243; _builder_version=\u00bb4.21.0&#8243; _module_preset=\u00bbdefault\u00bb global_colors_info=\u00bb{}\u00bb][et_pb_text _builder_version=\u00bb4.27.6&#8243; _module_preset=\u00bbdefault\u00bb global_colors_info=\u00bb{}\u00bb]<\/p>\n<h3 tabindex=\"-1\">C\u00f3mo asistir<\/h3>\n<p>Nos encanta ver a la comunidad acompa\u00f1\u00e1ndonos en persona en el Jim West Regional Transit Center. <\/p>\n<p>Tambi\u00e9n puedes ver la reuni\u00f3n en l\u00ednea a trav\u00e9s de YouTube usando el enlace de abajo. Es la forma m\u00e1s f\u00e1cil de seguirla si no puedes asistir en persona. <\/p>\n<p>Los comentarios del p\u00fablico se realizan al inicio de cada reuni\u00f3n. Te animamos a hacer comentarios en persona siempre que sea posible. Si no puedes asistir en persona pero te gustar\u00eda hacer un comentario p\u00fablico, ponte en contacto con antelaci\u00f3n con el\/la asistente ejecutivo\/a de NCRTD para que podamos ayudarte.  <\/p>\n<p>[\/et_pb_text][et_pb_text _builder_version=\u00bb4.27.6&#8243; _module_preset=\u00bbdefault\u00bb global_colors_info=\u00bb{}\u00bb]<\/p>\n<h4>Accesibilidad de las reuniones<\/h4>\n<p>Si eres una persona con discapacidad y necesitas un lector, amplificador, int\u00e9rprete de lengua de signos cualificado o cualquier otra forma de ayuda o servicio auxiliar para asistir o participar en la audiencia de la reuni\u00f3n, ponte en contacto con el asistente ejecutivo del NCRTD en el (505) 629-4702 al menos una semana antes de la reuni\u00f3n, o lo antes posible. Los documentos p\u00fablicos, incluidos el orden del d\u00eda y las actas, pueden proporcionarse en varios formatos accesibles. <\/p>\n<p>[\/et_pb_text][\/et_pb_column_inner][\/et_pb_row_inner][et_pb_row_inner column_structure=\u00bb1_2,1_2&#8243; _builder_version=\u00bb4.27.6&#8243; _module_preset=\u00bbdefault\u00bb global_colors_info=\u00bb{}\u00bb][et_pb_column_inner type=\u00bb1_2&#8243; saved_specialty_column_type=\u00bb3_4&#8243; _builder_version=\u00bb4.27.6&#8243; _module_preset=\u00bbdefault\u00bb global_colors_info=\u00bb{}\u00bb][et_pb_button button_url=\u00bbhttps:\/\/www.ncrtd.org\/es\/junta-directiva\/agendas-publicas\/\u00bb button_text=\u00bbVer \u00f3rdenes del d\u00eda\u00bb button_alignment=\u00bbcenter\u00bb admin_label=\u00bbagenda button\u00bb _builder_version=\u00bb4.27.6&#8243; _module_preset=\u00bbdefault\u00bb custom_margin=\u00bb20px|20px|20px|20px|true|true\u00bb global_colors_info=\u00bb{}\u00bb][\/et_pb_button][\/et_pb_column_inner][et_pb_column_inner type=\u00bb1_2&#8243; saved_specialty_column_type=\u00bb3_4&#8243; _builder_version=\u00bb4.27.6&#8243; _module_preset=\u00bbdefault\u00bb global_colors_info=\u00bb{}\u00bb][et_pb_button button_url=\u00bbhttps:\/\/youtube.com\/live\/qXcUiZ4YjpU?feature=share\u00bb url_new_window=\u00bbon\u00bb button_text=\u00bbVer en YouTube\u00bb button_alignment=\u00bbcenter\u00bb admin_label=\u00bbyoutube link (to be updated each month)\u00bb _builder_version=\u00bb4.27.6&#8243; _module_preset=\u00bbdefault\u00bb custom_margin=\u00bb20px|20px|20px|20px|true|true\u00bb hover_enabled=\u00bb0&#8243; global_colors_info=\u00bb{}\u00bb sticky_enabled=\u00bb0&#8243;][\/et_pb_button][\/et_pb_column_inner][\/et_pb_row_inner][\/et_pb_column][\/et_pb_section]<\/p>\n","protected":false},"excerpt":{"rendered":"<p>A continuaci\u00f3n se indican las fechas de las reuniones ordinarias del a\u00f1o natural 2026: Enero: sin reuni\u00f3n 6 de febrero 6 de marzo 10 de abril: retiro de liderazgo de la Junta Directiva fuera de sede, sin asistencia virtual 1 de mayo 5 de junio Julio: sin reuni\u00f3n 7 de agosto 4 de septiembre 2 [&hellip;]<\/p>\n","protected":false},"author":1,"featured_media":0,"parent":243367,"menu_order":0,"comment_status":"closed","ping_status":"closed","template":"","meta":{"_et_pb_use_builder":"on","_et_pb_old_content":"","_et_gb_content_width":"","footnotes":""},"class_list":["post-243747","page","type-page","status-publish","hentry"],"_links":{"self":[{"href":"https:\/\/www.ncrtd.org\/es\/wp-json\/wp\/v2\/pages\/243747","targetHints":{"allow":["GET"]}}],"collection":[{"href":"https:\/\/www.ncrtd.org\/es\/wp-json\/wp\/v2\/pages"}],"about":[{"href":"https:\/\/www.ncrtd.org\/es\/wp-json\/wp\/v2\/types\/page"}],"author":[{"embeddable":true,"href":"https:\/\/www.ncrtd.org\/es\/wp-json\/wp\/v2\/users\/1"}],"replies":[{"embeddable":true,"href":"https:\/\/www.ncrtd.org\/es\/wp-json\/wp\/v2\/comments?post=243747"}],"version-history":[{"count":1,"href":"https:\/\/www.ncrtd.org\/es\/wp-json\/wp\/v2\/pages\/243747\/revisions"}],"predecessor-version":[{"id":243750,"href":"https:\/\/www.ncrtd.org\/es\/wp-json\/wp\/v2\/pages\/243747\/revisions\/243750"}],"up":[{"embeddable":true,"href":"https:\/\/www.ncrtd.org\/es\/wp-json\/wp\/v2\/pages\/243367"}],"wp:attachment":[{"href":"https:\/\/www.ncrtd.org\/es\/wp-json\/wp\/v2\/media?parent=243747"}],"curies":[{"name":"wp","href":"https:\/\/api.w.org\/{rel}","templated":true}]}}