{"id":243759,"date":"2023-12-20T13:26:42","date_gmt":"2023-12-20T20:26:42","guid":{"rendered":"https:\/\/www.ncrtd.org\/myblue-viajes-compartidos-de-north-central-rtd\/condiciones-de-uso\/"},"modified":"2026-05-06T08:53:36","modified_gmt":"2026-05-06T14:53:36","slug":"condiciones-de-uso","status":"publish","type":"page","link":"https:\/\/www.ncrtd.org\/es\/myblue-viajes-compartidos-de-north-central-rtd\/condiciones-de-uso\/","title":{"rendered":"Condiciones de uso"},"content":{"rendered":"<p>[et_pb_section fb_built=\u00bb1&#8243; fullwidth=\u00bbon\u00bb _builder_version=\u00bb4.16&#8243; _module_preset=\u00bbcbe6949b-fe83-485f-a967-598203880f36&#8243; width_tablet=\u00bb\u00bb width_phone=\u00bb\u00bb width_last_edited=\u00bbon|desktop\u00bb custom_margin=\u00bb140px||||false|false\u00bb custom_margin_tablet=\u00bb0px||||false|false\u00bb custom_margin_phone=\u00bb\u00bb custom_margin_last_edited=\u00bbon|desktop\u00bb global_colors_info=\u00bb{}\u00bb][et_pb_fullwidth_image src=\u00bbhttps:\/\/www.ncrtd.org\/wp-content\/uploads\/2021\/09\/Screenshot-2021-09-01-103202.png\u00bb alt=\u00bbCarretera sinuosa de Santa Fe\u00bb title_text=\u00bbCaptura de pantalla 2021-09-01 103202&#8243; admin_label=\u00bbbackground fullwidth image\u00bb _builder_version=\u00bb4.23.1&#8243; _module_preset=\u00bb2215b47f-c514-4736-8638-9febfca886f5&#8243; background_color=\u00bb#FFFFFF\u00bb min_height=\u00bb739.1px\u00bb global_module=\u00bb3818&#8243; locked=\u00bboff\u00bb global_colors_info=\u00bb{}\u00bb][\/et_pb_fullwidth_image][\/et_pb_section][et_pb_section fb_built=\u00bb1&#8243; specialty=\u00bbon\u00bb padding_1_tablet=\u00bb2em|6%|2em|6%|true|true\u00bb padding_2_tablet=\u00bb2em|6%|2em|6%|true|true\u00bb padding_1_phone=\u00bb2em|8%|2em|8%|true|true\u00bb padding_2_phone=\u00bb2em|8%|2em|8%|true|true\u00bb padding_1_last_edited=\u00bbon|desktop\u00bb padding_2_last_edited=\u00bbon|tablet\u00bb module_id_1=\u00bbsidebar\u00bb module_class_1=\u00bbcontent-sidebar\u00bb module_class_2=\u00bbcontent-main\u00bb _builder_version=\u00bb4.16&#8243; _module_preset=\u00bb49fa2571-fdca-4afb-b157-c44ecc3f4485&#8243; global_colors_info=\u00bb{}\u00bb][et_pb_column type=\u00bb1_4&#8243; _builder_version=\u00bb4.16&#8243; custom_padding=\u00bb|||\u00bb global_colors_info=\u00bb{}\u00bb custom_padding__hover=\u00bb|||\u00bb][et_pb_menu menu_id=\u00bb2&#8243; _builder_version=\u00bb4.16&#8243; _module_preset=\u00bbefd0ba9f-ac50-4f8b-84a6-8e44415a3403&#8243; global_colors_info=\u00bb{}\u00bb][\/et_pb_menu][\/et_pb_column][et_pb_column type=\u00bb3_4&#8243; specialty_columns=\u00bb3&#8243; _builder_version=\u00bb4.16&#8243; custom_padding=\u00bb|||\u00bb global_colors_info=\u00bb{}\u00bb custom_padding__hover=\u00bb|||\u00bb][et_pb_row_inner _builder_version=\u00bb4.21.0&#8243; _module_preset=\u00bbdefault\u00bb global_colors_info=\u00bb{}\u00bb][et_pb_column_inner saved_specialty_column_type=\u00bb3_4&#8243; _builder_version=\u00bb4.21.0&#8243; _module_preset=\u00bbdefault\u00bb global_colors_info=\u00bb{}\u00bb][et_pb_text _builder_version=\u00bb4.23.3&#8243; _module_preset=\u00bbdefault\u00bb hover_enabled=\u00bb0&#8243; global_colors_info=\u00bb{}\u00bb sticky_enabled=\u00bb0&#8243;]<\/p>\n<h1>Condiciones de uso de la aplicaci\u00f3n<\/h1>\n<h2>Reconocimiento y aceptaci\u00f3n<\/h2>\n<p>\u200dEl uso de la aplicaci\u00f3n MyBlue y de los servicios de North Central RTD se rige por los t\u00e9rminos y condiciones que se detallan a continuaci\u00f3n.<\/p>\n<p>Estas condiciones est\u00e1n sujetas a cambios y North Central RTD las actualizar\u00e1 seg\u00fan sea necesario. Al descargar la aplicaci\u00f3n o utilizar MyBlue, se considera que el usuario acepta los t\u00e9rminos y condiciones en su totalidad y se establece una relaci\u00f3n contractual entre el usuario y North Central RTD con respecto al cumplimiento de los t\u00e9rminos y condiciones. El usuario es responsable de cumplir con estas condiciones (incluida cualquier versi\u00f3n actualizada).  <\/p>\n<p><strong>ASEG\u00daRATE DE HABER LE\u00cdDO Y COMPRENDIDO TOTALMENTE LOS T\u00c9RMINOS Y CONDICIONES ANTES DE UTILIZAR LA APLICACI\u00d3N O LOS SERVICIOS DE MYBLUE.<\/strong><\/p>\n<p>Si un usuario no est\u00e1 de acuerdo con estos t\u00e9rminos y condiciones, no debe utilizar el servicio ni la aplicaci\u00f3n. Estos t\u00e9rminos y condiciones sustituyen cualquier acuerdo previo entre el usuario y North Central RTD. North Central RTD podr\u00e1, en cualquier momento, actualizar estas condiciones, dejar de ofrecer algunos o todos los servicios o rescindir la relaci\u00f3n contractual establecida anteriormente. Las modificaciones de estos t\u00e9rminos y condiciones se publicar\u00e1n en el sitio web de North Central RTD y el uso continuado de la aplicaci\u00f3n o de los servicios de MyBlue por parte del usuario se considerar\u00e1 como una aceptaci\u00f3n de dichas modificaciones.   <\/p>\n<p>Los usuarios necesitar\u00e1n su propia conexi\u00f3n a Internet para utilizar la aplicaci\u00f3n y ser\u00e1n responsables de cualquier coste asociado al uso de datos. Los usuarios son responsables de activar las notificaciones de la aplicaci\u00f3n MyBlue para asegurarse de recibir la confirmaci\u00f3n de la reserva, las notificaciones relativas a su viaje, as\u00ed como cualquier otra actualizaci\u00f3n o notificaci\u00f3n de su proveedor o de North Central RTD. Los usuarios pueden optar por no activar las notificaciones; sin embargo, al hacerlo, el usuario reconoce que esto puede afectar al uso de los servicios.  <\/p>\n<h2>Definiciones<\/h2>\n<p>En estos t\u00e9rminos y condiciones, se aplican los siguientes t\u00e9rminos y definiciones, a menos que se indique lo contrario:<\/p>\n<p>\u201cAplicaci\u00f3n\u201d se refiere a la aplicaci\u00f3n para clientes MyBlue disponible para su descarga en las tiendas Google Play y Apple iTunes.<\/p>\n<p>\u201cPartes asociadas\u201d incluye a las entidades relacionadas con el proveedor, incluidas las agencias colaboradoras y los proveedores de transporte.<\/p>\n<p>\u201cReserva\u201d significa un acuerdo confirmado para que el proveedor recoja al usuario en una hora y lugar programados y lo transporte a un lugar acordado.<\/p>\n<p>\u201cOperador\u201d se refiere a North Central RTD (RTD) o a la entidad colaboradora que opera un veh\u00edculo para prestar el servicio de transporte a los clientes dentro de la regi\u00f3n de servicio.<\/p>\n<p>\u201cPasajero\u201d significa cualquier persona que utilice los servicios de RTD, independientemente de si es o no el usuario de la aplicaci\u00f3n MyBlue.<\/p>\n<p>\u201cProveedor\u201d significa North Central RTD o la entidad colaboradora que presta servicios de transporte a los usuarios.<\/p>\n<p>\u201cServicios\u201d significa la prestaci\u00f3n del servicio de transporte a la carta proporcionado por un proveedor de North Central RTD dentro de una regi\u00f3n de servicio dedicada y disponible para ser reservado por el usuario; tambi\u00e9n incluye los servicios de microtr\u00e1nsito y paratr\u00e1nsito ADA de la RTD.<\/p>\n<p>\u201cUsuario\u201d significa cualquier individuo que descargue la aplicaci\u00f3n o utilice los servicios.<\/p>\n<p>\u201cVeh\u00edculo\u201d significa cualquier veh\u00edculo utilizado por el proveedor para prestar servicios de transporte.<\/p>\n<h2>Descripci\u00f3n de los servicios<\/h2>\n<p>El servicio MyBlue es un servicio de tr\u00e1nsito a la carta y de paratr\u00e1nsito complementario, por orden de llegada, que est\u00e1 disponible en algunas de las \u00e1reas de servicio de la RTD. Los usuarios pueden gestionar las reservas de viajes y el pago de tarifas a trav\u00e9s de la aplicaci\u00f3n m\u00f3vil MyBlue de North Central RTD. MyBlue es un servicio de viajes compartidos y es posible que los pasajeros tengan que compartir el espacio del veh\u00edculo y los viajes con otros pasajeros para optimizar la eficiencia y maximizar el uso del servicio. Los viajes compartidos pueden prolongar el tiempo de viaje de los pasajeros, por lo que todos los pasajeros deben planificarlo con antelaci\u00f3n.   <\/p>\n<h2>Requisitos de la cuenta<\/h2>\n<p>Para acceder a los servicios, los usuarios deber\u00e1n crear una cuenta en la aplicaci\u00f3n o a trav\u00e9s del despacho de North Central RTD. El titular de la cuenta de la aplicaci\u00f3n debe tener 18 a\u00f1os o m\u00e1s. Si el usuario de la aplicaci\u00f3n es menor de 18 a\u00f1os, declaras y aceptas que das tu consentimiento legal como padre, madre o tutor para que el ni\u00f1o o familiar de entre 13 y 18 a\u00f1os acceda a la aplicaci\u00f3n y utilice el servicio.  <\/p>\n<p>La creaci\u00f3n de una cuenta requerir\u00e1 la facilitaci\u00f3n de informaci\u00f3n personal y m\u00e9todos de pago. El proveedor tratar\u00e1 toda la informaci\u00f3n personal facilitada por el usuario de acuerdo con nuestra Pol\u00edtica de privacidad. <\/p>\n<p>Al convertirse en usuario, las personas garantizan que tienen el derecho, la autoridad y la capacidad para suscribir y cumplir estos t\u00e9rminos y condiciones.<\/p>\n<p><strong>NORTH CENTRAL RTD NO GARANTIZA QUE LA APLICACI\u00d3N O LOS SERVICIOS SEAN PRECISOS, FIABLES, SEGUROS, ACCESIBLES O QUE EST\u00c9N LIBRES DE ERRORES O DEFECTOS. ES RESPONSABILIDAD DEL USUARIO INVESTIGAR SI EL USO DE LOS SERVICIOS CUMPLIR\u00c1 CON SUS REQUISITOS. <\/strong><\/p>\n<h2>Reservas<\/h2>\n<p>Los viajes pueden reservarse a trav\u00e9s de la aplicaci\u00f3n MyBlue o llamando al despacho de North Central RTD al (866) 206-0754.<\/p>\n<p>PARA SUBIR AL VEH\u00cdCULO, LOS USUARIOS DEBEN TENER UNA RESERVA. Los conductores de los veh\u00edculos no recoger\u00e1n, bajo ninguna circunstancia, a pasajeros que soliciten el servicio en la calle ni a pasajeros que no hayan reservado un viaje con antelaci\u00f3n a trav\u00e9s de la aplicaci\u00f3n o por tel\u00e9fono.<\/p>\n<p>Al reservar un viaje, ten a mano la siguiente informaci\u00f3n:<\/p>\n<ol>\n<li>Tu nombre y n\u00famero de tel\u00e9fono.<\/li>\n<li>La fecha en la que deseas programar el viaje.<\/li>\n<li>El origen, el destino y la hora deseada de tu viaje. Si es necesario, programa tu viaje de vuelta al mismo tiempo que realizas la reserva del viaje inicial. Informaci\u00f3n espec\u00edfica sobre qu\u00e9 edificio o entrada deseas utilizar.  <\/li>\n<li>Cualquier necesidad especial que puedas tener, como un dispositivo de movilidad, discapacidad visual, etc.<\/li>\n<\/ol>\n<p>&nbsp;<\/p>\n<h2>\u00bfCu\u00e1ndo se realiza una reserva?<\/h2>\n<p>Una reserva se realiza tras la confirmaci\u00f3n del proveedor y la notificaci\u00f3n de la hora estimada de recogida. Hasta que un usuario no haya recibido esta notificaci\u00f3n, el proveedor no habr\u00e1 aceptado ninguna reserva. <\/p>\n<p>El proveedor se reserva el derecho de denegar el viaje a los usuarios que no presenten el comprobante de su reserva, ya sea en forma de (i) una confirmaci\u00f3n impresa en papel; o (ii) una confirmaci\u00f3n en la aplicaci\u00f3n en su tel\u00e9fono m\u00f3vil que pueda mostrarse al operador al ser recogido.  <\/p>\n<h2>\u00bfCu\u00e1ndo llegar\u00e1 mi transporte?<\/h2>\n<p>Debes estar listo para tu viaje reservado en cualquier momento entre 15 minutos antes y 15 minutos despu\u00e9s de tu hora de recogida programada (\u201cventana estimada\u201d). Una vez que el veh\u00edculo llega, no puede esperar m\u00e1s de cinco minutos antes de dirigirse al siguiente cliente reservado. Si el veh\u00edculo debe marcharse sin recogerte, tendr\u00e1s que volver a programar tu viaje utilizando la aplicaci\u00f3n o llamando al despacho. Se har\u00e1 todo lo posible para volver a incluirte en el horario; sin embargo, esto no siempre ser\u00e1 posible. Es responsabilidad del usuario estar listo y esperando su recogida en la ventana estimada en torno a su hora de recogida programada.    <\/p>\n<h2>Pol\u00edtica de viajes para ni\u00f1os<\/h2>\n<p>Todos los ni\u00f1os, independientemente de su edad, deben poder ir sujetos de forma segura mediante cinturones de seguridad est\u00e1ndar o deber\u00e1n ir sujetos por el adulto que los acompa\u00f1e utilizando una silla de coche o portabeb\u00e9s que cumpla con la legalidad. La RTD no ayudar\u00e1 en la instalaci\u00f3n y retirada de las sillas de coche y el usuario acepta la plena responsabilidad de la correcta sujeci\u00f3n de los ni\u00f1os. Los pasajeros menores de 13 a\u00f1os deben ir acompa\u00f1ados por un adulto.  <\/p>\n<p>Los ni\u00f1os de 13 a\u00f1os o m\u00e1s pueden ser usuarios de la aplicaci\u00f3n de su padre, madre o tutor legal y viajar de forma independiente con el consentimiento de sus padres en la aplicaci\u00f3n. Si viajan de forma independiente, recomendamos encarecidamente que la reserva se realice en el tel\u00e9fono o dispositivo con el que vayan a viajar, para asegurar que reciban las notificaciones sobre su viaje. Si un menor viaja de forma independiente, el padre, madre o tutor legal acepta quedar vinculado por el uso que el usuario menor haga de la aplicaci\u00f3n y del servicio. Consulta tambi\u00e9n las pol\u00edticas y procedimientos de microtr\u00e1nsito y paratr\u00e1nsito ADA de la RTD.   <\/p>\n<h2>Varios pasajeros<\/h2>\n<p>Los usuarios deben identificar, en el momento de la reserva, si habr\u00e1 pasajeros adicionales que los acompa\u00f1en. El usuario reconoce que el hecho de no notificar al proveedor la presencia de pasajeros adicionales en el momento de programar la reserva faculta al proveedor para denegar el servicio a los pasajeros adicionales o cancelar la reserva en su totalidad. Puede haber una tarifa por cada pasajero adicional que acompa\u00f1e al usuario. Debido a que el servicio incluye viajes compartidos, los pasajeros deben ser conscientes de que es posible que tengan que compartir el veh\u00edculo con otras personas y que pueden ser dirigidos a su destino en funci\u00f3n de las necesidades de otros pasajeros y de la RTD.   <\/p>\n<h2>Asignaci\u00f3n de asientos y uso del cintur\u00f3n de seguridad<\/h2>\n<p>Actualmente, los servicios no prev\u00e9n la asignaci\u00f3n espec\u00edfica de asientos y, por lo tanto, es responsabilidad del usuario seleccionar un asiento disponible al subir al veh\u00edculo. El proveedor exige que todos los pasajeros utilicen el cintur\u00f3n de seguridad al usar el servicio. La seguridad del pasajero, incluido el uso del cintur\u00f3n de seguridad, es responsabilidad del pasajero en todas las circunstancias.  <\/p>\n<h2>Sujeci\u00f3n de sillas de ruedas<\/h2>\n<p>Consulta las pol\u00edticas y procedimientos de microtr\u00e1nsito y paratr\u00e1nsito ADA de la RTD, cuya copia est\u00e1 publicada en el sitio web de la RTD en NCRTD.ORG.<\/p>\n<h2>Ox\u00edgeno port\u00e1til<\/h2>\n<p>Consulta las pol\u00edticas y procedimientos de microtr\u00e1nsito y paratr\u00e1nsito ADA de la RTD, cuya copia est\u00e1 publicada en el sitio web de la RTD en NCRTD.ORG.<\/p>\n<h2>Animales de servicio<\/h2>\n<p>Consulta la pol\u00edtica de \u201cAnimales en los veh\u00edculos p\u00fablicos del distrito\u201d en NCRTD.ORG.<\/p>\n<h1>Cambios en la reserva<\/h1>\n<p>Los viajes pueden cancelarse a trav\u00e9s de la aplicaci\u00f3n MyBlue. Si cancelas tu viaje con m\u00e1s de 60 minutos de antelaci\u00f3n a la hora de recogida programada, se te reembolsar\u00e1 el importe \u00edntegro. Si cancelas tu viaje con menos de 60 minutos de antelaci\u00f3n a tu viaje programado, o no te presentas en la ventana estimada, no se te reembolsar\u00e1 la tarifa.  <\/p>\n<p>Si un usuario cancela m\u00e1s de tres veces en un periodo de tres semanas sin notificarlo previamente al proveedor, se le podr\u00e1n suspender los servicios y es posible que no pueda reservar viajes a la carta en el futuro.<\/p>\n<h2>Tarifas y cargos<\/h2>\n<p>Las tarifas de los servicios se muestran en la aplicaci\u00f3n en el momento de la reserva. Las tarifas se cobran en funci\u00f3n de las millas del viaje. Las tarifas las determina North Central RTD y pueden cambiar de vez en cuando; los precios actuales estar\u00e1n disponibles en el sitio web de North Central RTD y en la aplicaci\u00f3n antes de reservar un viaje.  <\/p>\n<p>Los pagos se procesar\u00e1n de acuerdo con el m\u00e9todo de pago seleccionado por el usuario en el momento de la reserva. Los usuarios que opten por pagar la tarifa al subir al veh\u00edculo deben tener el importe exacto. Los operadores no pueden dar cambio y no llevan efectivo. El impago de los servicios cuando estos sean debidos y pagaderos facultar\u00e1 al operador para cancelar la reserva o denegar el transporte al usuario.   <\/p>\n<h2>Procedimientos de queja<\/h2>\n<p>Los usuarios que deseen presentar una queja relativa al servicio prestado por el proveedor pueden hacerlo poni\u00e9ndose en contacto con North Central RTD. La informaci\u00f3n de contacto es la que se indica a continuaci\u00f3n: <\/p>\n<p><a href=\"mailto:Legal-Notices@ncrtd.org\">Legal-Notices@ncrtd.org<\/a><\/p>\n<h2>Pol\u00edtica de privacidad<\/h2>\n<p>El uso de la aplicaci\u00f3n puede requerir que las personas revelen informaci\u00f3n personal al crear su perfil de usuario. La aplicaci\u00f3n tambi\u00e9n recopilar\u00e1 informaci\u00f3n sobre el uso que el usuario haga de los servicios, incluidos los viajes reservados y los pagos realizados. Cualquier informaci\u00f3n personal recibida por el proveedor ser\u00e1 tratada de acuerdo con nuestra pol\u00edtica de privacidad. Los usuarios son responsables de cualquier informaci\u00f3n personal que revelen a terceros a trav\u00e9s del uso de la aplicaci\u00f3n.   <\/p>\n<p>Adem\u00e1s, la informaci\u00f3n personal de un usuario puede ser facilitada a terceros, partes asociadas, as\u00ed como a los aseguradores y asesores legales externos del proveedor, en caso de reclamaci\u00f3n o accidente.<\/p>\n<p>La informaci\u00f3n y los datos de estos servicios pueden utilizarse para generar datos estad\u00edsticos y anal\u00edticos an\u00f3nimos y agregados que se utilizar\u00e1n para la investigaci\u00f3n interna y el desarrollo de productos del proveedor.<\/p>\n<p>La informaci\u00f3n personal (informaci\u00f3n sobre los pasajeros) recopilada de los usuarios, como el nombre, la fecha de nacimiento, los datos de contacto o la informaci\u00f3n personal sensible (incluida la informaci\u00f3n sobre los requisitos de movilidad\/accesibilidad) recopilada por el proveedor, puede ser revelada a las agencias colaboradoras con el fin de prestar servicios de transporte al usuario.<\/p>\n<p>Al utilizar los servicios prestados por el proveedor, los usuarios consienten la recopilaci\u00f3n, el uso y la divulgaci\u00f3n de su informaci\u00f3n personal de la manera descrita anteriormente.<\/p>\n<h2>Propiedad y propiedad intelectual<\/h2>\n<p>Todos los derechos de propiedad intelectual, incluidos, entre otros, los derechos de autor, las marcas comerciales y las marcas comerciales de derecho consuetudinario que est\u00e1n asociados con los servicios (\u201cDerechos de propiedad intelectual\u201d), son propiedad de North Central RTD, a menos que se especifique lo contrario. De acuerdo con estos t\u00e9rminos y condiciones, se concede al usuario una licencia revocable, no perpetua y no exclusiva para utilizar la aplicaci\u00f3n con los fines descritos anteriormente y para ning\u00fan otro fin. <\/p>\n<p>Cualquier material o dato (que no sea informaci\u00f3n personal) cargado por el usuario pasar\u00e1 a ser propiedad de North Central RTD. Esto incluye, entre otros, comentarios de retroalimentaci\u00f3n, valoraciones de operadores o servicios y materiales promocionales cargados en sitios de redes sociales o asociados de otro modo con los servicios. Al cargar cualquier imagen u otros materiales en la aplicaci\u00f3n, el usuario cede todos los derechos sobre dicho material a North Central RTD y reconoce que todo el uso de dicho material redundar\u00e1 \u00fanicamente en beneficio de North Central RTD.  <\/p>\n<h2>Limitaci\u00f3n de responsabilidad<\/h2>\n<p><strong>EN LA MEDIDA EN QUE LO PERMITA LA LEY, EL PROVEEDOR Y SUS PARTES ASOCIADAS NO SON RESPONSABLES DE NINGUNA P\u00c9RDIDA (INCLUIDAS LAS P\u00c9RDIDAS DIRECTAS O INDIRECTAS, DA\u00d1OS, RESPONSABILIDAD O GASTOS) CAUSADA O CONTRIBUIDA POR EL USO QUE EL USUARIO HAGA DE LA APLICACI\u00d3N O DE LOS SERVICIOS.<\/strong><\/p>\n<p>\u200d<\/p>\n<p>&nbsp;<\/p>\n<p>[\/et_pb_text][\/et_pb_column_inner][\/et_pb_row_inner][\/et_pb_column][\/et_pb_section]<\/p>\n","protected":false},"excerpt":{"rendered":"<p>Condiciones de uso de la aplicaci\u00f3n Reconocimiento y aceptaci\u00f3n \u200dEl uso de la aplicaci\u00f3n MyBlue y de los servicios de North Central RTD se rige por los t\u00e9rminos y condiciones que se detallan a continuaci\u00f3n. Estas condiciones est\u00e1n sujetas a cambios y North Central RTD las actualizar\u00e1 seg\u00fan sea necesario. Al descargar la aplicaci\u00f3n o [&hellip;]<\/p>\n","protected":false},"author":7,"featured_media":0,"parent":243387,"menu_order":0,"comment_status":"closed","ping_status":"closed","template":"","meta":{"_et_pb_use_builder":"on","_et_pb_old_content":"","_et_gb_content_width":"","footnotes":""},"class_list":["post-243759","page","type-page","status-publish","hentry"],"_links":{"self":[{"href":"https:\/\/www.ncrtd.org\/es\/wp-json\/wp\/v2\/pages\/243759","targetHints":{"allow":["GET"]}}],"collection":[{"href":"https:\/\/www.ncrtd.org\/es\/wp-json\/wp\/v2\/pages"}],"about":[{"href":"https:\/\/www.ncrtd.org\/es\/wp-json\/wp\/v2\/types\/page"}],"author":[{"embeddable":true,"href":"https:\/\/www.ncrtd.org\/es\/wp-json\/wp\/v2\/users\/7"}],"replies":[{"embeddable":true,"href":"https:\/\/www.ncrtd.org\/es\/wp-json\/wp\/v2\/comments?post=243759"}],"version-history":[{"count":4,"href":"https:\/\/www.ncrtd.org\/es\/wp-json\/wp\/v2\/pages\/243759\/revisions"}],"predecessor-version":[{"id":243764,"href":"https:\/\/www.ncrtd.org\/es\/wp-json\/wp\/v2\/pages\/243759\/revisions\/243764"}],"up":[{"embeddable":true,"href":"https:\/\/www.ncrtd.org\/es\/wp-json\/wp\/v2\/pages\/243387"}],"wp:attachment":[{"href":"https:\/\/www.ncrtd.org\/es\/wp-json\/wp\/v2\/media?parent=243759"}],"curies":[{"name":"wp","href":"https:\/\/api.w.org\/{rel}","templated":true}]}}