{"id":243780,"date":"2021-01-04T13:52:03","date_gmt":"2021-01-04T20:52:03","guid":{"rendered":"https:\/\/www.ncrtd.org\/feed-gtfs\/"},"modified":"2026-05-06T09:17:31","modified_gmt":"2026-05-06T15:17:31","slug":"feed-gtfs","status":"publish","type":"page","link":"https:\/\/www.ncrtd.org\/es\/servicios\/feed-gtfs\/","title":{"rendered":"Feed GTFS"},"content":{"rendered":"<p>[et_pb_section fb_built=\u00bb1&#8243; fullwidth=\u00bbon\u00bb _builder_version=\u00bb4.16&#8243; _module_preset=\u00bbcbe6949b-fe83-485f-a967-598203880f36&#8243; width_tablet=\u00bb\u00bb width_phone=\u00bb\u00bb width_last_edited=\u00bbon|desktop\u00bb custom_margin=\u00bb140px||||false|false\u00bb custom_margin_tablet=\u00bb0px||||false|false\u00bb custom_margin_phone=\u00bb\u00bb custom_margin_last_edited=\u00bbon|desktop\u00bb global_colors_info=\u00bb{}\u00bb][et_pb_fullwidth_image src=\u00bbhttps:\/\/www.ncrtd.org\/wp-content\/uploads\/2021\/09\/Screenshot-2021-09-01-103202.png\u00bb alt=\u00bbCarretera sinuosa de Santa Fe\u00bb title_text=\u00bbCaptura de pantalla 2021-09-01 103202&#8243; admin_label=\u00bbbackground fullwidth image\u00bb _builder_version=\u00bb4.23.1&#8243; _module_preset=\u00bb2215b47f-c514-4736-8638-9febfca886f5&#8243; background_color=\u00bb#FFFFFF\u00bb min_height=\u00bb739.1px\u00bb global_module=\u00bb3818&#8243; locked=\u00bbon\u00bb global_colors_info=\u00bb{}\u00bb][\/et_pb_fullwidth_image][\/et_pb_section][et_pb_section fb_built=\u00bb1&#8243; specialty=\u00bbon\u00bb padding_1_tablet=\u00bb2em|6%|2em|6%|true|true\u00bb padding_2_tablet=\u00bb2em|6%|2em|6%|true|true\u00bb padding_1_phone=\u00bb2em|8%|2em|8%|true|true\u00bb padding_2_phone=\u00bb2em|8%|2em|8%|true|true\u00bb padding_1_last_edited=\u00bbon|desktop\u00bb padding_2_last_edited=\u00bbon|tablet\u00bb module_id_1=\u00bbsidebar\u00bb module_class_1=\u00bbcontent-sidebar\u00bb module_class_2=\u00bbcontent-main\u00bb _builder_version=\u00bb4.16&#8243; _module_preset=\u00bb49fa2571-fdca-4afb-b157-c44ecc3f4485&#8243; global_colors_info=\u00bb{}\u00bb][et_pb_column type=\u00bb1_4&#8243; _builder_version=\u00bb4.16&#8243; custom_padding=\u00bb|||\u00bb global_colors_info=\u00bb{}\u00bb custom_padding__hover=\u00bb|||\u00bb][et_pb_menu menu_id=\u00bb2&#8243; _builder_version=\u00bb4.16&#8243; _module_preset=\u00bbefd0ba9f-ac50-4f8b-84a6-8e44415a3403&#8243; global_colors_info=\u00bb{}\u00bb][\/et_pb_menu][et_pb_text _builder_version=\u00bb4.14.7&#8243; _module_preset=\u00bba5d3b840-eb6f-4446-9880-fb2e3dcbae61&#8243; global_module=\u00bb2761&#8243; saved_tabs=\u00bball\u00bb global_colors_info=\u00bb{}\u00bb][\/et_pb_text][\/et_pb_column][et_pb_column type=\u00bb3_4&#8243; specialty_columns=\u00bb3&#8243; _builder_version=\u00bb4.16&#8243; custom_padding=\u00bb|||\u00bb global_colors_info=\u00bb{}\u00bb custom_padding__hover=\u00bb|||\u00bb][et_pb_row_inner _builder_version=\u00bb4.16&#8243; _module_preset=\u00bbdefault\u00bb global_colors_info=\u00bb{}\u00bb][et_pb_column_inner saved_specialty_column_type=\u00bb3_4&#8243; _builder_version=\u00bb4.16&#8243; _module_preset=\u00bbdefault\u00bb global_colors_info=\u00bb{}\u00bb][et_pb_text _builder_version=\u00bb4.16&#8243; _module_preset=\u00bbdefault\u00bb global_colors_info=\u00bb{}\u00bb]<\/p>\n<p><strong>El North Central Regional Transit District (NCRTD) ya ofrece datos geogr\u00e1ficos y de horarios en l\u00ednea a trav\u00e9s de la Especificaci\u00f3n General de Feeds de Transporte P\u00fablico (GTFS) para que el p\u00fablico los utilice en el desarrollo de aplicaciones y herramientas m\u00f3viles para nuestros usuarios. Los desarrolladores utilizan los feeds GTFS para proporcionar datos a diversos sitios y aplicaciones dise\u00f1ados para mejorar la experiencia de transporte. <\/strong><\/p>\n<p><span><strong>Actualmente, estos datos est\u00e1n disponibles para tu uso de forma gratuita.<\/strong><\/span><\/p>\n<p><span><strong>Si eres un desarrollador interesado en trabajar con nuestro feed, puedes descargarlo desde el enlace de abajo (consulta los T\u00e9rminos y condiciones a continuaci\u00f3n). El feed se presenta en un archivo ZIP. Al descomprimir el archivo, encontrar\u00e1s una colecci\u00f3n de documentos de texto sin formato que contienen las ubicaciones de las paradas, las rutas y la informaci\u00f3n de los horarios que describen el sistema de transporte del NCRTD.  <\/strong><\/span><\/p>\n<p><span><strong>Nuestros datos se actualizan con frecuencia. Por favor, cons\u00faltalos a menudo. Para descargar la \u00faltima versi\u00f3n, haz clic en el siguiente enlace:  <\/strong><\/span><\/p>\n<p><a href=\"https:\/\/bluebustracker.availtec.com\/InfoPoint\/GTFS-Zip.ashx\"><span><strong>DESCARGA DE DATOS<\/strong><\/span><\/a> <strong style=\"font-size: 14px;\"><a href=\"https:\/\/bluebustracker.availtec.com\/InfoPoint\/GTFS-Zip.ashx\">GTFS<\/a> <\/strong> <\/p>\n<p>Para m\u00e1s informaci\u00f3n, ponte en contacto con: info@ncrtd.org<strong style=\"font-size: 14px;\"><\/strong><\/p>\n<p><span><strong>Al descargar y utilizar el GTFS (Datos) del NCRTD, aceptas quedar vinculado por los T\u00e9rminos y condiciones establecidos a continuaci\u00f3n.<\/strong><\/span><\/p>\n<ul>\n<li>El NCRTD pone a disposici\u00f3n de los desarrolladores de software datos de la Especificaci\u00f3n General de Feeds de Transporte P\u00fablico (GTFS) para promover el uso del transporte y la informaci\u00f3n relacionada. Los datos disponibles se actualizar\u00e1n peri\u00f3dicamente a medida que se produzcan cambios. <\/li>\n<li>Los logotipos, marcas comerciales o materiales con derechos de autor del NCRTD, incluida cualquier variante similar, no podr\u00e1n utilizarse en asociaci\u00f3n con los datos sin la aprobaci\u00f3n previa por escrito del NCRTD;<\/li>\n<li>Los datos se proporcionan \u201ctal cual\u201d y seg\u00fan su \u201cdisponibilidad\u201d. El NCRTD no realiza declaraciones ni garant\u00edas de ning\u00fan tipo, expresas o impl\u00edcitas. El NCRTD renuncia a todas las garant\u00edas, expresas o impl\u00edcitas. El NCRTD y sus empleados, directivos, consejeros y agentes no ser\u00e1n responsables de los da\u00f1os de cualquier tipo derivados del uso de los Datos, incluidos, entre otros, los da\u00f1os directos, indirectos, incidentales, punitivos y consecuentes.   <\/li>\n<li>El NCRTD se reserva el derecho de modificar o dejar de proporcionar los Datos en cualquier momento sin previo aviso.<\/li>\n<li>El NCRTD mantiene la titularidad, propiedad, derechos e intereses sobre los Datos.<\/li>\n<\/ul>\n<p>[\/et_pb_text][\/et_pb_column_inner][\/et_pb_row_inner][\/et_pb_column][\/et_pb_section]<\/p>\n","protected":false},"excerpt":{"rendered":"<p>El North Central Regional Transit District (NCRTD) ya ofrece datos geogr\u00e1ficos y de horarios en l\u00ednea a trav\u00e9s de la Especificaci\u00f3n General de Feeds de Transporte P\u00fablico (GTFS) para que el p\u00fablico los utilice en el desarrollo de aplicaciones y herramientas m\u00f3viles para nuestros usuarios. Los desarrolladores utilizan los feeds GTFS para proporcionar datos a [&hellip;]<\/p>\n","protected":false},"author":1,"featured_media":0,"parent":243912,"menu_order":0,"comment_status":"closed","ping_status":"closed","template":"","meta":{"_et_pb_use_builder":"on","_et_pb_old_content":"","_et_gb_content_width":"","footnotes":""},"class_list":["post-243780","page","type-page","status-publish","hentry"],"_links":{"self":[{"href":"https:\/\/www.ncrtd.org\/es\/wp-json\/wp\/v2\/pages\/243780","targetHints":{"allow":["GET"]}}],"collection":[{"href":"https:\/\/www.ncrtd.org\/es\/wp-json\/wp\/v2\/pages"}],"about":[{"href":"https:\/\/www.ncrtd.org\/es\/wp-json\/wp\/v2\/types\/page"}],"author":[{"embeddable":true,"href":"https:\/\/www.ncrtd.org\/es\/wp-json\/wp\/v2\/users\/1"}],"replies":[{"embeddable":true,"href":"https:\/\/www.ncrtd.org\/es\/wp-json\/wp\/v2\/comments?post=243780"}],"version-history":[{"count":1,"href":"https:\/\/www.ncrtd.org\/es\/wp-json\/wp\/v2\/pages\/243780\/revisions"}],"predecessor-version":[{"id":243783,"href":"https:\/\/www.ncrtd.org\/es\/wp-json\/wp\/v2\/pages\/243780\/revisions\/243783"}],"up":[{"embeddable":true,"href":"https:\/\/www.ncrtd.org\/es\/wp-json\/wp\/v2\/pages\/243912"}],"wp:attachment":[{"href":"https:\/\/www.ncrtd.org\/es\/wp-json\/wp\/v2\/media?parent=243780"}],"curies":[{"name":"wp","href":"https:\/\/api.w.org\/{rel}","templated":true}]}}