{"id":243784,"date":"2021-01-04T12:07:13","date_gmt":"2021-01-04T19:07:13","guid":{"rendered":"https:\/\/www.ncrtd.org\/servicio-de-paratransito-de-ncrtd-ada\/"},"modified":"2026-05-06T09:17:30","modified_gmt":"2026-05-06T15:17:30","slug":"servicio-de-paratransito-de-ncrtd-ada","status":"publish","type":"page","link":"https:\/\/www.ncrtd.org\/es\/servicios\/servicio-de-paratransito-de-ncrtd-ada\/","title":{"rendered":"Servicio de Paratr\u00e1nsito de NCRTD &#8211; ADA"},"content":{"rendered":"<p>[et_pb_section fb_built=\u00bb1&#8243; fullwidth=\u00bbon\u00bb _builder_version=\u00bb4.16&#8243; _module_preset=\u00bbcbe6949b-fe83-485f-a967-598203880f36&#8243; width_tablet=\u00bb\u00bb width_phone=\u00bb\u00bb width_last_edited=\u00bbon|desktop\u00bb custom_margin=\u00bb140px||||false|false\u00bb custom_margin_tablet=\u00bb0px||||false|false\u00bb custom_margin_phone=\u00bb\u00bb custom_margin_last_edited=\u00bbon|desktop\u00bb global_colors_info=\u00bb{}\u00bb][et_pb_fullwidth_image src=\u00bbhttps:\/\/www.ncrtd.org\/wp-content\/uploads\/2025\/01\/ncrtd-blue-bus-2023-0936.jpg\u00bb alt=\u00bbCarretera sinuosa de Santa Fe\u00bb title_text=\u00bbncrtd-blue-bus-2023-0936&#8243; admin_label=\u00bbbackground fullwidth image\u00bb _builder_version=\u00bb4.27.4&#8243; _module_preset=\u00bb2215b47f-c514-4736-8638-9febfca886f5&#8243; background_color=\u00bb#FFFFFF\u00bb min_height=\u00bb739.1px\u00bb height_phone=\u00bb100px\u00bb custom_margin=\u00bb||-600px||false|false\u00bb global_module=\u00bb3818&#8243; locked=\u00bboff\u00bb global_colors_info=\u00bb{}\u00bb][\/et_pb_fullwidth_image][\/et_pb_section][et_pb_section fb_built=\u00bb1&#8243; specialty=\u00bbon\u00bb padding_1_tablet=\u00bb2em|6%|2em|6%|true|true\u00bb padding_2_tablet=\u00bb2em|6%|2em|6%|true|true\u00bb padding_1_phone=\u00bb2em|8%|2em|8%|true|true\u00bb padding_2_phone=\u00bb2em|8%|2em|8%|true|true\u00bb padding_1_last_edited=\u00bbon|desktop\u00bb padding_2_last_edited=\u00bbon|tablet\u00bb module_id_1=\u00bbsidebar\u00bb module_class_1=\u00bbcontent-sidebar\u00bb module_class_2=\u00bbcontent-main\u00bb _builder_version=\u00bb4.27.4&#8243; _module_preset=\u00bb49fa2571-fdca-4afb-b157-c44ecc3f4485&#8243; custom_css_free_form=\u00bb<script src=%22https:\/\/prod.realfile.rtsclients.com\/js\/rf-tables.js%22><\/script><script src=%22https:\/\/cdn.rtsclients.com\/SDKs\/RealFile\/JavaScript\/rf_sdk.min.js%22><\/script>\u00bb global_colors_info=\u00bb{}\u00bb][et_pb_column type=\u00bb1_4&#8243; _builder_version=\u00bb4.16&#8243; custom_padding=\u00bb|||\u00bb global_colors_info=\u00bb{}\u00bb custom_padding__hover=\u00bb|||\u00bb][et_pb_menu menu_id=\u00bb2&#8243; _builder_version=\u00bb4.16&#8243; _module_preset=\u00bbefd0ba9f-ac50-4f8b-84a6-8e44415a3403&#8243; global_colors_info=\u00bb{}\u00bb][\/et_pb_menu][et_pb_text _builder_version=\u00bb4.23.3&#8243; _module_preset=\u00bba5d3b840-eb6f-4446-9880-fb2e3dcbae61&#8243; global_module=\u00bb2761&#8243; saved_tabs=\u00bball\u00bb global_colors_info=\u00bb{}\u00bb][\/et_pb_text][\/et_pb_column][et_pb_column type=\u00bb3_4&#8243; specialty_columns=\u00bb3&#8243; _builder_version=\u00bb4.16&#8243; custom_padding=\u00bb|||\u00bb global_colors_info=\u00bb{}\u00bb custom_padding__hover=\u00bb|||\u00bb][et_pb_row_inner _builder_version=\u00bb4.16&#8243; _module_preset=\u00bbdefault\u00bb global_colors_info=\u00bb{}\u00bb][et_pb_column_inner saved_specialty_column_type=\u00bb3_4&#8243; _builder_version=\u00bb4.16&#8243; _module_preset=\u00bbdefault\u00bb global_colors_info=\u00bb{}\u00bb][et_pb_text _builder_version=\u00bb4.16&#8243; _module_preset=\u00bbdefault\u00bb global_colors_info=\u00bb{}\u00bb]<\/p>\n<h3>Adem\u00e1s del servicio de ruta fija, North Central RTD tambi\u00e9n ofrece un Servicio de Paratr\u00e1nsito ADA<\/h3>\n<p>Este es un servicio de transporte \u00abde origen a destino\u00bb para personas con discapacidad que no pueden utilizar el servicio regular de autob\u00fas. Se trata principalmente de un servicio de acera a acera, aunque se ofrece servicio de puerta a puerta bajo petici\u00f3n. Este servicio se presta durante los mismos d\u00edas y horas de funcionamiento que el servicio de ruta fija.  <\/p>\n<p>Las personas que deseen ser consideradas para este servicio deber\u00e1n completar una solicitud, hacer que un profesional m\u00e9dico verifique la informaci\u00f3n y ser certificadas por nosotros como elegibles para el paratr\u00e1nsito ADA. Este servicio no tiene coste dentro de la Zona ADA designada, tal como se indica en la pol\u00edtica. <\/p>\n<p>El operador del autob\u00fas ayudar\u00e1 a la persona a subir o bajar del autob\u00fas, pero no cargar\u00e1 ni descargar\u00e1 las pertenencias personales o los art\u00edculos de mano de la persona. Si una persona necesita asistencia m\u00e1s all\u00e1 de esto, el Distrito recomienda que vaya acompa\u00f1ada de un asistente de cuidado personal o un acompa\u00f1ante.  <\/p>\n<p>Se aceptan reservas y cancelaciones todos los d\u00edas antes del servicio. Para hablar con un agente de reservas, llame de lunes a viernes de 6:00 a.m. a 5:00 p.m. Los d\u00edas en que la oficina est\u00e9 cerrada, deje un mensaje en nuestro buz\u00f3n de voz.  <\/p>\n<p>Para obtener m\u00e1s informaci\u00f3n sobre nuestro servicio de paratr\u00e1nsito, o para solicitar que se le env\u00ede una solicitud por correo, ll\u00e1menos al 505-629-4725 ext. 1.<\/p>\n<p>[\/et_pb_text][\/et_pb_column_inner][\/et_pb_row_inner][et_pb_row_inner _builder_version=\u00bb4.27.4&#8243; _module_preset=\u00bbdefault\u00bb global_colors_info=\u00bb{}\u00bb][et_pb_column_inner saved_specialty_column_type=\u00bb3_4&#8243; _builder_version=\u00bb4.27.4&#8243; _module_preset=\u00bbdefault\u00bb global_colors_info=\u00bb{}\u00bb][et_pb_text _builder_version=\u00bb4.27.4&#8243; _module_preset=\u00bbdefault\u00bb global_colors_info=\u00bb{}\u00bb]<\/p>\n<div>\n<p><em><strong>Consulte los enlaces a continuaci\u00f3n para conocer las pol\u00edticas oficiales y las solicitudes. <\/strong><\/em><a href=\"https:\/\/www.ncrtd.org\/wp-content\/uploads\/2023\/12\/2014_15_-NCRTD_ADA_Application1-Spanish-8-16-16.pdf\" target=\"_blank\" rel=\"noopener noreferrer\"><strong><\/strong><\/a><\/p>\n<\/div>\n<p>[\/et_pb_text][et_pb_code admin_label=\u00bbWidget de archivo real\u00bb _builder_version=\u00bb4.27.4&#8243; _module_preset=\u00bbdefault\u00bb global_colors_info=\u00bb{}\u00bb]<\/p>\n<div class=\"rf-table\" data-public=\"1\" data-account-guid=\"26276a15be2143298dd3563ef85d442c\" data-folder-id=\"555a6d25-11b1-4f15-952d-6726dc6b8922\" data-widget-id=\"5eed5371-b957-4376-bd1f-d8f6fafb5abb\"><\/div>\n<p>[\/et_pb_code][\/et_pb_column_inner][\/et_pb_row_inner][\/et_pb_column][\/et_pb_section]<\/p>\n","protected":false},"excerpt":{"rendered":"<p>Adem\u00e1s del servicio de ruta fija, North Central RTD tambi\u00e9n ofrece un Servicio de Paratr\u00e1nsito ADA Este es un servicio de transporte \u00abde origen a destino\u00bb para personas con discapacidad que no pueden utilizar el servicio regular de autob\u00fas. Se trata principalmente de un servicio de acera a acera, aunque se ofrece servicio de puerta [&hellip;]<\/p>\n","protected":false},"author":1,"featured_media":0,"parent":243912,"menu_order":0,"comment_status":"closed","ping_status":"closed","template":"","meta":{"_et_pb_use_builder":"on","_et_pb_old_content":"","_et_gb_content_width":"","footnotes":""},"class_list":["post-243784","page","type-page","status-publish","hentry"],"_links":{"self":[{"href":"https:\/\/www.ncrtd.org\/es\/wp-json\/wp\/v2\/pages\/243784","targetHints":{"allow":["GET"]}}],"collection":[{"href":"https:\/\/www.ncrtd.org\/es\/wp-json\/wp\/v2\/pages"}],"about":[{"href":"https:\/\/www.ncrtd.org\/es\/wp-json\/wp\/v2\/types\/page"}],"author":[{"embeddable":true,"href":"https:\/\/www.ncrtd.org\/es\/wp-json\/wp\/v2\/users\/1"}],"replies":[{"embeddable":true,"href":"https:\/\/www.ncrtd.org\/es\/wp-json\/wp\/v2\/comments?post=243784"}],"version-history":[{"count":2,"href":"https:\/\/www.ncrtd.org\/es\/wp-json\/wp\/v2\/pages\/243784\/revisions"}],"predecessor-version":[{"id":243789,"href":"https:\/\/www.ncrtd.org\/es\/wp-json\/wp\/v2\/pages\/243784\/revisions\/243789"}],"up":[{"embeddable":true,"href":"https:\/\/www.ncrtd.org\/es\/wp-json\/wp\/v2\/pages\/243912"}],"wp:attachment":[{"href":"https:\/\/www.ncrtd.org\/es\/wp-json\/wp\/v2\/media?parent=243784"}],"curies":[{"name":"wp","href":"https:\/\/api.w.org\/{rel}","templated":true}]}}