{"id":243793,"date":"2021-01-04T14:03:55","date_gmt":"2021-01-04T21:03:55","guid":{"rendered":"https:\/\/www.ncrtd.org\/como\/requisitos-para-el-servicio-de-paratransito-de-la-ada\/"},"modified":"2026-05-06T08:54:27","modified_gmt":"2026-05-06T14:54:27","slug":"requisitos-para-el-servicio-de-paratransito-de-la-ada","status":"publish","type":"page","link":"https:\/\/www.ncrtd.org\/es\/servicios\/como\/requisitos-para-el-servicio-de-paratransito-de-la-ada\/","title":{"rendered":"Requisitos para el servicio de paratr\u00e1nsito de la ADA"},"content":{"rendered":"<p>[et_pb_section fb_built=\u00bb1&#8243; fullwidth=\u00bbon\u00bb _builder_version=\u00bb4.16&#8243; _module_preset=\u00bbcbe6949b-fe83-485f-a967-598203880f36&#8243; width_tablet=\u00bb\u00bb width_phone=\u00bb\u00bb width_last_edited=\u00bbon|desktop\u00bb custom_margin=\u00bb140px||||false|false\u00bb custom_margin_tablet=\u00bb0px||||false|false\u00bb custom_margin_phone=\u00bb\u00bb custom_margin_last_edited=\u00bbon|desktop\u00bb global_colors_info=\u00bb{}\u00bb][et_pb_fullwidth_image src=\u00bbhttps:\/\/www.ncrtd.org\/wp-content\/uploads\/2025\/03\/ncrtd-blue-bus-2023-0930.jpg\u00bb alt=\u00bbCarretera sinuosa de Santa Fe\u00bb title_text=\u00bbncrtd-blue-bus-2023-0930&#8243; admin_label=\u00bbbackground fullwidth image\u00bb _builder_version=\u00bb4.27.4&#8243; _module_preset=\u00bb2215b47f-c514-4736-8638-9febfca886f5&#8243; background_color=\u00bb#FFFFFF\u00bb min_height=\u00bb739.1px\u00bb height_phone=\u00bb723.1px\u00bb custom_margin=\u00bb||-600px||false|false\u00bb global_module=\u00bb3818&#8243; locked=\u00bboff\u00bb global_colors_info=\u00bb{}\u00bb][\/et_pb_fullwidth_image][\/et_pb_section][et_pb_section fb_built=\u00bb1&#8243; specialty=\u00bbon\u00bb padding_1_tablet=\u00bb2em|6%|2em|6%|true|true\u00bb padding_2_tablet=\u00bb2em|6%|2em|6%|true|true\u00bb padding_1_phone=\u00bb2em|8%|2em|8%|true|true\u00bb padding_2_phone=\u00bb2em|8%|2em|8%|true|true\u00bb padding_1_last_edited=\u00bbon|desktop\u00bb padding_2_last_edited=\u00bbon|tablet\u00bb module_id_1=\u00bbsidebar\u00bb module_class_1=\u00bbcontent-sidebar\u00bb module_class_2=\u00bbcontent-main\u00bb _builder_version=\u00bb4.16&#8243; _module_preset=\u00bb49fa2571-fdca-4afb-b157-c44ecc3f4485&#8243; global_colors_info=\u00bb{}\u00bb][et_pb_column type=\u00bb1_4&#8243; _builder_version=\u00bb4.16&#8243; custom_padding=\u00bb|||\u00bb global_colors_info=\u00bb{}\u00bb custom_padding__hover=\u00bb|||\u00bb][et_pb_menu menu_id=\u00bb2&#8243; _builder_version=\u00bb4.16&#8243; _module_preset=\u00bbefd0ba9f-ac50-4f8b-84a6-8e44415a3403&#8243; global_colors_info=\u00bb{}\u00bb][\/et_pb_menu][et_pb_text _builder_version=\u00bb4.23.3&#8243; _module_preset=\u00bba5d3b840-eb6f-4446-9880-fb2e3dcbae61&#8243; global_module=\u00bb2761&#8243; saved_tabs=\u00bball\u00bb global_colors_info=\u00bb{}\u00bb][\/et_pb_text][\/et_pb_column][et_pb_column type=\u00bb3_4&#8243; specialty_columns=\u00bb3&#8243; _builder_version=\u00bb4.16&#8243; custom_padding=\u00bb|||\u00bb global_colors_info=\u00bb{}\u00bb custom_padding__hover=\u00bb|||\u00bb][et_pb_row_inner _builder_version=\u00bb4.16&#8243; _module_preset=\u00bbdefault\u00bb global_colors_info=\u00bb{}\u00bb][et_pb_column_inner saved_specialty_column_type=\u00bb3_4&#8243; _builder_version=\u00bb4.16&#8243; _module_preset=\u00bbdefault\u00bb global_colors_info=\u00bb{}\u00bb][et_pb_text _builder_version=\u00bb4.27.4&#8243; _module_preset=\u00bbdefault\u00bb border_width_bottom=\u00bb1px\u00bb border_color_bottom=\u00bb#cccccc\u00bb global_colors_info=\u00bb{}\u00bb]<\/p>\n<p>Adem\u00e1s del servicio de ruta fija, el Blue Bus tambi\u00e9n ofrece un servicio de paratr\u00e1nsito de la ADA disponible dentro de las zonas de servicio de MyBlue\u2122. Los servicios de paratr\u00e1nsito de la ADA son para personas con discapacidades que no pueden utilizar el servicio regular de autob\u00fas. Las personas que deseen solicitar este servicio deber\u00e1n completar una solicitud, hacer que un profesional m\u00e9dico verifique la informaci\u00f3n y recibir la certificaci\u00f3n del Blue Bus como aptas para el paratr\u00e1nsito de la ADA. Este servicio no tiene coste dentro de la zona designada por la ADA.   <\/p>\n<h3>HABR\u00c1 DOS TIPOS DE SERVICIO DISPONIBLES:<\/h3>\n<p><strong>Suscripci\u00f3n y reserva:<\/strong><br \/>El servicio de suscripci\u00f3n se ofrecer\u00e1 para cualquier trayecto que se realice todas las semanas, con origen y destino en la misma ubicaci\u00f3n programada y a la misma hora cada d\u00eda. Las solicitudes de servicio de suscripci\u00f3n deben realizarse con al menos un (1) d\u00eda de antelaci\u00f3n y hasta con cuatro (4) d\u00edas de antelaci\u00f3n. <\/p>\n<p>[\/et_pb_text][\/et_pb_column_inner][\/et_pb_row_inner][et_pb_row_inner _builder_version=\u00bb4.16&#8243; _module_preset=\u00bbdefault\u00bb global_colors_info=\u00bb{}\u00bb][et_pb_column_inner saved_specialty_column_type=\u00bb3_4&#8243; _builder_version=\u00bb4.16&#8243; _module_preset=\u00bbdefault\u00bb global_colors_info=\u00bb{}\u00bb][et_pb_text _builder_version=\u00bb4.16&#8243; _module_preset=\u00bbdefault\u00bb border_width_bottom=\u00bb1px\u00bb border_color_bottom=\u00bb#cccccc\u00bb global_colors_info=\u00bb{}\u00bb]<\/p>\n<h4>RESERVAS<\/h4>\n<p><strong>Lunes &#8211; Viernes:<\/strong> 7:00 &#8211; 10:30 y 14:00 &#8211; 18:00.<\/p>\n<p><img loading=\"lazy\" decoding=\"async\" src=\"https:\/\/www.ncrtd.org\/wp-content\/uploads\/2021\/01\/pick-up-time-300x40.jpg\" width=\"300\" height=\"40\" alt=\"hora de recogida\" class=\"wp-image-842 alignnone size-medium\" srcset=\"https:\/\/www.ncrtd.org\/wp-content\/uploads\/2021\/01\/pick-up-time-300x40.jpg 300w, https:\/\/www.ncrtd.org\/wp-content\/uploads\/2021\/01\/pick-up-time.jpg 368w\" sizes=\"(max-width: 300px) 100vw, 300px\" \/><\/p>\n<p>[\/et_pb_text][et_pb_text _builder_version=\u00bb4.27.4&#8243; _module_preset=\u00bbdefault\u00bb hover_enabled=\u00bb0&#8243; global_colors_info=\u00bb{}\u00bb sticky_enabled=\u00bb0&#8243;]<\/p>\n<p>El servicio de reserva estar\u00e1 disponible para todos para cualquier trayecto. Las solicitudes de servicio de reserva pueden realizarse con al menos un (1) d\u00eda de antelaci\u00f3n y hasta con cuatro (4) d\u00edas de antelaci\u00f3n. No obstante, las reservas para trayectos individuales pueden realizarse hasta con una (1) hora de antelaci\u00f3n el mismo d\u00eda si hay plazas disponibles. El Blue Bus aceptar\u00e1 reservas de 6:00 a 15:00 de lunes a viernes. Las reservas para el servicio del lunes o del d\u00eda posterior a un festivo se recibir\u00e1n en el servicio de mensajer\u00eda de voz del NCRTD. Siempre que sea posible, se programar\u00e1 un trayecto de vuelta.      <\/p>\n<p>El servicio de paratr\u00e1nsito no tiene tarifa.<\/p>\n<p><strong>Horarios y d\u00edas de servicio:<\/strong><br \/>El servicio de paratr\u00e1nsito funcionar\u00e1 de 7:00 a 10:30 y de 14:00 a 18:00, de lunes a viernes. Por el momento no se presta servicio los s\u00e1bados ni los domingos. <\/p>\n<p>No se ofrece servicio en los siguientes d\u00edas festivos: A\u00f1o Nuevo, D\u00eda de Martin Luther King, Memorial Day, D\u00eda de la Independencia, Labor Day, D\u00eda de la Hispanidad (Columbus Day), D\u00eda de los Veteranos, Acci\u00f3n de Gracias, el d\u00eda despu\u00e9s de Acci\u00f3n de Gracias, Nochebuena y Navidad.<\/p>\n<p><strong>Inclemencias meteorol\u00f3gicas:<\/strong><br \/>En el caso poco probable de que se cancele el servicio debido a las inclemencias del tiempo, el personal del NCRTD intentar\u00e1 ponerse en contacto con todos los pasajeros programados en los n\u00fameros de tel\u00e9fono facilitados al realizar la reserva.<\/p>\n<p><strong>Uso del servicio de paratr\u00e1nsito de la ADA:<\/strong><br \/>Los pasajeros del paratr\u00e1nsito de la ADA deben estar listos diez (10) minutos antes de la hora de recogida programada. El Blue Bus har\u00e1 todo lo posible por llegar lo m\u00e1s cerca posible de la hora de recogida programada. Sin embargo, el veh\u00edculo puede llegar hasta diez (10) minutos antes o veinte (20) minutos despu\u00e9s de la hora programada. Si un pasajero sabe que se va a retrasar en una cita m\u00e9dica, debe llamar al Blue Bus al 866 206 0754 lo antes posible.   <\/p>\n<p><strong>Paratr\u00e1nsito:<\/strong><br \/>El servicio de paratr\u00e1nsito de puerta a puerta tambi\u00e9n estar\u00e1 disponible dentro de las zonas de servicio de MyBlue, y se requiere un proceso de solicitud de aprobaci\u00f3n previa. El servicio de paratr\u00e1nsito de puerta a puerta para personas aptas no tiene tarifa. <\/p>\n<p>Para m\u00e1s informaci\u00f3n y para ver la solicitud, visita <a href=\"https:\/\/www.ncrtd.org\/es\/servicio-de-paratransito-de-ncrtd-ada\/\" target=\"_blank\" rel=\"noopener\">ncrtd.org\/services\/ncrtd-paratransit-services-ada\/<\/a><\/p>\n<p>[\/et_pb_text][\/et_pb_column_inner][\/et_pb_row_inner][\/et_pb_column][\/et_pb_section]<\/p>\n","protected":false},"excerpt":{"rendered":"<p>Adem\u00e1s del servicio de ruta fija, el Blue Bus tambi\u00e9n ofrece un servicio de paratr\u00e1nsito de la ADA disponible dentro de las zonas de servicio de MyBlue\u2122. Los servicios de paratr\u00e1nsito de la ADA son para personas con discapacidades que no pueden utilizar el servicio regular de autob\u00fas. Las personas que deseen solicitar este servicio [&hellip;]<\/p>\n","protected":false},"author":1,"featured_media":0,"parent":243777,"menu_order":0,"comment_status":"closed","ping_status":"closed","template":"","meta":{"_et_pb_use_builder":"on","_et_pb_old_content":"","_et_gb_content_width":"","footnotes":""},"class_list":["post-243793","page","type-page","status-publish","hentry"],"_links":{"self":[{"href":"https:\/\/www.ncrtd.org\/es\/wp-json\/wp\/v2\/pages\/243793","targetHints":{"allow":["GET"]}}],"collection":[{"href":"https:\/\/www.ncrtd.org\/es\/wp-json\/wp\/v2\/pages"}],"about":[{"href":"https:\/\/www.ncrtd.org\/es\/wp-json\/wp\/v2\/types\/page"}],"author":[{"embeddable":true,"href":"https:\/\/www.ncrtd.org\/es\/wp-json\/wp\/v2\/users\/1"}],"replies":[{"embeddable":true,"href":"https:\/\/www.ncrtd.org\/es\/wp-json\/wp\/v2\/comments?post=243793"}],"version-history":[{"count":4,"href":"https:\/\/www.ncrtd.org\/es\/wp-json\/wp\/v2\/pages\/243793\/revisions"}],"predecessor-version":[{"id":243798,"href":"https:\/\/www.ncrtd.org\/es\/wp-json\/wp\/v2\/pages\/243793\/revisions\/243798"}],"up":[{"embeddable":true,"href":"https:\/\/www.ncrtd.org\/es\/wp-json\/wp\/v2\/pages\/243777"}],"wp:attachment":[{"href":"https:\/\/www.ncrtd.org\/es\/wp-json\/wp\/v2\/media?parent=243793"}],"curies":[{"name":"wp","href":"https:\/\/api.w.org\/{rel}","templated":true}]}}