{"id":243800,"date":"2021-01-04T13:58:40","date_gmt":"2021-01-04T20:58:40","guid":{"rendered":"https:\/\/www.ncrtd.org\/como\/consulta-el-horario\/"},"modified":"2026-05-06T08:54:39","modified_gmt":"2026-05-06T14:54:39","slug":"consulta-el-horario","status":"publish","type":"page","link":"https:\/\/www.ncrtd.org\/es\/servicios\/como\/consulta-el-horario\/","title":{"rendered":"Consulta el horario"},"content":{"rendered":"<p>[et_pb_section fb_built=\u00bb1&#8243; fullwidth=\u00bbon\u00bb _builder_version=\u00bb4.16&#8243; _module_preset=\u00bbcbe6949b-fe83-485f-a967-598203880f36&#8243; width_tablet=\u00bb\u00bb width_phone=\u00bb\u00bb width_last_edited=\u00bbon|desktop\u00bb custom_margin=\u00bb140px||||false|false\u00bb custom_margin_tablet=\u00bb0px||||false|false\u00bb custom_margin_phone=\u00bb\u00bb custom_margin_last_edited=\u00bbon|desktop\u00bb global_colors_info=\u00bb{}\u00bb][et_pb_fullwidth_image src=\u00bbhttps:\/\/www.ncrtd.org\/wp-content\/uploads\/2025\/03\/ncrtd-blue-bus-2023-0930.jpg\u00bb alt=\u00bbCarretera sinuosa de Santa Fe\u00bb title_text=\u00bbncrtd-blue-bus-2023-0930&#8243; admin_label=\u00bbbackground fullwidth image\u00bb _builder_version=\u00bb4.27.4&#8243; _module_preset=\u00bb2215b47f-c514-4736-8638-9febfca886f5&#8243; background_color=\u00bb#FFFFFF\u00bb min_height=\u00bb739.1px\u00bb height_phone=\u00bb100px\u00bb custom_margin=\u00bb||-600px||false|false\u00bb global_module=\u00bb3818&#8243; locked=\u00bboff\u00bb global_colors_info=\u00bb{}\u00bb][\/et_pb_fullwidth_image][\/et_pb_section][et_pb_section fb_built=\u00bb1&#8243; specialty=\u00bbon\u00bb padding_1_tablet=\u00bb2em|6%|2em|6%|true|true\u00bb padding_2_tablet=\u00bb2em|6%|2em|6%|true|true\u00bb padding_1_phone=\u00bb2em|8%|2em|8%|true|true\u00bb padding_2_phone=\u00bb2em|8%|2em|8%|true|true\u00bb padding_1_last_edited=\u00bbon|desktop\u00bb padding_2_last_edited=\u00bbon|tablet\u00bb module_id_1=\u00bbsidebar\u00bb module_class_1=\u00bbcontent-sidebar\u00bb module_class_2=\u00bbcontent-main\u00bb _builder_version=\u00bb4.16&#8243; _module_preset=\u00bb49fa2571-fdca-4afb-b157-c44ecc3f4485&#8243; global_colors_info=\u00bb{}\u00bb][et_pb_column type=\u00bb1_4&#8243; _builder_version=\u00bb4.16&#8243; custom_padding=\u00bb|||\u00bb global_colors_info=\u00bb{}\u00bb custom_padding__hover=\u00bb|||\u00bb][et_pb_menu menu_id=\u00bb2&#8243; _builder_version=\u00bb4.16&#8243; _module_preset=\u00bbefd0ba9f-ac50-4f8b-84a6-8e44415a3403&#8243; global_colors_info=\u00bb{}\u00bb][\/et_pb_menu][et_pb_text _builder_version=\u00bb4.23.3&#8243; _module_preset=\u00bba5d3b840-eb6f-4446-9880-fb2e3dcbae61&#8243; global_module=\u00bb2761&#8243; saved_tabs=\u00bball\u00bb global_colors_info=\u00bb{}\u00bb][\/et_pb_text][\/et_pb_column][et_pb_column type=\u00bb3_4&#8243; specialty_columns=\u00bb3&#8243; _builder_version=\u00bb4.16&#8243; custom_padding=\u00bb|||\u00bb global_colors_info=\u00bb{}\u00bb custom_padding__hover=\u00bb|||\u00bb][et_pb_row_inner _builder_version=\u00bb4.16&#8243; _module_preset=\u00bbdefault\u00bb global_colors_info=\u00bb{}\u00bb][et_pb_column_inner saved_specialty_column_type=\u00bb3_4&#8243; _builder_version=\u00bb4.16&#8243; _module_preset=\u00bbdefault\u00bb global_colors_info=\u00bb{}\u00bb][et_pb_text _builder_version=\u00bb4.27.4&#8243; _module_preset=\u00bbdefault\u00bb global_colors_info=\u00bb{}\u00bb]<\/p>\n<h3>C\u00f3mo leer el horario del autob\u00fas<\/h3>\n<ol>\n<li><strong>Busca tu ruta de autob\u00fas:<\/strong> busca el nombre o el n\u00famero de tu ruta de autob\u00fas en el horario. Cada ruta tiene su propio horario, as\u00ed que aseg\u00farate de estar consultando el correcto para tu viaje. <\/li>\n<li>\n<p data-pm-slice=\"1 1 []\"> <span><strong> Entiende las designaciones de los autobuses: <\/strong><\/span><span>los horarios de los autobuses pueden tener n\u00fameros y letras que indican de qu\u00e9 autob\u00fas se trata y su direcci\u00f3n. Por ejemplo, <\/span><span><strong>1S<\/strong><\/span><span> significa el primer autob\u00fas en direcci\u00f3n sur, mientras que <\/span><span><strong>2W<\/strong><\/span><span> significa el segundo autob\u00fas en direcci\u00f3n oeste. Este sistema te ayuda a identificar el autob\u00fas correcto cuando circulan varios por la misma ruta.<\/span><\/p>\n<\/li>\n<li>\n<p data-pm-slice=\"1 1 []\"><span><\/span><strong>D\u00edas de la semana:<\/strong> comprueba los d\u00edas de la semana en la parte superior del horario. Los horarios de los autobuses pueden variar en d\u00edas laborables, fines de semana o festivos. <\/p>\n<\/li>\n<li><strong>F\u00edjate en la hora:<\/strong> busca la hora a la que quieres coger el autob\u00fas. El horario muestra cu\u00e1ndo llegar\u00e1 el autob\u00fas a cada \u00abparada programada\u00bb. <span>Las paradas adicionales son lugares por los que pasa el autob\u00fas que no figuran con horarios espec\u00edficos en el cronograma. <\/span><span>El autob\u00fas llegar\u00e1 a estas paradas en alg\u00fan momento entre las paradas programadas.\n<p><\/span><\/li>\n<li><strong>Llega con antelaci\u00f3n: <\/strong>ve a tu parada de autob\u00fas con tiempo; se recomienda llegar al menos 5 minutos antes de la hora prevista. Los autobuses cumplen un horario fijo y no esperar\u00e1n a los pasajeros que lleguen tarde. <\/li>\n<\/ol>\n<p>\u00a1Eso es todo! Leer el horario del autob\u00fas es f\u00e1cil. Si tienes alguna duda, no dudes en preguntar a tu conductor o llamar a los representantes de atenci\u00f3n al cliente de North Central RTD al 866-206-0754, ext. 1.  <\/p>\n<p>[\/et_pb_text][et_pb_video src=\u00bbhttps:\/\/youtu.be\/L04HUlE_2Lo?si=NIiYNkMCYwA-nSqg\u00bb _builder_version=\u00bb4.27.4&#8243; _module_preset=\u00bbdefault\u00bb hover_enabled=\u00bb0&#8243; sticky_enabled=\u00bb0&#8243;][\/et_pb_video][\/et_pb_column_inner][\/et_pb_row_inner][\/et_pb_column][\/et_pb_section]<\/p>\n","protected":false},"excerpt":{"rendered":"<p>C\u00f3mo leer el horario del autob\u00fas Busca tu ruta de autob\u00fas: busca el nombre o el n\u00famero de tu ruta de autob\u00fas en el horario. Cada ruta tiene su propio horario, as\u00ed que aseg\u00farate de estar consultando el correcto para tu viaje. Entiende las designaciones de los autobuses: los horarios de los autobuses pueden tener [&hellip;]<\/p>\n","protected":false},"author":1,"featured_media":0,"parent":243777,"menu_order":0,"comment_status":"closed","ping_status":"closed","template":"","meta":{"_et_pb_use_builder":"on","_et_pb_old_content":"","_et_gb_content_width":"","footnotes":""},"class_list":["post-243800","page","type-page","status-publish","hentry"],"_links":{"self":[{"href":"https:\/\/www.ncrtd.org\/es\/wp-json\/wp\/v2\/pages\/243800","targetHints":{"allow":["GET"]}}],"collection":[{"href":"https:\/\/www.ncrtd.org\/es\/wp-json\/wp\/v2\/pages"}],"about":[{"href":"https:\/\/www.ncrtd.org\/es\/wp-json\/wp\/v2\/types\/page"}],"author":[{"embeddable":true,"href":"https:\/\/www.ncrtd.org\/es\/wp-json\/wp\/v2\/users\/1"}],"replies":[{"embeddable":true,"href":"https:\/\/www.ncrtd.org\/es\/wp-json\/wp\/v2\/comments?post=243800"}],"version-history":[{"count":4,"href":"https:\/\/www.ncrtd.org\/es\/wp-json\/wp\/v2\/pages\/243800\/revisions"}],"predecessor-version":[{"id":243806,"href":"https:\/\/www.ncrtd.org\/es\/wp-json\/wp\/v2\/pages\/243800\/revisions\/243806"}],"up":[{"embeddable":true,"href":"https:\/\/www.ncrtd.org\/es\/wp-json\/wp\/v2\/pages\/243777"}],"wp:attachment":[{"href":"https:\/\/www.ncrtd.org\/es\/wp-json\/wp\/v2\/media?parent=243800"}],"curies":[{"name":"wp","href":"https:\/\/api.w.org\/{rel}","templated":true}]}}