{"id":243804,"date":"2023-10-10T16:18:32","date_gmt":"2023-10-10T22:18:32","guid":{"rendered":"https:\/\/www.ncrtd.org\/como\/viaja-en-el-blue-bus\/"},"modified":"2026-05-06T08:54:39","modified_gmt":"2026-05-06T14:54:39","slug":"viaja-en-el-blue-bus","status":"publish","type":"page","link":"https:\/\/www.ncrtd.org\/es\/servicios\/como\/viaja-en-el-blue-bus\/","title":{"rendered":"Viaja en el Blue Bus"},"content":{"rendered":"<p>[et_pb_section fb_built=\u00bb1&#8243; fullwidth=\u00bbon\u00bb _builder_version=\u00bb4.16&#8243; _module_preset=\u00bbcbe6949b-fe83-485f-a967-598203880f36&#8243; width_tablet=\u00bb\u00bb width_phone=\u00bb\u00bb width_last_edited=\u00bbon|desktop\u00bb custom_margin=\u00bb140px||||false|false\u00bb custom_margin_tablet=\u00bb0px||||false|false\u00bb custom_margin_phone=\u00bb\u00bb custom_margin_last_edited=\u00bbon|desktop\u00bb global_colors_info=\u00bb{}\u00bb][et_pb_fullwidth_image src=\u00bbhttps:\/\/www.ncrtd.org\/wp-content\/uploads\/2025\/03\/ncrtd-blue-bus-2023-0930.jpg\u00bb alt=\u00bbCarretera sinuosa de Santa Fe\u00bb title_text=\u00bbncrtd-blue-bus-2023-0930&#8243; admin_label=\u00bbbackground fullwidth image\u00bb _builder_version=\u00bb4.27.4&#8243; _module_preset=\u00bb2215b47f-c514-4736-8638-9febfca886f5&#8243; background_color=\u00bb#FFFFFF\u00bb min_height=\u00bb739.1px\u00bb height_phone=\u00bb723.1px\u00bb custom_margin=\u00bb||-600px||false|false\u00bb global_module=\u00bb3818&#8243; locked=\u00bboff\u00bb global_colors_info=\u00bb{}\u00bb][\/et_pb_fullwidth_image][\/et_pb_section][et_pb_section fb_built=\u00bb1&#8243; specialty=\u00bbon\u00bb padding_1_tablet=\u00bb2em|6%|2em|6%|true|true\u00bb padding_2_tablet=\u00bb2em|6%|2em|6%|true|true\u00bb padding_1_phone=\u00bb2em|8%|2em|8%|true|true\u00bb padding_2_phone=\u00bb2em|8%|2em|8%|true|true\u00bb padding_1_last_edited=\u00bbon|desktop\u00bb padding_2_last_edited=\u00bbon|tablet\u00bb module_id_1=\u00bbsidebar\u00bb module_class_1=\u00bbcontent-sidebar\u00bb module_class_2=\u00bbcontent-main\u00bb _builder_version=\u00bb4.16&#8243; _module_preset=\u00bb49fa2571-fdca-4afb-b157-c44ecc3f4485&#8243; global_colors_info=\u00bb{}\u00bb][et_pb_column type=\u00bb1_4&#8243; _builder_version=\u00bb4.16&#8243; custom_padding=\u00bb|||\u00bb global_colors_info=\u00bb{}\u00bb custom_padding__hover=\u00bb|||\u00bb][et_pb_menu menu_id=\u00bb2&#8243; _builder_version=\u00bb4.16&#8243; _module_preset=\u00bbefd0ba9f-ac50-4f8b-84a6-8e44415a3403&#8243; global_colors_info=\u00bb{}\u00bb][\/et_pb_menu][et_pb_text _builder_version=\u00bb4.23.3&#8243; _module_preset=\u00bba5d3b840-eb6f-4446-9880-fb2e3dcbae61&#8243; global_module=\u00bb2761&#8243; saved_tabs=\u00bball\u00bb global_colors_info=\u00bb{}\u00bb][\/et_pb_text][\/et_pb_column][et_pb_column type=\u00bb3_4&#8243; specialty_columns=\u00bb3&#8243; _builder_version=\u00bb4.16&#8243; custom_padding=\u00bb|||\u00bb global_colors_info=\u00bb{}\u00bb custom_padding__hover=\u00bb|||\u00bb][et_pb_row_inner _builder_version=\u00bb4.16&#8243; _module_preset=\u00bbdefault\u00bb global_colors_info=\u00bb{}\u00bb][et_pb_column_inner saved_specialty_column_type=\u00bb3_4&#8243; _builder_version=\u00bb4.16&#8243; _module_preset=\u00bbdefault\u00bb global_colors_info=\u00bb{}\u00bb][et_pb_text _builder_version=\u00bb4.22.2&#8243; _module_preset=\u00bbdefault\u00bb global_colors_info=\u00bb{}\u00bb]<\/p>\n<p>El Blue Bus presta servicio en 10.079 millas cuadradas del centro-norte de Nuevo M\u00e9xico, EE. UU., con la distancia de servicio de conexi\u00f3n de ida m\u00e1s larga que totaliza m\u00e1s de 275 millas de un extremo al otro. Dando servicio a los condados de Los \u00c1lamos, Taos, Rio Arriba, Santa Fe y San Juan County, los Pueblos de <span>Ohkay Owingeh, San Ildefonso, Tesuque, Pojoaque, Santa Clara, Namb\u00e9, Picuris, Taos y Jicarilla Apache Nation.<\/span> <\/p>\n<p>[\/et_pb_text][et_pb_button button_url=\u00bbhttps:\/\/www.ncrtd.org\/es\/todas-las-rutas\/\u00bb button_text=\u00bbVer todas las rutas\u00bb button_alignment=\u00bbcenter\u00bb _builder_version=\u00bb4.22.2&#8243; _module_preset=\u00bbdefault\u00bb custom_margin=\u00bb10px||20px||false|false\u00bb global_colors_info=\u00bb{}\u00bb][\/et_pb_button][et_pb_text _builder_version=\u00bb4.27.4&#8243; _module_preset=\u00bbdefault\u00bb custom_padding=\u00bb0px|||||\u00bb hover_enabled=\u00bb0&#8243; global_colors_info=\u00bb{}\u00bb sticky_enabled=\u00bb0&#8243;]<\/p>\n<h3><span>\u00bfC\u00f3mo viajo en el Blue Bus?<o:p><\/o:p><\/span><\/h3>\n<ol>\n<li><span>Llega a la parada de autob\u00fas<br \/>Llega a la parada de autob\u00fas con antelaci\u00f3n, todas nuestras paradas est\u00e1n marcadas con una se\u00f1al y un n\u00famero de parada para ayudarte a identificar tu ubicaci\u00f3n. Col\u00f3cate cerca de la se\u00f1al o refugio de la parada para que el conductor del autob\u00fas pueda verte. Cuando llegue el autob\u00fas, lee el n\u00famero de autob\u00fas que aparece sobre el parabrisas para asegurarte de subir al autob\u00fas correcto.<br \/><\/span>Si no est\u00e1s seguro de si el autob\u00fas va adonde necesitas ir, siempre puedes preguntarle al conductor.<\/li>\n<li><span>Sube al Blue Bus<br \/>Espera a que el autob\u00fas se detenga por completo. Deja que otros bajen antes de subir al autob\u00fas. Toma asiento y disfruta del viaje.  <\/span><\/li>\n<li><span>Bajar del autob\u00fas<br \/>Para bajar del autob\u00fas, avisa al conductor de que quieres bajar tirando del cord\u00f3n de solicitud de parada que recorre la parte superior de las ventanas del autob\u00fas o presionando el bot\u00f3n de solicitud de parada. Espera hasta que el autob\u00fas se detenga por completo antes de levantarte. Una vez que se abran las puertas, aseg\u00farate de tener todas tus pertenencias y baja del autob\u00fas.  <o:p><\/o:p><\/span><\/li>\n<\/ol>\n<h3><span>Transbordos<\/span><\/h3>\n<p>El Blue Bus conecta con Santa Fe Trails en Santa Fe Place Mall, con Rail Runner en South Capitol Station y con NMDOT Park &amp; Ride en Cities of Gold Park &amp; Ride, Las Vegas Transportation Center, Christus St. Vincent Hospital, NM-599 Station y South Capitol Station.<\/p>\n<h3><span>Planifica tu viaje<\/span><span><\/span><\/h3>\n<p><span>Para planificar tu viaje, descarga la aplicaci\u00f3n MyStop para rastrear el autob\u00fas, recibir actualizaciones del servicio y m\u00e1s. Descargarla con antelaci\u00f3n te ayudar\u00e1 a tener las herramientas que necesitas. Para aquellos que puedan perder la cobertura m\u00f3vil, considera hacer una foto o captura de pantalla del horario con tu tel\u00e9fono m\u00f3vil con antelaci\u00f3n.  <o:p><\/o:p><\/span><\/p>\n<p><span>Para preguntas adicionales, ll\u00e1manos al 866-206-0754 ext. 1.<\/span><\/p>\n<p>[\/et_pb_text][et_pb_video src=\u00bbhttps:\/\/youtu.be\/hNGJ5SINgms?si=B6hGNB1-9U_uRTFH\u00bb _builder_version=\u00bb4.27.4&#8243; _module_preset=\u00bbdefault\u00bb global_colors_info=\u00bb{}\u00bb][\/et_pb_video][et_pb_text _builder_version=\u00bb4.22.2&#8243; _module_preset=\u00bbdefault\u00bb custom_margin=\u00bb20px||0.4em||false|false\u00bb global_colors_info=\u00bb{}\u00bb]<\/p>\n<div class=\"elementor-element elementor-element-8cf7f41 elementor-widget elementor-widget-heading\" data-id=\"8cf7f41\" data-element_type=\"widget\" data-widget_type=\"heading.default\">\n<div class=\"elementor-widget-container\">\n<h3 class=\"elementor-heading-title elementor-size-default\" aria-label=\"Riding Tips &amp; Safety\" id=\"riding-tips--safety\">Mejora tu viaje<\/h3>\n<h4>Para un viaje seguro y agradable, por favor<\/h4>\n<\/div>\n<\/div>\n<div class=\"elementor-element elementor-element-6ecc348 elementor-widget elementor-widget-text-editor\" data-id=\"6ecc348\" data-element_type=\"widget\" data-widget_type=\"text-editor.default\">\n<div class=\"elementor-widget-container\">\n<ul>\n<li>Permanece sentado<\/li>\n<li>Usa ropa apropiada (camisa, pantalones\/pantalones cortos, zapatos) <\/li>\n<\/ul>\n<h4>Permitido en el autob\u00fas<\/h4>\n<ul>\n<li>Animales de servicio<\/li>\n<li>Bebidas no alcoh\u00f3licas en un recipiente cerrado<\/li>\n<\/ul>\n<p>Aunque nos encantan las mascotas, los animales que no sean de servicio deben ir en un transport\u00edn. Las bebidas no alcoh\u00f3licas y la comida deben ir en un recipiente cerrado. <\/p>\n<p>&nbsp;<\/p>\n<p><span style=\"font-family: 'Maven Pro', Helvetica, Arial, Lucida, sans-serif; font-size: 24px;\">NO permitido en el autob\u00fas<\/span><\/p>\n<ul>\n<li>No fumar ni vapear<\/li>\n<li>No comer<\/li>\n<li>No poner m\u00fasica alta<\/li>\n<li>No se permiten bebidas alcoh\u00f3licas<\/li>\n<li>No se permiten drogas ilegales<\/li>\n<li>No usar lenguaje ofensivo<\/li>\n<li>No se permiten armas<\/li>\n<li>No hables en voz alta por tel\u00e9fono <\/li>\n<\/ul>\n<h4>Para la seguridad y comodidad de todos<\/h4>\n<ul>\n<li>Los veh\u00edculos est\u00e1n equipados con vigilancia por v\u00eddeo y audio.<\/li>\n<li>Los conductores asistir\u00e1n a los pasajeros con discapacidades visuales o mentales.<\/li>\n<li>Los ni\u00f1os menores de 10 a\u00f1os deben ir acompa\u00f1ados por un adulto.<\/li>\n<li>Hay portabicicletas de 3 posiciones disponibles por orden de llegada.<\/li>\n<li>Utiliza las papeleras. Puedes ayudar a mantener limpios nuestros veh\u00edculos. <\/li>\n<li>No pongas los pies en tu asiento ni en el respaldo del asiento de delante.<\/li>\n<\/ul>\n<\/div>\n<\/div>\n<p>[\/et_pb_text][et_pb_button button_url=\u00bbhttps:\/\/www.ncrtd.org\/es\/politicas-de-conducta-de-los-pasajeros\/\u00bb button_text=\u00bbVer la Pol\u00edtica de conducta de pasajeros\u00bb button_alignment=\u00bbcenter\u00bb _builder_version=\u00bb4.24.3&#8243; _module_preset=\u00bbdefault\u00bb custom_margin=\u00bb10px||20px||false|false\u00bb global_colors_info=\u00bb{}\u00bb][\/et_pb_button][\/et_pb_column_inner][\/et_pb_row_inner][\/et_pb_column][\/et_pb_section]<\/p>\n","protected":false},"excerpt":{"rendered":"<p>El Blue Bus presta servicio en 10.079 millas cuadradas del centro-norte de Nuevo M\u00e9xico, EE. UU., con la distancia de servicio de conexi\u00f3n de ida m\u00e1s larga que totaliza m\u00e1s de 275 millas de un extremo al otro. Dando servicio a los condados de Los \u00c1lamos, Taos, Rio Arriba, Santa Fe y San Juan County, [&hellip;]<\/p>\n","protected":false},"author":7,"featured_media":0,"parent":243777,"menu_order":1,"comment_status":"closed","ping_status":"closed","template":"","meta":{"_et_pb_use_builder":"on","_et_pb_old_content":"","_et_gb_content_width":"","footnotes":""},"class_list":["post-243804","page","type-page","status-publish","hentry"],"_links":{"self":[{"href":"https:\/\/www.ncrtd.org\/es\/wp-json\/wp\/v2\/pages\/243804","targetHints":{"allow":["GET"]}}],"collection":[{"href":"https:\/\/www.ncrtd.org\/es\/wp-json\/wp\/v2\/pages"}],"about":[{"href":"https:\/\/www.ncrtd.org\/es\/wp-json\/wp\/v2\/types\/page"}],"author":[{"embeddable":true,"href":"https:\/\/www.ncrtd.org\/es\/wp-json\/wp\/v2\/users\/7"}],"replies":[{"embeddable":true,"href":"https:\/\/www.ncrtd.org\/es\/wp-json\/wp\/v2\/comments?post=243804"}],"version-history":[{"count":1,"href":"https:\/\/www.ncrtd.org\/es\/wp-json\/wp\/v2\/pages\/243804\/revisions"}],"predecessor-version":[{"id":243807,"href":"https:\/\/www.ncrtd.org\/es\/wp-json\/wp\/v2\/pages\/243804\/revisions\/243807"}],"up":[{"embeddable":true,"href":"https:\/\/www.ncrtd.org\/es\/wp-json\/wp\/v2\/pages\/243777"}],"wp:attachment":[{"href":"https:\/\/www.ncrtd.org\/es\/wp-json\/wp\/v2\/media?parent=243804"}],"curies":[{"name":"wp","href":"https:\/\/api.w.org\/{rel}","templated":true}]}}