{"id":243811,"date":"2021-01-04T14:08:20","date_gmt":"2021-01-04T21:08:20","guid":{"rendered":"https:\/\/www.ncrtd.org\/acerca-de-ncrtd\/sostenibilidad\/"},"modified":"2026-05-06T08:54:49","modified_gmt":"2026-05-06T14:54:49","slug":"sostenibilidad","status":"publish","type":"page","link":"https:\/\/www.ncrtd.org\/es\/acerca-de-ncrtd\/sostenibilidad\/","title":{"rendered":"Sostenibilidad"},"content":{"rendered":"<p>[et_pb_section fb_built=\u00bb1&#8243; fullwidth=\u00bbon\u00bb _builder_version=\u00bb4.16&#8243; _module_preset=\u00bbcbe6949b-fe83-485f-a967-598203880f36&#8243; width_tablet=\u00bb\u00bb width_phone=\u00bb\u00bb width_last_edited=\u00bbon|desktop\u00bb custom_margin=\u00bb140px||||false|false\u00bb custom_margin_tablet=\u00bb0px||||false|false\u00bb custom_margin_phone=\u00bb\u00bb custom_margin_last_edited=\u00bbon|desktop\u00bb hover_enabled=\u00bb0&#8243; global_colors_info=\u00bb{}\u00bb sticky_enabled=\u00bb0&#8243;][et_pb_fullwidth_image src=\u00bbhttps:\/\/www.ncrtd.org\/wp-content\/uploads\/2021\/09\/Screenshot-2021-09-01-103202.png\u00bb alt=\u00bbCarretera sinuosa de Santa Fe\u00bb title_text=\u00bbCaptura de pantalla 2021-09-01 103202&#8243; admin_label=\u00bbbackground fullwidth image\u00bb _builder_version=\u00bb4.23.1&#8243; _module_preset=\u00bb2215b47f-c514-4736-8638-9febfca886f5&#8243; background_color=\u00bb#FFFFFF\u00bb min_height=\u00bb739.1px\u00bb height_phone=\u00bb723.1px\u00bb global_module=\u00bb3818&#8243; locked=\u00bboff\u00bb global_colors_info=\u00bb{}\u00bb][\/et_pb_fullwidth_image][\/et_pb_section][et_pb_section fb_built=\u00bb1&#8243; specialty=\u00bbon\u00bb padding_1_tablet=\u00bb2em|6%|2em|6%|true|true\u00bb padding_2_tablet=\u00bb2em|6%|2em|6%|true|true\u00bb padding_1_phone=\u00bb2em|8%|2em|8%|true|true\u00bb padding_2_phone=\u00bb2em|8%|2em|8%|true|true\u00bb padding_1_last_edited=\u00bbon|desktop\u00bb padding_2_last_edited=\u00bbon|tablet\u00bb module_id_1=\u00bbsidebar\u00bb module_class_1=\u00bbcontent-sidebar\u00bb module_class_2=\u00bbcontent-main\u00bb _builder_version=\u00bb4.16&#8243; _module_preset=\u00bb49fa2571-fdca-4afb-b157-c44ecc3f4485&#8243; global_colors_info=\u00bb{}\u00bb][et_pb_column type=\u00bb1_4&#8243; _builder_version=\u00bb4.16&#8243; custom_padding=\u00bb|||\u00bb global_colors_info=\u00bb{}\u00bb custom_padding__hover=\u00bb|||\u00bb][et_pb_menu menu_id=\u00bb2&#8243; _builder_version=\u00bb4.16&#8243; _module_preset=\u00bbefd0ba9f-ac50-4f8b-84a6-8e44415a3403&#8243; global_colors_info=\u00bb{}\u00bb][\/et_pb_menu][et_pb_text _builder_version=\u00bb4.23.3&#8243; _module_preset=\u00bba5d3b840-eb6f-4446-9880-fb2e3dcbae61&#8243; global_module=\u00bb2761&#8243; saved_tabs=\u00bball\u00bb global_colors_info=\u00bb{}\u00bb][\/et_pb_text][\/et_pb_column][et_pb_column type=\u00bb3_4&#8243; specialty_columns=\u00bb3&#8243; _builder_version=\u00bb4.16&#8243; custom_padding=\u00bb|||\u00bb global_colors_info=\u00bb{}\u00bb custom_padding__hover=\u00bb|||\u00bb][et_pb_row_inner _builder_version=\u00bb4.16&#8243; _module_preset=\u00bbdefault\u00bb global_colors_info=\u00bb{}\u00bb][et_pb_column_inner saved_specialty_column_type=\u00bb3_4&#8243; _builder_version=\u00bb4.16&#8243; _module_preset=\u00bbdefault\u00bb global_colors_info=\u00bb{}\u00bb][et_pb_text _builder_version=\u00bb4.24.1&#8243; _module_preset=\u00bbdefault\u00bb hover_enabled=\u00bb0&#8243; global_colors_info=\u00bb{}\u00bb sticky_enabled=\u00bb0&#8243;]<\/p>\n<p>En toda Am\u00e9rica, entidades gubernamentales y jurisdicciones de todos los tama\u00f1os e influencia tienen la tarea de seguir prestando servicios en una era de recursos menguantes y crecientes preocupaciones sobre los efectos del cambio clim\u00e1tico en medio de regulaciones cada vez mayores. Ya sea por mandato legislativo, por una conciencia ambiental com\u00fan o por una combinaci\u00f3n de ambos, la mayor\u00eda de estas entidades han establecido planes de sostenibilidad que requieren pr\u00e1cticas ecol\u00f3gicas para sus comunidades y dentro de sus propias organizaciones. Estas pueden ir desde la compra de veh\u00edculos con combustibles alternativos, la construcci\u00f3n de estructuras energ\u00e9ticamente eficientes, el reciclaje de residuos s\u00f3lidos y la provisi\u00f3n de incentivos para la compra e instalaci\u00f3n de formas alternativas de producci\u00f3n de energ\u00eda renovable.  <\/p>\n<p>North Central RTD no es diferente. El Distrito es una entidad gubernamental que presta un servicio p\u00fablico y posee, desarrolla y gestiona propiedades e instalaciones. Quienes formamos el elemento humano de NCRTD compartimos preocupaciones ambientales similares y somos responsables de establecer un plan sostenible que minimice el impacto de sus instalaciones existentes y de la infraestructura y construcci\u00f3n futura en el norte central de Nuevo M\u00e9xico.  <\/p>\n<p>[\/et_pb_text][et_pb_text _builder_version=\u00bb4.24.1&#8243; _module_preset=\u00bbdefault\u00bb hover_enabled=\u00bb0&#8243; global_colors_info=\u00bb{}\u00bb sticky_enabled=\u00bb0&#8243;]<\/p>\n<h3>Declaraci\u00f3n de visi\u00f3n y misi\u00f3n<\/h3>\n<p>Ser un socio sostenible y consciente del medio ambiente, mejorando la calidad de vida de las comunidades del norte central de Nuevo M\u00e9xico y<br \/>m\u00e1s all\u00e1.<\/p>\n<p>[\/et_pb_text][et_pb_blurb title=\u00bbConoce la declaraci\u00f3n de visi\u00f3n y misi\u00f3n sostenible de NCRTD (PDF)\u00bb url_new_window=\u00bbon\u00bb use_icon=\u00bbon\u00bb font_icon=\u00bb&#xe092;||divi||400&#8243; _builder_version=\u00bb4.24.1&#8243; _module_preset=\u00bb44e7b246-d2bf-4d86-a6ee-605d0c2f86a1&#8243; link_option_url=\u00bb\/wp-content\/uploads\/2021\/01\/Sustainable-page-21.pdf\u00bb link_option_url_new_window=\u00bbon\u00bb hover_enabled=\u00bb0&#8243; global_colors_info=\u00bb{}\u00bb sticky_enabled=\u00bb0&#8243;][\/et_pb_blurb][\/et_pb_column_inner][\/et_pb_row_inner][\/et_pb_column][\/et_pb_section]<\/p>\n","protected":false},"excerpt":{"rendered":"<p>En toda Am\u00e9rica, entidades gubernamentales y jurisdicciones de todos los tama\u00f1os e influencia tienen la tarea de seguir prestando servicios en una era de recursos menguantes y crecientes preocupaciones sobre los efectos del cambio clim\u00e1tico en medio de regulaciones cada vez mayores. Ya sea por mandato legislativo, por una conciencia ambiental com\u00fan o por una [&hellip;]<\/p>\n","protected":false},"author":1,"featured_media":0,"parent":243372,"menu_order":0,"comment_status":"closed","ping_status":"closed","template":"","meta":{"_et_pb_use_builder":"on","_et_pb_old_content":"","_et_gb_content_width":"","footnotes":""},"class_list":["post-243811","page","type-page","status-publish","hentry"],"_links":{"self":[{"href":"https:\/\/www.ncrtd.org\/es\/wp-json\/wp\/v2\/pages\/243811","targetHints":{"allow":["GET"]}}],"collection":[{"href":"https:\/\/www.ncrtd.org\/es\/wp-json\/wp\/v2\/pages"}],"about":[{"href":"https:\/\/www.ncrtd.org\/es\/wp-json\/wp\/v2\/types\/page"}],"author":[{"embeddable":true,"href":"https:\/\/www.ncrtd.org\/es\/wp-json\/wp\/v2\/users\/1"}],"replies":[{"embeddable":true,"href":"https:\/\/www.ncrtd.org\/es\/wp-json\/wp\/v2\/comments?post=243811"}],"version-history":[{"count":1,"href":"https:\/\/www.ncrtd.org\/es\/wp-json\/wp\/v2\/pages\/243811\/revisions"}],"predecessor-version":[{"id":243814,"href":"https:\/\/www.ncrtd.org\/es\/wp-json\/wp\/v2\/pages\/243811\/revisions\/243814"}],"up":[{"embeddable":true,"href":"https:\/\/www.ncrtd.org\/es\/wp-json\/wp\/v2\/pages\/243372"}],"wp:attachment":[{"href":"https:\/\/www.ncrtd.org\/es\/wp-json\/wp\/v2\/media?parent=243811"}],"curies":[{"name":"wp","href":"https:\/\/api.w.org\/{rel}","templated":true}]}}