{"id":243815,"date":"2021-01-04T13:54:28","date_gmt":"2021-01-04T20:54:28","guid":{"rendered":"https:\/\/www.ncrtd.org\/como\/usa-la-rampa-para-sillas-de-ruedas\/"},"modified":"2026-05-06T08:54:50","modified_gmt":"2026-05-06T14:54:50","slug":"usa-la-rampa-para-sillas-de-ruedas","status":"publish","type":"page","link":"https:\/\/www.ncrtd.org\/es\/servicios\/como\/usa-la-rampa-para-sillas-de-ruedas\/","title":{"rendered":"Usa la rampa para sillas de ruedas"},"content":{"rendered":"<p>[et_pb_section fb_built=\u00bb1&#8243; fullwidth=\u00bbon\u00bb _builder_version=\u00bb4.9.7&#8243; _module_preset=\u00bbcbe6949b-fe83-485f-a967-598203880f36&#8243; width_tablet=\u00bb\u00bb width_phone=\u00bb\u00bb width_last_edited=\u00bbon|desktop\u00bb custom_margin=\u00bb140px||||false|false\u00bb custom_margin_tablet=\u00bb0px||||false|false\u00bb custom_margin_phone=\u00bb\u00bb custom_margin_last_edited=\u00bbon|desktop\u00bb global_colors_info=\u00bb{}\u00bb][et_pb_fullwidth_image src=\u00bbhttps:\/\/www.ncrtd.org\/wp-content\/uploads\/2021\/09\/BusInCanyon-1.jpg\u00bb alt=\u00bbCarretera sinuosa de Santa Fe\u00bb title_text=\u00bbBusInCanyon\u00bb _builder_version=\u00bb4.10.6&#8243; _module_preset=\u00bb2215b47f-c514-4736-8638-9febfca886f5&#8243; global_colors_info=\u00bb{}\u00bb global_module=\u00bb3818&#8243;][\/et_pb_fullwidth_image][\/et_pb_section][et_pb_section fb_built=\u00bb1&#8243; specialty=\u00bbon\u00bb padding_1_tablet=\u00bb2em|6%|2em|6%|true|true\u00bb padding_2_tablet=\u00bb2em|6%|2em|6%|true|true\u00bb padding_1_phone=\u00bb2em|8%|2em|8%|true|true\u00bb padding_2_phone=\u00bb2em|8%|2em|8%|true|true\u00bb padding_1_last_edited=\u00bbon|desktop\u00bb padding_2_last_edited=\u00bbon|tablet\u00bb module_id_1=\u00bbsidebar\u00bb module_class_1=\u00bbcontent-sidebar\u00bb module_class_2=\u00bbcontent-main\u00bb _builder_version=\u00bb4.9.7&#8243; _module_preset=\u00bb49fa2571-fdca-4afb-b157-c44ecc3f4485&#8243; global_colors_info=\u00bb{}\u00bb][et_pb_column type=\u00bb1_4&#8243; _builder_version=\u00bb3.25&#8243; custom_padding=\u00bb|||\u00bb global_colors_info=\u00bb{}\u00bb custom_padding__hover=\u00bb|||\u00bb][et_pb_menu menu_id=\u00bb2&#8243; _builder_version=\u00bb4.9.7&#8243; _module_preset=\u00bbefd0ba9f-ac50-4f8b-84a6-8e44415a3403&#8243; global_colors_info=\u00bb{}\u00bb][\/et_pb_menu][et_pb_text _builder_version=\u00bb4.9.7&#8243; _module_preset=\u00bba5d3b840-eb6f-4446-9880-fb2e3dcbae61&#8243; global_module=\u00bb2761&#8243; saved_tabs=\u00bball\u00bb global_colors_info=\u00bb{}\u00bb]<\/p>\n<h2>CURRENT STATUS ON NCRTD ROUTES:<\/h2>\n<p><strong>NOTE ON DEMAND SERVICE:<\/strong><br \/>Passengers may reserve a ride from any stop on the route to any stop on the route within the service hours. Passengers must reserve a ride at least 24 hours in advance by calling 866-206-0754 ext. 2.<\/p>\n<p><strong>Please refer to route info below to determine the type of service each route is operating.<\/strong><\/p>\n<h3>NCRTD STATEMENT ON MEASURES IN RESPONSE TO COVID-19:<\/h3>\n<p>North Central Regional Transit District\u2019s RTD Blue Buses provide vital transportation services within north central New Mexico. The District respects that people may be feeling anxiety and concern about the safety of public transit in the regards to COVID-19; we take this very seriously. We continue to clean and disinfect our vehicles daily and regularly utilize a disinfecting fogger. Our top priorities are to continue service to the public, and to keep them and our employees healthy and safe. Thank you for partnering with us to help prevent the spread of any germs and flu.\u00a0The District asks that anyone experiencing flu symptoms refrain from boarding our vehicles. Thank you for partnering with us to help prevent the spread of any germs and flu.\u200b<\/p>\n<p><strong>FACE COVERINGS WILL CONTINUE TO BE MANDATORY IN ORDER TO BOARD.\u00a0<\/strong><\/p>\n<p>[\/et_pb_text][\/et_pb_column][et_pb_column type=\u00bb3_4&#8243; specialty_columns=\u00bb3&#8243; _builder_version=\u00bb3.25&#8243; custom_padding=\u00bb|||\u00bb global_colors_info=\u00bb{}\u00bb custom_padding__hover=\u00bb|||\u00bb][et_pb_row_inner _builder_version=\u00bb4.7.7&#8243; _module_preset=\u00bbdefault\u00bb global_colors_info=\u00bb{}\u00bb][et_pb_column_inner saved_specialty_column_type=\u00bb3_4&#8243; _builder_version=\u00bb4.7.7&#8243; _module_preset=\u00bbdefault\u00bb global_colors_info=\u00bb{}\u00bb][et_pb_text _builder_version=\u00bb4.7.7&#8243; _module_preset=\u00bbdefault\u00bb global_colors_info=\u00bb{}\u00bb]<\/p>\n<ol>\n<li><strong>Cuando el autob\u00fas se acerque a tu parada<\/strong>, aseg\u00farate de que sea el correcto antes de intentar subir. Cada autob\u00fas de la NCRTD tiene un letrero de destino en el panel LED de la parte delantera y otro en el lateral de la acera que muestra el nombre de la ruta.  <\/li>\n<li><strong>Espera a que los dem\u00e1s pasajeros hayan subido<\/strong> y coloca tu silla de ruedas al menos a un metro de la acera. El conductor desplegar\u00e1 la rampa para que puedas entrar al autob\u00fas. Escucha y sigue atentamente las instrucciones que te d\u00e9 el conductor.   <\/li>\n<li><strong>Sube la rampa marcha atr\u00e1s con tu silla.<\/strong><span> <\/span>Una vez que tu silla est\u00e9 en posici\u00f3n, bloquea los frenos y el conductor utilizar\u00e1 correas de sujeci\u00f3n para aseguraros a ti y a tu silla de ruedas. <\/li>\n<li><strong>Dile al conductor el lugar<\/strong> donde quieres bajar para que pueda posicionar el autob\u00fas correctamente en tu punto de salida. <\/li>\n<li><strong>Tu silla de ruedas debe estar correctamente asegurada<\/strong> y los frenos puestos antes de que el conductor ponga en marcha el autob\u00fas. <\/li>\n<li><strong>Indica tu salida<\/strong> aproximadamente una manzana antes de tu parada avisando al conductor. <\/li>\n<li><strong>Cuando sea seguro hacerlo<\/strong>, el conductor desplegar\u00e1 la rampa para que puedas bajar del autob\u00fas con cuidado.<\/li>\n<\/ol>\n<p>[\/et_pb_text][\/et_pb_column_inner][\/et_pb_row_inner][\/et_pb_column][\/et_pb_section]<\/p>\n","protected":false},"excerpt":{"rendered":"<p>CURRENT STATUS ON NCRTD ROUTES: NOTE ON DEMAND SERVICE:Passengers may reserve a ride from any stop on the route to any stop on the route within the service hours. Passengers must reserve a ride at least 24 hours in advance by calling 866-206-0754 ext. 2. Please refer to route info below to determine the type [&hellip;]<\/p>\n","protected":false},"author":1,"featured_media":0,"parent":243777,"menu_order":0,"comment_status":"closed","ping_status":"closed","template":"","meta":{"_et_pb_use_builder":"on","_et_pb_old_content":"","_et_gb_content_width":"","footnotes":""},"class_list":["post-243815","page","type-page","status-publish","hentry"],"_links":{"self":[{"href":"https:\/\/www.ncrtd.org\/es\/wp-json\/wp\/v2\/pages\/243815","targetHints":{"allow":["GET"]}}],"collection":[{"href":"https:\/\/www.ncrtd.org\/es\/wp-json\/wp\/v2\/pages"}],"about":[{"href":"https:\/\/www.ncrtd.org\/es\/wp-json\/wp\/v2\/types\/page"}],"author":[{"embeddable":true,"href":"https:\/\/www.ncrtd.org\/es\/wp-json\/wp\/v2\/users\/1"}],"replies":[{"embeddable":true,"href":"https:\/\/www.ncrtd.org\/es\/wp-json\/wp\/v2\/comments?post=243815"}],"version-history":[{"count":1,"href":"https:\/\/www.ncrtd.org\/es\/wp-json\/wp\/v2\/pages\/243815\/revisions"}],"predecessor-version":[{"id":243818,"href":"https:\/\/www.ncrtd.org\/es\/wp-json\/wp\/v2\/pages\/243815\/revisions\/243818"}],"up":[{"embeddable":true,"href":"https:\/\/www.ncrtd.org\/es\/wp-json\/wp\/v2\/pages\/243777"}],"wp:attachment":[{"href":"https:\/\/www.ncrtd.org\/es\/wp-json\/wp\/v2\/media?parent=243815"}],"curies":[{"name":"wp","href":"https:\/\/api.w.org\/{rel}","templated":true}]}}