{"id":243822,"date":"2021-01-04T14:09:43","date_gmt":"2021-01-04T21:09:43","guid":{"rendered":"https:\/\/www.ncrtd.org\/acerca-de-ncrtd\/objetivo-de-empresa-de-negocio-en-desventaja-dbe\/"},"modified":"2026-05-06T08:55:07","modified_gmt":"2026-05-06T14:55:07","slug":"objetivo-de-empresa-de-negocio-en-desventaja-dbe","status":"publish","type":"page","link":"https:\/\/www.ncrtd.org\/es\/acerca-de-ncrtd\/objetivo-de-empresa-de-negocio-en-desventaja-dbe\/","title":{"rendered":"Objetivo de Empresa de Negocio en Desventaja (DBE)"},"content":{"rendered":"<p>[et_pb_section fb_built=\u00bb1&#8243; fullwidth=\u00bbon\u00bb _builder_version=\u00bb4.9.7&#8243; _module_preset=\u00bbcbe6949b-fe83-485f-a967-598203880f36&#8243; width_tablet=\u00bb\u00bb width_phone=\u00bb\u00bb width_last_edited=\u00bbon|desktop\u00bb custom_margin=\u00bb140px||||false|false\u00bb custom_margin_tablet=\u00bb0px||||false|false\u00bb custom_margin_phone=\u00bb\u00bb custom_margin_last_edited=\u00bbon|desktop\u00bb global_colors_info=\u00bb{}\u00bb][et_pb_fullwidth_image src=\u00bbhttps:\/\/www.ncrtd.org\/wp-content\/uploads\/2021\/09\/BusInCanyon-1.jpg\u00bb alt=\u00bbCarretera sinuosa de Santa Fe\u00bb title_text=\u00bbBusInCanyon\u00bb _builder_version=\u00bb4.10.7&#8243; _module_preset=\u00bb2215b47f-c514-4736-8638-9febfca886f5&#8243; global_module=\u00bb3818&#8243; global_colors_info=\u00bb{}\u00bb][\/et_pb_fullwidth_image][\/et_pb_section][et_pb_section fb_built=\u00bb1&#8243; specialty=\u00bbon\u00bb padding_1_tablet=\u00bb2em|6%|2em|6%|true|true\u00bb padding_2_tablet=\u00bb2em|6%|2em|6%|true|true\u00bb padding_1_phone=\u00bb2em|8%|2em|8%|true|true\u00bb padding_2_phone=\u00bb2em|8%|2em|8%|true|true\u00bb padding_1_last_edited=\u00bbon|desktop\u00bb padding_2_last_edited=\u00bbon|tablet\u00bb module_id_1=\u00bbsidebar\u00bb module_class_1=\u00bbcontent-sidebar\u00bb module_class_2=\u00bbcontent-main\u00bb _builder_version=\u00bb4.9.7&#8243; _module_preset=\u00bb49fa2571-fdca-4afb-b157-c44ecc3f4485&#8243; global_colors_info=\u00bb{}\u00bb][et_pb_column type=\u00bb1_4&#8243; _builder_version=\u00bb3.25&#8243; custom_padding=\u00bb|||\u00bb global_colors_info=\u00bb{}\u00bb custom_padding__hover=\u00bb|||\u00bb][et_pb_menu menu_id=\u00bb2&#8243; _builder_version=\u00bb4.9.7&#8243; _module_preset=\u00bbefd0ba9f-ac50-4f8b-84a6-8e44415a3403&#8243; global_colors_info=\u00bb{}\u00bb][\/et_pb_menu][et_pb_text _builder_version=\u00bb4.9.7&#8243; _module_preset=\u00bba5d3b840-eb6f-4446-9880-fb2e3dcbae61&#8243; global_module=\u00bb2761&#8243; saved_tabs=\u00bball\u00bb global_colors_info=\u00bb{}\u00bb]<\/p>\n<h2>CURRENT STATUS ON NCRTD ROUTES:<\/h2>\n<p><strong>NOTE ON DEMAND SERVICE:<\/strong><br \/>Passengers whose route is currently operating on a temporary Demand may reserve a ride FROM any designated stop on the route TO any designated stop on the route within the service hours. Passengers must reserve a ride at least 24 hours in advance by calling 866-206-0754 ext. 2.<\/p>\n<p><strong>Please refer to the ROUTES section to determine the latest information on your route.<\/strong><\/p>\n<h3>NCRTD STATEMENT ON MEASURES IN RESPONSE TO COVID-19:<\/h3>\n<p>North Central Regional Transit District\u2019s RTD Blue Buses provide vital transportation services within north central New Mexico. The District respects that people may be feeling anxiety and concern about the safety of public transit in the regards to COVID-19; we take this very seriously. We continue to clean and disinfect our vehicles daily and regularly utilize a disinfecting fogger. Our top priorities are to continue service to the public, and to keep them and our employees healthy and safe. Thank you for partnering with us to help prevent the spread of any germs and flu.\u00a0The District asks that anyone experiencing flu symptoms refrain from boarding our vehicles. Thank you for partnering with us to help prevent the spread of any germs and flu.\u200b<\/p>\n<p><strong>FACE COVERINGS WILL CONTINUE TO BE MANDATORY IN ORDER TO BOARD.\u00a0<\/strong><\/p>\n<p>[\/et_pb_text][\/et_pb_column][et_pb_column type=\u00bb3_4&#8243; specialty_columns=\u00bb3&#8243; _builder_version=\u00bb3.25&#8243; custom_padding=\u00bb|||\u00bb global_colors_info=\u00bb{}\u00bb custom_padding__hover=\u00bb|||\u00bb][et_pb_row_inner _builder_version=\u00bb4.7.7&#8243; _module_preset=\u00bbdefault\u00bb global_colors_info=\u00bb{}\u00bb][et_pb_column_inner saved_specialty_column_type=\u00bb3_4&#8243; _builder_version=\u00bb4.7.7&#8243; _module_preset=\u00bbdefault\u00bb global_colors_info=\u00bb{}\u00bb][et_pb_text _builder_version=\u00bb4.8.1&#8243; _module_preset=\u00bbdefault\u00bb global_colors_info=\u00bb{}\u00bb]<\/p>\n<h2><strong>INFORMACI\u00d3N Y RECURSOS SOBRE EMPRESAS DE NEGOCIO EN DESVENTAJA (DBE)<\/strong><\/h2>\n<p>La normativa DBE del Departamento de Transporte de Estados Unidos (U.S. DOT) exige que las agencias de transporte estatales y locales que reciben ayuda financiera del U.S. DOT creen e implementen un programa DBE y establezcan objetivos para la participaci\u00f3n de emprendedores en desventaja. El U.S. DOT define las DBE como \u00abpeque\u00f1as empresas con \u00e1nimo de lucro en las que personas social y econ\u00f3micamente desfavorecidas poseen al menos un 51% de participaci\u00f3n y, adem\u00e1s, controlan la gesti\u00f3n y las operaciones diarias del negocio. Se presume que los afroamericanos, hispanos, nativos americanos, asi\u00e1tico-americanos del Pac\u00edfico y asi\u00e1tico-americanos del subcontinente, y las mujeres est\u00e1n social y econ\u00f3micamente desfavorecidos\u00bb. Para participar en el programa DBE, una peque\u00f1a empresa propiedad y bajo el control de personas social y econ\u00f3micamente desfavorecidas debe obtener la certificaci\u00f3n DBE del estado correspondiente.  <\/p>\n<p>La normativa DBE del U.S. DOT tiene como objetivo \u00abigualar las condiciones ofreciendo a las peque\u00f1as empresas propiedad y bajo el control de personas social y econ\u00f3micamente desfavorecidas una oportunidad justa de competir por contratos de transporte financiados con fondos federales\u00bb. NCRTD se compromete a cumplir los requisitos DBE del DOT y a apoyar a las DBE y, por ello, se esfuerza continuamente por mejorar su Programa DBE. <\/p>\n<p>El objetivo de NCRTD de participaci\u00f3n DBE en contratos con ayuda federal para los ejercicios fiscales 2021 a 2024 es del 1,59%.<\/p>\n<p>El Programa DBE completo de NCRTD est\u00e1 disponible aqu\u00ed: <a href=\"\/wp-content\/uploads\/2021\/01\/NCRTD-DBE-Program.pdf\" target=\"_blank\" rel=\"noopener noreferrer\">Programa DBE de NCRTD<\/a><\/p>\n<p>El directorio de DBE certificadas en Nuevo M\u00e9xico est\u00e1 disponible aqu\u00ed: <a href=\"https:\/\/nmdot.dbesystem.com\/\" target=\"_blank\" rel=\"noopener noreferrer\">NM DOT<\/a><\/p>\n<p><strong>Puedes enviar preguntas o comentarios sobre el Programa DBE de NCRTD y temas relacionados a:<\/strong><\/p>\n<p>Bryce Gibson<br \/>Oficial de Enlace de Empresas de Negocio en Desventaja<br \/>North Central Regional Transit District (NCRTD)<br \/>1327 N. Riverside Dr.<br \/>Espanola, NM 87505<br \/><a href=\"mailto:bryceg@ncrtd.org\">bryceg@ncrtd.org<\/a> <br \/>(505) 672-5165<\/p>\n<p>[\/et_pb_text][et_pb_text _builder_version=\u00bb4.7.7&#8243; _module_preset=\u00bbdefault\u00bb global_colors_info=\u00bb{}\u00bb]<\/p>\n<p><strong>Para m\u00e1s informaci\u00f3n sobre c\u00f3mo obtener la certificaci\u00f3n DBE, consulta los siguientes recursos:<\/strong><\/p>\n<p>[\/et_pb_text][et_pb_blurb title=\u00bbDivisi\u00f3n de Tr\u00e1nsito y Ferrocarril del Departamento de Transporte de Nuevo M\u00e9xico\u00bb url_new_window=\u00bbon\u00bb use_icon=\u00bbon\u00bb font_icon=\u00bb&#xe03e;||divi||400&#8243; _builder_version=\u00bb4.13.0&#8243; _module_preset=\u00bb44e7b246-d2bf-4d86-a6ee-605d0c2f86a1&#8243; link_option_url=\u00bbhttps:\/\/dot.state.nm.us\/content\/nmdot\/en\/Transit_Rail.html\u00bb link_option_url_new_window=\u00bbon\u00bb global_colors_info=\u00bb{}\u00bb][\/et_pb_blurb][et_pb_blurb title=\u00bbCarta del Departamento de Transporte de Nuevo M\u00e9xico a las empresas solicitantes del Programa DBE de NMDOT y a las empresas solicitantes del Programa Unificado de Certificaci\u00f3n de Nuevo M\u00e9xico\u00bb url_new_window=\u00bbon\u00bb use_icon=\u00bbon\u00bb font_icon=\u00bb&#xe03e;||divi||400&#8243; _builder_version=\u00bb4.13.0&#8243; _module_preset=\u00bb44e7b246-d2bf-4d86-a6ee-605d0c2f86a1&#8243; link_option_url=\u00bbhttps:\/\/www.dot.state.nm.us\/content\/dam\/nmdot\/OEOP\/NMDOT_DBE_Application_Cover_Letter.pdf\u00bb link_option_url_new_window=\u00bbon\u00bb global_colors_info=\u00bb{}\u00bb][\/et_pb_blurb][et_pb_blurb title=\u00bbSolicitud uniforme de certificaci\u00f3n para Empresa de Negocio en Desventaja (DBE)\u00bb url_new_window=\u00bbon\u00bb use_icon=\u00bbon\u00bb font_icon=\u00bb&#xe03e;||divi||400&#8243; _builder_version=\u00bb4.13.0&#8243; _module_preset=\u00bb44e7b246-d2bf-4d86-a6ee-605d0c2f86a1&#8243; link_option_url=\u00bbhttps:\/\/dot.state.nm.us\/content\/dam\/nmdot\/OEOP\/Uniform_Certification_Application.pdf\u00bb link_option_url_new_window=\u00bbon\u00bb global_colors_info=\u00bb{}\u00bb][\/et_pb_blurb][et_pb_blurb title=\u00bbDeclaraci\u00f3n jurada anual del Departamento de Transporte de Nuevo M\u00e9xico para la certificaci\u00f3n de Empresa de Negocio en Desventaja\u00bb url_new_window=\u00bbon\u00bb use_icon=\u00bbon\u00bb font_icon=\u00bb&#xe03e;||divi||400&#8243; _builder_version=\u00bb4.13.0&#8243; _module_preset=\u00bb44e7b246-d2bf-4d86-a6ee-605d0c2f86a1&#8243; link_option_url=\u00bbhttps:\/\/dot.state.nm.us\/content\/dam\/nmdot\/OEOP\/A-1147_ANNUAL_AFFIDAVIT_DBE_Renewal_FY_2021.pdf\u00bb link_option_url_new_window=\u00bbon\u00bb global_colors_info=\u00bb{}\u00bb][\/et_pb_blurb][\/et_pb_column_inner][\/et_pb_row_inner][\/et_pb_column][\/et_pb_section]<\/p>\n","protected":false},"excerpt":{"rendered":"<p>CURRENT STATUS ON NCRTD ROUTES: NOTE ON DEMAND SERVICE:Passengers whose route is currently operating on a temporary Demand may reserve a ride FROM any designated stop on the route TO any designated stop on the route within the service hours. Passengers must reserve a ride at least 24 hours in advance by calling 866-206-0754 ext. [&hellip;]<\/p>\n","protected":false},"author":1,"featured_media":0,"parent":243372,"menu_order":0,"comment_status":"closed","ping_status":"closed","template":"","meta":{"_et_pb_use_builder":"on","_et_pb_old_content":"","_et_gb_content_width":"","footnotes":""},"class_list":["post-243822","page","type-page","status-publish","hentry"],"_links":{"self":[{"href":"https:\/\/www.ncrtd.org\/es\/wp-json\/wp\/v2\/pages\/243822","targetHints":{"allow":["GET"]}}],"collection":[{"href":"https:\/\/www.ncrtd.org\/es\/wp-json\/wp\/v2\/pages"}],"about":[{"href":"https:\/\/www.ncrtd.org\/es\/wp-json\/wp\/v2\/types\/page"}],"author":[{"embeddable":true,"href":"https:\/\/www.ncrtd.org\/es\/wp-json\/wp\/v2\/users\/1"}],"replies":[{"embeddable":true,"href":"https:\/\/www.ncrtd.org\/es\/wp-json\/wp\/v2\/comments?post=243822"}],"version-history":[{"count":2,"href":"https:\/\/www.ncrtd.org\/es\/wp-json\/wp\/v2\/pages\/243822\/revisions"}],"predecessor-version":[{"id":243824,"href":"https:\/\/www.ncrtd.org\/es\/wp-json\/wp\/v2\/pages\/243822\/revisions\/243824"}],"up":[{"embeddable":true,"href":"https:\/\/www.ncrtd.org\/es\/wp-json\/wp\/v2\/pages\/243372"}],"wp:attachment":[{"href":"https:\/\/www.ncrtd.org\/es\/wp-json\/wp\/v2\/media?parent=243822"}],"curies":[{"name":"wp","href":"https:\/\/api.w.org\/{rel}","templated":true}]}}