{"id":243826,"date":"2021-01-04T13:53:32","date_gmt":"2021-01-04T20:53:32","guid":{"rendered":"https:\/\/www.ncrtd.org\/como\/usa-el-portabicicletas\/"},"modified":"2026-05-06T08:55:41","modified_gmt":"2026-05-06T14:55:41","slug":"usa-el-portabicicletas","status":"publish","type":"page","link":"https:\/\/www.ncrtd.org\/es\/servicios\/como\/usa-el-portabicicletas\/","title":{"rendered":"Usa el portabicicletas"},"content":{"rendered":"<p>[et_pb_section fb_built=\u00bb1&#8243; fullwidth=\u00bbon\u00bb _builder_version=\u00bb4.16&#8243; _module_preset=\u00bbcbe6949b-fe83-485f-a967-598203880f36&#8243; width_tablet=\u00bb\u00bb width_phone=\u00bb\u00bb width_last_edited=\u00bbon|desktop\u00bb custom_margin=\u00bb140px||||false|false\u00bb custom_margin_tablet=\u00bb0px||||false|false\u00bb custom_margin_phone=\u00bb\u00bb custom_margin_last_edited=\u00bbon|desktop\u00bb global_colors_info=\u00bb{}\u00bb][et_pb_fullwidth_image src=\u00bbhttps:\/\/www.ncrtd.org\/wp-content\/uploads\/2025\/03\/ncrtd-blue-bus-2023-0930.jpg\u00bb alt=\u00bbCarretera sinuosa de Santa Fe\u00bb title_text=\u00bbncrtd-blue-bus-2023-0930&#8243; admin_label=\u00bbbackground fullwidth image\u00bb _builder_version=\u00bb4.27.4&#8243; _module_preset=\u00bb2215b47f-c514-4736-8638-9febfca886f5&#8243; background_color=\u00bb#FFFFFF\u00bb min_height=\u00bb739.1px\u00bb height_phone=\u00bb100px\u00bb custom_margin=\u00bb||-600px||false|false\u00bb global_module=\u00bb3818&#8243; locked=\u00bboff\u00bb global_colors_info=\u00bb{}\u00bb][\/et_pb_fullwidth_image][\/et_pb_section][et_pb_section fb_built=\u00bb1&#8243; specialty=\u00bbon\u00bb padding_1_tablet=\u00bb2em|6%|2em|6%|true|true\u00bb padding_2_tablet=\u00bb2em|6%|2em|6%|true|true\u00bb padding_1_phone=\u00bb2em|8%|2em|8%|true|true\u00bb padding_2_phone=\u00bb2em|8%|2em|8%|true|true\u00bb padding_1_last_edited=\u00bbon|desktop\u00bb padding_2_last_edited=\u00bbon|tablet\u00bb module_id_1=\u00bbsidebar\u00bb module_class_1=\u00bbcontent-sidebar\u00bb module_class_2=\u00bbcontent-main\u00bb _builder_version=\u00bb4.16&#8243; _module_preset=\u00bb49fa2571-fdca-4afb-b157-c44ecc3f4485&#8243; global_colors_info=\u00bb{}\u00bb][et_pb_column type=\u00bb1_4&#8243; _builder_version=\u00bb4.16&#8243; custom_padding=\u00bb|||\u00bb global_colors_info=\u00bb{}\u00bb custom_padding__hover=\u00bb|||\u00bb][et_pb_menu menu_id=\u00bb2&#8243; _builder_version=\u00bb4.16&#8243; _module_preset=\u00bbefd0ba9f-ac50-4f8b-84a6-8e44415a3403&#8243; global_colors_info=\u00bb{}\u00bb][\/et_pb_menu][et_pb_text _builder_version=\u00bb4.23.3&#8243; _module_preset=\u00bba5d3b840-eb6f-4446-9880-fb2e3dcbae61&#8243; global_module=\u00bb2761&#8243; saved_tabs=\u00bball\u00bb global_colors_info=\u00bb{}\u00bb][\/et_pb_text][\/et_pb_column][et_pb_column type=\u00bb3_4&#8243; specialty_columns=\u00bb3&#8243; _builder_version=\u00bb4.16&#8243; custom_padding=\u00bb|||\u00bb global_colors_info=\u00bb{}\u00bb custom_padding__hover=\u00bb|||\u00bb][et_pb_row_inner _builder_version=\u00bb4.16&#8243; _module_preset=\u00bbdefault\u00bb global_colors_info=\u00bb{}\u00bb][et_pb_column_inner saved_specialty_column_type=\u00bb3_4&#8243; _builder_version=\u00bb4.16&#8243; _module_preset=\u00bbdefault\u00bb global_colors_info=\u00bb{}\u00bb][et_pb_text _builder_version=\u00bb4.27.4&#8243; _module_preset=\u00bbdefault\u00bb hover_enabled=\u00bb0&#8243; global_colors_info=\u00bb{}\u00bb sticky_enabled=\u00bb0&#8243;]<\/p>\n<h3>BICICLETAS EN LOS AUTOBUSES<\/h3>\n<p>Todos los autobuses Blue Bus cuentan con portabicicletas exteriores resistentes que pueden transportar de dos a siete bicicletas con ruedas de 16&#8243; o m\u00e1s. Algunos autobuses solo pueden transportar hasta tres bicicletas, mientras que otros pueden transportar hasta siete. <\/p>\n<p>Nuestros autobuses 190 Chama, 200\/300 Santa Fe\/Taos y 255 Mountain Trail pueden transportar hasta siete bicicletas.<\/p>\n<p>Para saber si tu autob\u00fas tendr\u00e1 espacio adicional en el portabicicletas, ll\u00e1manos al 1-866-206-0754, ext. 1.<\/p>\n<p>[\/et_pb_text][\/et_pb_column_inner][\/et_pb_row_inner][et_pb_row_inner _builder_version=\u00bb4.16&#8243; _module_preset=\u00bbdefault\u00bb global_colors_info=\u00bb{}\u00bb][et_pb_column_inner saved_specialty_column_type=\u00bb3_4&#8243; _builder_version=\u00bb4.16&#8243; _module_preset=\u00bbdefault\u00bb global_colors_info=\u00bb{}\u00bb][et_pb_text _builder_version=\u00bb4.16&#8243; _module_preset=\u00bbdefault\u00bb global_colors_info=\u00bb{}\u00bb]<iframe loading=\"lazy\" width=\"560\" height=\"315\" src=\"https:\/\/www.youtube.com\/embed\/Awl0A6YKtXc\" frameborder=\"0\" allow=\"accelerometer; autoplay; clipboard-write; encrypted-media; gyroscope; picture-in-picture\" allowfullscreen=\"\"><\/iframe>[\/et_pb_text][\/et_pb_column_inner][\/et_pb_row_inner][et_pb_row_inner column_structure=\u00bb1_3,1_3,1_3&#8243; _builder_version=\u00bb4.16&#8243; _module_preset=\u00bbdefault\u00bb global_colors_info=\u00bb{}\u00bb][et_pb_column_inner type=\u00bb1_3&#8243; saved_specialty_column_type=\u00bb3_4&#8243; _builder_version=\u00bb4.16&#8243; _module_preset=\u00bbdefault\u00bb global_colors_info=\u00bb{}\u00bb][et_pb_image src=\u00bbhttps:\/\/www.ncrtd.org\/wp-content\/uploads\/2021\/01\/IMG_0132.jpg\u00bb alt=\u00bbPortabicicletas\u00bb title_text=\u00bbIMG_0132&#8243; _builder_version=\u00bb4.16&#8243; _module_preset=\u00bbdefault\u00bb global_colors_info=\u00bb{}\u00bb][\/et_pb_image][\/et_pb_column_inner][et_pb_column_inner type=\u00bb1_3&#8243; saved_specialty_column_type=\u00bb3_4&#8243; _builder_version=\u00bb4.16&#8243; _module_preset=\u00bbdefault\u00bb global_colors_info=\u00bb{}\u00bb][et_pb_image src=\u00bbhttps:\/\/www.ncrtd.org\/wp-content\/uploads\/2021\/01\/IMG_0133.jpg\u00bb alt=\u00bbPortabicicletas\u00bb title_text=\u00bbIMG_0133&#8243; _builder_version=\u00bb4.16&#8243; _module_preset=\u00bbdefault\u00bb global_colors_info=\u00bb{}\u00bb][\/et_pb_image][\/et_pb_column_inner][et_pb_column_inner type=\u00bb1_3&#8243; saved_specialty_column_type=\u00bb3_4&#8243; _builder_version=\u00bb4.16&#8243; _module_preset=\u00bbdefault\u00bb global_colors_info=\u00bb{}\u00bb][et_pb_image src=\u00bbhttps:\/\/www.ncrtd.org\/wp-content\/uploads\/2021\/01\/IMG_0134.jpg\u00bb alt=\u00bbPortabicicletas\u00bb title_text=\u00bbIMG_0134&#8243; _builder_version=\u00bb4.16&#8243; _module_preset=\u00bbdefault\u00bb global_colors_info=\u00bb{}\u00bb][\/et_pb_image][\/et_pb_column_inner][\/et_pb_row_inner][et_pb_row_inner _builder_version=\u00bb4.16&#8243; _module_preset=\u00bbdefault\u00bb global_colors_info=\u00bb{}\u00bb][et_pb_column_inner saved_specialty_column_type=\u00bb3_4&#8243; _builder_version=\u00bb4.16&#8243; _module_preset=\u00bbdefault\u00bb global_colors_info=\u00bb{}\u00bb][et_pb_text _builder_version=\u00bb4.27.0&#8243; _module_preset=\u00bbdefault\u00bb global_colors_info=\u00bb{}\u00bb]<\/p>\n<ol>\n<li><strong>Camina con tu bicicleta al acercarte a la parada de autob\u00fas. <\/strong>Permanece con tu bicicleta en la parada hasta que el autob\u00fas se detenga por completo.<\/li>\n<li><strong>Asegura tu bicicleta en el autob\u00fas.<span> <\/span><\/strong>Avisa al conductor antes de cargar tu bicicleta en el portabicicletas. Carga tu bicicleta en el portabicicletas desde la parte delantera del autob\u00fas o desde el lado de la acera. Si el portabicicletas est\u00e1 vac\u00edo y plegado, b\u00e1jalo apretando el asa con una mano y despleg\u00e1ndolo. Si ya hay una bicicleta en el portabicicletas, levanta tu bicicleta en el espacio disponible y coloca los neum\u00e1ticos en los huecos para ruedas. No se permiten veh\u00edculos de motor de combusti\u00f3n, incluidas bicicletas, ciclomotores, scooters y Segways en el autob\u00fas.    <\/li>\n<li><strong>Descarga tu bicicleta del autob\u00fas.<span> <\/span><\/strong>Avisa al conductor cuando est\u00e9s listo para bajar. Sal por la puerta delantera del autob\u00fas y recoge tu bicicleta. Para soltar la bicicleta, simplemente tira del brazo de soporte alej\u00e1ndolo de la rueda y hacia abajo, y levanta tu bicicleta. Si el portabicicletas queda vac\u00edo, ci\u00e9rralo tirando del asa y levantando el portabicicletas hasta que se bloquee. Despu\u00e9s de descargar tu bicicleta, mu\u00e9vete hacia la acera y se\u00f1ala al conductor que has terminado. Espera a que el autob\u00fas se aleje por completo antes de empezar a circular. Se permiten bicicletas plegables en el interior siempre que se mantengan con el pasajero o se guarden debajo del asiento.\u200b\u200b<\/li>\n<\/ol>\n<p>&nbsp;<\/p>\n<p><strong>M\u00e1s informaci\u00f3n<\/strong><\/p>\n<ul>\n<li>Los espacios se asignan por orden de llegada. No hay ning\u00fan cargo por usarlos. <\/li>\n<li>RTD no se hace responsable de lesiones personales, da\u00f1os materiales o p\u00e9rdida de propiedad derivados del uso de los portabicicletas.<\/li>\n<li>No se permiten veh\u00edculos de motor de combusti\u00f3n, incluidas bicicletas, ciclomotores, scooters y Segways en el autob\u00fas. Consulta m\u00e1s informaci\u00f3n a continuaci\u00f3n. <\/li>\n<li>Los pasajeros son responsables de cargar, asegurar y descargar sus bicicletas.<\/li>\n<li><span>Durante el servicio fuera de invierno, nuestro autob\u00fas Blue Bus 255 Mountain Trail cuenta con portabicicletas exteriores resistentes instalados en la parte trasera que pueden transportar bicicletas con neum\u00e1ticos de hasta 2,8&#8243;<\/span><\/li>\n<\/ul>\n<p>&nbsp;<\/p>\n<p>[\/et_pb_text][et_pb_text _builder_version=\u00bb4.27.0&#8243; _module_preset=\u00bbdefault\u00bb global_colors_info=\u00bb{}\u00bb]<\/p>\n<h3><strong>Sujeci\u00f3n de bicicletas<\/strong><\/h3>\n<h4>Tipos de bicicletas permitidas<\/h4>\n<p><strong><em>Bicicletas est\u00e1ndar:<\/em><\/strong> Los portabicicletas est\u00e1n dise\u00f1ados para bicicletas de tama\u00f1o est\u00e1ndar sin modificaciones. Se permite transportar bicicletas convencionales de un asiento y dos ruedas en los autobuses. Las bicicletas t\u00e1ndem, reclinadas, de tres ruedas, de gran tama\u00f1o o con accesorios a\u00f1adidos no se pueden asegurar de forma segura en el portabicicletas. Ambas ruedas deben encajar en las ranuras del portabicicletas y el brazo de soporte\/gancho debe encajar sobre la parte superior de la rueda de la bicicleta.   <\/p>\n<p><strong><em>Bicicletas el\u00e9ctricas:<\/em><\/strong> Se permiten bicicletas de asistencia el\u00e9ctrica con bater\u00eda de celda seca sellada, donde la bater\u00eda est\u00e1 cubierta y forma parte del dise\u00f1o de la bicicleta, en el portabicicletas. La bicicleta debe pesar menos de 25 kg y asegurarse en el espacio interior m\u00e1s cercano al veh\u00edculo. No se pueden transportar bicicletas el\u00e9ctricas dentro del autob\u00fas. El pasajero puede retirar la bater\u00eda de la bicicleta para asegurarla correctamente en nuestros portabicicletas, <span style=\"text-decoration: underline;\">sin embargo, la bater\u00eda debe permanecer con el pasajero durante el transporte.<\/span>   <\/p>\n<p><strong><em>Scooters:<\/em><\/strong> Se pueden subir scooters no motorizados y scooters el\u00e9ctricos peque\u00f1os a los autobuses, pero no se deben usar dentro del autob\u00fas y no deben obstruir los pasillos ni las puertas. Los pasajeros deben mantener el scooter consigo durante el transporte. No se permiten scooters motorizados con motor de combusti\u00f3n interna (de gasolina) en el autob\u00fas.  <\/p>\n<h4>No se permiten las siguientes bicicletas en los portabicicletas:<\/h4>\n<ul>\n<li>Bicicletas que no encajan en las ranuras para neum\u00e1ticos<\/li>\n<li>Bicicletas t\u00e1ndem<\/li>\n<li>Bicicletas reclinadas<\/li>\n<li>Triciclos<\/li>\n<li>Bicicletas infantiles<\/li>\n<li>Bicicletas de gasolina<\/li>\n<li>Bicicletas con equipaje excesivo: el equipaje debe retirarse y llevarse a bordo<\/li>\n<li>Bicicletas con portabeb\u00e9s u otros equipos que puedan obstruir significativamente la visi\u00f3n del conductor del autob\u00fas<\/li>\n<li>Bicicletas que no se pueden asegurar con el sistema de sujeci\u00f3n instalado sin medidas adicionales como cuerdas el\u00e1sticas<\/li>\n<li>Bicicletas de m\u00e1s de 25 kg<\/li>\n<li>No se permiten bicicletas plegables en el autob\u00fas<\/li>\n<\/ul>\n<p>[\/et_pb_text][\/et_pb_column_inner][\/et_pb_row_inner][\/et_pb_column][\/et_pb_section]<\/p>\n","protected":false},"excerpt":{"rendered":"<p>BICICLETAS EN LOS AUTOBUSES Todos los autobuses Blue Bus cuentan con portabicicletas exteriores resistentes que pueden transportar de dos a siete bicicletas con ruedas de 16&#8243; o m\u00e1s. Algunos autobuses solo pueden transportar hasta tres bicicletas, mientras que otros pueden transportar hasta siete. Nuestros autobuses 190 Chama, 200\/300 Santa Fe\/Taos y 255 Mountain Trail pueden [&hellip;]<\/p>\n","protected":false},"author":1,"featured_media":0,"parent":243777,"menu_order":0,"comment_status":"closed","ping_status":"closed","template":"","meta":{"_et_pb_use_builder":"on","_et_pb_old_content":"","_et_gb_content_width":"","footnotes":""},"class_list":["post-243826","page","type-page","status-publish","hentry"],"_links":{"self":[{"href":"https:\/\/www.ncrtd.org\/es\/wp-json\/wp\/v2\/pages\/243826","targetHints":{"allow":["GET"]}}],"collection":[{"href":"https:\/\/www.ncrtd.org\/es\/wp-json\/wp\/v2\/pages"}],"about":[{"href":"https:\/\/www.ncrtd.org\/es\/wp-json\/wp\/v2\/types\/page"}],"author":[{"embeddable":true,"href":"https:\/\/www.ncrtd.org\/es\/wp-json\/wp\/v2\/users\/1"}],"replies":[{"embeddable":true,"href":"https:\/\/www.ncrtd.org\/es\/wp-json\/wp\/v2\/comments?post=243826"}],"version-history":[{"count":2,"href":"https:\/\/www.ncrtd.org\/es\/wp-json\/wp\/v2\/pages\/243826\/revisions"}],"predecessor-version":[{"id":243831,"href":"https:\/\/www.ncrtd.org\/es\/wp-json\/wp\/v2\/pages\/243826\/revisions\/243831"}],"up":[{"embeddable":true,"href":"https:\/\/www.ncrtd.org\/es\/wp-json\/wp\/v2\/pages\/243777"}],"wp:attachment":[{"href":"https:\/\/www.ncrtd.org\/es\/wp-json\/wp\/v2\/media?parent=243826"}],"curies":[{"name":"wp","href":"https:\/\/api.w.org\/{rel}","templated":true}]}}