{"id":243851,"date":"2021-01-04T14:06:32","date_gmt":"2021-01-04T21:06:32","guid":{"rendered":"https:\/\/www.ncrtd.org\/acerca-de-ncrtd\/informes\/"},"modified":"2026-05-06T08:56:03","modified_gmt":"2026-05-06T14:56:03","slug":"informes","status":"publish","type":"page","link":"https:\/\/www.ncrtd.org\/es\/acerca-de-ncrtd\/informes\/","title":{"rendered":"Informes"},"content":{"rendered":"<p>[et_pb_section fb_built=\u00bb1&#8243; fullwidth=\u00bbon\u00bb _builder_version=\u00bb4.16&#8243; _module_preset=\u00bbcbe6949b-fe83-485f-a967-598203880f36&#8243; width_tablet=\u00bb\u00bb width_phone=\u00bb\u00bb width_last_edited=\u00bbon|desktop\u00bb custom_margin=\u00bb140px||||false|false\u00bb custom_margin_tablet=\u00bb0px||||false|false\u00bb custom_margin_phone=\u00bb\u00bb custom_margin_last_edited=\u00bbon|desktop\u00bb global_colors_info=\u00bb{}\u00bb][et_pb_fullwidth_image src=\u00bbhttps:\/\/www.ncrtd.org\/wp-content\/uploads\/2025\/03\/ncrtd-blue-bus-2023-0930.jpg\u00bb alt=\u00bbCarretera sinuosa de Santa Fe\u00bb title_text=\u00bbncrtd-blue-bus-2023-0930&#8243; disabled_on=\u00bboff|off|off\u00bb admin_label=\u00bbbackground fullwidth image\u00bb _builder_version=\u00bb4.27.5&#8243; _module_preset=\u00bb2215b47f-c514-4736-8638-9febfca886f5&#8243; background_color=\u00bb#FFFFFF\u00bb min_height=\u00bb739.1px\u00bb height_phone=\u00bb723.1px\u00bb custom_margin=\u00bb||-600px||false|false\u00bb global_module=\u00bb3818&#8243; locked=\u00bboff\u00bb global_colors_info=\u00bb{}\u00bb][\/et_pb_fullwidth_image][\/et_pb_section][et_pb_section fb_built=\u00bb1&#8243; specialty=\u00bbon\u00bb padding_1_tablet=\u00bb2em|6%|2em|6%|true|true\u00bb padding_2_tablet=\u00bb2em|6%|2em|6%|true|true\u00bb padding_1_phone=\u00bb2em|8%|2em|8%|true|true\u00bb padding_2_phone=\u00bb2em|8%|2em|8%|true|true\u00bb padding_1_last_edited=\u00bbon|desktop\u00bb padding_2_last_edited=\u00bbon|tablet\u00bb module_id_1=\u00bbsidebar\u00bb module_class_1=\u00bbcontent-sidebar\u00bb module_class_2=\u00bbcontent-main\u00bb _builder_version=\u00bb4.16&#8243; _module_preset=\u00bb49fa2571-fdca-4afb-b157-c44ecc3f4485&#8243; global_colors_info=\u00bb{}\u00bb][et_pb_column type=\u00bb1_4&#8243; _builder_version=\u00bb4.16&#8243; custom_padding=\u00bb|||\u00bb global_colors_info=\u00bb{}\u00bb custom_padding__hover=\u00bb|||\u00bb][et_pb_menu menu_id=\u00bb2&#8243; _builder_version=\u00bb4.16&#8243; _module_preset=\u00bbefd0ba9f-ac50-4f8b-84a6-8e44415a3403&#8243; global_colors_info=\u00bb{}\u00bb][\/et_pb_menu][et_pb_text _builder_version=\u00bb4.23.3&#8243; _module_preset=\u00bba5d3b840-eb6f-4446-9880-fb2e3dcbae61&#8243; global_module=\u00bb2761&#8243; saved_tabs=\u00bball\u00bb global_colors_info=\u00bb{}\u00bb][\/et_pb_text][\/et_pb_column][et_pb_column type=\u00bb3_4&#8243; specialty_columns=\u00bb3&#8243; _builder_version=\u00bb4.16&#8243; custom_padding=\u00bb|||\u00bb global_colors_info=\u00bb{}\u00bb custom_padding__hover=\u00bb|||\u00bb][et_pb_row_inner _builder_version=\u00bb4.24.3&#8243; _module_preset=\u00bbdefault\u00bb global_colors_info=\u00bb{}\u00bb][et_pb_column_inner saved_specialty_column_type=\u00bb3_4&#8243; _builder_version=\u00bb4.24.3&#8243; _module_preset=\u00bbdefault\u00bb global_colors_info=\u00bb{}\u00bb][et_pb_text _builder_version=\u00bb4.24.3&#8243; _module_preset=\u00bbdefault\u00bb global_colors_info=\u00bb{}\u00bb]<\/p>\n<div class=\"padding\">\n<div id=\"_7be489c429154467a3051bef90752db5\" class=\"hidden rts_cms_data_region\">\n<div id=\"_088d6a98f58d47d7993c1f7f7b9f5313\">\n<div id=\"_088d6a98f58d47d7993c1f7f7b9f5313_pnl7be489c429154467a3051bef90752db5Content\">\n<p>Esta p\u00e1gina proporciona informaci\u00f3n identificada para su inclusi\u00f3n en un sitio web de gobierno abierto. Para m\u00e1s informaci\u00f3n, visita nuestro portal <a href=\"https:\/\/www.ncrtd.org\/opengov.aspx\" target=\"_blank\" rel=\"noopener noreferrer\">OPENGOV<\/a>. <\/p>\n<\/div>\n<\/div>\n<\/div>\n<\/div>\n<p>[\/et_pb_text][\/et_pb_column_inner][\/et_pb_row_inner][et_pb_row_inner _builder_version=\u00bb4.16&#8243; _module_preset=\u00bbdefault\u00bb global_colors_info=\u00bb{}\u00bb][et_pb_column_inner saved_specialty_column_type=\u00bb3_4&#8243; _builder_version=\u00bb4.16&#8243; _module_preset=\u00bbdefault\u00bb global_colors_info=\u00bb{}\u00bb][et_pb_blurb title=\u00bbSolicitud de registros p\u00fablicos\u00bb url_new_window=\u00bbon\u00bb use_icon=\u00bbon\u00bb font_icon=\u00bb&#xe03c;||divi||400&#8243; _builder_version=\u00bb4.24.0&#8243; _module_preset=\u00bb44e7b246-d2bf-4d86-a6ee-605d0c2f86a1&#8243; link_option_url=\u00bbhttps:\/\/www.ncrtd.org\/es\/noticias\/solicitud-de-registros-publicos\/\u00bb link_option_url_new_window=\u00bbon\u00bb global_colors_info=\u00bb{}\u00bb][\/et_pb_blurb][\/et_pb_column_inner][\/et_pb_row_inner][et_pb_row_inner _builder_version=\u00bb4.16&#8243; _module_preset=\u00bbdefault\u00bb global_colors_info=\u00bb{}\u00bb][et_pb_column_inner saved_specialty_column_type=\u00bb3_4&#8243; _builder_version=\u00bb4.16&#8243; _module_preset=\u00bbdefault\u00bb global_colors_info=\u00bb{}\u00bb][et_pb_blurb title=\u00bbPresupuestos anuales\u00bb url_new_window=\u00bbon\u00bb use_icon=\u00bbon\u00bb font_icon=\u00bb&#xe03c;||divi||400&#8243; _builder_version=\u00bb4.23.1&#8243; _module_preset=\u00bb44e7b246-d2bf-4d86-a6ee-605d0c2f86a1&#8243; link_option_url=\u00bbhttps:\/\/www.ncrtd.org\/es\/acerca-de-ncrtd\/informes\/presupuestos-anuales\/\u00bb link_option_url_new_window=\u00bbon\u00bb global_colors_info=\u00bb{}\u00bb][\/et_pb_blurb][et_pb_blurb title=\u00bbInforme Financiero Anual Integral (ACFR)\u00bb url_new_window=\u00bbon\u00bb use_icon=\u00bbon\u00bb font_icon=\u00bb&#xe03c;||divi||400&#8243; _builder_version=\u00bb4.23.1&#8243; _module_preset=\u00bb44e7b246-d2bf-4d86-a6ee-605d0c2f86a1&#8243; link_option_url=\u00bbhttps:\/\/www.ncrtd.org\/es\/acerca-de-ncrtd\/informes\/informe-financiero-anual-integral-acfr\/\u00bb link_option_url_new_window=\u00bbon\u00bb global_colors_info=\u00bb{}\u00bb][\/et_pb_blurb][et_pb_blurb title=\u00bbInformes financieros anuales populares\u00bb url_new_window=\u00bbon\u00bb use_icon=\u00bbon\u00bb font_icon=\u00bb&#xe03c;||divi||400&#8243; _builder_version=\u00bb4.24.0&#8243; _module_preset=\u00bb44e7b246-d2bf-4d86-a6ee-605d0c2f86a1&#8243; link_option_url=\u00bbhttps:\/\/www.ncrtd.org\/es\/acerca-de-ncrtd\/informes\/informes-anuales\/\u00bb link_option_url_new_window=\u00bbon\u00bb global_colors_info=\u00bb{}\u00bb][\/et_pb_blurb][\/et_pb_column_inner][\/et_pb_row_inner][et_pb_row_inner _builder_version=\u00bb4.24.3&#8243; _module_preset=\u00bbdefault\u00bb global_colors_info=\u00bb{}\u00bb][et_pb_column_inner saved_specialty_column_type=\u00bb3_4&#8243; _builder_version=\u00bb4.24.3&#8243; _module_preset=\u00bbdefault\u00bb global_colors_info=\u00bb{}\u00bb][et_pb_blurb title=\u00bbPlan Estrat\u00e9gico de Largo Alcance 2023&#8243; url_new_window=\u00bbon\u00bb use_icon=\u00bbon\u00bb font_icon=\u00bb&#xe092;||divi||400&#8243; _builder_version=\u00bb4.22.1&#8243; _module_preset=\u00bb44e7b246-d2bf-4d86-a6ee-605d0c2f86a1&#8243; link_option_url=\u00bbhttps:\/\/www.ncrtd.org\/wp-content\/uploads\/2023\/05\/NCRTD_Long-Range-Strategic-Plan_2023.pdf\u00bb link_option_url_new_window=\u00bbon\u00bb global_colors_info=\u00bb{}\u00bb][\/et_pb_blurb][et_pb_blurb title=\u00bbPlan de Servicio de Tr\u00e1nsito Tribal 2023&#8243; url_new_window=\u00bbon\u00bb use_icon=\u00bbon\u00bb font_icon=\u00bb&#xe092;||divi||400&#8243; _builder_version=\u00bb4.22.1&#8243; _module_preset=\u00bb44e7b246-d2bf-4d86-a6ee-605d0c2f86a1&#8243; link_option_url=\u00bbhttps:\/\/api.realfile.rtsclients.com\/PublicFiles\/26276a15be2143298dd3563ef85d442c\/5a1ae667-b870-4485-948b-b0e1219b2650\/NCRTD%20Tribal%20Transit%20Service%20Plan%202023.pdf\u00bb link_option_url_new_window=\u00bbon\u00bb global_colors_info=\u00bb{}\u00bb][\/et_pb_blurb][\/et_pb_column_inner][\/et_pb_row_inner][et_pb_row_inner _builder_version=\u00bb4.16&#8243; _module_preset=\u00bbdefault\u00bb global_colors_info=\u00bb{}\u00bb][et_pb_column_inner saved_specialty_column_type=\u00bb3_4&#8243; _builder_version=\u00bb4.16&#8243; _module_preset=\u00bbdefault\u00bb global_colors_info=\u00bb{}\u00bb][et_pb_blurb title=\u00bbPlan de Implementaci\u00f3n del Servicio de Tr\u00e1nsito del Laboratorio Nacional de Los \u00c1lamos (LANL) abril de 2024&#8243; url_new_window=\u00bbon\u00bb use_icon=\u00bbon\u00bb font_icon=\u00bb&#xe092;||divi||400&#8243; _builder_version=\u00bb4.24.3&#8243; _module_preset=\u00bb44e7b246-d2bf-4d86-a6ee-605d0c2f86a1&#8243; link_option_url=\u00bbhttps:\/\/api.realfile.rtsclients.com\/PublicFiles\/26276a15be2143298dd3563ef85d442c\/94bc4f69-286a-4c47-9c91-758993eb9538\/LANL_Transit_Implementation_Report_Apr_2024.pdf\u00bb link_option_url_new_window=\u00bbon\u00bb global_colors_info=\u00bb{}\u00bb][\/et_pb_blurb][et_pb_blurb title=\u00bbAn\u00e1lisis de Opciones del Servicio de Tr\u00e1nsito del Laboratorio Nacional de Los \u00c1lamos (LANL) nov. de 2021&#8243; url_new_window=\u00bbon\u00bb use_icon=\u00bbon\u00bb font_icon=\u00bb&#xe092;||divi||400&#8243; _builder_version=\u00bb4.24.3&#8243; _module_preset=\u00bb44e7b246-d2bf-4d86-a6ee-605d0c2f86a1&#8243; link_option_url=\u00bbhttps:\/\/api.realfile.rtsclients.com\/PublicFiles\/26276a15be2143298dd3563ef85d442c\/78dc3c52-221f-498d-9273-535fae9060e1\/LANL_Transit-Service-Options-Analysis_Report_Nov_2021.pdf\u00bb link_option_url_new_window=\u00bbon\u00bb global_colors_info=\u00bb{}\u00bb][\/et_pb_blurb][\/et_pb_column_inner][\/et_pb_row_inner][et_pb_row_inner _builder_version=\u00bb4.16&#8243; _module_preset=\u00bbdefault\u00bb global_colors_info=\u00bb{}\u00bb][et_pb_column_inner saved_specialty_column_type=\u00bb3_4&#8243; _builder_version=\u00bb4.16&#8243; _module_preset=\u00bbdefault\u00bb global_colors_info=\u00bb{}\u00bb][et_pb_blurb title=\u00bbPlan de Transici\u00f3n a Autobuses de Cero Emisiones del NCRTD marzo de 2023&#8243; url_new_window=\u00bbon\u00bb use_icon=\u00bbon\u00bb font_icon=\u00bb&#xe092;||divi||400&#8243; _builder_version=\u00bb4.24.3&#8243; _module_preset=\u00bb44e7b246-d2bf-4d86-a6ee-605d0c2f86a1&#8243; link_option_url=\u00bbhttps:\/\/www.ncrtd.org\/wp-content\/uploads\/2023\/06\/NCRTD_Zero-Emission-Bus-Transition-Plan-2023.pdf\u00bb link_option_url_new_window=\u00bbon\u00bb global_colors_info=\u00bb{}\u00bb][\/et_pb_blurb][et_pb_blurb title=\u00bbActualizaci\u00f3n del Plan de Servicio de Tr\u00e1nsito del NCRTD enero de 2021&#8243; url_new_window=\u00bbon\u00bb use_icon=\u00bbon\u00bb font_icon=\u00bb&#xe092;||divi||400&#8243; _builder_version=\u00bb4.24.3&#8243; _module_preset=\u00bb44e7b246-d2bf-4d86-a6ee-605d0c2f86a1&#8243; link_option_url=\u00bbhttps:\/\/www.ncrtd.org\/wp-content\/uploads\/2021\/02\/NCRTD-Transit-Service-Plan-Update.FINAL-2-1-R.pdf\u00bb link_option_url_new_window=\u00bbon\u00bb global_colors_info=\u00bb{}\u00bb][\/et_pb_blurb][et_pb_blurb title=\u00bbResumen: Presentaci\u00f3n a la Junta del NCRTD 11 de septiembre de 2020&#8243; url_new_window=\u00bbon\u00bb use_icon=\u00bbon\u00bb font_icon=\u00bb&#xe092;||divi||400&#8243; _builder_version=\u00bb4.22.1&#8243; _module_preset=\u00bb44e7b246-d2bf-4d86-a6ee-605d0c2f86a1&#8243; link_option_url=\u00bb\/wp-content\/uploads\/2021\/01\/00-NCRTD-KFH-Board-Presentation-September.pdf\u00bb link_option_url_new_window=\u00bbon\u00bb global_colors_info=\u00bb{}\u00bb][\/et_pb_blurb][\/et_pb_column_inner][\/et_pb_row_inner][et_pb_row_inner _builder_version=\u00bb4.16&#8243; _module_preset=\u00bbdefault\u00bb global_colors_info=\u00bb{}\u00bb][et_pb_column_inner saved_specialty_column_type=\u00bb3_4&#8243; _builder_version=\u00bb4.16&#8243; _module_preset=\u00bbdefault\u00bb global_colors_info=\u00bb{}\u00bb][et_pb_blurb title=\u00bbSesi\u00f3n informativa de progreso para los ciudadanos del distrito junio AF2019 \u00bb url_new_window=\u00bbon\u00bb use_icon=\u00bbon\u00bb font_icon=\u00bb&#xe092;||divi||400&#8243; _builder_version=\u00bb4.24.3&#8243; _module_preset=\u00bb44e7b246-d2bf-4d86-a6ee-605d0c2f86a1&#8243; link_option_url=\u00bb\/wp-content\/uploads\/2021\/01\/Report-to-the-district-citizens-2019.pdf\u00bb link_option_url_new_window=\u00bbon\u00bb global_colors_info=\u00bb{}\u00bb][\/et_pb_blurb][et_pb_blurb title=\u00bbPlan Estrat\u00e9gico de Largo Alcance 2015&#8243; url_new_window=\u00bbon\u00bb use_icon=\u00bbon\u00bb font_icon=\u00bb&#xe092;||divi||400&#8243; _builder_version=\u00bb4.22.1&#8243; _module_preset=\u00bb44e7b246-d2bf-4d86-a6ee-605d0c2f86a1&#8243; link_option_url=\u00bb\/wp-content\/uploads\/2021\/01\/NCRTD-Final-LRSP-November-2015.pdf\u00bb link_option_url_new_window=\u00bbon\u00bb global_colors_info=\u00bb{}\u00bb][\/et_pb_blurb][et_pb_blurb title=\u00bbPlan de Servicio de Tr\u00e1nsito de Cinco A\u00f1os del NCRTD mayo de 2014&#8243; url_new_window=\u00bbon\u00bb use_icon=\u00bbon\u00bb font_icon=\u00bb&#xe03c;||divi||400&#8243; _builder_version=\u00bb4.24.3&#8243; _module_preset=\u00bb44e7b246-d2bf-4d86-a6ee-605d0c2f86a1&#8243; link_option_url=\u00bbhttps:\/\/www.ncrtd.org\/wp-content\/uploads\/2021\/02\/NCRTD-Service-Plan-2014-Final-2014-06-05-sam.pdf\u00bb link_option_url_new_window=\u00bbon\u00bb global_colors_info=\u00bb{}\u00bb][\/et_pb_blurb][\/et_pb_column_inner][\/et_pb_row_inner][et_pb_row_inner _builder_version=\u00bb4.16&#8243; _module_preset=\u00bbdefault\u00bb global_colors_info=\u00bb{}\u00bb][et_pb_column_inner saved_specialty_column_type=\u00bb3_4&#8243; _builder_version=\u00bb4.16&#8243; _module_preset=\u00bbdefault\u00bb global_colors_info=\u00bb{}\u00bb][et_pb_blurb title=\u00bbEncuesta de pasajeros 2025&#8243; url_new_window=\u00bbon\u00bb use_icon=\u00bbon\u00bb font_icon=\u00bb&#xe03c;||divi||400&#8243; _builder_version=\u00bb4.27.4&#8243; _module_preset=\u00bb44e7b246-d2bf-4d86-a6ee-605d0c2f86a1&#8243; link_option_url=\u00bbhttps:\/\/www.ncrtd.org\/es\/acerca-de-ncrtd\/informes\/encuestas-a-usuarios-as-en-todo-el-sistema\/encuesta-de-pasajeros-2025\/\u00bb link_option_url_new_window=\u00bbon\u00bb global_colors_info=\u00bb{}\u00bb][\/et_pb_blurb][et_pb_blurb title=\u00bbEncuesta de pasajeros 2020&#8243; url_new_window=\u00bbon\u00bb use_icon=\u00bbon\u00bb font_icon=\u00bb&#xe03c;||divi||400&#8243; _builder_version=\u00bb4.24.0&#8243; _module_preset=\u00bb44e7b246-d2bf-4d86-a6ee-605d0c2f86a1&#8243; link_option_url=\u00bbhttps:\/\/www.ncrtd.org\/about-ncrtd\/reports\/rider-surveys-systemwide\/2020-rider-survey\/\u00bb link_option_url_new_window=\u00bbon\u00bb global_colors_info=\u00bb{}\u00bb][\/et_pb_blurb][et_pb_blurb title=\u00bbEncuesta de pasajeros 2016&#8243; url_new_window=\u00bbon\u00bb use_icon=\u00bbon\u00bb font_icon=\u00bb&#xe03c;||divi||400&#8243; _builder_version=\u00bb4.24.0&#8243; _module_preset=\u00bb44e7b246-d2bf-4d86-a6ee-605d0c2f86a1&#8243; link_option_url=\u00bbhttps:\/\/www.ncrtd.org\/about-ncrtd\/reports\/rider-surveys-systemwide\/2016-rider-survey\/\u00bb link_option_url_new_window=\u00bbon\u00bb global_colors_info=\u00bb{}\u00bb][\/et_pb_blurb][et_pb_blurb title=\u00bbEncuesta de pasajeros 2011&#8243; url_new_window=\u00bbon\u00bb use_icon=\u00bbon\u00bb font_icon=\u00bb&#xe092;||divi||400&#8243; _builder_version=\u00bb4.24.0&#8243; _module_preset=\u00bb44e7b246-d2bf-4d86-a6ee-605d0c2f86a1&#8243; link_option_url=\u00bb\/wp-content\/uploads\/2021\/01\/Rider-Survey-2011-Complete.pdf\u00bb link_option_url_new_window=\u00bbon\u00bb global_colors_info=\u00bb{}\u00bb][\/et_pb_blurb][\/et_pb_column_inner][\/et_pb_row_inner][et_pb_row_inner _builder_version=\u00bb4.16&#8243; _module_preset=\u00bbdefault\u00bb global_colors_info=\u00bb{}\u00bb][et_pb_column_inner saved_specialty_column_type=\u00bb3_4&#8243; _builder_version=\u00bb4.16&#8243; _module_preset=\u00bbdefault\u00bb global_colors_info=\u00bb{}\u00bb][et_pb_blurb title=\u00bbDise\u00f1o preliminar y plan maestro para las instalaciones de operaciones y mantenimiento de Taos &#8211; noviembre de 2018&#8243; url_new_window=\u00bbon\u00bb use_icon=\u00bbon\u00bb font_icon=\u00bb&#xe092;||divi||400&#8243; _builder_version=\u00bb4.22.1&#8243; _module_preset=\u00bb44e7b246-d2bf-4d86-a6ee-605d0c2f86a1&#8243; link_option_url=\u00bb\/wp-content\/uploads\/2021\/01\/NCRTD-Prelim_-Design-Report-for-Taos-OM-Facility-November-2018.pdf\u00bb link_option_url_new_window=\u00bbon\u00bb global_colors_info=\u00bb{}\u00bb][\/et_pb_blurb][et_pb_blurb title=\u00bbDise\u00f1o preliminar y plan maestro para las nuevas instalaciones de mantenimiento: versi\u00f3n actualizada en julio de 2017&#8243; url_new_window=\u00bbon\u00bb use_icon=\u00bbon\u00bb font_icon=\u00bb&#xe092;||divi||400&#8243; _builder_version=\u00bb4.22.1&#8243; _module_preset=\u00bb44e7b246-d2bf-4d86-a6ee-605d0c2f86a1&#8243; link_option_url=\u00bb\/wp-content\/uploads\/2021\/01\/NCRTD-New-Mainteance-Facility-Master-Plan-Final-July-2017.pdf\u00bb link_option_url_new_window=\u00bbon\u00bb global_colors_info=\u00bb{}\u00bb][\/et_pb_blurb][et_pb_blurb title=\u00bbEstudio de consolidaci\u00f3n de tr\u00e1nsito &#8211; Hoja informativa del estudio de consolidaci\u00f3n de tr\u00e1nsito del NCRTD y la ciudad de Santa Fe ago. de 2017&#8243; url_new_window=\u00bbon\u00bb use_icon=\u00bbon\u00bb font_icon=\u00bb&#xe092;||divi||400&#8243; _builder_version=\u00bb4.24.3&#8243; _module_preset=\u00bb44e7b246-d2bf-4d86-a6ee-605d0c2f86a1&#8243; link_option_url=\u00bb\/wp-content\/uploads\/2021\/01\/Transit-Consolidation-Study_FINAL-Complete-Doc_Options_Final-Merged_8-17-2017.pdf\u00bb link_option_url_new_window=\u00bbon\u00bb global_colors_info=\u00bb{}\u00bb][\/et_pb_blurb][et_pb_blurb title=\u00bbDise\u00f1o preliminar y plan maestro para las nuevas instalaciones de mantenimiento mayo de 2014 \u00bb url_new_window=\u00bbon\u00bb use_icon=\u00bbon\u00bb font_icon=\u00bb&#xe092;||divi||400&#8243; _builder_version=\u00bb4.24.3&#8243; _module_preset=\u00bb44e7b246-d2bf-4d86-a6ee-605d0c2f86a1&#8243; link_option_url=\u00bb\/wp-content\/uploads\/2021\/01\/May-2014-NCRTD-Preliminary-Design-and-MP-Document.pdf\u00bb link_option_url_new_window=\u00bbon\u00bb global_colors_info=\u00bb{}\u00bb][\/et_pb_blurb][\/et_pb_column_inner][\/et_pb_row_inner][\/et_pb_column][\/et_pb_section]<\/p>\n","protected":false},"excerpt":{"rendered":"<p>Esta p\u00e1gina proporciona informaci\u00f3n identificada para su inclusi\u00f3n en un sitio web de gobierno abierto. Para m\u00e1s informaci\u00f3n, visita nuestro portal OPENGOV.<\/p>\n","protected":false},"author":1,"featured_media":0,"parent":243372,"menu_order":0,"comment_status":"closed","ping_status":"closed","template":"","meta":{"_et_pb_use_builder":"on","_et_pb_old_content":"","_et_gb_content_width":"","footnotes":""},"class_list":["post-243851","page","type-page","status-publish","hentry"],"_links":{"self":[{"href":"https:\/\/www.ncrtd.org\/es\/wp-json\/wp\/v2\/pages\/243851","targetHints":{"allow":["GET"]}}],"collection":[{"href":"https:\/\/www.ncrtd.org\/es\/wp-json\/wp\/v2\/pages"}],"about":[{"href":"https:\/\/www.ncrtd.org\/es\/wp-json\/wp\/v2\/types\/page"}],"author":[{"embeddable":true,"href":"https:\/\/www.ncrtd.org\/es\/wp-json\/wp\/v2\/users\/1"}],"replies":[{"embeddable":true,"href":"https:\/\/www.ncrtd.org\/es\/wp-json\/wp\/v2\/comments?post=243851"}],"version-history":[{"count":1,"href":"https:\/\/www.ncrtd.org\/es\/wp-json\/wp\/v2\/pages\/243851\/revisions"}],"predecessor-version":[{"id":243855,"href":"https:\/\/www.ncrtd.org\/es\/wp-json\/wp\/v2\/pages\/243851\/revisions\/243855"}],"up":[{"embeddable":true,"href":"https:\/\/www.ncrtd.org\/es\/wp-json\/wp\/v2\/pages\/243372"}],"wp:attachment":[{"href":"https:\/\/www.ncrtd.org\/es\/wp-json\/wp\/v2\/media?parent=243851"}],"curies":[{"name":"wp","href":"https:\/\/api.w.org\/{rel}","templated":true}]}}