{"id":243878,"date":"2025-01-13T11:47:32","date_gmt":"2025-01-13T18:47:32","guid":{"rendered":"https:\/\/www.ncrtd.org\/noticias\/blog\/"},"modified":"2026-05-06T09:17:09","modified_gmt":"2026-05-06T15:17:09","slug":"blog","status":"publish","type":"page","link":"https:\/\/www.ncrtd.org\/es\/noticias\/blog\/","title":{"rendered":"Blog"},"content":{"rendered":"<p>[et_pb_section fb_built=\u00bb1&#8243; fullwidth=\u00bbon\u00bb _builder_version=\u00bb4.27.4&#8243; _module_preset=\u00bbdefault\u00bb global_colors_info=\u00bb{}\u00bb][et_pb_fullwidth_header title=\u00bbNoticias del Autob\u00fas Azul\u00bb _builder_version=\u00bb4.27.4&#8243; _module_preset=\u00bbdefault\u00bb global_colors_info=\u00bb{}\u00bb]<\/p>\n<p><span>Aqu\u00ed encontrar\u00e1s informaci\u00f3n \u00fatil sobre c\u00f3mo viajar en el Blue Bus o reservar viajes a trav\u00e9s de MyBlue<\/span><span>\u2122,<\/span><span> nuestro revolucionario sistema de viajes compartidos bajo demanda que presta servicio en Espa\u00f1ola, Edgewood, Pojoaque-Namb\u00e9 y Taos, Nuevo M\u00e9xico, as\u00ed como actualizaciones importantes y avisos del servicio. <\/span> <\/p>\n<p><span>Tambi\u00e9n compartiremos detalles sobre rutas espec\u00edficas y pr\u00f3ximos eventos, as\u00ed como noticias y novedades sobre el Distrito de Transporte y nuestro personal.<\/span><\/p>\n<p>&nbsp;<\/p>\n<p>\u00a1Echa un vistazo a nuestras \u00faltimas publicaciones a continuaci\u00f3n!<\/p>\n<p>[\/et_pb_fullwidth_header][\/et_pb_section][et_pb_section fb_built=\u00bb1&#8243; _builder_version=\u00bb4.27.4&#8243; _module_preset=\u00bbdefault\u00bb custom_padding=\u00bb103px|||||\u00bb global_colors_info=\u00bb{}\u00bb][\/et_pb_section][et_pb_section fb_built=\u00bb1&#8243; _builder_version=\u00bb4.27.4&#8243; _module_preset=\u00bbdefault\u00bb custom_margin=\u00bb-129px|||||\u00bb custom_padding=\u00bb0px||0px|||\u00bb global_colors_info=\u00bb{}\u00bb][et_pb_row column_structure=\u00bb2_3,1_3&#8243; _builder_version=\u00bb4.27.4&#8243; _module_preset=\u00bbdefault\u00bb custom_padding=\u00bb41px|||||\u00bb global_colors_info=\u00bb{}\u00bb][et_pb_column type=\u00bb2_3&#8243; _builder_version=\u00bb4.27.4&#8243; _module_preset=\u00bbdefault\u00bb global_colors_info=\u00bb{}\u00bb][et_pb_blog posts_number=\u00bb1&#8243; include_categories=\u00bb49&#8243; show_more=\u00bbon\u00bb _builder_version=\u00bb4.27.4&#8243; _module_preset=\u00bbdefault\u00bb global_colors_info=\u00bb{}\u00bb][\/et_pb_blog][\/et_pb_column][et_pb_column type=\u00bb1_3&#8243; _builder_version=\u00bb4.27.4&#8243; _module_preset=\u00bbdefault\u00bb global_colors_info=\u00bb{}\u00bb][et_pb_cta title=\u00bb\u00a1Mantente en contacto!\u00bb button_url=\u00bbhttps:\/\/lp.constantcontactpages.com\/sl\/aBh9Kzg\/bluebusnewsletter\u00bb url_new_window=\u00bbon\u00bb button_text=\u00bb\u00danete a nuestro bolet\u00edn\u00bb _builder_version=\u00bb4.27.4&#8243; _module_preset=\u00bbdefault\u00bb hover_enabled=\u00bb0&#8243; global_colors_info=\u00bb{}\u00bb sticky_enabled=\u00bb0&#8243;]<\/p>\n<p style=\"text-align: left;\"><span>Suscr\u00edbete a nuestro bolet\u00edn mensual y recibe informaci\u00f3n \u00fatil sobre c\u00f3mo viajar en el Blue Bus o reservar viajes a trav\u00e9s de MyBlue<\/span><span>\u2122,<\/span><span> nuestro revolucionario sistema de viajes compartidos bajo demanda que presta servicio en Espa\u00f1ola, Edgewood, Pojoaque-Namb\u00e9 y Taos, Nuevo M\u00e9xico, as\u00ed como actualizaciones importantes y avisos del servicio. <\/span> <\/p>\n<p style=\"text-align: left;\"><span>Tambi\u00e9n compartiremos detalles sobre rutas espec\u00edficas y pr\u00f3ximos eventos, as\u00ed como noticias y actualizaciones sobre el Distrito de Transporte y nuestro personal.<\/span><\/p>\n<p>[\/et_pb_cta][\/et_pb_column][\/et_pb_row][\/et_pb_section][et_pb_section fb_built=\u00bb1&#8243; _builder_version=\u00bb4.27.4&#8243; _module_preset=\u00bbdefault\u00bb custom_margin=\u00bb-99px|||||\u00bb custom_padding=\u00bb0px|||||\u00bb global_colors_info=\u00bb{}\u00bb][et_pb_row _builder_version=\u00bb4.27.4&#8243; _module_preset=\u00bbdefault\u00bb custom_padding=\u00bb0px|||||\u00bb global_colors_info=\u00bb{}\u00bb][et_pb_column type=\u00bb4_4&#8243; _builder_version=\u00bb4.27.4&#8243; _module_preset=\u00bbdefault\u00bb global_colors_info=\u00bb{}\u00bb][et_pb_blog fullwidth=\u00bboff\u00bb include_categories=\u00bb48&#8243; show_more=\u00bbon\u00bb show_categories=\u00bboff\u00bb _builder_version=\u00bb4.27.4&#8243; _module_preset=\u00bbdefault\u00bb custom_padding=\u00bb0px|||||\u00bb global_colors_info=\u00bb{}\u00bb][\/et_pb_blog][\/et_pb_column][\/et_pb_row][\/et_pb_section]<\/p>\n","protected":false},"excerpt":{"rendered":"<p>Aqu\u00ed encontrar\u00e1s informaci\u00f3n \u00fatil sobre c\u00f3mo viajar en el Blue Bus o reservar viajes a trav\u00e9s de MyBlue\u2122, nuestro revolucionario sistema de viajes compartidos bajo demanda que presta servicio en Espa\u00f1ola, Edgewood, Pojoaque-Namb\u00e9 y Taos, Nuevo M\u00e9xico, as\u00ed como actualizaciones importantes y avisos del servicio. Tambi\u00e9n compartiremos detalles sobre rutas espec\u00edficas y pr\u00f3ximos eventos, as\u00ed [&hellip;]<\/p>\n","protected":false},"author":13,"featured_media":0,"parent":243382,"menu_order":0,"comment_status":"closed","ping_status":"closed","template":"","meta":{"_et_pb_use_builder":"on","_et_pb_old_content":"","_et_gb_content_width":"","footnotes":""},"class_list":["post-243878","page","type-page","status-publish","hentry"],"_links":{"self":[{"href":"https:\/\/www.ncrtd.org\/es\/wp-json\/wp\/v2\/pages\/243878","targetHints":{"allow":["GET"]}}],"collection":[{"href":"https:\/\/www.ncrtd.org\/es\/wp-json\/wp\/v2\/pages"}],"about":[{"href":"https:\/\/www.ncrtd.org\/es\/wp-json\/wp\/v2\/types\/page"}],"author":[{"embeddable":true,"href":"https:\/\/www.ncrtd.org\/es\/wp-json\/wp\/v2\/users\/13"}],"replies":[{"embeddable":true,"href":"https:\/\/www.ncrtd.org\/es\/wp-json\/wp\/v2\/comments?post=243878"}],"version-history":[{"count":1,"href":"https:\/\/www.ncrtd.org\/es\/wp-json\/wp\/v2\/pages\/243878\/revisions"}],"predecessor-version":[{"id":243881,"href":"https:\/\/www.ncrtd.org\/es\/wp-json\/wp\/v2\/pages\/243878\/revisions\/243881"}],"up":[{"embeddable":true,"href":"https:\/\/www.ncrtd.org\/es\/wp-json\/wp\/v2\/pages\/243382"}],"wp:attachment":[{"href":"https:\/\/www.ncrtd.org\/es\/wp-json\/wp\/v2\/media?parent=243878"}],"curies":[{"name":"wp","href":"https:\/\/api.w.org\/{rel}","templated":true}]}}