{"id":243904,"date":"2025-01-06T13:13:31","date_gmt":"2025-01-06T20:13:31","guid":{"rendered":"https:\/\/www.ncrtd.org\/junta-directiva\/agendas-publicas\/agendas-y-paquetes-de-la-junta-de-2025\/"},"modified":"2026-05-06T09:17:22","modified_gmt":"2026-05-06T15:17:22","slug":"agendas-y-paquetes-de-la-junta-de-2025","status":"publish","type":"page","link":"https:\/\/www.ncrtd.org\/es\/junta-directiva\/agendas-publicas\/agendas-y-paquetes-de-la-junta-de-2025\/","title":{"rendered":"Agendas y paquetes de la junta de 2025"},"content":{"rendered":"<p>[et_pb_section fb_built=\u00bb1&#8243; fullwidth=\u00bbon\u00bb _builder_version=\u00bb4.27.4&#8243; _module_preset=\u00bbcbe6949b-fe83-485f-a967-598203880f36&#8243; width_tablet=\u00bb\u00bb width_phone=\u00bb\u00bb width_last_edited=\u00bbon|desktop\u00bb custom_margin=\u00bb140px||||false|false\u00bb custom_margin_tablet=\u00bb0px||||false|false\u00bb custom_margin_phone=\u00bb\u00bb custom_margin_last_edited=\u00bbon|desktop\u00bb global_colors_info=\u00bb{}\u00bb][et_pb_fullwidth_image src=\u00bbhttps:\/\/www.ncrtd.org\/wp-content\/uploads\/2025\/03\/ncrtd-blue-bus-2023-0930.jpg\u00bb alt=\u00bbCarretera sinuosa de Santa Fe\u00bb title_text=\u00bbncrtd-blue-bus-2023-0930&#8243; admin_label=\u00bbbackground fullwidth image\u00bb _builder_version=\u00bb4.27.4&#8243; _module_preset=\u00bb2215b47f-c514-4736-8638-9febfca886f5&#8243; background_color=\u00bb#FFFFFF\u00bb min_height=\u00bb739.1px\u00bb height_phone=\u00bb723.1px\u00bb custom_margin=\u00bb||-600px||false|false\u00bb global_module=\u00bb3818&#8243; locked=\u00bboff\u00bb global_colors_info=\u00bb{}\u00bb][\/et_pb_fullwidth_image][\/et_pb_section][et_pb_section fb_built=\u00bb1&#8243; specialty=\u00bbon\u00bb padding_1_tablet=\u00bb2em|6%|2em|6%|true|true\u00bb padding_2_tablet=\u00bb2em|6%|2em|6%|true|true\u00bb padding_1_phone=\u00bb2em|8%|2em|8%|true|true\u00bb padding_2_phone=\u00bb2em|8%|2em|8%|true|true\u00bb padding_1_last_edited=\u00bbon|desktop\u00bb padding_2_last_edited=\u00bbon|tablet\u00bb module_id_1=\u00bbsidebar\u00bb module_class_1=\u00bbcontent-sidebar\u00bb module_class_2=\u00bbcontent-main\u00bb _builder_version=\u00bb4.27.4&#8243; _module_preset=\u00bb49fa2571-fdca-4afb-b157-c44ecc3f4485&#8243; global_colors_info=\u00bb{}\u00bb][et_pb_column type=\u00bb1_4&#8243; _builder_version=\u00bb4.16&#8243; custom_padding=\u00bb|||\u00bb global_colors_info=\u00bb{}\u00bb custom_padding__hover=\u00bb|||\u00bb][et_pb_menu menu_id=\u00bb2&#8243; _builder_version=\u00bb4.23.3&#8243; _module_preset=\u00bbefd0ba9f-ac50-4f8b-84a6-8e44415a3403&#8243; global_colors_info=\u00bb{}\u00bb][\/et_pb_menu][et_pb_text _builder_version=\u00bb4.23.3&#8243; _module_preset=\u00bba5d3b840-eb6f-4446-9880-fb2e3dcbae61&#8243; global_module=\u00bb2761&#8243; saved_tabs=\u00bball\u00bb global_colors_info=\u00bb{}\u00bb][\/et_pb_text][\/et_pb_column][et_pb_column type=\u00bb3_4&#8243; specialty_columns=\u00bb3&#8243; _builder_version=\u00bb4.16&#8243; custom_padding=\u00bb|||\u00bb global_colors_info=\u00bb{}\u00bb custom_padding__hover=\u00bb|||\u00bb][et_pb_row_inner _builder_version=\u00bb4.23.3&#8243; _module_preset=\u00bbdefault\u00bb global_colors_info=\u00bb{}\u00bb][et_pb_column_inner saved_specialty_column_type=\u00bb3_4&#8243; _builder_version=\u00bb4.23.3&#8243; _module_preset=\u00bbdefault\u00bb global_colors_info=\u00bb{}\u00bb][et_pb_text _builder_version=\u00bb4.27.4&#8243; _module_preset=\u00bbdefault\u00bb hover_enabled=\u00bb0&#8243; global_colors_info=\u00bb{}\u00bb sticky_enabled=\u00bb0&#8243;]<\/p>\n<p><span>Las agendas y los paquetes de las reuniones de la junta del North Central Regional Transit District est\u00e1n disponibles a continuaci\u00f3n. Para asistir en l\u00ednea, <a href=\"https:\/\/us02web.zoom.us\/j\/89507251881?pwd=EaZWzv74IjXNtqJrnvFRHx815jxJ8D.1\" target=\"_blank\" rel=\"noopener\">haz clic aqu\u00ed<\/a> para iniciar una reuni\u00f3n de Zoom (se te redirigir\u00e1 a una nueva p\u00e1gina web). <\/span><\/p>\n<p>[\/et_pb_text][et_pb_code _builder_version=\u00bb4.27.4&#8243; _module_preset=\u00bbdefault\u00bb global_colors_info=\u00bb{}\u00bb]<\/p>\n<div class=\"rf-table\" data-public=\"1\" data-account-guid=\"26276a15be2143298dd3563ef85d442c\" data-folder-id=\"de798a89-3edf-4a80-bc00-86caf37b2449\" data-widget-id=\"74e6a67b-d391-4bbf-a13e-62bb578215eb\"><\/div>\n<p>[\/et_pb_code][et_pb_button button_url=\u00bbhttps:\/\/www.ncrtd.org\/es\/junta-directiva\/calendario-de-reuniones-de-la-junta-directiva\/\u00bb button_text=\u00bbVer el calendario de reuniones de la junta\u00bb _builder_version=\u00bb4.23.3&#8243; _module_preset=\u00bbdefault\u00bb custom_margin=\u00bb20px||10px||false|false\u00bb global_colors_info=\u00bb{}\u00bb][\/et_pb_button][\/et_pb_column_inner][\/et_pb_row_inner][\/et_pb_column][\/et_pb_section]<\/p>\n","protected":false},"excerpt":{"rendered":"<p>Las agendas y los paquetes de las reuniones de la junta del North Central Regional Transit District est\u00e1n disponibles a continuaci\u00f3n. Para asistir en l\u00ednea, haz clic aqu\u00ed para iniciar una reuni\u00f3n de Zoom (se te redirigir\u00e1 a una nueva p\u00e1gina web).<\/p>\n","protected":false},"author":7,"featured_media":0,"parent":243744,"menu_order":0,"comment_status":"closed","ping_status":"closed","template":"","meta":{"_et_pb_use_builder":"on","_et_pb_old_content":"","_et_gb_content_width":"","footnotes":""},"class_list":["post-243904","page","type-page","status-publish","hentry"],"_links":{"self":[{"href":"https:\/\/www.ncrtd.org\/es\/wp-json\/wp\/v2\/pages\/243904","targetHints":{"allow":["GET"]}}],"collection":[{"href":"https:\/\/www.ncrtd.org\/es\/wp-json\/wp\/v2\/pages"}],"about":[{"href":"https:\/\/www.ncrtd.org\/es\/wp-json\/wp\/v2\/types\/page"}],"author":[{"embeddable":true,"href":"https:\/\/www.ncrtd.org\/es\/wp-json\/wp\/v2\/users\/7"}],"replies":[{"embeddable":true,"href":"https:\/\/www.ncrtd.org\/es\/wp-json\/wp\/v2\/comments?post=243904"}],"version-history":[{"count":1,"href":"https:\/\/www.ncrtd.org\/es\/wp-json\/wp\/v2\/pages\/243904\/revisions"}],"predecessor-version":[{"id":243907,"href":"https:\/\/www.ncrtd.org\/es\/wp-json\/wp\/v2\/pages\/243904\/revisions\/243907"}],"up":[{"embeddable":true,"href":"https:\/\/www.ncrtd.org\/es\/wp-json\/wp\/v2\/pages\/243744"}],"wp:attachment":[{"href":"https:\/\/www.ncrtd.org\/es\/wp-json\/wp\/v2\/media?parent=243904"}],"curies":[{"name":"wp","href":"https:\/\/api.w.org\/{rel}","templated":true}]}}