{"id":243935,"date":"2023-10-13T15:04:44","date_gmt":"2023-10-13T21:04:44","guid":{"rendered":"https:\/\/www.ncrtd.org\/cambios-en-el-servicio\/"},"modified":"2026-05-06T09:18:17","modified_gmt":"2026-05-06T15:18:17","slug":"cambios-en-el-servicio","status":"publish","type":"page","link":"https:\/\/www.ncrtd.org\/es\/cambios-en-el-servicio\/","title":{"rendered":"Cambios en el servicio"},"content":{"rendered":"<p>[et_pb_section fb_built=\u00bb1&#8243; fullwidth=\u00bbon\u00bb _builder_version=\u00bb4.16&#8243; _module_preset=\u00bbcbe6949b-fe83-485f-a967-598203880f36&#8243; width_tablet=\u00bb\u00bb width_phone=\u00bb\u00bb width_last_edited=\u00bbon|desktop\u00bb custom_margin=\u00bb140px||||false|false\u00bb custom_margin_tablet=\u00bb0px||||false|false\u00bb custom_margin_phone=\u00bb\u00bb custom_margin_last_edited=\u00bbon|desktop\u00bb global_colors_info=\u00bb{}\u00bb][et_pb_fullwidth_image src=\u00bbhttps:\/\/www.ncrtd.org\/wp-content\/uploads\/2025\/03\/ncrtd-blue-bus-2023-0930.jpg\u00bb alt=\u00bbCarretera sinuosa de Santa Fe\u00bb title_text=\u00bbncrtd-blue-bus-2023-0930&#8243; disabled_on=\u00bboff|off|off\u00bb admin_label=\u00bbbackground fullwidth image\u00bb _builder_version=\u00bb4.27.6&#8243; _module_preset=\u00bb2215b47f-c514-4736-8638-9febfca886f5&#8243; background_color=\u00bbRGBA(255,255,255,0)\u00bb min_height=\u00bb739.1px\u00bb height_phone=\u00bb100px\u00bb custom_margin=\u00bb||-600px||false|false\u00bb global_module=\u00bb3818&#8243; locked=\u00bboff\u00bb global_colors_info=\u00bb{}\u00bb][\/et_pb_fullwidth_image][\/et_pb_section][et_pb_section fb_built=\u00bb1&#8243; specialty=\u00bbon\u00bb padding_1_tablet=\u00bb2em|6%|2em|6%|true|true\u00bb padding_2_tablet=\u00bb2em|6%|2em|6%|true|true\u00bb padding_1_phone=\u00bb2em|8%|2em|8%|true|true\u00bb padding_2_phone=\u00bb2em|8%|2em|8%|true|true\u00bb padding_1_last_edited=\u00bbon|desktop\u00bb padding_2_last_edited=\u00bbon|tablet\u00bb module_id_1=\u00bbsidebar\u00bb module_class_1=\u00bbcontent-sidebar\u00bb module_class_2=\u00bbcontent-main\u00bb _builder_version=\u00bb4.16&#8243; _module_preset=\u00bb49fa2571-fdca-4afb-b157-c44ecc3f4485&#8243; global_colors_info=\u00bb{}\u00bb][et_pb_column type=\u00bb1_4&#8243; _builder_version=\u00bb4.16&#8243; custom_padding=\u00bb|||\u00bb global_colors_info=\u00bb{}\u00bb custom_padding__hover=\u00bb|||\u00bb][et_pb_menu menu_id=\u00bb2&#8243; _builder_version=\u00bb4.16&#8243; _module_preset=\u00bbefd0ba9f-ac50-4f8b-84a6-8e44415a3403&#8243; global_colors_info=\u00bb{}\u00bb][\/et_pb_menu][\/et_pb_column][et_pb_column type=\u00bb3_4&#8243; specialty_columns=\u00bb3&#8243; _builder_version=\u00bb4.16&#8243; custom_padding=\u00bb|||\u00bb global_colors_info=\u00bb{}\u00bb custom_padding__hover=\u00bb|||\u00bb][et_pb_row_inner _builder_version=\u00bb4.23.1&#8243; _module_preset=\u00bbdefault\u00bb custom_margin=\u00bb||10px||false|false\u00bb global_colors_info=\u00bb{}\u00bb][et_pb_column_inner saved_specialty_column_type=\u00bb3_4&#8243; _builder_version=\u00bb4.17.6&#8243; _module_preset=\u00bbdefault\u00bb global_colors_info=\u00bb{}\u00bb][et_pb_text _builder_version=\u00bb4.22.2&#8243; _module_preset=\u00bbdefault\u00bb global_colors_info=\u00bb{}\u00bb]<\/p>\n<p><span>North Central RTD implementa modificaciones en el servicio de los horarios de Blue Bus dos veces al a\u00f1o, normalmente en primavera y oto\u00f1o. Estos cambios se basan en el n\u00famero de pasajeros, los recursos, los factores econ\u00f3micos y los comentarios de la comunidad, lo que nos permite mejorar el servicio para nuestros pasajeros. <\/span><\/p>\n<p>[\/et_pb_text][et_pb_text disabled_on=\u00bboff|off|off\u00bb _builder_version=\u00bb4.27.6&#8243; _module_preset=\u00bbdefault\u00bb global_colors_info=\u00bb{}\u00bb]<\/p>\n<p>Una serie de modificaciones en las rutas y horarios de Blue Bus de North Central RTD entrar\u00e1n en vigor el s\u00e1bado 11 de abril de 2026. Los cambios incluyen lo siguiente: <\/p>\n<p>[\/et_pb_text][\/et_pb_column_inner][\/et_pb_row_inner][et_pb_row_inner disabled_on=\u00bboff|off|off\u00bb _builder_version=\u00bb4.27.4&#8243; _module_preset=\u00bbdefault\u00bb custom_margin=\u00bb||10px||false|false\u00bb global_colors_info=\u00bb{}\u00bb][et_pb_column_inner saved_specialty_column_type=\u00bb3_4&#8243; _builder_version=\u00bb4.17.6&#8243; _module_preset=\u00bbdefault\u00bb global_colors_info=\u00bb{}\u00bb][et_pb_accordion open_toggle_text_color=\u00bb#1D4384&#8243; icon_color=\u00bb#1D4384&#8243; disabled_on=\u00bboff|off|off\u00bb _builder_version=\u00bb4.27.6&#8243; _module_preset=\u00bbdefault\u00bb toggle_text_color=\u00bb#0072BA\u00bb min_height=\u00bb978.1px\u00bb hover_enabled=\u00bb0&#8243; global_colors_info=\u00bb{}\u00bb sticky_enabled=\u00bb0&#8243;][et_pb_accordion_item title=\u00bb100 Riverside\u00bb open=\u00bbon\u00bb _builder_version=\u00bb4.27.6&#8243; _module_preset=\u00bbdefault\u00bb link_option_url_new_window=\u00bbon\u00bb global_colors_info=\u00bb{}\u00bb]<\/p>\n<p>A partir del 13 de abril, entrar\u00e1n en vigor los siguientes cambios en la ruta 100 Riverside:<\/p>\n<ul><\/ul>\n<ul>\n<li>Los viajes en direcci\u00f3n norte 1N &#8211; 13N a Ohkay Owingeh ya no pasar\u00e1n por el Centro de Tr\u00e1nsito de Espa\u00f1ola.<\/li>\n<li>La ruta ya no pasar\u00e1 por la parada 28, Ohkay Owingeh Casino RV Lot, ni por la parada 103, N. Riverside Drive &amp; El Llano Road en los viajes en direcci\u00f3n norte y sur.<\/li>\n<\/ul>\n<p><img loading=\"lazy\" decoding=\"async\" src=\"https:\/\/www.ncrtd.org\/wp-content\/uploads\/2026\/03\/100RS-Casino-and-Llano-300x232.png\" width=\"300\" height=\"232\" alt=\"\" class=\"wp-image-243068 alignnone size-medium\"><\/p>\n<ul>\n<li>Los viajes en direcci\u00f3n sur al Centro de Tr\u00e1nsito de Espa\u00f1ola tendr\u00e1n una parada de 10 minutos en la parada antes de continuar la ruta. Esto ajustar\u00e1 las horas de llegada y salida de los viajes en direcci\u00f3n norte. <\/li>\n<\/ul>\n<p>Consulta nuestra p\u00e1gina de rutas para ver el horario actualizado <a href=\"https:\/\/www.ncrtd.org\/es\/todas-las-rutas\/\">AQU\u00cd.<\/a><\/p>\n<p>[\/et_pb_accordion_item][et_pb_accordion_item title=\u00bb150 Chimay\u00f3\u00bb _builder_version=\u00bb4.27.6&#8243; _module_preset=\u00bbdefault\u00bb link_option_url_new_window=\u00bbon\u00bb global_colors_info=\u00bb{}\u00bb open=\u00bboff\u00bb]<\/p>\n<p>A partir del 13 de abril, entrar\u00e1n en vigor los siguientes cambios en la ruta 150 Chimay\u00f3:<\/p>\n<ul>\n<li>Los horarios de recogida y salida de la mayor\u00eda de los viajes y paradas programadas se han ajustado para garantizar un horario m\u00e1s fiable y coherente.<\/li>\n<li>Los viajes en direcci\u00f3n este 4E y 9E conectar\u00e1n con la ruta 330 Pe\u00f1asco en la parada 33 Las Trampas San Jose de Gracia Church.<\/li>\n<\/ul>\n<p>Consulta nuestra p\u00e1gina de rutas para ver el horario actualizado <a href=\"https:\/\/www.ncrtd.org\/es\/todas-las-rutas\/\">AQU\u00cd.<\/a><\/p>\n<p>[\/et_pb_accordion_item][et_pb_accordion_item title=\u00bb160 Santa Clara\u00bb _builder_version=\u00bb4.27.6&#8243; _module_preset=\u00bbdefault\u00bb link_option_url_new_window=\u00bbon\u00bb hover_enabled=\u00bb0&#8243; global_colors_info=\u00bb{}\u00bb open=\u00bboff\u00bb sticky_enabled=\u00bb0&#8243;]<\/p>\n<p>A partir del 13 de abril, entrar\u00e1n en vigor los siguientes cambios en la ruta 160 Santa Clara:<\/p>\n<ul>\n<li>Todos los viajes en direcci\u00f3n sur pasar\u00e1n por la parada 131, South Capitol Station Shelter 1, antes de continuar a la parada 132, Santa Fe Indian Hospital.<\/li>\n<li>Todos los viajes en direcci\u00f3n norte pasar\u00e1n por la parada 129, Cities Of Gold Casino Park &amp; Ride Lot.<\/li>\n<\/ul>\n<p>Consulta nuestra p\u00e1gina de rutas para ver el horario actualizado <a href=\"https:\/\/www.ncrtd.org\/es\/todas-las-rutas\/\">AQU\u00cd.<\/a><\/p>\n<p>[\/et_pb_accordion_item][et_pb_accordion_item title=\u00bb190 Chama\u00bb _builder_version=\u00bb4.27.6&#8243; _module_preset=\u00bbdefault\u00bb link_option_url_new_window=\u00bbon\u00bb global_colors_info=\u00bb{}\u00bb open=\u00bboff\u00bb]<\/p>\n<p>A partir del 13 de abril, entrar\u00e1n en vigor los siguientes cambios en la ruta 190 Chama:<\/p>\n<ul>\n<li>Los horarios de recogida y salida de los viajes en direcci\u00f3n norte 1N \u2013 3N a Chama se han ajustado para garantizar un horario m\u00e1s fiable y coherente.<\/li>\n<\/ul>\n<p>Consulta nuestra p\u00e1gina de rutas para ver el horario actualizado <a href=\"https:\/\/www.ncrtd.org\/es\/todas-las-rutas\/\">AQU\u00cd.<\/a><\/p>\n<p>[\/et_pb_accordion_item][et_pb_accordion_item title=\u00bb200 Santa Fe\u00bb _builder_version=\u00bb4.27.6&#8243; _module_preset=\u00bbdefault\u00bb link_option_url_new_window=\u00bbon\u00bb hover_enabled=\u00bb0&#8243; global_colors_info=\u00bb{}\u00bb open=\u00bboff\u00bb sticky_enabled=\u00bb0&#8243;]<\/p>\n<p>A partir del 13 de abril, entrar\u00e1n en vigor los siguientes cambios en la ruta 200 Santa Fe:<\/p>\n<ul>\n<li>El viaje en direcci\u00f3n sur 2S a Santa Fe ahora saldr\u00e1 de la parada 30, Centro de Tr\u00e1nsito de Espa\u00f1ola, a las 9:25 a. m. y llegar\u00e1 a la parada 131, South Capitol Station Shelter 1, a las 10:10 a. m. para facilitar las conexiones con el Rail Runner.<\/li>\n<\/ul>\n<p>Consulta nuestra p\u00e1gina de rutas para ver el horario actualizado <a href=\"https:\/\/www.ncrtd.org\/es\/todas-las-rutas\/\">AQU\u00cd.<\/a><\/p>\n<p>[\/et_pb_accordion_item][et_pb_accordion_item title=\u00bb230 San Ildefonso\u00bb _builder_version=\u00bb4.27.6&#8243; _module_preset=\u00bbdefault\u00bb link_option_url_new_window=\u00bbon\u00bb global_colors_info=\u00bb{}\u00bb open=\u00bboff\u00bb]<\/p>\n<p>A partir del 13 de abril, entrar\u00e1n en vigor los siguientes cambios en la ruta 230 San Ildefonso:<\/p>\n<ul>\n<li>Se a\u00f1adir\u00e1 una nueva parada a todos los viajes en direcci\u00f3n este en NM-502 y Airport Road.<\/li>\n<\/ul>\n<p><img loading=\"lazy\" decoding=\"async\" src=\"https:\/\/www.ncrtd.org\/wp-content\/uploads\/2026\/03\/230SI-airport-rd-300x119.png\" width=\"300\" height=\"119\" alt=\"\" class=\"wp-image-243070 alignnone size-medium\"><\/p>\n<p>Consulta nuestra p\u00e1gina de rutas para ver el horario actualizado <a href=\"https:\/\/www.ncrtd.org\/es\/todas-las-rutas\/\">AQU\u00cd.<\/a><\/p>\n<p>[\/et_pb_accordion_item][et_pb_accordion_item title=\u00bb275 Turquoise Trail\u00bb _builder_version=\u00bb4.27.6&#8243; _module_preset=\u00bbdefault\u00bb link_option_url_new_window=\u00bbon\u00bb global_colors_info=\u00bb{}\u00bb open=\u00bboff\u00bb]<\/p>\n<p>A partir del 13 de abril, entrar\u00e1n en vigor los siguientes cambios en la ruta 275 Turquoise Trail:<\/p>\n<ul>\n<li>Las paradas 156 y 157 en el Walmart de Cerrillos Road &amp; Herrera Road se trasladar\u00e1n a la parada de Santa Fe Trails en el Walmart de Herrera Road.<\/li>\n<\/ul>\n<p><img loading=\"lazy\" decoding=\"async\" src=\"https:\/\/www.ncrtd.org\/wp-content\/uploads\/2026\/03\/275TT-Walmart-300x153.png\" width=\"300\" height=\"153\" alt=\"\" class=\"wp-image-243071 alignnone size-medium\"><\/p>\n<ul>\n<li>Los horarios de recogida y salida se han ajustado para garantizar viajes m\u00e1s fiables y coherentes.<\/li>\n<\/ul>\n<p>Consulta nuestra p\u00e1gina de rutas para ver el horario actualizado <a href=\"https:\/\/www.ncrtd.org\/es\/todas-las-rutas\/\">AQU\u00cd.<\/a><\/p>\n<p>[\/et_pb_accordion_item][et_pb_accordion_item title=\u00bb300 Taos\u00bb _builder_version=\u00bb4.27.6&#8243; _module_preset=\u00bbdefault\u00bb link_option_url_new_window=\u00bbon\u00bb global_colors_info=\u00bb{}\u00bb open=\u00bboff\u00bb]<\/p>\n<p>A partir del 13 de abril, entrar\u00e1n en vigor los siguientes cambios en la ruta 300 Taos:<\/p>\n<ul>\n<li>El viaje en direcci\u00f3n sur 3S a Santa Fe conectar\u00e1 con la ruta 340 Chile line en la parada 11, edificio de la Administraci\u00f3n del Condado de Taos, a las 10:30 a. m.<\/li>\n<li>El viaje en direcci\u00f3n sur 3S a Santa Fe ahora saldr\u00e1 de la parada 11, edificio de la Administraci\u00f3n del Condado de Taos, a las 10:35 a. m. y llegar\u00e1 a la parada 30, Centro de Tr\u00e1nsito de Espa\u00f1ola, a las 12:03 p. m.<\/li>\n<\/ul>\n<p>Consulta nuestra p\u00e1gina de rutas para ver el horario actualizado <a href=\"https:\/\/www.ncrtd.org\/es\/todas-las-rutas\/\">AQU\u00cd.<\/a><\/p>\n<p>[\/et_pb_accordion_item][et_pb_accordion_item title=\u00bb310 Red River\u00bb _builder_version=\u00bb4.27.6&#8243; _module_preset=\u00bbdefault\u00bb link_option_url_new_window=\u00bbon\u00bb global_colors_info=\u00bb{}\u00bb open=\u00bboff\u00bb]<\/p>\n<p>A partir del 13 de abril, entrar\u00e1n en vigor los siguientes cambios en la ruta 310 Red River:<\/p>\n<ul>\n<li>Los viajes en direcci\u00f3n este 4E y 5E conectar\u00e1n con la ruta 320 Questa en la parada 5, NM-522 &amp; Supermarket Road.<\/li>\n<li>La ruta ahora comenzar\u00e1 el servicio a las 7:30 a. m. en la parada 5, NM-522 &amp; Supermarket Road.<\/li>\n<\/ul>\n<p>Consulta nuestra p\u00e1gina de rutas para ver el horario actualizado <a href=\"https:\/\/www.ncrtd.org\/es\/todas-las-rutas\/\">AQU\u00cd.<\/a><\/p>\n<p>[\/et_pb_accordion_item][et_pb_accordion_item title=\u00bb320 Questa\u00bb _builder_version=\u00bb4.27.6&#8243; _module_preset=\u00bbdefault\u00bb link_option_url_new_window=\u00bbon\u00bb global_colors_info=\u00bb{}\u00bb open=\u00bboff\u00bb]<\/p>\n<p>A partir del 13 de abril, entrar\u00e1n en vigor los siguientes cambios en la ruta 320 Questa:<\/p>\n<ul>\n<li>Los viajes de media ma\u00f1ana 2N y 2S de 10:55 a. m. a 12:50 p. m. se restablecer\u00e1n. Estos viajes dar\u00e1n la vuelta en Cerro en la parada 2, NM-378 en Cerro VFW Post, y no continuar\u00e1n hasta Costilla. <\/li>\n<li>Todos los viajes en direcci\u00f3n norte y sur ahora saldr\u00e1n de la parada 11, edificio de la Administraci\u00f3n del Condado de Taos, 5 minutos antes.<\/li>\n<\/ul>\n<p>Consulta nuestra p\u00e1gina de rutas para ver el horario actualizado <a href=\"https:\/\/www.ncrtd.org\/es\/todas-las-rutas\/\">AQU\u00cd.<\/a><\/p>\n<p>[\/et_pb_accordion_item][et_pb_accordion_item title=\u00bb330 Pe\u00f1asco\u00bb _builder_version=\u00bb4.27.6&#8243; _module_preset=\u00bbdefault\u00bb link_option_url_new_window=\u00bbon\u00bb global_colors_info=\u00bb{}\u00bb open=\u00bboff\u00bb]<\/p>\n<p>A partir del 13 de abril, entrar\u00e1n en vigor los siguientes cambios en la ruta 330 Pe\u00f1asco:<\/p>\n<ul>\n<li>El viaje de media ma\u00f1ana 2S y 2N de 9:50 a. m. a 12:15 p. m. se restablecer\u00e1 y conectar\u00e1 con la ruta 150 Chimay\u00f3 en la parada 33, Las Trampas San Jose de Gracia Church, a las 10:54 a. m. y 11:05 a. m.<\/li>\n<li>Las paradas 399 y 400 en NM-75 &amp; NM-73 se reubicar\u00e1n al noroeste frente a Family Dollar cerca de Firehouse Road para la seguridad de nuestros pasajeros y un mejor acceso a los destinos.<\/li>\n<\/ul>\n<p><img loading=\"lazy\" decoding=\"async\" src=\"https:\/\/www.ncrtd.org\/wp-content\/uploads\/2026\/03\/330P-Family-Dollar-300x208.png\" width=\"300\" height=\"208\" alt=\"\" class=\"wp-image-243072 alignnone size-medium\"><\/p>\n<p>Consulta nuestra p\u00e1gina de rutas para ver el horario actualizado <a href=\"https:\/\/www.ncrtd.org\/es\/todas-las-rutas\/\">AQU\u00cd.<\/a><\/p>\n<p>[\/et_pb_accordion_item][et_pb_accordion_item title=\u00bb340 Chile Line\u00bb _builder_version=\u00bb4.27.6&#8243; _module_preset=\u00bbdefault\u00bb link_option_url_new_window=\u00bbon\u00bb global_colors_info=\u00bb{}\u00bb open=\u00bboff\u00bb]<\/p>\n<p>A partir del 13 de abril, entrar\u00e1n en vigor los siguientes cambios en la ruta 340 Chile Line:<\/p>\n<ul>\n<li>Los viajes en direcci\u00f3n norte y sur llegar\u00e1n antes a las paradas 325, NM-68 &amp; Chamisa Road y UNM-Taos para garantizar un horario m\u00e1s fiable y coherente.<\/li>\n<\/ul>\n<p>Consulta nuestra p\u00e1gina de rutas para ver el horario actualizado <a href=\"https:\/\/www.ncrtd.org\/es\/todas-las-rutas\/\">AQU\u00cd.<\/a><\/p>\n<p>[\/et_pb_accordion_item][et_pb_accordion_item title=\u00bb360 Tres Piedras\u00bb _builder_version=\u00bb4.27.6&#8243; _module_preset=\u00bbdefault\u00bb link_option_url_new_window=\u00bbon\u00bb global_colors_info=\u00bb{}\u00bb open=\u00bboff\u00bb]<\/p>\n<p>A partir del 13 de abril, entrar\u00e1n en vigor los siguientes cambios en la ruta 360 Tres Piedras:<\/p>\n<ul>\n<li>El viaje en direcci\u00f3n norte 1N ahora saldr\u00e1 de la parada 11, edificio de la Administraci\u00f3n del Condado de Taos, 10 minutos antes.<\/li>\n<\/ul>\n<p>Consulta nuestra p\u00e1gina de rutas para ver el horario actualizado <a href=\"https:\/\/www.ncrtd.org\/es\/todas-las-rutas\/\">AQU\u00cd.<\/a><\/p>\n<p>[\/et_pb_accordion_item][et_pb_accordion_item title=\u00bbZona MyBlue\u2122 La Cienega\u00bb _builder_version=\u00bb4.27.6&#8243; _module_preset=\u00bbdefault\u00bb link_option_url_new_window=\u00bbon\u00bb global_colors_info=\u00bb{}\u00bb open=\u00bboff\u00bb]<\/p>\n<p>A partir del 13 de abril, entrar\u00e1n en vigor los siguientes cambios en la zona MyBlue\u2122 de La Cienega:<\/p>\n<ul>\n<li>La zona se ampliar\u00e1 para dar servicio a la parte sur de la ciudad de Santa Fe, La Cienega y Rancho Viejo en el condado de Santa Fe, y los centros se han eliminado e incorporado a la zona ampliada.<\/li>\n<li>La zona ya no dar\u00e1 servicio a La Cieneguilla.<\/li>\n<li>La zona funcionar\u00e1 de 6:00 a. m. a 7:30 a. m. y de 3:30 p. m. a 4:30 p. m.<\/li>\n<\/ul>\n<p><img loading=\"lazy\" decoding=\"async\" src=\"https:\/\/www.ncrtd.org\/wp-content\/uploads\/2026\/03\/LCMB-zone-300x188.png\" width=\"300\" height=\"188\" alt=\"\" class=\"wp-image-243073 alignnone size-medium\"><\/p>\n<p>Consulta nuestra p\u00e1gina de rutas para ver la zona actualizada <a href=\"https:\/\/www.ncrtd.org\/es\/todas-las-rutas\/\">AQU\u00cd.<\/a><\/p>\n<p>[\/et_pb_accordion_item][et_pb_accordion_item title=\u00bbZona MyBlue\u2122 Edgewood\u00bb _builder_version=\u00bb4.27.6&#8243; _module_preset=\u00bbdefault\u00bb link_option_url_new_window=\u00bbon\u00bb global_colors_info=\u00bb{}\u00bb open=\u00bboff\u00bb]<\/p>\n<p>A partir del 13 de abril, entrar\u00e1n en vigor los siguientes cambios en la zona MyBlue\u2122 de Edgewood:<\/p>\n<ul>\n<li>La zona se ampliar\u00e1 para dar servicio a m\u00e1s vecindarios y simplificar los l\u00edmites de la zona.<\/li>\n<\/ul>\n<p><img loading=\"lazy\" decoding=\"async\" src=\"https:\/\/www.ncrtd.org\/wp-content\/uploads\/2026\/03\/EMB-zone-300x193.png\" width=\"300\" height=\"193\" alt=\"\" class=\"wp-image-243074 alignnone size-medium\"><\/p>\n<p>Consulta nuestra p\u00e1gina de rutas para ver la zona actualizada <a href=\"https:\/\/www.ncrtd.org\/es\/todas-las-rutas\/\">AQU\u00cd.<\/a><\/p>\n<p>[\/et_pb_accordion_item][\/et_pb_accordion][\/et_pb_column_inner][\/et_pb_row_inner][\/et_pb_column][\/et_pb_section]<\/p>\n","protected":false},"excerpt":{"rendered":"<p>North Central RTD implementa modificaciones en el servicio de los horarios de Blue Bus dos veces al a\u00f1o, normalmente en primavera y oto\u00f1o. Estos cambios se basan en el n\u00famero de pasajeros, los recursos, los factores econ\u00f3micos y los comentarios de la comunidad, lo que nos permite mejorar el servicio para nuestros pasajeros. Una serie [&hellip;]<\/p>\n","protected":false},"author":7,"featured_media":0,"parent":0,"menu_order":0,"comment_status":"closed","ping_status":"closed","template":"","meta":{"_et_pb_use_builder":"on","_et_pb_old_content":"","_et_gb_content_width":"","footnotes":""},"class_list":["post-243935","page","type-page","status-publish","hentry"],"_links":{"self":[{"href":"https:\/\/www.ncrtd.org\/es\/wp-json\/wp\/v2\/pages\/243935","targetHints":{"allow":["GET"]}}],"collection":[{"href":"https:\/\/www.ncrtd.org\/es\/wp-json\/wp\/v2\/pages"}],"about":[{"href":"https:\/\/www.ncrtd.org\/es\/wp-json\/wp\/v2\/types\/page"}],"author":[{"embeddable":true,"href":"https:\/\/www.ncrtd.org\/es\/wp-json\/wp\/v2\/users\/7"}],"replies":[{"embeddable":true,"href":"https:\/\/www.ncrtd.org\/es\/wp-json\/wp\/v2\/comments?post=243935"}],"version-history":[{"count":2,"href":"https:\/\/www.ncrtd.org\/es\/wp-json\/wp\/v2\/pages\/243935\/revisions"}],"predecessor-version":[{"id":243937,"href":"https:\/\/www.ncrtd.org\/es\/wp-json\/wp\/v2\/pages\/243935\/revisions\/243937"}],"wp:attachment":[{"href":"https:\/\/www.ncrtd.org\/es\/wp-json\/wp\/v2\/media?parent=243935"}],"curies":[{"name":"wp","href":"https:\/\/api.w.org\/{rel}","templated":true}]}}