{"id":243938,"date":"2021-02-02T10:20:50","date_gmt":"2021-02-02T17:20:50","guid":{"rendered":"https:\/\/www.ncrtd.org\/politica-de-cookies-ee-uu\/"},"modified":"2026-05-06T09:18:51","modified_gmt":"2026-05-06T15:18:51","slug":"politica-de-cookies-ee-uu","status":"publish","type":"page","link":"https:\/\/www.ncrtd.org\/es\/politica-de-cookies-ee-uu\/","title":{"rendered":"Pol\u00edtica de cookies (EE. UU.)"},"content":{"rendered":"<p>[et_pb_section fb_built=\u00bb1&#8243; fullwidth=\u00bbon\u00bb _builder_version=\u00bb4.16&#8243; _module_preset=\u00bbcbe6949b-fe83-485f-a967-598203880f36&#8243; width_tablet=\u00bb\u00bb width_phone=\u00bb\u00bb width_last_edited=\u00bbon|desktop\u00bb custom_margin=\u00bb140px||||false|false\u00bb custom_margin_tablet=\u00bb0px||||false|false\u00bb custom_margin_phone=\u00bb\u00bb custom_margin_last_edited=\u00bbon|desktop\u00bb global_colors_info=\u00bb{}\u00bb theme_builder_area=\u00bbpost_content\u00bb][et_pb_fullwidth_image src=\u00bbhttps:\/\/www.ncrtd.org\/wp-content\/uploads\/2021\/06\/winding-santa-fe-road.jpg\u00bb alt=\u00bbCarretera sinuosa de Santa Fe\u00bb title_text=\u00bbwinding-santa-fe-road\u00bb _builder_version=\u00bb4.16&#8243; _module_preset=\u00bb2215b47f-c514-4736-8638-9febfca886f5&#8243; global_colors_info=\u00bb{}\u00bb theme_builder_area=\u00bbpost_content\u00bb][\/et_pb_fullwidth_image][\/et_pb_section][et_pb_section fb_built=\u00bb1&#8243; specialty=\u00bbon\u00bb padding_1_tablet=\u00bb2em|6%|2em|6%|true|true\u00bb padding_2_tablet=\u00bb2em|6%|2em|6%|true|true\u00bb padding_1_phone=\u00bb2em|8%|2em|8%|true|true\u00bb padding_2_phone=\u00bb2em|8%|2em|8%|true|true\u00bb padding_1_last_edited=\u00bbon|desktop\u00bb padding_2_last_edited=\u00bbon|tablet\u00bb module_id_1=\u00bbsidebar\u00bb module_class_1=\u00bbcontent-sidebar\u00bb module_class_2=\u00bbcontent-main\u00bb _builder_version=\u00bb4.16&#8243; _module_preset=\u00bb49fa2571-fdca-4afb-b157-c44ecc3f4485&#8243; global_colors_info=\u00bb{}\u00bb theme_builder_area=\u00bbpost_content\u00bb][et_pb_column type=\u00bb1_4&#8243; _builder_version=\u00bb4.16&#8243; custom_padding=\u00bb|||\u00bb global_colors_info=\u00bb{}\u00bb custom_padding__hover=\u00bb|||\u00bb theme_builder_area=\u00bbpost_content\u00bb][et_pb_menu menu_id=\u00bb2&#8243; _builder_version=\u00bb4.16&#8243; _module_preset=\u00bbefd0ba9f-ac50-4f8b-84a6-8e44415a3403&#8243; global_colors_info=\u00bb{}\u00bb theme_builder_area=\u00bbpost_content\u00bb][\/et_pb_menu][et_pb_text _builder_version=\u00bb4.14.7&#8243; _module_preset=\u00bba5d3b840-eb6f-4446-9880-fb2e3dcbae61&#8243; global_module=\u00bb2761&#8243; saved_tabs=\u00bball\u00bb global_colors_info=\u00bb{}\u00bb theme_builder_area=\u00bbpost_content\u00bb]<\/p>\n<h2>CURRENT STATUS ON NCRTD ROUTES:<\/h2>\n<p><strong id=\"note\">NOTE ON DEMAND SERVICE:<\/strong><\/p>\n<p>Passengers whose route is currently operating on a temporary Demand may reserve a ride FROM any designated stop on the route TO any designated stop on the route within the service hours. Passengers must reserve a ride at least 24 hours in advance by calling 866-206-0754 ext. 2.<\/p>\n<p><strong>Please refer to the ROUTES section to determine the latest information on your route.<\/strong><\/p>\n<h3>NCRTD STATEMENT ON MEASURES IN RESPONSE TO COVID-19:<\/h3>\n<p>North Central Regional Transit District\u2019s RTD Blue Buses provide vital transportation services within north central New Mexico. The District respects that people may be feeling anxiety and concern about the safety of public transit in the regards to COVID-19; we take this very seriously. We continue to clean and disinfect our vehicles daily and regularly utilize a disinfecting fogger. Our top priorities are to continue service to the public, and to keep them and our employees healthy and safe. Thank you for partnering with us to help prevent the spread of any germs and flu.\u00a0The District asks that anyone experiencing flu symptoms refrain from boarding our vehicles. Thank you for partnering with us to help prevent the spread of any germs and flu.\u200b<\/p>\n<p><strong>FACE COVERINGS ARE ENCOURAGED.\u00a0<\/strong><\/p>\n<p>[\/et_pb_text][\/et_pb_column][et_pb_column type=\u00bb3_4&#8243; specialty_columns=\u00bb3&#8243; _builder_version=\u00bb4.16&#8243; custom_padding=\u00bb|||\u00bb global_colors_info=\u00bb{}\u00bb custom_padding__hover=\u00bb|||\u00bb theme_builder_area=\u00bbpost_content\u00bb][et_pb_row_inner _builder_version=\u00bb4.16&#8243; _module_preset=\u00bbdefault\u00bb global_colors_info=\u00bb{}\u00bb theme_builder_area=\u00bbpost_content\u00bb][et_pb_column_inner saved_specialty_column_type=\u00bb3_4&#8243; _builder_version=\u00bb4.16&#8243; _module_preset=\u00bbdefault\u00bb global_colors_info=\u00bb{}\u00bb theme_builder_area=\u00bbpost_content\u00bb][et_pb_code _builder_version=\u00bb4.17.4&#8243; _module_preset=\u00bbdefault\u00bb theme_builder_area=\u00bbpost_content\u00bb hover_enabled=\u00bb0&#8243; sticky_enabled=\u00bb0&#8243;]\n<!-- Legal document generated by Complianz | GDPR\/CCPA Cookie Consent https:\/\/wordpress.org\/plugins\/complianz-gdpr -->\n<div id=\"cmplz-document\" class=\"cmplz-document cookie-statement cmplz-document-us\"><p><i>This page was last changed on junio 28, 2022, last checked on junio 28, 2022 and applies to citizens and legal permanent residents of the United States. <\/i><br \/><\/p><h2>1. Introduction<\/h2><p>Our website, <a href=\"https:\/\/www.ncrtd.org\/es\/\">https:\/\/www.ncrtd.org\/es\/<\/a> (hereinafter: \"the website\") uses cookies and other related technologies (for convenience all technologies are referred to as \"cookies\"). Cookies are also placed by third parties we have engaged. In the document below we inform you about the use of cookies on our website.<\/p><h2>2. Cookies<\/h2><p>When you visit our website it can be necessary to store and\/or read certain data from your device by using technologies such as cookies.<\/p><p class=\"cmplz-subtitle\">2.1 Technical or functional cookies<\/p><p>Some cookies ensure that certain parts of the website work properly and that your user preferences remain known. By placing functional cookies, we make it easier for you to visit our website. This way, you do not need to repeatedly enter the same information when visiting our website and, for example, the items remain in your shopping cart until you have paid. We may place these cookies without your consent.<\/p><p class=\"cmplz-subtitle\">2.2 Statistics cookies<\/p><p>We use statistics cookies to optimize the website experience for our users. With these statistics cookies we get insights in the usage of our website.<\/p><p class=\"cmplz-subtitle\">2.3 Marketing\/Tracking cookies<\/p><p>Marketing\/Tracking cookies are cookies or any other form of local storage, used to create user profiles to display advertising or to track the user on this website or across several websites for similar marketing purposes.<\/p><p class=\"cmplz-subtitle\">2.4 Social media<\/p><p>En nuestra web, hemos incluido contenido de Facebook, X (Formerly Twitter) y Instagram para promocionar p\u00e1ginas web (por ejemplo, \"me gusta\", \"pin\") o compartir (por ejemplo, \"tweet\") en redes sociales como Facebook, X (Formerly Twitter) y Instagram. Este contenido est\u00e1 incrustado con c\u00f3digo derivado de Facebook, X (Formerly Twitter) y Instagram y coloca cookies. Este contenido podr\u00eda almacenar y procesar cierta informaci\u00f3n para la publicidad personalizada.<\/p><p>Por favor lea la pol\u00edtica de privacidad de estas redes sociales (que puede cambiar frecuentemente) para saber que hacen con sus datos (personales) que procesan usando estas cookies. Los datos que reciben son anonimizados lo m\u00e1ximo posible. Facebook, X (Formerly Twitter) y Instagram est\u00e1n ubicados en los Estados Unidos.<\/p><h2>3. Placed cookies<\/h2><p><p>Most of these technologies have a function, a purpose, and an expiration period.<\/p><ol>\n                      <li>A function is a particular task a technology has. So a function can be to \"store certain data.\"<\/li>\n                      <li>Purpose is \"the Why\" behind the function. Maybe the data is stored because it is needed for statistics.<\/li>\n                      <li>The expiration period shows the length of the period the used technology can \u201cstore or read certain data.\"<\/li>\n                  <\/ol><\/p><div id=\"cmplz-cookies-overview\"><details class=\"cmplz-dropdown cmplz-service-desc cmplz-dropdown-cookiepolicy \">\n\t<summary class=\"cmplz-service-header\"><div>\n\t\t<h3>Complianz<\/h3>\n\t\t<p>Functional<\/p>\n\t\t<label for=\"cmplz_service_complianz\" class=\"cmplz_consent_per_service_label\"><span class=\"screen-reader-text\">Consent to service complianz<\/span><\/label>\n\t\t<input type=\"checkbox\" id=\"cmplz_service_complianz\" class=\"cmplz-accept-service cmplz-hidden\" data-service=\"complianz\" data-category=\"functional\"><\/div>\n\t<\/summary>\n\t<div class=\"cmplz-service-description\">\n\t\t<h4>Uso<\/h4>\n\t\t<p><\/p>\n\t<\/div>\n\t<div class=\"cmplz-sharing-data\">\n\t\t<h4>Compartir datos<\/h4>\n\t\t<p>Estos datos no se comparten con terceros.&nbsp;Para m\u00e1s informaci\u00f3n, por favor lee la <a target=\"_blank\" rel=\"noopener noreferrer\" href=\"https:\/\/complianz.io\/legal\/privacy-statement\/\">Complianz Pol\u00edtica de privacidad<\/a>.<\/p>\n\t<\/div>\n\t<div class=\"cookies-per-purpose\">\n    <div class=\"purpose\"><h4>Functional<\/h4><\/div>\n    <div class=\"name-header\">\n\t<h5>Nombre<\/h5>\n<\/div>\n<div class=\"name\"><a target=\"_blank\" rel=\"noopener noreferrer nofollow\" href=\"https:\/\/cookiedatabase.org\/cookie\/unknown-service\/cmplz_user_data\/\">cmplz_user_data<\/a><\/div>\n<div class=\"retention-header\">\n\t<h5>Caducidad<\/h5>\n<\/div>\n<div class=\"retention\">365 d\u00edas<\/div>\n<div class=\"function-header\">\n\t<h5>Funci\u00f3n<\/h5>\n<\/div>\n<div class=\"function\">Read to determine which cookie banner to show<\/div>\n\n<\/div>\n<\/details>\n<details class=\"cmplz-dropdown cmplz-service-desc cmplz-dropdown-cookiepolicy \">\n\t<summary class=\"cmplz-service-header\"><div>\n\t\t<h3>Google Analytics<\/h3>\n\t\t<p>Statistics<\/p>\n\t\t<label for=\"cmplz_service_google-analytics\" class=\"cmplz_consent_per_service_label\"><span class=\"screen-reader-text\">Consent to service google-analytics<\/span><\/label>\n\t\t<input type=\"checkbox\" id=\"cmplz_service_google-analytics\" class=\"cmplz-accept-service cmplz-hidden\" data-service=\"google-analytics\" data-category=\"functional\"><\/div>\n\t<\/summary>\n\t<div class=\"cmplz-service-description\">\n\t\t<h4>Uso<\/h4>\n\t\t<p><\/p>\n\t<\/div>\n\t<div class=\"cmplz-sharing-data\">\n\t\t<h4>Compartir datos<\/h4>\n\t\t<p>Estos datos no se comparten con terceros.<\/p>\n\t<\/div>\n\t<div class=\"cookies-per-purpose\">\n    <div class=\"purpose\"><h4>Statistics<\/h4><\/div>\n    <div class=\"name-header\">\n\t<h5>Nombre<\/h5>\n<\/div>\n<div class=\"name\"><a target=\"_blank\" rel=\"noopener noreferrer nofollow\" href=\"https:\/\/cookiedatabase.org\/cookie\/unknown-service\/_ga\/\">_ga<\/a><\/div>\n<div class=\"retention-header\">\n\t<h5>Caducidad<\/h5>\n<\/div>\n<div class=\"retention\">2 years<\/div>\n<div class=\"function-header\">\n\t<h5>Funci\u00f3n<\/h5>\n<\/div>\n<div class=\"function\">Store and count pageviews<\/div>\n<div class=\"name-header\">\n\t<h5>Nombre<\/h5>\n<\/div>\n<div class=\"name\"><a target=\"_blank\" rel=\"noopener noreferrer nofollow\" href=\"https:\/\/cookiedatabase.org\/cookie\/unknown-service\/_gid\/\">_gid<\/a><\/div>\n<div class=\"retention-header\">\n\t<h5>Caducidad<\/h5>\n<\/div>\n<div class=\"retention\">1 day<\/div>\n<div class=\"function-header\">\n\t<h5>Funci\u00f3n<\/h5>\n<\/div>\n<div class=\"function\">Store and count pageviews<\/div>\n<div class=\"name-header\">\n\t<h5>Nombre<\/h5>\n<\/div>\n<div class=\"name\"><a target=\"_blank\" rel=\"noopener noreferrer nofollow\" href=\"https:\/\/cookiedatabase.org\/cookie\/unknown-service\/_gat_gtag_ua_-2\/\">_gat_gtag_UA_*<\/a><\/div>\n<div class=\"retention-header\">\n\t<h5>Caducidad<\/h5>\n<\/div>\n<div class=\"retention\">1 minute<\/div>\n<div class=\"function-header\">\n\t<h5>Funci\u00f3n<\/h5>\n<\/div>\n<div class=\"function\">Store a unique user ID<\/div>\n\n<\/div>\n<\/details>\n<details class=\"cmplz-dropdown cmplz-service-desc cmplz-dropdown-cookiepolicy \">\n\t<summary class=\"cmplz-service-header\"><div>\n\t\t<h3>WordPress<\/h3>\n\t\t<p>Functional<\/p>\n\t\t<label for=\"cmplz_service_wordpress\" class=\"cmplz_consent_per_service_label\"><span class=\"screen-reader-text\">Consent to service wordpress<\/span><\/label>\n\t\t<input type=\"checkbox\" id=\"cmplz_service_wordpress\" class=\"cmplz-accept-service cmplz-hidden\" data-service=\"wordpress\" data-category=\"functional\"><\/div>\n\t<\/summary>\n\t<div class=\"cmplz-service-description\">\n\t\t<h4>Uso<\/h4>\n\t\t<p><\/p>\n\t<\/div>\n\t<div class=\"cmplz-sharing-data\">\n\t\t<h4>Compartir datos<\/h4>\n\t\t<p>Estos datos no se comparten con terceros.<\/p>\n\t<\/div>\n\t<div class=\"cookies-per-purpose\">\n    <div class=\"purpose\"><h4>Functional<\/h4><\/div>\n    <div class=\"name-header\">\n\t<h5>Nombre<\/h5>\n<\/div>\n<div class=\"name\"><a target=\"_blank\" rel=\"noopener noreferrer nofollow\" href=\"https:\/\/cookiedatabase.org\/cookie\/unknown-service\/wordpress_logged_in_\/\">wordpress_logged_in_*<\/a><\/div>\n<div class=\"retention-header\">\n\t<h5>Caducidad<\/h5>\n<\/div>\n<div class=\"retention\">persistent<\/div>\n<div class=\"function-header\">\n\t<h5>Funci\u00f3n<\/h5>\n<\/div>\n<div class=\"function\">Store logged in users<\/div>\n<div class=\"name-header\">\n\t<h5>Nombre<\/h5>\n<\/div>\n<div class=\"name\"><a target=\"_blank\" rel=\"noopener noreferrer nofollow\" href=\"https:\/\/cookiedatabase.org\/cookie\/unknown-service\/wordpress_test_cookie\/\">wordpress_test_cookie<\/a><\/div>\n<div class=\"retention-header\">\n\t<h5>Caducidad<\/h5>\n<\/div>\n<div class=\"retention\">none<\/div>\n<div class=\"function-header\">\n\t<h5>Funci\u00f3n<\/h5>\n<\/div>\n<div class=\"function\">Check if cookies can be placed<\/div>\n\n<\/div>\n<\/details>\n<details class=\"cmplz-dropdown cmplz-service-desc cmplz-dropdown-cookiepolicy \">\n\t<summary class=\"cmplz-service-header\"><div>\n\t\t<h3>Miscel\u00e1neas<\/h3>\n\t\t<p>Prop\u00f3sito pendiente de investigaci\u00f3n<\/p>\n\t\t<label for=\"cmplz_service_miscel\u00e1neas\" class=\"cmplz_consent_per_service_label\"><span class=\"screen-reader-text\">Consent to service miscel\u00e1neas<\/span><\/label>\n\t\t<input type=\"checkbox\" id=\"cmplz_service_miscel\u00e1neas\" class=\"cmplz-accept-service cmplz-hidden\" data-service=\"miscel\u00e1neas\" data-category=\"functional\"><\/div>\n\t<\/summary>\n\t<div class=\"cmplz-service-description\">\n\t\t<h4>Uso<\/h4>\n\t\t<p><\/p>\n\t<\/div>\n\t<div class=\"cmplz-sharing-data\">\n\t\t<h4>Compartir datos<\/h4>\n\t\t<p>El intercambio de datos est\u00e1 pendiente de investigaci\u00f3n<\/p>\n\t<\/div>\n\t<div class=\"cookies-per-purpose\">\n    <div class=\"purpose\"><h4>Prop\u00f3sito pendiente de investigaci\u00f3n<\/h4><\/div>\n    <div class=\"name-header\">\n\t<h5>Nombre<\/h5>\n<\/div>\n<div class=\"name\">gt_autoswitch<\/div>\n<div class=\"retention-header\">\n\t<h5>Caducidad<\/h5>\n<\/div>\n<div class=\"retention\"><\/div>\n<div class=\"function-header\">\n\t<h5>Funci\u00f3n<\/h5>\n<\/div>\n<div class=\"function\"><\/div>\n<div class=\"name-header\">\n\t<h5>Nombre<\/h5>\n<\/div>\n<div class=\"name\">dbbc_breadcrumbs<\/div>\n<div class=\"retention-header\">\n\t<h5>Caducidad<\/h5>\n<\/div>\n<div class=\"retention\"><\/div>\n<div class=\"function-header\">\n\t<h5>Funci\u00f3n<\/h5>\n<\/div>\n<div class=\"function\"><\/div>\n<div class=\"name-header\">\n\t<h5>Nombre<\/h5>\n<\/div>\n<div class=\"name\">wp-wpml_current_language<\/div>\n<div class=\"retention-header\">\n\t<h5>Caducidad<\/h5>\n<\/div>\n<div class=\"retention\"><\/div>\n<div class=\"function-header\">\n\t<h5>Funci\u00f3n<\/h5>\n<\/div>\n<div class=\"function\"><\/div>\n<div class=\"name-header\">\n\t<h5>Nombre<\/h5>\n<\/div>\n<div class=\"name\">_ga_W1FYC6DCKC<\/div>\n<div class=\"retention-header\">\n\t<h5>Caducidad<\/h5>\n<\/div>\n<div class=\"retention\"><\/div>\n<div class=\"function-header\">\n\t<h5>Funci\u00f3n<\/h5>\n<\/div>\n<div class=\"function\"><\/div>\n<div class=\"name-header\">\n\t<h5>Nombre<\/h5>\n<\/div>\n<div class=\"name\">wp-wpml_current_admin_language_d41d8cd98f00b204e9800998ecf8427e<\/div>\n<div class=\"retention-header\">\n\t<h5>Caducidad<\/h5>\n<\/div>\n<div class=\"retention\"><\/div>\n<div class=\"function-header\">\n\t<h5>Funci\u00f3n<\/h5>\n<\/div>\n<div class=\"function\"><\/div>\n<div class=\"name-header\">\n\t<h5>Nombre<\/h5>\n<\/div>\n<div class=\"name\">ate-maiya-info_33653039-3930-5133-a462-363532363935<\/div>\n<div class=\"retention-header\">\n\t<h5>Caducidad<\/h5>\n<\/div>\n<div class=\"retention\"><\/div>\n<div class=\"function-header\">\n\t<h5>Funci\u00f3n<\/h5>\n<\/div>\n<div class=\"function\"><\/div>\n\n<\/div>\n<\/details>\n<\/div><h2>4. Browser and Device based Consent<\/h2><p>When you visit our website for the first time, we will show you a pop-up with an explanation about cookies. You do have the right to opt-out and to object against the further use of non-functional cookies.<\/p><p class=\"cmplz-subtitle\">4.1 Manage your opt-out preferences<\/p><div id=\"cmplz-manage-consent-container-nojavascript\">Ha cargado la Pol\u00edtica de cookies sin soporte de javascript.&nbsp;En AMP, puedes utilizar el bot\u00f3n de gestionar el consentimiento en la parte inferior de la p\u00e1gina.<\/div><div id=\"cmplz-manage-consent-container\" class=\"cmplz-manage-consent-container\"><\/div><h2>5. Enabling\/disabling and deleting cookies<\/h2><p>You can use your internet browser to automatically or manually delete cookies. You can also specify that certain cookies may not be placed. Another option is to change the settings of your internet browser so that you receive a message each time a cookie is placed. For more information about these options, please refer to the instructions in the Help section of your browser.<\/p><p>Ten en cuenta que nuestro sitio web puede no funcionar correctamente si se deshabilitan todas las cookies. Si decides eliminar las cookies de tu navegador, se volver\u00e1n a colocar despu\u00e9s de que des tu consentimiento la pr\u00f3xima vez que visites nuestro sitio web.<\/p><h2>6. Your rights with respect to personal data<\/h2><p>You have the following rights with respect to your personal data:<\/p><ul>\n                <li>you may submit a request for access to the data we process about you;<\/li>\n                <li>you may object to the processing;<\/li>\n                <li>you may request an overview, in a commonly used format, of the data we process about you;<\/li>\n                <li>you may request correction or deletion of the data if it is incorrect or not or no longer relevant, or to ask to restrict the processing of the data.<\/li>\n            <\/ul><p>To exercise these rights, please contact us. Please refer to the contact details at the bottom of this Cookie Policy. If you have a complaint about how we handle your data, we would like to hear from you.<\/p><p>For more information about your rights with respect to personal data, please refer to our <a href=\"https:\/\/www.ncrtd.org\/es\/politica-de-privacidad\/\" target=\"_blank\">Privacy Statement<\/a><\/p><h2>7. Contact details<\/h2><p>For questions and\/or comments about our Cookie Policy and this statement, please contact us by using the following contact details:<\/p><p><span class=\"cmplz-contact-organisation\">North Central Regional Transit District<\/span><br \/>\n                      <span class=\"cmplz-contact-address\">1327 N Riverside Dr, Espa\u00f1ola, NM 87532<\/span><br \/>\n                      <span class=\"cmplz-contact-country\">Estados Unidos<\/span><br \/>\n                      <span class=\"cmplz-contact-domain\">Website: <a href=\"https:\/\/www.ncrtd.org\/es\/\">https:\/\/www.ncrtd.org\/es\/<\/a><\/span><br \/>\n                      <span class=\"cmplz-contact-email\">Email: <span class=\"cmplz-obfuscate\">&#099;&#111;ok&#105;&#101;s@<span class=\"cmplz-fmail-domain\">e&#120;.c&#111;m<\/span>&#114;&#116;s&#111;&#108;ut&#105;&#111;&#110;&#115;&#046;com<\/span><\/span><br \/>\n                      <span class=\"cmplz-contact-telephone\"><\/span><\/p><p>This Cookie Policy was synchronized with <a href=\"https:\/\/cookiedatabase.org\/\" target=\"_blank\">cookiedatabase.org<\/a> on mayo 11, 2026.<\/p><\/div>[\/et_pb_code][\/et_pb_column_inner][\/et_pb_row_inner][\/et_pb_column][\/et_pb_section]<\/p>\n","protected":false},"excerpt":{"rendered":"<p>CURRENT STATUS ON NCRTD ROUTES: NOTE ON DEMAND SERVICE: Passengers whose route is currently operating on a temporary Demand may reserve a ride FROM any designated stop on the route TO any designated stop on the route within the service hours. Passengers must reserve a ride at least 24 hours in advance by calling 866-206-0754 [&hellip;]<\/p>\n","protected":false},"author":1,"featured_media":0,"parent":0,"menu_order":0,"comment_status":"closed","ping_status":"closed","template":"","meta":{"_et_pb_use_builder":"on","_et_pb_old_content":"","_et_gb_content_width":"","footnotes":""},"class_list":["post-243938","page","type-page","status-publish","hentry"],"_links":{"self":[{"href":"https:\/\/www.ncrtd.org\/es\/wp-json\/wp\/v2\/pages\/243938","targetHints":{"allow":["GET"]}}],"collection":[{"href":"https:\/\/www.ncrtd.org\/es\/wp-json\/wp\/v2\/pages"}],"about":[{"href":"https:\/\/www.ncrtd.org\/es\/wp-json\/wp\/v2\/types\/page"}],"author":[{"embeddable":true,"href":"https:\/\/www.ncrtd.org\/es\/wp-json\/wp\/v2\/users\/1"}],"replies":[{"embeddable":true,"href":"https:\/\/www.ncrtd.org\/es\/wp-json\/wp\/v2\/comments?post=243938"}],"version-history":[{"count":8,"href":"https:\/\/www.ncrtd.org\/es\/wp-json\/wp\/v2\/pages\/243938\/revisions"}],"predecessor-version":[{"id":243951,"href":"https:\/\/www.ncrtd.org\/es\/wp-json\/wp\/v2\/pages\/243938\/revisions\/243951"}],"wp:attachment":[{"href":"https:\/\/www.ncrtd.org\/es\/wp-json\/wp\/v2\/media?parent=243938"}],"curies":[{"name":"wp","href":"https:\/\/api.w.org\/{rel}","templated":true}]}}