{"id":243945,"date":"2023-09-20T13:48:48","date_gmt":"2023-09-20T19:48:48","guid":{"rendered":"https:\/\/www.ncrtd.org\/mejoras-en-las-paradas-de-autobus\/"},"modified":"2026-05-06T09:19:46","modified_gmt":"2026-05-06T15:19:46","slug":"mejoras-en-las-paradas-de-autobus","status":"publish","type":"page","link":"https:\/\/www.ncrtd.org\/es\/proyectos-plan-de-mejora-de-capital-de-la-rtd-del-centro-norte\/mejoras-en-las-paradas-de-autobus\/","title":{"rendered":"Mejoras en las paradas de autob\u00fas"},"content":{"rendered":"<p>[et_pb_section fb_built=\u00bb1&#8243; fullwidth=\u00bbon\u00bb _builder_version=\u00bb4.16&#8243; _module_preset=\u00bbcbe6949b-fe83-485f-a967-598203880f36&#8243; width_tablet=\u00bb\u00bb width_phone=\u00bb\u00bb width_last_edited=\u00bbon|desktop\u00bb custom_margin=\u00bb140px||||false|false\u00bb custom_margin_tablet=\u00bb0px||||false|false\u00bb custom_margin_phone=\u00bb\u00bb custom_margin_last_edited=\u00bbon|desktop\u00bb global_colors_info=\u00bb{}\u00bb][et_pb_fullwidth_image src=\u00bbhttps:\/\/www.ncrtd.org\/wp-content\/uploads\/2025\/01\/ncrtd-blue-bus-2023-0936.jpg\u00bb alt=\u00bbCarretera sinuosa de Santa Fe\u00bb title_text=\u00bbncrtd-blue-bus-2023-0936&#8243; admin_label=\u00bbbackground fullwidth image\u00bb _builder_version=\u00bb4.27.4&#8243; _module_preset=\u00bb2215b47f-c514-4736-8638-9febfca886f5&#8243; background_color=\u00bb#FFFFFF\u00bb min_height=\u00bb739.1px\u00bb height_phone=\u00bb723.1px\u00bb custom_margin=\u00bb||-600px||false|false\u00bb hover_enabled=\u00bb0&#8243; global_module=\u00bb3818&#8243; locked=\u00bboff\u00bb global_colors_info=\u00bb{}\u00bb sticky_enabled=\u00bb0&#8243;][\/et_pb_fullwidth_image][\/et_pb_section][et_pb_section fb_built=\u00bb1&#8243; specialty=\u00bbon\u00bb padding_1_tablet=\u00bb2em|6%|2em|6%|true|true\u00bb padding_2_tablet=\u00bb2em|6%|2em|6%|true|true\u00bb padding_1_phone=\u00bb2em|8%|2em|8%|true|true\u00bb padding_2_phone=\u00bb2em|8%|2em|8%|true|true\u00bb padding_1_last_edited=\u00bbon|desktop\u00bb padding_2_last_edited=\u00bbon|tablet\u00bb module_id_1=\u00bbsidebar\u00bb module_class_1=\u00bbcontent-sidebar\u00bb module_class_2=\u00bbcontent-main\u00bb _builder_version=\u00bb4.27.4&#8243; _module_preset=\u00bb49fa2571-fdca-4afb-b157-c44ecc3f4485&#8243; global_colors_info=\u00bb{}\u00bb][et_pb_column type=\u00bb1_4&#8243; _builder_version=\u00bb4.16&#8243; custom_padding=\u00bb|||\u00bb global_colors_info=\u00bb{}\u00bb custom_padding__hover=\u00bb|||\u00bb][et_pb_menu menu_id=\u00bb2&#8243; _builder_version=\u00bb4.16&#8243; _module_preset=\u00bbefd0ba9f-ac50-4f8b-84a6-8e44415a3403&#8243; global_colors_info=\u00bb{}\u00bb][\/et_pb_menu][et_pb_text _builder_version=\u00bb4.23.3&#8243; _module_preset=\u00bba5d3b840-eb6f-4446-9880-fb2e3dcbae61&#8243; global_module=\u00bb2761&#8243; saved_tabs=\u00bball\u00bb global_colors_info=\u00bb{}\u00bb][\/et_pb_text][\/et_pb_column][et_pb_column type=\u00bb3_4&#8243; specialty_columns=\u00bb3&#8243; _builder_version=\u00bb4.16&#8243; custom_padding=\u00bb|||\u00bb global_colors_info=\u00bb{}\u00bb custom_padding__hover=\u00bb|||\u00bb][et_pb_row_inner column_structure=\u00bb1_3,1_3,1_3&#8243; _builder_version=\u00bb4.27.4&#8243; _module_preset=\u00bbdefault\u00bb global_colors_info=\u00bb{}\u00bb][et_pb_column_inner type=\u00bb1_3&#8243; saved_specialty_column_type=\u00bb3_4&#8243; _builder_version=\u00bb4.27.4&#8243; _module_preset=\u00bbdefault\u00bb global_colors_info=\u00bb{}\u00bb][et_pb_image src=\u00bbhttps:\/\/www.ncrtd.org\/wp-content\/uploads\/2025\/01\/Transit-Center-Graphic.jpg\u00bb _builder_version=\u00bb4.27.4&#8243; _module_preset=\u00bbdefault\u00bb title_text=\u00bbGr\u00e1fico del centro de tr\u00e1nsito\u00bb hover_enabled=\u00bb0&#8243; sticky_enabled=\u00bb0&#8243;][\/et_pb_image][\/et_pb_column_inner][et_pb_column_inner type=\u00bb1_3&#8243; _builder_version=\u00bb4.24.0&#8243; _module_preset=\u00bbdefault\u00bb global_colors_info=\u00bb{}\u00bb][et_pb_image src=\u00bbhttps:\/\/www.ncrtd.org\/wp-content\/uploads\/2025\/01\/Park-and-Ride-Graphic.jpg\u00bb _builder_version=\u00bb4.27.4&#8243; _module_preset=\u00bbdefault\u00bb title_text=\u00bbGr\u00e1fico de aparcamiento disuasorio\u00bb hover_enabled=\u00bb0&#8243; sticky_enabled=\u00bb0&#8243;][\/et_pb_image][\/et_pb_column_inner][et_pb_column_inner type=\u00bb1_3&#8243; saved_specialty_column_type=\u00bb3_4&#8243; _builder_version=\u00bb4.22.2&#8243; _module_preset=\u00bbdefault\u00bb global_colors_info=\u00bb{}\u00bb][et_pb_image src=\u00bbhttps:\/\/www.ncrtd.org\/wp-content\/uploads\/2025\/01\/Frontier-Stop-Graphic.jpg\u00bb _builder_version=\u00bb4.27.4&#8243; _module_preset=\u00bbdefault\u00bb title_text=\u00bbGr\u00e1fico de parada Frontier\u00bb][\/et_pb_image][\/et_pb_column_inner][\/et_pb_row_inner][et_pb_row_inner _builder_version=\u00bb4.22.1&#8243; _module_preset=\u00bbdefault\u00bb min_height=\u00bb1264px\u00bb global_colors_info=\u00bb{}\u00bb][et_pb_column_inner saved_specialty_column_type=\u00bb3_4&#8243; _builder_version=\u00bb4.22.1&#8243; _module_preset=\u00bbdefault\u00bb global_colors_info=\u00bb{}\u00bb][et_pb_text _builder_version=\u00bb4.27.4&#8243; _module_preset=\u00bbdefault\u00bb custom_padding=\u00bb||50px|||\u00bb hover_enabled=\u00bb0&#8243; global_colors_info=\u00bb{}\u00bb sticky_enabled=\u00bb0&#8243;]<\/p>\n<h2><b><span data-contrast=\"auto\">Descripci\u00f3n del proyecto<\/span><\/b><span data-ccp-props=\"{\"201341983\":0,\"335559739\":160,\"335559740\":259}\"> <\/span><\/h2>\n<p><span data-contrast=\"auto\">Tras una exhaustiva investigaci\u00f3n y los comentarios del p\u00fablico, Blue Bus ha desarrollado nuevas Directrices de dise\u00f1o para paradas de autob\u00fas y servicios. Estas directrices de dise\u00f1o nos ayudar\u00e1n a ofrecer mejores paradas de autob\u00fas en toda el \u00e1rea de servicio de Blue Bus.  <\/span><span data-ccp-props=\"{\"201341983\":0,\"335559739\":160,\"335559740\":259}\"> <\/span><\/p>\n<h3><b><span data-contrast=\"auto\">\u00bfPor qu\u00e9 necesitamos las directrices de dise\u00f1o?<\/span><\/b><span data-ccp-props=\"{\"201341983\":0,\"335559739\":160,\"335559740\":259}\"> <\/span><\/h3>\n<p><span data-contrast=\"auto\"> Nuestras Directrices de dise\u00f1o para paradas de autob\u00fas y servicios:<\/span><span data-ccp-props=\"{\"201341983\":0,\"335559739\":160,\"335559740\":259}\"> <\/span><\/p>\n<ul>\n<li data-leveltext=\"\uf0d8\" data-font=\"Wingdings\" data-listid=\"11\" data-list-defn-props=\"{\"335552541\":1,\"335559684\":-2,\"335559685\":720,\"335559991\":360,\"469769226\":\"Wingdings\",\"469769242\":[8226],\"469777803\":\"left\",\"469777804\":\"\uf0d8\",\"469777815\":\"hybridMultilevel\"}\" aria-setsize=\"-1\" data-aria-posinset=\"1\" data-aria-level=\"1\"><span data-contrast=\"auto\">Proporcionan un marco para priorizar c\u00f3mo invertimos en mejoras de las paradas de autob\u00fas<\/span><span data-ccp-props=\"{\"201341983\":0,\"335559739\":160,\"335559740\":259}\"> <\/span><\/li>\n<li data-leveltext=\"\uf0d8\" data-font=\"Wingdings\" data-listid=\"11\" data-list-defn-props=\"{\"335552541\":1,\"335559684\":-2,\"335559685\":720,\"335559991\":360,\"469769226\":\"Wingdings\",\"469769242\":[8226],\"469777803\":\"left\",\"469777804\":\"\uf0d8\",\"469777815\":\"hybridMultilevel\"}\" aria-setsize=\"-1\" data-aria-posinset=\"1\" data-aria-level=\"1\"><span data-contrast=\"auto\">Mejoran la accesibilidad de las paradas de autob\u00fas para todos los usuarios del transporte p\u00fablico<\/span><span data-ccp-props=\"{\"201341983\":0,\"335559739\":160,\"335559740\":259}\"> <\/span><\/li>\n<li data-leveltext=\"\uf0d8\" data-font=\"Wingdings\" data-listid=\"11\" data-list-defn-props=\"{\"335552541\":1,\"335559684\":-2,\"335559685\":720,\"335559991\":360,\"469769226\":\"Wingdings\",\"469769242\":[8226],\"469777803\":\"left\",\"469777804\":\"\uf0d8\",\"469777815\":\"hybridMultilevel\"}\" aria-setsize=\"-1\" data-aria-posinset=\"1\" data-aria-level=\"1\"><span data-contrast=\"auto\">Ayudan a coordinar las paradas de autob\u00fas para nuevos servicios de transporte p\u00fablico, como el Bus Rapid Transit y otras instalaciones de transporte especializado, para mejorar el servicio y el acceso<\/span><span data-ccp-props=\"{\"201341983\":0,\"335559739\":160,\"335559740\":259}\"> <\/span><\/li>\n<li data-leveltext=\"\uf0d8\" data-font=\"Wingdings\" data-listid=\"11\" data-list-defn-props=\"{\"335552541\":1,\"335559684\":-2,\"335559685\":720,\"335559991\":360,\"469769226\":\"Wingdings\",\"469769242\":[8226],\"469777803\":\"left\",\"469777804\":\"\uf0d8\",\"469777815\":\"hybridMultilevel\"}\" aria-setsize=\"-1\" data-aria-posinset=\"1\" data-aria-level=\"1\"><span data-contrast=\"auto\">Ayudan a coordinar nuestras comunidades, incluidas las comunidades locales y tribales<\/span><span data-ccp-props=\"{\"201341983\":0,\"335559739\":160,\"335559740\":259}\"> <\/span><\/li>\n<li data-leveltext=\"\uf0d8\" data-font=\"Wingdings\" data-listid=\"11\" data-list-defn-props=\"{\"335552541\":1,\"335559684\":-2,\"335559685\":720,\"335559991\":360,\"469769226\":\"Wingdings\",\"469769242\":[8226],\"469777803\":\"left\",\"469777804\":\"\uf0d8\",\"469777815\":\"hybridMultilevel\"}\" aria-setsize=\"-1\" data-aria-posinset=\"1\" data-aria-level=\"1\"><span data-contrast=\"auto\">Abordan las responsabilidades de mantenimiento, construcci\u00f3n y coordinaci\u00f3n para garantizar una excelente experiencia en las paradas de autob\u00fas en toda nuestra \u00e1rea de servicio<\/span><span data-ccp-props=\"{\"201341983\":0,\"335559739\":160,\"335559740\":259}\"> <\/span><\/li>\n<\/ul>\n<ul><\/ul>\n<h3><b>Resumen ejecutivo<\/b><\/h3>\n<h3 style=\"background-color: #ffffff;\"><\/h3>\n<p><a href=\"https:\/\/www.ncrtd.org\/wp-content\/uploads\/2025\/01\/NCRTD-Bus-Stop-Amenities-Design-Guidelines-Executive-Summary.pdf\"><img loading=\"lazy\" decoding=\"async\" src=\"https:\/\/www.ncrtd.org\/wp-content\/uploads\/2025\/01\/NCRTD-Bus-Stop-Amenities-Design-Guidelines-Executive-Summary-Cover-Image-232x300.jpg\" width=\"232\" height=\"300\" alt=\"\" class=\"wp-image-240515 alignnone size-medium\"><\/a><\/p>\n<p>Las paradas de autob\u00fas son la \u00abpuerta de entrada\u00bb de los sistemas de transporte p\u00fablico. Su ubicaci\u00f3n, dise\u00f1o y mantenimiento influyen en la experiencia de los usuarios con el servicio de transporte. Este documento proporciona orientaci\u00f3n al Distrito Regional de Transporte del Centro Norte (NCRTD) Blue Bus y a sus socios para garantizar que el transporte p\u00fablico sea una experiencia segura, accesible y c\u00f3moda para los clientes. Las Directrices de dise\u00f1o para paradas de autob\u00fas y servicios son una herramienta para ayudar al NCRTD y a otros socios municipales y comunitarios a ofrecer opciones de transporte que conecten a las personas, los puestos de trabajo y la comunidad de forma c\u00f3moda, coherente y segura. La intenci\u00f3n de estas directrices es facilitar la ubicaci\u00f3n, el dise\u00f1o y la gesti\u00f3n coherentes de las paradas existentes o propuestas en toda el \u00e1rea de servicio de 10 000 millas cuadradas del NCRTD.    <\/p>\n<p>Las paradas de autob\u00fas bien dise\u00f1adas mejoran la experiencia del cliente de transporte p\u00fablico, disminuyen los tiempos de espera percibidos para los servicios de transporte y pueden aumentar el n\u00famero de usuarios. El NCRTD reconoce que el dise\u00f1o de las paradas y los servicios disponibles tienen un impacto en la vida de las personas y en su probabilidad de utilizar el transporte p\u00fablico. Como sistema de transporte p\u00fablico rural con niveles de servicio de transporte p\u00fablico urbano en Espa\u00f1ola y Taos, este documento proporciona una herramienta para desarrollar una experiencia de cliente amplia pero coherente para los usuarios en las paradas de autob\u00fas de todo el sistema Blue Bus. <a href=\"https:\/\/www.ncrtd.org\/wp-content\/uploads\/2025\/01\/NCRTD-Bus-Stop-Amenities-Design-Guidelines-Executive-Summary.pdf\">Haz clic aqu\u00ed<\/a> para descargar o leer m\u00e1s en el Resumen ejecutivo completo.  <\/p>\n<p>[\/et_pb_text][\/et_pb_column_inner][\/et_pb_row_inner][\/et_pb_column][\/et_pb_section][et_pb_section fb_built=\u00bb1&#8243; specialty=\u00bbon\u00bb padding_1_tablet=\u00bb2em|6%|2em|6%|true|true\u00bb padding_2_tablet=\u00bb2em|6%|2em|6%|true|true\u00bb padding_1_phone=\u00bb2em|8%|2em|8%|true|true\u00bb padding_2_phone=\u00bb2em|8%|2em|8%|true|true\u00bb padding_1_last_edited=\u00bbon|desktop\u00bb padding_2_last_edited=\u00bbon|tablet\u00bb module_id_1=\u00bbsidebar\u00bb module_class_1=\u00bbcontent-sidebar\u00bb module_class_2=\u00bbcontent-main\u00bb _builder_version=\u00bb4.16&#8243; _module_preset=\u00bb49fa2571-fdca-4afb-b157-c44ecc3f4485&#8243; global_colors_info=\u00bb{}\u00bb][et_pb_column type=\u00bb1_4&#8243; _builder_version=\u00bb4.16&#8243; custom_padding=\u00bb|||\u00bb global_colors_info=\u00bb{}\u00bb custom_padding__hover=\u00bb|||\u00bb][et_pb_menu menu_id=\u00bb2&#8243; _builder_version=\u00bb4.16&#8243; _module_preset=\u00bbefd0ba9f-ac50-4f8b-84a6-8e44415a3403&#8243; global_colors_info=\u00bb{}\u00bb][\/et_pb_menu][et_pb_text _builder_version=\u00bb4.23.3&#8243; _module_preset=\u00bba5d3b840-eb6f-4446-9880-fb2e3dcbae61&#8243; global_module=\u00bb2761&#8243; saved_tabs=\u00bball\u00bb global_colors_info=\u00bb{}\u00bb][\/et_pb_text][\/et_pb_column][et_pb_column type=\u00bb3_4&#8243; specialty_columns=\u00bb3&#8243; _builder_version=\u00bb4.16&#8243; custom_padding=\u00bb|||\u00bb global_colors_info=\u00bb{}\u00bb custom_padding__hover=\u00bb|||\u00bb][\/et_pb_column][\/et_pb_section]<\/p>\n","protected":false},"excerpt":{"rendered":"<p>Descripci\u00f3n del proyecto Tras una exhaustiva investigaci\u00f3n y los comentarios del p\u00fablico, Blue Bus ha desarrollado nuevas Directrices de dise\u00f1o para paradas de autob\u00fas y servicios. Estas directrices de dise\u00f1o nos ayudar\u00e1n a ofrecer mejores paradas de autob\u00fas en toda el \u00e1rea de servicio de Blue Bus. \u00bfPor qu\u00e9 necesitamos las directrices de dise\u00f1o? Nuestras [&hellip;]<\/p>\n","protected":false},"author":7,"featured_media":0,"parent":244002,"menu_order":0,"comment_status":"closed","ping_status":"closed","template":"","meta":{"_et_pb_use_builder":"on","_et_pb_old_content":"","_et_gb_content_width":"","footnotes":""},"class_list":["post-243945","page","type-page","status-publish","hentry"],"_links":{"self":[{"href":"https:\/\/www.ncrtd.org\/es\/wp-json\/wp\/v2\/pages\/243945","targetHints":{"allow":["GET"]}}],"collection":[{"href":"https:\/\/www.ncrtd.org\/es\/wp-json\/wp\/v2\/pages"}],"about":[{"href":"https:\/\/www.ncrtd.org\/es\/wp-json\/wp\/v2\/types\/page"}],"author":[{"embeddable":true,"href":"https:\/\/www.ncrtd.org\/es\/wp-json\/wp\/v2\/users\/7"}],"replies":[{"embeddable":true,"href":"https:\/\/www.ncrtd.org\/es\/wp-json\/wp\/v2\/comments?post=243945"}],"version-history":[{"count":1,"href":"https:\/\/www.ncrtd.org\/es\/wp-json\/wp\/v2\/pages\/243945\/revisions"}],"predecessor-version":[{"id":243948,"href":"https:\/\/www.ncrtd.org\/es\/wp-json\/wp\/v2\/pages\/243945\/revisions\/243948"}],"up":[{"embeddable":true,"href":"https:\/\/www.ncrtd.org\/es\/wp-json\/wp\/v2\/pages\/244002"}],"wp:attachment":[{"href":"https:\/\/www.ncrtd.org\/es\/wp-json\/wp\/v2\/media?parent=243945"}],"curies":[{"name":"wp","href":"https:\/\/api.w.org\/{rel}","templated":true}]}}