{"id":243949,"date":"2023-09-21T14:38:52","date_gmt":"2023-09-21T20:38:52","guid":{"rendered":"https:\/\/www.ncrtd.org\/servicio-de-autobus-a-estaciones-de-esqui-de-nuevo-mexico\/"},"modified":"2026-05-06T09:18:51","modified_gmt":"2026-05-06T15:18:51","slug":"servicio-de-autobus-a-estaciones-de-esqui-de-nuevo-mexico","status":"publish","type":"page","link":"https:\/\/www.ncrtd.org\/es\/servicio-de-autobus-a-estaciones-de-esqui-de-nuevo-mexico\/","title":{"rendered":"Servicio de autob\u00fas a estaciones de esqu\u00ed de Nuevo M\u00e9xico"},"content":{"rendered":"<p>[et_pb_section fb_built=\u00bb1&#8243; fullwidth=\u00bbon\u00bb _builder_version=\u00bb4.16&#8243; _module_preset=\u00bbcbe6949b-fe83-485f-a967-598203880f36&#8243; width_tablet=\u00bb\u00bb width_phone=\u00bb\u00bb width_last_edited=\u00bbon|desktop\u00bb custom_margin=\u00bb140px||||false|false\u00bb custom_margin_tablet=\u00bb0px||||false|false\u00bb custom_margin_phone=\u00bb\u00bb custom_margin_last_edited=\u00bbon|desktop\u00bb global_colors_info=\u00bb{}\u00bb][et_pb_fullwidth_image src=\u00bbhttps:\/\/www.ncrtd.org\/wp-content\/uploads\/2025\/03\/ncrtd-blue-bus-2023-0930.jpg\u00bb alt=\u00bbCarretera sinuosa de Santa Fe\u00bb title_text=\u00bbncrtd-blue-bus-2023-0930&#8243; disabled_on=\u00bboff|off|off\u00bb admin_label=\u00bbbackground fullwidth image\u00bb _builder_version=\u00bb4.27.5&#8243; _module_preset=\u00bb2215b47f-c514-4736-8638-9febfca886f5&#8243; background_color=\u00bb#FFFFFF\u00bb min_height=\u00bb739.1px\u00bb height_phone=\u00bb100px\u00bb custom_margin=\u00bb||-600px||false|false\u00bb disabled=\u00bbon\u00bb global_module=\u00bb3818&#8243; locked=\u00bboff\u00bb global_colors_info=\u00bb{}\u00bb][\/et_pb_fullwidth_image][\/et_pb_section][et_pb_section fb_built=\u00bb1&#8243; specialty=\u00bbon\u00bb padding_1_tablet=\u00bb2em|6%|2em|6%|true|true\u00bb padding_2_tablet=\u00bb2em|6%|2em|6%|true|true\u00bb padding_1_phone=\u00bb2em|8%|2em|8%|true|true\u00bb padding_2_phone=\u00bb2em|8%|2em|8%|true|true\u00bb padding_1_last_edited=\u00bbon|desktop\u00bb padding_2_last_edited=\u00bbon|tablet\u00bb module_id_1=\u00bbsidebar\u00bb module_class_1=\u00bbcontent-sidebar\u00bb module_class_2=\u00bbcontent-main\u00bb _builder_version=\u00bb4.16&#8243; _module_preset=\u00bb49fa2571-fdca-4afb-b157-c44ecc3f4485&#8243; global_colors_info=\u00bb{}\u00bb][et_pb_column type=\u00bb1_4&#8243; _builder_version=\u00bb4.16&#8243; custom_padding=\u00bb|||\u00bb global_colors_info=\u00bb{}\u00bb custom_padding__hover=\u00bb|||\u00bb][et_pb_menu menu_id=\u00bb2&#8243; _builder_version=\u00bb4.16&#8243; _module_preset=\u00bbefd0ba9f-ac50-4f8b-84a6-8e44415a3403&#8243; global_colors_info=\u00bb{}\u00bb][\/et_pb_menu][\/et_pb_column][et_pb_column type=\u00bb3_4&#8243; specialty_columns=\u00bb3&#8243; _builder_version=\u00bb4.16&#8243; custom_padding=\u00bb|||\u00bb global_colors_info=\u00bb{}\u00bb custom_padding__hover=\u00bb|||\u00bb][et_pb_row_inner _builder_version=\u00bb4.21.0&#8243; _module_preset=\u00bbdefault\u00bb global_colors_info=\u00bb{}\u00bb][et_pb_column_inner saved_specialty_column_type=\u00bb3_4&#8243; _builder_version=\u00bb4.21.0&#8243; _module_preset=\u00bbdefault\u00bb global_colors_info=\u00bb{}\u00bb][et_pb_text _builder_version=\u00bb4.21.0&#8243; _module_preset=\u00bbdefault\u00bb global_colors_info=\u00bb{}\u00bb]<\/p>\n<p style=\"line-height: 18.0pt; background: white; margin: 11.25pt 0in 0in 0in;\"><span style=\"color: #454545;\">North Central RTD, el Blue Bus, ofrece un servicio de temporada hacia y desde tres estaciones de esqu\u00ed de Nuevo M\u00e9xico. El servicio de autob\u00fas a las estaciones de esqu\u00ed es gratuito y cuenta con sistemas de filtraci\u00f3n de aire equipados con filtros Proair HEPA-3 para mantener el aire limpio y fresco como la monta\u00f1a. <o:p><\/o:p><\/span><\/p>\n<p style=\"line-height: 18.0pt; background: white;\"><span style=\"color: #454545;\">El Blue Bus ofrece servicio a las zonas de esqu\u00ed durante la temporada de invierno, que normalmente va de noviembre a abril. Se presta servicio a Ski Santa Fe en el condado de Santa Fe, Taos Ski Valley y Red River Ski Area en el condado de Taos.  <o:p><\/o:p><\/span><\/p>\n<p style=\"line-height: 18.0pt; background: white;\"><span style=\"color: #454545;\">Para un norte-centro de Nuevo M\u00e9xico mejor conectado, el Blue Bus enlaza con otras rutas a lo largo de m\u00e1s de 10.000 millas cuadradas.<o:p><\/o:p><\/span><\/p>\n<p>[\/et_pb_text][\/et_pb_column_inner][\/et_pb_row_inner][et_pb_row_inner column_structure=\u00bb1_2,1_2&#8243; _builder_version=\u00bb4.27.5&#8243; _module_preset=\u00bbdefault\u00bb custom_margin=\u00bb||||false|false\u00bb custom_padding=\u00bb20px||20px||false|false\u00bb hover_enabled=\u00bb0&#8243; global_colors_info=\u00bb{}\u00bb sticky_enabled=\u00bb0&#8243;][et_pb_column_inner type=\u00bb1_2&#8243; saved_specialty_column_type=\u00bb3_4&#8243; _builder_version=\u00bb4.21.0&#8243; _module_preset=\u00bbdefault\u00bb global_colors_info=\u00bb{}\u00bb][et_pb_button button_url=\u00bbhttps:\/\/www.ncrtd.org\/255-mountain-trail-route\/\u00bb button_text=\u00bb255 Mountain Trail\u00bb button_alignment=\u00bbcenter\u00bb _builder_version=\u00bb4.27.5&#8243; _module_preset=\u00bbdefault\u00bb custom_padding=\u00bb0.6em|1em|0.6em|1em|false|false\u00bb hover_enabled=\u00bb0&#8243; global_colors_info=\u00bb{}\u00bb custom_margin=\u00bb20px||20px||false|false\u00bb sticky_enabled=\u00bb0&#8243;][\/et_pb_button][\/et_pb_column_inner][et_pb_column_inner type=\u00bb1_2&#8243; saved_specialty_column_type=\u00bb3_4&#8243; _builder_version=\u00bb4.21.0&#8243; _module_preset=\u00bbdefault\u00bb global_colors_info=\u00bb{}\u00bb][et_pb_button button_url=\u00bbhttps:\/\/www.ncrtd.org\/es\/todas-las-rutas\/341-tsv-verde\/\u00bb button_text=\u00bb341 TSV Verde\u00bb button_alignment=\u00bbcenter\u00bb _builder_version=\u00bb4.27.5&#8243; _module_preset=\u00bbdefault\u00bb custom_margin=\u00bb20px||20px||false|false\u00bb hover_enabled=\u00bb0&#8243; global_colors_info=\u00bb{}\u00bb sticky_enabled=\u00bb0&#8243;][\/et_pb_button][\/et_pb_column_inner][\/et_pb_row_inner][et_pb_row_inner _builder_version=\u00bb4.27.5&#8243; _module_preset=\u00bbdefault\u00bb column_structure=\u00bb1_2,1_2&#8243;][et_pb_column_inner saved_specialty_column_type=\u00bb3_4&#8243; _builder_version=\u00bb4.27.5&#8243; _module_preset=\u00bbdefault\u00bb type=\u00bb1_2&#8243;][et_pb_button button_url=\u00bbhttps:\/\/www.ncrtd.org\/es\/todas-las-rutas\/310-red-river\/\u00bb button_text=\u00bb310 Red River\u00bb button_alignment=\u00bbcenter\u00bb _builder_version=\u00bb4.27.5&#8243; _module_preset=\u00bbdefault\u00bb custom_padding=\u00bb|1em||1em|true|true\u00bb hover_enabled=\u00bb0&#8243; global_colors_info=\u00bb{}\u00bb custom_margin=\u00bb20px||20px||false|false\u00bb sticky_enabled=\u00bb0&#8243;][\/et_pb_button][\/et_pb_column_inner][et_pb_column_inner saved_specialty_column_type=\u00bb3_4&#8243; _builder_version=\u00bb4.27.5&#8243; _module_preset=\u00bbdefault\u00bb type=\u00bb1_2&#8243;][et_pb_button button_url=\u00bbhttp:\/\/bluebustracker.availtec.com\/infopoint?fullscreen=false&amp;map%5Bfilter%5D%5Broutes%5D=true&amp;map%5Bfilter%5D%5Bstops%5D=true&amp;map%5Bfilter%5D%5Bbuses%5D=true&amp;messages%5Bactive%5D=false&amp;messages%5Bfilter%5D=false&amp;routes%5Bselected%5D=255&amp;routes%5Bsearch%5D=&amp;stops%5Bactive%5D=false&amp;stops%5Bsearch%5D=\u00bb url_new_window=\u00bbon\u00bb button_text=\u00bbRastrea el Blue Bus\u00bb button_alignment=\u00bbcenter\u00bb _builder_version=\u00bb4.27.5&#8243; _module_preset=\u00bbdefault\u00bb hover_enabled=\u00bb0&#8243; global_colors_info=\u00bb{}\u00bb custom_margin=\u00bb20px||20px||false|false\u00bb sticky_enabled=\u00bb0&#8243;][\/et_pb_button][\/et_pb_column_inner][\/et_pb_row_inner][et_pb_row_inner _builder_version=\u00bb4.22.1&#8243; _module_preset=\u00bbdefault\u00bb custom_padding=\u00bb20px||20px||false|false\u00bb global_colors_info=\u00bb{}\u00bb][et_pb_column_inner saved_specialty_column_type=\u00bb3_4&#8243; _builder_version=\u00bb4.21.0&#8243; _module_preset=\u00bbdefault\u00bb global_colors_info=\u00bb{}\u00bb][et_pb_text _builder_version=\u00bb4.27.2&#8243; _module_preset=\u00bbdefault\u00bb global_colors_info=\u00bb{}\u00bb]<\/p>\n<h2>Condado de Santa Fe<\/h2>\n<p>El Blue Bus ofrece servicio diario entre <a href=\"https:\/\/maps.app.goo.gl\/ZssnfDvZUPvWSiw28\" target=\"_blank\" rel=\"noopener\">South Capital Station<\/a> y <a href=\"https:\/\/skisantafe.com\/\" target=\"_blank\" rel=\"noopener\">Ski Santa Fe<\/a>.<\/p>\n<h3>Rutas<\/h3>\n<p>La ruta <a href=\"https:\/\/www.ncrtd.org\/255-mountain-trail-route\/\">255 Mountain Trail<\/a> opera los 365 d\u00edas del a\u00f1o, con servicio de invierno normalmente de noviembre a abril y servicio fuera de invierno normalmente de abril a noviembre. Ofrece servicio desde la estaci\u00f3n South Capitol del Rail Runner hasta zonas de todo el centro de Santa Fe, subiendo por Hyde Park Road, con parada en Ten Thousand Waves, accesos a senderos del Bosque Nacional de Santa Fe y hasta Ski Santa Fe.<span data-contrast=\"auto\"><\/span><span data-ccp-props=\"{\"201341983\":0,\"335559740\":259}\"> <\/span><\/p>\n<p><span>Durante la temporada de invierno de Ski Santa Fe, se entregar\u00e1 una ficha en la 255 Mountain Trail al bajar del autob\u00fas en direcci\u00f3n este en Ski Santa Fe. Ski Santa Fe aceptar\u00e1 esa ficha con un descuento de 5,00 $ cuando se presente para comprar forfaits, en la escuela de esqu\u00ed, la tienda de regalos y en servicios de comida limitados, excepto alcohol.  <\/span><\/p>\n<h2>Condado de Taos<\/h2>\n<p>El Blue Bus iniciar\u00e1 el servicio desde la localidad de Taos hasta <a href=\"https:\/\/www.skitaos.com\/\" target=\"_blank\" rel=\"noopener\">Taos Ski Valley<\/a> durante la temporada de esqu\u00ed de invierno. <span>El servicio de invierno para la temporada 2025-2026 comienza el s\u00e1bado 20 de diciembre de 2025.<\/span> Ll\u00e1manos para confirmar el servicio.<\/p>\n<h3>Rutas<\/h3>\n<p>La ruta <a href=\"https:\/\/www.ncrtd.org\/es\/todas-las-rutas\/341-tsv-verde\/\">341 TSV Green<\/a> opera un servicio de invierno de temporada, normalmente de diciembre a marzo. Ofrece servicio gratuito por la localidad de Taos, El Prado, Arroyo Seco, Valdez hasta el pueblo de <a href=\"https:\/\/taosskivalley.com\/\" target=\"_blank\" rel=\"noopener\">Taos Ski Valley<\/a>.<\/p>\n<p>La ruta <a href=\"https:\/\/www.ncrtd.org\/es\/todas-las-rutas\/310-red-river\/\">310 Red River<\/a> ofrece servicio gratuito hacia y desde Questa hasta la localidad de Red River y <a href=\"https:\/\/www.redriverskiarea.com\/\" target=\"_blank\" rel=\"noopener\">Red River Ski Area<\/a>.<\/p>\n<p>[\/et_pb_text][\/et_pb_column_inner][\/et_pb_row_inner][et_pb_row_inner _builder_version=\u00bb4.21.0&#8243; _module_preset=\u00bbdefault\u00bb global_colors_info=\u00bb{}\u00bb][et_pb_column_inner saved_specialty_column_type=\u00bb3_4&#8243; _builder_version=\u00bb4.21.0&#8243; _module_preset=\u00bbdefault\u00bb global_colors_info=\u00bb{}\u00bb][et_pb_text _builder_version=\u00bb4.22.1&#8243; _module_preset=\u00bbdefault\u00bb global_colors_info=\u00bb{}\u00bb]<\/p>\n<h2>Preguntas frecuentes<\/h2>\n<p>[\/et_pb_text][et_pb_text _builder_version=\u00bb4.22.2&#8243; _module_preset=\u00bbdefault\u00bb global_colors_info=\u00bb{}\u00bb]<\/p>\n<h3 style=\"line-height: 18.0pt; background: white;\"><span style=\"color: #454545;\">\u00bfD\u00f3nde est\u00e1 mi autob\u00fas de esqu\u00ed?<o:p><\/o:p><\/span><\/h3>\n<p style=\"line-height: 18.0pt; background: white;\"><span style=\"color: #454545;\">Puedes <a href=\"http:\/\/bluebustracker.availtec.com\/infopoint?fullscreen=false&amp;map%5Bfilter%5D%5Broutes%5D=true&amp;map%5Bfilter%5D%5Bstops%5D=true&amp;map%5Bfilter%5D%5Bbuses%5D=true&amp;messages%5Bactive%5D=false&amp;messages%5Bfilter%5D=false&amp;routes%5Bselected%5D=&amp;routes%5Bsearch%5D=&amp;stops%5Bactive%5D=false&amp;stops%5Bsearch%5D=\" target=\"_blank\" rel=\"noopener\">seguir el Blue Bus con un navegador web<\/a> o con la app MyStop. Descarga la app de seguimiento del Blue Bus, MyStop, para seguir el autob\u00fas c\u00f3modamente, planificar tu viaje y ver avisos para pasajeros. <o:p><\/o:p><\/span><\/p>\n<h3 style=\"line-height: 18.0pt; background: white;\"><span style=\"color: #454545;\">\u00bfD\u00f3nde puedo encontrar informaci\u00f3n sobre el tr\u00e1fico y los cierres de carreteras?<o:p><\/o:p><\/span><\/h3>\n<p style=\"line-height: 18.0pt; background: white;\"><span style=\"color: #454545;\"><a href=\"https:\/\/nmroads.com\/\" target=\"_blank\" rel=\"noopener\">NMDOT<\/a> ofrece las condiciones actuales de las carreteras y del tiempo.<o:p><\/o:p><\/span><\/p>\n<h3 style=\"line-height: 18.0pt; background: white;\"><span style=\"color: #454545;\">\u00bfC\u00f3mo uso el autob\u00fas de esqu\u00ed?<o:p><\/o:p><\/span><\/h3>\n<p style=\"line-height: 18.0pt; background: white;\"><span style=\"color: #454545;\">Llega pronto a la parada; todas nuestras paradas est\u00e1n se\u00f1alizadas con un cartel y un n\u00famero de parada para ayudarte a identificar tu ubicaci\u00f3n. Los horarios pueden cambiar cada temporada, as\u00ed que vuelve a comprobar el horario en nuestra web. Col\u00f3cate cerca del cartel o la marquesina para que el conductor te vea. Cuando llegue el autob\u00fas, mira el n\u00famero que aparece sobre el parabrisas para asegurarte de que subes al autob\u00fas correcto. Para bajar, avisa al conductor de que quieres salir tirando del cord\u00f3n de solicitud de parada que recorre la parte superior de las ventanas del autob\u00fas o pulsando el bot\u00f3n de solicitud de parada.     <o:p><\/o:p><\/span><\/p>\n<p style=\"line-height: 18.0pt; background: white;\"><span style=\"color: #454545;\">Si no tienes claro ad\u00f3nde va el autob\u00fas para llegar a donde necesitas, siempre puedes preguntarle al conductor.<o:p><\/o:p><\/span><\/p>\n<p style=\"line-height: 18.0pt; background: white;\"><span style=\"color: #454545;\">Para planificar tu viaje, descarga la app MyStop para seguir el autob\u00fas, recibir actualizaciones del servicio y mucho m\u00e1s. Descargarla con antelaci\u00f3n te ayudar\u00e1 a tener las herramientas que necesitas. Si puedes quedarte sin cobertura m\u00f3vil en la zona de esqu\u00ed, plant\u00e9ate hacer una captura de pantalla del horario con tu m\u00f3vil con antelaci\u00f3n.  <o:p><\/o:p><\/span><\/p>\n<p style=\"line-height: 18.0pt; background: white;\"><span style=\"color: #454545;\">Para preguntas adicionales, ll\u00e1manos al 866-206-0754 ext. 1.<\/span><\/p>\n<h3 style=\"line-height: 18.0pt; background: white;\"><span style=\"color: #454545;\">\u00bfD\u00f3nde debo aparcar?<o:p><\/o:p><\/span><\/h3>\n<p style=\"line-height: 18.0pt; background: white;\"><span style=\"color: #454545;\">Hay ubicaciones de Park and Ride en varios puntos de Santa Fe y Taos. Mant\u00e9n tu veh\u00edculo y tus pertenencias a salvo cerrando con llave y dejando los objetos de valor fuera de la vista. <\/span><\/p>\n<p style=\"line-height: 18.0pt; background: white;\"><span style=\"color: #454545;\">Santa Fe: South Capitol Station es uno de los aparcamientos m\u00e1s populares. <a href=\"https:\/\/www.dot.nm.gov\/travel-information\/park-and-ride-bus-shuttle-service\/new-mexico-park-and-ride-pick-up-and-drop-off-locations\/\" target=\"_blank\" rel=\"noopener\">Visita el sitio web de NMDOT<\/a> para ver la lista completa de ubicaciones de NM Park and Ride en el estado. O consulta el sitio web de la ciudad de Santa Fe para ver <a href=\"https:\/\/santafenm.gov\/public-works\/parking\" target=\"_blank\" rel=\"noopener\">ubicaciones de aparcamiento en Santa Fe.<\/a><br \/>Taos: Kit Carson Park, Loretto, KTAOS y m\u00e1s. Visita el sitio web de la localidad de Taos para obtener m\u00e1s informaci\u00f3n sobre <a href=\"https:\/\/www.taosnm.gov\/319\/Parking\" target=\"_blank\" rel=\"noopener\">ubicaciones de aparcamiento en Taos.<\/a>  <\/span><\/p>\n<p>[\/et_pb_text][\/et_pb_column_inner][\/et_pb_row_inner][et_pb_row_inner _builder_version=\u00bb4.21.0&#8243; _module_preset=\u00bbdefault\u00bb global_colors_info=\u00bb{}\u00bb][et_pb_column_inner saved_specialty_column_type=\u00bb3_4&#8243; _builder_version=\u00bb4.21.0&#8243; _module_preset=\u00bbdefault\u00bb global_colors_info=\u00bb{}\u00bb][et_pb_text _builder_version=\u00bb4.27.3&#8243; _module_preset=\u00bbdefault\u00bb global_colors_info=\u00bb{}\u00bb]<\/p>\n<h2>Comparte tu experiencia con el autob\u00fas de esqu\u00ed<\/h2>\n<p>[\/et_pb_text][et_pb_code _builder_version=\u00bb4.27.3&#8243; _module_preset=\u00bbdefault\u00bb global_colors_info=\u00bb{}\u00bb]<script>(function(t,e,s,n){var o,a,c;t.SMCX=t.SMCX||[],e.getElementById(n)||(o=e.getElementsByTagName(s),a=o[o.length-1],c=e.createElement(s),c.type=\"text\/javascript\",c.async=!0,c.id=n,c.src=\"https:\/\/widget.surveymonkey.com\/collect\/website\/js\/tRaiETqnLgj758hTBazgd5s_2FQgPnd_2FsvCAoeYoloIbe1NJnjqJNzfU11BwkPwXHn.js\",a.parentNode.insertBefore(c,a))})(window,document,\"script\",\"smcx-sdk\");<\/script><a style=\"font: 12px Helvetica, sans-serif; color: #999; text-decoration: none;\" href=\"www.surveymonkey.com\"> Crea tu propia encuesta de opini\u00f3n de usuarios <\/a>[\/et_pb_code][\/et_pb_column_inner][\/et_pb_row_inner][\/et_pb_column][\/et_pb_section]<\/p>\n","protected":false},"excerpt":{"rendered":"<p>North Central RTD, el Blue Bus, ofrece un servicio de temporada hacia y desde tres estaciones de esqu\u00ed de Nuevo M\u00e9xico. El servicio de autob\u00fas a las estaciones de esqu\u00ed es gratuito y cuenta con sistemas de filtraci\u00f3n de aire equipados con filtros Proair HEPA-3 para mantener el aire limpio y fresco como la monta\u00f1a. [&hellip;]<\/p>\n","protected":false},"author":7,"featured_media":0,"parent":0,"menu_order":0,"comment_status":"closed","ping_status":"closed","template":"","meta":{"_et_pb_use_builder":"on","_et_pb_old_content":"","_et_gb_content_width":"","footnotes":""},"class_list":["post-243949","page","type-page","status-publish","hentry"],"_links":{"self":[{"href":"https:\/\/www.ncrtd.org\/es\/wp-json\/wp\/v2\/pages\/243949","targetHints":{"allow":["GET"]}}],"collection":[{"href":"https:\/\/www.ncrtd.org\/es\/wp-json\/wp\/v2\/pages"}],"about":[{"href":"https:\/\/www.ncrtd.org\/es\/wp-json\/wp\/v2\/types\/page"}],"author":[{"embeddable":true,"href":"https:\/\/www.ncrtd.org\/es\/wp-json\/wp\/v2\/users\/7"}],"replies":[{"embeddable":true,"href":"https:\/\/www.ncrtd.org\/es\/wp-json\/wp\/v2\/comments?post=243949"}],"version-history":[{"count":1,"href":"https:\/\/www.ncrtd.org\/es\/wp-json\/wp\/v2\/pages\/243949\/revisions"}],"predecessor-version":[{"id":243952,"href":"https:\/\/www.ncrtd.org\/es\/wp-json\/wp\/v2\/pages\/243949\/revisions\/243952"}],"wp:attachment":[{"href":"https:\/\/www.ncrtd.org\/es\/wp-json\/wp\/v2\/media?parent=243949"}],"curies":[{"name":"wp","href":"https:\/\/api.w.org\/{rel}","templated":true}]}}