{"id":243982,"date":"2021-01-04T14:43:11","date_gmt":"2021-01-04T21:43:11","guid":{"rendered":"https:\/\/www.ncrtd.org\/empleo-2\/"},"modified":"2026-05-06T09:19:24","modified_gmt":"2026-05-06T15:19:24","slug":"empleo-2","status":"publish","type":"page","link":"https:\/\/www.ncrtd.org\/es\/empleo-2\/","title":{"rendered":"Empleo"},"content":{"rendered":"<p>[et_pb_section fb_built=\u00bb1&#8243; fullwidth=\u00bbon\u00bb _builder_version=\u00bb4.16&#8243; _module_preset=\u00bbcbe6949b-fe83-485f-a967-598203880f36&#8243; width_tablet=\u00bb\u00bb width_phone=\u00bb\u00bb width_last_edited=\u00bbon|desktop\u00bb custom_margin=\u00bb140px||||false|false\u00bb custom_margin_tablet=\u00bb0px||||false|false\u00bb custom_margin_phone=\u00bb\u00bb custom_margin_last_edited=\u00bbon|desktop\u00bb global_colors_info=\u00bb{}\u00bb][et_pb_fullwidth_image src=\u00bbhttps:\/\/www.ncrtd.org\/wp-content\/uploads\/2025\/03\/ncrtd-blue-bus-2023-0930.jpg\u00bb alt=\u00bbCarretera sinuosa de Santa Fe\u00bb title_text=\u00bbncrtd-blue-bus-2023-0930&#8243; admin_label=\u00bbbackground fullwidth image\u00bb _builder_version=\u00bb4.27.4&#8243; _module_preset=\u00bb2215b47f-c514-4736-8638-9febfca886f5&#8243; background_color=\u00bb#FFFFFF\u00bb min_height=\u00bb739.1px\u00bb height_phone=\u00bb100px\u00bb custom_margin=\u00bb||-600px||false|false\u00bb global_module=\u00bb3818&#8243; locked=\u00bboff\u00bb global_colors_info=\u00bb{}\u00bb][\/et_pb_fullwidth_image][\/et_pb_section][et_pb_section fb_built=\u00bb1&#8243; specialty=\u00bbon\u00bb padding_1_tablet=\u00bb2em|6%|2em|6%|true|true\u00bb padding_2_tablet=\u00bb2em|6%|2em|6%|true|true\u00bb padding_1_phone=\u00bb2em|8%|2em|8%|true|true\u00bb padding_2_phone=\u00bb2em|8%|2em|8%|true|true\u00bb padding_1_last_edited=\u00bbon|desktop\u00bb padding_2_last_edited=\u00bbon|tablet\u00bb module_id_1=\u00bbsidebar\u00bb module_class_1=\u00bbcontent-sidebar\u00bb module_class_2=\u00bbcontent-main\u00bb _builder_version=\u00bb4.16&#8243; _module_preset=\u00bb49fa2571-fdca-4afb-b157-c44ecc3f4485&#8243; global_colors_info=\u00bb{}\u00bb][et_pb_column type=\u00bb1_4&#8243; _builder_version=\u00bb4.16&#8243; custom_padding=\u00bb|||\u00bb global_colors_info=\u00bb{}\u00bb custom_padding__hover=\u00bb|||\u00bb][et_pb_menu menu_id=\u00bb2&#8243; _builder_version=\u00bb4.16&#8243; _module_preset=\u00bbefd0ba9f-ac50-4f8b-84a6-8e44415a3403&#8243; global_colors_info=\u00bb{}\u00bb][\/et_pb_menu][et_pb_text _builder_version=\u00bb4.23.3&#8243; _module_preset=\u00bba5d3b840-eb6f-4446-9880-fb2e3dcbae61&#8243; global_module=\u00bb2761&#8243; saved_tabs=\u00bball\u00bb global_colors_info=\u00bb{}\u00bb][\/et_pb_text][\/et_pb_column][et_pb_column type=\u00bb3_4&#8243; specialty_columns=\u00bb3&#8243; _builder_version=\u00bb4.16&#8243; custom_padding=\u00bb|||\u00bb global_colors_info=\u00bb{}\u00bb custom_padding__hover=\u00bb|||\u00bb][et_pb_row_inner column_structure=\u00bb1_2,1_2&#8243; _builder_version=\u00bb4.21.0&#8243; _module_preset=\u00bbdefault\u00bb global_colors_info=\u00bb{}\u00bb][et_pb_column_inner type=\u00bb1_2&#8243; saved_specialty_column_type=\u00bb3_4&#8243; _builder_version=\u00bb4.21.0&#8243; _module_preset=\u00bbdefault\u00bb global_colors_info=\u00bb{}\u00bb][et_pb_text _builder_version=\u00bb4.21.0&#8243; _module_preset=\u00bbdefault\u00bb custom_margin=\u00bb|-139px|0.4em||false|false\u00bb custom_padding=\u00bb||20px||false|false\u00bb global_colors_info=\u00bb{}\u00bb]<\/p>\n<p>En North Central Regional Transportation District, ofrecemos servicios como un equipo de profesionales respetuosos y cualificados. Nuestros clientes son lo primero. Son nuestros vecinos.  <\/p>\n<p>Nuestra misi\u00f3n es proporcionar transporte p\u00fablico seguro, protegido y eficaz en el centro-norte de Nuevo M\u00e9xico para mejorar la calidad de vida de nuestros ciudadanos ofreciendo opciones de movilidad y estimular el desarrollo econ\u00f3mico en toda la regi\u00f3n.<\/p>\n<p>[\/et_pb_text][\/et_pb_column_inner][et_pb_column_inner type=\u00bb1_2&#8243; saved_specialty_column_type=\u00bb3_4&#8243; _builder_version=\u00bb4.21.0&#8243; _module_preset=\u00bbdefault\u00bb global_colors_info=\u00bb{}\u00bb][et_pb_text _builder_version=\u00bb4.21.0&#8243; _module_preset=\u00bbdefault\u00bb custom_margin=\u00bb||0.4em|133px|false|false\u00bb global_colors_info=\u00bb{}\u00bb]<\/p>\n<h2>Contacta con nosotros<\/h2>\n<p>[\/et_pb_text][et_pb_text _builder_version=\u00bb4.21.0&#8243; _module_preset=\u00bbdefault\u00bb custom_margin=\u00bb||0.4em|-2px|false|false\u00bb custom_padding=\u00bb|||137px||\u00bb global_colors_info=\u00bb{}\u00bb]<\/p>\n<p>Direcci\u00f3n f\u00edsica:<br \/>1327 North Riverside Drive<br \/>Espa\u00f1ola, Nuevo M\u00e9xico, 87532<\/p>\n<p>Correo electr\u00f3nico: hr@ncrtd.org<\/p>\n<p>Tel\u00e9fono: 505-692-1061<\/p>\n<p>Horario: lunes a viernes, de 8:00 a 17:00<\/p>\n<p>[\/et_pb_text][\/et_pb_column_inner][\/et_pb_row_inner][et_pb_row_inner column_structure=\u00bb1_3,1_3,1_3&#8243; _builder_version=\u00bb4.21.0&#8243; _module_preset=\u00bbdefault\u00bb custom_padding=\u00bb40px||40px||false|false\u00bb global_colors_info=\u00bb{}\u00bb][et_pb_column_inner type=\u00bb1_3&#8243; saved_specialty_column_type=\u00bb3_4&#8243; _builder_version=\u00bb4.21.0&#8243; _module_preset=\u00bbdefault\u00bb global_colors_info=\u00bb{}\u00bb][et_pb_button button_url=\u00bbhttps:\/\/www.ncrtd.org\/es\/empleo-2\/igualdad-de-oportunidades-en-el-empleo\/\u00bb button_text=\u00bbIgualdad de oportunidades\u00bb button_alignment=\u00bbcenter\u00bb _builder_version=\u00bb4.27.2&#8243; _module_preset=\u00bbdefault\u00bb custom_margin=\u00bb20px||20px||false|false\u00bb global_colors_info=\u00bb{}\u00bb][\/et_pb_button][\/et_pb_column_inner][et_pb_column_inner type=\u00bb1_3&#8243; saved_specialty_column_type=\u00bb3_4&#8243; _builder_version=\u00bb4.21.0&#8243; _module_preset=\u00bbdefault\u00bb global_colors_info=\u00bb{}\u00bb][et_pb_button button_url=\u00bbhttps:\/\/www.ncrtd.org\/es\/empleo-2\/lugar-de-trabajo-libre-de-drogas\/\u00bb button_text=\u00bbLugar de trabajo libre de drogas\u00bb button_alignment=\u00bbcenter\u00bb _builder_version=\u00bb4.27.2&#8243; _module_preset=\u00bbdefault\u00bb custom_margin=\u00bb20px||20px||false|false\u00bb global_colors_info=\u00bb{}\u00bb][\/et_pb_button][\/et_pb_column_inner][et_pb_column_inner type=\u00bb1_3&#8243; saved_specialty_column_type=\u00bb3_4&#8243; _builder_version=\u00bb4.21.0&#8243; _module_preset=\u00bbdefault\u00bb global_colors_info=\u00bb{}\u00bb][et_pb_button button_url=\u00bbhttps:\/\/www.ncrtd.org\/es\/empleo-2\/ofertas-de-empleo\/\u00bb button_text=\u00bbOfertas de empleo\u00bb button_alignment=\u00bbcenter\u00bb _builder_version=\u00bb4.27.2&#8243; _module_preset=\u00bbdefault\u00bb custom_margin=\u00bb20px||20px||false|false\u00bb global_colors_info=\u00bb{}\u00bb][\/et_pb_button][\/et_pb_column_inner][\/et_pb_row_inner][et_pb_row_inner column_structure=\u00bb1_2,1_2&#8243; _builder_version=\u00bb4.21.0&#8243; _module_preset=\u00bbdefault\u00bb background_color=\u00bb#0072BA\u00bb custom_padding=\u00bb40px|0px|40px|30px|false|false\u00bb global_colors_info=\u00bb{}\u00bb][et_pb_column_inner type=\u00bb1_2&#8243; saved_specialty_column_type=\u00bb3_4&#8243; _builder_version=\u00bb4.21.0&#8243; _module_preset=\u00bbdefault\u00bb global_colors_info=\u00bb{}\u00bb][et_pb_text module_id=\u00bbdrivers\u00bb _builder_version=\u00bb4.27.4&#8243; _module_preset=\u00bbdefault\u00bb text_text_color=\u00bb#FFFFFF\u00bb background_color=\u00bb#0072BA\u00bb background_layout=\u00bbdark\u00bb custom_margin=\u00bb0px||0em||false|false\u00bb custom_padding=\u00bb30px|30px|0px|30px|false|false\u00bb hover_enabled=\u00bb0&#8243; global_colors_info=\u00bb{}\u00bb sticky_enabled=\u00bb0&#8243;]<\/p>\n<h3>Conductor de tr\u00e1nsito,<br \/>disponible a tiempo completo y parcial, 20,82 $<\/h3>\n<ul>\n<li>Salario inicial de 20,82 $ por hora, beneficios competitivos<\/li>\n<li>Oportunidades de horas extras y flexibilidad para trabajar en turnos partidos<\/li>\n<li>Salario inicial de 23,19 $ por hora con CDL<\/li>\n<\/ul>\n<p><span>Si eres un conductor responsable y cualificado con pasi\u00f3n por ofrecer un servicio excelente, te animamos a solicitar el puesto de conductor de tr\u00e1nsito hoy mismo. Ay\u00fadanos a tener un impacto positivo en las necesidades de transporte de nuestra comunidad mientras disfrutas de una carrera gratificante con Blue Bus. \u00a1No pierdas esta oportunidad de formar parte de nuestro equipo!  <\/span><\/p>\n<p>[\/et_pb_text][et_pb_button button_url=\u00bbhttps:\/\/www.governmentjobs.com\/careers\/ncrtd?category%910%93=Drivers&amp;sort=PostingDate%7CDescending\u00bb button_text=\u00bbSolicitar en l\u00ednea\u00bb button_alignment=\u00bbcenter\u00bb _builder_version=\u00bb4.21.0&#8243; _module_preset=\u00bbdefault\u00bb button_text_color=\u00bb#0072BA\u00bb button_bg_color=\u00bb#FFFFFF\u00bb button_font=\u00bb|700||on|||||\u00bb custom_padding=\u00bb0.8em|3em|0.8em|3em|true|true\u00bb global_colors_info=\u00bb{}\u00bb][\/et_pb_button][\/et_pb_column_inner][et_pb_column_inner type=\u00bb1_2&#8243; saved_specialty_column_type=\u00bb3_4&#8243; _builder_version=\u00bb4.21.0&#8243; _module_preset=\u00bbdefault\u00bb global_colors_info=\u00bb{}\u00bb][et_pb_image src=\u00bbhttps:\/\/www.ncrtd.org\/wp-content\/uploads\/2023\/07\/bus-river-square-2.png\u00bb title_text=\u00bbbus-river-square\u00bb _builder_version=\u00bb4.21.0&#8243; _module_preset=\u00bbdefault\u00bb width=\u00bb99.5%\u00bb global_colors_info=\u00bb{}\u00bb][\/et_pb_image][\/et_pb_column_inner][\/et_pb_row_inner][et_pb_row_inner _builder_version=\u00bb4.21.0&#8243; _module_preset=\u00bbdefault\u00bb global_colors_info=\u00bb{}\u00bb][et_pb_column_inner saved_specialty_column_type=\u00bb3_4&#8243; _builder_version=\u00bb4.21.0&#8243; _module_preset=\u00bbdefault\u00bb global_colors_info=\u00bb{}\u00bb][et_pb_image src=\u00bbhttps:\/\/www.ncrtd.org\/wp-content\/uploads\/2023\/07\/opening-celebration.png\u00bb title_text=\u00bbopening-celebration\u00bb _builder_version=\u00bb4.21.0&#8243; _module_preset=\u00bbdefault\u00bb width=\u00bb77%\u00bb module_alignment=\u00bbcenter\u00bb custom_padding=\u00bb20px||20px||false|false\u00bb global_colors_info=\u00bb{}\u00bb][\/et_pb_image][et_pb_text _builder_version=\u00bb4.21.0&#8243; _module_preset=\u00bbdefault\u00bb global_colors_info=\u00bb{}\u00bb]<\/p>\n<h2>Normas profesionales de NCRTD<\/h2>\n<p>[\/et_pb_text][et_pb_text _builder_version=\u00bb4.21.0&#8243; _module_preset=\u00bbdefault\u00bb global_colors_info=\u00bb{}\u00bb]<\/p>\n<p>Adem\u00e1s de ser competente en las responsabilidades descritas en tu descripci\u00f3n de puesto, tienes un importante papel profesional que desempe\u00f1ar en NCRTD. Para cumplir ese papel, se espera que todos los empleados practiquen las siguientes actitudes y comportamientos mientras est\u00e1n en el trabajo. <\/p>\n<ul>\n<li>Mantente como un profesional equilibrado, respetuoso y resolutivo, incluso bajo estr\u00e9s o cuando est\u00e9s fuera de tu zona de confort.<\/li>\n<li>Demuestra comportamiento y comunicaci\u00f3n dignos de confianza (integridad personal y competencia profesional, haz lo que dices que har\u00e1s, s\u00e9 fiable, s\u00e9 responsable, act\u00faa como miembro colaborador de nuestro equipo profesional).<\/li>\n<li>Muestra respeto por los compa\u00f1eros y los clientes (s\u00e9 atento, reconoce las contribuciones e inquietudes de los dem\u00e1s, mant\u00e9n la dignidad de todas las personas, empatiza, honra las diferencias, construye buenas relaciones cuando sea posible y perd\u00f3n donde sea necesario).<\/li>\n<li>Mant\u00e9n una actitud positiva y proactiva hacia las tareas, los compa\u00f1eros, la direcci\u00f3n y los clientes.<\/li>\n<li>Comun\u00edcate de forma coherente (escucha para comprender, habla para que te entiendan, sin culpar, haz preguntas).<\/li>\n<li>Demuestra flexibilidad ante los cambios y las nuevas ideas (comprende por qu\u00e9 se est\u00e1n realizando los cambios, haz preguntas sobre ellos cuando sea necesario, dales una oportunidad y ofrece comentarios cuando sea apropiado).<\/li>\n<li>S\u00e9 un custodio (1) de los recursos de nuestra organizaci\u00f3n (evita el desperdicio, sugiere ideas de ahorro de costes, cuida las cosas manteni\u00e9ndolas limpias y el \u00e1rea segura); y (2) de tu carrera personal (identifica una o dos \u00e1reas de crecimiento, aprendizaje o certificaci\u00f3n que perseguir cada a\u00f1o).<\/li>\n<\/ul>\n<p>[\/et_pb_text][et_pb_button button_url=\u00bbhttps:\/\/www.ncrtd.org\/es\/empleo-2\/ofertas-de-empleo\/\u00bb button_text=\u00bbVer ofertas de empleo\u00bb button_alignment=\u00bbcenter\u00bb _builder_version=\u00bb4.21.0&#8243; _module_preset=\u00bbdefault\u00bb global_colors_info=\u00bb{}\u00bb][\/et_pb_button][\/et_pb_column_inner][\/et_pb_row_inner][\/et_pb_column][\/et_pb_section]<\/p>\n","protected":false},"excerpt":{"rendered":"<p>En North Central Regional Transportation District, ofrecemos servicios como un equipo de profesionales respetuosos y cualificados. Nuestros clientes son lo primero. Son nuestros vecinos. Nuestra misi\u00f3n es proporcionar transporte p\u00fablico seguro, protegido y eficaz en el centro-norte de Nuevo M\u00e9xico para mejorar la calidad de vida de nuestros ciudadanos ofreciendo opciones de movilidad y estimular [&hellip;]<\/p>\n","protected":false},"author":1,"featured_media":0,"parent":0,"menu_order":0,"comment_status":"closed","ping_status":"closed","template":"","meta":{"_et_pb_use_builder":"on","_et_pb_old_content":"","_et_gb_content_width":"","footnotes":""},"class_list":["post-243982","page","type-page","status-publish","hentry"],"_links":{"self":[{"href":"https:\/\/www.ncrtd.org\/es\/wp-json\/wp\/v2\/pages\/243982","targetHints":{"allow":["GET"]}}],"collection":[{"href":"https:\/\/www.ncrtd.org\/es\/wp-json\/wp\/v2\/pages"}],"about":[{"href":"https:\/\/www.ncrtd.org\/es\/wp-json\/wp\/v2\/types\/page"}],"author":[{"embeddable":true,"href":"https:\/\/www.ncrtd.org\/es\/wp-json\/wp\/v2\/users\/1"}],"replies":[{"embeddable":true,"href":"https:\/\/www.ncrtd.org\/es\/wp-json\/wp\/v2\/comments?post=243982"}],"version-history":[{"count":2,"href":"https:\/\/www.ncrtd.org\/es\/wp-json\/wp\/v2\/pages\/243982\/revisions"}],"predecessor-version":[{"id":243984,"href":"https:\/\/www.ncrtd.org\/es\/wp-json\/wp\/v2\/pages\/243982\/revisions\/243984"}],"wp:attachment":[{"href":"https:\/\/www.ncrtd.org\/es\/wp-json\/wp\/v2\/media?parent=243982"}],"curies":[{"name":"wp","href":"https:\/\/api.w.org\/{rel}","templated":true}]}}