{"id":243985,"date":"2021-01-04T12:02:42","date_gmt":"2021-01-04T19:02:42","guid":{"rendered":"https:\/\/www.ncrtd.org\/ruta-255-mountain-trail\/"},"modified":"2026-05-06T09:19:36","modified_gmt":"2026-05-06T15:19:36","slug":"ruta-255-mountain-trail","status":"publish","type":"page","link":"https:\/\/www.ncrtd.org\/es\/ruta-255-mountain-trail\/","title":{"rendered":"Ruta 255 Mountain Trail"},"content":{"rendered":"<p>[et_pb_section fb_built=\u00bb1&#8243; fullwidth=\u00bbon\u00bb _builder_version=\u00bb4.24.0&#8243; _module_preset=\u00bbcbe6949b-fe83-485f-a967-598203880f36&#8243; width_tablet=\u00bb\u00bb width_phone=\u00bb\u00bb width_last_edited=\u00bbon|desktop\u00bb min_height_tablet=\u00bb\u00bb min_height_phone=\u00bb100px\u00bb min_height_last_edited=\u00bbon|phone\u00bb max_height=\u00bb175px\u00bb custom_margin=\u00bb140px||||false|false\u00bb custom_margin_tablet=\u00bb0px||||false|false\u00bb custom_margin_phone=\u00bb\u00bb custom_margin_last_edited=\u00bbon|desktop\u00bb global_colors_info=\u00bb{}\u00bb][et_pb_fullwidth_image src=\u00bbhttps:\/\/www.ncrtd.org\/wp-content\/uploads\/2025\/03\/ncrtd-blue-bus-2023-0930.jpg\u00bb alt=\u00bbCarretera sinuosa de Santa Fe\u00bb title_text=\u00bbncrtd-blue-bus-2023-0930&#8243; disabled_on=\u00bboff|off|off\u00bb admin_label=\u00bbbackground fullwidth image\u00bb _builder_version=\u00bb4.27.6&#8243; _module_preset=\u00bb2215b47f-c514-4736-8638-9febfca886f5&#8243; background_color=\u00bbRGBA(255,255,255,0)\u00bb min_height=\u00bb739.1px\u00bb height_phone=\u00bb723.1px\u00bb custom_margin=\u00bb||-600px||false|false\u00bb global_module=\u00bb3818&#8243; locked=\u00bboff\u00bb global_colors_info=\u00bb{}\u00bb][\/et_pb_fullwidth_image][\/et_pb_section][et_pb_section fb_built=\u00bb1&#8243; specialty=\u00bbon\u00bb padding_1_tablet=\u00bb2em|6%|2em|6%|true|true\u00bb padding_2_tablet=\u00bb2em|6%|2em|6%|true|true\u00bb padding_1_phone=\u00bb2em|8%|2em|8%|true|true\u00bb padding_2_phone=\u00bb2em|8%|2em|8%|true|true\u00bb padding_1_last_edited=\u00bbon|desktop\u00bb padding_2_last_edited=\u00bbon|tablet\u00bb module_id_1=\u00bbsidebar\u00bb module_class_1=\u00bbcontent-sidebar\u00bb module_class_2=\u00bbcontent-main\u00bb _builder_version=\u00bb4.16&#8243; _module_preset=\u00bb49fa2571-fdca-4afb-b157-c44ecc3f4485&#8243; global_colors_info=\u00bb{}\u00bb][et_pb_column type=\u00bb1_4&#8243; _builder_version=\u00bb4.16&#8243; custom_padding=\u00bb|||\u00bb global_colors_info=\u00bb{}\u00bb custom_padding__hover=\u00bb|||\u00bb][et_pb_menu menu_id=\u00bb2&#8243; _builder_version=\u00bb4.16&#8243; _module_preset=\u00bbefd0ba9f-ac50-4f8b-84a6-8e44415a3403&#8243; global_colors_info=\u00bb{}\u00bb][\/et_pb_menu][\/et_pb_column][et_pb_column type=\u00bb3_4&#8243; specialty_columns=\u00bb3&#8243; _builder_version=\u00bb4.16&#8243; custom_padding=\u00bb|||\u00bb global_colors_info=\u00bb{}\u00bb custom_padding__hover=\u00bb|||\u00bb][et_pb_row_inner admin_label=\u00bbroute snapshot\u00bb _builder_version=\u00bb4.27.5&#8243; _module_preset=\u00bbdefault\u00bb global_colors_info=\u00bb{}\u00bb][et_pb_column_inner saved_specialty_column_type=\u00bb3_4&#8243; _builder_version=\u00bb4.21.0&#8243; _module_preset=\u00bbdefault\u00bb global_colors_info=\u00bb{}\u00bb][et_pb_text _builder_version=\u00bb4.27.5&#8243; _module_preset=\u00bbdefault\u00bb global_colors_info=\u00bb{}\u00bb]<\/p>\n<p><span style=\"color: #000000;\">La ruta 255 Mountain Trail opera los 365 d\u00edas del a\u00f1o. Esta ruta es popular entre quienes disfrutan de las actividades al aire libre, como el senderismo, el ciclismo de monta\u00f1a y el esqu\u00ed, seg\u00fan la temporada. <\/span><\/p>\n<p><span style=\"color: #000000;\">Ten en cuenta lo siguiente: Debido a la capacidad limitada de asientos y a la alta demanda en algunos autobuses que prestan servicio en esta ruta, es posible que tu conductor no pueda subir a todos los pasajeros en horas punta. Prep\u00e1rate para organizar opciones de transporte alternativas si no hay asientos disponibles en el autob\u00fas. The Blue Bus se disculpa por cualquier inconveniente que esto pueda causar.  <\/span><\/p>\n<p>[\/et_pb_text][\/et_pb_column_inner][\/et_pb_row_inner][et_pb_row_inner admin_label=\u00bbAlerts\u00bb _builder_version=\u00bb4.27.5&#8243; _module_preset=\u00bbdefault\u00bb custom_margin=\u00bb20px||20px||false|false\u00bb global_colors_info=\u00bb{}\u00bb][et_pb_column_inner saved_specialty_column_type=\u00bb3_4&#8243; _builder_version=\u00bb4.27.5&#8243; _module_preset=\u00bbdefault\u00bb global_colors_info=\u00bb{}\u00bb][et_pb_text disabled_on=\u00bbon|on|on\u00bb admin_label=\u00bbStatic Service Message\u00bb _builder_version=\u00bb4.27.5&#8243; _module_preset=\u00bbdefault\u00bb custom_margin=\u00bb||10px||false|false\u00bb disabled=\u00bbon\u00bb global_colors_info=\u00bb{}\u00bb]<\/p>\n<h4><span style=\"color: #ff0000;\"><strong>RUTA TEMPORALMENTE MODIFICADA<\/strong><\/span><\/h4>\n<p>La parada de autob\u00fas X en X de North Central RTD estar\u00e1 cerrada temporalmente hasta nuevo aviso.<\/p>\n<p>[\/et_pb_text][et_pb_code admin_label=\u00bbAlertas de servicio din\u00e1micas (automatizadas)\u00bb _builder_version=\u00bb4.27.5&#8243; _module_preset=\u00bbdefault\u00bb custom_margin=\u00bb10px||10px||false|false\u00bb global_colors_info=\u00bb{}\u00bb]<\/p>\n<div id=\"bus-messages\" style=\"padding: 15px; border: 1px solid #ccc; border-radius: 8px; background: #f9f9f9; font-family: Arial, sans-serif;\"><!-- [et_pb_line_break_holder] -->    <strong>Avisos del servicio:<\/strong><!-- [et_pb_line_break_holder] -->    <\/p>\n<div id=\"bus-messages-list\" style=\"margin-top: 10px;\"><!-- [et_pb_line_break_holder] --><\/div>\n<p><!-- [et_pb_line_break_holder] --><\/div>\n<p><!-- [et_pb_line_break_holder] --><!-- [et_pb_line_break_holder] --><!-- [et_pb_line_break_holder] --><script><!-- [et_pb_line_break_holder] -->(async function () {<!-- [et_pb_line_break_holder] -->    const wrapper = document.getElementById('bus-messages');<!-- [et_pb_line_break_holder] -->    const container = document.getElementById('bus-messages-list');<!-- [et_pb_line_break_holder] -->    const ROUTE_ID = 255;<!-- [et_pb_line_break_holder] --><!-- [et_pb_line_break_holder] -->    async function updateMessages() {<!-- [et_pb_line_break_holder] -->        try {<!-- [et_pb_line_break_holder] -->            const response = await fetch(<!-- [et_pb_line_break_holder] -->                'https:\/\/bluebustracker.availtec.com\/InfoPoint\/rest\/PublicMessages\/GetCurrentMessages',<!-- [et_pb_line_break_holder] -->                { headers: { Accept: 'application\/json' } }<!-- [et_pb_line_break_holder] -->            );<!-- [et_pb_line_break_holder] --><!-- [et_pb_line_break_holder] -->            const data = await response.json();<!-- [et_pb_line_break_holder] --><!-- [et_pb_line_break_holder] -->            \/\/ Filter messages for this route<!-- [et_pb_line_break_holder] -->            const routeMessages = Array.isArray(data)<!-- [et_pb_line_break_holder] -->                ? data.filter(msg => Array.isArray(msg.Routes) && msg.Routes.includes(ROUTE_ID))<!-- [et_pb_line_break_holder] -->                : [];<!-- [et_pb_line_break_holder] --><!-- [et_pb_line_break_holder] -->            \/\/ If no alerts, hide entire section<!-- [et_pb_line_break_holder] -->            if (routeMessages.length === 0) {<!-- [et_pb_line_break_holder] -->                wrapper.style.display = 'none';<!-- [et_pb_line_break_holder] -->                return;<!-- [et_pb_line_break_holder] -->            }<!-- [et_pb_line_break_holder] --><!-- [et_pb_line_break_holder] -->            \/\/ Show alerts<!-- [et_pb_line_break_holder] -->            wrapper.style.display = 'block';<!-- [et_pb_line_break_holder] -->            container.innerHTML = routeMessages<!-- [et_pb_line_break_holder] -->                .map(msg => `<!-- [et_pb_line_break_holder] -->                    <pee style=\"margin:5px 0; padding:5px 0; border-bottom:1px solid #eee;\"><!-- [et_pb_line_break_holder] -->                        ${msg.Message}<!-- [et_pb_line_break_holder] -->                    <\/pee><!-- [et_pb_line_break_holder] -->                `)<!-- [et_pb_line_break_holder] -->                .join('');<!-- [et_pb_line_break_holder] --><!-- [et_pb_line_break_holder] -->        } catch (error) {<!-- [et_pb_line_break_holder] -->            console.error('Bus messages fetch error:', error);<!-- [et_pb_line_break_holder] -->            wrapper.style.display = 'block';<!-- [et_pb_line_break_holder] -->            container.innerHTML = '<pee>Service alerts are temporarily unavailable.<\/pee>';<!-- [et_pb_line_break_holder] -->        }<!-- [et_pb_line_break_holder] -->    }<!-- [et_pb_line_break_holder] --><!-- [et_pb_line_break_holder] -->    \/\/ Initial load<!-- [et_pb_line_break_holder] -->    await updateMessages();<!-- [et_pb_line_break_holder] --><!-- [et_pb_line_break_holder] -->    \/\/ Refresh every 60 seconds<!-- [et_pb_line_break_holder] -->    setInterval(updateMessages, 60000);<!-- [et_pb_line_break_holder] -->})();<!-- [et_pb_line_break_holder] --><\/script>[\/et_pb_code][\/et_pb_column_inner][\/et_pb_row_inner][et_pb_row_inner column_structure=\u00bb1_2,1_2&#8243; admin_label=\u00bbroute info\u00bb _builder_version=\u00bb4.27.5&#8243; _module_preset=\u00bbdefault\u00bb global_colors_info=\u00bb{}\u00bb][et_pb_column_inner type=\u00bb1_2&#8243; saved_specialty_column_type=\u00bb3_4&#8243; _builder_version=\u00bb4.21.0&#8243; _module_preset=\u00bbdefault\u00bb global_colors_info=\u00bb{}\u00bb][et_pb_text _builder_version=\u00bb4.23.4&#8243; _module_preset=\u00bbdefault\u00bb global_colors_info=\u00bb{}\u00bb]<\/p>\n<h3>Paradas principales<\/h3>\n<p>South Capitol<br \/>Centro de Santa Fe<br \/>Hyde Memorial State Park<br \/>Ski Santa Fe<\/p>\n<p>[\/et_pb_text][\/et_pb_column_inner][et_pb_column_inner type=\u00bb1_2&#8243; saved_specialty_column_type=\u00bb3_4&#8243; _builder_version=\u00bb4.21.0&#8243; _module_preset=\u00bbdefault\u00bb global_colors_info=\u00bb{}\u00bb][et_pb_text _builder_version=\u00bb4.21.0&#8243; _module_preset=\u00bbdefault\u00bb global_colors_info=\u00bb{}\u00bb]<\/p>\n<h3>Gratuito<\/h3>\n<p>La ruta 255 Mountain Trail ofrece servicio sin tarifa de lunes a domingo. <\/p>\n<p>[\/et_pb_text][\/et_pb_column_inner][\/et_pb_row_inner][et_pb_row_inner admin_label=\u00bbTimetable header\u00bb _builder_version=\u00bb4.27.5&#8243; _module_preset=\u00bbdefault\u00bb global_colors_info=\u00bb{}\u00bb][et_pb_column_inner saved_specialty_column_type=\u00bb3_4&#8243; _builder_version=\u00bb4.27.4&#8243; _module_preset=\u00bbdefault\u00bb global_colors_info=\u00bb{}\u00bb][et_pb_text _builder_version=\u00bb4.27.4&#8243; _module_preset=\u00bbdefault\u00bb global_colors_info=\u00bb{}\u00bb]<\/p>\n<h3>Horario de la ruta<\/h3>\n<p>[\/et_pb_text][\/et_pb_column_inner][\/et_pb_row_inner][et_pb_row_inner admin_label=\u00bbTimetable code\u00bb _builder_version=\u00bb4.27.5&#8243; _module_preset=\u00bbdefault\u00bb global_colors_info=\u00bb{}\u00bb][et_pb_column_inner saved_specialty_column_type=\u00bb3_4&#8243; _builder_version=\u00bb4.27.4&#8243; _module_preset=\u00bbdefault\u00bb global_colors_info=\u00bb{}\u00bb][et_pb_code disabled_on=\u00bboff|off|off\u00bb _builder_version=\u00bb4.27.6&#8243; _module_preset=\u00bbdefault\u00bb hover_enabled=\u00bb0&#8243; global_colors_info=\u00bb{}\u00bb sticky_enabled=\u00bb0&#8243;]<iframetitle mountain=\"\" trail=\"\" timetable=\"\"><!-- [et_pb_line_break_holder] --><!-- [et_pb_line_break_holder] --><scriptsrc><!-- [et_pb_line_break_holder] --><\/scriptsrc><\/iframetitle>[\/et_pb_code][\/et_pb_column_inner][\/et_pb_row_inner][et_pb_row_inner column_structure=\u00bb1_3,1_3,1_3&#8243; admin_label=\u00bbpdf schedules and links\u00bb _builder_version=\u00bb4.27.5&#8243; _module_preset=\u00bbdefault\u00bb custom_padding=\u00bb20px||20px||false|false\u00bb global_colors_info=\u00bb{}\u00bb][et_pb_column_inner type=\u00bb1_3&#8243; saved_specialty_column_type=\u00bb3_4&#8243; _builder_version=\u00bb4.21.0&#8243; _module_preset=\u00bbdefault\u00bb global_colors_info=\u00bb{}\u00bb][et_pb_button button_url=\u00bbhttps:\/\/www.ncrtd.org\/wp-content\/uploads\/2024\/12\/255-Mountain-Trail_2024-12_timetable.pdf\u00bb button_text=\u00bbHorario (PDF)\u00bb button_alignment=\u00bbcenter\u00bb _builder_version=\u00bb4.27.4&#8243; _module_preset=\u00bbdefault\u00bb custom_margin=\u00bb10px||10px||false|false\u00bb global_colors_info=\u00bb{}\u00bb][\/et_pb_button][\/et_pb_column_inner][et_pb_column_inner type=\u00bb1_3&#8243; saved_specialty_column_type=\u00bb3_4&#8243; _builder_version=\u00bb4.21.0&#8243; _module_preset=\u00bbdefault\u00bb global_colors_info=\u00bb{}\u00bb][et_pb_button button_url=\u00bbhttps:\/\/www.ncrtd.org\/wp-content\/uploads\/2024\/12\/255-Mountain-Trail-winter_2024-12.pdf\u00bb url_new_window=\u00bbon\u00bb button_text=\u00bbImprimir folleto (PDF)\u00bb button_alignment=\u00bbcenter\u00bb _builder_version=\u00bb4.27.4&#8243; _module_preset=\u00bbdefault\u00bb custom_margin=\u00bb10px||10px||false|false\u00bb global_colors_info=\u00bb{}\u00bb][\/et_pb_button][\/et_pb_column_inner][et_pb_column_inner type=\u00bb1_3&#8243; saved_specialty_column_type=\u00bb3_4&#8243; _builder_version=\u00bb4.23.4&#8243; _module_preset=\u00bbdefault\u00bb global_colors_info=\u00bb{}\u00bb][et_pb_button button_url=\u00bbhttps:\/\/bluebustracker.availtec.com\/infopoint?fullscreen=false&amp;map%5Bfilter%5D%5Broutes%5D=true&amp;map%5Bfilter%5D%5Bstops%5D=true&amp;map%5Bfilter%5D%5Bbuses%5D=true&amp;messages%5Bactive%5D=false&amp;messages%5Bfilter%5D=false&amp;routes%5Bselected%5D=255&amp;routes%5Bsearch%5D=&amp;stops%5Bactive%5D=false&amp;stops%5Bsearch%5D=\u00bb url_new_window=\u00bbon\u00bb button_text=\u00bbRastrea el Blue Bus\u00bb button_alignment=\u00bbcenter\u00bb _builder_version=\u00bb4.24.0&#8243; _module_preset=\u00bbdefault\u00bb custom_margin=\u00bb10px||10px||false|false\u00bb global_colors_info=\u00bb{}\u00bb][\/et_pb_button][\/et_pb_column_inner][\/et_pb_row_inner][et_pb_row_inner admin_label=\u00bbRoute Map\u00bb _builder_version=\u00bb4.27.5&#8243; _module_preset=\u00bbdefault\u00bb custom_margin=\u00bb20px||20px||false|false\u00bb global_colors_info=\u00bb{}\u00bb][et_pb_column_inner saved_specialty_column_type=\u00bb3_4&#8243; _builder_version=\u00bb4.27.4&#8243; _module_preset=\u00bbdefault\u00bb global_colors_info=\u00bb{}\u00bb][et_pb_text _builder_version=\u00bb4.27.4&#8243; _module_preset=\u00bbdefault\u00bb global_colors_info=\u00bb{}\u00bb]<\/p>\n<h3>Mapa de la ruta<\/h3>\n<p>[\/et_pb_text][et_pb_code _builder_version=\u00bb4.27.5&#8243; _module_preset=\u00bbdefault\u00bb global_colors_info=\u00bb{}\u00bb]<iframetitle=\"Route Map\"src=\"https:\/\/app.ride.guide\/map\/bluebus-nm-us?routeId=255\"style=\"border:0;width:100%;height:800px\"referrerpolicy=\"no-referrer-when-downgrade\"allowfullscreen=\"true\"allow=\"geolocation\"><!-- [et_pb_line_break_holder] --><\/iframe>[\/et_pb_code][\/et_pb_column_inner][\/et_pb_row_inner][et_pb_row_inner admin_label=\u00bbwinter info &#8211; tokens\u00bb _builder_version=\u00bb4.27.5&#8243; _module_preset=\u00bbdefault\u00bb custom_margin=\u00bb20px||20px||false|false\u00bb global_colors_info=\u00bb{}\u00bb][et_pb_column_inner saved_specialty_column_type=\u00bb3_4&#8243; _builder_version=\u00bb4.21.0&#8243; _module_preset=\u00bbdefault\u00bb global_colors_info=\u00bb{}\u00bb][et_pb_text _builder_version=\u00bb4.27.0&#8243; _module_preset=\u00bbdefault\u00bb global_colors_info=\u00bb{}\u00bb]<\/p>\n<h3>Informaci\u00f3n de invierno<\/h3>\n<p><span>Durante la temporada de invierno de Ski Santa Fe, se proporcionar\u00e1 una ficha al subir al autob\u00fas en direcci\u00f3n este. Ski Santa Fe aceptar\u00e1 esa ficha con un descuento de $5,00 cuando se presente para comprar forfaits, en la escuela de esqu\u00ed, la tienda de regalos y en servicios limitados de comida, con la excepci\u00f3n del alcohol.  <\/span><\/p>\n<p>[\/et_pb_text][\/et_pb_column_inner][\/et_pb_row_inner][et_pb_row_inner admin_label=\u00bbnon-winter info\u00bb _builder_version=\u00bb4.27.5&#8243; _module_preset=\u00bbdefault\u00bb custom_margin=\u00bb20px||20px||false|false\u00bb global_colors_info=\u00bb{}\u00bb][et_pb_column_inner saved_specialty_column_type=\u00bb3_4&#8243; _builder_version=\u00bb4.21.0&#8243; _module_preset=\u00bbdefault\u00bb global_colors_info=\u00bb{}\u00bb][et_pb_text _builder_version=\u00bb4.27.0&#8243; _module_preset=\u00bbdefault\u00bb global_colors_info=\u00bb{}\u00bb]<\/p>\n<h3>Informaci\u00f3n fuera de invierno<\/h3>\n<h4>Bicicletas en los autobuses<\/h4>\n<p>Durante el servicio fuera de invierno, nuestro Blue Bus 255 Mountain Trail cuenta con resistentes portabicicletas exteriores fijados en la parte delantera y trasera, que pueden alojar anchos de neum\u00e1tico de hasta 2,8\u201d.<\/p>\n<p>Los espacios se asignan por orden de llegada. No hay ning\u00fan cargo por usarlos. <\/p>\n<p>North Central RTD no se hace responsable de lesiones personales, da\u00f1os a la propiedad o p\u00e9rdida de bienes derivados del uso de los portabicicletas. No se permiten en el autob\u00fas veh\u00edculos a motor, incluidas bicicletas, ciclomotores, patinetes y Segways. <\/p>\n<p>[\/et_pb_text][et_pb_button button_url=\u00bbhttps:\/\/www.ncrtd.org\/es\/servicios\/como\/usa-el-portabicicletas\/\u00bb button_text=\u00bbM\u00e1s informaci\u00f3n sobre bicicletas en los autobuses\u00bb _builder_version=\u00bb4.27.4&#8243; _module_preset=\u00bbdefault\u00bb global_colors_info=\u00bb{}\u00bb][\/et_pb_button][\/et_pb_column_inner][\/et_pb_row_inner][et_pb_row_inner _builder_version=\u00bb4.24.0&#8243; _module_preset=\u00bbdefault\u00bb custom_margin=\u00bb10px||10px||false|false\u00bb global_colors_info=\u00bb{}\u00bb][et_pb_column_inner saved_specialty_column_type=\u00bb3_4&#8243; _builder_version=\u00bb4.16&#8243; _module_preset=\u00bbdefault\u00bb global_colors_info=\u00bb{}\u00bb][et_pb_text _builder_version=\u00bb4.27.5&#8243; _module_preset=\u00bbdefault\u00bb global_colors_info=\u00bb{}\u00bb]<\/p>\n<p>Habr\u00e1 opciones gratuitas de aparcamiento disuasorio (park and ride) para residentes locales en la estaci\u00f3n South Capitol y en el lado norte de Fort Marcy Park, en dos aparcamientos al norte y al sur de la parada de autob\u00fas situada en Murales Rd., entre Old Taos Highway y Bishop\u2019s Lodge Rd. (junto al parque de bomberos y por encima del campo de b\u00e9isbol). <\/p>\n<p><a href=\"https:\/\/www.dot.nm.gov\/travel-information\/park-and-ride-bus-shuttle-service\/new-mexico-park-and-ride-pick-up-and-drop-off-locations\/\" target=\"_blank\" rel=\"noopener\">Visita el sitio web de NMDOT<\/a><span> para ver la lista completa de ubicaciones de NM Park and Ride en el estado. O consulta el sitio web de la Ciudad de Santa Fe para ver <\/span><a href=\"https:\/\/santafenm.gov\/public-works\/parking\" target=\"_blank\" rel=\"noopener\">las ubicaciones de aparcamiento en Santa Fe.<\/a><\/p>\n<p>[\/et_pb_text][et_pb_blurb title=\u00bbLista de paradas de autob\u00fas\u00bb url=\u00bb\/wp-content\/uploads\/2021\/01\/255-Mountain-Trail-Route-Bus-Stops.pdf\u00bb url_new_window=\u00bbon\u00bb use_icon=\u00bbon\u00bb font_icon=\u00bb&#xe092;||divi||400&#8243; _builder_version=\u00bb4.16&#8243; _module_preset=\u00bb44e7b246-d2bf-4d86-a6ee-605d0c2f86a1&#8243; link_option_url=\u00bb\/wp-content\/uploads\/2021\/01\/255-Mountain-Trail-Route-Bus-Stops.pdf\u00bb link_option_url_new_window=\u00bbon\u00bb global_colors_info=\u00bb{}\u00bb]<\/p>\n<p>En direcci\u00f3n este (subida a la monta\u00f1a) y en direcci\u00f3n oeste (bajada de la monta\u00f1a)<\/p>\n<p>[\/et_pb_blurb][et_pb_blurb title=\u00bbDisfruta de este v\u00eddeo sobre la ruta y ven a viajar!!!\u00bb use_icon=\u00bbon\u00bb font_icon=\u00bb&#xe03e;||divi||400&#8243; _builder_version=\u00bb4.16&#8243; _module_preset=\u00bb44e7b246-d2bf-4d86-a6ee-605d0c2f86a1&#8243; custom_margin=\u00bb||2em||false|false\u00bb link_option_url=\u00bbhttps:\/\/www.youtube.com\/watch?v=3Iutx0j6TuM\u00bb link_option_url_new_window=\u00bbon\u00bb global_colors_info=\u00bb{}\u00bb][\/et_pb_blurb][et_pb_code _builder_version=\u00bb4.23.4&#8243; _module_preset=\u00bbdefault\u00bb custom_margin=\u00bb10px||10px||false|false\u00bb custom_padding=\u00bb5px|5px|5px|5px|false|false\u00bb global_colors_info=\u00bb{}\u00bb]<center><iframe loading=\"lazy\" width=\"560\" height=\"315\" src=\"https:\/\/www.youtube.com\/embed\/3Iutx0j6TuM?si=RBcWerRBSG71c6dH\" title=\"Reproductor de v\u00eddeo de YouTube\" frameborder=\"0\" allow=\"accelerometer; autoplay; clipboard-write; encrypted-media; gyroscope; picture-in-picture; web-share\" allowfullscreen=\"\"><\/iframe><\/center>[\/et_pb_code][et_pb_image src=\u00bbhttps:\/\/www.ncrtd.org\/wp-content\/uploads\/2021\/01\/RulesofTrail_SFNFIMBA-1.jpg\u00bb alt=\u00bbPAUTAS Y RECOMENDACIONES PARA BICICLETA DE MONTA\u00d1A\u00bb title_text=\u00bbPAUTAS Y RECOMENDACIONES PARA BICICLETA DE MONTA\u00d1A\u00bb url=\u00bb\/wp-content\/uploads\/2021\/01\/RulesofTrail_SFNFIMBA.pdf\u00bb url_new_window=\u00bbon\u00bb _builder_version=\u00bb4.16&#8243; _module_preset=\u00bbdefault\u00bb global_colors_info=\u00bb{}\u00bb][\/et_pb_image][\/et_pb_column_inner][\/et_pb_row_inner][et_pb_row_inner admin_label=\u00bbConnections\u00bb _builder_version=\u00bb4.27.5&#8243; _module_preset=\u00bbdefault\u00bb custom_margin=\u00bb20px||20px||false|false\u00bb global_colors_info=\u00bb{}\u00bb][et_pb_column_inner saved_specialty_column_type=\u00bb3_4&#8243; _builder_version=\u00bb4.27.4&#8243; _module_preset=\u00bbdefault\u00bb global_colors_info=\u00bb{}\u00bb][et_pb_text admin_label=\u00bbtitle\u00bb _builder_version=\u00bb4.27.4&#8243; _module_preset=\u00bbdefault\u00bb global_colors_info=\u00bb{}\u00bb]<\/p>\n<h3>\u00bfNecesitas servicio m\u00e1s all\u00e1 de esta ruta?<\/h3>\n<p>[\/et_pb_text][et_pb_text admin_label=\u00bblist of connections\u00bb _builder_version=\u00bb4.27.5&#8243; _module_preset=\u00bbdefault\u00bb global_colors_info=\u00bb{}\u00bb]<\/p>\n<p>Se puede acceder a las zonas no atendidas directamente por esta ruta conectando con otras rutas de The Blue Bus que prestan servicio en el \u00e1rea de <a role=\"link\" href=\"https:\/\/www.ncrtd.org\/es\/rutas-por-zona\/zona-de-santa-fe\/\" target=\"_blank\" rel=\"noopener\" aria-label=\"Santa Fe (opens in a new tab)\">Santa Fe<\/a>.<\/p>\n<p>Conecta con socios de transporte regional:<\/p>\n<ul>\n<li><a href=\"https:\/\/www.dot.nm.gov\/travel-information\/park-and-ride-bus-shuttle-service\/\" target=\"_blank\" rel=\"noopener\"><span class=\"TextRun SCXW248368739 BCX8\" lang=\"EN-US\" xml:lang=\"EN-US\" data-contrast=\"auto\"><span class=\"NormalTextRun SCXW248368739 BCX8\">NMDOT Park and Ride<\/span><\/span><\/a><\/li>\n<li><a role=\"link\" href=\"https:\/\/www.riometro.org\/395\/New-Mexico-Rail-Runner-Express\" target=\"_blank\" rel=\"noopener\" aria-label=\"NMDOT Park and Ride (opens in a new tab)\"><span class=\"TextRun SCXW248368739 BCX8\" lang=\"EN-US\" xml:lang=\"EN-US\" data-contrast=\"auto\"><span class=\"NormalTextRun SCXW248368739 BCX8\">NM Rail Runner Express (Rio Metro RTD)<\/span><\/span><\/a><\/li>\n<li><a role=\"link\" href=\"https:\/\/santafenm.gov\/public-works\/transit\/santa-fe-trails\" target=\"_blank\" rel=\"noopener\" aria-label=\"City of Santa Fe \u2013 Santa Fe Trails (opens in a new tab)\">Ciudad de Santa Fe \u2013 Santa Fe Trails<\/a><\/li>\n<li><a role=\"link\" href=\"https:\/\/santafenm.gov\/public-works\/transit\/santa-fe-ride-programs\" target=\"_blank\" rel=\"noopener\" aria-label=\"City of Santa Fe \u2013 Santa Fe Ride (opens in a new tab)\">Ciudad de Santa Fe \u2013 Santa Fe Ride<\/a><\/li>\n<\/ul>\n<ul><\/ul>\n<p>[\/et_pb_text][\/et_pb_column_inner][\/et_pb_row_inner][et_pb_row_inner column_structure=\u00bb1_3,1_3,1_3&#8243; admin_label=\u00bbcta\u00bb _builder_version=\u00bb4.27.5&#8243; _module_preset=\u00bbdefault\u00bb custom_margin=\u00bb10px||10px||false|false\u00bb global_colors_info=\u00bb{}\u00bb][et_pb_column_inner type=\u00bb1_3&#8243; saved_specialty_column_type=\u00bb3_4&#8243; _builder_version=\u00bb4.27.4&#8243; _module_preset=\u00bbdefault\u00bb global_colors_info=\u00bb{}\u00bb][et_pb_button button_url=\u00bbhttps:\/\/www.ncrtd.org\/es\/contacto\/\u00bb button_text=\u00bbCont\u00e1ctanos para asistencia con tu viaje\u00bb button_alignment=\u00bbcenter\u00bb admin_label=\u00bbtrip planning\u00bb _builder_version=\u00bb4.27.4&#8243; _module_preset=\u00bbdefault\u00bb custom_margin=\u00bb10px|10px|10px|10px|false|false\u00bb global_colors_info=\u00bb{}\u00bb][\/et_pb_button][\/et_pb_column_inner][et_pb_column_inner type=\u00bb1_3&#8243; saved_specialty_column_type=\u00bb3_4&#8243; _builder_version=\u00bb4.27.4&#8243; _module_preset=\u00bbdefault\u00bb global_colors_info=\u00bb{}\u00bb][et_pb_button button_url=\u00bbhttps:\/\/www.ncrtd.org\/es\/servicios\/como\/\u00bb button_text=\u00bb\u00bfEs tu primera vez? Empieza aqu\u00ed \u00bb button_alignment=\u00bbcenter\u00bb admin_label=\u00bbhow to ride\u00bb _builder_version=\u00bb4.27.4&#8243; _module_preset=\u00bbdefault\u00bb custom_margin=\u00bb10px|10px|10px|10px|false|false\u00bb global_colors_info=\u00bb{}\u00bb][\/et_pb_button][\/et_pb_column_inner][et_pb_column_inner type=\u00bb1_3&#8243; saved_specialty_column_type=\u00bb3_4&#8243; _builder_version=\u00bb4.27.4&#8243; _module_preset=\u00bbdefault\u00bb global_colors_info=\u00bb{}\u00bb][et_pb_button button_url=\u00bbhttps:\/\/bluebustracker.availtec.com\/infopoint?fullscreen=false&amp;map%5Bfilter%5D%5Broutes%5D=true&amp;map%5Bfilter%5D%5Bstops%5D=true&amp;map%5Bfilter%5D%5Bbuses%5D=true&amp;messages%5Bactive%5D=false&amp;messages%5Bfilter%5D=false&amp;routes%5Bselected%5D=&amp;routes%5Bsearch%5D=&amp;stops%5Bactive%5D=false&amp;stops%5Bsearch%5D=\u00bb url_new_window=\u00bbon\u00bb button_text=\u00bbRastrea el Blue Bus en tiempo real\u00bb admin_label=\u00bbreal time tracking\u00bb _builder_version=\u00bb4.27.4&#8243; _module_preset=\u00bbdefault\u00bb custom_margin=\u00bb10px||10px||false|false\u00bb global_colors_info=\u00bb{}\u00bb][\/et_pb_button][\/et_pb_column_inner][\/et_pb_row_inner][\/et_pb_column][\/et_pb_section]<\/p>\n","protected":false},"excerpt":{"rendered":"<p>La ruta 255 Mountain Trail opera los 365 d\u00edas del a\u00f1o. Esta ruta es popular entre quienes disfrutan de las actividades al aire libre, como el senderismo, el ciclismo de monta\u00f1a y el esqu\u00ed, seg\u00fan la temporada. Ten en cuenta lo siguiente: Debido a la capacidad limitada de asientos y a la alta demanda en [&hellip;]<\/p>\n","protected":false},"author":1,"featured_media":0,"parent":0,"menu_order":0,"comment_status":"closed","ping_status":"closed","template":"","meta":{"_et_pb_use_builder":"on","_et_pb_old_content":"","_et_gb_content_width":"","footnotes":""},"class_list":["post-243985","page","type-page","status-publish","hentry"],"_links":{"self":[{"href":"https:\/\/www.ncrtd.org\/es\/wp-json\/wp\/v2\/pages\/243985","targetHints":{"allow":["GET"]}}],"collection":[{"href":"https:\/\/www.ncrtd.org\/es\/wp-json\/wp\/v2\/pages"}],"about":[{"href":"https:\/\/www.ncrtd.org\/es\/wp-json\/wp\/v2\/types\/page"}],"author":[{"embeddable":true,"href":"https:\/\/www.ncrtd.org\/es\/wp-json\/wp\/v2\/users\/1"}],"replies":[{"embeddable":true,"href":"https:\/\/www.ncrtd.org\/es\/wp-json\/wp\/v2\/comments?post=243985"}],"version-history":[{"count":4,"href":"https:\/\/www.ncrtd.org\/es\/wp-json\/wp\/v2\/pages\/243985\/revisions"}],"predecessor-version":[{"id":243992,"href":"https:\/\/www.ncrtd.org\/es\/wp-json\/wp\/v2\/pages\/243985\/revisions\/243992"}],"wp:attachment":[{"href":"https:\/\/www.ncrtd.org\/es\/wp-json\/wp\/v2\/media?parent=243985"}],"curies":[{"name":"wp","href":"https:\/\/api.w.org\/{rel}","templated":true}]}}