{"id":243994,"date":"2021-07-06T15:36:28","date_gmt":"2021-07-06T21:36:28","guid":{"rendered":"https:\/\/www.ncrtd.org\/instalacion-de-mantenimiento-de-espanola\/"},"modified":"2026-05-06T09:19:48","modified_gmt":"2026-05-06T15:19:48","slug":"instalacion-de-mantenimiento-de-espanola","status":"publish","type":"page","link":"https:\/\/www.ncrtd.org\/es\/instalacion-de-mantenimiento-de-espanola\/","title":{"rendered":"Instalaci\u00f3n de Mantenimiento de Espa\u00f1ola"},"content":{"rendered":"<p>[et_pb_section fb_built=\u00bb1&#8243; fullwidth=\u00bbon\u00bb _builder_version=\u00bb4.16&#8243; _module_preset=\u00bbcbe6949b-fe83-485f-a967-598203880f36&#8243; width_tablet=\u00bb\u00bb width_phone=\u00bb\u00bb width_last_edited=\u00bbon|desktop\u00bb custom_margin=\u00bb140px||||false|false\u00bb custom_margin_tablet=\u00bb0px||||false|false\u00bb custom_margin_phone=\u00bb\u00bb custom_margin_last_edited=\u00bbon|desktop\u00bb global_colors_info=\u00bb{}\u00bb][et_pb_fullwidth_image src=\u00bbhttps:\/\/www.ncrtd.org\/wp-content\/uploads\/2021\/07\/espanola-maintenance-facility.jpg\u00bb alt=\u00bbInstalaci\u00f3n de Mantenimiento de Espa\u00f1ola\u00bb title_text=\u00bbinstalacion-mantenimiento-espanola\u00bb _builder_version=\u00bb4.16&#8243; _module_preset=\u00bb2215b47f-c514-4736-8638-9febfca886f5&#8243; global_colors_info=\u00bb{}\u00bb][\/et_pb_fullwidth_image][\/et_pb_section][et_pb_section fb_built=\u00bb1&#8243; specialty=\u00bbon\u00bb padding_1_tablet=\u00bb2em|6%|2em|6%|true|true\u00bb padding_2_tablet=\u00bb2em|6%|2em|6%|true|true\u00bb padding_1_phone=\u00bb2em|8%|2em|8%|true|true\u00bb padding_2_phone=\u00bb2em|8%|2em|8%|true|true\u00bb padding_1_last_edited=\u00bbon|desktop\u00bb padding_2_last_edited=\u00bbon|tablet\u00bb module_id_1=\u00bbsidebar\u00bb module_class_1=\u00bbcontent-sidebar\u00bb module_class_2=\u00bbcontent-main\u00bb _builder_version=\u00bb4.16&#8243; _module_preset=\u00bb49fa2571-fdca-4afb-b157-c44ecc3f4485&#8243; global_colors_info=\u00bb{}\u00bb][et_pb_column type=\u00bb1_4&#8243; _builder_version=\u00bb4.16&#8243; custom_padding=\u00bb|||\u00bb global_colors_info=\u00bb{}\u00bb custom_padding__hover=\u00bb|||\u00bb][et_pb_menu menu_id=\u00bb2&#8243; _builder_version=\u00bb4.16&#8243; _module_preset=\u00bbefd0ba9f-ac50-4f8b-84a6-8e44415a3403&#8243; global_colors_info=\u00bb{}\u00bb][\/et_pb_menu][et_pb_text _builder_version=\u00bb4.14.7&#8243; _module_preset=\u00bba5d3b840-eb6f-4446-9880-fb2e3dcbae61&#8243; global_module=\u00bb2761&#8243; saved_tabs=\u00bball\u00bb global_colors_info=\u00bb{}\u00bb]<\/p>\n<h2>CURRENT STATUS ON NCRTD ROUTES:<\/h2>\n<p><strong id=\"note\">NOTE ON DEMAND SERVICE:<\/strong><\/p>\n<p>Passengers whose route is currently operating on a temporary Demand may reserve a ride FROM any designated stop on the route TO any designated stop on the route within the service hours. Passengers must reserve a ride at least 24 hours in advance by calling 866-206-0754 ext. 2.<\/p>\n<p><strong>Please refer to the ROUTES section to determine the latest information on your route.<\/strong><\/p>\n<h3>NCRTD STATEMENT ON MEASURES IN RESPONSE TO COVID-19:<\/h3>\n<p>North Central Regional Transit District\u2019s RTD Blue Buses provide vital transportation services within north central New Mexico. The District respects that people may be feeling anxiety and concern about the safety of public transit in the regards to COVID-19; we take this very seriously. We continue to clean and disinfect our vehicles daily and regularly utilize a disinfecting fogger. Our top priorities are to continue service to the public, and to keep them and our employees healthy and safe. Thank you for partnering with us to help prevent the spread of any germs and flu.\u00a0The District asks that anyone experiencing flu symptoms refrain from boarding our vehicles. Thank you for partnering with us to help prevent the spread of any germs and flu.\u200b<\/p>\n<p><strong>FACE COVERINGS ARE ENCOURAGED.\u00a0<\/strong><\/p>\n<p>[\/et_pb_text][\/et_pb_column][et_pb_column type=\u00bb3_4&#8243; specialty_columns=\u00bb3&#8243; _builder_version=\u00bb4.16&#8243; custom_padding=\u00bb|||\u00bb global_colors_info=\u00bb{}\u00bb custom_padding__hover=\u00bb|||\u00bb][et_pb_row_inner _builder_version=\u00bb4.16&#8243; _module_preset=\u00bbdefault\u00bb global_colors_info=\u00bb{}\u00bb][et_pb_column_inner saved_specialty_column_type=\u00bb3_4&#8243; _builder_version=\u00bb4.16&#8243; _module_preset=\u00bbdefault\u00bb global_colors_info=\u00bb{}\u00bb][et_pb_image src=\u00bbhttps:\/\/www.ncrtd.org\/wp-content\/uploads\/2021\/07\/RTD-groundbreaking.jpg\u00bb alt=\u00bbColocaci\u00f3n de la primera piedra de la RTD\u00bb title_text=\u00bbRTD-colocaci\u00f3n-primera-piedra\u00bb show_in_lightbox=\u00bbon\u00bb _builder_version=\u00bb4.16&#8243; _module_preset=\u00bb08bf69b9-04e5-4905-9b68-578273dd1ba6&#8243; global_colors_info=\u00bb{}\u00bb][\/et_pb_image][et_pb_text _builder_version=\u00bb4.16&#8243; _module_preset=\u00bbdefault\u00bb global_colors_info=\u00bb{}\u00bb]<\/p>\n<p><em>En la imagen, de izquierda a derecha: Anthony Mortillaro, director ejecutivo de NCRTD; Tomas Campos, gerente del condado de R\u00edo Arriba; el vicepresidente de NCRTD y concejal de la ciudad de Espa\u00f1ola, Dennis Tim Salazar; Daniel Barrone, presidente de NCRTD y alcalde de la ciudad de Taos; la comisionada Christine Bustos, condado de R\u00edo Arriba; John Jarrard, Huitt-Zollars; Eloy M\u00e9ndez, Weil Construction; Antonio Garc\u00eda, Weil Construction; Ian Harmon, Northstar NM LLC; Jon Bulthuis, subdirector de Obras P\u00fablicas, condado de Los \u00c1lamos; Jeff Montoya, Pueblo de Pojoaque; el concejal Sean Williams, condado de Los \u00c1lamos<\/em><\/p>\n<p>[\/et_pb_text][et_pb_divider _builder_version=\u00bb4.16&#8243; _module_preset=\u00bbdefault\u00bb global_colors_info=\u00bb{}\u00bb][\/et_pb_divider][et_pb_text _builder_version=\u00bb4.16&#8243; _module_preset=\u00bbdefault\u00bb global_colors_info=\u00bb{}\u00bb]<\/p>\n<h2>NCRTD inicia la construcci\u00f3n de una nueva instalaci\u00f3n de mantenimiento, zona de lavado y estaci\u00f3n de repostaje en su sede de Espa\u00f1ola<\/h2>\n<p>El 21 de abril, el Distrito de Tr\u00e1nsito Regional del Centro-Norte (NCRTD) inici\u00f3 la construcci\u00f3n de una nueva instalaci\u00f3n de mantenimiento que incluir\u00e1 talleres de reparaci\u00f3n, equipos, zonas de lavado de veh\u00edculos y una estaci\u00f3n de repostaje.<\/p>\n<p>La instalaci\u00f3n de 1.115 metros cuadrados estar\u00e1 ubicada detr\u00e1s del Centro de Tr\u00e1nsito Regional Jim West, que sirve como sede del Distrito en Riverside Drive, Espa\u00f1ola. Se espera que el proyecto satisfaga las necesidades actuales de mantenimiento y conservaci\u00f3n de veh\u00edculos, adem\u00e1s de ser capaz de adaptarse a futuras operaciones y a la expansi\u00f3n de la flota. <\/p>\n<p>El proyecto de 10,9 millones de d\u00f3lares est\u00e1 siendo financiado por la Administraci\u00f3n Federal de Tr\u00e1nsito, que aport\u00f3 m\u00e1s del 80 por ciento de los costes, la Ley de Gastos de Capital Legislativos del Estado de Nuevo M\u00e9xico y el Impuesto sobre Ingresos Brutos del Tr\u00e1nsito Regional. Se espera que est\u00e9 terminado para el verano de 2022. <\/p>\n<p>\u201cEste es un d\u00eda hist\u00f3rico para el Distrito de Tr\u00e1nsito Regional del Centro-Norte\u201d, afirm\u00f3 Daniel Barrone, presidente de NCRTD y alcalde de la ciudad de Taos. \u201cAl iniciar la construcci\u00f3n, abrimos un nuevo cap\u00edtulo en la historia de progreso del Distrito y proporcionamos movilidad a la gente del norte de Nuevo M\u00e9xico. Me gustar\u00eda agradecer especialmente a la Administraci\u00f3n Federal de Tr\u00e1nsito, a nuestros legisladores estatales y a la Divisi\u00f3n de Tr\u00e1nsito y Ferrocarriles del Departamento de Transporte de Nuevo M\u00e9xico por su visi\u00f3n, que ha hecho posible este d\u00eda\u201d. <\/p>\n<p>La Divisi\u00f3n de Tr\u00e1nsito y Ferrocarriles del Departamento de Transporte de Nuevo M\u00e9xico trabaj\u00f3 con NCRTD en el proceso de solicitud federal y transferir\u00e1 gran parte de los fondos federales. Los arquitectos del proyecto son Huitt-Zollars, Inc. y los contratistas de construcci\u00f3n son Weil Construction, Inc., ambos con sede en Albuquerque. <\/p>\n<p>[\/et_pb_text][et_pb_divider _builder_version=\u00bb4.16&#8243; _module_preset=\u00bbdefault\u00bb global_colors_info=\u00bb{}\u00bb][\/et_pb_divider][et_pb_text _builder_version=\u00bb4.16&#8243; _module_preset=\u00bbdefault\u00bb global_colors_info=\u00bb{}\u00bb]<\/p>\n<h2>Ver v\u00eddeos del progreso<\/h2>\n<p>[\/et_pb_text][et_pb_video_slider _builder_version=\u00bb4.17.6&#8243; _module_preset=\u00bbdefault\u00bb hover_enabled=\u00bb0&#8243; global_colors_info=\u00bb{}\u00bb sticky_enabled=\u00bb0&#8243;][et_pb_video_slider_item src=\u00bbhttps:\/\/youtu.be\/9GrUGCRvIzE\u00bb _builder_version=\u00bb4.17.6&#8243; _module_preset=\u00bbdefault\u00bb global_colors_info=\u00bb{}\u00bb show_image_overlay=\u00bboff\u00bb][\/et_pb_video_slider_item][et_pb_video_slider_item src=\u00bbhttps:\/\/youtu.be\/w_9VuAJlzFQ\u00bb _builder_version=\u00bb4.17.4&#8243; _module_preset=\u00bbdefault\u00bb global_colors_info=\u00bb{}\u00bb show_image_overlay=\u00bboff\u00bb][\/et_pb_video_slider_item][et_pb_video_slider_item src=\u00bbhttps:\/\/youtu.be\/0cftk5DUdMk\u00bb _builder_version=\u00bb4.14.7&#8243; _module_preset=\u00bbdefault\u00bb global_colors_info=\u00bb{}\u00bb show_image_overlay=\u00bboff\u00bb][\/et_pb_video_slider_item][et_pb_video_slider_item src=\u00bbhttps:\/\/youtu.be\/EystOOqnM8E\u00bb _builder_version=\u00bb4.10.2&#8243; _module_preset=\u00bbdefault\u00bb global_colors_info=\u00bb{}\u00bb show_image_overlay=\u00bboff\u00bb][\/et_pb_video_slider_item][et_pb_video_slider_item src=\u00bbhttps:\/\/youtu.be\/L1beRQt7ewc\u00bb _builder_version=\u00bb4.11.3&#8243; _module_preset=\u00bbdefault\u00bb global_colors_info=\u00bb{}\u00bb show_image_overlay=\u00bboff\u00bb][\/et_pb_video_slider_item][et_pb_video_slider_item src=\u00bbhttps:\/\/youtu.be\/z8wUtaRJdpQ\u00bb _builder_version=\u00bb4.14.6&#8243; _module_preset=\u00bbdefault\u00bb global_colors_info=\u00bb{}\u00bb show_image_overlay=\u00bboff\u00bb][\/et_pb_video_slider_item][et_pb_video_slider_item src=\u00bbhttps:\/\/youtu.be\/0kKUOzgTAow\u00bb _builder_version=\u00bb4.10.6&#8243; _module_preset=\u00bbdefault\u00bb global_colors_info=\u00bb{}\u00bb show_image_overlay=\u00bboff\u00bb][\/et_pb_video_slider_item][et_pb_video_slider_item src=\u00bbhttps:\/\/www.youtube.com\/watch?v=2A5F0jWUSKo\u00bb _builder_version=\u00bb4.9.7&#8243; _module_preset=\u00bbdefault\u00bb global_colors_info=\u00bb{}\u00bb show_image_overlay=\u00bboff\u00bb][\/et_pb_video_slider_item][et_pb_video_slider_item src=\u00bbhttps:\/\/youtu.be\/QGrv-u14wXk\u00bb _builder_version=\u00bb4.10.8&#8243; _module_preset=\u00bbdefault\u00bb global_colors_info=\u00bb{}\u00bb show_image_overlay=\u00bboff\u00bb][\/et_pb_video_slider_item][et_pb_video_slider_item src=\u00bbhttps:\/\/www.youtube.com\/watch?v=YnH184cwAaA\u00bb _builder_version=\u00bb4.9.7&#8243; _module_preset=\u00bbdefault\u00bb global_colors_info=\u00bb{}\u00bb show_image_overlay=\u00bboff\u00bb][\/et_pb_video_slider_item][et_pb_video_slider_item src=\u00bbhttps:\/\/www.youtube.com\/watch?v=Gsrvfy3xRFE\u00bb _builder_version=\u00bb4.9.7&#8243; _module_preset=\u00bbdefault\u00bb global_colors_info=\u00bb{}\u00bb show_image_overlay=\u00bboff\u00bb][\/et_pb_video_slider_item][et_pb_video_slider_item src=\u00bbhttps:\/\/youtu.be\/LFLb2hoTh0g\u00bb _builder_version=\u00bb4.9.10&#8243; _module_preset=\u00bbdefault\u00bb global_colors_info=\u00bb{}\u00bb show_image_overlay=\u00bboff\u00bb][\/et_pb_video_slider_item][et_pb_video_slider_item src=\u00bbhttps:\/\/youtu.be\/i-ylyvlAlPI\u00bb _builder_version=\u00bb4.9.10&#8243; _module_preset=\u00bbdefault\u00bb global_colors_info=\u00bb{}\u00bb show_image_overlay=\u00bboff\u00bb][\/et_pb_video_slider_item][\/et_pb_video_slider][et_pb_divider _builder_version=\u00bb4.16&#8243; _module_preset=\u00bbdefault\u00bb global_colors_info=\u00bb{}\u00bb][\/et_pb_divider][et_pb_image src=\u00bbhttps:\/\/www.ncrtd.org\/wp-content\/uploads\/2021\/07\/espanola-maintenance-facility.jpg\u00bb alt=\u00bbInstalaci\u00f3n de Mantenimiento de Espa\u00f1ola\u00bb title_text=\u00bbinstalacion-mantenimiento-espanola\u00bb show_in_lightbox=\u00bbon\u00bb _builder_version=\u00bb4.16&#8243; _module_preset=\u00bb08bf69b9-04e5-4905-9b68-578273dd1ba6&#8243; global_colors_info=\u00bb{}\u00bb][\/et_pb_image][\/et_pb_column_inner][\/et_pb_row_inner][\/et_pb_column][\/et_pb_section]<\/p>\n","protected":false},"excerpt":{"rendered":"<p>CURRENT STATUS ON NCRTD ROUTES: NOTE ON DEMAND SERVICE: Passengers whose route is currently operating on a temporary Demand may reserve a ride FROM any designated stop on the route TO any designated stop on the route within the service hours. Passengers must reserve a ride at least 24 hours in advance by calling 866-206-0754 [&hellip;]<\/p>\n","protected":false},"author":1,"featured_media":0,"parent":0,"menu_order":0,"comment_status":"closed","ping_status":"closed","template":"","meta":{"_et_pb_use_builder":"on","_et_pb_old_content":"","_et_gb_content_width":"","footnotes":""},"class_list":["post-243994","page","type-page","status-publish","hentry"],"_links":{"self":[{"href":"https:\/\/www.ncrtd.org\/es\/wp-json\/wp\/v2\/pages\/243994","targetHints":{"allow":["GET"]}}],"collection":[{"href":"https:\/\/www.ncrtd.org\/es\/wp-json\/wp\/v2\/pages"}],"about":[{"href":"https:\/\/www.ncrtd.org\/es\/wp-json\/wp\/v2\/types\/page"}],"author":[{"embeddable":true,"href":"https:\/\/www.ncrtd.org\/es\/wp-json\/wp\/v2\/users\/1"}],"replies":[{"embeddable":true,"href":"https:\/\/www.ncrtd.org\/es\/wp-json\/wp\/v2\/comments?post=243994"}],"version-history":[{"count":8,"href":"https:\/\/www.ncrtd.org\/es\/wp-json\/wp\/v2\/pages\/243994\/revisions"}],"predecessor-version":[{"id":244009,"href":"https:\/\/www.ncrtd.org\/es\/wp-json\/wp\/v2\/pages\/243994\/revisions\/244009"}],"wp:attachment":[{"href":"https:\/\/www.ncrtd.org\/es\/wp-json\/wp\/v2\/media?parent=243994"}],"curies":[{"name":"wp","href":"https:\/\/api.w.org\/{rel}","templated":true}]}}