{"id":244002,"date":"2023-09-07T17:02:15","date_gmt":"2023-09-07T23:02:15","guid":{"rendered":"https:\/\/www.ncrtd.org\/proyectos-plan-de-mejora-de-capital-de-la-rtd-del-centro-norte\/"},"modified":"2026-05-06T09:19:48","modified_gmt":"2026-05-06T15:19:48","slug":"proyectos-plan-de-mejora-de-capital-de-la-rtd-del-centro-norte","status":"publish","type":"page","link":"https:\/\/www.ncrtd.org\/es\/proyectos-plan-de-mejora-de-capital-de-la-rtd-del-centro-norte\/","title":{"rendered":"Proyectos | Plan de Mejora de Capital de la RTD del Centro-Norte"},"content":{"rendered":"<p>[et_pb_section fb_built=\u00bb1&#8243; fullwidth=\u00bbon\u00bb _builder_version=\u00bb4.16&#8243; _module_preset=\u00bbcbe6949b-fe83-485f-a967-598203880f36&#8243; width_tablet=\u00bb\u00bb width_phone=\u00bb\u00bb width_last_edited=\u00bbon|desktop\u00bb custom_margin=\u00bb140px||||false|false\u00bb custom_margin_tablet=\u00bb0px||||false|false\u00bb custom_margin_phone=\u00bb\u00bb custom_margin_last_edited=\u00bbon|desktop\u00bb global_colors_info=\u00bb{}\u00bb][et_pb_fullwidth_image src=\u00bbhttps:\/\/www.ncrtd.org\/wp-content\/uploads\/2023\/07\/bus-river-square.png\u00bb alt=\u00bbInstalaci\u00f3n de Mantenimiento de Espa\u00f1ola\u00bb title_text=\u00bbbus-river-square\u00bb _builder_version=\u00bb4.22.2&#8243; _module_preset=\u00bb2215b47f-c514-4736-8638-9febfca886f5&#8243; global_colors_info=\u00bb{}\u00bb][\/et_pb_fullwidth_image][\/et_pb_section][et_pb_section fb_built=\u00bb1&#8243; specialty=\u00bbon\u00bb padding_1_tablet=\u00bb2em|6%|2em|6%|true|true\u00bb padding_2_tablet=\u00bb2em|6%|2em|6%|true|true\u00bb padding_1_phone=\u00bb2em|8%|2em|8%|true|true\u00bb padding_2_phone=\u00bb2em|8%|2em|8%|true|true\u00bb padding_1_last_edited=\u00bbon|desktop\u00bb padding_2_last_edited=\u00bbon|tablet\u00bb module_id_1=\u00bbsidebar\u00bb module_class_1=\u00bbcontent-sidebar\u00bb module_class_2=\u00bbcontent-main\u00bb _builder_version=\u00bb4.16&#8243; _module_preset=\u00bb49fa2571-fdca-4afb-b157-c44ecc3f4485&#8243; global_colors_info=\u00bb{}\u00bb][et_pb_column type=\u00bb1_4&#8243; _builder_version=\u00bb4.16&#8243; custom_padding=\u00bb|||\u00bb global_colors_info=\u00bb{}\u00bb custom_padding__hover=\u00bb|||\u00bb][et_pb_menu menu_id=\u00bb2&#8243; _builder_version=\u00bb4.16&#8243; _module_preset=\u00bbefd0ba9f-ac50-4f8b-84a6-8e44415a3403&#8243; global_colors_info=\u00bb{}\u00bb][\/et_pb_menu][et_pb_text _builder_version=\u00bb4.14.7&#8243; _module_preset=\u00bba5d3b840-eb6f-4446-9880-fb2e3dcbae61&#8243; global_module=\u00bb2761&#8243; saved_tabs=\u00bball\u00bb global_colors_info=\u00bb{}\u00bb][\/et_pb_text][\/et_pb_column][et_pb_column type=\u00bb3_4&#8243; specialty_columns=\u00bb3&#8243; _builder_version=\u00bb4.16&#8243; custom_padding=\u00bb|||\u00bb global_colors_info=\u00bb{}\u00bb custom_padding__hover=\u00bb|||\u00bb][et_pb_row_inner _builder_version=\u00bb4.22.1&#8243; _module_preset=\u00bbdefault\u00bb custom_padding=\u00bb10px||20px||false|false\u00bb global_colors_info=\u00bb{}\u00bb][et_pb_column_inner saved_specialty_column_type=\u00bb3_4&#8243; _builder_version=\u00bb4.21.0&#8243; _module_preset=\u00bbdefault\u00bb global_colors_info=\u00bb{}\u00bb][et_pb_heading title=\u00bbPlan de Mejora de Capital\u00bb _builder_version=\u00bb4.22.1&#8243; _module_preset=\u00bbdefault\u00bb title_text_color=\u00bb#0072BA\u00bb global_colors_info=\u00bb{}\u00bb][\/et_pb_heading][et_pb_text _builder_version=\u00bb4.22.2&#8243; _module_preset=\u00bbdefault\u00bb custom_padding=\u00bb||20px||false|false\u00bb global_colors_info=\u00bb{}\u00bb]<\/p>\n<p><span>La RTD del Centro-Norte est\u00e1 activamente comprometida en invertir en proyectos de capital destinados a mejorar la eficiencia operativa y satisfacer las necesidades de transporte del Distrito. Estamos modernizando nuestras instalaciones y flota, mejorando las marquesinas de autob\u00fas y la conectividad en el Centro-Norte de Nuevo M\u00e9xico. El enfoque del Distrito implica iniciar proyectos de capital solo cuando se ha asegurado una financiaci\u00f3n sustancial a trav\u00e9s de una combinaci\u00f3n de subvenciones federales, estatales y\/o locales.  <\/span><\/p>\n<p>[\/et_pb_text][\/et_pb_column_inner][\/et_pb_row_inner][et_pb_row_inner column_structure=\u00bb1_3,1_3,1_3&#8243; _builder_version=\u00bb4.22.2&#8243; _module_preset=\u00bbdefault\u00bb custom_padding=\u00bb10px||10px||false|false\u00bb global_colors_info=\u00bb{}\u00bb][et_pb_column_inner type=\u00bb1_3&#8243; saved_specialty_column_type=\u00bb3_4&#8243; _builder_version=\u00bb4.22.2&#8243; _module_preset=\u00bbdefault\u00bb global_colors_info=\u00bb{}\u00bb][et_pb_image src=\u00bbhttps:\/\/www.ncrtd.org\/wp-content\/uploads\/2023\/09\/taos-facility-03.jpg\u00bb title_text=\u00bbtaos-facility-03&#8243; _builder_version=\u00bb4.22.2&#8243; _module_preset=\u00bbdefault\u00bb global_colors_info=\u00bb{}\u00bb][\/et_pb_image][et_pb_text _builder_version=\u00bb4.22.2&#8243; _module_preset=\u00bbdefault\u00bb global_colors_info=\u00bb{}\u00bb]<\/p>\n<h3><span property=\"name\">Proyecto de Instalaci\u00f3n de Operaciones y Mantenimiento de Taos<\/span><\/h3>\n<p><span>Este proyecto apoyar\u00e1 la zona de Taos mediante la construcci\u00f3n de un espacio administrativo y de mantenimiento, lo que permitir\u00e1 a Blue Bus seguir mejorando la calidad de vida de nuestras comunidades al proporcionar un sistema de transporte p\u00fablico resiliente, equitativo y eficaz.<\/span><\/p>\n<p>[\/et_pb_text][et_pb_button button_url=\u00bbhttps:\/\/www.ncrtd.org\/es\/proyectos-plan-de-mejora-de-capital-de-la-rtd-del-centro-norte\/proyecto-de-instalaciones-de-operaciones-y-mantenimiento-de-taos\/\u00bb button_text=\u00bbM\u00e1s informaci\u00f3n\u00bb _builder_version=\u00bb4.22.2&#8243; _module_preset=\u00bbdefault\u00bb custom_margin=\u00bb10px||10px||false|false\u00bb global_colors_info=\u00bb{}\u00bb][\/et_pb_button][\/et_pb_column_inner][et_pb_column_inner type=\u00bb1_3&#8243; saved_specialty_column_type=\u00bb3_4&#8243; _builder_version=\u00bb4.22.2&#8243; _module_preset=\u00bbdefault\u00bb global_colors_info=\u00bb{}\u00bb][et_pb_image src=\u00bbhttps:\/\/www.ncrtd.org\/wp-content\/uploads\/2023\/09\/electric-bus.png\u00bb title_text=\u00bbelectric-bus\u00bb _builder_version=\u00bb4.22.2&#8243; _module_preset=\u00bbdefault\u00bb global_colors_info=\u00bb{}\u00bb][\/et_pb_image][et_pb_text _builder_version=\u00bb4.22.2&#8243; _module_preset=\u00bbdefault\u00bb global_colors_info=\u00bb{}\u00bb]<\/p>\n<h3><span property=\"name\">Flota de Cero Emisiones<\/span><\/h3>\n<p><span>La RTD del Centro-Norte planea la transici\u00f3n a una flota de cero emisiones. Un componente de este objetivo es reducir su huella de carbono a trav\u00e9s de autobuses de cero emisiones <br \/>(ZEB). <\/span><\/p>\n<p>[\/et_pb_text][et_pb_button button_url=\u00bbhttps:\/\/api.realfile.rtsclients.com\/PublicFiles\/26276a15be2143298dd3563ef85d442c\/6e1a225f-2073-4716-a279-bbfbb75a95a0\/2023-06-06_The-North-Central-RTD-Plans-to-Transition-to-a-Zero-Emission-Fleet.pdf\u00bb button_text=\u00bbM\u00e1s informaci\u00f3n\u00bb _builder_version=\u00bb4.22.2&#8243; _module_preset=\u00bbdefault\u00bb custom_margin=\u00bb10px||10px||false|false\u00bb custom_padding=\u00bb|1em||1em|true|true\u00bb global_colors_info=\u00bb{}\u00bb][\/et_pb_button][\/et_pb_column_inner][et_pb_column_inner type=\u00bb1_3&#8243; saved_specialty_column_type=\u00bb3_4&#8243; _builder_version=\u00bb4.22.2&#8243; _module_preset=\u00bbdefault\u00bb global_colors_info=\u00bb{}\u00bb][et_pb_image src=\u00bbhttps:\/\/www.ncrtd.org\/wp-content\/uploads\/2023\/10\/blue-bus-bus-stop.jpg\u00bb title_text=\u00bbblue-bus-bus-stop\u00bb _builder_version=\u00bb4.23&#8243; _module_preset=\u00bbdefault\u00bb hover_enabled=\u00bb0&#8243; global_colors_info=\u00bb{}\u00bb sticky_enabled=\u00bb0&#8243;][\/et_pb_image][et_pb_text _builder_version=\u00bb4.22.2&#8243; _module_preset=\u00bbdefault\u00bb global_colors_info=\u00bb{}\u00bb]<\/p>\n<h3><span property=\"name\">Pautas de Dise\u00f1o para Paradas de Autob\u00fas y Servicios<\/span><\/h3>\n<p><span>Estas pautas de dise\u00f1o nos ayudar\u00e1n a ofrecer mejores paradas de autob\u00fas en toda el \u00e1rea de servicio de Blue Bus. <\/span><\/p>\n<p>[\/et_pb_text][et_pb_button button_url=\u00bbhttps:\/\/www.ncrtd.org\/es\/proyectos-plan-de-mejora-de-capital-de-la-rtd-del-centro-norte\/mejoras-en-las-paradas-de-autobus\/\u00bb button_text=\u00bbM\u00e1s informaci\u00f3n\u00bb _builder_version=\u00bb4.22.2&#8243; _module_preset=\u00bbdefault\u00bb custom_margin=\u00bb10px||10px||false|false\u00bb global_colors_info=\u00bb{}\u00bb][\/et_pb_button][\/et_pb_column_inner][\/et_pb_row_inner][\/et_pb_column][\/et_pb_section]<\/p>\n","protected":false},"excerpt":{"rendered":"<p>La RTD del Centro-Norte est\u00e1 activamente comprometida en invertir en proyectos de capital destinados a mejorar la eficiencia operativa y satisfacer las necesidades de transporte del Distrito. Estamos modernizando nuestras instalaciones y flota, mejorando las marquesinas de autob\u00fas y la conectividad en el Centro-Norte de Nuevo M\u00e9xico. El enfoque del Distrito implica iniciar proyectos de [&hellip;]<\/p>\n","protected":false},"author":7,"featured_media":0,"parent":0,"menu_order":0,"comment_status":"closed","ping_status":"closed","template":"","meta":{"_et_pb_use_builder":"on","_et_pb_old_content":"","_et_gb_content_width":"","footnotes":""},"class_list":["post-244002","page","type-page","status-publish","hentry"],"_links":{"self":[{"href":"https:\/\/www.ncrtd.org\/es\/wp-json\/wp\/v2\/pages\/244002","targetHints":{"allow":["GET"]}}],"collection":[{"href":"https:\/\/www.ncrtd.org\/es\/wp-json\/wp\/v2\/pages"}],"about":[{"href":"https:\/\/www.ncrtd.org\/es\/wp-json\/wp\/v2\/types\/page"}],"author":[{"embeddable":true,"href":"https:\/\/www.ncrtd.org\/es\/wp-json\/wp\/v2\/users\/7"}],"replies":[{"embeddable":true,"href":"https:\/\/www.ncrtd.org\/es\/wp-json\/wp\/v2\/comments?post=244002"}],"version-history":[{"count":1,"href":"https:\/\/www.ncrtd.org\/es\/wp-json\/wp\/v2\/pages\/244002\/revisions"}],"predecessor-version":[{"id":244006,"href":"https:\/\/www.ncrtd.org\/es\/wp-json\/wp\/v2\/pages\/244002\/revisions\/244006"}],"wp:attachment":[{"href":"https:\/\/www.ncrtd.org\/es\/wp-json\/wp\/v2\/media?parent=244002"}],"curies":[{"name":"wp","href":"https:\/\/api.w.org\/{rel}","templated":true}]}}